{"id":1624,"date":"2025-06-24T09:21:42","date_gmt":"2025-06-24T09:21:42","guid":{"rendered":"https:\/\/www.chengjitoy.com\/?post_type=product&#038;p=1624"},"modified":"2025-06-30T09:56:06","modified_gmt":"2025-06-30T09:56:06","slug":"wholesale-shiny-magnetic-building-blocks-set-cj4863236","status":"publish","type":"product","link":"https:\/\/www.chengjitoy.com\/es\/product\/wholesale-shiny-magnetic-building-blocks-set-cj4863236\/","title":{"rendered":"Mayorista Bloques de Construcci\u00f3n Magn\u00e9ticos Brillantes - 4D Diamond Glowing Kids STEM Building Blocks Set"},"content":{"rendered":"<div class=\"wp-block-columns is-layout-flex wp-container-core-columns-is-layout-9d6595d7 wp-block-columns-is-layout-flex\">\n<div class=\"wp-block-column is-layout-flow wp-block-column-is-layout-flow\" style=\"flex-basis:66.66%\">\n<figure class=\"wp-block-image size-full\"><img loading=\"lazy\" decoding=\"async\" width=\"770\" height=\"1214\" sizes=\"auto, (max-width: 770px) 100vw, 770px\" src=\"https:\/\/www.chengjitoy.com\/wp-content\/uploads\/2025\/06\/details-of-shiny-magnetic-building-blocks-set-CJ-4863236-1.webp\" alt=\"detalles del juego de bloques magn\u00e9ticos brillantes CJ 4863236 (1)\" class=\"wp-image-1625\" srcset=\"https:\/\/www.chengjitoy.com\/wp-content\/uploads\/2025\/06\/details-of-shiny-magnetic-building-blocks-set-CJ-4863236-1.webp 770w, https:\/\/www.chengjitoy.com\/wp-content\/uploads\/2025\/06\/details-of-shiny-magnetic-building-blocks-set-CJ-4863236-1-190x300.webp 190w, https:\/\/www.chengjitoy.com\/wp-content\/uploads\/2025\/06\/details-of-shiny-magnetic-building-blocks-set-CJ-4863236-1-768x1211.webp 768w, https:\/\/www.chengjitoy.com\/wp-content\/uploads\/2025\/06\/details-of-shiny-magnetic-building-blocks-set-CJ-4863236-1-600x946.webp 600w\" \/><\/figure>\n\n\n\n<figure class=\"wp-block-image size-full\"><img loading=\"lazy\" decoding=\"async\" width=\"770\" height=\"1034\" sizes=\"auto, (max-width: 770px) 100vw, 770px\" src=\"https:\/\/www.chengjitoy.com\/wp-content\/uploads\/2025\/06\/details-of-shiny-magnetic-building-blocks-set-CJ-4863236-2.webp\" alt=\"detalles del juego de bloques magn\u00e9ticos brillantes CJ 4863236 (2)\" class=\"wp-image-1626\" srcset=\"https:\/\/www.chengjitoy.com\/wp-content\/uploads\/2025\/06\/details-of-shiny-magnetic-building-blocks-set-CJ-4863236-2.webp 770w, https:\/\/www.chengjitoy.com\/wp-content\/uploads\/2025\/06\/details-of-shiny-magnetic-building-blocks-set-CJ-4863236-2-223x300.webp 223w, https:\/\/www.chengjitoy.com\/wp-content\/uploads\/2025\/06\/details-of-shiny-magnetic-building-blocks-set-CJ-4863236-2-768x1031.webp 768w, https:\/\/www.chengjitoy.com\/wp-content\/uploads\/2025\/06\/details-of-shiny-magnetic-building-blocks-set-CJ-4863236-2-600x806.webp 600w\" \/><\/figure>\n\n\n\n<figure class=\"wp-block-image size-full\"><img loading=\"lazy\" decoding=\"async\" width=\"770\" height=\"2026\" sizes=\"auto, (max-width: 770px) 100vw, 770px\" src=\"https:\/\/www.chengjitoy.com\/wp-content\/uploads\/2025\/06\/details-of-shiny-magnetic-building-blocks-set-CJ-4863236-3.webp\" alt=\"detalles del juego de bloques magn\u00e9ticos brillantes CJ 4863236 (3)\" class=\"wp-image-1627\" srcset=\"https:\/\/www.chengjitoy.com\/wp-content\/uploads\/2025\/06\/details-of-shiny-magnetic-building-blocks-set-CJ-4863236-3.webp 770w, https:\/\/www.chengjitoy.com\/wp-content\/uploads\/2025\/06\/details-of-shiny-magnetic-building-blocks-set-CJ-4863236-3-114x300.webp 114w, https:\/\/www.chengjitoy.com\/wp-content\/uploads\/2025\/06\/details-of-shiny-magnetic-building-blocks-set-CJ-4863236-3-768x2021.webp 768w, https:\/\/www.chengjitoy.com\/wp-content\/uploads\/2025\/06\/details-of-shiny-magnetic-building-blocks-set-CJ-4863236-3-600x1579.webp 600w\" \/><\/figure>\n\n\n\n<figure class=\"wp-block-image size-full\"><img loading=\"lazy\" decoding=\"async\" width=\"770\" height=\"1867\" sizes=\"auto, (max-width: 770px) 100vw, 770px\" src=\"https:\/\/www.chengjitoy.com\/wp-content\/uploads\/2025\/06\/details-of-shiny-magnetic-building-blocks-set-CJ-4863236-4.webp\" alt=\"detalles del juego de bloques magn\u00e9ticos brillantes CJ 4863236 (4)\" class=\"wp-image-1628\" srcset=\"https:\/\/www.chengjitoy.com\/wp-content\/uploads\/2025\/06\/details-of-shiny-magnetic-building-blocks-set-CJ-4863236-4.webp 770w, https:\/\/www.chengjitoy.com\/wp-content\/uploads\/2025\/06\/details-of-shiny-magnetic-building-blocks-set-CJ-4863236-4-124x300.webp 124w, https:\/\/www.chengjitoy.com\/wp-content\/uploads\/2025\/06\/details-of-shiny-magnetic-building-blocks-set-CJ-4863236-4-768x1862.webp 768w, https:\/\/www.chengjitoy.com\/wp-content\/uploads\/2025\/06\/details-of-shiny-magnetic-building-blocks-set-CJ-4863236-4-600x1455.webp 600w\" \/><\/figure>\n\n\n\n<figure class=\"wp-block-image size-full\"><img loading=\"lazy\" decoding=\"async\" width=\"770\" height=\"1445\" sizes=\"auto, (max-width: 770px) 100vw, 770px\" src=\"https:\/\/www.chengjitoy.com\/wp-content\/uploads\/2025\/06\/details-of-shiny-magnetic-building-blocks-set-CJ-4863236-5.webp\" alt=\"detalles del juego de bloques magn\u00e9ticos brillantes CJ 4863236 (5)\" class=\"wp-image-1636\" srcset=\"https:\/\/www.chengjitoy.com\/wp-content\/uploads\/2025\/06\/details-of-shiny-magnetic-building-blocks-set-CJ-4863236-5.webp 770w, https:\/\/www.chengjitoy.com\/wp-content\/uploads\/2025\/06\/details-of-shiny-magnetic-building-blocks-set-CJ-4863236-5-160x300.webp 160w, https:\/\/www.chengjitoy.com\/wp-content\/uploads\/2025\/06\/details-of-shiny-magnetic-building-blocks-set-CJ-4863236-5-768x1441.webp 768w, https:\/\/www.chengjitoy.com\/wp-content\/uploads\/2025\/06\/details-of-shiny-magnetic-building-blocks-set-CJ-4863236-5-600x1126.webp 600w\" \/><\/figure>\n\n\n\n<figure class=\"wp-block-image size-full\"><img loading=\"lazy\" decoding=\"async\" width=\"770\" height=\"1653\" sizes=\"auto, (max-width: 770px) 100vw, 770px\" src=\"https:\/\/www.chengjitoy.com\/wp-content\/uploads\/2025\/06\/details-of-shiny-magnetic-building-blocks-set-CJ-4863236-6.webp\" alt=\"detalles del juego de bloques magn\u00e9ticos brillantes CJ 4863236 (6)\" class=\"wp-image-1637\" srcset=\"https:\/\/www.chengjitoy.com\/wp-content\/uploads\/2025\/06\/details-of-shiny-magnetic-building-blocks-set-CJ-4863236-6.webp 770w, https:\/\/www.chengjitoy.com\/wp-content\/uploads\/2025\/06\/details-of-shiny-magnetic-building-blocks-set-CJ-4863236-6-140x300.webp 140w, https:\/\/www.chengjitoy.com\/wp-content\/uploads\/2025\/06\/details-of-shiny-magnetic-building-blocks-set-CJ-4863236-6-768x1649.webp 768w, https:\/\/www.chengjitoy.com\/wp-content\/uploads\/2025\/06\/details-of-shiny-magnetic-building-blocks-set-CJ-4863236-6-600x1288.webp 600w\" \/><\/figure>\n\n\n\n<figure class=\"wp-block-image size-full\"><img loading=\"lazy\" decoding=\"async\" width=\"770\" height=\"1859\" sizes=\"auto, (max-width: 770px) 100vw, 770px\" src=\"https:\/\/www.chengjitoy.com\/wp-content\/uploads\/2025\/06\/details-of-shiny-magnetic-building-blocks-set-CJ-4863236-7.webp\" alt=\"detalles del juego de bloques magn\u00e9ticos brillantes CJ 4863236 (7)\" class=\"wp-image-1638\" srcset=\"https:\/\/www.chengjitoy.com\/wp-content\/uploads\/2025\/06\/details-of-shiny-magnetic-building-blocks-set-CJ-4863236-7.webp 770w, https:\/\/www.chengjitoy.com\/wp-content\/uploads\/2025\/06\/details-of-shiny-magnetic-building-blocks-set-CJ-4863236-7-124x300.webp 124w, https:\/\/www.chengjitoy.com\/wp-content\/uploads\/2025\/06\/details-of-shiny-magnetic-building-blocks-set-CJ-4863236-7-768x1854.webp 768w, https:\/\/www.chengjitoy.com\/wp-content\/uploads\/2025\/06\/details-of-shiny-magnetic-building-blocks-set-CJ-4863236-7-600x1449.webp 600w\" \/><\/figure>\n\n\n\n<figure class=\"wp-block-image size-full\"><img loading=\"lazy\" decoding=\"async\" width=\"770\" height=\"1440\" sizes=\"auto, (max-width: 770px) 100vw, 770px\" src=\"https:\/\/www.chengjitoy.com\/wp-content\/uploads\/2025\/06\/details-of-shiny-magnetic-building-blocks-set-CJ-4863236-8.webp\" alt=\"detalles del juego de bloques magn\u00e9ticos brillantes CJ 4863236 (8)\" class=\"wp-image-1639\" srcset=\"https:\/\/www.chengjitoy.com\/wp-content\/uploads\/2025\/06\/details-of-shiny-magnetic-building-blocks-set-CJ-4863236-8.webp 770w, https:\/\/www.chengjitoy.com\/wp-content\/uploads\/2025\/06\/details-of-shiny-magnetic-building-blocks-set-CJ-4863236-8-160x300.webp 160w, https:\/\/www.chengjitoy.com\/wp-content\/uploads\/2025\/06\/details-of-shiny-magnetic-building-blocks-set-CJ-4863236-8-768x1436.webp 768w, https:\/\/www.chengjitoy.com\/wp-content\/uploads\/2025\/06\/details-of-shiny-magnetic-building-blocks-set-CJ-4863236-8-600x1122.webp 600w\" \/><\/figure>\n\n\n\n<figure class=\"wp-block-image size-full\"><img loading=\"lazy\" decoding=\"async\" width=\"770\" height=\"2020\" sizes=\"auto, (max-width: 770px) 100vw, 770px\" src=\"https:\/\/www.chengjitoy.com\/wp-content\/uploads\/2025\/06\/details-of-shiny-magnetic-building-blocks-set-CJ-4863236-9.webp\" alt=\"detalles del juego de bloques magn\u00e9ticos brillantes CJ 4863236 (9)\" class=\"wp-image-1640\" srcset=\"https:\/\/www.chengjitoy.com\/wp-content\/uploads\/2025\/06\/details-of-shiny-magnetic-building-blocks-set-CJ-4863236-9.webp 770w, https:\/\/www.chengjitoy.com\/wp-content\/uploads\/2025\/06\/details-of-shiny-magnetic-building-blocks-set-CJ-4863236-9-114x300.webp 114w, https:\/\/www.chengjitoy.com\/wp-content\/uploads\/2025\/06\/details-of-shiny-magnetic-building-blocks-set-CJ-4863236-9-768x2015.webp 768w, https:\/\/www.chengjitoy.com\/wp-content\/uploads\/2025\/06\/details-of-shiny-magnetic-building-blocks-set-CJ-4863236-9-600x1574.webp 600w\" \/><\/figure>\n\n\n\n<figure class=\"wp-block-image size-full\"><img loading=\"lazy\" decoding=\"async\" width=\"770\" height=\"1094\" sizes=\"auto, (max-width: 770px) 100vw, 770px\" src=\"https:\/\/www.chengjitoy.com\/wp-content\/uploads\/2025\/06\/details-of-shiny-magnetic-building-blocks-set-CJ-4863236-10.webp\" alt=\"detalles del juego de bloques magn\u00e9ticos brillantes CJ 4863236 (10)\" class=\"wp-image-1641\" srcset=\"https:\/\/www.chengjitoy.com\/wp-content\/uploads\/2025\/06\/details-of-shiny-magnetic-building-blocks-set-CJ-4863236-10.webp 770w, https:\/\/www.chengjitoy.com\/wp-content\/uploads\/2025\/06\/details-of-shiny-magnetic-building-blocks-set-CJ-4863236-10-211x300.webp 211w, https:\/\/www.chengjitoy.com\/wp-content\/uploads\/2025\/06\/details-of-shiny-magnetic-building-blocks-set-CJ-4863236-10-768x1091.webp 768w, https:\/\/www.chengjitoy.com\/wp-content\/uploads\/2025\/06\/details-of-shiny-magnetic-building-blocks-set-CJ-4863236-10-600x852.webp 600w\" \/><\/figure>\n\n\n\n<figure class=\"wp-block-image size-full\"><img loading=\"lazy\" decoding=\"async\" width=\"770\" height=\"1757\" sizes=\"auto, (max-width: 770px) 100vw, 770px\" src=\"https:\/\/www.chengjitoy.com\/wp-content\/uploads\/2025\/06\/details-of-shiny-magnetic-building-blocks-set-CJ-4863236-11.webp\" alt=\"detalles del juego de bloques magn\u00e9ticos brillantes CJ 4863236 (11)\" class=\"wp-image-1642\" srcset=\"https:\/\/www.chengjitoy.com\/wp-content\/uploads\/2025\/06\/details-of-shiny-magnetic-building-blocks-set-CJ-4863236-11.webp 770w, https:\/\/www.chengjitoy.com\/wp-content\/uploads\/2025\/06\/details-of-shiny-magnetic-building-blocks-set-CJ-4863236-11-131x300.webp 131w, https:\/\/www.chengjitoy.com\/wp-content\/uploads\/2025\/06\/details-of-shiny-magnetic-building-blocks-set-CJ-4863236-11-768x1752.webp 768w, https:\/\/www.chengjitoy.com\/wp-content\/uploads\/2025\/06\/details-of-shiny-magnetic-building-blocks-set-CJ-4863236-11-600x1369.webp 600w\" \/><\/figure>\n<\/div>\n\n\n\n<div class=\"wp-block-column is-layout-flow wp-block-column-is-layout-flow\" style=\"flex-basis:33.33%\"><\/div>\n<\/div>\n\n\n\n<p><\/p>","protected":false},"excerpt":{"rendered":"<p>Juegos de bloques de construcci\u00f3n magn\u00e9ticos brillantes al por mayor. Cada bloque tiene una superficie de corte de diamante 4D que refleja los patrones de luz de colores, que se combina con los peque\u00f1os focos en el conjunto para crear un efecto visual impresionante. Estos bloques de construcci\u00f3n est\u00e1n dise\u00f1ados con fuertes imanes para soportar ilimitados proyectos de construcci\u00f3n en 2D y 3D. Esta serie est\u00e1 disponible en una gran variedad de estilos tem\u00e1ticos y tama\u00f1os. Adecuado para minoristas de juguetes y mayoristas de regalos. P\u00f3ngase en contacto con nosotros.<\/p>\n<h2>Especificaciones del juego de bloques de construcci\u00f3n magn\u00e9ticos brillantes<\/h2>\n<table style=\"border-collapse: collapse; width: 343.52pt;\" border=\"0\" width=\"458\" cellspacing=\"0\" cellpadding=\"0\">\n<tbody>\n<tr style=\"height: 19.50pt;\">\n<td class=\"et3\" style=\"height: 19.50pt; width: 133.75pt;\" width=\"178\" height=\"26\">Art\u00edculo No:<\/td>\n<td class=\"et4\" style=\"width: 210.00pt;\" width=\"280\">CJ-4863236<\/td>\n<\/tr>\n<tr style=\"height: 20.25pt;\">\n<td class=\"et5\" style=\"height: 20.25pt; width: 133.75pt;\" width=\"178\" height=\"27\">Paquete:<\/td>\n<td class=\"et6\" style=\"width: 210.00pt;\" width=\"280\">caja de color<\/td>\n<\/tr>\n<tr style=\"height: 19.50pt;\">\n<td class=\"et5\" style=\"height: 19.50pt; width: 133.75pt;\" width=\"178\" height=\"26\">Tama\u00f1o del paquete:<\/td>\n<td class=\"et6\" style=\"width: 210.00pt;\" width=\"280\">29\u00d77\u00d723 cm<\/td>\n<\/tr>\n<tr style=\"height: 20.25pt;\">\n<td class=\"et5\" style=\"height: 20.25pt; width: 133.75pt;\" width=\"178\" height=\"27\">Tama\u00f1o de la caja\uff1a<\/td>\n<td class=\"et6\" style=\"width: 210.00pt;\" width=\"280\">45\u00d731,5\u00d749 cm<\/td>\n<\/tr>\n<tr style=\"height: 19.50pt;\">\n<td class=\"et5\" style=\"height: 19.50pt; width: 133.75pt;\" width=\"178\" height=\"26\">Cant:<\/td>\n<td class=\"et6\" style=\"width: 210.00pt;\" width=\"280\">12 piezas<\/td>\n<\/tr>\n<tr style=\"height: 20.25pt;\">\n<td class=\"et5\" style=\"height: 20.25pt; width: 133.75pt;\" width=\"178\" height=\"27\">G.W.\/N.W.:<\/td>\n<td class=\"et6\" style=\"width: 210.00pt;\" width=\"280\">23 \/ 21,5 kg<\/td>\n<\/tr>\n<tr style=\"height: 19.50pt;\">\n<td class=\"et5\" style=\"height: 19.50pt; width: 133.75pt;\" width=\"178\" height=\"26\">Medici\u00f3n:<\/td>\n<td class=\"et6\" style=\"width: 210.00pt;\" width=\"280\">0,07 m\u00b3 \/ 2,45 pies c\u00fabicos<\/td>\n<\/tr>\n<\/tbody>\n<\/table>","protected":false},"featured_media":1643,"comment_status":"closed","ping_status":"closed","template":"","meta":{"_acf_changed":true},"product_brand":[],"product_cat":[26,30,41,24],"product_tag":[],"class_list":{"0":"post-1624","1":"product","2":"type-product","3":"status-publish","4":"has-post-thumbnail","6":"product_cat-wholesale-toys-for-all-ages","7":"product_cat-wholesale-toys-for-ages-3-and-up","8":"product_cat-wholesale-blocks-and-puzzles","9":"product_cat-wholesale-educational-toys","11":"first","12":"instock","13":"shipping-taxable","14":"product-type-simple"},"acf":[],"_links":{"self":[{"href":"https:\/\/www.chengjitoy.com\/es\/wp-json\/wp\/v2\/product\/1624","targetHints":{"allow":["GET"]}}],"collection":[{"href":"https:\/\/www.chengjitoy.com\/es\/wp-json\/wp\/v2\/product"}],"about":[{"href":"https:\/\/www.chengjitoy.com\/es\/wp-json\/wp\/v2\/types\/product"}],"replies":[{"embeddable":true,"href":"https:\/\/www.chengjitoy.com\/es\/wp-json\/wp\/v2\/comments?post=1624"}],"wp:featuredmedia":[{"embeddable":true,"href":"https:\/\/www.chengjitoy.com\/es\/wp-json\/wp\/v2\/media\/1643"}],"wp:attachment":[{"href":"https:\/\/www.chengjitoy.com\/es\/wp-json\/wp\/v2\/media?parent=1624"}],"wp:term":[{"taxonomy":"product_brand","embeddable":true,"href":"https:\/\/www.chengjitoy.com\/es\/wp-json\/wp\/v2\/product_brand?post=1624"},{"taxonomy":"product_cat","embeddable":true,"href":"https:\/\/www.chengjitoy.com\/es\/wp-json\/wp\/v2\/product_cat?post=1624"},{"taxonomy":"product_tag","embeddable":true,"href":"https:\/\/www.chengjitoy.com\/es\/wp-json\/wp\/v2\/product_tag?post=1624"}],"curies":[{"name":"wp","href":"https:\/\/api.w.org\/{rel}","templated":true}]}}