{"id":1651,"date":"2025-06-24T10:08:33","date_gmt":"2025-06-24T10:08:33","guid":{"rendered":"https:\/\/www.chengjitoy.com\/?post_type=product&#038;p=1651"},"modified":"2025-06-29T23:34:06","modified_gmt":"2025-06-29T23:34:06","slug":"wholesale-fire-truck-toy-set-cj4866075","status":"publish","type":"product","link":"https:\/\/www.chengjitoy.com\/es\/product\/wholesale-fire-truck-toy-set-cj4866075\/","title":{"rendered":"Mayorista Cami\u00f3n de Bomberos de Juguete, Con Pista Deformable, Soporte OEM\/ODM"},"content":{"rendered":"<div class=\"wp-block-columns is-layout-flex wp-container-core-columns-is-layout-9d6595d7 wp-block-columns-is-layout-flex\">\n<div class=\"wp-block-column is-layout-flow wp-block-column-is-layout-flow\" style=\"flex-basis:66.66%\">\n<figure class=\"wp-block-image size-full\"><img loading=\"lazy\" decoding=\"async\" width=\"750\" height=\"1659\" sizes=\"auto, (max-width: 750px) 100vw, 750px\" src=\"https:\/\/www.chengjitoy.com\/wp-content\/uploads\/2025\/06\/details-of-fire-truck-toy-set-CJ-4866075-1.webp\" alt=\"detalles del cami\u00f3n de bomberos juego de juguetes CJ 4866075 (1)\" class=\"wp-image-1652\" srcset=\"https:\/\/www.chengjitoy.com\/wp-content\/uploads\/2025\/06\/details-of-fire-truck-toy-set-CJ-4866075-1.webp 750w, https:\/\/www.chengjitoy.com\/wp-content\/uploads\/2025\/06\/details-of-fire-truck-toy-set-CJ-4866075-1-136x300.webp 136w, https:\/\/www.chengjitoy.com\/wp-content\/uploads\/2025\/06\/details-of-fire-truck-toy-set-CJ-4866075-1-600x1327.webp 600w\" \/><\/figure>\n\n\n\n<figure class=\"wp-block-image size-full\"><img loading=\"lazy\" decoding=\"async\" width=\"750\" height=\"982\" sizes=\"auto, (max-width: 750px) 100vw, 750px\" src=\"https:\/\/www.chengjitoy.com\/wp-content\/uploads\/2025\/06\/details-of-fire-truck-toy-set-CJ-4866075-2.webp\" alt=\"detalles del cami\u00f3n de bomberos juego de juguetes CJ 4866075 (2)\" class=\"wp-image-1653\" srcset=\"https:\/\/www.chengjitoy.com\/wp-content\/uploads\/2025\/06\/details-of-fire-truck-toy-set-CJ-4866075-2.webp 750w, https:\/\/www.chengjitoy.com\/wp-content\/uploads\/2025\/06\/details-of-fire-truck-toy-set-CJ-4866075-2-229x300.webp 229w, https:\/\/www.chengjitoy.com\/wp-content\/uploads\/2025\/06\/details-of-fire-truck-toy-set-CJ-4866075-2-600x786.webp 600w\" \/><\/figure>\n\n\n\n<figure class=\"wp-block-image size-full\"><img loading=\"lazy\" decoding=\"async\" width=\"750\" height=\"1441\" sizes=\"auto, (max-width: 750px) 100vw, 750px\" src=\"https:\/\/www.chengjitoy.com\/wp-content\/uploads\/2025\/06\/details-of-fire-truck-toy-set-CJ-4866075-3.webp\" alt=\"detalles del cami\u00f3n de bomberos juego de juguetes CJ 4866075 (3)\" class=\"wp-image-1654\" srcset=\"https:\/\/www.chengjitoy.com\/wp-content\/uploads\/2025\/06\/details-of-fire-truck-toy-set-CJ-4866075-3.webp 750w, https:\/\/www.chengjitoy.com\/wp-content\/uploads\/2025\/06\/details-of-fire-truck-toy-set-CJ-4866075-3-156x300.webp 156w, https:\/\/www.chengjitoy.com\/wp-content\/uploads\/2025\/06\/details-of-fire-truck-toy-set-CJ-4866075-3-600x1153.webp 600w\" \/><\/figure>\n\n\n\n<figure class=\"wp-block-image size-full\"><img loading=\"lazy\" decoding=\"async\" width=\"750\" height=\"1475\" sizes=\"auto, (max-width: 750px) 100vw, 750px\" src=\"https:\/\/www.chengjitoy.com\/wp-content\/uploads\/2025\/06\/details-of-fire-truck-toy-set-CJ-4866075-4.webp\" alt=\"detalles del cami\u00f3n de bomberos juego de juguetes CJ 4866075 (4)\" class=\"wp-image-1655\" srcset=\"https:\/\/www.chengjitoy.com\/wp-content\/uploads\/2025\/06\/details-of-fire-truck-toy-set-CJ-4866075-4.webp 750w, https:\/\/www.chengjitoy.com\/wp-content\/uploads\/2025\/06\/details-of-fire-truck-toy-set-CJ-4866075-4-153x300.webp 153w, https:\/\/www.chengjitoy.com\/wp-content\/uploads\/2025\/06\/details-of-fire-truck-toy-set-CJ-4866075-4-600x1180.webp 600w\" \/><\/figure>\n\n\n\n<figure class=\"wp-block-image size-full\"><img loading=\"lazy\" decoding=\"async\" width=\"750\" height=\"1525\" sizes=\"auto, (max-width: 750px) 100vw, 750px\" src=\"https:\/\/www.chengjitoy.com\/wp-content\/uploads\/2025\/06\/details-of-fire-truck-toy-set-CJ-4866075-5.webp\" alt=\"detalles del cami\u00f3n de bomberos juego de juguetes CJ 4866075 (5)\" class=\"wp-image-1664\" srcset=\"https:\/\/www.chengjitoy.com\/wp-content\/uploads\/2025\/06\/details-of-fire-truck-toy-set-CJ-4866075-5.webp 750w, https:\/\/www.chengjitoy.com\/wp-content\/uploads\/2025\/06\/details-of-fire-truck-toy-set-CJ-4866075-5-148x300.webp 148w, https:\/\/www.chengjitoy.com\/wp-content\/uploads\/2025\/06\/details-of-fire-truck-toy-set-CJ-4866075-5-600x1220.webp 600w\" \/><\/figure>\n\n\n\n<figure class=\"wp-block-image size-full\"><img loading=\"lazy\" decoding=\"async\" width=\"750\" height=\"1413\" sizes=\"auto, (max-width: 750px) 100vw, 750px\" src=\"https:\/\/www.chengjitoy.com\/wp-content\/uploads\/2025\/06\/details-of-fire-truck-toy-set-CJ-4866075-6.webp\" alt=\"detalles del cami\u00f3n de bomberos juego de juguetes CJ 4866075 (6)\" class=\"wp-image-1665\" srcset=\"https:\/\/www.chengjitoy.com\/wp-content\/uploads\/2025\/06\/details-of-fire-truck-toy-set-CJ-4866075-6.webp 750w, https:\/\/www.chengjitoy.com\/wp-content\/uploads\/2025\/06\/details-of-fire-truck-toy-set-CJ-4866075-6-159x300.webp 159w, https:\/\/www.chengjitoy.com\/wp-content\/uploads\/2025\/06\/details-of-fire-truck-toy-set-CJ-4866075-6-600x1130.webp 600w\" \/><\/figure>\n\n\n\n<figure class=\"wp-block-image size-full\"><img loading=\"lazy\" decoding=\"async\" width=\"750\" height=\"1471\" sizes=\"auto, (max-width: 750px) 100vw, 750px\" src=\"https:\/\/www.chengjitoy.com\/wp-content\/uploads\/2025\/06\/details-of-fire-truck-toy-set-CJ-4866075-7.webp\" alt=\"detalles del cami\u00f3n de bomberos juego de juguetes CJ 4866075 (7)\" class=\"wp-image-1666\" srcset=\"https:\/\/www.chengjitoy.com\/wp-content\/uploads\/2025\/06\/details-of-fire-truck-toy-set-CJ-4866075-7.webp 750w, https:\/\/www.chengjitoy.com\/wp-content\/uploads\/2025\/06\/details-of-fire-truck-toy-set-CJ-4866075-7-153x300.webp 153w, https:\/\/www.chengjitoy.com\/wp-content\/uploads\/2025\/06\/details-of-fire-truck-toy-set-CJ-4866075-7-600x1177.webp 600w\" \/><\/figure>\n\n\n\n<figure class=\"wp-block-image size-full\"><img loading=\"lazy\" decoding=\"async\" width=\"750\" height=\"1355\" sizes=\"auto, (max-width: 750px) 100vw, 750px\" src=\"https:\/\/www.chengjitoy.com\/wp-content\/uploads\/2025\/06\/details-of-fire-truck-toy-set-CJ-4866075-8.webp\" alt=\"detalles del cami\u00f3n de bomberos juego de juguetes CJ 4866075 (8)\" class=\"wp-image-1667\" srcset=\"https:\/\/www.chengjitoy.com\/wp-content\/uploads\/2025\/06\/details-of-fire-truck-toy-set-CJ-4866075-8.webp 750w, https:\/\/www.chengjitoy.com\/wp-content\/uploads\/2025\/06\/details-of-fire-truck-toy-set-CJ-4866075-8-166x300.webp 166w, https:\/\/www.chengjitoy.com\/wp-content\/uploads\/2025\/06\/details-of-fire-truck-toy-set-CJ-4866075-8-600x1084.webp 600w\" \/><\/figure>\n\n\n\n<figure class=\"wp-block-image size-full\"><img loading=\"lazy\" decoding=\"async\" width=\"750\" height=\"1275\" sizes=\"auto, (max-width: 750px) 100vw, 750px\" src=\"https:\/\/www.chengjitoy.com\/wp-content\/uploads\/2025\/06\/details-of-fire-truck-toy-set-CJ-4866075-9.webp\" alt=\"detalles del cami\u00f3n de bomberos juego de juguetes CJ 4866075 (9)\" class=\"wp-image-1668\" srcset=\"https:\/\/www.chengjitoy.com\/wp-content\/uploads\/2025\/06\/details-of-fire-truck-toy-set-CJ-4866075-9.webp 750w, https:\/\/www.chengjitoy.com\/wp-content\/uploads\/2025\/06\/details-of-fire-truck-toy-set-CJ-4866075-9-176x300.webp 176w, https:\/\/www.chengjitoy.com\/wp-content\/uploads\/2025\/06\/details-of-fire-truck-toy-set-CJ-4866075-9-600x1020.webp 600w\" \/><\/figure>\n\n\n\n<figure class=\"wp-block-image size-full\"><img loading=\"lazy\" decoding=\"async\" width=\"750\" height=\"1295\" sizes=\"auto, (max-width: 750px) 100vw, 750px\" src=\"https:\/\/www.chengjitoy.com\/wp-content\/uploads\/2025\/06\/details-of-fire-truck-toy-set-CJ-4866075-10.webp\" alt=\"detalles del cami\u00f3n de bomberos juego de juguetes CJ 4866075 (10)\" class=\"wp-image-1669\" srcset=\"https:\/\/www.chengjitoy.com\/wp-content\/uploads\/2025\/06\/details-of-fire-truck-toy-set-CJ-4866075-10.webp 750w, https:\/\/www.chengjitoy.com\/wp-content\/uploads\/2025\/06\/details-of-fire-truck-toy-set-CJ-4866075-10-174x300.webp 174w, https:\/\/www.chengjitoy.com\/wp-content\/uploads\/2025\/06\/details-of-fire-truck-toy-set-CJ-4866075-10-600x1036.webp 600w\" \/><\/figure>\n\n\n\n<figure class=\"wp-block-image size-full\"><img loading=\"lazy\" decoding=\"async\" width=\"750\" height=\"902\" sizes=\"auto, (max-width: 750px) 100vw, 750px\" src=\"https:\/\/www.chengjitoy.com\/wp-content\/uploads\/2025\/06\/details-of-fire-truck-toy-set-CJ-4866075-11.webp\" alt=\"detalles del cami\u00f3n de bomberos juego de juguetes CJ 4866075 (11)\" class=\"wp-image-1670\" srcset=\"https:\/\/www.chengjitoy.com\/wp-content\/uploads\/2025\/06\/details-of-fire-truck-toy-set-CJ-4866075-11.webp 750w, https:\/\/www.chengjitoy.com\/wp-content\/uploads\/2025\/06\/details-of-fire-truck-toy-set-CJ-4866075-11-249x300.webp 249w, https:\/\/www.chengjitoy.com\/wp-content\/uploads\/2025\/06\/details-of-fire-truck-toy-set-CJ-4866075-11-600x722.webp 600w\" \/><\/figure>\n\n\n\n<figure class=\"wp-block-image size-full\"><img loading=\"lazy\" decoding=\"async\" width=\"750\" height=\"2591\" sizes=\"auto, (max-width: 750px) 100vw, 750px\" src=\"https:\/\/www.chengjitoy.com\/wp-content\/uploads\/2025\/06\/details-of-fire-truck-toy-set-CJ-4866075-12.webp\" alt=\"detalles del cami\u00f3n de bomberos juego de juguetes CJ 4866075 (11)\" class=\"wp-image-1671\" srcset=\"https:\/\/www.chengjitoy.com\/wp-content\/uploads\/2025\/06\/details-of-fire-truck-toy-set-CJ-4866075-12.webp 750w, https:\/\/www.chengjitoy.com\/wp-content\/uploads\/2025\/06\/details-of-fire-truck-toy-set-CJ-4866075-12-87x300.webp 87w, https:\/\/www.chengjitoy.com\/wp-content\/uploads\/2025\/06\/details-of-fire-truck-toy-set-CJ-4866075-12-600x2073.webp 600w\" \/><\/figure>\n<\/div>\n\n\n\n<div class=\"wp-block-column is-layout-flow wp-block-column-is-layout-flow\" style=\"flex-basis:33.33%\"><\/div>\n<\/div>","protected":false},"excerpt":{"rendered":"<p>Mayorista de coches de bomberos. Nuestro cami\u00f3n de bomberos transformador es un best seller al por mayor, equipado con funci\u00f3n de pulverizaci\u00f3n de agua, pista de carreras, escalera telesc\u00f3pica y 4 mini veh\u00edculos de rescate, trayendo rica diversi\u00f3n de rol para los ni\u00f1os. Invitamos a los compradores B2B a comprar al por mayor. P\u00f3ngase en contacto con nosotros para obtener el mejor presupuesto del proveedor de juguetes de confianza.<\/p>\n<h2>Especificaciones del juego de juguetes de cami\u00f3n de bomberos<\/h2>\n<table style=\"border-collapse: collapse; width: 343.52pt;\" border=\"0\" width=\"458\" cellspacing=\"0\" cellpadding=\"0\">\n<tbody>\n<tr style=\"height: 19.50pt;\">\n<td class=\"et3\" style=\"height: 19.50pt; width: 133.75pt;\" width=\"178\" height=\"26\">Art\u00edculo No:<\/td>\n<td class=\"et4\" style=\"width: 210.00pt;\" width=\"280\">CJ-4866075<\/td>\n<\/tr>\n<tr style=\"height: 20.25pt;\">\n<td class=\"et5\" style=\"height: 20.25pt; width: 133.75pt;\" width=\"178\" height=\"27\">Paquete:<\/td>\n<td class=\"et6\" style=\"width: 210.00pt;\" width=\"280\">caja de color<\/td>\n<\/tr>\n<tr style=\"height: 19.50pt;\">\n<td class=\"et5\" style=\"height: 19.50pt; width: 133.75pt;\" width=\"178\" height=\"26\">Tama\u00f1o del paquete:<\/td>\n<td class=\"et6\" style=\"width: 210.00pt;\" width=\"280\">30\u00d712\u00d716 cm<\/td>\n<\/tr>\n<tr style=\"height: 20.25pt;\">\n<td class=\"et5\" style=\"height: 20.25pt; width: 133.75pt;\" width=\"178\" height=\"27\">Tama\u00f1o de la caja\uff1a<\/td>\n<td class=\"et6\" style=\"width: 210.00pt;\" width=\"280\">93\u00d739\u00d767 cm<\/td>\n<\/tr>\n<tr style=\"height: 19.50pt;\">\n<td class=\"et5\" style=\"height: 19.50pt; width: 133.75pt;\" width=\"178\" height=\"26\">Cant:<\/td>\n<td class=\"et6\" style=\"width: 210.00pt;\" width=\"280\">36 unidades<\/td>\n<\/tr>\n<tr style=\"height: 20.25pt;\">\n<td class=\"et5\" style=\"height: 20.25pt; width: 133.75pt;\" width=\"178\" height=\"27\">G.W.\/N.W.:<\/td>\n<td class=\"et6\" style=\"width: 210.00pt;\" width=\"280\">28,5 \/ 26,5 kg<\/td>\n<\/tr>\n<tr style=\"height: 19.50pt;\">\n<td class=\"et5\" style=\"height: 19.50pt; width: 133.75pt;\" width=\"178\" height=\"26\">Medici\u00f3n:<\/td>\n<td class=\"et6\" style=\"width: 210.00pt;\" width=\"280\">0,24 m\u00b3 \/ 8,58 pies c\u00fabicos<\/td>\n<\/tr>\n<\/tbody>\n<\/table>","protected":false},"featured_media":1672,"comment_status":"closed","ping_status":"closed","template":"","meta":{"_acf_changed":false},"product_brand":[],"product_cat":[26,31,94],"product_tag":[],"class_list":{"0":"post-1651","1":"product","2":"type-product","3":"status-publish","4":"has-post-thumbnail","6":"product_cat-wholesale-toys-for-all-ages","7":"product_cat-wholesale-toys-for-ages-5-and-up","8":"product_cat-wholesale-track-toy-set","10":"first","11":"instock","12":"shipping-taxable","13":"product-type-simple"},"acf":[],"_links":{"self":[{"href":"https:\/\/www.chengjitoy.com\/es\/wp-json\/wp\/v2\/product\/1651","targetHints":{"allow":["GET"]}}],"collection":[{"href":"https:\/\/www.chengjitoy.com\/es\/wp-json\/wp\/v2\/product"}],"about":[{"href":"https:\/\/www.chengjitoy.com\/es\/wp-json\/wp\/v2\/types\/product"}],"replies":[{"embeddable":true,"href":"https:\/\/www.chengjitoy.com\/es\/wp-json\/wp\/v2\/comments?post=1651"}],"wp:featuredmedia":[{"embeddable":true,"href":"https:\/\/www.chengjitoy.com\/es\/wp-json\/wp\/v2\/media\/1672"}],"wp:attachment":[{"href":"https:\/\/www.chengjitoy.com\/es\/wp-json\/wp\/v2\/media?parent=1651"}],"wp:term":[{"taxonomy":"product_brand","embeddable":true,"href":"https:\/\/www.chengjitoy.com\/es\/wp-json\/wp\/v2\/product_brand?post=1651"},{"taxonomy":"product_cat","embeddable":true,"href":"https:\/\/www.chengjitoy.com\/es\/wp-json\/wp\/v2\/product_cat?post=1651"},{"taxonomy":"product_tag","embeddable":true,"href":"https:\/\/www.chengjitoy.com\/es\/wp-json\/wp\/v2\/product_tag?post=1651"}],"curies":[{"name":"wp","href":"https:\/\/api.w.org\/{rel}","templated":true}]}}