{"id":2207,"date":"2025-07-18T09:17:53","date_gmt":"2025-07-18T09:17:53","guid":{"rendered":"https:\/\/www.chengjitoy.com\/?post_type=product&#038;p=2207"},"modified":"2025-07-23T07:52:52","modified_gmt":"2025-07-23T07:52:52","slug":"wholesale-modular-sensory-learning-toy-cj4934208","status":"publish","type":"product","link":"https:\/\/www.chengjitoy.com\/es\/product\/wholesale-modular-sensory-learning-toy-cj4934208\/","title":{"rendered":"Mayorista de Juguetes Educativos - Juguete Modular de Aprendizaje Sensorial con m\u00e1s de 12 opciones de juego"},"content":{"rendered":"<div class=\"wp-block-columns is-layout-flex wp-container-core-columns-is-layout-9d6595d7 wp-block-columns-is-layout-flex\">\n<div class=\"wp-block-column is-layout-flow wp-block-column-is-layout-flow\" style=\"flex-basis:66.66%\">\n<figure class=\"wp-block-image size-full\"><img loading=\"lazy\" decoding=\"async\" width=\"770\" height=\"1663\" sizes=\"auto, (max-width: 770px) 100vw, 770px\" src=\"https:\/\/www.chengjitoy.com\/wp-content\/uploads\/2025\/07\/Details-of-Modular-Sensory-Learning-Toy-CJ-4934208-01.webp\" alt=\"\" class=\"wp-image-2222\" srcset=\"https:\/\/www.chengjitoy.com\/wp-content\/uploads\/2025\/07\/Details-of-Modular-Sensory-Learning-Toy-CJ-4934208-01.webp 770w, https:\/\/www.chengjitoy.com\/wp-content\/uploads\/2025\/07\/Details-of-Modular-Sensory-Learning-Toy-CJ-4934208-01-139x300.webp 139w, https:\/\/www.chengjitoy.com\/wp-content\/uploads\/2025\/07\/Details-of-Modular-Sensory-Learning-Toy-CJ-4934208-01-768x1659.webp 768w, https:\/\/www.chengjitoy.com\/wp-content\/uploads\/2025\/07\/Details-of-Modular-Sensory-Learning-Toy-CJ-4934208-01-6x12.webp 6w, https:\/\/www.chengjitoy.com\/wp-content\/uploads\/2025\/07\/Details-of-Modular-Sensory-Learning-Toy-CJ-4934208-01-600x1296.webp 600w\" \/><\/figure>\n<\/div>\n\n\n\n<div class=\"wp-block-column is-layout-flow wp-block-column-is-layout-flow\" style=\"flex-basis:33.33%\"><\/div>\n<\/div>\n\n\n\n<div class=\"wp-block-columns is-layout-flex wp-container-core-columns-is-layout-9d6595d7 wp-block-columns-is-layout-flex\">\n<div class=\"wp-block-column is-layout-flow wp-block-column-is-layout-flow\" style=\"flex-basis:66.66%\">\n<figure class=\"wp-block-image size-full\"><img loading=\"lazy\" decoding=\"async\" width=\"770\" height=\"1578\" sizes=\"auto, (max-width: 770px) 100vw, 770px\" src=\"https:\/\/www.chengjitoy.com\/wp-content\/uploads\/2025\/07\/Details-of-Modular-Sensory-Learning-Toy-CJ-4934208-02.webp\" alt=\"\" class=\"wp-image-2223\" srcset=\"https:\/\/www.chengjitoy.com\/wp-content\/uploads\/2025\/07\/Details-of-Modular-Sensory-Learning-Toy-CJ-4934208-02.webp 770w, https:\/\/www.chengjitoy.com\/wp-content\/uploads\/2025\/07\/Details-of-Modular-Sensory-Learning-Toy-CJ-4934208-02-146x300.webp 146w, https:\/\/www.chengjitoy.com\/wp-content\/uploads\/2025\/07\/Details-of-Modular-Sensory-Learning-Toy-CJ-4934208-02-768x1574.webp 768w, https:\/\/www.chengjitoy.com\/wp-content\/uploads\/2025\/07\/Details-of-Modular-Sensory-Learning-Toy-CJ-4934208-02-6x12.webp 6w, https:\/\/www.chengjitoy.com\/wp-content\/uploads\/2025\/07\/Details-of-Modular-Sensory-Learning-Toy-CJ-4934208-02-600x1230.webp 600w\" \/><\/figure>\n<\/div>\n\n\n\n<div class=\"wp-block-column is-layout-flow wp-block-column-is-layout-flow\" style=\"flex-basis:33.33%\"><\/div>\n<\/div>\n\n\n\n<div class=\"wp-block-columns is-layout-flex wp-container-core-columns-is-layout-9d6595d7 wp-block-columns-is-layout-flex\">\n<div class=\"wp-block-column is-layout-flow wp-block-column-is-layout-flow\" style=\"flex-basis:66.66%\">\n<figure class=\"wp-block-image size-full\"><img loading=\"lazy\" decoding=\"async\" width=\"770\" height=\"1436\" sizes=\"auto, (max-width: 770px) 100vw, 770px\" src=\"https:\/\/www.chengjitoy.com\/wp-content\/uploads\/2025\/07\/Details-of-Modular-Sensory-Learning-Toy-CJ-4934208-03.webp\" alt=\"\" class=\"wp-image-2224\" srcset=\"https:\/\/www.chengjitoy.com\/wp-content\/uploads\/2025\/07\/Details-of-Modular-Sensory-Learning-Toy-CJ-4934208-03.webp 770w, https:\/\/www.chengjitoy.com\/wp-content\/uploads\/2025\/07\/Details-of-Modular-Sensory-Learning-Toy-CJ-4934208-03-161x300.webp 161w, https:\/\/www.chengjitoy.com\/wp-content\/uploads\/2025\/07\/Details-of-Modular-Sensory-Learning-Toy-CJ-4934208-03-768x1432.webp 768w, https:\/\/www.chengjitoy.com\/wp-content\/uploads\/2025\/07\/Details-of-Modular-Sensory-Learning-Toy-CJ-4934208-03-6x12.webp 6w, https:\/\/www.chengjitoy.com\/wp-content\/uploads\/2025\/07\/Details-of-Modular-Sensory-Learning-Toy-CJ-4934208-03-600x1119.webp 600w\" \/><\/figure>\n<\/div>\n\n\n\n<div class=\"wp-block-column is-layout-flow wp-block-column-is-layout-flow\" style=\"flex-basis:33.33%\"><\/div>\n<\/div>\n\n\n\n<div class=\"wp-block-columns is-layout-flex wp-container-core-columns-is-layout-9d6595d7 wp-block-columns-is-layout-flex\">\n<div class=\"wp-block-column is-layout-flow wp-block-column-is-layout-flow\" style=\"flex-basis:66.66%\">\n<figure class=\"wp-block-image size-full\"><img loading=\"lazy\" decoding=\"async\" width=\"770\" height=\"1514\" sizes=\"auto, (max-width: 770px) 100vw, 770px\" src=\"https:\/\/www.chengjitoy.com\/wp-content\/uploads\/2025\/07\/Details-of-Modular-Sensory-Learning-Toy-CJ-4934208-04.webp\" alt=\"\" class=\"wp-image-2225\" srcset=\"https:\/\/www.chengjitoy.com\/wp-content\/uploads\/2025\/07\/Details-of-Modular-Sensory-Learning-Toy-CJ-4934208-04.webp 770w, https:\/\/www.chengjitoy.com\/wp-content\/uploads\/2025\/07\/Details-of-Modular-Sensory-Learning-Toy-CJ-4934208-04-153x300.webp 153w, https:\/\/www.chengjitoy.com\/wp-content\/uploads\/2025\/07\/Details-of-Modular-Sensory-Learning-Toy-CJ-4934208-04-768x1510.webp 768w, https:\/\/www.chengjitoy.com\/wp-content\/uploads\/2025\/07\/Details-of-Modular-Sensory-Learning-Toy-CJ-4934208-04-6x12.webp 6w, https:\/\/www.chengjitoy.com\/wp-content\/uploads\/2025\/07\/Details-of-Modular-Sensory-Learning-Toy-CJ-4934208-04-600x1180.webp 600w\" \/><\/figure>\n<\/div>\n\n\n\n<div class=\"wp-block-column is-layout-flow wp-block-column-is-layout-flow\" style=\"flex-basis:33.33%\"><\/div>\n<\/div>\n\n\n\n<div class=\"wp-block-columns is-layout-flex wp-container-core-columns-is-layout-9d6595d7 wp-block-columns-is-layout-flex\">\n<div class=\"wp-block-column is-layout-flow wp-block-column-is-layout-flow\" style=\"flex-basis:66.66%\">\n<figure class=\"wp-block-image size-full\"><img loading=\"lazy\" decoding=\"async\" width=\"770\" height=\"1436\" sizes=\"auto, (max-width: 770px) 100vw, 770px\" src=\"https:\/\/www.chengjitoy.com\/wp-content\/uploads\/2025\/07\/Details-of-Modular-Sensory-Learning-Toy-CJ-4934208-05.webp\" alt=\"\" class=\"wp-image-2226\" srcset=\"https:\/\/www.chengjitoy.com\/wp-content\/uploads\/2025\/07\/Details-of-Modular-Sensory-Learning-Toy-CJ-4934208-05.webp 770w, https:\/\/www.chengjitoy.com\/wp-content\/uploads\/2025\/07\/Details-of-Modular-Sensory-Learning-Toy-CJ-4934208-05-161x300.webp 161w, https:\/\/www.chengjitoy.com\/wp-content\/uploads\/2025\/07\/Details-of-Modular-Sensory-Learning-Toy-CJ-4934208-05-768x1432.webp 768w, https:\/\/www.chengjitoy.com\/wp-content\/uploads\/2025\/07\/Details-of-Modular-Sensory-Learning-Toy-CJ-4934208-05-6x12.webp 6w, https:\/\/www.chengjitoy.com\/wp-content\/uploads\/2025\/07\/Details-of-Modular-Sensory-Learning-Toy-CJ-4934208-05-600x1119.webp 600w\" \/><\/figure>\n<\/div>\n\n\n\n<div class=\"wp-block-column is-layout-flow wp-block-column-is-layout-flow\" style=\"flex-basis:33.33%\"><\/div>\n<\/div>\n\n\n\n<div class=\"wp-block-columns is-layout-flex wp-container-core-columns-is-layout-9d6595d7 wp-block-columns-is-layout-flex\">\n<div class=\"wp-block-column is-layout-flow wp-block-column-is-layout-flow\" style=\"flex-basis:66.66%\">\n<figure class=\"wp-block-image size-full\"><img loading=\"lazy\" decoding=\"async\" width=\"770\" height=\"1831\" sizes=\"auto, (max-width: 770px) 100vw, 770px\" src=\"https:\/\/www.chengjitoy.com\/wp-content\/uploads\/2025\/07\/Details-of-Modular-Sensory-Learning-Toy-CJ-4934208-06.webp\" alt=\"\" class=\"wp-image-2227\" srcset=\"https:\/\/www.chengjitoy.com\/wp-content\/uploads\/2025\/07\/Details-of-Modular-Sensory-Learning-Toy-CJ-4934208-06.webp 770w, https:\/\/www.chengjitoy.com\/wp-content\/uploads\/2025\/07\/Details-of-Modular-Sensory-Learning-Toy-CJ-4934208-06-126x300.webp 126w, https:\/\/www.chengjitoy.com\/wp-content\/uploads\/2025\/07\/Details-of-Modular-Sensory-Learning-Toy-CJ-4934208-06-768x1826.webp 768w, https:\/\/www.chengjitoy.com\/wp-content\/uploads\/2025\/07\/Details-of-Modular-Sensory-Learning-Toy-CJ-4934208-06-5x12.webp 5w, https:\/\/www.chengjitoy.com\/wp-content\/uploads\/2025\/07\/Details-of-Modular-Sensory-Learning-Toy-CJ-4934208-06-600x1427.webp 600w\" \/><\/figure>\n<\/div>\n\n\n\n<div class=\"wp-block-column is-layout-flow wp-block-column-is-layout-flow\" style=\"flex-basis:33.33%\"><\/div>\n<\/div>\n\n\n\n<div class=\"wp-block-columns is-layout-flex wp-container-core-columns-is-layout-9d6595d7 wp-block-columns-is-layout-flex\">\n<div class=\"wp-block-column is-layout-flow wp-block-column-is-layout-flow\" style=\"flex-basis:66.66%\">\n<figure class=\"wp-block-image size-full\"><img loading=\"lazy\" decoding=\"async\" width=\"770\" height=\"1508\" sizes=\"auto, (max-width: 770px) 100vw, 770px\" src=\"https:\/\/www.chengjitoy.com\/wp-content\/uploads\/2025\/07\/Details-of-Modular-Sensory-Learning-Toy-CJ-4934208-07.webp\" alt=\"\" class=\"wp-image-2228\" srcset=\"https:\/\/www.chengjitoy.com\/wp-content\/uploads\/2025\/07\/Details-of-Modular-Sensory-Learning-Toy-CJ-4934208-07.webp 770w, https:\/\/www.chengjitoy.com\/wp-content\/uploads\/2025\/07\/Details-of-Modular-Sensory-Learning-Toy-CJ-4934208-07-153x300.webp 153w, https:\/\/www.chengjitoy.com\/wp-content\/uploads\/2025\/07\/Details-of-Modular-Sensory-Learning-Toy-CJ-4934208-07-768x1504.webp 768w, https:\/\/www.chengjitoy.com\/wp-content\/uploads\/2025\/07\/Details-of-Modular-Sensory-Learning-Toy-CJ-4934208-07-6x12.webp 6w, https:\/\/www.chengjitoy.com\/wp-content\/uploads\/2025\/07\/Details-of-Modular-Sensory-Learning-Toy-CJ-4934208-07-600x1175.webp 600w\" \/><\/figure>\n<\/div>\n\n\n\n<div class=\"wp-block-column is-layout-flow wp-block-column-is-layout-flow\" style=\"flex-basis:33.33%\"><\/div>\n<\/div>\n\n\n\n<div class=\"wp-block-columns is-layout-flex wp-container-core-columns-is-layout-9d6595d7 wp-block-columns-is-layout-flex\">\n<div class=\"wp-block-column is-layout-flow wp-block-column-is-layout-flow\" style=\"flex-basis:66.66%\">\n<figure class=\"wp-block-image size-full\"><img loading=\"lazy\" decoding=\"async\" width=\"770\" height=\"1501\" sizes=\"auto, (max-width: 770px) 100vw, 770px\" src=\"https:\/\/www.chengjitoy.com\/wp-content\/uploads\/2025\/07\/Details-of-Modular-Sensory-Learning-Toy-CJ-4934208-08.webp\" alt=\"\" class=\"wp-image-2229\" srcset=\"https:\/\/www.chengjitoy.com\/wp-content\/uploads\/2025\/07\/Details-of-Modular-Sensory-Learning-Toy-CJ-4934208-08.webp 770w, https:\/\/www.chengjitoy.com\/wp-content\/uploads\/2025\/07\/Details-of-Modular-Sensory-Learning-Toy-CJ-4934208-08-154x300.webp 154w, https:\/\/www.chengjitoy.com\/wp-content\/uploads\/2025\/07\/Details-of-Modular-Sensory-Learning-Toy-CJ-4934208-08-768x1497.webp 768w, https:\/\/www.chengjitoy.com\/wp-content\/uploads\/2025\/07\/Details-of-Modular-Sensory-Learning-Toy-CJ-4934208-08-6x12.webp 6w, https:\/\/www.chengjitoy.com\/wp-content\/uploads\/2025\/07\/Details-of-Modular-Sensory-Learning-Toy-CJ-4934208-08-600x1170.webp 600w\" \/><\/figure>\n<\/div>\n\n\n\n<div class=\"wp-block-column is-layout-flow wp-block-column-is-layout-flow\" style=\"flex-basis:33.33%\"><\/div>\n<\/div>\n\n\n\n<div class=\"wp-block-columns is-layout-flex wp-container-core-columns-is-layout-9d6595d7 wp-block-columns-is-layout-flex\">\n<div class=\"wp-block-column is-layout-flow wp-block-column-is-layout-flow\" style=\"flex-basis:66.66%\">\n<figure class=\"wp-block-image size-full\"><img loading=\"lazy\" decoding=\"async\" width=\"770\" height=\"787\" sizes=\"auto, (max-width: 770px) 100vw, 770px\" src=\"https:\/\/www.chengjitoy.com\/wp-content\/uploads\/2025\/07\/Details-of-Modular-Sensory-Learning-Toy-CJ-4934208-09.webp\" alt=\"\" class=\"wp-image-2230\" srcset=\"https:\/\/www.chengjitoy.com\/wp-content\/uploads\/2025\/07\/Details-of-Modular-Sensory-Learning-Toy-CJ-4934208-09.webp 770w, https:\/\/www.chengjitoy.com\/wp-content\/uploads\/2025\/07\/Details-of-Modular-Sensory-Learning-Toy-CJ-4934208-09-294x300.webp 294w, https:\/\/www.chengjitoy.com\/wp-content\/uploads\/2025\/07\/Details-of-Modular-Sensory-Learning-Toy-CJ-4934208-09-768x785.webp 768w, https:\/\/www.chengjitoy.com\/wp-content\/uploads\/2025\/07\/Details-of-Modular-Sensory-Learning-Toy-CJ-4934208-09-12x12.webp 12w, https:\/\/www.chengjitoy.com\/wp-content\/uploads\/2025\/07\/Details-of-Modular-Sensory-Learning-Toy-CJ-4934208-09-600x613.webp 600w\" \/><\/figure>\n<\/div>\n\n\n\n<div class=\"wp-block-column is-layout-flow wp-block-column-is-layout-flow\" style=\"flex-basis:33.33%\"><\/div>\n<\/div>\n\n\n\n<div class=\"wp-block-columns is-layout-flex wp-container-core-columns-is-layout-9d6595d7 wp-block-columns-is-layout-flex\">\n<div class=\"wp-block-column is-layout-flow wp-block-column-is-layout-flow\" style=\"flex-basis:66.66%\">\n<figure class=\"wp-block-image size-full\"><img loading=\"lazy\" decoding=\"async\" width=\"770\" height=\"1607\" sizes=\"auto, (max-width: 770px) 100vw, 770px\" src=\"https:\/\/www.chengjitoy.com\/wp-content\/uploads\/2025\/07\/Details-of-Modular-Sensory-Learning-Toy-CJ-4934208-10-1.webp\" alt=\"\" class=\"wp-image-2232\" srcset=\"https:\/\/www.chengjitoy.com\/wp-content\/uploads\/2025\/07\/Details-of-Modular-Sensory-Learning-Toy-CJ-4934208-10-1.webp 770w, https:\/\/www.chengjitoy.com\/wp-content\/uploads\/2025\/07\/Details-of-Modular-Sensory-Learning-Toy-CJ-4934208-10-1-144x300.webp 144w, https:\/\/www.chengjitoy.com\/wp-content\/uploads\/2025\/07\/Details-of-Modular-Sensory-Learning-Toy-CJ-4934208-10-1-768x1603.webp 768w, https:\/\/www.chengjitoy.com\/wp-content\/uploads\/2025\/07\/Details-of-Modular-Sensory-Learning-Toy-CJ-4934208-10-1-6x12.webp 6w, https:\/\/www.chengjitoy.com\/wp-content\/uploads\/2025\/07\/Details-of-Modular-Sensory-Learning-Toy-CJ-4934208-10-1-600x1252.webp 600w\" \/><\/figure>\n<\/div>\n\n\n\n<div class=\"wp-block-column is-layout-flow wp-block-column-is-layout-flow\" style=\"flex-basis:33.33%\"><\/div>\n<\/div>","protected":false},"excerpt":{"rendered":"<p>Juguetes educativos al por mayor. Este vers\u00e1til juguete modular ofrece m\u00e1s de 12 opciones de juego, desde alimentar y pescar hasta desbloquear y construir. Dise\u00f1ado para mejorar la motricidad fina, la l\u00f3gica y las capacidades cognitivas, es perfecto para el aprendizaje temprano y la exploraci\u00f3n sensorial de los beb\u00e9s.<\/p>\n<h2>Especificaciones del juguete modular de aprendizaje sensorial<\/h2>\n<table style=\"border-collapse: collapse; width: 309.02pt;\" border=\"0\" width=\"515\" cellspacing=\"0\" cellpadding=\"0\">\n<tbody>\n<tr style=\"height: 19.50pt;\">\n<td class=\"et2\" style=\"height: 19.50pt; width: 120.35pt;\" width=\"200\" height=\"32\">Art\u00edculo No:<\/td>\n<td class=\"et3\" style=\"width: 189.00pt;\" width=\"315\">CJ-4934208<\/td>\n<\/tr>\n<tr style=\"height: 20.25pt;\">\n<td class=\"et4\" style=\"height: 20.25pt; width: 120.35pt;\" width=\"200\" height=\"33\">Paquete:<\/td>\n<td class=\"et5\" style=\"width: 189.00pt;\" width=\"315\">caja de color<\/td>\n<\/tr>\n<tr style=\"height: 19.50pt;\">\n<td class=\"et4\" style=\"height: 19.50pt; width: 120.35pt;\" width=\"200\" height=\"32\">Tama\u00f1o del paquete:<\/td>\n<td class=\"et5\" style=\"width: 189.00pt;\" width=\"315\">26,5\u00d715,5\u00d717,5 cm<\/td>\n<\/tr>\n<tr style=\"height: 20.25pt;\">\n<td class=\"et4\" style=\"height: 20.25pt; width: 120.35pt;\" width=\"200\" height=\"33\">Tama\u00f1o de la caja\uff1a<\/td>\n<td class=\"et5\" style=\"width: 189.00pt;\" width=\"315\">55\u00d748\u00d772 cm<\/td>\n<\/tr>\n<tr style=\"height: 19.50pt;\">\n<td class=\"et4\" style=\"height: 19.50pt; width: 120.35pt;\" width=\"200\" height=\"32\">Cant:<\/td>\n<td class=\"et5\" style=\"width: 189.00pt;\" width=\"315\">24 unidades<\/td>\n<\/tr>\n<tr style=\"height: 19.50pt;\">\n<td class=\"et4\" style=\"height: 19.50pt; width: 120.35pt;\" width=\"200\" height=\"32\">G.W.\/N.W.:<\/td>\n<td class=\"et5\" style=\"width: 189.00pt;\" width=\"315\">15 \/ 13 kg<\/td>\n<\/tr>\n<tr style=\"height: 20.25pt;\">\n<td class=\"et4\" style=\"height: 20.25pt; width: 120.35pt;\" width=\"200\" height=\"33\">Medici\u00f3n:<\/td>\n<td class=\"et5\" style=\"width: 189.00pt;\" width=\"315\">0,19 m\u00b3 \/ 6,71 pies c\u00fabicos<\/td>\n<\/tr>\n<\/tbody>\n<\/table>","protected":false},"featured_media":2215,"comment_status":"closed","ping_status":"closed","template":"","meta":{"_acf_changed":false},"product_brand":[],"product_cat":[30,24,46],"product_tag":[],"class_list":{"0":"post-2207","1":"product","2":"type-product","3":"status-publish","4":"has-post-thumbnail","6":"product_cat-wholesale-toys-for-ages-3-and-up","7":"product_cat-wholesale-educational-toys","8":"product_cat-wholesale-other-educational-toys","10":"first","11":"instock","12":"shipping-taxable","13":"product-type-simple"},"acf":[],"_links":{"self":[{"href":"https:\/\/www.chengjitoy.com\/es\/wp-json\/wp\/v2\/product\/2207","targetHints":{"allow":["GET"]}}],"collection":[{"href":"https:\/\/www.chengjitoy.com\/es\/wp-json\/wp\/v2\/product"}],"about":[{"href":"https:\/\/www.chengjitoy.com\/es\/wp-json\/wp\/v2\/types\/product"}],"replies":[{"embeddable":true,"href":"https:\/\/www.chengjitoy.com\/es\/wp-json\/wp\/v2\/comments?post=2207"}],"wp:featuredmedia":[{"embeddable":true,"href":"https:\/\/www.chengjitoy.com\/es\/wp-json\/wp\/v2\/media\/2215"}],"wp:attachment":[{"href":"https:\/\/www.chengjitoy.com\/es\/wp-json\/wp\/v2\/media?parent=2207"}],"wp:term":[{"taxonomy":"product_brand","embeddable":true,"href":"https:\/\/www.chengjitoy.com\/es\/wp-json\/wp\/v2\/product_brand?post=2207"},{"taxonomy":"product_cat","embeddable":true,"href":"https:\/\/www.chengjitoy.com\/es\/wp-json\/wp\/v2\/product_cat?post=2207"},{"taxonomy":"product_tag","embeddable":true,"href":"https:\/\/www.chengjitoy.com\/es\/wp-json\/wp\/v2\/product_tag?post=2207"}],"curies":[{"name":"wp","href":"https:\/\/api.w.org\/{rel}","templated":true}]}}