{"id":2675,"date":"2025-09-12T02:05:15","date_gmt":"2025-09-12T02:05:15","guid":{"rendered":"https:\/\/www.chengjitoy.com\/?post_type=product&#038;p=2675"},"modified":"2026-02-05T03:51:17","modified_gmt":"2026-02-05T03:51:17","slug":"bulk-porous-electric-bubble-gun-toys","status":"publish","type":"product","link":"https:\/\/www.chengjitoy.com\/es\/product\/bulk-porous-electric-bubble-gun-toys\/","title":{"rendered":"Pistola de burbujas el\u00e9ctrica porosa al por mayor \u2013 Luces LED incorporadas"},"content":{"rendered":"<div class=\"wp-block-columns is-layout-flex wp-container-core-columns-is-layout-9d6595d7 wp-block-columns-is-layout-flex\">\n<div class=\"wp-block-column is-layout-flow wp-block-column-is-layout-flow\" style=\"flex-basis:66.66%\">\n<figure class=\"wp-block-image size-full\"><img loading=\"lazy\" decoding=\"async\" width=\"770\" height=\"1707\" sizes=\"auto, (max-width: 770px) 100vw, 770px\" src=\"https:\/\/www.chengjitoy.com\/wp-content\/uploads\/2025\/08\/details-of-Fully-automatic-porous-space-bubble-gun-1.jpg\" alt=\"\" class=\"wp-image-2688\" srcset=\"https:\/\/www.chengjitoy.com\/wp-content\/uploads\/2025\/08\/details-of-Fully-automatic-porous-space-bubble-gun-1.jpg 770w, https:\/\/www.chengjitoy.com\/wp-content\/uploads\/2025\/08\/details-of-Fully-automatic-porous-space-bubble-gun-1-135x300.jpg 135w, https:\/\/www.chengjitoy.com\/wp-content\/uploads\/2025\/08\/details-of-Fully-automatic-porous-space-bubble-gun-1-768x1703.jpg 768w, https:\/\/www.chengjitoy.com\/wp-content\/uploads\/2025\/08\/details-of-Fully-automatic-porous-space-bubble-gun-1-5x12.jpg 5w, https:\/\/www.chengjitoy.com\/wp-content\/uploads\/2025\/08\/details-of-Fully-automatic-porous-space-bubble-gun-1-600x1330.jpg 600w\" \/><\/figure>\n\n\n\n<figure class=\"wp-block-image size-full\"><img loading=\"lazy\" decoding=\"async\" width=\"770\" height=\"1140\" sizes=\"auto, (max-width: 770px) 100vw, 770px\" src=\"https:\/\/www.chengjitoy.com\/wp-content\/uploads\/2025\/08\/details-of-Fully-automatic-porous-space-bubble-gun-2.jpg\" alt=\"\" class=\"wp-image-2689\" srcset=\"https:\/\/www.chengjitoy.com\/wp-content\/uploads\/2025\/08\/details-of-Fully-automatic-porous-space-bubble-gun-2.jpg 770w, https:\/\/www.chengjitoy.com\/wp-content\/uploads\/2025\/08\/details-of-Fully-automatic-porous-space-bubble-gun-2-203x300.jpg 203w, https:\/\/www.chengjitoy.com\/wp-content\/uploads\/2025\/08\/details-of-Fully-automatic-porous-space-bubble-gun-2-768x1137.jpg 768w, https:\/\/www.chengjitoy.com\/wp-content\/uploads\/2025\/08\/details-of-Fully-automatic-porous-space-bubble-gun-2-8x12.jpg 8w, https:\/\/www.chengjitoy.com\/wp-content\/uploads\/2025\/08\/details-of-Fully-automatic-porous-space-bubble-gun-2-600x888.jpg 600w\" \/><\/figure>\n\n\n\n<figure class=\"wp-block-image size-full\"><img loading=\"lazy\" decoding=\"async\" width=\"770\" height=\"1517\" sizes=\"auto, (max-width: 770px) 100vw, 770px\" src=\"https:\/\/www.chengjitoy.com\/wp-content\/uploads\/2025\/08\/details-of-Fully-automatic-porous-space-bubble-gun-3.jpg\" alt=\"\" class=\"wp-image-2690\" srcset=\"https:\/\/www.chengjitoy.com\/wp-content\/uploads\/2025\/08\/details-of-Fully-automatic-porous-space-bubble-gun-3.jpg 770w, https:\/\/www.chengjitoy.com\/wp-content\/uploads\/2025\/08\/details-of-Fully-automatic-porous-space-bubble-gun-3-152x300.jpg 152w, https:\/\/www.chengjitoy.com\/wp-content\/uploads\/2025\/08\/details-of-Fully-automatic-porous-space-bubble-gun-3-768x1513.jpg 768w, https:\/\/www.chengjitoy.com\/wp-content\/uploads\/2025\/08\/details-of-Fully-automatic-porous-space-bubble-gun-3-6x12.jpg 6w, https:\/\/www.chengjitoy.com\/wp-content\/uploads\/2025\/08\/details-of-Fully-automatic-porous-space-bubble-gun-3-600x1182.jpg 600w\" \/><\/figure>\n\n\n\n<figure class=\"wp-block-image size-full\"><img loading=\"lazy\" decoding=\"async\" width=\"770\" height=\"1167\" sizes=\"auto, (max-width: 770px) 100vw, 770px\" src=\"https:\/\/www.chengjitoy.com\/wp-content\/uploads\/2025\/08\/details-of-Fully-automatic-porous-space-bubble-gun-4.jpg\" alt=\"\" class=\"wp-image-2691\" srcset=\"https:\/\/www.chengjitoy.com\/wp-content\/uploads\/2025\/08\/details-of-Fully-automatic-porous-space-bubble-gun-4.jpg 770w, https:\/\/www.chengjitoy.com\/wp-content\/uploads\/2025\/08\/details-of-Fully-automatic-porous-space-bubble-gun-4-198x300.jpg 198w, https:\/\/www.chengjitoy.com\/wp-content\/uploads\/2025\/08\/details-of-Fully-automatic-porous-space-bubble-gun-4-768x1164.jpg 768w, https:\/\/www.chengjitoy.com\/wp-content\/uploads\/2025\/08\/details-of-Fully-automatic-porous-space-bubble-gun-4-8x12.jpg 8w, https:\/\/www.chengjitoy.com\/wp-content\/uploads\/2025\/08\/details-of-Fully-automatic-porous-space-bubble-gun-4-600x909.jpg 600w\" \/><\/figure>\n\n\n\n<figure class=\"wp-block-image size-full\"><img loading=\"lazy\" decoding=\"async\" width=\"770\" height=\"931\" sizes=\"auto, (max-width: 770px) 100vw, 770px\" src=\"https:\/\/www.chengjitoy.com\/wp-content\/uploads\/2025\/08\/details-of-Fully-automatic-porous-space-bubble-gun-5.jpg\" alt=\"\" class=\"wp-image-2693\" srcset=\"https:\/\/www.chengjitoy.com\/wp-content\/uploads\/2025\/08\/details-of-Fully-automatic-porous-space-bubble-gun-5.jpg 770w, https:\/\/www.chengjitoy.com\/wp-content\/uploads\/2025\/08\/details-of-Fully-automatic-porous-space-bubble-gun-5-248x300.jpg 248w, https:\/\/www.chengjitoy.com\/wp-content\/uploads\/2025\/08\/details-of-Fully-automatic-porous-space-bubble-gun-5-768x929.jpg 768w, https:\/\/www.chengjitoy.com\/wp-content\/uploads\/2025\/08\/details-of-Fully-automatic-porous-space-bubble-gun-5-10x12.jpg 10w, https:\/\/www.chengjitoy.com\/wp-content\/uploads\/2025\/08\/details-of-Fully-automatic-porous-space-bubble-gun-5-600x725.jpg 600w\" \/><\/figure>\n\n\n\n<figure class=\"wp-block-image size-full\"><img loading=\"lazy\" decoding=\"async\" width=\"770\" height=\"756\" sizes=\"auto, (max-width: 770px) 100vw, 770px\" src=\"https:\/\/www.chengjitoy.com\/wp-content\/uploads\/2025\/08\/details-of-Fully-automatic-porous-space-bubble-gun-6.jpg\" alt=\"\" class=\"wp-image-2694\" srcset=\"https:\/\/www.chengjitoy.com\/wp-content\/uploads\/2025\/08\/details-of-Fully-automatic-porous-space-bubble-gun-6.jpg 770w, https:\/\/www.chengjitoy.com\/wp-content\/uploads\/2025\/08\/details-of-Fully-automatic-porous-space-bubble-gun-6-300x295.jpg 300w, https:\/\/www.chengjitoy.com\/wp-content\/uploads\/2025\/08\/details-of-Fully-automatic-porous-space-bubble-gun-6-768x754.jpg 768w, https:\/\/www.chengjitoy.com\/wp-content\/uploads\/2025\/08\/details-of-Fully-automatic-porous-space-bubble-gun-6-12x12.jpg 12w, https:\/\/www.chengjitoy.com\/wp-content\/uploads\/2025\/08\/details-of-Fully-automatic-porous-space-bubble-gun-6-600x589.jpg 600w\" \/><\/figure>\n\n\n\n<figure class=\"wp-block-image size-full\"><img loading=\"lazy\" decoding=\"async\" width=\"770\" height=\"727\" sizes=\"auto, (max-width: 770px) 100vw, 770px\" src=\"https:\/\/www.chengjitoy.com\/wp-content\/uploads\/2025\/08\/details-of-Fully-automatic-porous-space-bubble-gun-7.jpg\" alt=\"\" class=\"wp-image-2695\" srcset=\"https:\/\/www.chengjitoy.com\/wp-content\/uploads\/2025\/08\/details-of-Fully-automatic-porous-space-bubble-gun-7.jpg 770w, https:\/\/www.chengjitoy.com\/wp-content\/uploads\/2025\/08\/details-of-Fully-automatic-porous-space-bubble-gun-7-300x283.jpg 300w, https:\/\/www.chengjitoy.com\/wp-content\/uploads\/2025\/08\/details-of-Fully-automatic-porous-space-bubble-gun-7-768x725.jpg 768w, https:\/\/www.chengjitoy.com\/wp-content\/uploads\/2025\/08\/details-of-Fully-automatic-porous-space-bubble-gun-7-13x12.jpg 13w, https:\/\/www.chengjitoy.com\/wp-content\/uploads\/2025\/08\/details-of-Fully-automatic-porous-space-bubble-gun-7-600x566.jpg 600w\" \/><\/figure>\n\n\n\n<figure class=\"wp-block-image size-full\"><img loading=\"lazy\" decoding=\"async\" width=\"770\" height=\"1388\" sizes=\"auto, (max-width: 770px) 100vw, 770px\" src=\"https:\/\/www.chengjitoy.com\/wp-content\/uploads\/2025\/08\/details-of-Fully-automatic-porous-space-bubble-gun-8.jpg\" alt=\"\" class=\"wp-image-2696\" srcset=\"https:\/\/www.chengjitoy.com\/wp-content\/uploads\/2025\/08\/details-of-Fully-automatic-porous-space-bubble-gun-8.jpg 770w, https:\/\/www.chengjitoy.com\/wp-content\/uploads\/2025\/08\/details-of-Fully-automatic-porous-space-bubble-gun-8-166x300.jpg 166w, https:\/\/www.chengjitoy.com\/wp-content\/uploads\/2025\/08\/details-of-Fully-automatic-porous-space-bubble-gun-8-768x1384.jpg 768w, https:\/\/www.chengjitoy.com\/wp-content\/uploads\/2025\/08\/details-of-Fully-automatic-porous-space-bubble-gun-8-7x12.jpg 7w, https:\/\/www.chengjitoy.com\/wp-content\/uploads\/2025\/08\/details-of-Fully-automatic-porous-space-bubble-gun-8-600x1082.jpg 600w\" \/><\/figure>\n<\/div>\n\n\n\n<div class=\"wp-block-column is-layout-flow wp-block-column-is-layout-flow\" style=\"flex-basis:33.33%\"><\/div>\n<\/div>","protected":false},"excerpt":{"rendered":"<p>Mayorista de juguetes con pistola de burbujas el\u00e9ctrica. Dale un toque futurista al juego de las burbujas con esta pistola de burbujas el\u00e9ctrica totalmente autom\u00e1tica. Dise\u00f1ado con m\u00faltiples salidas de burbujas, iluminaci\u00f3n LED vibrante, y una bater\u00eda recargable, que ofrece un sinf\u00edn de corrientes de burbujas brillantes, por lo que es el juguete perfecto para la diversi\u00f3n al aire libre, fiestas y aventuras imaginativas. Ofrecemos servicios ODM\/OEM. P\u00f3ngase en contacto con nosotros.<\/p>\n<h2>Especificaciones de la pistola de burbujas el\u00e9ctrica porosa autom\u00e1tica de juguete<\/h2>\n<table style=\"border-collapse: collapse;width: 343.52pt\" border=\"0\" width=\"458\" cellspacing=\"0\" cellpadding=\"0\">\n<tbody>\n<tr style=\"height: 19.50pt\">\n<td class=\"et2\" style=\"height: 19.50pt;width: 133.75pt\" width=\"178\" height=\"26\">Art\u00edculo No:<\/td>\n<td class=\"et3\" style=\"width: 210.00pt\" width=\"280\">CJ-4373020<\/td>\n<\/tr>\n<tr style=\"height: 20.25pt\">\n<td class=\"et4\" style=\"height: 20.25pt;width: 133.75pt\" width=\"178\" height=\"27\">Paquete:<\/td>\n<td class=\"et5\" style=\"width: 210.00pt\" width=\"280\">INSERTAR TARJETA<\/td>\n<\/tr>\n<tr style=\"height: 19.50pt\">\n<td class=\"et4\" style=\"height: 19.50pt;width: 133.75pt\" width=\"178\" height=\"26\">Tama\u00f1o del paquete:<\/td>\n<td class=\"et5\" style=\"width: 210.00pt\" width=\"280\">19,5*23,5*7,5CM<\/td>\n<\/tr>\n<tr style=\"height: 20.25pt\">\n<td class=\"et4\" style=\"height: 20.25pt;width: 133.75pt\" width=\"178\" height=\"27\">Tama\u00f1o de la caja\uff1a<\/td>\n<td class=\"et5\" style=\"width: 210.00pt\" width=\"280\">62*39*91CM<\/td>\n<\/tr>\n<tr style=\"height: 19.50pt\">\n<td class=\"et4\" style=\"height: 19.50pt;width: 133.75pt\" width=\"178\" height=\"26\">Cant:<\/td>\n<td class=\"et5\" style=\"width: 210.00pt\" width=\"280\">72 UNIDADES<\/td>\n<\/tr>\n<tr style=\"height: 20.25pt\">\n<td class=\"et4\" style=\"height: 20.25pt;width: 133.75pt\" width=\"178\" height=\"27\">G.W.\/N.W.:<\/td>\n<td class=\"et5\" style=\"width: 210.00pt\" width=\"280\">29\/27 KG<\/td>\n<\/tr>\n<tr style=\"height: 19.50pt\">\n<td class=\"et4\" style=\"height: 19.50pt;width: 133.75pt\" width=\"178\" height=\"26\">Medici\u00f3n:<\/td>\n<td class=\"et5\" style=\"width: 210.00pt\" width=\"280\">0,22 CBM'\/7,76 CUFT'<\/td>\n<\/tr>\n<\/tbody>\n<\/table>","protected":false},"featured_media":2676,"comment_status":"closed","ping_status":"closed","template":"","meta":{"_acf_changed":true},"product_brand":[],"product_cat":[30,64,81,63,21,62,26],"product_tag":[],"class_list":{"0":"post-2675","1":"product","2":"type-product","3":"status-publish","4":"has-post-thumbnail","6":"product_cat-wholesale-toys-for-ages-3-and-up","7":"product_cat-wholesale-toy-beach-sets","8":"product_cat-wholesale-bubble-guns","9":"product_cat-wholesale-bubble-toys","10":"product_cat-wholesale-summer-toys","11":"product_cat-wholesale-water-toys","12":"product_cat-wholesale-toys-for-all-ages","14":"first","15":"instock","16":"shipping-taxable","17":"product-type-simple"},"acf":[],"_links":{"self":[{"href":"https:\/\/www.chengjitoy.com\/es\/wp-json\/wp\/v2\/product\/2675","targetHints":{"allow":["GET"]}}],"collection":[{"href":"https:\/\/www.chengjitoy.com\/es\/wp-json\/wp\/v2\/product"}],"about":[{"href":"https:\/\/www.chengjitoy.com\/es\/wp-json\/wp\/v2\/types\/product"}],"replies":[{"embeddable":true,"href":"https:\/\/www.chengjitoy.com\/es\/wp-json\/wp\/v2\/comments?post=2675"}],"wp:featuredmedia":[{"embeddable":true,"href":"https:\/\/www.chengjitoy.com\/es\/wp-json\/wp\/v2\/media\/2676"}],"wp:attachment":[{"href":"https:\/\/www.chengjitoy.com\/es\/wp-json\/wp\/v2\/media?parent=2675"}],"wp:term":[{"taxonomy":"product_brand","embeddable":true,"href":"https:\/\/www.chengjitoy.com\/es\/wp-json\/wp\/v2\/product_brand?post=2675"},{"taxonomy":"product_cat","embeddable":true,"href":"https:\/\/www.chengjitoy.com\/es\/wp-json\/wp\/v2\/product_cat?post=2675"},{"taxonomy":"product_tag","embeddable":true,"href":"https:\/\/www.chengjitoy.com\/es\/wp-json\/wp\/v2\/product_tag?post=2675"}],"curies":[{"name":"wp","href":"https:\/\/api.w.org\/{rel}","templated":true}]}}