{"id":2848,"date":"2025-10-30T10:11:18","date_gmt":"2025-10-30T10:11:18","guid":{"rendered":"https:\/\/www.chengjitoy.com\/?post_type=product&#038;p=2848"},"modified":"2025-10-30T10:11:21","modified_gmt":"2025-10-30T10:11:21","slug":"wholesale-baby-gaming-table-toy-2-in-1","status":"publish","type":"product","link":"https:\/\/www.chengjitoy.com\/es\/product\/wholesale-baby-gaming-table-toy-2-in-1\/","title":{"rendered":"Mayorista Juguete de Mesa para Beb\u00e9 2 en 1, 8 Actividades, Sonidos y Luces - Juguete para Beb\u00e9 Crecer con los Beb\u00e9s"},"content":{"rendered":"<div class=\"wp-block-columns is-layout-flex wp-container-core-columns-is-layout-9d6595d7 wp-block-columns-is-layout-flex\">\n<div class=\"wp-block-column is-layout-flow wp-block-column-is-layout-flow\" style=\"flex-basis:66.66%\">\n<figure class=\"wp-block-image size-full\"><img loading=\"lazy\" decoding=\"async\" width=\"770\" height=\"1226\" src=\"https:\/\/www.chengjitoy.com\/wp-content\/uploads\/2025\/10\/details-of-gaming-table-with-lighting-and-music-1.webp\" alt=\"\" class=\"wp-image-4433\" srcset=\"https:\/\/www.chengjitoy.com\/wp-content\/uploads\/2025\/10\/details-of-gaming-table-with-lighting-and-music-1.webp 770w, https:\/\/www.chengjitoy.com\/wp-content\/uploads\/2025\/10\/details-of-gaming-table-with-lighting-and-music-1-188x300.webp 188w, https:\/\/www.chengjitoy.com\/wp-content\/uploads\/2025\/10\/details-of-gaming-table-with-lighting-and-music-1-768x1223.webp 768w, https:\/\/www.chengjitoy.com\/wp-content\/uploads\/2025\/10\/details-of-gaming-table-with-lighting-and-music-1-8x12.webp 8w, https:\/\/www.chengjitoy.com\/wp-content\/uploads\/2025\/10\/details-of-gaming-table-with-lighting-and-music-1-600x955.webp 600w\" sizes=\"auto, (max-width: 770px) 100vw, 770px\" \/><\/figure>\n\n\n\n<figure class=\"wp-block-image size-full\"><img loading=\"lazy\" decoding=\"async\" width=\"770\" height=\"642\" src=\"https:\/\/www.chengjitoy.com\/wp-content\/uploads\/2025\/10\/details-of-gaming-table-with-lighting-and-music-2.webp\" alt=\"\" class=\"wp-image-4434\" srcset=\"https:\/\/www.chengjitoy.com\/wp-content\/uploads\/2025\/10\/details-of-gaming-table-with-lighting-and-music-2.webp 770w, https:\/\/www.chengjitoy.com\/wp-content\/uploads\/2025\/10\/details-of-gaming-table-with-lighting-and-music-2-300x250.webp 300w, https:\/\/www.chengjitoy.com\/wp-content\/uploads\/2025\/10\/details-of-gaming-table-with-lighting-and-music-2-768x640.webp 768w, https:\/\/www.chengjitoy.com\/wp-content\/uploads\/2025\/10\/details-of-gaming-table-with-lighting-and-music-2-14x12.webp 14w, https:\/\/www.chengjitoy.com\/wp-content\/uploads\/2025\/10\/details-of-gaming-table-with-lighting-and-music-2-600x500.webp 600w\" sizes=\"auto, (max-width: 770px) 100vw, 770px\" \/><\/figure>\n\n\n\n<figure class=\"wp-block-image size-full\"><img loading=\"lazy\" decoding=\"async\" width=\"770\" height=\"1434\" src=\"https:\/\/www.chengjitoy.com\/wp-content\/uploads\/2025\/10\/details-of-gaming-table-with-lighting-and-music-3.webp\" alt=\"\" class=\"wp-image-4435\" srcset=\"https:\/\/www.chengjitoy.com\/wp-content\/uploads\/2025\/10\/details-of-gaming-table-with-lighting-and-music-3.webp 770w, https:\/\/www.chengjitoy.com\/wp-content\/uploads\/2025\/10\/details-of-gaming-table-with-lighting-and-music-3-161x300.webp 161w, https:\/\/www.chengjitoy.com\/wp-content\/uploads\/2025\/10\/details-of-gaming-table-with-lighting-and-music-3-768x1430.webp 768w, https:\/\/www.chengjitoy.com\/wp-content\/uploads\/2025\/10\/details-of-gaming-table-with-lighting-and-music-3-6x12.webp 6w, https:\/\/www.chengjitoy.com\/wp-content\/uploads\/2025\/10\/details-of-gaming-table-with-lighting-and-music-3-600x1117.webp 600w\" sizes=\"auto, (max-width: 770px) 100vw, 770px\" \/><\/figure>\n\n\n\n<figure class=\"wp-block-image size-full\"><img loading=\"lazy\" decoding=\"async\" width=\"770\" height=\"1469\" src=\"https:\/\/www.chengjitoy.com\/wp-content\/uploads\/2025\/10\/details-of-gaming-table-with-lighting-and-music-4.webp\" alt=\"\" class=\"wp-image-4436\" srcset=\"https:\/\/www.chengjitoy.com\/wp-content\/uploads\/2025\/10\/details-of-gaming-table-with-lighting-and-music-4.webp 770w, https:\/\/www.chengjitoy.com\/wp-content\/uploads\/2025\/10\/details-of-gaming-table-with-lighting-and-music-4-157x300.webp 157w, https:\/\/www.chengjitoy.com\/wp-content\/uploads\/2025\/10\/details-of-gaming-table-with-lighting-and-music-4-768x1465.webp 768w, https:\/\/www.chengjitoy.com\/wp-content\/uploads\/2025\/10\/details-of-gaming-table-with-lighting-and-music-4-6x12.webp 6w, https:\/\/www.chengjitoy.com\/wp-content\/uploads\/2025\/10\/details-of-gaming-table-with-lighting-and-music-4-600x1145.webp 600w\" sizes=\"auto, (max-width: 770px) 100vw, 770px\" \/><\/figure>\n\n\n\n<figure class=\"wp-block-image size-full\"><img loading=\"lazy\" decoding=\"async\" width=\"770\" height=\"2625\" src=\"https:\/\/www.chengjitoy.com\/wp-content\/uploads\/2025\/10\/details-of-gaming-table-with-lighting-and-music-5.webp\" alt=\"\" class=\"wp-image-4437\" srcset=\"https:\/\/www.chengjitoy.com\/wp-content\/uploads\/2025\/10\/details-of-gaming-table-with-lighting-and-music-5.webp 770w, https:\/\/www.chengjitoy.com\/wp-content\/uploads\/2025\/10\/details-of-gaming-table-with-lighting-and-music-5-88x300.webp 88w, https:\/\/www.chengjitoy.com\/wp-content\/uploads\/2025\/10\/details-of-gaming-table-with-lighting-and-music-5-768x2618.webp 768w, https:\/\/www.chengjitoy.com\/wp-content\/uploads\/2025\/10\/details-of-gaming-table-with-lighting-and-music-5-600x2045.webp 600w\" sizes=\"auto, (max-width: 770px) 100vw, 770px\" \/><\/figure>\n\n\n\n<figure class=\"wp-block-image size-full\"><img loading=\"lazy\" decoding=\"async\" width=\"770\" height=\"1121\" src=\"https:\/\/www.chengjitoy.com\/wp-content\/uploads\/2025\/10\/details-of-gaming-table-with-lighting-and-music-6.webp\" alt=\"\" class=\"wp-image-4438\" srcset=\"https:\/\/www.chengjitoy.com\/wp-content\/uploads\/2025\/10\/details-of-gaming-table-with-lighting-and-music-6.webp 770w, https:\/\/www.chengjitoy.com\/wp-content\/uploads\/2025\/10\/details-of-gaming-table-with-lighting-and-music-6-206x300.webp 206w, https:\/\/www.chengjitoy.com\/wp-content\/uploads\/2025\/10\/details-of-gaming-table-with-lighting-and-music-6-768x1118.webp 768w, https:\/\/www.chengjitoy.com\/wp-content\/uploads\/2025\/10\/details-of-gaming-table-with-lighting-and-music-6-8x12.webp 8w, https:\/\/www.chengjitoy.com\/wp-content\/uploads\/2025\/10\/details-of-gaming-table-with-lighting-and-music-6-600x874.webp 600w\" sizes=\"auto, (max-width: 770px) 100vw, 770px\" \/><\/figure>\n\n\n\n<figure class=\"wp-block-image size-full\"><img loading=\"lazy\" decoding=\"async\" width=\"770\" height=\"848\" src=\"https:\/\/www.chengjitoy.com\/wp-content\/uploads\/2025\/10\/details-of-gaming-table-with-lighting-and-music-7.webp\" alt=\"\" class=\"wp-image-4439\" srcset=\"https:\/\/www.chengjitoy.com\/wp-content\/uploads\/2025\/10\/details-of-gaming-table-with-lighting-and-music-7.webp 770w, https:\/\/www.chengjitoy.com\/wp-content\/uploads\/2025\/10\/details-of-gaming-table-with-lighting-and-music-7-272x300.webp 272w, https:\/\/www.chengjitoy.com\/wp-content\/uploads\/2025\/10\/details-of-gaming-table-with-lighting-and-music-7-768x846.webp 768w, https:\/\/www.chengjitoy.com\/wp-content\/uploads\/2025\/10\/details-of-gaming-table-with-lighting-and-music-7-11x12.webp 11w, https:\/\/www.chengjitoy.com\/wp-content\/uploads\/2025\/10\/details-of-gaming-table-with-lighting-and-music-7-600x661.webp 600w\" sizes=\"auto, (max-width: 770px) 100vw, 770px\" \/><\/figure>\n\n\n\n<figure class=\"wp-block-image size-full\"><img loading=\"lazy\" decoding=\"async\" width=\"770\" height=\"1870\" src=\"https:\/\/www.chengjitoy.com\/wp-content\/uploads\/2025\/10\/details-of-gaming-table-with-lighting-and-music-8.webp\" alt=\"\" class=\"wp-image-4440\" srcset=\"https:\/\/www.chengjitoy.com\/wp-content\/uploads\/2025\/10\/details-of-gaming-table-with-lighting-and-music-8.webp 770w, https:\/\/www.chengjitoy.com\/wp-content\/uploads\/2025\/10\/details-of-gaming-table-with-lighting-and-music-8-124x300.webp 124w, https:\/\/www.chengjitoy.com\/wp-content\/uploads\/2025\/10\/details-of-gaming-table-with-lighting-and-music-8-768x1865.webp 768w, https:\/\/www.chengjitoy.com\/wp-content\/uploads\/2025\/10\/details-of-gaming-table-with-lighting-and-music-8-5x12.webp 5w, https:\/\/www.chengjitoy.com\/wp-content\/uploads\/2025\/10\/details-of-gaming-table-with-lighting-and-music-8-600x1457.webp 600w\" sizes=\"auto, (max-width: 770px) 100vw, 770px\" \/><\/figure>\n<\/div>\n\n\n\n<div class=\"wp-block-column is-layout-flow wp-block-column-is-layout-flow\" style=\"flex-basis:33.33%\"><\/div>\n<\/div>","protected":false},"excerpt":{"rendered":"<p>Venta al por mayor de juguetes de mesa de juego para beb\u00e9s. Nuestro juguete de mesa de juegos para beb\u00e9s 2 en 1 tiene sonido y luz, \u00a1atrae firmemente la atenci\u00f3n de los ni\u00f1os! 8 actividades, altura ajustable, y crece con el beb\u00e9 de la mentira a sentarse etapas son la misi\u00f3n de esta mesa de juego. Todos los ni\u00f1os adorables se merecen este juguete perfecto para su desarrollo. Se admite el suministro a granel. \u00a1Pida su presupuesto ahora!<\/p>\n<h2>Especificaciones de la mesa de juego de juguete\u00a0<\/h2>\n<table style=\"border-collapse: collapse; width: 343.52pt;\" border=\"0\" width=\"458\" cellspacing=\"0\" cellpadding=\"0\">\n<tbody>\n<tr style=\"height: 19.50pt;\">\n<td class=\"et2\" style=\"height: 19.50pt; width: 133.75pt;\" width=\"178\" height=\"26\">Art\u00edculo No:<\/td>\n<td class=\"et3\" style=\"width: 210.00pt;\" width=\"280\">CJ-4985021<\/td>\n<\/tr>\n<tr style=\"height: 20.25pt;\">\n<td class=\"et4\" style=\"height: 20.25pt; width: 133.75pt;\" width=\"178\" height=\"27\">Paquete:<\/td>\n<td class=\"et5\" style=\"width: 210.00pt;\" width=\"280\">caja de color<\/td>\n<\/tr>\n<tr style=\"height: 19.50pt;\">\n<td class=\"et4\" style=\"height: 19.50pt; width: 133.75pt;\" width=\"178\" height=\"26\">Tama\u00f1o del paquete:<\/td>\n<td class=\"et5\" style=\"width: 210.00pt;\" width=\"280\">34,2*10,2*27,5 CM<\/td>\n<\/tr>\n<tr style=\"height: 20.25pt;\">\n<td class=\"et4\" style=\"height: 20.25pt; width: 133.75pt;\" width=\"178\" height=\"27\">Tama\u00f1o de la caja\uff1a<\/td>\n<td class=\"et5\" style=\"width: 210.00pt;\" width=\"280\">70*41*85CM<\/td>\n<\/tr>\n<tr style=\"height: 19.50pt;\">\n<td class=\"et4\" style=\"height: 19.50pt; width: 133.75pt;\" width=\"178\" height=\"26\">Cant:<\/td>\n<td class=\"et5\" style=\"width: 210.00pt;\" width=\"280\">24\/PCS<\/td>\n<\/tr>\n<tr style=\"height: 20.25pt;\">\n<td class=\"et4\" style=\"height: 20.25pt; width: 133.75pt;\" width=\"178\" height=\"27\">G.W.\/N.W.:<\/td>\n<td class=\"et5\" style=\"width: 210.00pt;\" width=\"280\">20\/18 KG<\/td>\n<\/tr>\n<tr style=\"height: 19.50pt;\">\n<td class=\"et4\" style=\"height: 19.50pt; width: 133.75pt;\" width=\"178\" height=\"26\">Medici\u00f3n:<\/td>\n<td class=\"et5\" style=\"width: 210.00pt;\" width=\"280\">0,24 CBM\u2019\/8,61 CUFT\u2019<\/td>\n<\/tr>\n<\/tbody>\n<\/table>\n<p>\n<script src=\"chrome-extension:\/\/fpelahbljekknahkcaegamhcndkfpfnc\/iFrame.js\" type=\"text\/javascript\"><\/script><\/p>","protected":false},"featured_media":4432,"comment_status":"closed","ping_status":"closed","template":"","meta":{"_acf_changed":true},"product_brand":[],"product_cat":[30,25,24,34,46,26],"product_tag":[],"class_list":{"0":"post-2848","1":"product","2":"type-product","3":"status-publish","4":"has-post-thumbnail","6":"product_cat-wholesale-toys-for-ages-3-and-up","7":"product_cat-wholesale-baby-toys","8":"product_cat-wholesale-educational-toys","9":"product_cat-wholesale-other-baby-toys","10":"product_cat-wholesale-other-educational-toys","11":"product_cat-wholesale-toys-for-all-ages","13":"first","14":"instock","15":"shipping-taxable","16":"product-type-simple"},"acf":[],"_links":{"self":[{"href":"https:\/\/www.chengjitoy.com\/es\/wp-json\/wp\/v2\/product\/2848","targetHints":{"allow":["GET"]}}],"collection":[{"href":"https:\/\/www.chengjitoy.com\/es\/wp-json\/wp\/v2\/product"}],"about":[{"href":"https:\/\/www.chengjitoy.com\/es\/wp-json\/wp\/v2\/types\/product"}],"replies":[{"embeddable":true,"href":"https:\/\/www.chengjitoy.com\/es\/wp-json\/wp\/v2\/comments?post=2848"}],"wp:featuredmedia":[{"embeddable":true,"href":"https:\/\/www.chengjitoy.com\/es\/wp-json\/wp\/v2\/media\/4432"}],"wp:attachment":[{"href":"https:\/\/www.chengjitoy.com\/es\/wp-json\/wp\/v2\/media?parent=2848"}],"wp:term":[{"taxonomy":"product_brand","embeddable":true,"href":"https:\/\/www.chengjitoy.com\/es\/wp-json\/wp\/v2\/product_brand?post=2848"},{"taxonomy":"product_cat","embeddable":true,"href":"https:\/\/www.chengjitoy.com\/es\/wp-json\/wp\/v2\/product_cat?post=2848"},{"taxonomy":"product_tag","embeddable":true,"href":"https:\/\/www.chengjitoy.com\/es\/wp-json\/wp\/v2\/product_tag?post=2848"}],"curies":[{"name":"wp","href":"https:\/\/api.w.org\/{rel}","templated":true}]}}