{"id":2937,"date":"2025-09-12T01:46:23","date_gmt":"2025-09-12T01:46:23","guid":{"rendered":"https:\/\/www.chengjitoy.com\/?post_type=product&#038;p=2937"},"modified":"2025-09-12T01:46:27","modified_gmt":"2025-09-12T01:46:27","slug":"wholesale-cute-dinosaur-bubble-machine","status":"publish","type":"product","link":"https:\/\/www.chengjitoy.com\/es\/product\/wholesale-cute-dinosaur-bubble-machine\/","title":{"rendered":"M\u00e1quina de burbujas con dinosaurios, luces y m\u00fasica, al por mayor"},"content":{"rendered":"<div class=\"wp-block-columns is-layout-flex wp-container-core-columns-is-layout-9d6595d7 wp-block-columns-is-layout-flex\">\n<div class=\"wp-block-column is-layout-flow wp-block-column-is-layout-flow\" style=\"flex-basis:66.66%\">\n<figure class=\"wp-block-image size-full\"><img loading=\"lazy\" decoding=\"async\" width=\"770\" height=\"2937\" sizes=\"auto, (max-width: 770px) 100vw, 770px\" src=\"https:\/\/www.chengjitoy.com\/wp-content\/uploads\/2025\/09\/details-of-Sound-light-Dinosaur-Bubble-Machine-1.jpg\" alt=\"\" class=\"wp-image-2945\" srcset=\"https:\/\/www.chengjitoy.com\/wp-content\/uploads\/2025\/09\/details-of-Sound-light-Dinosaur-Bubble-Machine-1.jpg 770w, https:\/\/www.chengjitoy.com\/wp-content\/uploads\/2025\/09\/details-of-Sound-light-Dinosaur-Bubble-Machine-1-79x300.jpg 79w, https:\/\/www.chengjitoy.com\/wp-content\/uploads\/2025\/09\/details-of-Sound-light-Dinosaur-Bubble-Machine-1-768x2929.jpg 768w, https:\/\/www.chengjitoy.com\/wp-content\/uploads\/2025\/09\/details-of-Sound-light-Dinosaur-Bubble-Machine-1-3x12.jpg 3w, https:\/\/www.chengjitoy.com\/wp-content\/uploads\/2025\/09\/details-of-Sound-light-Dinosaur-Bubble-Machine-1-600x2289.jpg 600w\" \/><\/figure>\n\n\n\n<figure class=\"wp-block-image size-full\"><img loading=\"lazy\" decoding=\"async\" width=\"770\" height=\"1308\" sizes=\"auto, (max-width: 770px) 100vw, 770px\" src=\"https:\/\/www.chengjitoy.com\/wp-content\/uploads\/2025\/09\/details-of-Sound-light-Dinosaur-Bubble-Machine-2.jpg\" alt=\"\" class=\"wp-image-2946\" srcset=\"https:\/\/www.chengjitoy.com\/wp-content\/uploads\/2025\/09\/details-of-Sound-light-Dinosaur-Bubble-Machine-2.jpg 770w, https:\/\/www.chengjitoy.com\/wp-content\/uploads\/2025\/09\/details-of-Sound-light-Dinosaur-Bubble-Machine-2-177x300.jpg 177w, https:\/\/www.chengjitoy.com\/wp-content\/uploads\/2025\/09\/details-of-Sound-light-Dinosaur-Bubble-Machine-2-768x1305.jpg 768w, https:\/\/www.chengjitoy.com\/wp-content\/uploads\/2025\/09\/details-of-Sound-light-Dinosaur-Bubble-Machine-2-7x12.jpg 7w, https:\/\/www.chengjitoy.com\/wp-content\/uploads\/2025\/09\/details-of-Sound-light-Dinosaur-Bubble-Machine-2-600x1019.jpg 600w\" \/><\/figure>\n\n\n\n<figure class=\"wp-block-image size-full\"><img loading=\"lazy\" decoding=\"async\" width=\"770\" height=\"1361\" sizes=\"auto, (max-width: 770px) 100vw, 770px\" src=\"https:\/\/www.chengjitoy.com\/wp-content\/uploads\/2025\/09\/details-of-Sound-light-Dinosaur-Bubble-Machine-3.jpg\" alt=\"\" class=\"wp-image-2947\" srcset=\"https:\/\/www.chengjitoy.com\/wp-content\/uploads\/2025\/09\/details-of-Sound-light-Dinosaur-Bubble-Machine-3.jpg 770w, https:\/\/www.chengjitoy.com\/wp-content\/uploads\/2025\/09\/details-of-Sound-light-Dinosaur-Bubble-Machine-3-170x300.jpg 170w, https:\/\/www.chengjitoy.com\/wp-content\/uploads\/2025\/09\/details-of-Sound-light-Dinosaur-Bubble-Machine-3-768x1357.jpg 768w, https:\/\/www.chengjitoy.com\/wp-content\/uploads\/2025\/09\/details-of-Sound-light-Dinosaur-Bubble-Machine-3-7x12.jpg 7w, https:\/\/www.chengjitoy.com\/wp-content\/uploads\/2025\/09\/details-of-Sound-light-Dinosaur-Bubble-Machine-3-600x1061.jpg 600w\" \/><\/figure>\n\n\n\n<figure class=\"wp-block-image size-full\"><img loading=\"lazy\" decoding=\"async\" width=\"770\" height=\"1518\" sizes=\"auto, (max-width: 770px) 100vw, 770px\" src=\"https:\/\/www.chengjitoy.com\/wp-content\/uploads\/2025\/09\/details-of-Sound-light-Dinosaur-Bubble-Machine-4.jpg\" alt=\"\" class=\"wp-image-2948\" srcset=\"https:\/\/www.chengjitoy.com\/wp-content\/uploads\/2025\/09\/details-of-Sound-light-Dinosaur-Bubble-Machine-4.jpg 770w, https:\/\/www.chengjitoy.com\/wp-content\/uploads\/2025\/09\/details-of-Sound-light-Dinosaur-Bubble-Machine-4-152x300.jpg 152w, https:\/\/www.chengjitoy.com\/wp-content\/uploads\/2025\/09\/details-of-Sound-light-Dinosaur-Bubble-Machine-4-768x1514.jpg 768w, https:\/\/www.chengjitoy.com\/wp-content\/uploads\/2025\/09\/details-of-Sound-light-Dinosaur-Bubble-Machine-4-6x12.jpg 6w, https:\/\/www.chengjitoy.com\/wp-content\/uploads\/2025\/09\/details-of-Sound-light-Dinosaur-Bubble-Machine-4-600x1183.jpg 600w\" \/><\/figure>\n\n\n\n<figure class=\"wp-block-image size-full\"><img loading=\"lazy\" decoding=\"async\" width=\"770\" height=\"1475\" sizes=\"auto, (max-width: 770px) 100vw, 770px\" src=\"https:\/\/www.chengjitoy.com\/wp-content\/uploads\/2025\/09\/details-of-Sound-light-Dinosaur-Bubble-Machine-5.jpg\" alt=\"\" class=\"wp-image-2949\" srcset=\"https:\/\/www.chengjitoy.com\/wp-content\/uploads\/2025\/09\/details-of-Sound-light-Dinosaur-Bubble-Machine-5.jpg 770w, https:\/\/www.chengjitoy.com\/wp-content\/uploads\/2025\/09\/details-of-Sound-light-Dinosaur-Bubble-Machine-5-157x300.jpg 157w, https:\/\/www.chengjitoy.com\/wp-content\/uploads\/2025\/09\/details-of-Sound-light-Dinosaur-Bubble-Machine-5-768x1471.jpg 768w, https:\/\/www.chengjitoy.com\/wp-content\/uploads\/2025\/09\/details-of-Sound-light-Dinosaur-Bubble-Machine-5-6x12.jpg 6w, https:\/\/www.chengjitoy.com\/wp-content\/uploads\/2025\/09\/details-of-Sound-light-Dinosaur-Bubble-Machine-5-600x1149.jpg 600w\" \/><\/figure>\n\n\n\n<figure class=\"wp-block-image size-full\"><img loading=\"lazy\" decoding=\"async\" width=\"770\" height=\"2061\" sizes=\"auto, (max-width: 770px) 100vw, 770px\" src=\"https:\/\/www.chengjitoy.com\/wp-content\/uploads\/2025\/09\/details-of-Sound-light-Dinosaur-Bubble-Machine-6.jpg\" alt=\"\" class=\"wp-image-2950\" srcset=\"https:\/\/www.chengjitoy.com\/wp-content\/uploads\/2025\/09\/details-of-Sound-light-Dinosaur-Bubble-Machine-6.jpg 770w, https:\/\/www.chengjitoy.com\/wp-content\/uploads\/2025\/09\/details-of-Sound-light-Dinosaur-Bubble-Machine-6-112x300.jpg 112w, https:\/\/www.chengjitoy.com\/wp-content\/uploads\/2025\/09\/details-of-Sound-light-Dinosaur-Bubble-Machine-6-768x2056.jpg 768w, https:\/\/www.chengjitoy.com\/wp-content\/uploads\/2025\/09\/details-of-Sound-light-Dinosaur-Bubble-Machine-6-4x12.jpg 4w, https:\/\/www.chengjitoy.com\/wp-content\/uploads\/2025\/09\/details-of-Sound-light-Dinosaur-Bubble-Machine-6-600x1606.jpg 600w\" \/><\/figure>\n\n\n\n<figure class=\"wp-block-image size-full\"><img loading=\"lazy\" decoding=\"async\" width=\"770\" height=\"1986\" sizes=\"auto, (max-width: 770px) 100vw, 770px\" src=\"https:\/\/www.chengjitoy.com\/wp-content\/uploads\/2025\/09\/details-of-Sound-light-Dinosaur-Bubble-Machine-7.jpg\" alt=\"\" class=\"wp-image-2951\" srcset=\"https:\/\/www.chengjitoy.com\/wp-content\/uploads\/2025\/09\/details-of-Sound-light-Dinosaur-Bubble-Machine-7.jpg 770w, https:\/\/www.chengjitoy.com\/wp-content\/uploads\/2025\/09\/details-of-Sound-light-Dinosaur-Bubble-Machine-7-116x300.jpg 116w, https:\/\/www.chengjitoy.com\/wp-content\/uploads\/2025\/09\/details-of-Sound-light-Dinosaur-Bubble-Machine-7-768x1981.jpg 768w, https:\/\/www.chengjitoy.com\/wp-content\/uploads\/2025\/09\/details-of-Sound-light-Dinosaur-Bubble-Machine-7-5x12.jpg 5w, https:\/\/www.chengjitoy.com\/wp-content\/uploads\/2025\/09\/details-of-Sound-light-Dinosaur-Bubble-Machine-7-600x1548.jpg 600w\" \/><\/figure>\n\n\n\n<figure class=\"wp-block-image size-full\"><img loading=\"lazy\" decoding=\"async\" width=\"770\" height=\"1689\" sizes=\"auto, (max-width: 770px) 100vw, 770px\" src=\"https:\/\/www.chengjitoy.com\/wp-content\/uploads\/2025\/09\/details-of-Sound-light-Dinosaur-Bubble-Machine-8.jpg\" alt=\"\" class=\"wp-image-2952\" srcset=\"https:\/\/www.chengjitoy.com\/wp-content\/uploads\/2025\/09\/details-of-Sound-light-Dinosaur-Bubble-Machine-8.jpg 770w, https:\/\/www.chengjitoy.com\/wp-content\/uploads\/2025\/09\/details-of-Sound-light-Dinosaur-Bubble-Machine-8-137x300.jpg 137w, https:\/\/www.chengjitoy.com\/wp-content\/uploads\/2025\/09\/details-of-Sound-light-Dinosaur-Bubble-Machine-8-768x1685.jpg 768w, https:\/\/www.chengjitoy.com\/wp-content\/uploads\/2025\/09\/details-of-Sound-light-Dinosaur-Bubble-Machine-8-5x12.jpg 5w, https:\/\/www.chengjitoy.com\/wp-content\/uploads\/2025\/09\/details-of-Sound-light-Dinosaur-Bubble-Machine-8-600x1316.jpg 600w\" \/><\/figure>\n\n\n\n<figure class=\"wp-block-image size-full\"><img loading=\"lazy\" decoding=\"async\" width=\"770\" height=\"831\" sizes=\"auto, (max-width: 770px) 100vw, 770px\" src=\"https:\/\/www.chengjitoy.com\/wp-content\/uploads\/2025\/09\/details-of-Sound-light-Dinosaur-Bubble-Machine-9.jpg\" alt=\"\" class=\"wp-image-2953\" srcset=\"https:\/\/www.chengjitoy.com\/wp-content\/uploads\/2025\/09\/details-of-Sound-light-Dinosaur-Bubble-Machine-9.jpg 770w, https:\/\/www.chengjitoy.com\/wp-content\/uploads\/2025\/09\/details-of-Sound-light-Dinosaur-Bubble-Machine-9-278x300.jpg 278w, https:\/\/www.chengjitoy.com\/wp-content\/uploads\/2025\/09\/details-of-Sound-light-Dinosaur-Bubble-Machine-9-768x829.jpg 768w, https:\/\/www.chengjitoy.com\/wp-content\/uploads\/2025\/09\/details-of-Sound-light-Dinosaur-Bubble-Machine-9-11x12.jpg 11w, https:\/\/www.chengjitoy.com\/wp-content\/uploads\/2025\/09\/details-of-Sound-light-Dinosaur-Bubble-Machine-9-600x648.jpg 600w\" \/><\/figure>\n\n\n\n<figure class=\"wp-block-image size-full\"><img loading=\"lazy\" decoding=\"async\" width=\"770\" height=\"1525\" sizes=\"auto, (max-width: 770px) 100vw, 770px\" src=\"https:\/\/www.chengjitoy.com\/wp-content\/uploads\/2025\/09\/details-of-Sound-light-Dinosaur-Bubble-Machine-10.jpg\" alt=\"\" class=\"wp-image-2954\" srcset=\"https:\/\/www.chengjitoy.com\/wp-content\/uploads\/2025\/09\/details-of-Sound-light-Dinosaur-Bubble-Machine-10.jpg 770w, https:\/\/www.chengjitoy.com\/wp-content\/uploads\/2025\/09\/details-of-Sound-light-Dinosaur-Bubble-Machine-10-151x300.jpg 151w, https:\/\/www.chengjitoy.com\/wp-content\/uploads\/2025\/09\/details-of-Sound-light-Dinosaur-Bubble-Machine-10-768x1521.jpg 768w, https:\/\/www.chengjitoy.com\/wp-content\/uploads\/2025\/09\/details-of-Sound-light-Dinosaur-Bubble-Machine-10-6x12.jpg 6w, https:\/\/www.chengjitoy.com\/wp-content\/uploads\/2025\/09\/details-of-Sound-light-Dinosaur-Bubble-Machine-10-600x1188.jpg 600w\" \/><\/figure>\n<\/div>\n\n\n\n<div class=\"wp-block-column is-layout-flow wp-block-column-is-layout-flow\" style=\"flex-basis:33.33%\"><\/div>\n<\/div>\n\n\n\n<p><\/p>","protected":false},"excerpt":{"rendered":"<p>M\u00e1quina de burbujas con luces y m\u00fasica con forma de dinosaurio, ideal para venta al por mayor. Una divertida y segura m\u00e1quina de burbujas con tem\u00e1tica de dinosaurios que crea un mundo m\u00e1gico de burbujas para los ni\u00f1os. Con luces vibrantes, m\u00fasica alegre y un sencillo funcionamiento con un solo bot\u00f3n, este juguete es perfecto para jugar tanto en interiores como en exteriores. Ofrecemos servicios ODM\/OEM. \u00a1P\u00f3ngase en contacto con nosotros ahora para obtener un precio al por mayor razonable!<\/p>\n<h2>Especificaciones de la m\u00e1quina de burbujas con luces y m\u00fasica Dinosaurio<\/h2>\n<table style=\"border-collapse: collapse; width: 343.52pt;\" border=\"0\" width=\"458\" cellspacing=\"0\" cellpadding=\"0\">\n<tbody>\n<tr style=\"height: 19.50pt;\">\n<td class=\"et2\" style=\"height: 19.50pt; width: 133.75pt;\" width=\"178\" height=\"26\">Art\u00edculo No:<\/td>\n<td class=\"et3\" style=\"width: 210.00pt;\" width=\"280\">CJ-4330915<\/td>\n<\/tr>\n<tr style=\"height: 20.25pt;\">\n<td class=\"et4\" style=\"height: 20.25pt; width: 133.75pt;\" width=\"178\" height=\"27\">Paquete:<\/td>\n<td class=\"et5\" style=\"width: 210.00pt;\" width=\"280\">Caja sellada<\/td>\n<\/tr>\n<tr style=\"height: 19.50pt;\">\n<td class=\"et4\" style=\"height: 19.50pt; width: 133.75pt;\" width=\"178\" height=\"26\">Tama\u00f1o del paquete:<\/td>\n<td class=\"et6\" style=\"width: 210.00pt;\" width=\"280\">15*8.5*18.5CM<\/td>\n<\/tr>\n<tr style=\"height: 20.25pt;\">\n<td class=\"et4\" style=\"height: 20.25pt; width: 133.75pt;\" width=\"178\" height=\"27\">Tama\u00f1o de la caja\uff1a<\/td>\n<td class=\"et6\" style=\"width: 210.00pt;\" width=\"280\">62*58*57.5CM<\/td>\n<\/tr>\n<tr style=\"height: 19.50pt;\">\n<td class=\"et4\" style=\"height: 19.50pt; width: 133.75pt;\" width=\"178\" height=\"26\">Cant:<\/td>\n<td class=\"et6\" style=\"width: 210.00pt;\" width=\"280\">72 UNIDADES<\/td>\n<\/tr>\n<tr style=\"height: 20.25pt;\">\n<td class=\"et4\" style=\"height: 20.25pt; width: 133.75pt;\" width=\"178\" height=\"27\">G.W.\/N.W.:<\/td>\n<td class=\"et6\" style=\"width: 210.00pt;\" width=\"280\">18,9\/16,9 KG<\/td>\n<\/tr>\n<tr style=\"height: 19.50pt;\">\n<td class=\"et4\" style=\"height: 19.50pt; width: 133.75pt;\" width=\"178\" height=\"26\">Medici\u00f3n:<\/td>\n<td class=\"et6\" style=\"width: 210.00pt;\" width=\"280\">0,207 CBM'\/7,3 CUFT'<\/td>\n<\/tr>\n<\/tbody>\n<\/table>\n<p>\n<script src=\"chrome-extension:\/\/fpelahbljekknahkcaegamhcndkfpfnc\/iFrame.js\" type=\"text\/javascript\"><\/script><\/p>","protected":false},"featured_media":2943,"comment_status":"closed","ping_status":"closed","template":"","meta":{"_acf_changed":true},"product_brand":[],"product_cat":[30,81,19,26],"product_tag":[],"class_list":{"0":"post-2937","1":"product","2":"type-product","3":"status-publish","4":"has-post-thumbnail","6":"product_cat-wholesale-toys-for-ages-3-and-up","7":"product_cat-wholesale-bubble-guns","8":"product_cat-wholesale-toy-guns","9":"product_cat-wholesale-toys-for-all-ages","11":"first","12":"instock","13":"shipping-taxable","14":"product-type-simple"},"acf":[],"_links":{"self":[{"href":"https:\/\/www.chengjitoy.com\/es\/wp-json\/wp\/v2\/product\/2937","targetHints":{"allow":["GET"]}}],"collection":[{"href":"https:\/\/www.chengjitoy.com\/es\/wp-json\/wp\/v2\/product"}],"about":[{"href":"https:\/\/www.chengjitoy.com\/es\/wp-json\/wp\/v2\/types\/product"}],"replies":[{"embeddable":true,"href":"https:\/\/www.chengjitoy.com\/es\/wp-json\/wp\/v2\/comments?post=2937"}],"wp:featuredmedia":[{"embeddable":true,"href":"https:\/\/www.chengjitoy.com\/es\/wp-json\/wp\/v2\/media\/2943"}],"wp:attachment":[{"href":"https:\/\/www.chengjitoy.com\/es\/wp-json\/wp\/v2\/media?parent=2937"}],"wp:term":[{"taxonomy":"product_brand","embeddable":true,"href":"https:\/\/www.chengjitoy.com\/es\/wp-json\/wp\/v2\/product_brand?post=2937"},{"taxonomy":"product_cat","embeddable":true,"href":"https:\/\/www.chengjitoy.com\/es\/wp-json\/wp\/v2\/product_cat?post=2937"},{"taxonomy":"product_tag","embeddable":true,"href":"https:\/\/www.chengjitoy.com\/es\/wp-json\/wp\/v2\/product_tag?post=2937"}],"curies":[{"name":"wp","href":"https:\/\/api.w.org\/{rel}","templated":true}]}}