{"id":3058,"date":"2026-02-03T10:14:34","date_gmt":"2026-02-03T10:14:34","guid":{"rendered":"https:\/\/www.chengjitoy.com\/?post_type=product&#038;p=3058"},"modified":"2026-02-03T10:14:34","modified_gmt":"2026-02-03T10:14:34","slug":"wholesale-kids-sports-goal-set-toy-sports-toys-factory","status":"publish","type":"product","link":"https:\/\/www.chengjitoy.com\/es\/product\/wholesale-kids-sports-goal-set-toy-sports-toys-factory\/","title":{"rendered":"Mayorista Juego De Porteria - Fabrica De Juguetes Deportivos"},"content":{"rendered":"<div class=\"wp-block-columns is-layout-flex wp-container-core-columns-is-layout-9d6595d7 wp-block-columns-is-layout-flex\">\n<div class=\"wp-block-column is-layout-flow wp-block-column-is-layout-flow\" style=\"flex-basis:66.66%\">\n<figure class=\"wp-block-image size-full\"><img loading=\"lazy\" decoding=\"async\" width=\"770\" height=\"1176\" sizes=\"auto, (max-width: 770px) 100vw, 770px\" src=\"https:\/\/www.chengjitoy.com\/wp-content\/uploads\/2026\/01\/details-of-Foot-Basketball-2-in-1-1.webp\" alt=\"\" class=\"wp-image-8518\" srcset=\"https:\/\/www.chengjitoy.com\/wp-content\/uploads\/2026\/01\/details-of-Foot-Basketball-2-in-1-1.webp 770w, https:\/\/www.chengjitoy.com\/wp-content\/uploads\/2026\/01\/details-of-Foot-Basketball-2-in-1-1-196x300.webp 196w, https:\/\/www.chengjitoy.com\/wp-content\/uploads\/2026\/01\/details-of-Foot-Basketball-2-in-1-1-768x1173.webp 768w, https:\/\/www.chengjitoy.com\/wp-content\/uploads\/2026\/01\/details-of-Foot-Basketball-2-in-1-1-8x12.webp 8w, https:\/\/www.chengjitoy.com\/wp-content\/uploads\/2026\/01\/details-of-Foot-Basketball-2-in-1-1-600x916.webp 600w\" \/><\/figure>\n\n\n\n<figure class=\"wp-block-image size-full\"><img loading=\"lazy\" decoding=\"async\" width=\"770\" height=\"1942\" sizes=\"auto, (max-width: 770px) 100vw, 770px\" src=\"https:\/\/www.chengjitoy.com\/wp-content\/uploads\/2026\/01\/details-of-Foot-Basketball-2-in-1-2.webp\" alt=\"\" class=\"wp-image-8519\" srcset=\"https:\/\/www.chengjitoy.com\/wp-content\/uploads\/2026\/01\/details-of-Foot-Basketball-2-in-1-2.webp 770w, https:\/\/www.chengjitoy.com\/wp-content\/uploads\/2026\/01\/details-of-Foot-Basketball-2-in-1-2-119x300.webp 119w, https:\/\/www.chengjitoy.com\/wp-content\/uploads\/2026\/01\/details-of-Foot-Basketball-2-in-1-2-768x1937.webp 768w, https:\/\/www.chengjitoy.com\/wp-content\/uploads\/2026\/01\/details-of-Foot-Basketball-2-in-1-2-5x12.webp 5w, https:\/\/www.chengjitoy.com\/wp-content\/uploads\/2026\/01\/details-of-Foot-Basketball-2-in-1-2-600x1513.webp 600w\" \/><\/figure>\n\n\n\n<figure class=\"wp-block-image size-full\"><img loading=\"lazy\" decoding=\"async\" width=\"770\" height=\"2455\" sizes=\"auto, (max-width: 770px) 100vw, 770px\" src=\"https:\/\/www.chengjitoy.com\/wp-content\/uploads\/2026\/01\/details-of-Foot-Basketball-2-in-1-3.webp\" alt=\"\" class=\"wp-image-8520\" srcset=\"https:\/\/www.chengjitoy.com\/wp-content\/uploads\/2026\/01\/details-of-Foot-Basketball-2-in-1-3.webp 770w, https:\/\/www.chengjitoy.com\/wp-content\/uploads\/2026\/01\/details-of-Foot-Basketball-2-in-1-3-94x300.webp 94w, https:\/\/www.chengjitoy.com\/wp-content\/uploads\/2026\/01\/details-of-Foot-Basketball-2-in-1-3-768x2449.webp 768w, https:\/\/www.chengjitoy.com\/wp-content\/uploads\/2026\/01\/details-of-Foot-Basketball-2-in-1-3-4x12.webp 4w, https:\/\/www.chengjitoy.com\/wp-content\/uploads\/2026\/01\/details-of-Foot-Basketball-2-in-1-3-600x1913.webp 600w\" \/><\/figure>\n\n\n\n<figure class=\"wp-block-image size-full\"><img loading=\"lazy\" decoding=\"async\" width=\"770\" height=\"1975\" sizes=\"auto, (max-width: 770px) 100vw, 770px\" src=\"https:\/\/www.chengjitoy.com\/wp-content\/uploads\/2026\/01\/details-of-Foot-Basketball-2-in-1-4.webp\" alt=\"\" class=\"wp-image-8521\" srcset=\"https:\/\/www.chengjitoy.com\/wp-content\/uploads\/2026\/01\/details-of-Foot-Basketball-2-in-1-4.webp 770w, https:\/\/www.chengjitoy.com\/wp-content\/uploads\/2026\/01\/details-of-Foot-Basketball-2-in-1-4-117x300.webp 117w, https:\/\/www.chengjitoy.com\/wp-content\/uploads\/2026\/01\/details-of-Foot-Basketball-2-in-1-4-768x1970.webp 768w, https:\/\/www.chengjitoy.com\/wp-content\/uploads\/2026\/01\/details-of-Foot-Basketball-2-in-1-4-5x12.webp 5w, https:\/\/www.chengjitoy.com\/wp-content\/uploads\/2026\/01\/details-of-Foot-Basketball-2-in-1-4-600x1539.webp 600w\" \/><\/figure>\n\n\n\n<figure class=\"wp-block-image size-full\"><img loading=\"lazy\" decoding=\"async\" width=\"770\" height=\"1615\" sizes=\"auto, (max-width: 770px) 100vw, 770px\" src=\"https:\/\/www.chengjitoy.com\/wp-content\/uploads\/2026\/01\/details-of-Foot-Basketball-2-in-1-5.webp\" alt=\"\" class=\"wp-image-8522\" srcset=\"https:\/\/www.chengjitoy.com\/wp-content\/uploads\/2026\/01\/details-of-Foot-Basketball-2-in-1-5.webp 770w, https:\/\/www.chengjitoy.com\/wp-content\/uploads\/2026\/01\/details-of-Foot-Basketball-2-in-1-5-143x300.webp 143w, https:\/\/www.chengjitoy.com\/wp-content\/uploads\/2026\/01\/details-of-Foot-Basketball-2-in-1-5-768x1611.webp 768w, https:\/\/www.chengjitoy.com\/wp-content\/uploads\/2026\/01\/details-of-Foot-Basketball-2-in-1-5-6x12.webp 6w, https:\/\/www.chengjitoy.com\/wp-content\/uploads\/2026\/01\/details-of-Foot-Basketball-2-in-1-5-600x1258.webp 600w\" \/><\/figure>\n<\/div>\n\n\n\n<div class=\"wp-block-column is-layout-flow wp-block-column-is-layout-flow\" style=\"flex-basis:33.33%\"><\/div>\n<\/div>","protected":false},"excerpt":{"rendered":"<p>Mayorista de porter\u00edas deportivas de juguete. Es un 2 en 1 f\u00fatbol &amp; baloncesto deportes conjunto para juego interior\/exterior, mejora la coordinaci\u00f3n, est\u00e1 hecho de material ABS, es divertido para padres y ni\u00f1os y viene en opciones de varios colores.<\/p>\n<p>Como <a href=\"https:\/\/www.chengjitoy.com\/es\/categoria-producto\/wholesale-sports-toys\/\"><strong>proveedor de juguetes deportivos<\/strong><\/a>, Chengji puede ofrecer suministros de juguetes a granel en todo el mundo. P\u00f3ngase en contacto con nosotros.<\/p>\n<h2>Especificaciones de Sports Goal Set Toy 2 en 1<\/h2>\n<table style=\"border-collapse: collapse; width: 343.52pt;\" border=\"0\" width=\"458\" cellspacing=\"0\" cellpadding=\"0\">\n<tbody>\n<tr style=\"height: 19.50pt;\">\n<td class=\"et2\" style=\"height: 19.50pt; width: 133.75pt;\" width=\"178\" height=\"26\">Art\u00edculo No:<\/td>\n<td class=\"et3\" style=\"width: 210.00pt;\" width=\"280\">CJ-4985122<\/td>\n<\/tr>\n<tr style=\"height: 20.25pt;\">\n<td class=\"et4\" style=\"height: 20.25pt; width: 133.75pt;\" width=\"178\" height=\"27\">Paquete:<\/td>\n<td class=\"et5\" style=\"width: 210.00pt;\" width=\"280\">caja de color<\/td>\n<\/tr>\n<tr style=\"height: 19.50pt;\">\n<td class=\"et4\" style=\"height: 19.50pt; width: 133.75pt;\" width=\"178\" height=\"26\">Tama\u00f1o del paquete:<\/td>\n<td class=\"et5\" style=\"width: 210.00pt;\" width=\"280\">67*26*6CM<\/td>\n<\/tr>\n<tr style=\"height: 20.25pt;\">\n<td class=\"et4\" style=\"height: 20.25pt; width: 133.75pt;\" width=\"178\" height=\"27\">Tama\u00f1o de la caja\uff1a<\/td>\n<td class=\"et5\" style=\"width: 210.00pt;\" width=\"280\">70*55*79CM<\/td>\n<\/tr>\n<tr style=\"height: 19.50pt;\">\n<td class=\"et4\" style=\"height: 19.50pt; width: 133.75pt;\" width=\"178\" height=\"26\">Cant:<\/td>\n<td class=\"et5\" style=\"width: 210.00pt;\" width=\"280\">24\/PCS<\/td>\n<\/tr>\n<tr style=\"height: 20.25pt;\">\n<td class=\"et4\" style=\"height: 20.25pt; width: 133.75pt;\" width=\"178\" height=\"27\">G.W.\/N.W.:<\/td>\n<td class=\"et5\" style=\"width: 210.00pt;\" width=\"280\">21\/18 kg<\/td>\n<\/tr>\n<tr style=\"height: 19.50pt;\">\n<td class=\"et4\" style=\"height: 19.50pt; width: 133.75pt;\" width=\"178\" height=\"26\">Medici\u00f3n:<\/td>\n<td class=\"et5\" style=\"width: 210.00pt;\" width=\"280\">0,3 CBM\u2019\/10,73 CUFT\u2019<\/td>\n<\/tr>\n<\/tbody>\n<\/table>","protected":false},"featured_media":8512,"comment_status":"closed","ping_status":"closed","template":"","meta":{"_acf_changed":true},"product_brand":[],"product_cat":[26,30,78,20],"product_tag":[],"class_list":{"0":"post-3058","1":"product","2":"type-product","3":"status-publish","4":"has-post-thumbnail","6":"product_cat-wholesale-toys-for-all-ages","7":"product_cat-wholesale-toys-for-ages-3-and-up","8":"product_cat-wholesale-football-toys","9":"product_cat-wholesale-sports-toys","11":"first","12":"instock","13":"shipping-taxable","14":"product-type-simple"},"acf":[],"_links":{"self":[{"href":"https:\/\/www.chengjitoy.com\/es\/wp-json\/wp\/v2\/product\/3058","targetHints":{"allow":["GET"]}}],"collection":[{"href":"https:\/\/www.chengjitoy.com\/es\/wp-json\/wp\/v2\/product"}],"about":[{"href":"https:\/\/www.chengjitoy.com\/es\/wp-json\/wp\/v2\/types\/product"}],"replies":[{"embeddable":true,"href":"https:\/\/www.chengjitoy.com\/es\/wp-json\/wp\/v2\/comments?post=3058"}],"wp:featuredmedia":[{"embeddable":true,"href":"https:\/\/www.chengjitoy.com\/es\/wp-json\/wp\/v2\/media\/8512"}],"wp:attachment":[{"href":"https:\/\/www.chengjitoy.com\/es\/wp-json\/wp\/v2\/media?parent=3058"}],"wp:term":[{"taxonomy":"product_brand","embeddable":true,"href":"https:\/\/www.chengjitoy.com\/es\/wp-json\/wp\/v2\/product_brand?post=3058"},{"taxonomy":"product_cat","embeddable":true,"href":"https:\/\/www.chengjitoy.com\/es\/wp-json\/wp\/v2\/product_cat?post=3058"},{"taxonomy":"product_tag","embeddable":true,"href":"https:\/\/www.chengjitoy.com\/es\/wp-json\/wp\/v2\/product_tag?post=3058"}],"curies":[{"name":"wp","href":"https:\/\/api.w.org\/{rel}","templated":true}]}}