{"id":3059,"date":"2026-02-05T10:18:20","date_gmt":"2026-02-05T10:18:20","guid":{"rendered":"https:\/\/www.chengjitoy.com\/?post_type=product&#038;p=3059"},"modified":"2026-02-05T10:18:20","modified_gmt":"2026-02-05T10:18:20","slug":"wholesale-dinosaur-big-wheel-truck-toy","status":"publish","type":"product","link":"https:\/\/www.chengjitoy.com\/es\/product\/wholesale-dinosaur-big-wheel-truck-toy\/","title":{"rendered":"Wholesale Dinosaur Big Wheel Truck, 1:16 Scale, 4WD &#8211; RC Big Wheel Truck Toy Supply"},"content":{"rendered":"<div class=\"wp-block-columns is-layout-flex wp-container-core-columns-is-layout-9d6595d7 wp-block-columns-is-layout-flex\">\n<div class=\"wp-block-column is-layout-flow wp-block-column-is-layout-flow\" style=\"flex-basis:66.66%\"><\/div>\n\n\n\n<div class=\"wp-block-column is-layout-flow wp-block-column-is-layout-flow\" style=\"flex-basis:33.33%\"><\/div>\n<\/div>\n\n\n\n<div class=\"wp-block-columns is-layout-flex wp-container-core-columns-is-layout-9d6595d7 wp-block-columns-is-layout-flex\">\n<div class=\"wp-block-column is-layout-flow wp-block-column-is-layout-flow\" style=\"flex-basis:66.66%\">\n<figure class=\"wp-block-image size-full\"><img loading=\"lazy\" decoding=\"async\" width=\"770\" height=\"1327\" src=\"https:\/\/www.chengjitoy.com\/wp-content\/uploads\/2026\/01\/details-of-1-16-rc-vehicle-1.webp\" alt=\"\" class=\"wp-image-8575\" srcset=\"https:\/\/www.chengjitoy.com\/wp-content\/uploads\/2026\/01\/details-of-1-16-rc-vehicle-1.webp 770w, https:\/\/www.chengjitoy.com\/wp-content\/uploads\/2026\/01\/details-of-1-16-rc-vehicle-1-174x300.webp 174w, https:\/\/www.chengjitoy.com\/wp-content\/uploads\/2026\/01\/details-of-1-16-rc-vehicle-1-768x1324.webp 768w, https:\/\/www.chengjitoy.com\/wp-content\/uploads\/2026\/01\/details-of-1-16-rc-vehicle-1-7x12.webp 7w, https:\/\/www.chengjitoy.com\/wp-content\/uploads\/2026\/01\/details-of-1-16-rc-vehicle-1-600x1034.webp 600w\" sizes=\"auto, (max-width: 770px) 100vw, 770px\" \/><\/figure>\n\n\n\n<figure class=\"wp-block-image size-full\"><img loading=\"lazy\" decoding=\"async\" width=\"770\" height=\"1451\" src=\"https:\/\/www.chengjitoy.com\/wp-content\/uploads\/2026\/01\/details-of-1-16-rc-vehicle-2.webp\" alt=\"\" class=\"wp-image-8576\" srcset=\"https:\/\/www.chengjitoy.com\/wp-content\/uploads\/2026\/01\/details-of-1-16-rc-vehicle-2.webp 770w, https:\/\/www.chengjitoy.com\/wp-content\/uploads\/2026\/01\/details-of-1-16-rc-vehicle-2-159x300.webp 159w, https:\/\/www.chengjitoy.com\/wp-content\/uploads\/2026\/01\/details-of-1-16-rc-vehicle-2-768x1447.webp 768w, https:\/\/www.chengjitoy.com\/wp-content\/uploads\/2026\/01\/details-of-1-16-rc-vehicle-2-6x12.webp 6w, https:\/\/www.chengjitoy.com\/wp-content\/uploads\/2026\/01\/details-of-1-16-rc-vehicle-2-600x1131.webp 600w\" sizes=\"auto, (max-width: 770px) 100vw, 770px\" \/><\/figure>\n\n\n\n<figure class=\"wp-block-image size-full\"><img loading=\"lazy\" decoding=\"async\" width=\"770\" height=\"1093\" src=\"https:\/\/www.chengjitoy.com\/wp-content\/uploads\/2026\/01\/details-of-1-16-rc-vehicle-3.webp\" alt=\"\" class=\"wp-image-8577\" srcset=\"https:\/\/www.chengjitoy.com\/wp-content\/uploads\/2026\/01\/details-of-1-16-rc-vehicle-3.webp 770w, https:\/\/www.chengjitoy.com\/wp-content\/uploads\/2026\/01\/details-of-1-16-rc-vehicle-3-211x300.webp 211w, https:\/\/www.chengjitoy.com\/wp-content\/uploads\/2026\/01\/details-of-1-16-rc-vehicle-3-768x1090.webp 768w, https:\/\/www.chengjitoy.com\/wp-content\/uploads\/2026\/01\/details-of-1-16-rc-vehicle-3-8x12.webp 8w, https:\/\/www.chengjitoy.com\/wp-content\/uploads\/2026\/01\/details-of-1-16-rc-vehicle-3-600x852.webp 600w\" sizes=\"auto, (max-width: 770px) 100vw, 770px\" \/><\/figure>\n\n\n\n<figure class=\"wp-block-image size-full\"><img loading=\"lazy\" decoding=\"async\" width=\"770\" height=\"1486\" src=\"https:\/\/www.chengjitoy.com\/wp-content\/uploads\/2026\/01\/details-of-1-16-rc-vehicle-4.webp\" alt=\"\" class=\"wp-image-8578\" srcset=\"https:\/\/www.chengjitoy.com\/wp-content\/uploads\/2026\/01\/details-of-1-16-rc-vehicle-4.webp 770w, https:\/\/www.chengjitoy.com\/wp-content\/uploads\/2026\/01\/details-of-1-16-rc-vehicle-4-155x300.webp 155w, https:\/\/www.chengjitoy.com\/wp-content\/uploads\/2026\/01\/details-of-1-16-rc-vehicle-4-768x1482.webp 768w, https:\/\/www.chengjitoy.com\/wp-content\/uploads\/2026\/01\/details-of-1-16-rc-vehicle-4-6x12.webp 6w, https:\/\/www.chengjitoy.com\/wp-content\/uploads\/2026\/01\/details-of-1-16-rc-vehicle-4-600x1158.webp 600w\" sizes=\"auto, (max-width: 770px) 100vw, 770px\" \/><\/figure>\n\n\n\n<figure class=\"wp-block-image size-full\"><img loading=\"lazy\" decoding=\"async\" width=\"770\" height=\"1387\" src=\"https:\/\/www.chengjitoy.com\/wp-content\/uploads\/2026\/01\/details-of-1-16-rc-vehicle-5.webp\" alt=\"\" class=\"wp-image-8579\" srcset=\"https:\/\/www.chengjitoy.com\/wp-content\/uploads\/2026\/01\/details-of-1-16-rc-vehicle-5.webp 770w, https:\/\/www.chengjitoy.com\/wp-content\/uploads\/2026\/01\/details-of-1-16-rc-vehicle-5-167x300.webp 167w, https:\/\/www.chengjitoy.com\/wp-content\/uploads\/2026\/01\/details-of-1-16-rc-vehicle-5-768x1383.webp 768w, https:\/\/www.chengjitoy.com\/wp-content\/uploads\/2026\/01\/details-of-1-16-rc-vehicle-5-7x12.webp 7w, https:\/\/www.chengjitoy.com\/wp-content\/uploads\/2026\/01\/details-of-1-16-rc-vehicle-5-600x1081.webp 600w\" sizes=\"auto, (max-width: 770px) 100vw, 770px\" \/><\/figure>\n\n\n\n<figure class=\"wp-block-image size-full\"><img loading=\"lazy\" decoding=\"async\" width=\"770\" height=\"1196\" src=\"https:\/\/www.chengjitoy.com\/wp-content\/uploads\/2026\/01\/details-of-1-16-rc-vehicle-6.webp\" alt=\"\" class=\"wp-image-8580\" srcset=\"https:\/\/www.chengjitoy.com\/wp-content\/uploads\/2026\/01\/details-of-1-16-rc-vehicle-6.webp 770w, https:\/\/www.chengjitoy.com\/wp-content\/uploads\/2026\/01\/details-of-1-16-rc-vehicle-6-193x300.webp 193w, https:\/\/www.chengjitoy.com\/wp-content\/uploads\/2026\/01\/details-of-1-16-rc-vehicle-6-768x1193.webp 768w, https:\/\/www.chengjitoy.com\/wp-content\/uploads\/2026\/01\/details-of-1-16-rc-vehicle-6-8x12.webp 8w, https:\/\/www.chengjitoy.com\/wp-content\/uploads\/2026\/01\/details-of-1-16-rc-vehicle-6-600x932.webp 600w\" sizes=\"auto, (max-width: 770px) 100vw, 770px\" \/><\/figure>\n\n\n\n<figure class=\"wp-block-image size-full\"><img loading=\"lazy\" decoding=\"async\" width=\"770\" height=\"1060\" src=\"https:\/\/www.chengjitoy.com\/wp-content\/uploads\/2026\/01\/details-of-1-16-rc-vehicle-7.webp\" alt=\"\" class=\"wp-image-8581\" srcset=\"https:\/\/www.chengjitoy.com\/wp-content\/uploads\/2026\/01\/details-of-1-16-rc-vehicle-7.webp 770w, https:\/\/www.chengjitoy.com\/wp-content\/uploads\/2026\/01\/details-of-1-16-rc-vehicle-7-218x300.webp 218w, https:\/\/www.chengjitoy.com\/wp-content\/uploads\/2026\/01\/details-of-1-16-rc-vehicle-7-768x1057.webp 768w, https:\/\/www.chengjitoy.com\/wp-content\/uploads\/2026\/01\/details-of-1-16-rc-vehicle-7-9x12.webp 9w, https:\/\/www.chengjitoy.com\/wp-content\/uploads\/2026\/01\/details-of-1-16-rc-vehicle-7-600x826.webp 600w\" sizes=\"auto, (max-width: 770px) 100vw, 770px\" \/><\/figure>\n\n\n\n<figure class=\"wp-block-image size-full\"><img loading=\"lazy\" decoding=\"async\" width=\"770\" height=\"1141\" src=\"https:\/\/www.chengjitoy.com\/wp-content\/uploads\/2026\/01\/details-of-1-16-rc-vehicle-8.webp\" alt=\"\" class=\"wp-image-8582\" srcset=\"https:\/\/www.chengjitoy.com\/wp-content\/uploads\/2026\/01\/details-of-1-16-rc-vehicle-8.webp 770w, https:\/\/www.chengjitoy.com\/wp-content\/uploads\/2026\/01\/details-of-1-16-rc-vehicle-8-202x300.webp 202w, https:\/\/www.chengjitoy.com\/wp-content\/uploads\/2026\/01\/details-of-1-16-rc-vehicle-8-768x1138.webp 768w, https:\/\/www.chengjitoy.com\/wp-content\/uploads\/2026\/01\/details-of-1-16-rc-vehicle-8-8x12.webp 8w, https:\/\/www.chengjitoy.com\/wp-content\/uploads\/2026\/01\/details-of-1-16-rc-vehicle-8-600x889.webp 600w\" sizes=\"auto, (max-width: 770px) 100vw, 770px\" \/><\/figure>\n\n\n\n<figure class=\"wp-block-image size-full\"><img loading=\"lazy\" decoding=\"async\" width=\"770\" height=\"1312\" src=\"https:\/\/www.chengjitoy.com\/wp-content\/uploads\/2026\/01\/details-of-1-16-rc-vehicle-9.webp\" alt=\"\" class=\"wp-image-8583\" srcset=\"https:\/\/www.chengjitoy.com\/wp-content\/uploads\/2026\/01\/details-of-1-16-rc-vehicle-9.webp 770w, https:\/\/www.chengjitoy.com\/wp-content\/uploads\/2026\/01\/details-of-1-16-rc-vehicle-9-176x300.webp 176w, https:\/\/www.chengjitoy.com\/wp-content\/uploads\/2026\/01\/details-of-1-16-rc-vehicle-9-768x1309.webp 768w, https:\/\/www.chengjitoy.com\/wp-content\/uploads\/2026\/01\/details-of-1-16-rc-vehicle-9-7x12.webp 7w, https:\/\/www.chengjitoy.com\/wp-content\/uploads\/2026\/01\/details-of-1-16-rc-vehicle-9-600x1022.webp 600w\" sizes=\"auto, (max-width: 770px) 100vw, 770px\" \/><\/figure>\n\n\n\n<figure class=\"wp-block-image size-full\"><img loading=\"lazy\" decoding=\"async\" width=\"770\" height=\"1378\" src=\"https:\/\/www.chengjitoy.com\/wp-content\/uploads\/2026\/01\/details-of-1-16-rc-vehicle-10.webp\" alt=\"\" class=\"wp-image-8584\" srcset=\"https:\/\/www.chengjitoy.com\/wp-content\/uploads\/2026\/01\/details-of-1-16-rc-vehicle-10.webp 770w, https:\/\/www.chengjitoy.com\/wp-content\/uploads\/2026\/01\/details-of-1-16-rc-vehicle-10-168x300.webp 168w, https:\/\/www.chengjitoy.com\/wp-content\/uploads\/2026\/01\/details-of-1-16-rc-vehicle-10-768x1374.webp 768w, https:\/\/www.chengjitoy.com\/wp-content\/uploads\/2026\/01\/details-of-1-16-rc-vehicle-10-7x12.webp 7w, https:\/\/www.chengjitoy.com\/wp-content\/uploads\/2026\/01\/details-of-1-16-rc-vehicle-10-600x1074.webp 600w\" sizes=\"auto, (max-width: 770px) 100vw, 770px\" \/><\/figure>\n\n\n\n<figure class=\"wp-block-image size-full\"><img loading=\"lazy\" decoding=\"async\" width=\"770\" height=\"609\" src=\"https:\/\/www.chengjitoy.com\/wp-content\/uploads\/2026\/01\/details-of-1-16-rc-vehicle-11.webp\" alt=\"\" class=\"wp-image-8585\" srcset=\"https:\/\/www.chengjitoy.com\/wp-content\/uploads\/2026\/01\/details-of-1-16-rc-vehicle-11.webp 770w, https:\/\/www.chengjitoy.com\/wp-content\/uploads\/2026\/01\/details-of-1-16-rc-vehicle-11-300x237.webp 300w, https:\/\/www.chengjitoy.com\/wp-content\/uploads\/2026\/01\/details-of-1-16-rc-vehicle-11-768x607.webp 768w, https:\/\/www.chengjitoy.com\/wp-content\/uploads\/2026\/01\/details-of-1-16-rc-vehicle-11-15x12.webp 15w, https:\/\/www.chengjitoy.com\/wp-content\/uploads\/2026\/01\/details-of-1-16-rc-vehicle-11-600x475.webp 600w\" sizes=\"auto, (max-width: 770px) 100vw, 770px\" \/><\/figure>\n\n\n\n<figure class=\"wp-block-image size-full\"><img loading=\"lazy\" decoding=\"async\" width=\"770\" height=\"642\" src=\"https:\/\/www.chengjitoy.com\/wp-content\/uploads\/2026\/01\/details-of-1-16-rc-vehicle-12.webp\" alt=\"\" class=\"wp-image-8586\" srcset=\"https:\/\/www.chengjitoy.com\/wp-content\/uploads\/2026\/01\/details-of-1-16-rc-vehicle-12.webp 770w, https:\/\/www.chengjitoy.com\/wp-content\/uploads\/2026\/01\/details-of-1-16-rc-vehicle-12-300x250.webp 300w, https:\/\/www.chengjitoy.com\/wp-content\/uploads\/2026\/01\/details-of-1-16-rc-vehicle-12-768x640.webp 768w, https:\/\/www.chengjitoy.com\/wp-content\/uploads\/2026\/01\/details-of-1-16-rc-vehicle-12-14x12.webp 14w, https:\/\/www.chengjitoy.com\/wp-content\/uploads\/2026\/01\/details-of-1-16-rc-vehicle-12-600x500.webp 600w\" sizes=\"auto, (max-width: 770px) 100vw, 770px\" \/><\/figure>\n\n\n\n<figure class=\"wp-block-image size-full\"><img loading=\"lazy\" decoding=\"async\" width=\"770\" height=\"1440\" src=\"https:\/\/www.chengjitoy.com\/wp-content\/uploads\/2026\/01\/details-of-1-16-rc-vehicle-13.webp\" alt=\"\" class=\"wp-image-8587\" srcset=\"https:\/\/www.chengjitoy.com\/wp-content\/uploads\/2026\/01\/details-of-1-16-rc-vehicle-13.webp 770w, https:\/\/www.chengjitoy.com\/wp-content\/uploads\/2026\/01\/details-of-1-16-rc-vehicle-13-160x300.webp 160w, https:\/\/www.chengjitoy.com\/wp-content\/uploads\/2026\/01\/details-of-1-16-rc-vehicle-13-768x1436.webp 768w, https:\/\/www.chengjitoy.com\/wp-content\/uploads\/2026\/01\/details-of-1-16-rc-vehicle-13-6x12.webp 6w, https:\/\/www.chengjitoy.com\/wp-content\/uploads\/2026\/01\/details-of-1-16-rc-vehicle-13-600x1122.webp 600w\" sizes=\"auto, (max-width: 770px) 100vw, 770px\" \/><\/figure>\n<\/div>\n\n\n\n<div class=\"wp-block-column is-layout-flow wp-block-column-is-layout-flow\" style=\"flex-basis:33.33%\"><\/div>\n<\/div>","protected":false},"excerpt":{"rendered":"<p>Venta al por mayor juguete de cami\u00f3n de ruedas grandes de dinosaurio, control remoto. Este juguete de cami\u00f3n de rueda grande cuenta con un control remoto todoterreno, escala 1:16, 4WD, 2.4G remoto con opciones de actualizaci\u00f3n, tren motriz de metal en polvo, neum\u00e1ticos todo terreno y bater\u00eda de larga duraci\u00f3n.<\/p>\n<p>Como un <a href=\"https:\/\/www.chengjitoy.com\/es\/categoria-producto\/wholesale-rc-toys\/\"><strong>Fabricante de juguetes RC<\/strong><\/a>, Chengji admite pedidos de juguetes al por mayor de marcas, minoristas y distribuidores. \u00a1Pida su presupuesto ahora!<\/p>\n<h2>Especificaciones de RC Dinosaur Big Wheel Truck<\/h2>\n<table style=\"border-collapse: collapse; width: 343.52pt;\" border=\"0\" width=\"458\" cellspacing=\"0\" cellpadding=\"0\">\n<tbody>\n<tr style=\"height: 19.50pt;\">\n<td class=\"et2\" style=\"height: 19.50pt; width: 133.75pt;\" width=\"178\" height=\"26\">Art\u00edculo No:<\/td>\n<td class=\"et3\" style=\"width: 210.00pt;\" width=\"280\">CJ-2211824<\/td>\n<\/tr>\n<tr style=\"height: 20.25pt;\">\n<td class=\"et4\" style=\"height: 20.25pt; width: 133.75pt;\" width=\"178\" height=\"27\">Paquete:<\/td>\n<td class=\"et5\" style=\"width: 210.00pt;\" width=\"280\">caja de color<\/td>\n<\/tr>\n<tr style=\"height: 19.50pt;\">\n<td class=\"et4\" style=\"height: 19.50pt; width: 133.75pt;\" width=\"178\" height=\"26\">Tama\u00f1o del paquete:<\/td>\n<td class=\"et5\" style=\"width: 210.00pt;\" width=\"280\">36.5*15.5*24.5CM<\/td>\n<\/tr>\n<tr style=\"height: 20.25pt;\">\n<td class=\"et4\" style=\"height: 20.25pt; width: 133.75pt;\" width=\"178\" height=\"27\">Tama\u00f1o de la caja\uff1a<\/td>\n<td class=\"et5\" style=\"width: 210.00pt;\" width=\"280\">77*38.5*65.5CM<\/td>\n<\/tr>\n<tr style=\"height: 19.50pt;\">\n<td class=\"et4\" style=\"height: 19.50pt; width: 133.75pt;\" width=\"178\" height=\"26\">Cant:<\/td>\n<td class=\"et5\" style=\"width: 210.00pt;\" width=\"280\">12 UNIDADES<\/td>\n<\/tr>\n<tr style=\"height: 20.25pt;\">\n<td class=\"et4\" style=\"height: 20.25pt; width: 133.75pt;\" width=\"178\" height=\"27\">G.W.\/N.W.:<\/td>\n<td class=\"et5\" style=\"width: 210.00pt;\" width=\"280\">20,3\/19 KG<\/td>\n<\/tr>\n<tr style=\"height: 19.50pt;\">\n<td class=\"et4\" style=\"height: 19.50pt; width: 133.75pt;\" width=\"178\" height=\"26\">Medici\u00f3n:<\/td>\n<td class=\"et5\" style=\"width: 210.00pt;\" width=\"280\">0,19 CBM\u2019\/6,85 CUFT\u2019<\/td>\n<\/tr>\n<\/tbody>\n<\/table>","protected":false},"featured_media":8568,"comment_status":"closed","ping_status":"closed","template":"","meta":{"_acf_changed":true},"product_brand":[],"product_cat":[26,30,18,50],"product_tag":[],"class_list":{"0":"post-3059","1":"product","2":"type-product","3":"status-publish","4":"has-post-thumbnail","6":"product_cat-wholesale-toys-for-all-ages","7":"product_cat-wholesale-toys-for-ages-3-and-up","8":"product_cat-wholesale-rc-toys","9":"product_cat-wholesale-rc-cars","11":"first","12":"instock","13":"shipping-taxable","14":"product-type-simple"},"acf":[],"_links":{"self":[{"href":"https:\/\/www.chengjitoy.com\/es\/wp-json\/wp\/v2\/product\/3059","targetHints":{"allow":["GET"]}}],"collection":[{"href":"https:\/\/www.chengjitoy.com\/es\/wp-json\/wp\/v2\/product"}],"about":[{"href":"https:\/\/www.chengjitoy.com\/es\/wp-json\/wp\/v2\/types\/product"}],"replies":[{"embeddable":true,"href":"https:\/\/www.chengjitoy.com\/es\/wp-json\/wp\/v2\/comments?post=3059"}],"wp:featuredmedia":[{"embeddable":true,"href":"https:\/\/www.chengjitoy.com\/es\/wp-json\/wp\/v2\/media\/8568"}],"wp:attachment":[{"href":"https:\/\/www.chengjitoy.com\/es\/wp-json\/wp\/v2\/media?parent=3059"}],"wp:term":[{"taxonomy":"product_brand","embeddable":true,"href":"https:\/\/www.chengjitoy.com\/es\/wp-json\/wp\/v2\/product_brand?post=3059"},{"taxonomy":"product_cat","embeddable":true,"href":"https:\/\/www.chengjitoy.com\/es\/wp-json\/wp\/v2\/product_cat?post=3059"},{"taxonomy":"product_tag","embeddable":true,"href":"https:\/\/www.chengjitoy.com\/es\/wp-json\/wp\/v2\/product_tag?post=3059"}],"curies":[{"name":"wp","href":"https:\/\/api.w.org\/{rel}","templated":true}]}}