{"id":3112,"date":"2025-12-11T10:07:28","date_gmt":"2025-12-11T10:07:28","guid":{"rendered":"https:\/\/www.chengjitoy.com\/?post_type=product&#038;p=3112"},"modified":"2025-12-11T10:07:28","modified_gmt":"2025-12-11T10:07:28","slug":"wholesale-technology-rocket-sprinkler","status":"publish","type":"product","link":"https:\/\/www.chengjitoy.com\/es\/product\/wholesale-technology-rocket-sprinkler\/","title":{"rendered":"Juguete tecnol\u00f3gico al por mayor Rocket Sprinkler: juguete de verano, diversi\u00f3n al aire libre."},"content":{"rendered":"<div class=\"wp-block-columns is-layout-flex wp-container-core-columns-is-layout-9d6595d7 wp-block-columns-is-layout-flex\">\n<div class=\"wp-block-column is-layout-flow wp-block-column-is-layout-flow\" style=\"flex-basis:66.66%\">\n<figure class=\"wp-block-image size-full\"><img loading=\"lazy\" decoding=\"async\" width=\"770\" height=\"1270\" sizes=\"auto, (max-width: 770px) 100vw, 770px\" src=\"https:\/\/www.chengjitoy.com\/wp-content\/uploads\/2025\/09\/details-of-Technology-rocket-sprinkler-1.jpg\" alt=\"\" class=\"wp-image-3119\" srcset=\"https:\/\/www.chengjitoy.com\/wp-content\/uploads\/2025\/09\/details-of-Technology-rocket-sprinkler-1.jpg 770w, https:\/\/www.chengjitoy.com\/wp-content\/uploads\/2025\/09\/details-of-Technology-rocket-sprinkler-1-182x300.jpg 182w, https:\/\/www.chengjitoy.com\/wp-content\/uploads\/2025\/09\/details-of-Technology-rocket-sprinkler-1-768x1267.jpg 768w, https:\/\/www.chengjitoy.com\/wp-content\/uploads\/2025\/09\/details-of-Technology-rocket-sprinkler-1-7x12.jpg 7w, https:\/\/www.chengjitoy.com\/wp-content\/uploads\/2025\/09\/details-of-Technology-rocket-sprinkler-1-600x990.jpg 600w\" \/><\/figure>\n\n\n\n<figure class=\"wp-block-image size-full\"><img loading=\"lazy\" decoding=\"async\" width=\"770\" height=\"1327\" sizes=\"auto, (max-width: 770px) 100vw, 770px\" src=\"https:\/\/www.chengjitoy.com\/wp-content\/uploads\/2025\/09\/details-of-Technology-rocket-sprinkler-2.jpg\" alt=\"\" class=\"wp-image-3120\" srcset=\"https:\/\/www.chengjitoy.com\/wp-content\/uploads\/2025\/09\/details-of-Technology-rocket-sprinkler-2.jpg 770w, https:\/\/www.chengjitoy.com\/wp-content\/uploads\/2025\/09\/details-of-Technology-rocket-sprinkler-2-174x300.jpg 174w, https:\/\/www.chengjitoy.com\/wp-content\/uploads\/2025\/09\/details-of-Technology-rocket-sprinkler-2-768x1324.jpg 768w, https:\/\/www.chengjitoy.com\/wp-content\/uploads\/2025\/09\/details-of-Technology-rocket-sprinkler-2-7x12.jpg 7w, https:\/\/www.chengjitoy.com\/wp-content\/uploads\/2025\/09\/details-of-Technology-rocket-sprinkler-2-600x1034.jpg 600w\" \/><\/figure>\n\n\n\n<figure class=\"wp-block-image size-full\"><img loading=\"lazy\" decoding=\"async\" width=\"770\" height=\"1007\" sizes=\"auto, (max-width: 770px) 100vw, 770px\" src=\"https:\/\/www.chengjitoy.com\/wp-content\/uploads\/2025\/09\/details-of-Technology-rocket-sprinkler-3.jpg\" alt=\"\" class=\"wp-image-3121\" srcset=\"https:\/\/www.chengjitoy.com\/wp-content\/uploads\/2025\/09\/details-of-Technology-rocket-sprinkler-3.jpg 770w, https:\/\/www.chengjitoy.com\/wp-content\/uploads\/2025\/09\/details-of-Technology-rocket-sprinkler-3-229x300.jpg 229w, https:\/\/www.chengjitoy.com\/wp-content\/uploads\/2025\/09\/details-of-Technology-rocket-sprinkler-3-768x1004.jpg 768w, https:\/\/www.chengjitoy.com\/wp-content\/uploads\/2025\/09\/details-of-Technology-rocket-sprinkler-3-9x12.jpg 9w, https:\/\/www.chengjitoy.com\/wp-content\/uploads\/2025\/09\/details-of-Technology-rocket-sprinkler-3-600x785.jpg 600w\" \/><\/figure>\n\n\n\n<figure class=\"wp-block-image size-full\"><img loading=\"lazy\" decoding=\"async\" width=\"770\" height=\"1382\" sizes=\"auto, (max-width: 770px) 100vw, 770px\" src=\"https:\/\/www.chengjitoy.com\/wp-content\/uploads\/2025\/09\/details-of-Technology-rocket-sprinkler-4.jpg\" alt=\"\" class=\"wp-image-3122\" srcset=\"https:\/\/www.chengjitoy.com\/wp-content\/uploads\/2025\/09\/details-of-Technology-rocket-sprinkler-4.jpg 770w, https:\/\/www.chengjitoy.com\/wp-content\/uploads\/2025\/09\/details-of-Technology-rocket-sprinkler-4-167x300.jpg 167w, https:\/\/www.chengjitoy.com\/wp-content\/uploads\/2025\/09\/details-of-Technology-rocket-sprinkler-4-768x1378.jpg 768w, https:\/\/www.chengjitoy.com\/wp-content\/uploads\/2025\/09\/details-of-Technology-rocket-sprinkler-4-7x12.jpg 7w, https:\/\/www.chengjitoy.com\/wp-content\/uploads\/2025\/09\/details-of-Technology-rocket-sprinkler-4-600x1077.jpg 600w\" \/><\/figure>\n\n\n\n<figure class=\"wp-block-image size-full\"><img loading=\"lazy\" decoding=\"async\" width=\"770\" height=\"1582\" sizes=\"auto, (max-width: 770px) 100vw, 770px\" src=\"https:\/\/www.chengjitoy.com\/wp-content\/uploads\/2025\/09\/details-of-Technology-rocket-sprinkler-5.jpg\" alt=\"\" class=\"wp-image-3123\" srcset=\"https:\/\/www.chengjitoy.com\/wp-content\/uploads\/2025\/09\/details-of-Technology-rocket-sprinkler-5.jpg 770w, https:\/\/www.chengjitoy.com\/wp-content\/uploads\/2025\/09\/details-of-Technology-rocket-sprinkler-5-146x300.jpg 146w, https:\/\/www.chengjitoy.com\/wp-content\/uploads\/2025\/09\/details-of-Technology-rocket-sprinkler-5-768x1578.jpg 768w, https:\/\/www.chengjitoy.com\/wp-content\/uploads\/2025\/09\/details-of-Technology-rocket-sprinkler-5-6x12.jpg 6w, https:\/\/www.chengjitoy.com\/wp-content\/uploads\/2025\/09\/details-of-Technology-rocket-sprinkler-5-600x1233.jpg 600w\" \/><\/figure>\n\n\n\n<figure class=\"wp-block-image size-full\"><img loading=\"lazy\" decoding=\"async\" width=\"770\" height=\"1759\" sizes=\"auto, (max-width: 770px) 100vw, 770px\" src=\"https:\/\/www.chengjitoy.com\/wp-content\/uploads\/2025\/09\/details-of-Technology-rocket-sprinkler-6.jpg\" alt=\"\" class=\"wp-image-3124\" srcset=\"https:\/\/www.chengjitoy.com\/wp-content\/uploads\/2025\/09\/details-of-Technology-rocket-sprinkler-6.jpg 770w, https:\/\/www.chengjitoy.com\/wp-content\/uploads\/2025\/09\/details-of-Technology-rocket-sprinkler-6-131x300.jpg 131w, https:\/\/www.chengjitoy.com\/wp-content\/uploads\/2025\/09\/details-of-Technology-rocket-sprinkler-6-768x1754.jpg 768w, https:\/\/www.chengjitoy.com\/wp-content\/uploads\/2025\/09\/details-of-Technology-rocket-sprinkler-6-5x12.jpg 5w, https:\/\/www.chengjitoy.com\/wp-content\/uploads\/2025\/09\/details-of-Technology-rocket-sprinkler-6-600x1371.jpg 600w\" \/><\/figure>\n\n\n\n<figure class=\"wp-block-image size-full\"><img loading=\"lazy\" decoding=\"async\" width=\"770\" height=\"1224\" sizes=\"auto, (max-width: 770px) 100vw, 770px\" src=\"https:\/\/www.chengjitoy.com\/wp-content\/uploads\/2025\/09\/details-of-Technology-rocket-sprinkler-7.jpg\" alt=\"\" class=\"wp-image-3125\" srcset=\"https:\/\/www.chengjitoy.com\/wp-content\/uploads\/2025\/09\/details-of-Technology-rocket-sprinkler-7.jpg 770w, https:\/\/www.chengjitoy.com\/wp-content\/uploads\/2025\/09\/details-of-Technology-rocket-sprinkler-7-189x300.jpg 189w, https:\/\/www.chengjitoy.com\/wp-content\/uploads\/2025\/09\/details-of-Technology-rocket-sprinkler-7-768x1221.jpg 768w, https:\/\/www.chengjitoy.com\/wp-content\/uploads\/2025\/09\/details-of-Technology-rocket-sprinkler-7-8x12.jpg 8w, https:\/\/www.chengjitoy.com\/wp-content\/uploads\/2025\/09\/details-of-Technology-rocket-sprinkler-7-600x954.jpg 600w\" \/><\/figure>\n\n\n\n<figure class=\"wp-block-image size-full\"><img loading=\"lazy\" decoding=\"async\" width=\"770\" height=\"1140\" sizes=\"auto, (max-width: 770px) 100vw, 770px\" src=\"https:\/\/www.chengjitoy.com\/wp-content\/uploads\/2025\/09\/details-of-Technology-rocket-sprinkler-8.jpg\" alt=\"\" class=\"wp-image-3126\" srcset=\"https:\/\/www.chengjitoy.com\/wp-content\/uploads\/2025\/09\/details-of-Technology-rocket-sprinkler-8.jpg 770w, https:\/\/www.chengjitoy.com\/wp-content\/uploads\/2025\/09\/details-of-Technology-rocket-sprinkler-8-203x300.jpg 203w, https:\/\/www.chengjitoy.com\/wp-content\/uploads\/2025\/09\/details-of-Technology-rocket-sprinkler-8-768x1137.jpg 768w, https:\/\/www.chengjitoy.com\/wp-content\/uploads\/2025\/09\/details-of-Technology-rocket-sprinkler-8-8x12.jpg 8w, https:\/\/www.chengjitoy.com\/wp-content\/uploads\/2025\/09\/details-of-Technology-rocket-sprinkler-8-600x888.jpg 600w\" \/><\/figure>\n<\/div>\n\n\n\n<div class=\"wp-block-column is-layout-flow wp-block-column-is-layout-flow\" style=\"flex-basis:33.33%\"><\/div>\n<\/div>","protected":false},"excerpt":{"rendered":"<p>Juguete al por mayor con tecnolog\u00eda de rociador cohete para jugar en el jard\u00edn durante el verano. Este rociador cohete con tecnolog\u00eda ofrece un juego acu\u00e1tico al aire libre seguro y emocionante con protecci\u00f3n de espuma EVA y material ABS duradero.<\/p>\n<p>Como <a href=\"https:\/\/www.chengjitoy.com\/es\/categoria-producto\/wholesale-summer-toys\/\"><strong>proveedor de juguetes de verano<\/strong><\/a>, Chengji puede suministrar juguetes de verano al por mayor a mayoristas, marcas y minoristas. \u00a1P\u00f3ngase en contacto con nosotros ahora mismo!<\/p>\n<h2>Especificaciones del aspersor Technology Rocket<\/h2>\n<table style=\"border-collapse: collapse; width: 343.52pt;\" border=\"0\" width=\"458\" cellspacing=\"0\" cellpadding=\"0\">\n<tbody>\n<tr style=\"height: 19.50pt;\">\n<td class=\"et2\" style=\"height: 19.50pt; width: 133.75pt;\" width=\"178\" height=\"26\">Art\u00edculo No:<\/td>\n<td class=\"et3\" style=\"width: 210.00pt;\" width=\"280\">CJ-4093438<\/td>\n<\/tr>\n<tr style=\"height: 20.25pt;\">\n<td class=\"et4\" style=\"height: 20.25pt; width: 133.75pt;\" width=\"178\" height=\"27\">Paquete:<\/td>\n<td class=\"et5\" style=\"width: 210.00pt;\" width=\"280\">CAJA COLOR<\/td>\n<\/tr>\n<tr style=\"height: 19.50pt;\">\n<td class=\"et4\" style=\"height: 19.50pt; width: 133.75pt;\" width=\"178\" height=\"26\">Tama\u00f1o del paquete:<\/td>\n<td class=\"et5\" style=\"width: 210.00pt;\" width=\"280\">14,8 x 14,8 x 29 cm<\/td>\n<\/tr>\n<tr style=\"height: 20.25pt;\">\n<td class=\"et4\" style=\"height: 20.25pt; width: 133.75pt;\" width=\"178\" height=\"27\">Tama\u00f1o de la caja\uff1a<\/td>\n<td class=\"et5\" style=\"width: 210.00pt;\" width=\"280\">61 x 46 x 86 cm<\/td>\n<\/tr>\n<tr style=\"height: 19.50pt;\">\n<td class=\"et4\" style=\"height: 19.50pt; width: 133.75pt;\" width=\"178\" height=\"26\">Cant:<\/td>\n<td class=\"et5\" style=\"width: 210.00pt;\" width=\"280\">36\/PCS<\/td>\n<\/tr>\n<tr style=\"height: 20.25pt;\">\n<td class=\"et4\" style=\"height: 20.25pt; width: 133.75pt;\" width=\"178\" height=\"27\">G.W.\/N.W.:<\/td>\n<td class=\"et5\" style=\"width: 210.00pt;\" width=\"280\">15\/13 kg<\/td>\n<\/tr>\n<tr style=\"height: 19.50pt;\">\n<td class=\"et4\" style=\"height: 19.50pt; width: 133.75pt;\" width=\"178\" height=\"26\">Medici\u00f3n:<\/td>\n<td class=\"et5\" style=\"width: 210.00pt;\" width=\"280\">0,24 m\u00b3\/8,512 pies c\u00fabicos\u2019<\/td>\n<\/tr>\n<\/tbody>\n<\/table>","protected":false},"featured_media":3113,"comment_status":"closed","ping_status":"closed","template":"","meta":{"_acf_changed":true},"product_brand":[],"product_cat":[30,64,24,46,44,62],"product_tag":[],"class_list":{"0":"post-3112","1":"product","2":"type-product","3":"status-publish","4":"has-post-thumbnail","6":"product_cat-wholesale-toys-for-ages-3-and-up","7":"product_cat-wholesale-toy-beach-sets","8":"product_cat-wholesale-educational-toys","9":"product_cat-wholesale-other-educational-toys","10":"product_cat-wholesale-science-and-engineering-toys","11":"product_cat-wholesale-water-toys","13":"first","14":"instock","15":"shipping-taxable","16":"product-type-simple"},"acf":[],"_links":{"self":[{"href":"https:\/\/www.chengjitoy.com\/es\/wp-json\/wp\/v2\/product\/3112","targetHints":{"allow":["GET"]}}],"collection":[{"href":"https:\/\/www.chengjitoy.com\/es\/wp-json\/wp\/v2\/product"}],"about":[{"href":"https:\/\/www.chengjitoy.com\/es\/wp-json\/wp\/v2\/types\/product"}],"replies":[{"embeddable":true,"href":"https:\/\/www.chengjitoy.com\/es\/wp-json\/wp\/v2\/comments?post=3112"}],"wp:featuredmedia":[{"embeddable":true,"href":"https:\/\/www.chengjitoy.com\/es\/wp-json\/wp\/v2\/media\/3113"}],"wp:attachment":[{"href":"https:\/\/www.chengjitoy.com\/es\/wp-json\/wp\/v2\/media?parent=3112"}],"wp:term":[{"taxonomy":"product_brand","embeddable":true,"href":"https:\/\/www.chengjitoy.com\/es\/wp-json\/wp\/v2\/product_brand?post=3112"},{"taxonomy":"product_cat","embeddable":true,"href":"https:\/\/www.chengjitoy.com\/es\/wp-json\/wp\/v2\/product_cat?post=3112"},{"taxonomy":"product_tag","embeddable":true,"href":"https:\/\/www.chengjitoy.com\/es\/wp-json\/wp\/v2\/product_tag?post=3112"}],"curies":[{"name":"wp","href":"https:\/\/api.w.org\/{rel}","templated":true}]}}