{"id":3434,"date":"2025-09-20T09:30:15","date_gmt":"2025-09-20T09:30:15","guid":{"rendered":"https:\/\/www.chengjitoy.com\/?post_type=product&#038;p=3434"},"modified":"2025-09-20T09:33:46","modified_gmt":"2025-09-20T09:33:46","slug":"wholesale-rolling-ball-track-toys-diy","status":"publish","type":"product","link":"https:\/\/www.chengjitoy.com\/es\/product\/wholesale-rolling-ball-track-toys-diy\/","title":{"rendered":"Mayorista Juguetes con Bolas Rodantes - DIY Track Design &amp; Educational"},"content":{"rendered":"<div class=\"wp-block-columns is-layout-flex wp-container-core-columns-is-layout-9d6595d7 wp-block-columns-is-layout-flex\">\n<div class=\"wp-block-column is-layout-flow wp-block-column-is-layout-flow\" style=\"flex-basis:66.66%\">\n<figure class=\"wp-block-image size-full\"><img loading=\"lazy\" decoding=\"async\" width=\"770\" height=\"1000\" sizes=\"auto, (max-width: 770px) 100vw, 770px\" src=\"https:\/\/www.chengjitoy.com\/wp-content\/uploads\/2025\/09\/details-of-DIY-TOYS-Space-Ball-Orbit-Puzzle-DIY-Bricks-1.jpg\" alt=\"\" class=\"wp-image-3442\" srcset=\"https:\/\/www.chengjitoy.com\/wp-content\/uploads\/2025\/09\/details-of-DIY-TOYS-Space-Ball-Orbit-Puzzle-DIY-Bricks-1.jpg 770w, https:\/\/www.chengjitoy.com\/wp-content\/uploads\/2025\/09\/details-of-DIY-TOYS-Space-Ball-Orbit-Puzzle-DIY-Bricks-1-231x300.jpg 231w, https:\/\/www.chengjitoy.com\/wp-content\/uploads\/2025\/09\/details-of-DIY-TOYS-Space-Ball-Orbit-Puzzle-DIY-Bricks-1-768x997.jpg 768w, https:\/\/www.chengjitoy.com\/wp-content\/uploads\/2025\/09\/details-of-DIY-TOYS-Space-Ball-Orbit-Puzzle-DIY-Bricks-1-9x12.jpg 9w, https:\/\/www.chengjitoy.com\/wp-content\/uploads\/2025\/09\/details-of-DIY-TOYS-Space-Ball-Orbit-Puzzle-DIY-Bricks-1-600x779.jpg 600w\" \/><\/figure>\n\n\n\n<figure class=\"wp-block-image size-full\"><img loading=\"lazy\" decoding=\"async\" width=\"770\" height=\"228\" sizes=\"auto, (max-width: 770px) 100vw, 770px\" src=\"https:\/\/www.chengjitoy.com\/wp-content\/uploads\/2025\/09\/details-of-DIY-TOYS-Space-Ball-Orbit-Puzzle-DIY-Bricks-2.jpg\" alt=\"\" class=\"wp-image-3443\" srcset=\"https:\/\/www.chengjitoy.com\/wp-content\/uploads\/2025\/09\/details-of-DIY-TOYS-Space-Ball-Orbit-Puzzle-DIY-Bricks-2.jpg 770w, https:\/\/www.chengjitoy.com\/wp-content\/uploads\/2025\/09\/details-of-DIY-TOYS-Space-Ball-Orbit-Puzzle-DIY-Bricks-2-300x89.jpg 300w, https:\/\/www.chengjitoy.com\/wp-content\/uploads\/2025\/09\/details-of-DIY-TOYS-Space-Ball-Orbit-Puzzle-DIY-Bricks-2-768x227.jpg 768w, https:\/\/www.chengjitoy.com\/wp-content\/uploads\/2025\/09\/details-of-DIY-TOYS-Space-Ball-Orbit-Puzzle-DIY-Bricks-2-18x5.jpg 18w, https:\/\/www.chengjitoy.com\/wp-content\/uploads\/2025\/09\/details-of-DIY-TOYS-Space-Ball-Orbit-Puzzle-DIY-Bricks-2-600x178.jpg 600w\" \/><\/figure>\n\n\n\n<figure class=\"wp-block-image size-full\"><img loading=\"lazy\" decoding=\"async\" width=\"770\" height=\"1077\" sizes=\"auto, (max-width: 770px) 100vw, 770px\" src=\"https:\/\/www.chengjitoy.com\/wp-content\/uploads\/2025\/09\/details-of-DIY-TOYS-Space-Ball-Orbit-Puzzle-DIY-Bricks-3.jpg\" alt=\"\" class=\"wp-image-3444\" srcset=\"https:\/\/www.chengjitoy.com\/wp-content\/uploads\/2025\/09\/details-of-DIY-TOYS-Space-Ball-Orbit-Puzzle-DIY-Bricks-3.jpg 770w, https:\/\/www.chengjitoy.com\/wp-content\/uploads\/2025\/09\/details-of-DIY-TOYS-Space-Ball-Orbit-Puzzle-DIY-Bricks-3-214x300.jpg 214w, https:\/\/www.chengjitoy.com\/wp-content\/uploads\/2025\/09\/details-of-DIY-TOYS-Space-Ball-Orbit-Puzzle-DIY-Bricks-3-768x1074.jpg 768w, https:\/\/www.chengjitoy.com\/wp-content\/uploads\/2025\/09\/details-of-DIY-TOYS-Space-Ball-Orbit-Puzzle-DIY-Bricks-3-9x12.jpg 9w, https:\/\/www.chengjitoy.com\/wp-content\/uploads\/2025\/09\/details-of-DIY-TOYS-Space-Ball-Orbit-Puzzle-DIY-Bricks-3-600x839.jpg 600w\" \/><\/figure>\n\n\n\n<figure class=\"wp-block-image size-full\"><img loading=\"lazy\" decoding=\"async\" width=\"770\" height=\"1291\" sizes=\"auto, (max-width: 770px) 100vw, 770px\" src=\"https:\/\/www.chengjitoy.com\/wp-content\/uploads\/2025\/09\/details-of-DIY-TOYS-Space-Ball-Orbit-Puzzle-DIY-Bricks-4.jpg\" alt=\"\" class=\"wp-image-3445\" srcset=\"https:\/\/www.chengjitoy.com\/wp-content\/uploads\/2025\/09\/details-of-DIY-TOYS-Space-Ball-Orbit-Puzzle-DIY-Bricks-4.jpg 770w, https:\/\/www.chengjitoy.com\/wp-content\/uploads\/2025\/09\/details-of-DIY-TOYS-Space-Ball-Orbit-Puzzle-DIY-Bricks-4-179x300.jpg 179w, https:\/\/www.chengjitoy.com\/wp-content\/uploads\/2025\/09\/details-of-DIY-TOYS-Space-Ball-Orbit-Puzzle-DIY-Bricks-4-768x1288.jpg 768w, https:\/\/www.chengjitoy.com\/wp-content\/uploads\/2025\/09\/details-of-DIY-TOYS-Space-Ball-Orbit-Puzzle-DIY-Bricks-4-7x12.jpg 7w, https:\/\/www.chengjitoy.com\/wp-content\/uploads\/2025\/09\/details-of-DIY-TOYS-Space-Ball-Orbit-Puzzle-DIY-Bricks-4-600x1006.jpg 600w\" \/><\/figure>\n\n\n\n<figure class=\"wp-block-image size-full\"><img loading=\"lazy\" decoding=\"async\" width=\"770\" height=\"865\" sizes=\"auto, (max-width: 770px) 100vw, 770px\" src=\"https:\/\/www.chengjitoy.com\/wp-content\/uploads\/2025\/09\/details-of-DIY-TOYS-Space-Ball-Orbit-Puzzle-DIY-Bricks-5.jpg\" alt=\"\" class=\"wp-image-3446\" srcset=\"https:\/\/www.chengjitoy.com\/wp-content\/uploads\/2025\/09\/details-of-DIY-TOYS-Space-Ball-Orbit-Puzzle-DIY-Bricks-5.jpg 770w, https:\/\/www.chengjitoy.com\/wp-content\/uploads\/2025\/09\/details-of-DIY-TOYS-Space-Ball-Orbit-Puzzle-DIY-Bricks-5-267x300.jpg 267w, https:\/\/www.chengjitoy.com\/wp-content\/uploads\/2025\/09\/details-of-DIY-TOYS-Space-Ball-Orbit-Puzzle-DIY-Bricks-5-768x863.jpg 768w, https:\/\/www.chengjitoy.com\/wp-content\/uploads\/2025\/09\/details-of-DIY-TOYS-Space-Ball-Orbit-Puzzle-DIY-Bricks-5-11x12.jpg 11w, https:\/\/www.chengjitoy.com\/wp-content\/uploads\/2025\/09\/details-of-DIY-TOYS-Space-Ball-Orbit-Puzzle-DIY-Bricks-5-600x674.jpg 600w\" \/><\/figure>\n\n\n\n<figure class=\"wp-block-image size-full\"><img loading=\"lazy\" decoding=\"async\" width=\"770\" height=\"987\" sizes=\"auto, (max-width: 770px) 100vw, 770px\" src=\"https:\/\/www.chengjitoy.com\/wp-content\/uploads\/2025\/09\/details-of-DIY-TOYS-Space-Ball-Orbit-Puzzle-DIY-Bricks-6.jpg\" alt=\"\" class=\"wp-image-3447\" srcset=\"https:\/\/www.chengjitoy.com\/wp-content\/uploads\/2025\/09\/details-of-DIY-TOYS-Space-Ball-Orbit-Puzzle-DIY-Bricks-6.jpg 770w, https:\/\/www.chengjitoy.com\/wp-content\/uploads\/2025\/09\/details-of-DIY-TOYS-Space-Ball-Orbit-Puzzle-DIY-Bricks-6-234x300.jpg 234w, https:\/\/www.chengjitoy.com\/wp-content\/uploads\/2025\/09\/details-of-DIY-TOYS-Space-Ball-Orbit-Puzzle-DIY-Bricks-6-768x984.jpg 768w, https:\/\/www.chengjitoy.com\/wp-content\/uploads\/2025\/09\/details-of-DIY-TOYS-Space-Ball-Orbit-Puzzle-DIY-Bricks-6-9x12.jpg 9w, https:\/\/www.chengjitoy.com\/wp-content\/uploads\/2025\/09\/details-of-DIY-TOYS-Space-Ball-Orbit-Puzzle-DIY-Bricks-6-600x769.jpg 600w\" \/><\/figure>\n\n\n\n<figure class=\"wp-block-image size-full\"><img loading=\"lazy\" decoding=\"async\" width=\"770\" height=\"1407\" sizes=\"auto, (max-width: 770px) 100vw, 770px\" src=\"https:\/\/www.chengjitoy.com\/wp-content\/uploads\/2025\/09\/details-of-DIY-TOYS-Space-Ball-Orbit-Puzzle-DIY-Bricks-7.jpg\" alt=\"\" class=\"wp-image-3448\" srcset=\"https:\/\/www.chengjitoy.com\/wp-content\/uploads\/2025\/09\/details-of-DIY-TOYS-Space-Ball-Orbit-Puzzle-DIY-Bricks-7.jpg 770w, https:\/\/www.chengjitoy.com\/wp-content\/uploads\/2025\/09\/details-of-DIY-TOYS-Space-Ball-Orbit-Puzzle-DIY-Bricks-7-164x300.jpg 164w, https:\/\/www.chengjitoy.com\/wp-content\/uploads\/2025\/09\/details-of-DIY-TOYS-Space-Ball-Orbit-Puzzle-DIY-Bricks-7-768x1403.jpg 768w, https:\/\/www.chengjitoy.com\/wp-content\/uploads\/2025\/09\/details-of-DIY-TOYS-Space-Ball-Orbit-Puzzle-DIY-Bricks-7-7x12.jpg 7w, https:\/\/www.chengjitoy.com\/wp-content\/uploads\/2025\/09\/details-of-DIY-TOYS-Space-Ball-Orbit-Puzzle-DIY-Bricks-7-600x1096.jpg 600w\" \/><\/figure>\n<\/div>\n\n\n\n<div class=\"wp-block-column is-layout-flow wp-block-column-is-layout-flow\" style=\"flex-basis:33.33%\"><\/div>\n<\/div>","protected":false},"excerpt":{"rendered":"<p>Mayorista de juguetes de bricolaje con pista de bolas rodantes. Este juego de construcci\u00f3n de pista de bolas rodantes desarrolla las habilidades de resoluci\u00f3n de problemas y la creatividad de los ni\u00f1os con 90 componentes y una funci\u00f3n de expulsi\u00f3n. Se admite la compra al por mayor. P\u00f3ngase en contacto con nosotros.<\/p>\n<h2>Especificaciones del juguete Rolling Ball Track\u00a0<\/h2>\n<table style=\"border-collapse: collapse; width: 343.52pt;\" border=\"0\" width=\"458\" cellspacing=\"0\" cellpadding=\"0\">\n<tbody>\n<tr style=\"height: 19.50pt;\">\n<td class=\"et2\" style=\"height: 19.50pt; width: 133.75pt;\" width=\"178\" height=\"26\">Art\u00edculo No:<\/td>\n<td class=\"et3\" style=\"width: 210.00pt;\" width=\"280\">CJ-4048714<\/td>\n<\/tr>\n<tr style=\"height: 20.25pt;\">\n<td class=\"et4\" style=\"height: 20.25pt; width: 133.75pt;\" width=\"178\" height=\"27\">Paquete:<\/td>\n<td class=\"et5\" style=\"width: 210.00pt;\" width=\"280\">CAJA COLOR<\/td>\n<\/tr>\n<tr style=\"height: 19.50pt;\">\n<td class=\"et4\" style=\"height: 19.50pt; width: 133.75pt;\" width=\"178\" height=\"26\">Tama\u00f1o del paquete:<\/td>\n<td class=\"et5\" style=\"width: 210.00pt;\" width=\"280\">41.5*7*25CM<\/td>\n<\/tr>\n<tr style=\"height: 20.25pt;\">\n<td class=\"et4\" style=\"height: 20.25pt; width: 133.75pt;\" width=\"178\" height=\"27\">Tama\u00f1o de la caja\uff1a<\/td>\n<td class=\"et5\" style=\"width: 210.00pt;\" width=\"280\">89*44*108CM<\/td>\n<\/tr>\n<tr style=\"height: 19.50pt;\">\n<td class=\"et4\" style=\"height: 19.50pt; width: 133.75pt;\" width=\"178\" height=\"26\">Cant:<\/td>\n<td class=\"et5\" style=\"width: 210.00pt;\" width=\"280\">48\/PCS<\/td>\n<\/tr>\n<tr style=\"height: 20.25pt;\">\n<td class=\"et4\" style=\"height: 20.25pt; width: 133.75pt;\" width=\"178\" height=\"27\">G.W.\/N.W.:<\/td>\n<td class=\"et5\" style=\"width: 210.00pt;\" width=\"280\">36\/33 KG<\/td>\n<\/tr>\n<tr style=\"height: 19.50pt;\">\n<td class=\"et4\" style=\"height: 19.50pt; width: 133.75pt;\" width=\"178\" height=\"26\">Medici\u00f3n:<\/td>\n<td class=\"et5\" style=\"width: 210.00pt;\" width=\"280\">0,423 CBM'\/14,924 CUFT'<\/td>\n<\/tr>\n<\/tbody>\n<\/table>\n<p>\n<script src=\"chrome-extension:\/\/fpelahbljekknahkcaegamhcndkfpfnc\/iFrame.js\" type=\"text\/javascript\"><\/script><\/p>","protected":false},"featured_media":3435,"comment_status":"closed","ping_status":"closed","template":"","meta":{"_acf_changed":true},"product_brand":[],"product_cat":[30,41,104,24,46,94,26],"product_tag":[],"class_list":{"0":"post-3434","1":"product","2":"type-product","3":"status-publish","4":"has-post-thumbnail","6":"product_cat-wholesale-toys-for-ages-3-and-up","7":"product_cat-wholesale-blocks-and-puzzles","8":"product_cat-wholesale-diy-educational-toys","9":"product_cat-wholesale-educational-toys","10":"product_cat-wholesale-other-educational-toys","11":"product_cat-wholesale-track-toy-set","12":"product_cat-wholesale-toys-for-all-ages","14":"first","15":"instock","16":"shipping-taxable","17":"product-type-simple"},"acf":[],"_links":{"self":[{"href":"https:\/\/www.chengjitoy.com\/es\/wp-json\/wp\/v2\/product\/3434","targetHints":{"allow":["GET"]}}],"collection":[{"href":"https:\/\/www.chengjitoy.com\/es\/wp-json\/wp\/v2\/product"}],"about":[{"href":"https:\/\/www.chengjitoy.com\/es\/wp-json\/wp\/v2\/types\/product"}],"replies":[{"embeddable":true,"href":"https:\/\/www.chengjitoy.com\/es\/wp-json\/wp\/v2\/comments?post=3434"}],"wp:featuredmedia":[{"embeddable":true,"href":"https:\/\/www.chengjitoy.com\/es\/wp-json\/wp\/v2\/media\/3435"}],"wp:attachment":[{"href":"https:\/\/www.chengjitoy.com\/es\/wp-json\/wp\/v2\/media?parent=3434"}],"wp:term":[{"taxonomy":"product_brand","embeddable":true,"href":"https:\/\/www.chengjitoy.com\/es\/wp-json\/wp\/v2\/product_brand?post=3434"},{"taxonomy":"product_cat","embeddable":true,"href":"https:\/\/www.chengjitoy.com\/es\/wp-json\/wp\/v2\/product_cat?post=3434"},{"taxonomy":"product_tag","embeddable":true,"href":"https:\/\/www.chengjitoy.com\/es\/wp-json\/wp\/v2\/product_tag?post=3434"}],"curies":[{"name":"wp","href":"https:\/\/api.w.org\/{rel}","templated":true}]}}