{"id":3548,"date":"2025-09-20T09:22:50","date_gmt":"2025-09-20T09:22:50","guid":{"rendered":"https:\/\/www.chengjitoy.com\/?post_type=product&#038;p=3548"},"modified":"2025-09-20T09:22:54","modified_gmt":"2025-09-20T09:22:54","slug":"wholesale-2-in-1-baby-walker-dual-modes","status":"publish","type":"product","link":"https:\/\/www.chengjitoy.com\/es\/product\/wholesale-2-in-1-baby-walker-dual-modes\/","title":{"rendered":"Mayorista Andador 2-en-1 - Andador y Patinete y Multifuncional"},"content":{"rendered":"<div class=\"wp-block-columns is-layout-flex wp-container-core-columns-is-layout-9d6595d7 wp-block-columns-is-layout-flex\">\n<div class=\"wp-block-column is-layout-flow wp-block-column-is-layout-flow\" style=\"flex-basis:66.66%\">\n<figure class=\"wp-block-image size-full\"><img loading=\"lazy\" decoding=\"async\" width=\"770\" height=\"1230\" sizes=\"auto, (max-width: 770px) 100vw, 770px\" src=\"https:\/\/www.chengjitoy.com\/wp-content\/uploads\/2025\/09\/details-of-2-IN-1-BABY-WALKER-1.webp\" alt=\"\" class=\"wp-image-3555\" srcset=\"https:\/\/www.chengjitoy.com\/wp-content\/uploads\/2025\/09\/details-of-2-IN-1-BABY-WALKER-1.webp 770w, https:\/\/www.chengjitoy.com\/wp-content\/uploads\/2025\/09\/details-of-2-IN-1-BABY-WALKER-1-188x300.webp 188w, https:\/\/www.chengjitoy.com\/wp-content\/uploads\/2025\/09\/details-of-2-IN-1-BABY-WALKER-1-768x1227.webp 768w, https:\/\/www.chengjitoy.com\/wp-content\/uploads\/2025\/09\/details-of-2-IN-1-BABY-WALKER-1-8x12.webp 8w, https:\/\/www.chengjitoy.com\/wp-content\/uploads\/2025\/09\/details-of-2-IN-1-BABY-WALKER-1-600x958.webp 600w\" \/><\/figure>\n\n\n\n<figure class=\"wp-block-image size-full\"><img loading=\"lazy\" decoding=\"async\" width=\"770\" height=\"1031\" sizes=\"auto, (max-width: 770px) 100vw, 770px\" src=\"https:\/\/www.chengjitoy.com\/wp-content\/uploads\/2025\/09\/details-of-2-IN-1-BABY-WALKER-2.webp\" alt=\"\" class=\"wp-image-3556\" srcset=\"https:\/\/www.chengjitoy.com\/wp-content\/uploads\/2025\/09\/details-of-2-IN-1-BABY-WALKER-2.webp 770w, https:\/\/www.chengjitoy.com\/wp-content\/uploads\/2025\/09\/details-of-2-IN-1-BABY-WALKER-2-224x300.webp 224w, https:\/\/www.chengjitoy.com\/wp-content\/uploads\/2025\/09\/details-of-2-IN-1-BABY-WALKER-2-768x1028.webp 768w, https:\/\/www.chengjitoy.com\/wp-content\/uploads\/2025\/09\/details-of-2-IN-1-BABY-WALKER-2-9x12.webp 9w, https:\/\/www.chengjitoy.com\/wp-content\/uploads\/2025\/09\/details-of-2-IN-1-BABY-WALKER-2-600x803.webp 600w\" \/><\/figure>\n\n\n\n<figure class=\"wp-block-image size-full\"><img loading=\"lazy\" decoding=\"async\" width=\"770\" height=\"1206\" sizes=\"auto, (max-width: 770px) 100vw, 770px\" src=\"https:\/\/www.chengjitoy.com\/wp-content\/uploads\/2025\/09\/details-of-2-IN-1-BABY-WALKER-3.webp\" alt=\"\" class=\"wp-image-3557\" srcset=\"https:\/\/www.chengjitoy.com\/wp-content\/uploads\/2025\/09\/details-of-2-IN-1-BABY-WALKER-3.webp 770w, https:\/\/www.chengjitoy.com\/wp-content\/uploads\/2025\/09\/details-of-2-IN-1-BABY-WALKER-3-192x300.webp 192w, https:\/\/www.chengjitoy.com\/wp-content\/uploads\/2025\/09\/details-of-2-IN-1-BABY-WALKER-3-768x1203.webp 768w, https:\/\/www.chengjitoy.com\/wp-content\/uploads\/2025\/09\/details-of-2-IN-1-BABY-WALKER-3-8x12.webp 8w, https:\/\/www.chengjitoy.com\/wp-content\/uploads\/2025\/09\/details-of-2-IN-1-BABY-WALKER-3-600x940.webp 600w\" \/><\/figure>\n\n\n\n<figure class=\"wp-block-image size-full\"><img loading=\"lazy\" decoding=\"async\" width=\"770\" height=\"1149\" sizes=\"auto, (max-width: 770px) 100vw, 770px\" src=\"https:\/\/www.chengjitoy.com\/wp-content\/uploads\/2025\/09\/details-of-2-IN-1-BABY-WALKER-4.webp\" alt=\"\" class=\"wp-image-3558\" srcset=\"https:\/\/www.chengjitoy.com\/wp-content\/uploads\/2025\/09\/details-of-2-IN-1-BABY-WALKER-4.webp 770w, https:\/\/www.chengjitoy.com\/wp-content\/uploads\/2025\/09\/details-of-2-IN-1-BABY-WALKER-4-201x300.webp 201w, https:\/\/www.chengjitoy.com\/wp-content\/uploads\/2025\/09\/details-of-2-IN-1-BABY-WALKER-4-768x1146.webp 768w, https:\/\/www.chengjitoy.com\/wp-content\/uploads\/2025\/09\/details-of-2-IN-1-BABY-WALKER-4-8x12.webp 8w, https:\/\/www.chengjitoy.com\/wp-content\/uploads\/2025\/09\/details-of-2-IN-1-BABY-WALKER-4-600x895.webp 600w\" \/><\/figure>\n\n\n\n<figure class=\"wp-block-image size-full\"><img loading=\"lazy\" decoding=\"async\" width=\"770\" height=\"1262\" sizes=\"auto, (max-width: 770px) 100vw, 770px\" src=\"https:\/\/www.chengjitoy.com\/wp-content\/uploads\/2025\/09\/details-of-2-IN-1-BABY-WALKER-5.webp\" alt=\"\" class=\"wp-image-3559\" srcset=\"https:\/\/www.chengjitoy.com\/wp-content\/uploads\/2025\/09\/details-of-2-IN-1-BABY-WALKER-5.webp 770w, https:\/\/www.chengjitoy.com\/wp-content\/uploads\/2025\/09\/details-of-2-IN-1-BABY-WALKER-5-183x300.webp 183w, https:\/\/www.chengjitoy.com\/wp-content\/uploads\/2025\/09\/details-of-2-IN-1-BABY-WALKER-5-768x1259.webp 768w, https:\/\/www.chengjitoy.com\/wp-content\/uploads\/2025\/09\/details-of-2-IN-1-BABY-WALKER-5-7x12.webp 7w, https:\/\/www.chengjitoy.com\/wp-content\/uploads\/2025\/09\/details-of-2-IN-1-BABY-WALKER-5-600x983.webp 600w\" \/><\/figure>\n\n\n\n<figure class=\"wp-block-image size-full\"><img loading=\"lazy\" decoding=\"async\" width=\"770\" height=\"1200\" sizes=\"auto, (max-width: 770px) 100vw, 770px\" src=\"https:\/\/www.chengjitoy.com\/wp-content\/uploads\/2025\/09\/details-of-2-IN-1-BABY-WALKER-6.webp\" alt=\"\" class=\"wp-image-3560\" srcset=\"https:\/\/www.chengjitoy.com\/wp-content\/uploads\/2025\/09\/details-of-2-IN-1-BABY-WALKER-6.webp 770w, https:\/\/www.chengjitoy.com\/wp-content\/uploads\/2025\/09\/details-of-2-IN-1-BABY-WALKER-6-193x300.webp 193w, https:\/\/www.chengjitoy.com\/wp-content\/uploads\/2025\/09\/details-of-2-IN-1-BABY-WALKER-6-768x1197.webp 768w, https:\/\/www.chengjitoy.com\/wp-content\/uploads\/2025\/09\/details-of-2-IN-1-BABY-WALKER-6-8x12.webp 8w, https:\/\/www.chengjitoy.com\/wp-content\/uploads\/2025\/09\/details-of-2-IN-1-BABY-WALKER-6-600x935.webp 600w\" \/><\/figure>\n\n\n\n<figure class=\"wp-block-image size-full\"><img loading=\"lazy\" decoding=\"async\" width=\"770\" height=\"731\" sizes=\"auto, (max-width: 770px) 100vw, 770px\" src=\"https:\/\/www.chengjitoy.com\/wp-content\/uploads\/2025\/09\/details-of-2-IN-1-BABY-WALKER-7.webp\" alt=\"\" class=\"wp-image-3561\" srcset=\"https:\/\/www.chengjitoy.com\/wp-content\/uploads\/2025\/09\/details-of-2-IN-1-BABY-WALKER-7.webp 770w, https:\/\/www.chengjitoy.com\/wp-content\/uploads\/2025\/09\/details-of-2-IN-1-BABY-WALKER-7-300x285.webp 300w, https:\/\/www.chengjitoy.com\/wp-content\/uploads\/2025\/09\/details-of-2-IN-1-BABY-WALKER-7-768x729.webp 768w, https:\/\/www.chengjitoy.com\/wp-content\/uploads\/2025\/09\/details-of-2-IN-1-BABY-WALKER-7-13x12.webp 13w, https:\/\/www.chengjitoy.com\/wp-content\/uploads\/2025\/09\/details-of-2-IN-1-BABY-WALKER-7-600x570.webp 600w\" \/><\/figure>\n\n\n\n<figure class=\"wp-block-image size-full\"><img loading=\"lazy\" decoding=\"async\" width=\"770\" height=\"835\" sizes=\"auto, (max-width: 770px) 100vw, 770px\" src=\"https:\/\/www.chengjitoy.com\/wp-content\/uploads\/2025\/09\/details-of-2-IN-1-BABY-WALKER-8.webp\" alt=\"\" class=\"wp-image-3562\" srcset=\"https:\/\/www.chengjitoy.com\/wp-content\/uploads\/2025\/09\/details-of-2-IN-1-BABY-WALKER-8.webp 770w, https:\/\/www.chengjitoy.com\/wp-content\/uploads\/2025\/09\/details-of-2-IN-1-BABY-WALKER-8-277x300.webp 277w, https:\/\/www.chengjitoy.com\/wp-content\/uploads\/2025\/09\/details-of-2-IN-1-BABY-WALKER-8-768x833.webp 768w, https:\/\/www.chengjitoy.com\/wp-content\/uploads\/2025\/09\/details-of-2-IN-1-BABY-WALKER-8-11x12.webp 11w, https:\/\/www.chengjitoy.com\/wp-content\/uploads\/2025\/09\/details-of-2-IN-1-BABY-WALKER-8-600x651.webp 600w\" \/><\/figure>\n\n\n\n<figure class=\"wp-block-image size-full\"><img loading=\"lazy\" decoding=\"async\" width=\"770\" height=\"513\" sizes=\"auto, (max-width: 770px) 100vw, 770px\" src=\"https:\/\/www.chengjitoy.com\/wp-content\/uploads\/2025\/09\/details-of-2-IN-1-BABY-WALKER-9.webp\" alt=\"\" class=\"wp-image-3563\" srcset=\"https:\/\/www.chengjitoy.com\/wp-content\/uploads\/2025\/09\/details-of-2-IN-1-BABY-WALKER-9.webp 770w, https:\/\/www.chengjitoy.com\/wp-content\/uploads\/2025\/09\/details-of-2-IN-1-BABY-WALKER-9-300x200.webp 300w, https:\/\/www.chengjitoy.com\/wp-content\/uploads\/2025\/09\/details-of-2-IN-1-BABY-WALKER-9-768x512.webp 768w, https:\/\/www.chengjitoy.com\/wp-content\/uploads\/2025\/09\/details-of-2-IN-1-BABY-WALKER-9-18x12.webp 18w, https:\/\/www.chengjitoy.com\/wp-content\/uploads\/2025\/09\/details-of-2-IN-1-BABY-WALKER-9-600x400.webp 600w\" \/><\/figure>\n\n\n\n<figure class=\"wp-block-image size-full\"><img loading=\"lazy\" decoding=\"async\" width=\"770\" height=\"1501\" sizes=\"auto, (max-width: 770px) 100vw, 770px\" src=\"https:\/\/www.chengjitoy.com\/wp-content\/uploads\/2025\/09\/details-of-2-IN-1-BABY-WALKER-10.webp\" alt=\"\" class=\"wp-image-3564\" srcset=\"https:\/\/www.chengjitoy.com\/wp-content\/uploads\/2025\/09\/details-of-2-IN-1-BABY-WALKER-10.webp 770w, https:\/\/www.chengjitoy.com\/wp-content\/uploads\/2025\/09\/details-of-2-IN-1-BABY-WALKER-10-154x300.webp 154w, https:\/\/www.chengjitoy.com\/wp-content\/uploads\/2025\/09\/details-of-2-IN-1-BABY-WALKER-10-768x1497.webp 768w, https:\/\/www.chengjitoy.com\/wp-content\/uploads\/2025\/09\/details-of-2-IN-1-BABY-WALKER-10-6x12.webp 6w, https:\/\/www.chengjitoy.com\/wp-content\/uploads\/2025\/09\/details-of-2-IN-1-BABY-WALKER-10-600x1170.webp 600w\" \/><\/figure>\n<\/div>\n\n\n\n<div class=\"wp-block-column is-layout-flow wp-block-column-is-layout-flow\" style=\"flex-basis:33.33%\"><\/div>\n<\/div>","protected":false},"excerpt":{"rendered":"<p>Andador para beb\u00e9s 2 en 1 al por mayor, modo paseo y modo monopat\u00edn. Este andador 2 en 1 para beb\u00e9s proporciona una experiencia de paseo segura para diferentes etapas con conversi\u00f3n de modo dual y un modo monopat\u00edn de dise\u00f1o estructural cient\u00edfico. Admite la compra al por mayor. P\u00f3ngase en contacto con nosotros para solicitar presupuesto.<\/p>\n<h2>Especificaciones del andador 2 en 1<\/h2>\n<table style=\"border-collapse: collapse; width: 343.52pt;\" border=\"0\" width=\"458\" cellspacing=\"0\" cellpadding=\"0\">\n<tbody>\n<tr style=\"height: 19.50pt;\">\n<td class=\"et2\" style=\"height: 19.50pt; width: 133.75pt;\" width=\"178\" height=\"26\">Art\u00edculo No:<\/td>\n<td class=\"et3\" style=\"width: 210.00pt;\" width=\"280\">CJ-4057015<\/td>\n<\/tr>\n<tr style=\"height: 20.25pt;\">\n<td class=\"et4\" style=\"height: 20.25pt; width: 133.75pt;\" width=\"178\" height=\"27\">Paquete:<\/td>\n<td class=\"et5\" style=\"width: 210.00pt;\" width=\"280\">caja de color<\/td>\n<\/tr>\n<tr style=\"height: 19.50pt;\">\n<td class=\"et4\" style=\"height: 19.50pt; width: 133.75pt;\" width=\"178\" height=\"26\">Tama\u00f1o del paquete:<\/td>\n<td class=\"et5\" style=\"width: 210.00pt;\" width=\"280\">45.3*13*36.8CM<\/td>\n<\/tr>\n<tr style=\"height: 20.25pt;\">\n<td class=\"et4\" style=\"height: 20.25pt; width: 133.75pt;\" width=\"178\" height=\"27\">Tama\u00f1o de la caja\uff1a<\/td>\n<td class=\"et5\" style=\"width: 210.00pt;\" width=\"280\">81*46.5*76CM<\/td>\n<\/tr>\n<tr style=\"height: 19.50pt;\">\n<td class=\"et4\" style=\"height: 19.50pt; width: 133.75pt;\" width=\"178\" height=\"26\">Cant:<\/td>\n<td class=\"et5\" style=\"width: 210.00pt;\" width=\"280\">12 UNIDADES<\/td>\n<\/tr>\n<tr style=\"height: 20.25pt;\">\n<td class=\"et4\" style=\"height: 20.25pt; width: 133.75pt;\" width=\"178\" height=\"27\">G.W.\/N.W.:<\/td>\n<td class=\"et5\" style=\"width: 210.00pt;\" width=\"280\">24\/22 KG<\/td>\n<\/tr>\n<tr style=\"height: 19.50pt;\">\n<td class=\"et4\" style=\"height: 19.50pt; width: 133.75pt;\" width=\"178\" height=\"26\">Medici\u00f3n:<\/td>\n<td class=\"et5\" style=\"width: 210.00pt;\" width=\"280\">0,29 CBM'\/10,1 CUFT'<\/td>\n<\/tr>\n<\/tbody>\n<\/table>\n<p>\n<script src=\"chrome-extension:\/\/fpelahbljekknahkcaegamhcndkfpfnc\/iFrame.js\" type=\"text\/javascript\"><\/script><\/p>","protected":false},"featured_media":3550,"comment_status":"closed","ping_status":"closed","template":"","meta":{"_acf_changed":true},"product_brand":[],"product_cat":[29,25,105,26],"product_tag":[],"class_list":{"0":"post-3548","1":"product","2":"type-product","3":"status-publish","4":"has-post-thumbnail","6":"product_cat-wholesale-toys-for-0-24-months","7":"product_cat-wholesale-baby-toys","8":"product_cat-wholesale-baby-walkers","9":"product_cat-wholesale-toys-for-all-ages","11":"first","12":"instock","13":"shipping-taxable","14":"product-type-simple"},"acf":[],"_links":{"self":[{"href":"https:\/\/www.chengjitoy.com\/es\/wp-json\/wp\/v2\/product\/3548","targetHints":{"allow":["GET"]}}],"collection":[{"href":"https:\/\/www.chengjitoy.com\/es\/wp-json\/wp\/v2\/product"}],"about":[{"href":"https:\/\/www.chengjitoy.com\/es\/wp-json\/wp\/v2\/types\/product"}],"replies":[{"embeddable":true,"href":"https:\/\/www.chengjitoy.com\/es\/wp-json\/wp\/v2\/comments?post=3548"}],"wp:featuredmedia":[{"embeddable":true,"href":"https:\/\/www.chengjitoy.com\/es\/wp-json\/wp\/v2\/media\/3550"}],"wp:attachment":[{"href":"https:\/\/www.chengjitoy.com\/es\/wp-json\/wp\/v2\/media?parent=3548"}],"wp:term":[{"taxonomy":"product_brand","embeddable":true,"href":"https:\/\/www.chengjitoy.com\/es\/wp-json\/wp\/v2\/product_brand?post=3548"},{"taxonomy":"product_cat","embeddable":true,"href":"https:\/\/www.chengjitoy.com\/es\/wp-json\/wp\/v2\/product_cat?post=3548"},{"taxonomy":"product_tag","embeddable":true,"href":"https:\/\/www.chengjitoy.com\/es\/wp-json\/wp\/v2\/product_tag?post=3548"}],"curies":[{"name":"wp","href":"https:\/\/api.w.org\/{rel}","templated":true}]}}