{"id":4324,"date":"2025-10-16T15:36:25","date_gmt":"2025-10-16T15:36:25","guid":{"rendered":"https:\/\/www.chengjitoy.com\/?post_type=product&#038;p=4324"},"modified":"2026-02-05T03:45:40","modified_gmt":"2026-02-05T03:45:40","slug":"wholesale-3d-cube-ball-maze-toy-for-kid","status":"publish","type":"product","link":"https:\/\/www.chengjitoy.com\/es\/product\/wholesale-3d-cube-ball-maze-toy-for-kid\/","title":{"rendered":"Mayorista 3D Magic Cube Ball Maze Puzzle Toy - Boost Kid's Logical Thinking And Focus"},"content":{"rendered":"<div class=\"wp-block-columns is-layout-flex wp-container-core-columns-is-layout-9d6595d7 wp-block-columns-is-layout-flex\">\n<div class=\"wp-block-column is-layout-flow wp-block-column-is-layout-flow\" style=\"flex-basis:66.66%\">\n<figure class=\"wp-block-image size-full\"><img loading=\"lazy\" decoding=\"async\" width=\"770\" height=\"1238\" sizes=\"auto, (max-width: 770px) 100vw, 770px\" src=\"https:\/\/www.chengjitoy.com\/wp-content\/uploads\/2025\/09\/details-of-Third-order-MAGIC-CUBE-ball-MAZE-CJ-4207277-1.webp\" alt=\"\" class=\"wp-image-4332\" srcset=\"https:\/\/www.chengjitoy.com\/wp-content\/uploads\/2025\/09\/details-of-Third-order-MAGIC-CUBE-ball-MAZE-CJ-4207277-1.webp 770w, https:\/\/www.chengjitoy.com\/wp-content\/uploads\/2025\/09\/details-of-Third-order-MAGIC-CUBE-ball-MAZE-CJ-4207277-1-187x300.webp 187w, https:\/\/www.chengjitoy.com\/wp-content\/uploads\/2025\/09\/details-of-Third-order-MAGIC-CUBE-ball-MAZE-CJ-4207277-1-768x1235.webp 768w, https:\/\/www.chengjitoy.com\/wp-content\/uploads\/2025\/09\/details-of-Third-order-MAGIC-CUBE-ball-MAZE-CJ-4207277-1-7x12.webp 7w, https:\/\/www.chengjitoy.com\/wp-content\/uploads\/2025\/09\/details-of-Third-order-MAGIC-CUBE-ball-MAZE-CJ-4207277-1-600x965.webp 600w\" \/><\/figure>\n\n\n\n<figure class=\"wp-block-image size-full\"><img loading=\"lazy\" decoding=\"async\" width=\"770\" height=\"816\" sizes=\"auto, (max-width: 770px) 100vw, 770px\" src=\"https:\/\/www.chengjitoy.com\/wp-content\/uploads\/2025\/09\/details-of-Third-order-MAGIC-CUBE-ball-MAZE-CJ-4207277-2.webp\" alt=\"\" class=\"wp-image-4333\" srcset=\"https:\/\/www.chengjitoy.com\/wp-content\/uploads\/2025\/09\/details-of-Third-order-MAGIC-CUBE-ball-MAZE-CJ-4207277-2.webp 770w, https:\/\/www.chengjitoy.com\/wp-content\/uploads\/2025\/09\/details-of-Third-order-MAGIC-CUBE-ball-MAZE-CJ-4207277-2-283x300.webp 283w, https:\/\/www.chengjitoy.com\/wp-content\/uploads\/2025\/09\/details-of-Third-order-MAGIC-CUBE-ball-MAZE-CJ-4207277-2-768x814.webp 768w, https:\/\/www.chengjitoy.com\/wp-content\/uploads\/2025\/09\/details-of-Third-order-MAGIC-CUBE-ball-MAZE-CJ-4207277-2-11x12.webp 11w, https:\/\/www.chengjitoy.com\/wp-content\/uploads\/2025\/09\/details-of-Third-order-MAGIC-CUBE-ball-MAZE-CJ-4207277-2-600x636.webp 600w\" \/><\/figure>\n\n\n\n<figure class=\"wp-block-image size-full\"><img loading=\"lazy\" decoding=\"async\" width=\"770\" height=\"1185\" sizes=\"auto, (max-width: 770px) 100vw, 770px\" src=\"https:\/\/www.chengjitoy.com\/wp-content\/uploads\/2025\/09\/details-of-Third-order-MAGIC-CUBE-ball-MAZE-CJ-4207277-3.webp\" alt=\"\" class=\"wp-image-4334\" srcset=\"https:\/\/www.chengjitoy.com\/wp-content\/uploads\/2025\/09\/details-of-Third-order-MAGIC-CUBE-ball-MAZE-CJ-4207277-3.webp 770w, https:\/\/www.chengjitoy.com\/wp-content\/uploads\/2025\/09\/details-of-Third-order-MAGIC-CUBE-ball-MAZE-CJ-4207277-3-195x300.webp 195w, https:\/\/www.chengjitoy.com\/wp-content\/uploads\/2025\/09\/details-of-Third-order-MAGIC-CUBE-ball-MAZE-CJ-4207277-3-768x1182.webp 768w, https:\/\/www.chengjitoy.com\/wp-content\/uploads\/2025\/09\/details-of-Third-order-MAGIC-CUBE-ball-MAZE-CJ-4207277-3-8x12.webp 8w, https:\/\/www.chengjitoy.com\/wp-content\/uploads\/2025\/09\/details-of-Third-order-MAGIC-CUBE-ball-MAZE-CJ-4207277-3-600x923.webp 600w\" \/><\/figure>\n\n\n\n<figure class=\"wp-block-image size-full\"><img loading=\"lazy\" decoding=\"async\" width=\"770\" height=\"1002\" sizes=\"auto, (max-width: 770px) 100vw, 770px\" src=\"https:\/\/www.chengjitoy.com\/wp-content\/uploads\/2025\/09\/details-of-Third-order-MAGIC-CUBE-ball-MAZE-CJ-4207277-4.webp\" alt=\"\" class=\"wp-image-4335\" srcset=\"https:\/\/www.chengjitoy.com\/wp-content\/uploads\/2025\/09\/details-of-Third-order-MAGIC-CUBE-ball-MAZE-CJ-4207277-4.webp 770w, https:\/\/www.chengjitoy.com\/wp-content\/uploads\/2025\/09\/details-of-Third-order-MAGIC-CUBE-ball-MAZE-CJ-4207277-4-231x300.webp 231w, https:\/\/www.chengjitoy.com\/wp-content\/uploads\/2025\/09\/details-of-Third-order-MAGIC-CUBE-ball-MAZE-CJ-4207277-4-768x999.webp 768w, https:\/\/www.chengjitoy.com\/wp-content\/uploads\/2025\/09\/details-of-Third-order-MAGIC-CUBE-ball-MAZE-CJ-4207277-4-9x12.webp 9w, https:\/\/www.chengjitoy.com\/wp-content\/uploads\/2025\/09\/details-of-Third-order-MAGIC-CUBE-ball-MAZE-CJ-4207277-4-600x781.webp 600w\" \/><\/figure>\n\n\n\n<figure class=\"wp-block-image size-full\"><img loading=\"lazy\" decoding=\"async\" width=\"770\" height=\"1268\" sizes=\"auto, (max-width: 770px) 100vw, 770px\" src=\"https:\/\/www.chengjitoy.com\/wp-content\/uploads\/2025\/09\/details-of-Third-order-MAGIC-CUBE-ball-MAZE-CJ-4207277-5.webp\" alt=\"\" class=\"wp-image-4336\" srcset=\"https:\/\/www.chengjitoy.com\/wp-content\/uploads\/2025\/09\/details-of-Third-order-MAGIC-CUBE-ball-MAZE-CJ-4207277-5.webp 770w, https:\/\/www.chengjitoy.com\/wp-content\/uploads\/2025\/09\/details-of-Third-order-MAGIC-CUBE-ball-MAZE-CJ-4207277-5-182x300.webp 182w, https:\/\/www.chengjitoy.com\/wp-content\/uploads\/2025\/09\/details-of-Third-order-MAGIC-CUBE-ball-MAZE-CJ-4207277-5-768x1265.webp 768w, https:\/\/www.chengjitoy.com\/wp-content\/uploads\/2025\/09\/details-of-Third-order-MAGIC-CUBE-ball-MAZE-CJ-4207277-5-7x12.webp 7w, https:\/\/www.chengjitoy.com\/wp-content\/uploads\/2025\/09\/details-of-Third-order-MAGIC-CUBE-ball-MAZE-CJ-4207277-5-600x988.webp 600w\" \/><\/figure>\n\n\n\n<figure class=\"wp-block-image size-full\"><img loading=\"lazy\" decoding=\"async\" width=\"770\" height=\"1711\" sizes=\"auto, (max-width: 770px) 100vw, 770px\" src=\"https:\/\/www.chengjitoy.com\/wp-content\/uploads\/2025\/09\/details-of-Third-order-MAGIC-CUBE-ball-MAZE-CJ-4207277-6.webp\" alt=\"\" class=\"wp-image-4337\" srcset=\"https:\/\/www.chengjitoy.com\/wp-content\/uploads\/2025\/09\/details-of-Third-order-MAGIC-CUBE-ball-MAZE-CJ-4207277-6.webp 770w, https:\/\/www.chengjitoy.com\/wp-content\/uploads\/2025\/09\/details-of-Third-order-MAGIC-CUBE-ball-MAZE-CJ-4207277-6-135x300.webp 135w, https:\/\/www.chengjitoy.com\/wp-content\/uploads\/2025\/09\/details-of-Third-order-MAGIC-CUBE-ball-MAZE-CJ-4207277-6-768x1707.webp 768w, https:\/\/www.chengjitoy.com\/wp-content\/uploads\/2025\/09\/details-of-Third-order-MAGIC-CUBE-ball-MAZE-CJ-4207277-6-5x12.webp 5w, https:\/\/www.chengjitoy.com\/wp-content\/uploads\/2025\/09\/details-of-Third-order-MAGIC-CUBE-ball-MAZE-CJ-4207277-6-600x1333.webp 600w\" \/><\/figure>\n\n\n\n<figure class=\"wp-block-image size-full\"><img loading=\"lazy\" decoding=\"async\" width=\"770\" height=\"812\" sizes=\"auto, (max-width: 770px) 100vw, 770px\" src=\"https:\/\/www.chengjitoy.com\/wp-content\/uploads\/2025\/09\/details-of-Third-order-MAGIC-CUBE-ball-MAZE-CJ-4207277-7.webp\" alt=\"\" class=\"wp-image-4338\" srcset=\"https:\/\/www.chengjitoy.com\/wp-content\/uploads\/2025\/09\/details-of-Third-order-MAGIC-CUBE-ball-MAZE-CJ-4207277-7.webp 770w, https:\/\/www.chengjitoy.com\/wp-content\/uploads\/2025\/09\/details-of-Third-order-MAGIC-CUBE-ball-MAZE-CJ-4207277-7-284x300.webp 284w, https:\/\/www.chengjitoy.com\/wp-content\/uploads\/2025\/09\/details-of-Third-order-MAGIC-CUBE-ball-MAZE-CJ-4207277-7-768x810.webp 768w, https:\/\/www.chengjitoy.com\/wp-content\/uploads\/2025\/09\/details-of-Third-order-MAGIC-CUBE-ball-MAZE-CJ-4207277-7-11x12.webp 11w, https:\/\/www.chengjitoy.com\/wp-content\/uploads\/2025\/09\/details-of-Third-order-MAGIC-CUBE-ball-MAZE-CJ-4207277-7-600x633.webp 600w\" \/><\/figure>\n\n\n\n<figure class=\"wp-block-image size-full\"><img loading=\"lazy\" decoding=\"async\" width=\"770\" height=\"962\" sizes=\"auto, (max-width: 770px) 100vw, 770px\" src=\"https:\/\/www.chengjitoy.com\/wp-content\/uploads\/2025\/09\/details-of-Third-order-MAGIC-CUBE-ball-MAZE-CJ-4207277-8.webp\" alt=\"\" class=\"wp-image-4339\" srcset=\"https:\/\/www.chengjitoy.com\/wp-content\/uploads\/2025\/09\/details-of-Third-order-MAGIC-CUBE-ball-MAZE-CJ-4207277-8.webp 770w, https:\/\/www.chengjitoy.com\/wp-content\/uploads\/2025\/09\/details-of-Third-order-MAGIC-CUBE-ball-MAZE-CJ-4207277-8-240x300.webp 240w, https:\/\/www.chengjitoy.com\/wp-content\/uploads\/2025\/09\/details-of-Third-order-MAGIC-CUBE-ball-MAZE-CJ-4207277-8-768x960.webp 768w, https:\/\/www.chengjitoy.com\/wp-content\/uploads\/2025\/09\/details-of-Third-order-MAGIC-CUBE-ball-MAZE-CJ-4207277-8-10x12.webp 10w, https:\/\/www.chengjitoy.com\/wp-content\/uploads\/2025\/09\/details-of-Third-order-MAGIC-CUBE-ball-MAZE-CJ-4207277-8-600x750.webp 600w\" \/><\/figure>\n<\/div>\n\n\n\n<div class=\"wp-block-column is-layout-flow wp-block-column-is-layout-flow\" style=\"flex-basis:33.33%\"><\/div>\n<\/div>","protected":false},"excerpt":{"rendered":"<p>Venta al por mayor de juguetes 3D de laberinto de bolas c\u00fabicas m\u00e1gicas. Los jugadores deben girar y rotar para cambiar de camino y rescatar la bola al final. Este juguete puede estimular la l\u00f3gica, la paciencia y la coordinaci\u00f3n mano-ojo de los ni\u00f1os. Tambi\u00e9n se puede jugar en solitario o en competici\u00f3n. Se admite el suministro a granel. P\u00f3ngase en contacto para obtener un precio al por mayor.<\/p>\n<h2>Especificaciones de Cube Ball Maze\u00a0<\/h2>\n<table style=\"border-collapse: collapse;width: 343.52pt\" border=\"0\" width=\"458\" cellspacing=\"0\" cellpadding=\"0\">\n<tbody>\n<tr style=\"height: 19.50pt\">\n<td class=\"et2\" style=\"height: 19.50pt;width: 133.75pt\" width=\"178\" height=\"26\">Art\u00edculo No:<\/td>\n<td class=\"et3\" style=\"width: 210.00pt\" width=\"280\">CJ-4207277<\/td>\n<\/tr>\n<tr style=\"height: 20.25pt\">\n<td class=\"et4\" style=\"height: 20.25pt;width: 133.75pt\" width=\"178\" height=\"27\">Paquete:<\/td>\n<td class=\"et5\" style=\"width: 210.00pt\" width=\"280\">TARJETA BLISTER<\/td>\n<\/tr>\n<tr style=\"height: 19.50pt\">\n<td class=\"et4\" style=\"height: 19.50pt;width: 133.75pt\" width=\"178\" height=\"26\">Tama\u00f1o del paquete:<\/td>\n<td class=\"et5\" style=\"width: 210.00pt\" width=\"280\">15.7*9*24.5CM<\/td>\n<\/tr>\n<tr style=\"height: 20.25pt\">\n<td class=\"et4\" style=\"height: 20.25pt;width: 133.75pt\" width=\"178\" height=\"27\">Tama\u00f1o de la caja\uff1a<\/td>\n<td class=\"et5\" style=\"width: 210.00pt\" width=\"280\">74*28*64CM<\/td>\n<\/tr>\n<tr style=\"height: 19.50pt\">\n<td class=\"et4\" style=\"height: 19.50pt;width: 133.75pt\" width=\"178\" height=\"26\">Cant:<\/td>\n<td class=\"et5\" style=\"width: 210.00pt\" width=\"280\">60 UNIDADES<\/td>\n<\/tr>\n<tr style=\"height: 20.25pt\">\n<td class=\"et4\" style=\"height: 20.25pt;width: 133.75pt\" width=\"178\" height=\"27\">G.W.\/N.W.:<\/td>\n<td class=\"et5\" style=\"width: 210.00pt\" width=\"280\">18\/16 KG<\/td>\n<\/tr>\n<tr style=\"height: 19.50pt\">\n<td class=\"et4\" style=\"height: 19.50pt;width: 133.75pt\" width=\"178\" height=\"26\">Medici\u00f3n:<\/td>\n<td class=\"et5\" style=\"width: 210.00pt\" width=\"280\">0,13 CBM'\/4,68 CUFT'<\/td>\n<\/tr>\n<\/tbody>\n<\/table>","protected":false},"featured_media":4325,"comment_status":"closed","ping_status":"closed","template":"","meta":{"_acf_changed":true},"product_brand":[],"product_cat":[30,43,24,26],"product_tag":[],"class_list":{"0":"post-4324","1":"product","2":"type-product","3":"status-publish","4":"has-post-thumbnail","6":"product_cat-wholesale-toys-for-ages-3-and-up","7":"product_cat-wholesale-chess-and-board-games","8":"product_cat-wholesale-educational-toys","9":"product_cat-wholesale-toys-for-all-ages","11":"first","12":"instock","13":"shipping-taxable","14":"product-type-simple"},"acf":[],"_links":{"self":[{"href":"https:\/\/www.chengjitoy.com\/es\/wp-json\/wp\/v2\/product\/4324","targetHints":{"allow":["GET"]}}],"collection":[{"href":"https:\/\/www.chengjitoy.com\/es\/wp-json\/wp\/v2\/product"}],"about":[{"href":"https:\/\/www.chengjitoy.com\/es\/wp-json\/wp\/v2\/types\/product"}],"replies":[{"embeddable":true,"href":"https:\/\/www.chengjitoy.com\/es\/wp-json\/wp\/v2\/comments?post=4324"}],"wp:featuredmedia":[{"embeddable":true,"href":"https:\/\/www.chengjitoy.com\/es\/wp-json\/wp\/v2\/media\/4325"}],"wp:attachment":[{"href":"https:\/\/www.chengjitoy.com\/es\/wp-json\/wp\/v2\/media?parent=4324"}],"wp:term":[{"taxonomy":"product_brand","embeddable":true,"href":"https:\/\/www.chengjitoy.com\/es\/wp-json\/wp\/v2\/product_brand?post=4324"},{"taxonomy":"product_cat","embeddable":true,"href":"https:\/\/www.chengjitoy.com\/es\/wp-json\/wp\/v2\/product_cat?post=4324"},{"taxonomy":"product_tag","embeddable":true,"href":"https:\/\/www.chengjitoy.com\/es\/wp-json\/wp\/v2\/product_tag?post=4324"}],"curies":[{"name":"wp","href":"https:\/\/api.w.org\/{rel}","templated":true}]}}