{"id":4355,"date":"2025-10-30T10:12:27","date_gmt":"2025-10-30T10:12:27","guid":{"rendered":"https:\/\/www.chengjitoy.com\/?post_type=product&#038;p=4355"},"modified":"2025-11-08T02:20:50","modified_gmt":"2025-11-08T02:20:50","slug":"portable-magnetic-block-toy-wholesale","status":"publish","type":"product","link":"https:\/\/www.chengjitoy.com\/es\/product\/portable-magnetic-block-toy-wholesale\/","title":{"rendered":"Mayorista Juguete de Bloques Magn\u00e9ticos, Port\u00e1til, 32 PCS, Para Ni\u00f1os y Padres Juego de Colaboraci\u00f3n, Juguete STEM"},"content":{"rendered":"<div class=\"wp-block-columns is-layout-flex wp-container-core-columns-is-layout-9d6595d7 wp-block-columns-is-layout-flex\">\n<div class=\"wp-block-column is-layout-flow wp-block-column-is-layout-flow\" style=\"flex-basis:66.66%\">\n<figure class=\"wp-block-image size-full\"><img loading=\"lazy\" decoding=\"async\" width=\"770\" height=\"891\" sizes=\"auto, (max-width: 770px) 100vw, 770px\" src=\"https:\/\/www.chengjitoy.com\/wp-content\/uploads\/2025\/09\/details-of-3.75CM-Planar-magnetic-plate-CJ-5041630-1.webp\" alt=\"\" class=\"wp-image-4363\" srcset=\"https:\/\/www.chengjitoy.com\/wp-content\/uploads\/2025\/09\/details-of-3.75CM-Planar-magnetic-plate-CJ-5041630-1.webp 770w, https:\/\/www.chengjitoy.com\/wp-content\/uploads\/2025\/09\/details-of-3.75CM-Planar-magnetic-plate-CJ-5041630-1-259x300.webp 259w, https:\/\/www.chengjitoy.com\/wp-content\/uploads\/2025\/09\/details-of-3.75CM-Planar-magnetic-plate-CJ-5041630-1-768x889.webp 768w, https:\/\/www.chengjitoy.com\/wp-content\/uploads\/2025\/09\/details-of-3.75CM-Planar-magnetic-plate-CJ-5041630-1-10x12.webp 10w, https:\/\/www.chengjitoy.com\/wp-content\/uploads\/2025\/09\/details-of-3.75CM-Planar-magnetic-plate-CJ-5041630-1-600x694.webp 600w\" \/><\/figure>\n\n\n\n<figure class=\"wp-block-image size-full\"><img loading=\"lazy\" decoding=\"async\" width=\"770\" height=\"789\" sizes=\"auto, (max-width: 770px) 100vw, 770px\" src=\"https:\/\/www.chengjitoy.com\/wp-content\/uploads\/2025\/09\/details-of-3.75CM-Planar-magnetic-plate-CJ-5041630-2.webp\" alt=\"\" class=\"wp-image-4364\" srcset=\"https:\/\/www.chengjitoy.com\/wp-content\/uploads\/2025\/09\/details-of-3.75CM-Planar-magnetic-plate-CJ-5041630-2.webp 770w, https:\/\/www.chengjitoy.com\/wp-content\/uploads\/2025\/09\/details-of-3.75CM-Planar-magnetic-plate-CJ-5041630-2-293x300.webp 293w, https:\/\/www.chengjitoy.com\/wp-content\/uploads\/2025\/09\/details-of-3.75CM-Planar-magnetic-plate-CJ-5041630-2-768x787.webp 768w, https:\/\/www.chengjitoy.com\/wp-content\/uploads\/2025\/09\/details-of-3.75CM-Planar-magnetic-plate-CJ-5041630-2-12x12.webp 12w, https:\/\/www.chengjitoy.com\/wp-content\/uploads\/2025\/09\/details-of-3.75CM-Planar-magnetic-plate-CJ-5041630-2-600x615.webp 600w\" \/><\/figure>\n\n\n\n<figure class=\"wp-block-image size-full\"><img loading=\"lazy\" decoding=\"async\" width=\"770\" height=\"799\" sizes=\"auto, (max-width: 770px) 100vw, 770px\" src=\"https:\/\/www.chengjitoy.com\/wp-content\/uploads\/2025\/09\/details-of-3.75CM-Planar-magnetic-plate-CJ-5041630-3.webp\" alt=\"\" class=\"wp-image-4365\" srcset=\"https:\/\/www.chengjitoy.com\/wp-content\/uploads\/2025\/09\/details-of-3.75CM-Planar-magnetic-plate-CJ-5041630-3.webp 770w, https:\/\/www.chengjitoy.com\/wp-content\/uploads\/2025\/09\/details-of-3.75CM-Planar-magnetic-plate-CJ-5041630-3-289x300.webp 289w, https:\/\/www.chengjitoy.com\/wp-content\/uploads\/2025\/09\/details-of-3.75CM-Planar-magnetic-plate-CJ-5041630-3-768x797.webp 768w, https:\/\/www.chengjitoy.com\/wp-content\/uploads\/2025\/09\/details-of-3.75CM-Planar-magnetic-plate-CJ-5041630-3-12x12.webp 12w, https:\/\/www.chengjitoy.com\/wp-content\/uploads\/2025\/09\/details-of-3.75CM-Planar-magnetic-plate-CJ-5041630-3-600x623.webp 600w\" \/><\/figure>\n\n\n\n<figure class=\"wp-block-image size-full\"><img loading=\"lazy\" decoding=\"async\" width=\"770\" height=\"1220\" sizes=\"auto, (max-width: 770px) 100vw, 770px\" src=\"https:\/\/www.chengjitoy.com\/wp-content\/uploads\/2025\/09\/details-of-3.75CM-Planar-magnetic-plate-CJ-5041630-4.webp\" alt=\"\" class=\"wp-image-4366\" srcset=\"https:\/\/www.chengjitoy.com\/wp-content\/uploads\/2025\/09\/details-of-3.75CM-Planar-magnetic-plate-CJ-5041630-4.webp 770w, https:\/\/www.chengjitoy.com\/wp-content\/uploads\/2025\/09\/details-of-3.75CM-Planar-magnetic-plate-CJ-5041630-4-189x300.webp 189w, https:\/\/www.chengjitoy.com\/wp-content\/uploads\/2025\/09\/details-of-3.75CM-Planar-magnetic-plate-CJ-5041630-4-768x1217.webp 768w, https:\/\/www.chengjitoy.com\/wp-content\/uploads\/2025\/09\/details-of-3.75CM-Planar-magnetic-plate-CJ-5041630-4-8x12.webp 8w, https:\/\/www.chengjitoy.com\/wp-content\/uploads\/2025\/09\/details-of-3.75CM-Planar-magnetic-plate-CJ-5041630-4-600x951.webp 600w\" \/><\/figure>\n\n\n\n<figure class=\"wp-block-image size-full\"><img loading=\"lazy\" decoding=\"async\" width=\"770\" height=\"774\" sizes=\"auto, (max-width: 770px) 100vw, 770px\" src=\"https:\/\/www.chengjitoy.com\/wp-content\/uploads\/2025\/09\/details-of-3.75CM-Planar-magnetic-plate-CJ-5041630-5.webp\" alt=\"\" class=\"wp-image-4367\" srcset=\"https:\/\/www.chengjitoy.com\/wp-content\/uploads\/2025\/09\/details-of-3.75CM-Planar-magnetic-plate-CJ-5041630-5.webp 770w, https:\/\/www.chengjitoy.com\/wp-content\/uploads\/2025\/09\/details-of-3.75CM-Planar-magnetic-plate-CJ-5041630-5-298x300.webp 298w, https:\/\/www.chengjitoy.com\/wp-content\/uploads\/2025\/09\/details-of-3.75CM-Planar-magnetic-plate-CJ-5041630-5-150x150.webp 150w, https:\/\/www.chengjitoy.com\/wp-content\/uploads\/2025\/09\/details-of-3.75CM-Planar-magnetic-plate-CJ-5041630-5-768x772.webp 768w, https:\/\/www.chengjitoy.com\/wp-content\/uploads\/2025\/09\/details-of-3.75CM-Planar-magnetic-plate-CJ-5041630-5-12x12.webp 12w, https:\/\/www.chengjitoy.com\/wp-content\/uploads\/2025\/09\/details-of-3.75CM-Planar-magnetic-plate-CJ-5041630-5-600x603.webp 600w, https:\/\/www.chengjitoy.com\/wp-content\/uploads\/2025\/09\/details-of-3.75CM-Planar-magnetic-plate-CJ-5041630-5-100x100.webp 100w\" \/><\/figure>\n\n\n\n<figure class=\"wp-block-image size-full\"><img loading=\"lazy\" decoding=\"async\" width=\"770\" height=\"787\" sizes=\"auto, (max-width: 770px) 100vw, 770px\" src=\"https:\/\/www.chengjitoy.com\/wp-content\/uploads\/2025\/09\/details-of-3.75CM-Planar-magnetic-plate-CJ-5041630-6.webp\" alt=\"\" class=\"wp-image-4368\" srcset=\"https:\/\/www.chengjitoy.com\/wp-content\/uploads\/2025\/09\/details-of-3.75CM-Planar-magnetic-plate-CJ-5041630-6.webp 770w, https:\/\/www.chengjitoy.com\/wp-content\/uploads\/2025\/09\/details-of-3.75CM-Planar-magnetic-plate-CJ-5041630-6-294x300.webp 294w, https:\/\/www.chengjitoy.com\/wp-content\/uploads\/2025\/09\/details-of-3.75CM-Planar-magnetic-plate-CJ-5041630-6-768x785.webp 768w, https:\/\/www.chengjitoy.com\/wp-content\/uploads\/2025\/09\/details-of-3.75CM-Planar-magnetic-plate-CJ-5041630-6-12x12.webp 12w, https:\/\/www.chengjitoy.com\/wp-content\/uploads\/2025\/09\/details-of-3.75CM-Planar-magnetic-plate-CJ-5041630-6-600x613.webp 600w\" \/><\/figure>\n\n\n\n<figure class=\"wp-block-image size-full\"><img loading=\"lazy\" decoding=\"async\" width=\"770\" height=\"760\" sizes=\"auto, (max-width: 770px) 100vw, 770px\" src=\"https:\/\/www.chengjitoy.com\/wp-content\/uploads\/2025\/09\/details-of-3.75CM-Planar-magnetic-plate-CJ-5041630-7.webp\" alt=\"\" class=\"wp-image-4369\" srcset=\"https:\/\/www.chengjitoy.com\/wp-content\/uploads\/2025\/09\/details-of-3.75CM-Planar-magnetic-plate-CJ-5041630-7.webp 770w, https:\/\/www.chengjitoy.com\/wp-content\/uploads\/2025\/09\/details-of-3.75CM-Planar-magnetic-plate-CJ-5041630-7-300x296.webp 300w, https:\/\/www.chengjitoy.com\/wp-content\/uploads\/2025\/09\/details-of-3.75CM-Planar-magnetic-plate-CJ-5041630-7-768x758.webp 768w, https:\/\/www.chengjitoy.com\/wp-content\/uploads\/2025\/09\/details-of-3.75CM-Planar-magnetic-plate-CJ-5041630-7-12x12.webp 12w, https:\/\/www.chengjitoy.com\/wp-content\/uploads\/2025\/09\/details-of-3.75CM-Planar-magnetic-plate-CJ-5041630-7-600x592.webp 600w, https:\/\/www.chengjitoy.com\/wp-content\/uploads\/2025\/09\/details-of-3.75CM-Planar-magnetic-plate-CJ-5041630-7-100x100.webp 100w\" \/><\/figure>\n\n\n\n<figure class=\"wp-block-image size-full\"><img loading=\"lazy\" decoding=\"async\" width=\"770\" height=\"1478\" sizes=\"auto, (max-width: 770px) 100vw, 770px\" src=\"https:\/\/www.chengjitoy.com\/wp-content\/uploads\/2025\/09\/details-of-3.75CM-Planar-magnetic-plate-CJ-5041630-8.webp\" alt=\"\" class=\"wp-image-4370\" srcset=\"https:\/\/www.chengjitoy.com\/wp-content\/uploads\/2025\/09\/details-of-3.75CM-Planar-magnetic-plate-CJ-5041630-8.webp 770w, https:\/\/www.chengjitoy.com\/wp-content\/uploads\/2025\/09\/details-of-3.75CM-Planar-magnetic-plate-CJ-5041630-8-156x300.webp 156w, https:\/\/www.chengjitoy.com\/wp-content\/uploads\/2025\/09\/details-of-3.75CM-Planar-magnetic-plate-CJ-5041630-8-768x1474.webp 768w, https:\/\/www.chengjitoy.com\/wp-content\/uploads\/2025\/09\/details-of-3.75CM-Planar-magnetic-plate-CJ-5041630-8-6x12.webp 6w, https:\/\/www.chengjitoy.com\/wp-content\/uploads\/2025\/09\/details-of-3.75CM-Planar-magnetic-plate-CJ-5041630-8-600x1152.webp 600w\" \/><\/figure>\n<\/div>\n\n\n\n<div class=\"wp-block-column is-layout-flow wp-block-column-is-layout-flow\" style=\"flex-basis:33.33%\"><\/div>\n<\/div>","protected":false},"excerpt":{"rendered":"<p>\u00a1Nuestros bloques magn\u00e9ticos port\u00e1tiles con estuche de viaje ya est\u00e1n a la venta al por mayor! Dentro de un juego de construcci\u00f3n de 32 piezas y 3,75 cm, este juguete educativo es perfecto para el aprendizaje STEM y el juego creativo en cualquier lugar para los ni\u00f1os. Adem\u00e1s, es un regalo educativo perfecto para Navidad y cumplea\u00f1os. Se admite la compra a granel. \u00a1Pida su presupuesto ahora!<\/p>\n<h2>Especificaciones del bloque magn\u00e9tico planar de 3,75CM\u00a0<\/h2>\n<table style=\"border-collapse: collapse; width: 343.52pt;\" border=\"0\" width=\"458\" cellspacing=\"0\" cellpadding=\"0\">\n<tbody>\n<tr style=\"height: 19.50pt;\">\n<td class=\"et2\" style=\"height: 19.50pt; width: 133.75pt;\" width=\"178\" height=\"26\">Art\u00edculo No:<\/td>\n<td class=\"et3\" style=\"width: 210.00pt;\" width=\"280\">CJ-5041630<\/td>\n<\/tr>\n<tr style=\"height: 20.25pt;\">\n<td class=\"et4\" style=\"height: 20.25pt; width: 133.75pt;\" width=\"178\" height=\"27\">Paquete:<\/td>\n<td class=\"et5\" style=\"width: 210.00pt;\" width=\"280\">caja met\u00e1lica<\/td>\n<\/tr>\n<tr style=\"height: 19.50pt;\">\n<td class=\"et4\" style=\"height: 19.50pt; width: 133.75pt;\" width=\"178\" height=\"26\">Tama\u00f1o del paquete:<\/td>\n<td class=\"et5\" style=\"width: 210.00pt;\" width=\"280\">19*8.8*2.8CM<\/td>\n<\/tr>\n<tr style=\"height: 20.25pt;\">\n<td class=\"et4\" style=\"height: 20.25pt; width: 133.75pt;\" width=\"178\" height=\"27\">Tama\u00f1o de la caja\uff1a<\/td>\n<td class=\"et5\" style=\"width: 210.00pt;\" width=\"280\">60*20*28CM<\/td>\n<\/tr>\n<tr style=\"height: 19.50pt;\">\n<td class=\"et4\" style=\"height: 19.50pt; width: 133.75pt;\" width=\"178\" height=\"26\">Cant:<\/td>\n<td class=\"et5\" style=\"width: 210.00pt;\" width=\"280\">60 UNIDADES<\/td>\n<\/tr>\n<tr style=\"height: 20.25pt;\">\n<td class=\"et4\" style=\"height: 20.25pt; width: 133.75pt;\" width=\"178\" height=\"27\">G.W.\/N.W.:<\/td>\n<td class=\"et5\" style=\"width: 210.00pt;\" width=\"280\">28\/26 KG<\/td>\n<\/tr>\n<tr style=\"height: 19.50pt;\">\n<td class=\"et4\" style=\"height: 19.50pt; width: 133.75pt;\" width=\"178\" height=\"26\">Medici\u00f3n:<\/td>\n<td class=\"et5\" style=\"width: 210.00pt;\" width=\"280\">0,03 CBM\u2019\/1,19 CUFT\u2019<\/td>\n<\/tr>\n<\/tbody>\n<\/table>\n<p>\n<script src=\"chrome-extension:\/\/fpelahbljekknahkcaegamhcndkfpfnc\/iFrame.js\" type=\"text\/javascript\"><\/script><\/p>","protected":false},"featured_media":4356,"comment_status":"closed","ping_status":"closed","template":"","meta":{"_acf_changed":false},"product_brand":[],"product_cat":[30,41,104,24,26],"product_tag":[],"class_list":{"0":"post-4355","1":"product","2":"type-product","3":"status-publish","4":"has-post-thumbnail","6":"product_cat-wholesale-toys-for-ages-3-and-up","7":"product_cat-wholesale-blocks-and-puzzles","8":"product_cat-wholesale-diy-educational-toys","9":"product_cat-wholesale-educational-toys","10":"product_cat-wholesale-toys-for-all-ages","12":"first","13":"instock","14":"shipping-taxable","15":"product-type-simple"},"acf":[],"_links":{"self":[{"href":"https:\/\/www.chengjitoy.com\/es\/wp-json\/wp\/v2\/product\/4355","targetHints":{"allow":["GET"]}}],"collection":[{"href":"https:\/\/www.chengjitoy.com\/es\/wp-json\/wp\/v2\/product"}],"about":[{"href":"https:\/\/www.chengjitoy.com\/es\/wp-json\/wp\/v2\/types\/product"}],"replies":[{"embeddable":true,"href":"https:\/\/www.chengjitoy.com\/es\/wp-json\/wp\/v2\/comments?post=4355"}],"wp:featuredmedia":[{"embeddable":true,"href":"https:\/\/www.chengjitoy.com\/es\/wp-json\/wp\/v2\/media\/4356"}],"wp:attachment":[{"href":"https:\/\/www.chengjitoy.com\/es\/wp-json\/wp\/v2\/media?parent=4355"}],"wp:term":[{"taxonomy":"product_brand","embeddable":true,"href":"https:\/\/www.chengjitoy.com\/es\/wp-json\/wp\/v2\/product_brand?post=4355"},{"taxonomy":"product_cat","embeddable":true,"href":"https:\/\/www.chengjitoy.com\/es\/wp-json\/wp\/v2\/product_cat?post=4355"},{"taxonomy":"product_tag","embeddable":true,"href":"https:\/\/www.chengjitoy.com\/es\/wp-json\/wp\/v2\/product_tag?post=4355"}],"curies":[{"name":"wp","href":"https:\/\/api.w.org\/{rel}","templated":true}]}}