{"id":4497,"date":"2025-10-21T15:03:17","date_gmt":"2025-10-21T15:03:17","guid":{"rendered":"https:\/\/www.chengjitoy.com\/?post_type=product&#038;p=4497"},"modified":"2025-10-21T15:03:21","modified_gmt":"2025-10-21T15:03:21","slug":"wholesale-high-pressure-water-gun-toy","status":"publish","type":"product","link":"https:\/\/www.chengjitoy.com\/es\/product\/wholesale-high-pressure-water-gun-toy\/","title":{"rendered":"Wholesale High-pressure Water Gun With Futuristic Space Appearance, 11M Range, Leak-Proof, Water Bottle Compliment &#8211; Summer Toy"},"content":{"rendered":"<div class=\"wp-block-columns is-layout-flex wp-container-core-columns-is-layout-9d6595d7 wp-block-columns-is-layout-flex\">\n<div class=\"wp-block-column is-layout-flow wp-block-column-is-layout-flow\" style=\"flex-basis:66.66%\">\n<figure class=\"wp-block-image size-full\"><img loading=\"lazy\" decoding=\"async\" width=\"770\" height=\"1541\" sizes=\"auto, (max-width: 770px) 100vw, 770px\" src=\"https:\/\/www.chengjitoy.com\/wp-content\/uploads\/2025\/10\/details-of-space-water-gun-1.webp\" alt=\"\" class=\"wp-image-4505\" srcset=\"https:\/\/www.chengjitoy.com\/wp-content\/uploads\/2025\/10\/details-of-space-water-gun-1.webp 770w, https:\/\/www.chengjitoy.com\/wp-content\/uploads\/2025\/10\/details-of-space-water-gun-1-150x300.webp 150w, https:\/\/www.chengjitoy.com\/wp-content\/uploads\/2025\/10\/details-of-space-water-gun-1-768x1537.webp 768w, https:\/\/www.chengjitoy.com\/wp-content\/uploads\/2025\/10\/details-of-space-water-gun-1-6x12.webp 6w, https:\/\/www.chengjitoy.com\/wp-content\/uploads\/2025\/10\/details-of-space-water-gun-1-600x1201.webp 600w\" \/><\/figure>\n\n\n\n<figure class=\"wp-block-image size-full\"><img loading=\"lazy\" decoding=\"async\" width=\"770\" height=\"1621\" sizes=\"auto, (max-width: 770px) 100vw, 770px\" src=\"https:\/\/www.chengjitoy.com\/wp-content\/uploads\/2025\/10\/details-of-space-water-gun-2.webp\" alt=\"\" class=\"wp-image-4506\" srcset=\"https:\/\/www.chengjitoy.com\/wp-content\/uploads\/2025\/10\/details-of-space-water-gun-2.webp 770w, https:\/\/www.chengjitoy.com\/wp-content\/uploads\/2025\/10\/details-of-space-water-gun-2-143x300.webp 143w, https:\/\/www.chengjitoy.com\/wp-content\/uploads\/2025\/10\/details-of-space-water-gun-2-768x1617.webp 768w, https:\/\/www.chengjitoy.com\/wp-content\/uploads\/2025\/10\/details-of-space-water-gun-2-6x12.webp 6w, https:\/\/www.chengjitoy.com\/wp-content\/uploads\/2025\/10\/details-of-space-water-gun-2-600x1263.webp 600w\" \/><\/figure>\n\n\n\n<figure class=\"wp-block-image size-full\"><img loading=\"lazy\" decoding=\"async\" width=\"770\" height=\"1007\" sizes=\"auto, (max-width: 770px) 100vw, 770px\" src=\"https:\/\/www.chengjitoy.com\/wp-content\/uploads\/2025\/10\/details-of-space-water-gun-3.webp\" alt=\"\" class=\"wp-image-4507\" srcset=\"https:\/\/www.chengjitoy.com\/wp-content\/uploads\/2025\/10\/details-of-space-water-gun-3.webp 770w, https:\/\/www.chengjitoy.com\/wp-content\/uploads\/2025\/10\/details-of-space-water-gun-3-229x300.webp 229w, https:\/\/www.chengjitoy.com\/wp-content\/uploads\/2025\/10\/details-of-space-water-gun-3-768x1004.webp 768w, https:\/\/www.chengjitoy.com\/wp-content\/uploads\/2025\/10\/details-of-space-water-gun-3-9x12.webp 9w, https:\/\/www.chengjitoy.com\/wp-content\/uploads\/2025\/10\/details-of-space-water-gun-3-600x785.webp 600w\" \/><\/figure>\n\n\n\n<figure class=\"wp-block-image size-full\"><img loading=\"lazy\" decoding=\"async\" width=\"770\" height=\"1318\" sizes=\"auto, (max-width: 770px) 100vw, 770px\" src=\"https:\/\/www.chengjitoy.com\/wp-content\/uploads\/2025\/10\/details-of-space-water-gun-4.webp\" alt=\"\" class=\"wp-image-4508\" srcset=\"https:\/\/www.chengjitoy.com\/wp-content\/uploads\/2025\/10\/details-of-space-water-gun-4.webp 770w, https:\/\/www.chengjitoy.com\/wp-content\/uploads\/2025\/10\/details-of-space-water-gun-4-175x300.webp 175w, https:\/\/www.chengjitoy.com\/wp-content\/uploads\/2025\/10\/details-of-space-water-gun-4-768x1315.webp 768w, https:\/\/www.chengjitoy.com\/wp-content\/uploads\/2025\/10\/details-of-space-water-gun-4-7x12.webp 7w, https:\/\/www.chengjitoy.com\/wp-content\/uploads\/2025\/10\/details-of-space-water-gun-4-600x1027.webp 600w\" \/><\/figure>\n\n\n\n<figure class=\"wp-block-image size-full\"><img loading=\"lazy\" decoding=\"async\" width=\"770\" height=\"994\" sizes=\"auto, (max-width: 770px) 100vw, 770px\" src=\"https:\/\/www.chengjitoy.com\/wp-content\/uploads\/2025\/10\/details-of-space-water-gun-5.webp\" alt=\"\" class=\"wp-image-4509\" srcset=\"https:\/\/www.chengjitoy.com\/wp-content\/uploads\/2025\/10\/details-of-space-water-gun-5.webp 770w, https:\/\/www.chengjitoy.com\/wp-content\/uploads\/2025\/10\/details-of-space-water-gun-5-232x300.webp 232w, https:\/\/www.chengjitoy.com\/wp-content\/uploads\/2025\/10\/details-of-space-water-gun-5-768x991.webp 768w, https:\/\/www.chengjitoy.com\/wp-content\/uploads\/2025\/10\/details-of-space-water-gun-5-9x12.webp 9w, https:\/\/www.chengjitoy.com\/wp-content\/uploads\/2025\/10\/details-of-space-water-gun-5-600x775.webp 600w\" \/><\/figure>\n\n\n\n<figure class=\"wp-block-image size-full\"><img loading=\"lazy\" decoding=\"async\" width=\"770\" height=\"1232\" sizes=\"auto, (max-width: 770px) 100vw, 770px\" src=\"https:\/\/www.chengjitoy.com\/wp-content\/uploads\/2025\/10\/details-of-space-water-gun-6.webp\" alt=\"\" class=\"wp-image-4510\" srcset=\"https:\/\/www.chengjitoy.com\/wp-content\/uploads\/2025\/10\/details-of-space-water-gun-6.webp 770w, https:\/\/www.chengjitoy.com\/wp-content\/uploads\/2025\/10\/details-of-space-water-gun-6-188x300.webp 188w, https:\/\/www.chengjitoy.com\/wp-content\/uploads\/2025\/10\/details-of-space-water-gun-6-768x1229.webp 768w, https:\/\/www.chengjitoy.com\/wp-content\/uploads\/2025\/10\/details-of-space-water-gun-6-8x12.webp 8w, https:\/\/www.chengjitoy.com\/wp-content\/uploads\/2025\/10\/details-of-space-water-gun-6-600x960.webp 600w\" \/><\/figure>\n\n\n\n<figure class=\"wp-block-image size-full\"><img loading=\"lazy\" decoding=\"async\" width=\"770\" height=\"682\" sizes=\"auto, (max-width: 770px) 100vw, 770px\" src=\"https:\/\/www.chengjitoy.com\/wp-content\/uploads\/2025\/10\/details-of-space-water-gun-7.webp\" alt=\"\" class=\"wp-image-4511\" srcset=\"https:\/\/www.chengjitoy.com\/wp-content\/uploads\/2025\/10\/details-of-space-water-gun-7.webp 770w, https:\/\/www.chengjitoy.com\/wp-content\/uploads\/2025\/10\/details-of-space-water-gun-7-300x266.webp 300w, https:\/\/www.chengjitoy.com\/wp-content\/uploads\/2025\/10\/details-of-space-water-gun-7-768x680.webp 768w, https:\/\/www.chengjitoy.com\/wp-content\/uploads\/2025\/10\/details-of-space-water-gun-7-14x12.webp 14w, https:\/\/www.chengjitoy.com\/wp-content\/uploads\/2025\/10\/details-of-space-water-gun-7-600x531.webp 600w\" \/><\/figure>\n\n\n\n<figure class=\"wp-block-image size-full\"><img loading=\"lazy\" decoding=\"async\" width=\"770\" height=\"1169\" sizes=\"auto, (max-width: 770px) 100vw, 770px\" src=\"https:\/\/www.chengjitoy.com\/wp-content\/uploads\/2025\/10\/details-of-space-water-gun-8.webp\" alt=\"\" class=\"wp-image-4512\" srcset=\"https:\/\/www.chengjitoy.com\/wp-content\/uploads\/2025\/10\/details-of-space-water-gun-8.webp 770w, https:\/\/www.chengjitoy.com\/wp-content\/uploads\/2025\/10\/details-of-space-water-gun-8-198x300.webp 198w, https:\/\/www.chengjitoy.com\/wp-content\/uploads\/2025\/10\/details-of-space-water-gun-8-768x1166.webp 768w, https:\/\/www.chengjitoy.com\/wp-content\/uploads\/2025\/10\/details-of-space-water-gun-8-8x12.webp 8w, https:\/\/www.chengjitoy.com\/wp-content\/uploads\/2025\/10\/details-of-space-water-gun-8-600x911.webp 600w\" \/><\/figure>\n\n\n\n<figure class=\"wp-block-image size-full\"><img loading=\"lazy\" decoding=\"async\" width=\"770\" height=\"885\" sizes=\"auto, (max-width: 770px) 100vw, 770px\" src=\"https:\/\/www.chengjitoy.com\/wp-content\/uploads\/2025\/10\/details-of-space-water-gun-9.webp\" alt=\"\" class=\"wp-image-4513\" srcset=\"https:\/\/www.chengjitoy.com\/wp-content\/uploads\/2025\/10\/details-of-space-water-gun-9.webp 770w, https:\/\/www.chengjitoy.com\/wp-content\/uploads\/2025\/10\/details-of-space-water-gun-9-261x300.webp 261w, https:\/\/www.chengjitoy.com\/wp-content\/uploads\/2025\/10\/details-of-space-water-gun-9-768x883.webp 768w, https:\/\/www.chengjitoy.com\/wp-content\/uploads\/2025\/10\/details-of-space-water-gun-9-10x12.webp 10w, https:\/\/www.chengjitoy.com\/wp-content\/uploads\/2025\/10\/details-of-space-water-gun-9-600x690.webp 600w\" \/><\/figure>\n\n\n\n<figure class=\"wp-block-image size-full\"><img loading=\"lazy\" decoding=\"async\" width=\"770\" height=\"1491\" sizes=\"auto, (max-width: 770px) 100vw, 770px\" src=\"https:\/\/www.chengjitoy.com\/wp-content\/uploads\/2025\/10\/details-of-space-water-gun-10.webp\" alt=\"\" class=\"wp-image-4514\" srcset=\"https:\/\/www.chengjitoy.com\/wp-content\/uploads\/2025\/10\/details-of-space-water-gun-10.webp 770w, https:\/\/www.chengjitoy.com\/wp-content\/uploads\/2025\/10\/details-of-space-water-gun-10-155x300.webp 155w, https:\/\/www.chengjitoy.com\/wp-content\/uploads\/2025\/10\/details-of-space-water-gun-10-768x1487.webp 768w, https:\/\/www.chengjitoy.com\/wp-content\/uploads\/2025\/10\/details-of-space-water-gun-10-6x12.webp 6w, https:\/\/www.chengjitoy.com\/wp-content\/uploads\/2025\/10\/details-of-space-water-gun-10-600x1162.webp 600w\" \/><\/figure>\n\n\n\n<figure class=\"wp-block-image size-full\"><img loading=\"lazy\" decoding=\"async\" width=\"770\" height=\"863\" sizes=\"auto, (max-width: 770px) 100vw, 770px\" src=\"https:\/\/www.chengjitoy.com\/wp-content\/uploads\/2025\/10\/details-of-space-water-gun-11.webp\" alt=\"\" class=\"wp-image-4515\" srcset=\"https:\/\/www.chengjitoy.com\/wp-content\/uploads\/2025\/10\/details-of-space-water-gun-11.webp 770w, https:\/\/www.chengjitoy.com\/wp-content\/uploads\/2025\/10\/details-of-space-water-gun-11-268x300.webp 268w, https:\/\/www.chengjitoy.com\/wp-content\/uploads\/2025\/10\/details-of-space-water-gun-11-768x861.webp 768w, https:\/\/www.chengjitoy.com\/wp-content\/uploads\/2025\/10\/details-of-space-water-gun-11-11x12.webp 11w, https:\/\/www.chengjitoy.com\/wp-content\/uploads\/2025\/10\/details-of-space-water-gun-11-600x672.webp 600w\" \/><\/figure>\n\n\n\n<figure class=\"wp-block-image size-full\"><img loading=\"lazy\" decoding=\"async\" width=\"770\" height=\"1284\" sizes=\"auto, (max-width: 770px) 100vw, 770px\" src=\"https:\/\/www.chengjitoy.com\/wp-content\/uploads\/2025\/10\/details-of-space-water-gun-12.webp\" alt=\"\" class=\"wp-image-4516\" srcset=\"https:\/\/www.chengjitoy.com\/wp-content\/uploads\/2025\/10\/details-of-space-water-gun-12.webp 770w, https:\/\/www.chengjitoy.com\/wp-content\/uploads\/2025\/10\/details-of-space-water-gun-12-180x300.webp 180w, https:\/\/www.chengjitoy.com\/wp-content\/uploads\/2025\/10\/details-of-space-water-gun-12-768x1281.webp 768w, https:\/\/www.chengjitoy.com\/wp-content\/uploads\/2025\/10\/details-of-space-water-gun-12-7x12.webp 7w, https:\/\/www.chengjitoy.com\/wp-content\/uploads\/2025\/10\/details-of-space-water-gun-12-600x1001.webp 600w\" \/><\/figure>\n<\/div>\n\n\n\n<div class=\"wp-block-column is-layout-flow wp-block-column-is-layout-flow\" style=\"flex-basis:33.33%\"><\/div>\n<\/div>","protected":false},"excerpt":{"rendered":"<p>Mayorista de juguetes con pistola de agua de alta presi\u00f3n, aspecto futurista. Nuestra pistola de agua manual de alta presi\u00f3n tiene un alcance de 11 m. Sistema de presurizaci\u00f3n por tracci\u00f3n para a\u00f1adir presi\u00f3n de agua, un gran dep\u00f3sito para el suministro de agua adicional, un dise\u00f1o a prueba de fugas para retener el agua, es, de hecho, el juguete de verano perfecto para la diversi\u00f3n de la batalla de agua entre amigos. Admite la compra al por mayor. \u00a1Pida su presupuesto ahora!<\/p>\n<h2>Especificaciones de la pistola de agua de alta presi\u00f3n<\/h2>\n<table style=\"border-collapse: collapse; width: 343.52pt;\" border=\"0\" width=\"458\" cellspacing=\"0\" cellpadding=\"0\">\n<tbody>\n<tr style=\"height: 19.50pt;\">\n<td class=\"et2\" style=\"height: 19.50pt; width: 133.75pt;\" width=\"178\" height=\"26\">Art\u00edculo No:<\/td>\n<td class=\"et3\" style=\"width: 210.00pt;\" width=\"280\">CJ-5024648<\/td>\n<\/tr>\n<tr style=\"height: 20.25pt;\">\n<td class=\"et4\" style=\"height: 20.25pt; width: 133.75pt;\" width=\"178\" height=\"27\">Paquete:<\/td>\n<td class=\"et5\" style=\"width: 210.00pt;\" width=\"280\">CAJA DE EXPOSICI\u00d3N<\/td>\n<\/tr>\n<tr style=\"height: 19.50pt;\">\n<td class=\"et4\" style=\"height: 19.50pt; width: 133.75pt;\" width=\"178\" height=\"26\">Tama\u00f1o del paquete:<\/td>\n<td class=\"et5\" style=\"width: 210.00pt;\" width=\"280\">58*6.1*23.5CM<\/td>\n<\/tr>\n<tr style=\"height: 20.25pt;\">\n<td class=\"et4\" style=\"height: 20.25pt; width: 133.75pt;\" width=\"178\" height=\"27\">Tama\u00f1o de la caja\uff1a<\/td>\n<td class=\"et5\" style=\"width: 210.00pt;\" width=\"280\">60*60*50CM<\/td>\n<\/tr>\n<tr style=\"height: 19.50pt;\">\n<td class=\"et4\" style=\"height: 19.50pt; width: 133.75pt;\" width=\"178\" height=\"26\">Cant:<\/td>\n<td class=\"et5\" style=\"width: 210.00pt;\" width=\"280\">18\/PCS<\/td>\n<\/tr>\n<tr style=\"height: 20.25pt;\">\n<td class=\"et4\" style=\"height: 20.25pt; width: 133.75pt;\" width=\"178\" height=\"27\">G.W.\/N.W.:<\/td>\n<td class=\"et5\" style=\"width: 210.00pt;\" width=\"280\">16\/14 KG<\/td>\n<\/tr>\n<tr style=\"height: 19.50pt;\">\n<td class=\"et4\" style=\"height: 19.50pt; width: 133.75pt;\" width=\"178\" height=\"26\">Medici\u00f3n:<\/td>\n<td class=\"et5\" style=\"width: 210.00pt;\" width=\"280\">0,18 CBM'\/6,35 CUFT'<\/td>\n<\/tr>\n<\/tbody>\n<\/table>\n<p>\n<script src=\"chrome-extension:\/\/fpelahbljekknahkcaegamhcndkfpfnc\/iFrame.js\" type=\"text\/javascript\"><\/script><\/p>","protected":false},"featured_media":4504,"comment_status":"closed","ping_status":"closed","template":"","meta":{"_acf_changed":true},"product_brand":[],"product_cat":[30,19,82],"product_tag":[],"class_list":{"0":"post-4497","1":"product","2":"type-product","3":"status-publish","4":"has-post-thumbnail","6":"product_cat-wholesale-toys-for-ages-3-and-up","7":"product_cat-wholesale-toy-guns","8":"product_cat-wholesale-water-guns","10":"first","11":"instock","12":"shipping-taxable","13":"product-type-simple"},"acf":[],"_links":{"self":[{"href":"https:\/\/www.chengjitoy.com\/es\/wp-json\/wp\/v2\/product\/4497","targetHints":{"allow":["GET"]}}],"collection":[{"href":"https:\/\/www.chengjitoy.com\/es\/wp-json\/wp\/v2\/product"}],"about":[{"href":"https:\/\/www.chengjitoy.com\/es\/wp-json\/wp\/v2\/types\/product"}],"replies":[{"embeddable":true,"href":"https:\/\/www.chengjitoy.com\/es\/wp-json\/wp\/v2\/comments?post=4497"}],"wp:featuredmedia":[{"embeddable":true,"href":"https:\/\/www.chengjitoy.com\/es\/wp-json\/wp\/v2\/media\/4504"}],"wp:attachment":[{"href":"https:\/\/www.chengjitoy.com\/es\/wp-json\/wp\/v2\/media?parent=4497"}],"wp:term":[{"taxonomy":"product_brand","embeddable":true,"href":"https:\/\/www.chengjitoy.com\/es\/wp-json\/wp\/v2\/product_brand?post=4497"},{"taxonomy":"product_cat","embeddable":true,"href":"https:\/\/www.chengjitoy.com\/es\/wp-json\/wp\/v2\/product_cat?post=4497"},{"taxonomy":"product_tag","embeddable":true,"href":"https:\/\/www.chengjitoy.com\/es\/wp-json\/wp\/v2\/product_tag?post=4497"}],"curies":[{"name":"wp","href":"https:\/\/api.w.org\/{rel}","templated":true}]}}