{"id":4692,"date":"2025-10-16T14:51:50","date_gmt":"2025-10-16T14:51:50","guid":{"rendered":"https:\/\/www.chengjitoy.com\/?post_type=product&#038;p=4692"},"modified":"2026-02-05T03:47:38","modified_gmt":"2026-02-05T03:47:38","slug":"wholesale-bean-catching-machine-toy","status":"publish","type":"product","link":"https:\/\/www.chengjitoy.com\/es\/product\/wholesale-bean-catching-machine-toy\/","title":{"rendered":"Mayorista Juguete de Dibujos Animados, Juguete Educativo"},"content":{"rendered":"<div class=\"wp-block-columns is-layout-flex wp-container-core-columns-is-layout-9d6595d7 wp-block-columns-is-layout-flex\">\n<div class=\"wp-block-column is-layout-flow wp-block-column-is-layout-flow\" style=\"flex-basis:66.66%\">\n<figure class=\"wp-block-image size-full\"><img loading=\"lazy\" decoding=\"async\" width=\"770\" height=\"1564\" sizes=\"auto, (max-width: 770px) 100vw, 770px\" src=\"https:\/\/www.chengjitoy.com\/wp-content\/uploads\/2025\/10\/details-of-Cartoon-bean-catching-machine-1.webp\" alt=\"detalles de la m\u00e1quina de captura de alubias Cartoon (1)\" class=\"wp-image-5110\" srcset=\"https:\/\/www.chengjitoy.com\/wp-content\/uploads\/2025\/10\/details-of-Cartoon-bean-catching-machine-1.webp 770w, https:\/\/www.chengjitoy.com\/wp-content\/uploads\/2025\/10\/details-of-Cartoon-bean-catching-machine-1-148x300.webp 148w, https:\/\/www.chengjitoy.com\/wp-content\/uploads\/2025\/10\/details-of-Cartoon-bean-catching-machine-1-768x1560.webp 768w, https:\/\/www.chengjitoy.com\/wp-content\/uploads\/2025\/10\/details-of-Cartoon-bean-catching-machine-1-6x12.webp 6w, https:\/\/www.chengjitoy.com\/wp-content\/uploads\/2025\/10\/details-of-Cartoon-bean-catching-machine-1-600x1219.webp 600w\" \/><\/figure>\n\n\n\n<figure class=\"wp-block-image size-full\"><img loading=\"lazy\" decoding=\"async\" width=\"770\" height=\"1462\" sizes=\"auto, (max-width: 770px) 100vw, 770px\" src=\"https:\/\/www.chengjitoy.com\/wp-content\/uploads\/2025\/10\/details-of-Cartoon-bean-catching-machine-2.webp\" alt=\"detalles de la m\u00e1quina de captura de alubias Cartoon (2)\" class=\"wp-image-5111\" srcset=\"https:\/\/www.chengjitoy.com\/wp-content\/uploads\/2025\/10\/details-of-Cartoon-bean-catching-machine-2.webp 770w, https:\/\/www.chengjitoy.com\/wp-content\/uploads\/2025\/10\/details-of-Cartoon-bean-catching-machine-2-158x300.webp 158w, https:\/\/www.chengjitoy.com\/wp-content\/uploads\/2025\/10\/details-of-Cartoon-bean-catching-machine-2-768x1458.webp 768w, https:\/\/www.chengjitoy.com\/wp-content\/uploads\/2025\/10\/details-of-Cartoon-bean-catching-machine-2-6x12.webp 6w, https:\/\/www.chengjitoy.com\/wp-content\/uploads\/2025\/10\/details-of-Cartoon-bean-catching-machine-2-600x1139.webp 600w\" \/><\/figure>\n\n\n\n<figure class=\"wp-block-image size-full\"><img loading=\"lazy\" decoding=\"async\" width=\"770\" height=\"2515\" sizes=\"auto, (max-width: 770px) 100vw, 770px\" src=\"https:\/\/www.chengjitoy.com\/wp-content\/uploads\/2025\/10\/details-of-Cartoon-bean-catching-machine-3.webp\" alt=\"detalles de la m\u00e1quina de captura de alubias Cartoon (3)\" class=\"wp-image-5112\" srcset=\"https:\/\/www.chengjitoy.com\/wp-content\/uploads\/2025\/10\/details-of-Cartoon-bean-catching-machine-3.webp 770w, https:\/\/www.chengjitoy.com\/wp-content\/uploads\/2025\/10\/details-of-Cartoon-bean-catching-machine-3-92x300.webp 92w, https:\/\/www.chengjitoy.com\/wp-content\/uploads\/2025\/10\/details-of-Cartoon-bean-catching-machine-3-768x2508.webp 768w, https:\/\/www.chengjitoy.com\/wp-content\/uploads\/2025\/10\/details-of-Cartoon-bean-catching-machine-3-4x12.webp 4w, https:\/\/www.chengjitoy.com\/wp-content\/uploads\/2025\/10\/details-of-Cartoon-bean-catching-machine-3-600x1960.webp 600w\" \/><\/figure>\n\n\n\n<figure class=\"wp-block-image size-full\"><img loading=\"lazy\" decoding=\"async\" width=\"770\" height=\"1063\" sizes=\"auto, (max-width: 770px) 100vw, 770px\" src=\"https:\/\/www.chengjitoy.com\/wp-content\/uploads\/2025\/10\/details-of-Cartoon-bean-catching-machine-4.webp\" alt=\"detalles de la m\u00e1quina de captura de alubias Cartoon (4)\" class=\"wp-image-5113\" srcset=\"https:\/\/www.chengjitoy.com\/wp-content\/uploads\/2025\/10\/details-of-Cartoon-bean-catching-machine-4.webp 770w, https:\/\/www.chengjitoy.com\/wp-content\/uploads\/2025\/10\/details-of-Cartoon-bean-catching-machine-4-217x300.webp 217w, https:\/\/www.chengjitoy.com\/wp-content\/uploads\/2025\/10\/details-of-Cartoon-bean-catching-machine-4-768x1060.webp 768w, https:\/\/www.chengjitoy.com\/wp-content\/uploads\/2025\/10\/details-of-Cartoon-bean-catching-machine-4-9x12.webp 9w, https:\/\/www.chengjitoy.com\/wp-content\/uploads\/2025\/10\/details-of-Cartoon-bean-catching-machine-4-600x828.webp 600w\" \/><\/figure>\n\n\n\n<figure class=\"wp-block-image size-full\"><img loading=\"lazy\" decoding=\"async\" width=\"770\" height=\"1941\" sizes=\"auto, (max-width: 770px) 100vw, 770px\" src=\"https:\/\/www.chengjitoy.com\/wp-content\/uploads\/2025\/10\/details-of-Cartoon-bean-catching-machine-7.webp\" alt=\"\" class=\"wp-image-5118\" srcset=\"https:\/\/www.chengjitoy.com\/wp-content\/uploads\/2025\/10\/details-of-Cartoon-bean-catching-machine-7.webp 770w, https:\/\/www.chengjitoy.com\/wp-content\/uploads\/2025\/10\/details-of-Cartoon-bean-catching-machine-7-119x300.webp 119w, https:\/\/www.chengjitoy.com\/wp-content\/uploads\/2025\/10\/details-of-Cartoon-bean-catching-machine-7-768x1936.webp 768w, https:\/\/www.chengjitoy.com\/wp-content\/uploads\/2025\/10\/details-of-Cartoon-bean-catching-machine-7-5x12.webp 5w, https:\/\/www.chengjitoy.com\/wp-content\/uploads\/2025\/10\/details-of-Cartoon-bean-catching-machine-7-600x1512.webp 600w\" \/><\/figure>\n\n\n\n<figure class=\"wp-block-image size-full\"><img loading=\"lazy\" decoding=\"async\" width=\"770\" height=\"1063\" sizes=\"auto, (max-width: 770px) 100vw, 770px\" src=\"https:\/\/www.chengjitoy.com\/wp-content\/uploads\/2025\/10\/details-of-Cartoon-bean-receiving-machine-5.webp\" alt=\"\" class=\"wp-image-4707\" srcset=\"https:\/\/www.chengjitoy.com\/wp-content\/uploads\/2025\/10\/details-of-Cartoon-bean-receiving-machine-5.webp 770w, https:\/\/www.chengjitoy.com\/wp-content\/uploads\/2025\/10\/details-of-Cartoon-bean-receiving-machine-5-217x300.webp 217w, https:\/\/www.chengjitoy.com\/wp-content\/uploads\/2025\/10\/details-of-Cartoon-bean-receiving-machine-5-768x1060.webp 768w, https:\/\/www.chengjitoy.com\/wp-content\/uploads\/2025\/10\/details-of-Cartoon-bean-receiving-machine-5-9x12.webp 9w, https:\/\/www.chengjitoy.com\/wp-content\/uploads\/2025\/10\/details-of-Cartoon-bean-receiving-machine-5-600x828.webp 600w\" \/><\/figure>\n\n\n\n<figure class=\"wp-block-image size-full\"><img loading=\"lazy\" decoding=\"async\" width=\"770\" height=\"1130\" sizes=\"auto, (max-width: 770px) 100vw, 770px\" src=\"https:\/\/www.chengjitoy.com\/wp-content\/uploads\/2025\/10\/details-of-Cartoon-bean-catching-machine-5.webp\" alt=\"detalles de la m\u00e1quina de captura de alubias Cartoon (5)\" class=\"wp-image-5114\" srcset=\"https:\/\/www.chengjitoy.com\/wp-content\/uploads\/2025\/10\/details-of-Cartoon-bean-catching-machine-5.webp 770w, https:\/\/www.chengjitoy.com\/wp-content\/uploads\/2025\/10\/details-of-Cartoon-bean-catching-machine-5-204x300.webp 204w, https:\/\/www.chengjitoy.com\/wp-content\/uploads\/2025\/10\/details-of-Cartoon-bean-catching-machine-5-768x1127.webp 768w, https:\/\/www.chengjitoy.com\/wp-content\/uploads\/2025\/10\/details-of-Cartoon-bean-catching-machine-5-8x12.webp 8w, https:\/\/www.chengjitoy.com\/wp-content\/uploads\/2025\/10\/details-of-Cartoon-bean-catching-machine-5-600x881.webp 600w\" \/><\/figure>\n\n\n\n<figure class=\"wp-block-image size-full\"><img loading=\"lazy\" decoding=\"async\" width=\"770\" height=\"1809\" sizes=\"auto, (max-width: 770px) 100vw, 770px\" src=\"https:\/\/www.chengjitoy.com\/wp-content\/uploads\/2025\/10\/details-of-Cartoon-bean-catching-machine-6.webp\" alt=\"detalles de la m\u00e1quina recogedora de alubias Cartoon (6)\" class=\"wp-image-5115\" srcset=\"https:\/\/www.chengjitoy.com\/wp-content\/uploads\/2025\/10\/details-of-Cartoon-bean-catching-machine-6.webp 770w, https:\/\/www.chengjitoy.com\/wp-content\/uploads\/2025\/10\/details-of-Cartoon-bean-catching-machine-6-128x300.webp 128w, https:\/\/www.chengjitoy.com\/wp-content\/uploads\/2025\/10\/details-of-Cartoon-bean-catching-machine-6-768x1804.webp 768w, https:\/\/www.chengjitoy.com\/wp-content\/uploads\/2025\/10\/details-of-Cartoon-bean-catching-machine-6-5x12.webp 5w, https:\/\/www.chengjitoy.com\/wp-content\/uploads\/2025\/10\/details-of-Cartoon-bean-catching-machine-6-600x1410.webp 600w\" \/><\/figure>\n<\/div>\n\n\n\n<div class=\"wp-block-column is-layout-flow wp-block-column-is-layout-flow\" style=\"flex-basis:33.33%\"><\/div>\n<\/div>","protected":false},"excerpt":{"rendered":"<p>Vendemos al por mayor este juguete de dibujos animados. Nuestra m\u00e1quina atrapa jud\u00edas tiene un elevador el\u00e9ctrico que ayuda a hacer girar las jud\u00edas hasta la cima. Con un dise\u00f1o anti-ingesti\u00f3n, no hay cuentas que caen, por lo que es un juguete de coordinaci\u00f3n mano-ojo seguro y divertido para los ni\u00f1os. Se admite la compra a granel. P\u00f3ngase en contacto con nosotros para obtener su presupuesto.<\/p>\n<h2>Especificaciones de la m\u00e1quina de captura de jud\u00edas de dibujos animados<\/h2>\n<table style=\"border-collapse: collapse;width: 343.52pt\" border=\"0\" width=\"458\" cellspacing=\"0\" cellpadding=\"0\">\n<tbody>\n<tr style=\"height: 19.50pt\">\n<td class=\"et2\" style=\"height: 19.50pt;width: 133.75pt\" width=\"178\" height=\"26\">Art\u00edculo No:<\/td>\n<td class=\"et3\" style=\"width: 210.00pt\" width=\"280\">CJ-3989341<\/td>\n<\/tr>\n<tr style=\"height: 20.25pt\">\n<td class=\"et4\" style=\"height: 20.25pt;width: 133.75pt\" width=\"178\" height=\"27\">Paquete:<\/td>\n<td class=\"et5\" style=\"width: 210.00pt\" width=\"280\">CAJA VENTANA<\/td>\n<\/tr>\n<tr style=\"height: 19.50pt\">\n<td class=\"et4\" style=\"height: 19.50pt;width: 133.75pt\" width=\"178\" height=\"26\">Tama\u00f1o del paquete:<\/td>\n<td class=\"et5\" style=\"width: 210.00pt\" width=\"280\">21.7*14*26.5CM<\/td>\n<\/tr>\n<tr style=\"height: 20.25pt\">\n<td class=\"et4\" style=\"height: 20.25pt;width: 133.75pt\" width=\"178\" height=\"27\">Tama\u00f1o de la caja\uff1a<\/td>\n<td class=\"et5\" style=\"width: 210.00pt\" width=\"280\">86,5*46*80,5CM<\/td>\n<\/tr>\n<tr style=\"height: 19.50pt\">\n<td class=\"et4\" style=\"height: 19.50pt;width: 133.75pt\" width=\"178\" height=\"26\">Cant:<\/td>\n<td class=\"et5\" style=\"width: 210.00pt\" width=\"280\">36\/PCS<\/td>\n<\/tr>\n<tr style=\"height: 20.25pt\">\n<td class=\"et4\" style=\"height: 20.25pt;width: 133.75pt\" width=\"178\" height=\"27\">G.W.\/N.W.:<\/td>\n<td class=\"et5\" style=\"width: 210.00pt\" width=\"280\">26,5\/24,5 KG<\/td>\n<\/tr>\n<tr style=\"height: 19.50pt\">\n<td class=\"et4\" style=\"height: 19.50pt;width: 133.75pt\" width=\"178\" height=\"26\">Medici\u00f3n:<\/td>\n<td class=\"et5\" style=\"width: 210.00pt\" width=\"280\">0,32 CBM'\/11,3 CUFT'<\/td>\n<\/tr>\n<\/tbody>\n<\/table>\n<p>&nbsp;<\/p>","protected":false},"featured_media":5100,"comment_status":"closed","ping_status":"closed","template":"","meta":{"_acf_changed":true},"product_brand":[],"product_cat":[30,43,24,26],"product_tag":[],"class_list":{"0":"post-4692","1":"product","2":"type-product","3":"status-publish","4":"has-post-thumbnail","6":"product_cat-wholesale-toys-for-ages-3-and-up","7":"product_cat-wholesale-chess-and-board-games","8":"product_cat-wholesale-educational-toys","9":"product_cat-wholesale-toys-for-all-ages","11":"first","12":"instock","13":"shipping-taxable","14":"product-type-simple"},"acf":[],"_links":{"self":[{"href":"https:\/\/www.chengjitoy.com\/es\/wp-json\/wp\/v2\/product\/4692","targetHints":{"allow":["GET"]}}],"collection":[{"href":"https:\/\/www.chengjitoy.com\/es\/wp-json\/wp\/v2\/product"}],"about":[{"href":"https:\/\/www.chengjitoy.com\/es\/wp-json\/wp\/v2\/types\/product"}],"replies":[{"embeddable":true,"href":"https:\/\/www.chengjitoy.com\/es\/wp-json\/wp\/v2\/comments?post=4692"}],"wp:featuredmedia":[{"embeddable":true,"href":"https:\/\/www.chengjitoy.com\/es\/wp-json\/wp\/v2\/media\/5100"}],"wp:attachment":[{"href":"https:\/\/www.chengjitoy.com\/es\/wp-json\/wp\/v2\/media?parent=4692"}],"wp:term":[{"taxonomy":"product_brand","embeddable":true,"href":"https:\/\/www.chengjitoy.com\/es\/wp-json\/wp\/v2\/product_brand?post=4692"},{"taxonomy":"product_cat","embeddable":true,"href":"https:\/\/www.chengjitoy.com\/es\/wp-json\/wp\/v2\/product_cat?post=4692"},{"taxonomy":"product_tag","embeddable":true,"href":"https:\/\/www.chengjitoy.com\/es\/wp-json\/wp\/v2\/product_tag?post=4692"}],"curies":[{"name":"wp","href":"https:\/\/api.w.org\/{rel}","templated":true}]}}