{"id":4817,"date":"2025-11-07T07:30:44","date_gmt":"2025-11-07T07:30:44","guid":{"rendered":"https:\/\/www.chengjitoy.com\/?post_type=product&#038;p=4817"},"modified":"2026-02-05T03:41:48","modified_gmt":"2026-02-05T03:41:48","slug":"wholesale-swinging-cute-duck-toy","status":"publish","type":"product","link":"https:\/\/www.chengjitoy.com\/es\/product\/wholesale-swinging-cute-duck-toy\/","title":{"rendered":"Juguete adorable de pato columpiante al por mayor: juguete que funciona con pilas, apto para beb\u00e9s menores de 2 a\u00f1os."},"content":{"rendered":"<div class=\"wp-block-columns is-layout-flex wp-container-core-columns-is-layout-9d6595d7 wp-block-columns-is-layout-flex\">\n<div class=\"wp-block-column is-layout-flow wp-block-column-is-layout-flow\" style=\"flex-basis:66.66%\">\n<figure class=\"wp-block-image size-full\"><img loading=\"lazy\" decoding=\"async\" width=\"770\" height=\"2465\" sizes=\"auto, (max-width: 770px) 100vw, 770px\" src=\"https:\/\/www.chengjitoy.com\/wp-content\/uploads\/2025\/10\/details-of-Swinging-Cute-Duck-1.webp\" alt=\"\" class=\"wp-image-5173\" srcset=\"https:\/\/www.chengjitoy.com\/wp-content\/uploads\/2025\/10\/details-of-Swinging-Cute-Duck-1.webp 770w, https:\/\/www.chengjitoy.com\/wp-content\/uploads\/2025\/10\/details-of-Swinging-Cute-Duck-1-94x300.webp 94w, https:\/\/www.chengjitoy.com\/wp-content\/uploads\/2025\/10\/details-of-Swinging-Cute-Duck-1-768x2459.webp 768w, https:\/\/www.chengjitoy.com\/wp-content\/uploads\/2025\/10\/details-of-Swinging-Cute-Duck-1-4x12.webp 4w, https:\/\/www.chengjitoy.com\/wp-content\/uploads\/2025\/10\/details-of-Swinging-Cute-Duck-1-600x1921.webp 600w\" \/><\/figure>\n\n\n\n<figure class=\"wp-block-image size-full\"><img loading=\"lazy\" decoding=\"async\" width=\"770\" height=\"1676\" sizes=\"auto, (max-width: 770px) 100vw, 770px\" src=\"https:\/\/www.chengjitoy.com\/wp-content\/uploads\/2025\/10\/details-of-Swinging-Cute-Duck-2.webp\" alt=\"\" class=\"wp-image-5174\" srcset=\"https:\/\/www.chengjitoy.com\/wp-content\/uploads\/2025\/10\/details-of-Swinging-Cute-Duck-2.webp 770w, https:\/\/www.chengjitoy.com\/wp-content\/uploads\/2025\/10\/details-of-Swinging-Cute-Duck-2-138x300.webp 138w, https:\/\/www.chengjitoy.com\/wp-content\/uploads\/2025\/10\/details-of-Swinging-Cute-Duck-2-768x1672.webp 768w, https:\/\/www.chengjitoy.com\/wp-content\/uploads\/2025\/10\/details-of-Swinging-Cute-Duck-2-6x12.webp 6w, https:\/\/www.chengjitoy.com\/wp-content\/uploads\/2025\/10\/details-of-Swinging-Cute-Duck-2-600x1306.webp 600w\" \/><\/figure>\n\n\n\n<figure class=\"wp-block-image size-full\"><img loading=\"lazy\" decoding=\"async\" width=\"770\" height=\"1860\" sizes=\"auto, (max-width: 770px) 100vw, 770px\" src=\"https:\/\/www.chengjitoy.com\/wp-content\/uploads\/2025\/10\/details-of-Swinging-Cute-Duck-3.webp\" alt=\"\" class=\"wp-image-5175\" srcset=\"https:\/\/www.chengjitoy.com\/wp-content\/uploads\/2025\/10\/details-of-Swinging-Cute-Duck-3.webp 770w, https:\/\/www.chengjitoy.com\/wp-content\/uploads\/2025\/10\/details-of-Swinging-Cute-Duck-3-124x300.webp 124w, https:\/\/www.chengjitoy.com\/wp-content\/uploads\/2025\/10\/details-of-Swinging-Cute-Duck-3-768x1855.webp 768w, https:\/\/www.chengjitoy.com\/wp-content\/uploads\/2025\/10\/details-of-Swinging-Cute-Duck-3-5x12.webp 5w, https:\/\/www.chengjitoy.com\/wp-content\/uploads\/2025\/10\/details-of-Swinging-Cute-Duck-3-600x1449.webp 600w\" \/><\/figure>\n\n\n\n<figure class=\"wp-block-image size-full\"><img loading=\"lazy\" decoding=\"async\" width=\"770\" height=\"2005\" sizes=\"auto, (max-width: 770px) 100vw, 770px\" src=\"https:\/\/www.chengjitoy.com\/wp-content\/uploads\/2025\/10\/details-of-Swinging-Cute-Duck-4.webp\" alt=\"\" class=\"wp-image-5176\" srcset=\"https:\/\/www.chengjitoy.com\/wp-content\/uploads\/2025\/10\/details-of-Swinging-Cute-Duck-4.webp 770w, https:\/\/www.chengjitoy.com\/wp-content\/uploads\/2025\/10\/details-of-Swinging-Cute-Duck-4-115x300.webp 115w, https:\/\/www.chengjitoy.com\/wp-content\/uploads\/2025\/10\/details-of-Swinging-Cute-Duck-4-768x2000.webp 768w, https:\/\/www.chengjitoy.com\/wp-content\/uploads\/2025\/10\/details-of-Swinging-Cute-Duck-4-5x12.webp 5w, https:\/\/www.chengjitoy.com\/wp-content\/uploads\/2025\/10\/details-of-Swinging-Cute-Duck-4-600x1562.webp 600w\" \/><\/figure>\n\n\n\n<figure class=\"wp-block-image size-full\"><img loading=\"lazy\" decoding=\"async\" width=\"770\" height=\"2315\" sizes=\"auto, (max-width: 770px) 100vw, 770px\" src=\"https:\/\/www.chengjitoy.com\/wp-content\/uploads\/2025\/10\/details-of-Swinging-Cute-Duck-5.webp\" alt=\"\" class=\"wp-image-5177\" srcset=\"https:\/\/www.chengjitoy.com\/wp-content\/uploads\/2025\/10\/details-of-Swinging-Cute-Duck-5.webp 770w, https:\/\/www.chengjitoy.com\/wp-content\/uploads\/2025\/10\/details-of-Swinging-Cute-Duck-5-100x300.webp 100w, https:\/\/www.chengjitoy.com\/wp-content\/uploads\/2025\/10\/details-of-Swinging-Cute-Duck-5-768x2309.webp 768w, https:\/\/www.chengjitoy.com\/wp-content\/uploads\/2025\/10\/details-of-Swinging-Cute-Duck-5-4x12.webp 4w, https:\/\/www.chengjitoy.com\/wp-content\/uploads\/2025\/10\/details-of-Swinging-Cute-Duck-5-600x1804.webp 600w\" \/><\/figure>\n\n\n\n<figure class=\"wp-block-image size-full\"><img loading=\"lazy\" decoding=\"async\" width=\"770\" height=\"1704\" sizes=\"auto, (max-width: 770px) 100vw, 770px\" src=\"https:\/\/www.chengjitoy.com\/wp-content\/uploads\/2025\/10\/details-of-Swinging-Cute-Duck-6.webp\" alt=\"\" class=\"wp-image-5178\" srcset=\"https:\/\/www.chengjitoy.com\/wp-content\/uploads\/2025\/10\/details-of-Swinging-Cute-Duck-6.webp 770w, https:\/\/www.chengjitoy.com\/wp-content\/uploads\/2025\/10\/details-of-Swinging-Cute-Duck-6-136x300.webp 136w, https:\/\/www.chengjitoy.com\/wp-content\/uploads\/2025\/10\/details-of-Swinging-Cute-Duck-6-768x1700.webp 768w, https:\/\/www.chengjitoy.com\/wp-content\/uploads\/2025\/10\/details-of-Swinging-Cute-Duck-6-5x12.webp 5w, https:\/\/www.chengjitoy.com\/wp-content\/uploads\/2025\/10\/details-of-Swinging-Cute-Duck-6-600x1328.webp 600w\" \/><\/figure>\n\n\n\n<figure class=\"wp-block-image size-full\"><img loading=\"lazy\" decoding=\"async\" width=\"770\" height=\"1501\" sizes=\"auto, (max-width: 770px) 100vw, 770px\" src=\"https:\/\/www.chengjitoy.com\/wp-content\/uploads\/2025\/10\/details-of-Swinging-Cute-Duck-7.webp\" alt=\"\" class=\"wp-image-5179\" srcset=\"https:\/\/www.chengjitoy.com\/wp-content\/uploads\/2025\/10\/details-of-Swinging-Cute-Duck-7.webp 770w, https:\/\/www.chengjitoy.com\/wp-content\/uploads\/2025\/10\/details-of-Swinging-Cute-Duck-7-154x300.webp 154w, https:\/\/www.chengjitoy.com\/wp-content\/uploads\/2025\/10\/details-of-Swinging-Cute-Duck-7-768x1497.webp 768w, https:\/\/www.chengjitoy.com\/wp-content\/uploads\/2025\/10\/details-of-Swinging-Cute-Duck-7-6x12.webp 6w, https:\/\/www.chengjitoy.com\/wp-content\/uploads\/2025\/10\/details-of-Swinging-Cute-Duck-7-600x1170.webp 600w\" \/><\/figure>\n\n\n\n<figure class=\"wp-block-image size-full\"><img loading=\"lazy\" decoding=\"async\" width=\"770\" height=\"1635\" sizes=\"auto, (max-width: 770px) 100vw, 770px\" src=\"https:\/\/www.chengjitoy.com\/wp-content\/uploads\/2025\/10\/details-of-Swinging-Cute-Duck-8.webp\" alt=\"\" class=\"wp-image-5180\" srcset=\"https:\/\/www.chengjitoy.com\/wp-content\/uploads\/2025\/10\/details-of-Swinging-Cute-Duck-8.webp 770w, https:\/\/www.chengjitoy.com\/wp-content\/uploads\/2025\/10\/details-of-Swinging-Cute-Duck-8-141x300.webp 141w, https:\/\/www.chengjitoy.com\/wp-content\/uploads\/2025\/10\/details-of-Swinging-Cute-Duck-8-768x1631.webp 768w, https:\/\/www.chengjitoy.com\/wp-content\/uploads\/2025\/10\/details-of-Swinging-Cute-Duck-8-6x12.webp 6w, https:\/\/www.chengjitoy.com\/wp-content\/uploads\/2025\/10\/details-of-Swinging-Cute-Duck-8-600x1274.webp 600w\" \/><\/figure>\n\n\n\n<figure class=\"wp-block-image size-full\"><img loading=\"lazy\" decoding=\"async\" width=\"770\" height=\"1646\" sizes=\"auto, (max-width: 770px) 100vw, 770px\" src=\"https:\/\/www.chengjitoy.com\/wp-content\/uploads\/2025\/10\/details-of-Swinging-Cute-Duck-9.webp\" alt=\"\" class=\"wp-image-5181\" srcset=\"https:\/\/www.chengjitoy.com\/wp-content\/uploads\/2025\/10\/details-of-Swinging-Cute-Duck-9.webp 770w, https:\/\/www.chengjitoy.com\/wp-content\/uploads\/2025\/10\/details-of-Swinging-Cute-Duck-9-140x300.webp 140w, https:\/\/www.chengjitoy.com\/wp-content\/uploads\/2025\/10\/details-of-Swinging-Cute-Duck-9-768x1642.webp 768w, https:\/\/www.chengjitoy.com\/wp-content\/uploads\/2025\/10\/details-of-Swinging-Cute-Duck-9-6x12.webp 6w, https:\/\/www.chengjitoy.com\/wp-content\/uploads\/2025\/10\/details-of-Swinging-Cute-Duck-9-600x1283.webp 600w\" \/><\/figure>\n\n\n\n<figure class=\"wp-block-image size-full\"><img loading=\"lazy\" decoding=\"async\" width=\"770\" height=\"1841\" sizes=\"auto, (max-width: 770px) 100vw, 770px\" src=\"https:\/\/www.chengjitoy.com\/wp-content\/uploads\/2025\/10\/details-of-Swinging-Cute-Duck-10.webp\" alt=\"\" class=\"wp-image-5182\" srcset=\"https:\/\/www.chengjitoy.com\/wp-content\/uploads\/2025\/10\/details-of-Swinging-Cute-Duck-10.webp 770w, https:\/\/www.chengjitoy.com\/wp-content\/uploads\/2025\/10\/details-of-Swinging-Cute-Duck-10-125x300.webp 125w, https:\/\/www.chengjitoy.com\/wp-content\/uploads\/2025\/10\/details-of-Swinging-Cute-Duck-10-768x1836.webp 768w, https:\/\/www.chengjitoy.com\/wp-content\/uploads\/2025\/10\/details-of-Swinging-Cute-Duck-10-5x12.webp 5w, https:\/\/www.chengjitoy.com\/wp-content\/uploads\/2025\/10\/details-of-Swinging-Cute-Duck-10-600x1435.webp 600w\" \/><\/figure>\n\n\n\n<figure class=\"wp-block-image size-full\"><img loading=\"lazy\" decoding=\"async\" width=\"770\" height=\"1037\" sizes=\"auto, (max-width: 770px) 100vw, 770px\" src=\"https:\/\/www.chengjitoy.com\/wp-content\/uploads\/2025\/10\/details-of-Swinging-Cute-Duck-11.webp\" alt=\"\" class=\"wp-image-5183\" srcset=\"https:\/\/www.chengjitoy.com\/wp-content\/uploads\/2025\/10\/details-of-Swinging-Cute-Duck-11.webp 770w, https:\/\/www.chengjitoy.com\/wp-content\/uploads\/2025\/10\/details-of-Swinging-Cute-Duck-11-223x300.webp 223w, https:\/\/www.chengjitoy.com\/wp-content\/uploads\/2025\/10\/details-of-Swinging-Cute-Duck-11-768x1034.webp 768w, https:\/\/www.chengjitoy.com\/wp-content\/uploads\/2025\/10\/details-of-Swinging-Cute-Duck-11-9x12.webp 9w, https:\/\/www.chengjitoy.com\/wp-content\/uploads\/2025\/10\/details-of-Swinging-Cute-Duck-11-600x808.webp 600w\" \/><\/figure>\n<\/div>\n\n\n\n<div class=\"wp-block-column is-layout-flow wp-block-column-is-layout-flow\" style=\"flex-basis:33.33%\"><\/div>\n<\/div>","protected":false},"excerpt":{"rendered":"<p>Venta al por mayor de simp\u00e1ticos patitos columpios. \u00a1Se trata de un juguete educativo que graba, baila con un cuello m\u00e1gico e imita el habla! Suaves luces y m\u00fasica acompa\u00f1an el crecimiento del beb\u00e9 al ritmo. Se admiten compras al por mayor. \u00a1P\u00f3ngase en contacto con nosotros ahora mismo!<\/p>\n<h2>Especificaciones del pato columpiante<\/h2>\n<table style=\"border-collapse: collapse;width: 343.52pt\" border=\"0\" width=\"458\" cellspacing=\"0\" cellpadding=\"0\">\n<tbody>\n<tr style=\"height: 19.50pt\">\n<td class=\"et2\" style=\"height: 19.50pt;width: 133.75pt\" width=\"178\" height=\"26\">Art\u00edculo No:<\/td>\n<td class=\"et3\" style=\"width: 210.00pt\" width=\"280\">CJ-4355242<\/td>\n<\/tr>\n<tr style=\"height: 20.25pt\">\n<td class=\"et4\" style=\"height: 20.25pt;width: 133.75pt\" width=\"178\" height=\"27\">Paquete:<\/td>\n<td class=\"et5\" style=\"width: 210.00pt\" width=\"280\">caja de color<\/td>\n<\/tr>\n<tr style=\"height: 19.50pt\">\n<td class=\"et4\" style=\"height: 19.50pt;width: 133.75pt\" width=\"178\" height=\"26\">Tama\u00f1o del paquete:<\/td>\n<td class=\"et5\" style=\"width: 210.00pt\" width=\"280\">15 x 11,5 x 32 cm<\/td>\n<\/tr>\n<tr style=\"height: 20.25pt\">\n<td class=\"et4\" style=\"height: 20.25pt;width: 133.75pt\" width=\"178\" height=\"27\">Tama\u00f1o de la caja\uff1a<\/td>\n<td class=\"et5\" style=\"width: 210.00pt\" width=\"280\">59,5 x 47 x 69 cm<\/td>\n<\/tr>\n<tr style=\"height: 19.50pt\">\n<td class=\"et4\" style=\"height: 19.50pt;width: 133.75pt\" width=\"178\" height=\"26\">Cant:<\/td>\n<td class=\"et5\" style=\"width: 210.00pt\" width=\"280\">30 unidades<\/td>\n<\/tr>\n<tr style=\"height: 20.25pt\">\n<td class=\"et4\" style=\"height: 20.25pt;width: 133.75pt\" width=\"178\" height=\"27\">G.W.\/N.W.:<\/td>\n<td class=\"et5\" style=\"width: 210.00pt\" width=\"280\">12\/9,6 kg<\/td>\n<\/tr>\n<tr style=\"height: 19.50pt\">\n<td class=\"et4\" style=\"height: 19.50pt;width: 133.75pt\" width=\"178\" height=\"26\">Medici\u00f3n:<\/td>\n<td class=\"et5\" style=\"width: 210.00pt\" width=\"280\">0,19 m\u00b3\/6,81 pies c\u00fabicos\u2019<\/td>\n<\/tr>\n<\/tbody>\n<\/table>","protected":false},"featured_media":5163,"comment_status":"closed","ping_status":"closed","template":"","meta":{"_acf_changed":true},"product_brand":[],"product_cat":[29,109,106,26],"product_tag":[],"class_list":{"0":"post-4817","1":"product","2":"type-product","3":"status-publish","4":"has-post-thumbnail","6":"product_cat-wholesale-toys-for-0-24-months","7":"product_cat-wholesale-battery-operated-toy-animals","8":"product_cat-wholesale-battery-operated-toys","9":"product_cat-wholesale-toys-for-all-ages","11":"first","12":"instock","13":"shipping-taxable","14":"product-type-simple"},"acf":[],"_links":{"self":[{"href":"https:\/\/www.chengjitoy.com\/es\/wp-json\/wp\/v2\/product\/4817","targetHints":{"allow":["GET"]}}],"collection":[{"href":"https:\/\/www.chengjitoy.com\/es\/wp-json\/wp\/v2\/product"}],"about":[{"href":"https:\/\/www.chengjitoy.com\/es\/wp-json\/wp\/v2\/types\/product"}],"replies":[{"embeddable":true,"href":"https:\/\/www.chengjitoy.com\/es\/wp-json\/wp\/v2\/comments?post=4817"}],"wp:featuredmedia":[{"embeddable":true,"href":"https:\/\/www.chengjitoy.com\/es\/wp-json\/wp\/v2\/media\/5163"}],"wp:attachment":[{"href":"https:\/\/www.chengjitoy.com\/es\/wp-json\/wp\/v2\/media?parent=4817"}],"wp:term":[{"taxonomy":"product_brand","embeddable":true,"href":"https:\/\/www.chengjitoy.com\/es\/wp-json\/wp\/v2\/product_brand?post=4817"},{"taxonomy":"product_cat","embeddable":true,"href":"https:\/\/www.chengjitoy.com\/es\/wp-json\/wp\/v2\/product_cat?post=4817"},{"taxonomy":"product_tag","embeddable":true,"href":"https:\/\/www.chengjitoy.com\/es\/wp-json\/wp\/v2\/product_tag?post=4817"}],"curies":[{"name":"wp","href":"https:\/\/api.w.org\/{rel}","templated":true}]}}