{"id":5162,"date":"2025-11-14T10:09:41","date_gmt":"2025-11-14T10:09:41","guid":{"rendered":"https:\/\/www.chengjitoy.com\/?post_type=product&#038;p=5162"},"modified":"2025-11-14T10:09:42","modified_gmt":"2025-11-14T10:09:42","slug":"wholesale-shark-amphibious-vehicle-toy","status":"publish","type":"product","link":"https:\/\/www.chengjitoy.com\/es\/product\/wholesale-shark-amphibious-vehicle-toy\/","title":{"rendered":"Veh\u00edculo anfibio tibur\u00f3n de juguete al por mayor \u2013 Coche teledirigido de juguete"},"content":{"rendered":"<div class=\"wp-block-columns is-layout-flex wp-container-core-columns-is-layout-9d6595d7 wp-block-columns-is-layout-flex\">\n<div class=\"wp-block-column is-layout-flow wp-block-column-is-layout-flow\" style=\"flex-basis:66.66%\">\n<figure class=\"wp-block-image size-full\"><img loading=\"lazy\" decoding=\"async\" width=\"770\" height=\"1947\" sizes=\"auto, (max-width: 770px) 100vw, 770px\" src=\"https:\/\/www.chengjitoy.com\/wp-content\/uploads\/2025\/11\/details-of-Shark-Bigfoot-Amphibious-Vehicle-1.webp\" alt=\"\" class=\"wp-image-5668\" srcset=\"https:\/\/www.chengjitoy.com\/wp-content\/uploads\/2025\/11\/details-of-Shark-Bigfoot-Amphibious-Vehicle-1.webp 770w, https:\/\/www.chengjitoy.com\/wp-content\/uploads\/2025\/11\/details-of-Shark-Bigfoot-Amphibious-Vehicle-1-119x300.webp 119w, https:\/\/www.chengjitoy.com\/wp-content\/uploads\/2025\/11\/details-of-Shark-Bigfoot-Amphibious-Vehicle-1-768x1942.webp 768w, https:\/\/www.chengjitoy.com\/wp-content\/uploads\/2025\/11\/details-of-Shark-Bigfoot-Amphibious-Vehicle-1-5x12.webp 5w, https:\/\/www.chengjitoy.com\/wp-content\/uploads\/2025\/11\/details-of-Shark-Bigfoot-Amphibious-Vehicle-1-600x1517.webp 600w\" \/><\/figure>\n\n\n\n<figure class=\"wp-block-image size-full\"><img loading=\"lazy\" decoding=\"async\" width=\"770\" height=\"1025\" sizes=\"auto, (max-width: 770px) 100vw, 770px\" src=\"https:\/\/www.chengjitoy.com\/wp-content\/uploads\/2025\/11\/details-of-Shark-Bigfoot-Amphibious-Vehicle-2.webp\" alt=\"\" class=\"wp-image-5669\" srcset=\"https:\/\/www.chengjitoy.com\/wp-content\/uploads\/2025\/11\/details-of-Shark-Bigfoot-Amphibious-Vehicle-2.webp 770w, https:\/\/www.chengjitoy.com\/wp-content\/uploads\/2025\/11\/details-of-Shark-Bigfoot-Amphibious-Vehicle-2-225x300.webp 225w, https:\/\/www.chengjitoy.com\/wp-content\/uploads\/2025\/11\/details-of-Shark-Bigfoot-Amphibious-Vehicle-2-768x1022.webp 768w, https:\/\/www.chengjitoy.com\/wp-content\/uploads\/2025\/11\/details-of-Shark-Bigfoot-Amphibious-Vehicle-2-9x12.webp 9w, https:\/\/www.chengjitoy.com\/wp-content\/uploads\/2025\/11\/details-of-Shark-Bigfoot-Amphibious-Vehicle-2-600x799.webp 600w\" \/><\/figure>\n\n\n\n<figure class=\"wp-block-image size-full\"><img loading=\"lazy\" decoding=\"async\" width=\"770\" height=\"1371\" sizes=\"auto, (max-width: 770px) 100vw, 770px\" src=\"https:\/\/www.chengjitoy.com\/wp-content\/uploads\/2025\/11\/details-of-Shark-Bigfoot-Amphibious-Vehicle-3.webp\" alt=\"\" class=\"wp-image-5670\" srcset=\"https:\/\/www.chengjitoy.com\/wp-content\/uploads\/2025\/11\/details-of-Shark-Bigfoot-Amphibious-Vehicle-3.webp 770w, https:\/\/www.chengjitoy.com\/wp-content\/uploads\/2025\/11\/details-of-Shark-Bigfoot-Amphibious-Vehicle-3-168x300.webp 168w, https:\/\/www.chengjitoy.com\/wp-content\/uploads\/2025\/11\/details-of-Shark-Bigfoot-Amphibious-Vehicle-3-768x1367.webp 768w, https:\/\/www.chengjitoy.com\/wp-content\/uploads\/2025\/11\/details-of-Shark-Bigfoot-Amphibious-Vehicle-3-7x12.webp 7w, https:\/\/www.chengjitoy.com\/wp-content\/uploads\/2025\/11\/details-of-Shark-Bigfoot-Amphibious-Vehicle-3-600x1068.webp 600w\" \/><\/figure>\n\n\n\n<figure class=\"wp-block-image size-full\"><img loading=\"lazy\" decoding=\"async\" width=\"770\" height=\"1297\" sizes=\"auto, (max-width: 770px) 100vw, 770px\" src=\"https:\/\/www.chengjitoy.com\/wp-content\/uploads\/2025\/11\/details-of-Shark-Bigfoot-Amphibious-Vehicle-4.webp\" alt=\"\" class=\"wp-image-5671\" srcset=\"https:\/\/www.chengjitoy.com\/wp-content\/uploads\/2025\/11\/details-of-Shark-Bigfoot-Amphibious-Vehicle-4.webp 770w, https:\/\/www.chengjitoy.com\/wp-content\/uploads\/2025\/11\/details-of-Shark-Bigfoot-Amphibious-Vehicle-4-178x300.webp 178w, https:\/\/www.chengjitoy.com\/wp-content\/uploads\/2025\/11\/details-of-Shark-Bigfoot-Amphibious-Vehicle-4-768x1294.webp 768w, https:\/\/www.chengjitoy.com\/wp-content\/uploads\/2025\/11\/details-of-Shark-Bigfoot-Amphibious-Vehicle-4-7x12.webp 7w, https:\/\/www.chengjitoy.com\/wp-content\/uploads\/2025\/11\/details-of-Shark-Bigfoot-Amphibious-Vehicle-4-600x1011.webp 600w\" \/><\/figure>\n\n\n\n<figure class=\"wp-block-image size-full\"><img loading=\"lazy\" decoding=\"async\" width=\"770\" height=\"1298\" sizes=\"auto, (max-width: 770px) 100vw, 770px\" src=\"https:\/\/www.chengjitoy.com\/wp-content\/uploads\/2025\/11\/details-of-Shark-Bigfoot-Amphibious-Vehicle-5.webp\" alt=\"\" class=\"wp-image-5672\" srcset=\"https:\/\/www.chengjitoy.com\/wp-content\/uploads\/2025\/11\/details-of-Shark-Bigfoot-Amphibious-Vehicle-5.webp 770w, https:\/\/www.chengjitoy.com\/wp-content\/uploads\/2025\/11\/details-of-Shark-Bigfoot-Amphibious-Vehicle-5-178x300.webp 178w, https:\/\/www.chengjitoy.com\/wp-content\/uploads\/2025\/11\/details-of-Shark-Bigfoot-Amphibious-Vehicle-5-768x1295.webp 768w, https:\/\/www.chengjitoy.com\/wp-content\/uploads\/2025\/11\/details-of-Shark-Bigfoot-Amphibious-Vehicle-5-7x12.webp 7w, https:\/\/www.chengjitoy.com\/wp-content\/uploads\/2025\/11\/details-of-Shark-Bigfoot-Amphibious-Vehicle-5-600x1011.webp 600w\" \/><\/figure>\n\n\n\n<figure class=\"wp-block-image size-full\"><img loading=\"lazy\" decoding=\"async\" width=\"770\" height=\"1299\" sizes=\"auto, (max-width: 770px) 100vw, 770px\" src=\"https:\/\/www.chengjitoy.com\/wp-content\/uploads\/2025\/11\/details-of-Shark-Bigfoot-Amphibious-Vehicle-6.webp\" alt=\"\" class=\"wp-image-5673\" srcset=\"https:\/\/www.chengjitoy.com\/wp-content\/uploads\/2025\/11\/details-of-Shark-Bigfoot-Amphibious-Vehicle-6.webp 770w, https:\/\/www.chengjitoy.com\/wp-content\/uploads\/2025\/11\/details-of-Shark-Bigfoot-Amphibious-Vehicle-6-178x300.webp 178w, https:\/\/www.chengjitoy.com\/wp-content\/uploads\/2025\/11\/details-of-Shark-Bigfoot-Amphibious-Vehicle-6-768x1296.webp 768w, https:\/\/www.chengjitoy.com\/wp-content\/uploads\/2025\/11\/details-of-Shark-Bigfoot-Amphibious-Vehicle-6-7x12.webp 7w, https:\/\/www.chengjitoy.com\/wp-content\/uploads\/2025\/11\/details-of-Shark-Bigfoot-Amphibious-Vehicle-6-600x1012.webp 600w\" \/><\/figure>\n\n\n\n<figure class=\"wp-block-image size-full\"><img loading=\"lazy\" decoding=\"async\" width=\"770\" height=\"1341\" sizes=\"auto, (max-width: 770px) 100vw, 770px\" src=\"https:\/\/www.chengjitoy.com\/wp-content\/uploads\/2025\/11\/details-of-Shark-Bigfoot-Amphibious-Vehicle-7.webp\" alt=\"\" class=\"wp-image-5674\" srcset=\"https:\/\/www.chengjitoy.com\/wp-content\/uploads\/2025\/11\/details-of-Shark-Bigfoot-Amphibious-Vehicle-7.webp 770w, https:\/\/www.chengjitoy.com\/wp-content\/uploads\/2025\/11\/details-of-Shark-Bigfoot-Amphibious-Vehicle-7-172x300.webp 172w, https:\/\/www.chengjitoy.com\/wp-content\/uploads\/2025\/11\/details-of-Shark-Bigfoot-Amphibious-Vehicle-7-768x1338.webp 768w, https:\/\/www.chengjitoy.com\/wp-content\/uploads\/2025\/11\/details-of-Shark-Bigfoot-Amphibious-Vehicle-7-7x12.webp 7w, https:\/\/www.chengjitoy.com\/wp-content\/uploads\/2025\/11\/details-of-Shark-Bigfoot-Amphibious-Vehicle-7-600x1045.webp 600w\" \/><\/figure>\n\n\n\n<figure class=\"wp-block-image size-full\"><img loading=\"lazy\" decoding=\"async\" width=\"770\" height=\"795\" sizes=\"auto, (max-width: 770px) 100vw, 770px\" src=\"https:\/\/www.chengjitoy.com\/wp-content\/uploads\/2025\/11\/details-of-Shark-Bigfoot-Amphibious-Vehicle-8.webp\" alt=\"\" class=\"wp-image-5675\" srcset=\"https:\/\/www.chengjitoy.com\/wp-content\/uploads\/2025\/11\/details-of-Shark-Bigfoot-Amphibious-Vehicle-8.webp 770w, https:\/\/www.chengjitoy.com\/wp-content\/uploads\/2025\/11\/details-of-Shark-Bigfoot-Amphibious-Vehicle-8-291x300.webp 291w, https:\/\/www.chengjitoy.com\/wp-content\/uploads\/2025\/11\/details-of-Shark-Bigfoot-Amphibious-Vehicle-8-768x793.webp 768w, https:\/\/www.chengjitoy.com\/wp-content\/uploads\/2025\/11\/details-of-Shark-Bigfoot-Amphibious-Vehicle-8-12x12.webp 12w, https:\/\/www.chengjitoy.com\/wp-content\/uploads\/2025\/11\/details-of-Shark-Bigfoot-Amphibious-Vehicle-8-600x619.webp 600w\" \/><\/figure>\n\n\n\n<figure class=\"wp-block-image size-full\"><img loading=\"lazy\" decoding=\"async\" width=\"770\" height=\"1539\" sizes=\"auto, (max-width: 770px) 100vw, 770px\" src=\"https:\/\/www.chengjitoy.com\/wp-content\/uploads\/2025\/11\/details-of-Shark-Bigfoot-Amphibious-Vehicle-9.webp\" alt=\"\" class=\"wp-image-5676\" srcset=\"https:\/\/www.chengjitoy.com\/wp-content\/uploads\/2025\/11\/details-of-Shark-Bigfoot-Amphibious-Vehicle-9.webp 770w, https:\/\/www.chengjitoy.com\/wp-content\/uploads\/2025\/11\/details-of-Shark-Bigfoot-Amphibious-Vehicle-9-150x300.webp 150w, https:\/\/www.chengjitoy.com\/wp-content\/uploads\/2025\/11\/details-of-Shark-Bigfoot-Amphibious-Vehicle-9-768x1535.webp 768w, https:\/\/www.chengjitoy.com\/wp-content\/uploads\/2025\/11\/details-of-Shark-Bigfoot-Amphibious-Vehicle-9-6x12.webp 6w, https:\/\/www.chengjitoy.com\/wp-content\/uploads\/2025\/11\/details-of-Shark-Bigfoot-Amphibious-Vehicle-9-600x1199.webp 600w\" \/><\/figure>\n<\/div>\n\n\n\n<div class=\"wp-block-column is-layout-flow wp-block-column-is-layout-flow\" style=\"flex-basis:33.33%\"><\/div>\n<\/div>","protected":false},"excerpt":{"rendered":"<p>\u00a1Venta al por mayor de juguetes de veh\u00edculos anfibios Shark Bigfoot, coches teledirigidos! Su potente motor le permite subir pendientes de 45\u00b0, con neum\u00e1ticos todoterreno de goma. Conquista la tierra y el agua para duplicar la emoci\u00f3n de la conducci\u00f3n. Se admiten pedidos al por mayor. \u00a1P\u00f3ngase en contacto con nosotros ahora mismo!<\/p>\n<h2>Especificaciones del veh\u00edculo anfibio Shark Bigfoot de juguete<\/h2>\n<table style=\"border-collapse: collapse; width: 343.52pt;\" border=\"0\" width=\"458\" cellspacing=\"0\" cellpadding=\"0\">\n<tbody>\n<tr style=\"height: 19.50pt;\">\n<td class=\"et2\" style=\"height: 19.50pt; width: 133.75pt;\" width=\"178\" height=\"26\">Art\u00edculo No:<\/td>\n<td class=\"et3\" style=\"width: 210.00pt;\" width=\"280\">CJ-4359044<\/td>\n<\/tr>\n<tr style=\"height: 20.25pt;\">\n<td class=\"et4\" style=\"height: 20.25pt; width: 133.75pt;\" width=\"178\" height=\"27\">Paquete:<\/td>\n<td class=\"et5\" style=\"width: 210.00pt;\" width=\"280\">CAJA VENTANA<\/td>\n<\/tr>\n<tr style=\"height: 19.50pt;\">\n<td class=\"et4\" style=\"height: 19.50pt; width: 133.75pt;\" width=\"178\" height=\"26\">Tama\u00f1o del paquete:<\/td>\n<td class=\"et5\" style=\"width: 210.00pt;\" width=\"280\">26*18.5*18CM<\/td>\n<\/tr>\n<tr style=\"height: 20.25pt;\">\n<td class=\"et4\" style=\"height: 20.25pt; width: 133.75pt;\" width=\"178\" height=\"27\">Tama\u00f1o de la caja\uff1a<\/td>\n<td class=\"et5\" style=\"width: 210.00pt;\" width=\"280\">81.5*39*75CM<\/td>\n<\/tr>\n<tr style=\"height: 19.50pt;\">\n<td class=\"et4\" style=\"height: 19.50pt; width: 133.75pt;\" width=\"178\" height=\"26\">Cant:<\/td>\n<td class=\"et5\" style=\"width: 210.00pt;\" width=\"280\">24\/PCS<\/td>\n<\/tr>\n<tr style=\"height: 20.25pt;\">\n<td class=\"et4\" style=\"height: 20.25pt; width: 133.75pt;\" width=\"178\" height=\"27\">G.W.\/N.W.:<\/td>\n<td class=\"et5\" style=\"width: 210.00pt;\" width=\"280\">18,8\/15,8 KG<\/td>\n<\/tr>\n<tr style=\"height: 19.50pt;\">\n<td class=\"et4\" style=\"height: 19.50pt; width: 133.75pt;\" width=\"178\" height=\"26\">Medici\u00f3n:<\/td>\n<td class=\"et5\" style=\"width: 210.00pt;\" width=\"280\">0,24 CBM\u2019\/8,41 CUFT\u2019<\/td>\n<\/tr>\n<\/tbody>\n<\/table>","protected":false},"featured_media":5662,"comment_status":"closed","ping_status":"closed","template":"","meta":{"_acf_changed":true},"product_brand":[],"product_cat":[30,106,18,50,107,26],"product_tag":[],"class_list":{"0":"post-5162","1":"product","2":"type-product","3":"status-publish","4":"has-post-thumbnail","6":"product_cat-wholesale-toys-for-ages-3-and-up","7":"product_cat-wholesale-battery-operated-toys","8":"product_cat-wholesale-rc-toys","9":"product_cat-wholesale-rc-cars","10":"product_cat-wholesale-battery-operated-toy-vehicles","11":"product_cat-wholesale-toys-for-all-ages","13":"first","14":"instock","15":"shipping-taxable","16":"product-type-simple"},"acf":[],"_links":{"self":[{"href":"https:\/\/www.chengjitoy.com\/es\/wp-json\/wp\/v2\/product\/5162","targetHints":{"allow":["GET"]}}],"collection":[{"href":"https:\/\/www.chengjitoy.com\/es\/wp-json\/wp\/v2\/product"}],"about":[{"href":"https:\/\/www.chengjitoy.com\/es\/wp-json\/wp\/v2\/types\/product"}],"replies":[{"embeddable":true,"href":"https:\/\/www.chengjitoy.com\/es\/wp-json\/wp\/v2\/comments?post=5162"}],"wp:featuredmedia":[{"embeddable":true,"href":"https:\/\/www.chengjitoy.com\/es\/wp-json\/wp\/v2\/media\/5662"}],"wp:attachment":[{"href":"https:\/\/www.chengjitoy.com\/es\/wp-json\/wp\/v2\/media?parent=5162"}],"wp:term":[{"taxonomy":"product_brand","embeddable":true,"href":"https:\/\/www.chengjitoy.com\/es\/wp-json\/wp\/v2\/product_brand?post=5162"},{"taxonomy":"product_cat","embeddable":true,"href":"https:\/\/www.chengjitoy.com\/es\/wp-json\/wp\/v2\/product_cat?post=5162"},{"taxonomy":"product_tag","embeddable":true,"href":"https:\/\/www.chengjitoy.com\/es\/wp-json\/wp\/v2\/product_tag?post=5162"}],"curies":[{"name":"wp","href":"https:\/\/api.w.org\/{rel}","templated":true}]}}