{"id":5559,"date":"2025-11-13T10:41:53","date_gmt":"2025-11-13T10:41:53","guid":{"rendered":"https:\/\/www.chengjitoy.com\/?post_type=product&#038;p=5559"},"modified":"2025-11-13T10:41:54","modified_gmt":"2025-11-13T10:41:54","slug":"wholesale-diamond-magnetic-sheet-toy","status":"publish","type":"product","link":"https:\/\/www.chengjitoy.com\/es\/product\/wholesale-diamond-magnetic-sheet-toy\/","title":{"rendered":"Venta al Mayor de Ladrillos Magn\u00e9ticos - Juguetes Educativos, Bloques y Puzzles"},"content":{"rendered":"<div class=\"wp-block-columns is-layout-flex wp-container-core-columns-is-layout-9d6595d7 wp-block-columns-is-layout-flex\">\n<div class=\"wp-block-column is-layout-flow wp-block-column-is-layout-flow\" style=\"flex-basis:66.66%\">\n<figure class=\"wp-block-image size-full\"><img loading=\"lazy\" decoding=\"async\" width=\"770\" height=\"1489\" sizes=\"auto, (max-width: 770px) 100vw, 770px\" src=\"https:\/\/www.chengjitoy.com\/wp-content\/uploads\/2025\/10\/details-of-Brick-magnetic-sheet-Bricks-1.webp\" alt=\"\" class=\"wp-image-5568\" srcset=\"https:\/\/www.chengjitoy.com\/wp-content\/uploads\/2025\/10\/details-of-Brick-magnetic-sheet-Bricks-1.webp 770w, https:\/\/www.chengjitoy.com\/wp-content\/uploads\/2025\/10\/details-of-Brick-magnetic-sheet-Bricks-1-155x300.webp 155w, https:\/\/www.chengjitoy.com\/wp-content\/uploads\/2025\/10\/details-of-Brick-magnetic-sheet-Bricks-1-768x1485.webp 768w, https:\/\/www.chengjitoy.com\/wp-content\/uploads\/2025\/10\/details-of-Brick-magnetic-sheet-Bricks-1-6x12.webp 6w, https:\/\/www.chengjitoy.com\/wp-content\/uploads\/2025\/10\/details-of-Brick-magnetic-sheet-Bricks-1-600x1160.webp 600w\" \/><\/figure>\n\n\n\n<figure class=\"wp-block-image size-full\"><img loading=\"lazy\" decoding=\"async\" width=\"770\" height=\"1348\" sizes=\"auto, (max-width: 770px) 100vw, 770px\" src=\"https:\/\/www.chengjitoy.com\/wp-content\/uploads\/2025\/10\/details-of-Brick-magnetic-sheet-Bricks-2.webp\" alt=\"\" class=\"wp-image-5569\" srcset=\"https:\/\/www.chengjitoy.com\/wp-content\/uploads\/2025\/10\/details-of-Brick-magnetic-sheet-Bricks-2.webp 770w, https:\/\/www.chengjitoy.com\/wp-content\/uploads\/2025\/10\/details-of-Brick-magnetic-sheet-Bricks-2-171x300.webp 171w, https:\/\/www.chengjitoy.com\/wp-content\/uploads\/2025\/10\/details-of-Brick-magnetic-sheet-Bricks-2-768x1344.webp 768w, https:\/\/www.chengjitoy.com\/wp-content\/uploads\/2025\/10\/details-of-Brick-magnetic-sheet-Bricks-2-7x12.webp 7w, https:\/\/www.chengjitoy.com\/wp-content\/uploads\/2025\/10\/details-of-Brick-magnetic-sheet-Bricks-2-600x1050.webp 600w\" \/><\/figure>\n\n\n\n<figure class=\"wp-block-image size-full\"><img loading=\"lazy\" decoding=\"async\" width=\"770\" height=\"1791\" sizes=\"auto, (max-width: 770px) 100vw, 770px\" src=\"https:\/\/www.chengjitoy.com\/wp-content\/uploads\/2025\/10\/details-of-Brick-magnetic-sheet-Bricks-3.webp\" alt=\"\" class=\"wp-image-5570\" srcset=\"https:\/\/www.chengjitoy.com\/wp-content\/uploads\/2025\/10\/details-of-Brick-magnetic-sheet-Bricks-3.webp 770w, https:\/\/www.chengjitoy.com\/wp-content\/uploads\/2025\/10\/details-of-Brick-magnetic-sheet-Bricks-3-129x300.webp 129w, https:\/\/www.chengjitoy.com\/wp-content\/uploads\/2025\/10\/details-of-Brick-magnetic-sheet-Bricks-3-768x1786.webp 768w, https:\/\/www.chengjitoy.com\/wp-content\/uploads\/2025\/10\/details-of-Brick-magnetic-sheet-Bricks-3-5x12.webp 5w, https:\/\/www.chengjitoy.com\/wp-content\/uploads\/2025\/10\/details-of-Brick-magnetic-sheet-Bricks-3-600x1396.webp 600w\" \/><\/figure>\n\n\n\n<figure class=\"wp-block-image size-full\"><img loading=\"lazy\" decoding=\"async\" width=\"770\" height=\"1741\" sizes=\"auto, (max-width: 770px) 100vw, 770px\" src=\"https:\/\/www.chengjitoy.com\/wp-content\/uploads\/2025\/10\/details-of-Brick-magnetic-sheet-Bricks-4.webp\" alt=\"\" class=\"wp-image-5571\" srcset=\"https:\/\/www.chengjitoy.com\/wp-content\/uploads\/2025\/10\/details-of-Brick-magnetic-sheet-Bricks-4.webp 770w, https:\/\/www.chengjitoy.com\/wp-content\/uploads\/2025\/10\/details-of-Brick-magnetic-sheet-Bricks-4-133x300.webp 133w, https:\/\/www.chengjitoy.com\/wp-content\/uploads\/2025\/10\/details-of-Brick-magnetic-sheet-Bricks-4-768x1736.webp 768w, https:\/\/www.chengjitoy.com\/wp-content\/uploads\/2025\/10\/details-of-Brick-magnetic-sheet-Bricks-4-5x12.webp 5w, https:\/\/www.chengjitoy.com\/wp-content\/uploads\/2025\/10\/details-of-Brick-magnetic-sheet-Bricks-4-600x1357.webp 600w\" \/><\/figure>\n\n\n\n<figure class=\"wp-block-image size-full\"><img loading=\"lazy\" decoding=\"async\" width=\"770\" height=\"2011\" sizes=\"auto, (max-width: 770px) 100vw, 770px\" src=\"https:\/\/www.chengjitoy.com\/wp-content\/uploads\/2025\/10\/details-of-Brick-magnetic-sheet-Bricks-5.webp\" alt=\"\" class=\"wp-image-5572\" srcset=\"https:\/\/www.chengjitoy.com\/wp-content\/uploads\/2025\/10\/details-of-Brick-magnetic-sheet-Bricks-5.webp 770w, https:\/\/www.chengjitoy.com\/wp-content\/uploads\/2025\/10\/details-of-Brick-magnetic-sheet-Bricks-5-115x300.webp 115w, https:\/\/www.chengjitoy.com\/wp-content\/uploads\/2025\/10\/details-of-Brick-magnetic-sheet-Bricks-5-768x2006.webp 768w, https:\/\/www.chengjitoy.com\/wp-content\/uploads\/2025\/10\/details-of-Brick-magnetic-sheet-Bricks-5-5x12.webp 5w, https:\/\/www.chengjitoy.com\/wp-content\/uploads\/2025\/10\/details-of-Brick-magnetic-sheet-Bricks-5-600x1567.webp 600w\" \/><\/figure>\n\n\n\n<figure class=\"wp-block-image size-full\"><img loading=\"lazy\" decoding=\"async\" width=\"770\" height=\"1488\" sizes=\"auto, (max-width: 770px) 100vw, 770px\" src=\"https:\/\/www.chengjitoy.com\/wp-content\/uploads\/2025\/10\/details-of-Brick-magnetic-sheet-Bricks-6.webp\" alt=\"\" class=\"wp-image-5573\" srcset=\"https:\/\/www.chengjitoy.com\/wp-content\/uploads\/2025\/10\/details-of-Brick-magnetic-sheet-Bricks-6.webp 770w, https:\/\/www.chengjitoy.com\/wp-content\/uploads\/2025\/10\/details-of-Brick-magnetic-sheet-Bricks-6-155x300.webp 155w, https:\/\/www.chengjitoy.com\/wp-content\/uploads\/2025\/10\/details-of-Brick-magnetic-sheet-Bricks-6-768x1484.webp 768w, https:\/\/www.chengjitoy.com\/wp-content\/uploads\/2025\/10\/details-of-Brick-magnetic-sheet-Bricks-6-6x12.webp 6w, https:\/\/www.chengjitoy.com\/wp-content\/uploads\/2025\/10\/details-of-Brick-magnetic-sheet-Bricks-6-600x1159.webp 600w\" \/><\/figure>\n\n\n\n<figure class=\"wp-block-image size-full\"><img loading=\"lazy\" decoding=\"async\" width=\"770\" height=\"1201\" sizes=\"auto, (max-width: 770px) 100vw, 770px\" src=\"https:\/\/www.chengjitoy.com\/wp-content\/uploads\/2025\/10\/details-of-Brick-magnetic-sheet-Bricks-7.webp\" alt=\"\" class=\"wp-image-5574\" srcset=\"https:\/\/www.chengjitoy.com\/wp-content\/uploads\/2025\/10\/details-of-Brick-magnetic-sheet-Bricks-7.webp 770w, https:\/\/www.chengjitoy.com\/wp-content\/uploads\/2025\/10\/details-of-Brick-magnetic-sheet-Bricks-7-192x300.webp 192w, https:\/\/www.chengjitoy.com\/wp-content\/uploads\/2025\/10\/details-of-Brick-magnetic-sheet-Bricks-7-768x1198.webp 768w, https:\/\/www.chengjitoy.com\/wp-content\/uploads\/2025\/10\/details-of-Brick-magnetic-sheet-Bricks-7-8x12.webp 8w, https:\/\/www.chengjitoy.com\/wp-content\/uploads\/2025\/10\/details-of-Brick-magnetic-sheet-Bricks-7-600x936.webp 600w\" \/><\/figure>\n\n\n\n<figure class=\"wp-block-image size-full\"><img loading=\"lazy\" decoding=\"async\" width=\"770\" height=\"1691\" sizes=\"auto, (max-width: 770px) 100vw, 770px\" src=\"https:\/\/www.chengjitoy.com\/wp-content\/uploads\/2025\/10\/details-of-Brick-magnetic-sheet-Bricks-8.webp\" alt=\"\" class=\"wp-image-5575\" srcset=\"https:\/\/www.chengjitoy.com\/wp-content\/uploads\/2025\/10\/details-of-Brick-magnetic-sheet-Bricks-8.webp 770w, https:\/\/www.chengjitoy.com\/wp-content\/uploads\/2025\/10\/details-of-Brick-magnetic-sheet-Bricks-8-137x300.webp 137w, https:\/\/www.chengjitoy.com\/wp-content\/uploads\/2025\/10\/details-of-Brick-magnetic-sheet-Bricks-8-768x1687.webp 768w, https:\/\/www.chengjitoy.com\/wp-content\/uploads\/2025\/10\/details-of-Brick-magnetic-sheet-Bricks-8-5x12.webp 5w, https:\/\/www.chengjitoy.com\/wp-content\/uploads\/2025\/10\/details-of-Brick-magnetic-sheet-Bricks-8-600x1318.webp 600w\" \/><\/figure>\n\n\n\n<figure class=\"wp-block-image size-full\"><img loading=\"lazy\" decoding=\"async\" width=\"770\" height=\"1265\" sizes=\"auto, (max-width: 770px) 100vw, 770px\" src=\"https:\/\/www.chengjitoy.com\/wp-content\/uploads\/2025\/10\/details-of-Brick-magnetic-sheet-Bricks-9.webp\" alt=\"\" class=\"wp-image-5576\" srcset=\"https:\/\/www.chengjitoy.com\/wp-content\/uploads\/2025\/10\/details-of-Brick-magnetic-sheet-Bricks-9.webp 770w, https:\/\/www.chengjitoy.com\/wp-content\/uploads\/2025\/10\/details-of-Brick-magnetic-sheet-Bricks-9-183x300.webp 183w, https:\/\/www.chengjitoy.com\/wp-content\/uploads\/2025\/10\/details-of-Brick-magnetic-sheet-Bricks-9-768x1262.webp 768w, https:\/\/www.chengjitoy.com\/wp-content\/uploads\/2025\/10\/details-of-Brick-magnetic-sheet-Bricks-9-7x12.webp 7w, https:\/\/www.chengjitoy.com\/wp-content\/uploads\/2025\/10\/details-of-Brick-magnetic-sheet-Bricks-9-600x986.webp 600w\" \/><\/figure>\n\n\n\n<figure class=\"wp-block-image size-full\"><img loading=\"lazy\" decoding=\"async\" width=\"770\" height=\"1309\" sizes=\"auto, (max-width: 770px) 100vw, 770px\" src=\"https:\/\/www.chengjitoy.com\/wp-content\/uploads\/2025\/10\/details-of-Brick-magnetic-sheet-Bricks-10.webp\" alt=\"\" class=\"wp-image-5577\" srcset=\"https:\/\/www.chengjitoy.com\/wp-content\/uploads\/2025\/10\/details-of-Brick-magnetic-sheet-Bricks-10.webp 770w, https:\/\/www.chengjitoy.com\/wp-content\/uploads\/2025\/10\/details-of-Brick-magnetic-sheet-Bricks-10-176x300.webp 176w, https:\/\/www.chengjitoy.com\/wp-content\/uploads\/2025\/10\/details-of-Brick-magnetic-sheet-Bricks-10-768x1306.webp 768w, https:\/\/www.chengjitoy.com\/wp-content\/uploads\/2025\/10\/details-of-Brick-magnetic-sheet-Bricks-10-7x12.webp 7w, https:\/\/www.chengjitoy.com\/wp-content\/uploads\/2025\/10\/details-of-Brick-magnetic-sheet-Bricks-10-600x1020.webp 600w\" \/><\/figure>\n\n\n\n<figure class=\"wp-block-image size-full\"><img loading=\"lazy\" decoding=\"async\" width=\"770\" height=\"597\" sizes=\"auto, (max-width: 770px) 100vw, 770px\" src=\"https:\/\/www.chengjitoy.com\/wp-content\/uploads\/2025\/10\/details-of-Brick-magnetic-sheet-Bricks-11.webp\" alt=\"\" class=\"wp-image-5578\" srcset=\"https:\/\/www.chengjitoy.com\/wp-content\/uploads\/2025\/10\/details-of-Brick-magnetic-sheet-Bricks-11.webp 770w, https:\/\/www.chengjitoy.com\/wp-content\/uploads\/2025\/10\/details-of-Brick-magnetic-sheet-Bricks-11-300x233.webp 300w, https:\/\/www.chengjitoy.com\/wp-content\/uploads\/2025\/10\/details-of-Brick-magnetic-sheet-Bricks-11-768x595.webp 768w, https:\/\/www.chengjitoy.com\/wp-content\/uploads\/2025\/10\/details-of-Brick-magnetic-sheet-Bricks-11-15x12.webp 15w, https:\/\/www.chengjitoy.com\/wp-content\/uploads\/2025\/10\/details-of-Brick-magnetic-sheet-Bricks-11-600x465.webp 600w\" \/><\/figure>\n\n\n\n<figure class=\"wp-block-image size-full\"><img loading=\"lazy\" decoding=\"async\" width=\"770\" height=\"726\" sizes=\"auto, (max-width: 770px) 100vw, 770px\" src=\"https:\/\/www.chengjitoy.com\/wp-content\/uploads\/2025\/11\/details-of-Brick-magnetic-sheet-Bricks-12.webp\" alt=\"\" class=\"wp-image-5916\" srcset=\"https:\/\/www.chengjitoy.com\/wp-content\/uploads\/2025\/11\/details-of-Brick-magnetic-sheet-Bricks-12.webp 770w, https:\/\/www.chengjitoy.com\/wp-content\/uploads\/2025\/11\/details-of-Brick-magnetic-sheet-Bricks-12-300x283.webp 300w, https:\/\/www.chengjitoy.com\/wp-content\/uploads\/2025\/11\/details-of-Brick-magnetic-sheet-Bricks-12-768x724.webp 768w, https:\/\/www.chengjitoy.com\/wp-content\/uploads\/2025\/11\/details-of-Brick-magnetic-sheet-Bricks-12-13x12.webp 13w, https:\/\/www.chengjitoy.com\/wp-content\/uploads\/2025\/11\/details-of-Brick-magnetic-sheet-Bricks-12-600x566.webp 600w\" \/><\/figure>\n\n\n\n<figure class=\"wp-block-image size-full\"><img loading=\"lazy\" decoding=\"async\" width=\"770\" height=\"1917\" sizes=\"auto, (max-width: 770px) 100vw, 770px\" src=\"https:\/\/www.chengjitoy.com\/wp-content\/uploads\/2025\/11\/details-of-Brick-magnetic-sheet-Bricks-13.webp\" alt=\"\" class=\"wp-image-5917\" srcset=\"https:\/\/www.chengjitoy.com\/wp-content\/uploads\/2025\/11\/details-of-Brick-magnetic-sheet-Bricks-13.webp 770w, https:\/\/www.chengjitoy.com\/wp-content\/uploads\/2025\/11\/details-of-Brick-magnetic-sheet-Bricks-13-121x300.webp 121w, https:\/\/www.chengjitoy.com\/wp-content\/uploads\/2025\/11\/details-of-Brick-magnetic-sheet-Bricks-13-768x1912.webp 768w, https:\/\/www.chengjitoy.com\/wp-content\/uploads\/2025\/11\/details-of-Brick-magnetic-sheet-Bricks-13-5x12.webp 5w, https:\/\/www.chengjitoy.com\/wp-content\/uploads\/2025\/11\/details-of-Brick-magnetic-sheet-Bricks-13-600x1494.webp 600w\" \/><\/figure>\n<\/div>\n\n\n\n<div class=\"wp-block-column is-layout-flow wp-block-column-is-layout-flow\" style=\"flex-basis:33.33%\"><\/div>\n<\/div>\n\n\n\n<p><\/p>","protected":false},"excerpt":{"rendered":"<p>\u00a1Juguete de ladrillos de chapa magn\u00e9tica con superficie de diamante al por mayor! Alta transparencia con color natural crea deslumbrantes espect\u00e1culos de luz. La construcci\u00f3n multidimensional estimula una creatividad espacial ilimitada. Pedidos al por mayor disponibles. P\u00f3ngase en contacto con nosotros.<\/p>\n<h2>Especificaciones de los ladrillos de chapa magn\u00e9tica<\/h2>\n<table style=\"border-collapse: collapse; width: 343.52pt;\" border=\"0\" width=\"458\" cellspacing=\"0\" cellpadding=\"0\">\n<tbody>\n<tr style=\"height: 19.50pt;\">\n<td class=\"et2\" style=\"height: 19.50pt; width: 133.75pt;\" width=\"178\" height=\"26\">Art\u00edculo No:<\/td>\n<td class=\"et3\" style=\"width: 210.00pt;\" width=\"280\">CJ-4074530<\/td>\n<\/tr>\n<tr style=\"height: 20.25pt;\">\n<td class=\"et4\" style=\"height: 20.25pt; width: 133.75pt;\" width=\"178\" height=\"27\">Paquete:<\/td>\n<td class=\"et5\" style=\"width: 210.00pt;\" width=\"280\">CAJA COLOR<\/td>\n<\/tr>\n<tr style=\"height: 19.50pt;\">\n<td class=\"et4\" style=\"height: 19.50pt; width: 133.75pt;\" width=\"178\" height=\"26\">Tama\u00f1o del paquete:<\/td>\n<td class=\"et5\" style=\"width: 210.00pt;\" width=\"280\">41*8.5*31CM<\/td>\n<\/tr>\n<tr style=\"height: 20.25pt;\">\n<td class=\"et4\" style=\"height: 20.25pt; width: 133.75pt;\" width=\"178\" height=\"27\">Tama\u00f1o de la caja\uff1a<\/td>\n<td class=\"et5\" style=\"width: 210.00pt;\" width=\"280\">52*42.5*32CM<\/td>\n<\/tr>\n<tr style=\"height: 19.50pt;\">\n<td class=\"et4\" style=\"height: 19.50pt; width: 133.75pt;\" width=\"178\" height=\"26\">Cant:<\/td>\n<td class=\"et5\" style=\"width: 210.00pt;\" width=\"280\">6\/PCS<\/td>\n<\/tr>\n<tr style=\"height: 20.25pt;\">\n<td class=\"et4\" style=\"height: 20.25pt; width: 133.75pt;\" width=\"178\" height=\"27\">G.W.\/N.W.:<\/td>\n<td class=\"et5\" style=\"width: 210.00pt;\" width=\"280\">25\/23,5 KG<\/td>\n<\/tr>\n<tr style=\"height: 19.50pt;\">\n<td class=\"et4\" style=\"height: 19.50pt; width: 133.75pt;\" width=\"178\" height=\"26\">Medici\u00f3n:<\/td>\n<td class=\"et5\" style=\"width: 210.00pt;\" width=\"280\">0,07 CBM\u2019\/2,5 CUFT\u2019<\/td>\n<\/tr>\n<\/tbody>\n<\/table>","protected":false},"featured_media":5560,"comment_status":"closed","ping_status":"closed","template":"","meta":{"_acf_changed":true},"product_brand":[],"product_cat":[30,41,24],"product_tag":[],"class_list":{"0":"post-5559","1":"product","2":"type-product","3":"status-publish","4":"has-post-thumbnail","6":"product_cat-wholesale-toys-for-ages-3-and-up","7":"product_cat-wholesale-blocks-and-puzzles","8":"product_cat-wholesale-educational-toys","10":"first","11":"instock","12":"shipping-taxable","13":"product-type-simple"},"acf":[],"_links":{"self":[{"href":"https:\/\/www.chengjitoy.com\/es\/wp-json\/wp\/v2\/product\/5559","targetHints":{"allow":["GET"]}}],"collection":[{"href":"https:\/\/www.chengjitoy.com\/es\/wp-json\/wp\/v2\/product"}],"about":[{"href":"https:\/\/www.chengjitoy.com\/es\/wp-json\/wp\/v2\/types\/product"}],"replies":[{"embeddable":true,"href":"https:\/\/www.chengjitoy.com\/es\/wp-json\/wp\/v2\/comments?post=5559"}],"wp:featuredmedia":[{"embeddable":true,"href":"https:\/\/www.chengjitoy.com\/es\/wp-json\/wp\/v2\/media\/5560"}],"wp:attachment":[{"href":"https:\/\/www.chengjitoy.com\/es\/wp-json\/wp\/v2\/media?parent=5559"}],"wp:term":[{"taxonomy":"product_brand","embeddable":true,"href":"https:\/\/www.chengjitoy.com\/es\/wp-json\/wp\/v2\/product_brand?post=5559"},{"taxonomy":"product_cat","embeddable":true,"href":"https:\/\/www.chengjitoy.com\/es\/wp-json\/wp\/v2\/product_cat?post=5559"},{"taxonomy":"product_tag","embeddable":true,"href":"https:\/\/www.chengjitoy.com\/es\/wp-json\/wp\/v2\/product_tag?post=5559"}],"curies":[{"name":"wp","href":"https:\/\/api.w.org\/{rel}","templated":true}]}}