{"id":5953,"date":"2025-11-15T09:42:43","date_gmt":"2025-11-15T09:42:43","guid":{"rendered":"https:\/\/www.chengjitoy.com\/?post_type=product&#038;p=5953"},"modified":"2025-11-15T09:42:44","modified_gmt":"2025-11-15T09:42:44","slug":"wholesale-magnetic-building-cube-toy","status":"publish","type":"product","link":"https:\/\/www.chengjitoy.com\/es\/product\/wholesale-magnetic-building-cube-toy\/","title":{"rendered":"Mayorista Cubo Magn\u00e9tico de Construcci\u00f3n \u2018Minecraft\u2019 - Educaci\u00f3n Juguetes, Bloques y Puzzles"},"content":{"rendered":"<div class=\"wp-block-columns is-layout-flex wp-container-core-columns-is-layout-9d6595d7 wp-block-columns-is-layout-flex\">\n<div class=\"wp-block-column is-layout-flow wp-block-column-is-layout-flow\" style=\"flex-basis:66.66%\">\n<figure class=\"wp-block-image size-full\"><img loading=\"lazy\" decoding=\"async\" width=\"770\" height=\"1030\" sizes=\"auto, (max-width: 770px) 100vw, 770px\" src=\"https:\/\/www.chengjitoy.com\/wp-content\/uploads\/2025\/11\/details-of-the-magnetic-building-cube-1.webp\" alt=\"\" class=\"wp-image-6275\" srcset=\"https:\/\/www.chengjitoy.com\/wp-content\/uploads\/2025\/11\/details-of-the-magnetic-building-cube-1.webp 770w, https:\/\/www.chengjitoy.com\/wp-content\/uploads\/2025\/11\/details-of-the-magnetic-building-cube-1-224x300.webp 224w, https:\/\/www.chengjitoy.com\/wp-content\/uploads\/2025\/11\/details-of-the-magnetic-building-cube-1-768x1027.webp 768w, https:\/\/www.chengjitoy.com\/wp-content\/uploads\/2025\/11\/details-of-the-magnetic-building-cube-1-9x12.webp 9w, https:\/\/www.chengjitoy.com\/wp-content\/uploads\/2025\/11\/details-of-the-magnetic-building-cube-1-600x803.webp 600w\" \/><\/figure>\n\n\n\n<figure class=\"wp-block-image size-full\"><img loading=\"lazy\" decoding=\"async\" width=\"770\" height=\"1027\" sizes=\"auto, (max-width: 770px) 100vw, 770px\" src=\"https:\/\/www.chengjitoy.com\/wp-content\/uploads\/2025\/11\/details-of-the-magnetic-building-cube-2.webp\" alt=\"\" class=\"wp-image-6276\" srcset=\"https:\/\/www.chengjitoy.com\/wp-content\/uploads\/2025\/11\/details-of-the-magnetic-building-cube-2.webp 770w, https:\/\/www.chengjitoy.com\/wp-content\/uploads\/2025\/11\/details-of-the-magnetic-building-cube-2-225x300.webp 225w, https:\/\/www.chengjitoy.com\/wp-content\/uploads\/2025\/11\/details-of-the-magnetic-building-cube-2-768x1024.webp 768w, https:\/\/www.chengjitoy.com\/wp-content\/uploads\/2025\/11\/details-of-the-magnetic-building-cube-2-9x12.webp 9w, https:\/\/www.chengjitoy.com\/wp-content\/uploads\/2025\/11\/details-of-the-magnetic-building-cube-2-600x800.webp 600w\" \/><\/figure>\n\n\n\n<figure class=\"wp-block-image size-full\"><img loading=\"lazy\" decoding=\"async\" width=\"770\" height=\"2153\" sizes=\"auto, (max-width: 770px) 100vw, 770px\" src=\"https:\/\/www.chengjitoy.com\/wp-content\/uploads\/2025\/11\/details-of-the-magnetic-building-cube-3.webp\" alt=\"\" class=\"wp-image-6277\" srcset=\"https:\/\/www.chengjitoy.com\/wp-content\/uploads\/2025\/11\/details-of-the-magnetic-building-cube-3.webp 770w, https:\/\/www.chengjitoy.com\/wp-content\/uploads\/2025\/11\/details-of-the-magnetic-building-cube-3-107x300.webp 107w, https:\/\/www.chengjitoy.com\/wp-content\/uploads\/2025\/11\/details-of-the-magnetic-building-cube-3-768x2147.webp 768w, https:\/\/www.chengjitoy.com\/wp-content\/uploads\/2025\/11\/details-of-the-magnetic-building-cube-3-4x12.webp 4w, https:\/\/www.chengjitoy.com\/wp-content\/uploads\/2025\/11\/details-of-the-magnetic-building-cube-3-600x1678.webp 600w\" \/><\/figure>\n\n\n\n<figure class=\"wp-block-image size-full\"><img loading=\"lazy\" decoding=\"async\" width=\"770\" height=\"1947\" sizes=\"auto, (max-width: 770px) 100vw, 770px\" src=\"https:\/\/www.chengjitoy.com\/wp-content\/uploads\/2025\/11\/details-of-the-magnetic-building-cube-4.webp\" alt=\"\" class=\"wp-image-6278\" srcset=\"https:\/\/www.chengjitoy.com\/wp-content\/uploads\/2025\/11\/details-of-the-magnetic-building-cube-4.webp 770w, https:\/\/www.chengjitoy.com\/wp-content\/uploads\/2025\/11\/details-of-the-magnetic-building-cube-4-119x300.webp 119w, https:\/\/www.chengjitoy.com\/wp-content\/uploads\/2025\/11\/details-of-the-magnetic-building-cube-4-768x1942.webp 768w, https:\/\/www.chengjitoy.com\/wp-content\/uploads\/2025\/11\/details-of-the-magnetic-building-cube-4-5x12.webp 5w, https:\/\/www.chengjitoy.com\/wp-content\/uploads\/2025\/11\/details-of-the-magnetic-building-cube-4-600x1517.webp 600w\" \/><\/figure>\n\n\n\n<figure class=\"wp-block-image size-full\"><img loading=\"lazy\" decoding=\"async\" width=\"770\" height=\"2055\" sizes=\"auto, (max-width: 770px) 100vw, 770px\" src=\"https:\/\/www.chengjitoy.com\/wp-content\/uploads\/2025\/11\/details-of-the-magnetic-building-cube-5.webp\" alt=\"\" class=\"wp-image-6279\" srcset=\"https:\/\/www.chengjitoy.com\/wp-content\/uploads\/2025\/11\/details-of-the-magnetic-building-cube-5.webp 770w, https:\/\/www.chengjitoy.com\/wp-content\/uploads\/2025\/11\/details-of-the-magnetic-building-cube-5-112x300.webp 112w, https:\/\/www.chengjitoy.com\/wp-content\/uploads\/2025\/11\/details-of-the-magnetic-building-cube-5-768x2050.webp 768w, https:\/\/www.chengjitoy.com\/wp-content\/uploads\/2025\/11\/details-of-the-magnetic-building-cube-5-4x12.webp 4w, https:\/\/www.chengjitoy.com\/wp-content\/uploads\/2025\/11\/details-of-the-magnetic-building-cube-5-600x1601.webp 600w\" \/><\/figure>\n\n\n\n<figure class=\"wp-block-image size-full\"><img loading=\"lazy\" decoding=\"async\" width=\"770\" height=\"2414\" sizes=\"auto, (max-width: 770px) 100vw, 770px\" src=\"https:\/\/www.chengjitoy.com\/wp-content\/uploads\/2025\/11\/details-of-the-magnetic-building-cube-6.webp\" alt=\"\" class=\"wp-image-6280\" srcset=\"https:\/\/www.chengjitoy.com\/wp-content\/uploads\/2025\/11\/details-of-the-magnetic-building-cube-6.webp 770w, https:\/\/www.chengjitoy.com\/wp-content\/uploads\/2025\/11\/details-of-the-magnetic-building-cube-6-96x300.webp 96w, https:\/\/www.chengjitoy.com\/wp-content\/uploads\/2025\/11\/details-of-the-magnetic-building-cube-6-768x2408.webp 768w, https:\/\/www.chengjitoy.com\/wp-content\/uploads\/2025\/11\/details-of-the-magnetic-building-cube-6-4x12.webp 4w, https:\/\/www.chengjitoy.com\/wp-content\/uploads\/2025\/11\/details-of-the-magnetic-building-cube-6-600x1881.webp 600w\" \/><\/figure>\n\n\n\n<figure class=\"wp-block-image size-full\"><img loading=\"lazy\" decoding=\"async\" width=\"770\" height=\"942\" sizes=\"auto, (max-width: 770px) 100vw, 770px\" src=\"https:\/\/www.chengjitoy.com\/wp-content\/uploads\/2025\/11\/details-of-the-magnetic-building-cube-7.webp\" alt=\"\" class=\"wp-image-6281\" srcset=\"https:\/\/www.chengjitoy.com\/wp-content\/uploads\/2025\/11\/details-of-the-magnetic-building-cube-7.webp 770w, https:\/\/www.chengjitoy.com\/wp-content\/uploads\/2025\/11\/details-of-the-magnetic-building-cube-7-245x300.webp 245w, https:\/\/www.chengjitoy.com\/wp-content\/uploads\/2025\/11\/details-of-the-magnetic-building-cube-7-768x940.webp 768w, https:\/\/www.chengjitoy.com\/wp-content\/uploads\/2025\/11\/details-of-the-magnetic-building-cube-7-10x12.webp 10w, https:\/\/www.chengjitoy.com\/wp-content\/uploads\/2025\/11\/details-of-the-magnetic-building-cube-7-600x734.webp 600w\" \/><\/figure>\n\n\n\n<figure class=\"wp-block-image size-full\"><img loading=\"lazy\" decoding=\"async\" width=\"770\" height=\"656\" sizes=\"auto, (max-width: 770px) 100vw, 770px\" src=\"https:\/\/www.chengjitoy.com\/wp-content\/uploads\/2025\/11\/details-of-the-magnetic-building-cube-8.webp\" alt=\"\" class=\"wp-image-6282\" srcset=\"https:\/\/www.chengjitoy.com\/wp-content\/uploads\/2025\/11\/details-of-the-magnetic-building-cube-8.webp 770w, https:\/\/www.chengjitoy.com\/wp-content\/uploads\/2025\/11\/details-of-the-magnetic-building-cube-8-300x256.webp 300w, https:\/\/www.chengjitoy.com\/wp-content\/uploads\/2025\/11\/details-of-the-magnetic-building-cube-8-768x654.webp 768w, https:\/\/www.chengjitoy.com\/wp-content\/uploads\/2025\/11\/details-of-the-magnetic-building-cube-8-14x12.webp 14w, https:\/\/www.chengjitoy.com\/wp-content\/uploads\/2025\/11\/details-of-the-magnetic-building-cube-8-600x511.webp 600w\" \/><\/figure>\n\n\n\n<figure class=\"wp-block-image size-full\"><img loading=\"lazy\" decoding=\"async\" width=\"770\" height=\"1278\" sizes=\"auto, (max-width: 770px) 100vw, 770px\" src=\"https:\/\/www.chengjitoy.com\/wp-content\/uploads\/2025\/11\/details-of-the-magnetic-building-cube-9.webp\" alt=\"\" class=\"wp-image-6283\" srcset=\"https:\/\/www.chengjitoy.com\/wp-content\/uploads\/2025\/11\/details-of-the-magnetic-building-cube-9.webp 770w, https:\/\/www.chengjitoy.com\/wp-content\/uploads\/2025\/11\/details-of-the-magnetic-building-cube-9-181x300.webp 181w, https:\/\/www.chengjitoy.com\/wp-content\/uploads\/2025\/11\/details-of-the-magnetic-building-cube-9-768x1275.webp 768w, https:\/\/www.chengjitoy.com\/wp-content\/uploads\/2025\/11\/details-of-the-magnetic-building-cube-9-7x12.webp 7w, https:\/\/www.chengjitoy.com\/wp-content\/uploads\/2025\/11\/details-of-the-magnetic-building-cube-9-600x996.webp 600w\" \/><\/figure>\n<\/div>\n\n\n\n<div class=\"wp-block-column is-layout-flow wp-block-column-is-layout-flow\" style=\"flex-basis:33.33%\"><\/div>\n<\/div>\n\n\n\n<p><\/p>","protected":false},"excerpt":{"rendered":"<p>Venta al por mayor de cubos magn\u00e9ticos de construcci\u00f3n de 2,3 cm, \u00a1inspirados en \u2018Minecraft\u2019! Impresi\u00f3n de alta definici\u00f3n, soldadura magn\u00e9tica por ultrasonidos para mayor seguridad. Los potentes imanes permiten construir libremente y despiertan una creatividad sin l\u00edmites. Suministro de juguetes a gran escala disponible. P\u00f3ngase en contacto con nosotros.<\/p>\n<h2>Especificaciones del cubo magn\u00e9tico de construcci\u00f3n de 2,3 cm<\/h2>\n<table style=\"border-collapse: collapse; width: 343.52pt;\" border=\"0\" width=\"458\" cellspacing=\"0\" cellpadding=\"0\">\n<tbody>\n<tr style=\"height: 19.50pt;\">\n<td class=\"et2\" style=\"height: 19.50pt; width: 133.75pt;\" width=\"178\" height=\"26\">Art\u00edculo No:<\/td>\n<td class=\"et3\" style=\"width: 210.00pt;\" width=\"280\">CJ-4515482<\/td>\n<\/tr>\n<tr style=\"height: 20.25pt;\">\n<td class=\"et4\" style=\"height: 20.25pt; width: 133.75pt;\" width=\"178\" height=\"27\">Paquete:<\/td>\n<td class=\"et5\" style=\"width: 210.00pt;\" width=\"280\">caja de color<\/td>\n<\/tr>\n<tr style=\"height: 19.50pt;\">\n<td class=\"et4\" style=\"height: 19.50pt; width: 133.75pt;\" width=\"178\" height=\"26\">Tama\u00f1o del paquete:<\/td>\n<td class=\"et5\" style=\"width: 210.00pt;\" width=\"280\">24.1*5.2*12.3CM<\/td>\n<\/tr>\n<tr style=\"height: 20.25pt;\">\n<td class=\"et4\" style=\"height: 20.25pt; width: 133.75pt;\" width=\"178\" height=\"27\">Tama\u00f1o de la caja\uff1a<\/td>\n<td class=\"et5\" style=\"width: 210.00pt;\" width=\"280\">26,1*33,2*51,2 CM<\/td>\n<\/tr>\n<tr style=\"height: 19.50pt;\">\n<td class=\"et4\" style=\"height: 19.50pt; width: 133.75pt;\" width=\"178\" height=\"26\">Cant:<\/td>\n<td class=\"et5\" style=\"width: 210.00pt;\" width=\"280\">24\/PCS<\/td>\n<\/tr>\n<tr style=\"height: 20.25pt;\">\n<td class=\"et4\" style=\"height: 20.25pt; width: 133.75pt;\" width=\"178\" height=\"27\">G.W.\/N.W.:<\/td>\n<td class=\"et5\" style=\"width: 210.00pt;\" width=\"280\">15\/17 KG<\/td>\n<\/tr>\n<tr style=\"height: 19.50pt;\">\n<td class=\"et4\" style=\"height: 19.50pt; width: 133.75pt;\" width=\"178\" height=\"26\">Medici\u00f3n:<\/td>\n<td class=\"et5\" style=\"width: 210.00pt;\" width=\"280\">0,04 CBM\u2019\/1,57 CUFT\u2019<\/td>\n<\/tr>\n<\/tbody>\n<\/table>","protected":false},"featured_media":6269,"comment_status":"closed","ping_status":"closed","template":"","meta":{"_acf_changed":true},"product_brand":[],"product_cat":[30,41,24,26],"product_tag":[],"class_list":{"0":"post-5953","1":"product","2":"type-product","3":"status-publish","4":"has-post-thumbnail","6":"product_cat-wholesale-toys-for-ages-3-and-up","7":"product_cat-wholesale-blocks-and-puzzles","8":"product_cat-wholesale-educational-toys","9":"product_cat-wholesale-toys-for-all-ages","11":"first","12":"instock","13":"shipping-taxable","14":"product-type-simple"},"acf":[],"_links":{"self":[{"href":"https:\/\/www.chengjitoy.com\/es\/wp-json\/wp\/v2\/product\/5953","targetHints":{"allow":["GET"]}}],"collection":[{"href":"https:\/\/www.chengjitoy.com\/es\/wp-json\/wp\/v2\/product"}],"about":[{"href":"https:\/\/www.chengjitoy.com\/es\/wp-json\/wp\/v2\/types\/product"}],"replies":[{"embeddable":true,"href":"https:\/\/www.chengjitoy.com\/es\/wp-json\/wp\/v2\/comments?post=5953"}],"wp:featuredmedia":[{"embeddable":true,"href":"https:\/\/www.chengjitoy.com\/es\/wp-json\/wp\/v2\/media\/6269"}],"wp:attachment":[{"href":"https:\/\/www.chengjitoy.com\/es\/wp-json\/wp\/v2\/media?parent=5953"}],"wp:term":[{"taxonomy":"product_brand","embeddable":true,"href":"https:\/\/www.chengjitoy.com\/es\/wp-json\/wp\/v2\/product_brand?post=5953"},{"taxonomy":"product_cat","embeddable":true,"href":"https:\/\/www.chengjitoy.com\/es\/wp-json\/wp\/v2\/product_cat?post=5953"},{"taxonomy":"product_tag","embeddable":true,"href":"https:\/\/www.chengjitoy.com\/es\/wp-json\/wp\/v2\/product_tag?post=5953"}],"curies":[{"name":"wp","href":"https:\/\/api.w.org\/{rel}","templated":true}]}}