{"id":7009,"date":"2025-12-11T10:10:10","date_gmt":"2025-12-11T10:10:10","guid":{"rendered":"https:\/\/www.chengjitoy.com\/?post_type=product&#038;p=7009"},"modified":"2025-12-11T10:10:10","modified_gmt":"2025-12-11T10:10:10","slug":"wholesale-programmable-building-kit-toy","status":"publish","type":"product","link":"https:\/\/www.chengjitoy.com\/es\/product\/wholesale-programmable-building-kit-toy\/","title":{"rendered":"Kit de construcci\u00f3n programable el\u00e9ctrico STEM al por mayor: juguete educativo, proveedor de juguetes rob\u00f3ticos RC."},"content":{"rendered":"<div class=\"wp-block-columns is-layout-flex wp-container-core-columns-is-layout-9d6595d7 wp-block-columns-is-layout-flex\">\n<div class=\"wp-block-column is-layout-flow wp-block-column-is-layout-flow\" style=\"flex-basis:66.66%\">\n<figure class=\"wp-block-image size-full\"><img loading=\"lazy\" decoding=\"async\" width=\"770\" height=\"1530\" sizes=\"auto, (max-width: 770px) 100vw, 770px\" src=\"https:\/\/www.chengjitoy.com\/wp-content\/uploads\/2025\/12\/details-of-Science-education-robot-1.webp\" alt=\"\" class=\"wp-image-7166\" srcset=\"https:\/\/www.chengjitoy.com\/wp-content\/uploads\/2025\/12\/details-of-Science-education-robot-1.webp 770w, https:\/\/www.chengjitoy.com\/wp-content\/uploads\/2025\/12\/details-of-Science-education-robot-1-151x300.webp 151w, https:\/\/www.chengjitoy.com\/wp-content\/uploads\/2025\/12\/details-of-Science-education-robot-1-768x1526.webp 768w, https:\/\/www.chengjitoy.com\/wp-content\/uploads\/2025\/12\/details-of-Science-education-robot-1-6x12.webp 6w, https:\/\/www.chengjitoy.com\/wp-content\/uploads\/2025\/12\/details-of-Science-education-robot-1-600x1192.webp 600w\" \/><\/figure>\n\n\n\n<figure class=\"wp-block-image size-full\"><img loading=\"lazy\" decoding=\"async\" width=\"770\" height=\"1285\" sizes=\"auto, (max-width: 770px) 100vw, 770px\" src=\"https:\/\/www.chengjitoy.com\/wp-content\/uploads\/2025\/12\/details-of-Science-education-robot-2.webp\" alt=\"\" class=\"wp-image-7167\" srcset=\"https:\/\/www.chengjitoy.com\/wp-content\/uploads\/2025\/12\/details-of-Science-education-robot-2.webp 770w, https:\/\/www.chengjitoy.com\/wp-content\/uploads\/2025\/12\/details-of-Science-education-robot-2-180x300.webp 180w, https:\/\/www.chengjitoy.com\/wp-content\/uploads\/2025\/12\/details-of-Science-education-robot-2-768x1282.webp 768w, https:\/\/www.chengjitoy.com\/wp-content\/uploads\/2025\/12\/details-of-Science-education-robot-2-7x12.webp 7w, https:\/\/www.chengjitoy.com\/wp-content\/uploads\/2025\/12\/details-of-Science-education-robot-2-600x1001.webp 600w\" \/><\/figure>\n\n\n\n<figure class=\"wp-block-image size-full\"><img loading=\"lazy\" decoding=\"async\" width=\"770\" height=\"1411\" sizes=\"auto, (max-width: 770px) 100vw, 770px\" src=\"https:\/\/www.chengjitoy.com\/wp-content\/uploads\/2025\/12\/details-of-Science-education-robot-3.webp\" alt=\"\" class=\"wp-image-7168\" srcset=\"https:\/\/www.chengjitoy.com\/wp-content\/uploads\/2025\/12\/details-of-Science-education-robot-3.webp 770w, https:\/\/www.chengjitoy.com\/wp-content\/uploads\/2025\/12\/details-of-Science-education-robot-3-164x300.webp 164w, https:\/\/www.chengjitoy.com\/wp-content\/uploads\/2025\/12\/details-of-Science-education-robot-3-768x1407.webp 768w, https:\/\/www.chengjitoy.com\/wp-content\/uploads\/2025\/12\/details-of-Science-education-robot-3-7x12.webp 7w, https:\/\/www.chengjitoy.com\/wp-content\/uploads\/2025\/12\/details-of-Science-education-robot-3-600x1099.webp 600w\" \/><\/figure>\n\n\n\n<figure class=\"wp-block-image size-full\"><img loading=\"lazy\" decoding=\"async\" width=\"770\" height=\"1040\" sizes=\"auto, (max-width: 770px) 100vw, 770px\" src=\"https:\/\/www.chengjitoy.com\/wp-content\/uploads\/2025\/12\/details-of-Science-education-robot-4.webp\" alt=\"\" class=\"wp-image-7169\" srcset=\"https:\/\/www.chengjitoy.com\/wp-content\/uploads\/2025\/12\/details-of-Science-education-robot-4.webp 770w, https:\/\/www.chengjitoy.com\/wp-content\/uploads\/2025\/12\/details-of-Science-education-robot-4-222x300.webp 222w, https:\/\/www.chengjitoy.com\/wp-content\/uploads\/2025\/12\/details-of-Science-education-robot-4-768x1037.webp 768w, https:\/\/www.chengjitoy.com\/wp-content\/uploads\/2025\/12\/details-of-Science-education-robot-4-9x12.webp 9w, https:\/\/www.chengjitoy.com\/wp-content\/uploads\/2025\/12\/details-of-Science-education-robot-4-600x810.webp 600w\" \/><\/figure>\n\n\n\n<figure class=\"wp-block-image size-full\"><img loading=\"lazy\" decoding=\"async\" width=\"770\" height=\"1399\" sizes=\"auto, (max-width: 770px) 100vw, 770px\" src=\"https:\/\/www.chengjitoy.com\/wp-content\/uploads\/2025\/12\/details-of-Science-education-robot-5.webp\" alt=\"\" class=\"wp-image-7170\" srcset=\"https:\/\/www.chengjitoy.com\/wp-content\/uploads\/2025\/12\/details-of-Science-education-robot-5.webp 770w, https:\/\/www.chengjitoy.com\/wp-content\/uploads\/2025\/12\/details-of-Science-education-robot-5-165x300.webp 165w, https:\/\/www.chengjitoy.com\/wp-content\/uploads\/2025\/12\/details-of-Science-education-robot-5-768x1395.webp 768w, https:\/\/www.chengjitoy.com\/wp-content\/uploads\/2025\/12\/details-of-Science-education-robot-5-7x12.webp 7w, https:\/\/www.chengjitoy.com\/wp-content\/uploads\/2025\/12\/details-of-Science-education-robot-5-600x1090.webp 600w\" \/><\/figure>\n\n\n\n<figure class=\"wp-block-image size-full\"><img loading=\"lazy\" decoding=\"async\" width=\"770\" height=\"1100\" sizes=\"auto, (max-width: 770px) 100vw, 770px\" src=\"https:\/\/www.chengjitoy.com\/wp-content\/uploads\/2025\/12\/details-of-Science-education-robot-6.webp\" alt=\"\" class=\"wp-image-7171\" srcset=\"https:\/\/www.chengjitoy.com\/wp-content\/uploads\/2025\/12\/details-of-Science-education-robot-6.webp 770w, https:\/\/www.chengjitoy.com\/wp-content\/uploads\/2025\/12\/details-of-Science-education-robot-6-210x300.webp 210w, https:\/\/www.chengjitoy.com\/wp-content\/uploads\/2025\/12\/details-of-Science-education-robot-6-768x1097.webp 768w, https:\/\/www.chengjitoy.com\/wp-content\/uploads\/2025\/12\/details-of-Science-education-robot-6-8x12.webp 8w, https:\/\/www.chengjitoy.com\/wp-content\/uploads\/2025\/12\/details-of-Science-education-robot-6-600x857.webp 600w\" \/><\/figure>\n\n\n\n<figure class=\"wp-block-image size-full\"><img loading=\"lazy\" decoding=\"async\" width=\"770\" height=\"790\" sizes=\"auto, (max-width: 770px) 100vw, 770px\" src=\"https:\/\/www.chengjitoy.com\/wp-content\/uploads\/2025\/12\/details-of-Science-education-robot-7.webp\" alt=\"\" class=\"wp-image-7172\" srcset=\"https:\/\/www.chengjitoy.com\/wp-content\/uploads\/2025\/12\/details-of-Science-education-robot-7.webp 770w, https:\/\/www.chengjitoy.com\/wp-content\/uploads\/2025\/12\/details-of-Science-education-robot-7-292x300.webp 292w, https:\/\/www.chengjitoy.com\/wp-content\/uploads\/2025\/12\/details-of-Science-education-robot-7-768x788.webp 768w, https:\/\/www.chengjitoy.com\/wp-content\/uploads\/2025\/12\/details-of-Science-education-robot-7-12x12.webp 12w, https:\/\/www.chengjitoy.com\/wp-content\/uploads\/2025\/12\/details-of-Science-education-robot-7-600x616.webp 600w\" \/><\/figure>\n\n\n\n<figure class=\"wp-block-image size-full\"><img loading=\"lazy\" decoding=\"async\" width=\"770\" height=\"1314\" sizes=\"auto, (max-width: 770px) 100vw, 770px\" src=\"https:\/\/www.chengjitoy.com\/wp-content\/uploads\/2025\/12\/details-of-Science-education-robot-8.webp\" alt=\"\" class=\"wp-image-7173\" srcset=\"https:\/\/www.chengjitoy.com\/wp-content\/uploads\/2025\/12\/details-of-Science-education-robot-8.webp 770w, https:\/\/www.chengjitoy.com\/wp-content\/uploads\/2025\/12\/details-of-Science-education-robot-8-176x300.webp 176w, https:\/\/www.chengjitoy.com\/wp-content\/uploads\/2025\/12\/details-of-Science-education-robot-8-768x1311.webp 768w, https:\/\/www.chengjitoy.com\/wp-content\/uploads\/2025\/12\/details-of-Science-education-robot-8-7x12.webp 7w, https:\/\/www.chengjitoy.com\/wp-content\/uploads\/2025\/12\/details-of-Science-education-robot-8-600x1024.webp 600w\" \/><\/figure>\n\n\n\n<figure class=\"wp-block-image size-full\"><img loading=\"lazy\" decoding=\"async\" width=\"770\" height=\"1082\" sizes=\"auto, (max-width: 770px) 100vw, 770px\" src=\"https:\/\/www.chengjitoy.com\/wp-content\/uploads\/2025\/12\/details-of-Science-education-robot-9.webp\" alt=\"\" class=\"wp-image-7174\" srcset=\"https:\/\/www.chengjitoy.com\/wp-content\/uploads\/2025\/12\/details-of-Science-education-robot-9.webp 770w, https:\/\/www.chengjitoy.com\/wp-content\/uploads\/2025\/12\/details-of-Science-education-robot-9-213x300.webp 213w, https:\/\/www.chengjitoy.com\/wp-content\/uploads\/2025\/12\/details-of-Science-education-robot-9-768x1079.webp 768w, https:\/\/www.chengjitoy.com\/wp-content\/uploads\/2025\/12\/details-of-Science-education-robot-9-9x12.webp 9w, https:\/\/www.chengjitoy.com\/wp-content\/uploads\/2025\/12\/details-of-Science-education-robot-9-600x843.webp 600w\" \/><\/figure>\n\n\n\n<figure class=\"wp-block-image size-full\"><img loading=\"lazy\" decoding=\"async\" width=\"770\" height=\"1315\" sizes=\"auto, (max-width: 770px) 100vw, 770px\" src=\"https:\/\/www.chengjitoy.com\/wp-content\/uploads\/2025\/12\/details-of-Science-education-robot-10.webp\" alt=\"\" class=\"wp-image-7175\" srcset=\"https:\/\/www.chengjitoy.com\/wp-content\/uploads\/2025\/12\/details-of-Science-education-robot-10.webp 770w, https:\/\/www.chengjitoy.com\/wp-content\/uploads\/2025\/12\/details-of-Science-education-robot-10-176x300.webp 176w, https:\/\/www.chengjitoy.com\/wp-content\/uploads\/2025\/12\/details-of-Science-education-robot-10-768x1312.webp 768w, https:\/\/www.chengjitoy.com\/wp-content\/uploads\/2025\/12\/details-of-Science-education-robot-10-7x12.webp 7w, https:\/\/www.chengjitoy.com\/wp-content\/uploads\/2025\/12\/details-of-Science-education-robot-10-600x1025.webp 600w\" \/><\/figure>\n\n\n\n<figure class=\"wp-block-image size-full\"><img loading=\"lazy\" decoding=\"async\" width=\"770\" height=\"762\" sizes=\"auto, (max-width: 770px) 100vw, 770px\" src=\"https:\/\/www.chengjitoy.com\/wp-content\/uploads\/2025\/12\/details-of-Science-education-robot-11.webp\" alt=\"\" class=\"wp-image-7176\" srcset=\"https:\/\/www.chengjitoy.com\/wp-content\/uploads\/2025\/12\/details-of-Science-education-robot-11.webp 770w, https:\/\/www.chengjitoy.com\/wp-content\/uploads\/2025\/12\/details-of-Science-education-robot-11-300x297.webp 300w, https:\/\/www.chengjitoy.com\/wp-content\/uploads\/2025\/12\/details-of-Science-education-robot-11-768x760.webp 768w, https:\/\/www.chengjitoy.com\/wp-content\/uploads\/2025\/12\/details-of-Science-education-robot-11-12x12.webp 12w, https:\/\/www.chengjitoy.com\/wp-content\/uploads\/2025\/12\/details-of-Science-education-robot-11-600x594.webp 600w, https:\/\/www.chengjitoy.com\/wp-content\/uploads\/2025\/12\/details-of-Science-education-robot-11-100x100.webp 100w\" \/><\/figure>\n\n\n\n<figure class=\"wp-block-image size-full\"><img loading=\"lazy\" decoding=\"async\" width=\"770\" height=\"784\" sizes=\"auto, (max-width: 770px) 100vw, 770px\" src=\"https:\/\/www.chengjitoy.com\/wp-content\/uploads\/2025\/12\/details-of-Science-education-robot-12.webp\" alt=\"\" class=\"wp-image-7177\" srcset=\"https:\/\/www.chengjitoy.com\/wp-content\/uploads\/2025\/12\/details-of-Science-education-robot-12.webp 770w, https:\/\/www.chengjitoy.com\/wp-content\/uploads\/2025\/12\/details-of-Science-education-robot-12-295x300.webp 295w, https:\/\/www.chengjitoy.com\/wp-content\/uploads\/2025\/12\/details-of-Science-education-robot-12-768x782.webp 768w, https:\/\/www.chengjitoy.com\/wp-content\/uploads\/2025\/12\/details-of-Science-education-robot-12-12x12.webp 12w, https:\/\/www.chengjitoy.com\/wp-content\/uploads\/2025\/12\/details-of-Science-education-robot-12-600x611.webp 600w\" \/><\/figure>\n<\/div>\n\n\n\n<div class=\"wp-block-column is-layout-flow wp-block-column-is-layout-flow\" style=\"flex-basis:33.33%\"><\/div>\n<\/div>","protected":false},"excerpt":{"rendered":"<p>Wholesale programmable building kits. It is a STEM science education robot kit with progressive courses, safe BPA-free ABS, and multiple models for hands-on learning and skill building.<\/p>\n<p>Como un <a href=\"https:\/\/www.chengjitoy.com\/es\/categoria-producto\/wholesale-educational-toys\/\"><strong>fabricante de juguetes educativos<\/strong><\/a>, Chengji is welcoming global buyers to source.<\/p>\n<h2>Specifications of STEM Programmable Building Kits<\/h2>\n<table style=\"border-collapse: collapse; width: 343.52pt;\" border=\"0\" width=\"458\" cellspacing=\"0\" cellpadding=\"0\">\n<tbody>\n<tr style=\"height: 19.50pt;\">\n<td class=\"et2\" style=\"height: 19.50pt; width: 133.75pt;\" width=\"178\" height=\"26\">Art\u00edculo No:<\/td>\n<td class=\"et3\" style=\"width: 210.00pt;\" width=\"280\">CJ-4924263<\/td>\n<\/tr>\n<tr style=\"height: 20.25pt;\">\n<td class=\"et4\" style=\"height: 20.25pt; width: 133.75pt;\" width=\"178\" height=\"27\">Paquete:<\/td>\n<td class=\"et5\" style=\"width: 210.00pt;\" width=\"280\">caja de color<\/td>\n<\/tr>\n<tr style=\"height: 19.50pt;\">\n<td class=\"et4\" style=\"height: 19.50pt; width: 133.75pt;\" width=\"178\" height=\"26\">Tama\u00f1o del paquete:<\/td>\n<td class=\"et5\" style=\"width: 210.00pt;\" width=\"280\">57*39*10.5CM<\/td>\n<\/tr>\n<tr style=\"height: 20.25pt;\">\n<td class=\"et4\" style=\"height: 20.25pt; width: 133.75pt;\" width=\"178\" height=\"27\">Tama\u00f1o de la caja\uff1a<\/td>\n<td class=\"et5\" style=\"width: 210.00pt;\" width=\"280\">65*40.5*59CM<\/td>\n<\/tr>\n<tr style=\"height: 19.50pt;\">\n<td class=\"et4\" style=\"height: 19.50pt; width: 133.75pt;\" width=\"178\" height=\"26\">Cant:<\/td>\n<td class=\"et5\" style=\"width: 210.00pt;\" width=\"280\">6\/PCS<\/td>\n<\/tr>\n<tr style=\"height: 20.25pt;\">\n<td class=\"et4\" style=\"height: 20.25pt; width: 133.75pt;\" width=\"178\" height=\"27\">G.W.\/N.W.:<\/td>\n<td class=\"et5\" style=\"width: 210.00pt;\" width=\"280\">20\/18 KG<\/td>\n<\/tr>\n<tr style=\"height: 19.50pt;\">\n<td class=\"et4\" style=\"height: 19.50pt; width: 133.75pt;\" width=\"178\" height=\"26\">Medici\u00f3n:<\/td>\n<td class=\"et5\" style=\"width: 210.00pt;\" width=\"280\">0.16 CBM\u2019\/5.48 CUFT\u2019<\/td>\n<\/tr>\n<\/tbody>\n<\/table>","protected":false},"featured_media":7159,"comment_status":"closed","ping_status":"closed","template":"","meta":{"_acf_changed":true},"product_brand":[],"product_cat":[26,30,41,24,18,53],"product_tag":[],"class_list":{"0":"post-7009","1":"product","2":"type-product","3":"status-publish","4":"has-post-thumbnail","6":"product_cat-wholesale-toys-for-all-ages","7":"product_cat-wholesale-toys-for-ages-3-and-up","8":"product_cat-wholesale-blocks-and-puzzles","9":"product_cat-wholesale-educational-toys","10":"product_cat-wholesale-rc-toys","11":"product_cat-wholesale-rc-robots-and-animals","13":"first","14":"instock","15":"shipping-taxable","16":"product-type-simple"},"acf":[],"_links":{"self":[{"href":"https:\/\/www.chengjitoy.com\/es\/wp-json\/wp\/v2\/product\/7009","targetHints":{"allow":["GET"]}}],"collection":[{"href":"https:\/\/www.chengjitoy.com\/es\/wp-json\/wp\/v2\/product"}],"about":[{"href":"https:\/\/www.chengjitoy.com\/es\/wp-json\/wp\/v2\/types\/product"}],"replies":[{"embeddable":true,"href":"https:\/\/www.chengjitoy.com\/es\/wp-json\/wp\/v2\/comments?post=7009"}],"wp:featuredmedia":[{"embeddable":true,"href":"https:\/\/www.chengjitoy.com\/es\/wp-json\/wp\/v2\/media\/7159"}],"wp:attachment":[{"href":"https:\/\/www.chengjitoy.com\/es\/wp-json\/wp\/v2\/media?parent=7009"}],"wp:term":[{"taxonomy":"product_brand","embeddable":true,"href":"https:\/\/www.chengjitoy.com\/es\/wp-json\/wp\/v2\/product_brand?post=7009"},{"taxonomy":"product_cat","embeddable":true,"href":"https:\/\/www.chengjitoy.com\/es\/wp-json\/wp\/v2\/product_cat?post=7009"},{"taxonomy":"product_tag","embeddable":true,"href":"https:\/\/www.chengjitoy.com\/es\/wp-json\/wp\/v2\/product_tag?post=7009"}],"curies":[{"name":"wp","href":"https:\/\/api.w.org\/{rel}","templated":true}]}}