{"id":7107,"date":"2025-12-11T10:10:53","date_gmt":"2025-12-11T10:10:53","guid":{"rendered":"https:\/\/www.chengjitoy.com\/?post_type=product&#038;p=7107"},"modified":"2025-12-11T10:10:54","modified_gmt":"2025-12-11T10:10:54","slug":"wholesale-color-window-magnetic-sheet","status":"publish","type":"product","link":"https:\/\/www.chengjitoy.com\/es\/product\/wholesale-color-window-magnetic-sheet\/","title":{"rendered":"Mayorista Hoja Magn\u00e9tica De Juguete Con Efecto De Luz Medieval - Building Blocks Toys Factory-Direct Supply"},"content":{"rendered":"<div class=\"wp-block-columns is-layout-flex wp-container-core-columns-is-layout-9d6595d7 wp-block-columns-is-layout-flex\">\n<div class=\"wp-block-column is-layout-flow wp-block-column-is-layout-flow\" style=\"flex-basis:66.66%\">\n<figure class=\"wp-block-image size-full\"><img loading=\"lazy\" decoding=\"async\" width=\"770\" height=\"1530\" sizes=\"auto, (max-width: 770px) 100vw, 770px\" src=\"https:\/\/www.chengjitoy.com\/wp-content\/uploads\/2025\/12\/details-of-Color-window-magnetic-sheet-1.webp\" alt=\"\" class=\"wp-image-7116\" srcset=\"https:\/\/www.chengjitoy.com\/wp-content\/uploads\/2025\/12\/details-of-Color-window-magnetic-sheet-1.webp 770w, https:\/\/www.chengjitoy.com\/wp-content\/uploads\/2025\/12\/details-of-Color-window-magnetic-sheet-1-151x300.webp 151w, https:\/\/www.chengjitoy.com\/wp-content\/uploads\/2025\/12\/details-of-Color-window-magnetic-sheet-1-768x1526.webp 768w, https:\/\/www.chengjitoy.com\/wp-content\/uploads\/2025\/12\/details-of-Color-window-magnetic-sheet-1-6x12.webp 6w, https:\/\/www.chengjitoy.com\/wp-content\/uploads\/2025\/12\/details-of-Color-window-magnetic-sheet-1-600x1192.webp 600w\" \/><\/figure>\n\n\n\n<figure class=\"wp-block-image size-full\"><img loading=\"lazy\" decoding=\"async\" width=\"770\" height=\"1456\" sizes=\"auto, (max-width: 770px) 100vw, 770px\" src=\"https:\/\/www.chengjitoy.com\/wp-content\/uploads\/2025\/12\/details-of-Color-window-magnetic-sheet-2.webp\" alt=\"\" class=\"wp-image-7117\" srcset=\"https:\/\/www.chengjitoy.com\/wp-content\/uploads\/2025\/12\/details-of-Color-window-magnetic-sheet-2.webp 770w, https:\/\/www.chengjitoy.com\/wp-content\/uploads\/2025\/12\/details-of-Color-window-magnetic-sheet-2-159x300.webp 159w, https:\/\/www.chengjitoy.com\/wp-content\/uploads\/2025\/12\/details-of-Color-window-magnetic-sheet-2-768x1452.webp 768w, https:\/\/www.chengjitoy.com\/wp-content\/uploads\/2025\/12\/details-of-Color-window-magnetic-sheet-2-6x12.webp 6w, https:\/\/www.chengjitoy.com\/wp-content\/uploads\/2025\/12\/details-of-Color-window-magnetic-sheet-2-600x1135.webp 600w\" \/><\/figure>\n\n\n\n<figure class=\"wp-block-image size-full\"><img loading=\"lazy\" decoding=\"async\" width=\"770\" height=\"1817\" sizes=\"auto, (max-width: 770px) 100vw, 770px\" src=\"https:\/\/www.chengjitoy.com\/wp-content\/uploads\/2025\/12\/details-of-Color-window-magnetic-sheet-3.webp\" alt=\"\" class=\"wp-image-7118\" srcset=\"https:\/\/www.chengjitoy.com\/wp-content\/uploads\/2025\/12\/details-of-Color-window-magnetic-sheet-3.webp 770w, https:\/\/www.chengjitoy.com\/wp-content\/uploads\/2025\/12\/details-of-Color-window-magnetic-sheet-3-127x300.webp 127w, https:\/\/www.chengjitoy.com\/wp-content\/uploads\/2025\/12\/details-of-Color-window-magnetic-sheet-3-768x1812.webp 768w, https:\/\/www.chengjitoy.com\/wp-content\/uploads\/2025\/12\/details-of-Color-window-magnetic-sheet-3-5x12.webp 5w, https:\/\/www.chengjitoy.com\/wp-content\/uploads\/2025\/12\/details-of-Color-window-magnetic-sheet-3-600x1416.webp 600w\" \/><\/figure>\n\n\n\n<figure class=\"wp-block-image size-full\"><img loading=\"lazy\" decoding=\"async\" width=\"770\" height=\"841\" sizes=\"auto, (max-width: 770px) 100vw, 770px\" src=\"https:\/\/www.chengjitoy.com\/wp-content\/uploads\/2025\/12\/details-of-Color-window-magnetic-sheet-4.webp\" alt=\"\" class=\"wp-image-7119\" srcset=\"https:\/\/www.chengjitoy.com\/wp-content\/uploads\/2025\/12\/details-of-Color-window-magnetic-sheet-4.webp 770w, https:\/\/www.chengjitoy.com\/wp-content\/uploads\/2025\/12\/details-of-Color-window-magnetic-sheet-4-275x300.webp 275w, https:\/\/www.chengjitoy.com\/wp-content\/uploads\/2025\/12\/details-of-Color-window-magnetic-sheet-4-768x839.webp 768w, https:\/\/www.chengjitoy.com\/wp-content\/uploads\/2025\/12\/details-of-Color-window-magnetic-sheet-4-11x12.webp 11w, https:\/\/www.chengjitoy.com\/wp-content\/uploads\/2025\/12\/details-of-Color-window-magnetic-sheet-4-600x655.webp 600w\" \/><\/figure>\n\n\n\n<figure class=\"wp-block-image size-full\"><img loading=\"lazy\" decoding=\"async\" width=\"770\" height=\"1413\" sizes=\"auto, (max-width: 770px) 100vw, 770px\" src=\"https:\/\/www.chengjitoy.com\/wp-content\/uploads\/2025\/12\/details-of-Color-window-magnetic-sheet-5.webp\" alt=\"\" class=\"wp-image-7120\" srcset=\"https:\/\/www.chengjitoy.com\/wp-content\/uploads\/2025\/12\/details-of-Color-window-magnetic-sheet-5.webp 770w, https:\/\/www.chengjitoy.com\/wp-content\/uploads\/2025\/12\/details-of-Color-window-magnetic-sheet-5-163x300.webp 163w, https:\/\/www.chengjitoy.com\/wp-content\/uploads\/2025\/12\/details-of-Color-window-magnetic-sheet-5-768x1409.webp 768w, https:\/\/www.chengjitoy.com\/wp-content\/uploads\/2025\/12\/details-of-Color-window-magnetic-sheet-5-7x12.webp 7w, https:\/\/www.chengjitoy.com\/wp-content\/uploads\/2025\/12\/details-of-Color-window-magnetic-sheet-5-600x1101.webp 600w\" \/><\/figure>\n\n\n\n<figure class=\"wp-block-image size-full\"><img loading=\"lazy\" decoding=\"async\" width=\"770\" height=\"1550\" sizes=\"auto, (max-width: 770px) 100vw, 770px\" src=\"https:\/\/www.chengjitoy.com\/wp-content\/uploads\/2025\/12\/details-of-Color-window-magnetic-sheet-6.webp\" alt=\"\" class=\"wp-image-7121\" srcset=\"https:\/\/www.chengjitoy.com\/wp-content\/uploads\/2025\/12\/details-of-Color-window-magnetic-sheet-6.webp 770w, https:\/\/www.chengjitoy.com\/wp-content\/uploads\/2025\/12\/details-of-Color-window-magnetic-sheet-6-149x300.webp 149w, https:\/\/www.chengjitoy.com\/wp-content\/uploads\/2025\/12\/details-of-Color-window-magnetic-sheet-6-768x1546.webp 768w, https:\/\/www.chengjitoy.com\/wp-content\/uploads\/2025\/12\/details-of-Color-window-magnetic-sheet-6-6x12.webp 6w, https:\/\/www.chengjitoy.com\/wp-content\/uploads\/2025\/12\/details-of-Color-window-magnetic-sheet-6-600x1208.webp 600w\" \/><\/figure>\n\n\n\n<figure class=\"wp-block-image size-full\"><img loading=\"lazy\" decoding=\"async\" width=\"770\" height=\"1538\" sizes=\"auto, (max-width: 770px) 100vw, 770px\" src=\"https:\/\/www.chengjitoy.com\/wp-content\/uploads\/2025\/12\/details-of-Color-window-magnetic-sheet-7.webp\" alt=\"\" class=\"wp-image-7122\" srcset=\"https:\/\/www.chengjitoy.com\/wp-content\/uploads\/2025\/12\/details-of-Color-window-magnetic-sheet-7.webp 770w, https:\/\/www.chengjitoy.com\/wp-content\/uploads\/2025\/12\/details-of-Color-window-magnetic-sheet-7-150x300.webp 150w, https:\/\/www.chengjitoy.com\/wp-content\/uploads\/2025\/12\/details-of-Color-window-magnetic-sheet-7-768x1534.webp 768w, https:\/\/www.chengjitoy.com\/wp-content\/uploads\/2025\/12\/details-of-Color-window-magnetic-sheet-7-6x12.webp 6w, https:\/\/www.chengjitoy.com\/wp-content\/uploads\/2025\/12\/details-of-Color-window-magnetic-sheet-7-600x1198.webp 600w\" \/><\/figure>\n\n\n\n<figure class=\"wp-block-image size-full\"><img loading=\"lazy\" decoding=\"async\" width=\"770\" height=\"2525\" sizes=\"auto, (max-width: 770px) 100vw, 770px\" src=\"https:\/\/www.chengjitoy.com\/wp-content\/uploads\/2025\/12\/details-of-Color-window-magnetic-sheet-8.webp\" alt=\"\" class=\"wp-image-7123\" srcset=\"https:\/\/www.chengjitoy.com\/wp-content\/uploads\/2025\/12\/details-of-Color-window-magnetic-sheet-8.webp 770w, https:\/\/www.chengjitoy.com\/wp-content\/uploads\/2025\/12\/details-of-Color-window-magnetic-sheet-8-768x2518.webp 768w, https:\/\/www.chengjitoy.com\/wp-content\/uploads\/2025\/12\/details-of-Color-window-magnetic-sheet-8-4x12.webp 4w, https:\/\/www.chengjitoy.com\/wp-content\/uploads\/2025\/12\/details-of-Color-window-magnetic-sheet-8-600x1968.webp 600w\" \/><\/figure>\n\n\n\n<figure class=\"wp-block-image size-full\"><img loading=\"lazy\" decoding=\"async\" width=\"770\" height=\"2378\" sizes=\"auto, (max-width: 770px) 100vw, 770px\" src=\"https:\/\/www.chengjitoy.com\/wp-content\/uploads\/2025\/12\/details-of-Color-window-magnetic-sheet-9.webp\" alt=\"\" class=\"wp-image-7124\" srcset=\"https:\/\/www.chengjitoy.com\/wp-content\/uploads\/2025\/12\/details-of-Color-window-magnetic-sheet-9.webp 770w, https:\/\/www.chengjitoy.com\/wp-content\/uploads\/2025\/12\/details-of-Color-window-magnetic-sheet-9-97x300.webp 97w, https:\/\/www.chengjitoy.com\/wp-content\/uploads\/2025\/12\/details-of-Color-window-magnetic-sheet-9-768x2372.webp 768w, https:\/\/www.chengjitoy.com\/wp-content\/uploads\/2025\/12\/details-of-Color-window-magnetic-sheet-9-4x12.webp 4w, https:\/\/www.chengjitoy.com\/wp-content\/uploads\/2025\/12\/details-of-Color-window-magnetic-sheet-9-600x1853.webp 600w\" \/><\/figure>\n\n\n\n<figure class=\"wp-block-image size-full\"><img loading=\"lazy\" decoding=\"async\" width=\"770\" height=\"746\" sizes=\"auto, (max-width: 770px) 100vw, 770px\" src=\"https:\/\/www.chengjitoy.com\/wp-content\/uploads\/2025\/12\/details-of-Color-window-magnetic-sheet-10.webp\" alt=\"\" class=\"wp-image-7125\" srcset=\"https:\/\/www.chengjitoy.com\/wp-content\/uploads\/2025\/12\/details-of-Color-window-magnetic-sheet-10.webp 770w, https:\/\/www.chengjitoy.com\/wp-content\/uploads\/2025\/12\/details-of-Color-window-magnetic-sheet-10-300x291.webp 300w, https:\/\/www.chengjitoy.com\/wp-content\/uploads\/2025\/12\/details-of-Color-window-magnetic-sheet-10-768x744.webp 768w, https:\/\/www.chengjitoy.com\/wp-content\/uploads\/2025\/12\/details-of-Color-window-magnetic-sheet-10-12x12.webp 12w, https:\/\/www.chengjitoy.com\/wp-content\/uploads\/2025\/12\/details-of-Color-window-magnetic-sheet-10-600x581.webp 600w\" \/><\/figure>\n\n\n\n<figure class=\"wp-block-image size-full\"><img loading=\"lazy\" decoding=\"async\" width=\"770\" height=\"707\" sizes=\"auto, (max-width: 770px) 100vw, 770px\" src=\"https:\/\/www.chengjitoy.com\/wp-content\/uploads\/2025\/12\/details-of-Color-window-magnetic-sheet-11-1.webp\" alt=\"\" class=\"wp-image-7126\" srcset=\"https:\/\/www.chengjitoy.com\/wp-content\/uploads\/2025\/12\/details-of-Color-window-magnetic-sheet-11-1.webp 770w, https:\/\/www.chengjitoy.com\/wp-content\/uploads\/2025\/12\/details-of-Color-window-magnetic-sheet-11-1-300x275.webp 300w, https:\/\/www.chengjitoy.com\/wp-content\/uploads\/2025\/12\/details-of-Color-window-magnetic-sheet-11-1-768x705.webp 768w, https:\/\/www.chengjitoy.com\/wp-content\/uploads\/2025\/12\/details-of-Color-window-magnetic-sheet-11-1-13x12.webp 13w, https:\/\/www.chengjitoy.com\/wp-content\/uploads\/2025\/12\/details-of-Color-window-magnetic-sheet-11-1-600x551.webp 600w\" \/><\/figure>\n<\/div>\n\n\n\n<div class=\"wp-block-column is-layout-flow wp-block-column-is-layout-flow\" style=\"flex-basis:33.33%\"><\/div>\n<\/div>","protected":false},"excerpt":{"rendered":"<p>Venta al por mayor de l\u00e1minas magn\u00e9ticas con ventana de color diamantado con brillantes efectos luminosos, fuerte n\u00facleo magn\u00e9tico y moldeado seguro, perfectas para la construcci\u00f3n creativa de los ni\u00f1os.<\/p>\n<p>Chengji, conocido como <a href=\"https:\/\/www.chengjitoy.com\/es\/categoria-producto\/wholesale-educational-toys\/\"><strong>proveedor de juguetes educativos<\/strong><\/a>, apoya la adquisici\u00f3n de juguetes a granel en todo el mundo. P\u00f3ngase en contacto con nosotros<\/p>\n<h2>Especificaciones de la l\u00e1mina magn\u00e9tica con ventana de color<\/h2>\n<table style=\"border-collapse: collapse; width: 343.52pt;\" border=\"0\" width=\"458\" cellspacing=\"0\" cellpadding=\"0\">\n<tbody>\n<tr style=\"height: 19.50pt;\">\n<td class=\"et2\" style=\"height: 19.50pt; width: 133.75pt;\" width=\"178\" height=\"26\">Art\u00edculo No:<\/td>\n<td class=\"et3\" style=\"width: 210.00pt;\" width=\"280\">CJ-4171704<\/td>\n<\/tr>\n<tr style=\"height: 20.25pt;\">\n<td class=\"et4\" style=\"height: 20.25pt; width: 133.75pt;\" width=\"178\" height=\"27\">Paquete:<\/td>\n<td class=\"et5\" style=\"width: 210.00pt;\" width=\"280\">Caja de pl\u00e1stico<\/td>\n<\/tr>\n<tr style=\"height: 19.50pt;\">\n<td class=\"et4\" style=\"height: 19.50pt; width: 133.75pt;\" width=\"178\" height=\"26\">Tama\u00f1o del paquete:<\/td>\n<td class=\"et5\" style=\"width: 210.00pt;\" width=\"280\">20*15*11,5CM<\/td>\n<\/tr>\n<tr style=\"height: 20.25pt;\">\n<td class=\"et4\" style=\"height: 20.25pt; width: 133.75pt;\" width=\"178\" height=\"27\">Tama\u00f1o de la caja\uff1a<\/td>\n<td class=\"et5\" style=\"width: 210.00pt;\" width=\"280\">46*41*36.5CM<\/td>\n<\/tr>\n<tr style=\"height: 19.50pt;\">\n<td class=\"et4\" style=\"height: 19.50pt; width: 133.75pt;\" width=\"178\" height=\"26\">Cant:<\/td>\n<td class=\"et5\" style=\"width: 210.00pt;\" width=\"280\">18\/PCS<\/td>\n<\/tr>\n<tr style=\"height: 20.25pt;\">\n<td class=\"et4\" style=\"height: 20.25pt; width: 133.75pt;\" width=\"178\" height=\"27\">G.W.\/N.W.:<\/td>\n<td class=\"et5\" style=\"width: 210.00pt;\" width=\"280\">22,6\/21,6 KG<\/td>\n<\/tr>\n<tr style=\"height: 19.50pt;\">\n<td class=\"et4\" style=\"height: 19.50pt; width: 133.75pt;\" width=\"178\" height=\"26\">Medici\u00f3n:<\/td>\n<td class=\"et5\" style=\"width: 210.00pt;\" width=\"280\">0,07 CBM\u2019\/2,44 CUFT\u2019<\/td>\n<\/tr>\n<\/tbody>\n<\/table>","protected":false},"featured_media":7110,"comment_status":"closed","ping_status":"closed","template":"","meta":{"_acf_changed":true},"product_brand":[],"product_cat":[26,30,41,24],"product_tag":[],"class_list":{"0":"post-7107","1":"product","2":"type-product","3":"status-publish","4":"has-post-thumbnail","6":"product_cat-wholesale-toys-for-all-ages","7":"product_cat-wholesale-toys-for-ages-3-and-up","8":"product_cat-wholesale-blocks-and-puzzles","9":"product_cat-wholesale-educational-toys","11":"first","12":"instock","13":"shipping-taxable","14":"product-type-simple"},"acf":[],"_links":{"self":[{"href":"https:\/\/www.chengjitoy.com\/es\/wp-json\/wp\/v2\/product\/7107","targetHints":{"allow":["GET"]}}],"collection":[{"href":"https:\/\/www.chengjitoy.com\/es\/wp-json\/wp\/v2\/product"}],"about":[{"href":"https:\/\/www.chengjitoy.com\/es\/wp-json\/wp\/v2\/types\/product"}],"replies":[{"embeddable":true,"href":"https:\/\/www.chengjitoy.com\/es\/wp-json\/wp\/v2\/comments?post=7107"}],"wp:featuredmedia":[{"embeddable":true,"href":"https:\/\/www.chengjitoy.com\/es\/wp-json\/wp\/v2\/media\/7110"}],"wp:attachment":[{"href":"https:\/\/www.chengjitoy.com\/es\/wp-json\/wp\/v2\/media?parent=7107"}],"wp:term":[{"taxonomy":"product_brand","embeddable":true,"href":"https:\/\/www.chengjitoy.com\/es\/wp-json\/wp\/v2\/product_brand?post=7107"},{"taxonomy":"product_cat","embeddable":true,"href":"https:\/\/www.chengjitoy.com\/es\/wp-json\/wp\/v2\/product_cat?post=7107"},{"taxonomy":"product_tag","embeddable":true,"href":"https:\/\/www.chengjitoy.com\/es\/wp-json\/wp\/v2\/product_tag?post=7107"}],"curies":[{"name":"wp","href":"https:\/\/api.w.org\/{rel}","templated":true}]}}