{"id":740,"date":"2025-06-17T09:26:20","date_gmt":"2025-06-17T09:26:20","guid":{"rendered":"https:\/\/www.chengjitoy.com\/?post_type=product&#038;p=740"},"modified":"2025-06-30T09:31:12","modified_gmt":"2025-06-30T09:31:12","slug":"wholesale-baby-walker-cj4900002","status":"publish","type":"product","link":"https:\/\/www.chengjitoy.com\/es\/product\/wholesale-baby-walker-cj4900002\/","title":{"rendered":"Andadores para beb\u00e9s al por mayor\uff0cSteam Train Shape - Apoya las habilidades motoras, el equilibrio y el desarrollo sensorial del beb\u00e9."},"content":{"rendered":"<div class=\"wp-block-columns is-layout-flex wp-container-core-columns-is-layout-9d6595d7 wp-block-columns-is-layout-flex\">\n<div class=\"wp-block-column is-layout-flow wp-block-column-is-layout-flow\" style=\"flex-basis:66.66%\">\n<figure class=\"wp-block-image size-full\"><img loading=\"lazy\" decoding=\"async\" width=\"770\" height=\"1308\" sizes=\"auto, (max-width: 770px) 100vw, 770px\" src=\"https:\/\/www.chengjitoy.com\/wp-content\/uploads\/2025\/06\/baby-walker-details1.webp\" alt=\"baby walker details(1)\" class=\"wp-image-747\" srcset=\"https:\/\/www.chengjitoy.com\/wp-content\/uploads\/2025\/06\/baby-walker-details1.webp 770w, https:\/\/www.chengjitoy.com\/wp-content\/uploads\/2025\/06\/baby-walker-details1-177x300.webp 177w, https:\/\/www.chengjitoy.com\/wp-content\/uploads\/2025\/06\/baby-walker-details1-768x1305.webp 768w, https:\/\/www.chengjitoy.com\/wp-content\/uploads\/2025\/06\/baby-walker-details1-600x1019.webp 600w\" \/><\/figure>\n\n\n\n<figure class=\"wp-block-image size-full\"><img loading=\"lazy\" decoding=\"async\" width=\"770\" height=\"2538\" sizes=\"auto, (max-width: 770px) 100vw, 770px\" src=\"https:\/\/www.chengjitoy.com\/wp-content\/uploads\/2025\/06\/baby-walker-details2.webp\" alt=\"baby walker details(2)\" class=\"wp-image-748\" srcset=\"https:\/\/www.chengjitoy.com\/wp-content\/uploads\/2025\/06\/baby-walker-details2.webp 770w, https:\/\/www.chengjitoy.com\/wp-content\/uploads\/2025\/06\/baby-walker-details2-91x300.webp 91w, https:\/\/www.chengjitoy.com\/wp-content\/uploads\/2025\/06\/baby-walker-details2-768x2531.webp 768w, https:\/\/www.chengjitoy.com\/wp-content\/uploads\/2025\/06\/baby-walker-details2-600x1978.webp 600w\" \/><\/figure>\n\n\n\n<figure class=\"wp-block-image size-full\"><img loading=\"lazy\" decoding=\"async\" width=\"770\" height=\"1405\" sizes=\"auto, (max-width: 770px) 100vw, 770px\" src=\"https:\/\/www.chengjitoy.com\/wp-content\/uploads\/2025\/06\/baby-walker-details3.webp\" alt=\"baby walker details(3)\" class=\"wp-image-749\" srcset=\"https:\/\/www.chengjitoy.com\/wp-content\/uploads\/2025\/06\/baby-walker-details3.webp 770w, https:\/\/www.chengjitoy.com\/wp-content\/uploads\/2025\/06\/baby-walker-details3-164x300.webp 164w, https:\/\/www.chengjitoy.com\/wp-content\/uploads\/2025\/06\/baby-walker-details3-768x1401.webp 768w, https:\/\/www.chengjitoy.com\/wp-content\/uploads\/2025\/06\/baby-walker-details3-600x1095.webp 600w\" \/><\/figure>\n\n\n\n<figure class=\"wp-block-image size-full\"><img loading=\"lazy\" decoding=\"async\" width=\"770\" height=\"2441\" sizes=\"auto, (max-width: 770px) 100vw, 770px\" src=\"https:\/\/www.chengjitoy.com\/wp-content\/uploads\/2025\/06\/baby-walker-details4.webp\" alt=\"baby walker details(4)\" class=\"wp-image-750\" srcset=\"https:\/\/www.chengjitoy.com\/wp-content\/uploads\/2025\/06\/baby-walker-details4.webp 770w, https:\/\/www.chengjitoy.com\/wp-content\/uploads\/2025\/06\/baby-walker-details4-95x300.webp 95w, https:\/\/www.chengjitoy.com\/wp-content\/uploads\/2025\/06\/baby-walker-details4-768x2435.webp 768w, https:\/\/www.chengjitoy.com\/wp-content\/uploads\/2025\/06\/baby-walker-details4-600x1902.webp 600w\" \/><\/figure>\n\n\n\n<figure class=\"wp-block-image size-full\"><img loading=\"lazy\" decoding=\"async\" width=\"770\" height=\"1546\" sizes=\"auto, (max-width: 770px) 100vw, 770px\" src=\"https:\/\/www.chengjitoy.com\/wp-content\/uploads\/2025\/06\/baby-walker-details5.webp\" alt=\"baby walker details(5)\" class=\"wp-image-751\" srcset=\"https:\/\/www.chengjitoy.com\/wp-content\/uploads\/2025\/06\/baby-walker-details5.webp 770w, https:\/\/www.chengjitoy.com\/wp-content\/uploads\/2025\/06\/baby-walker-details5-149x300.webp 149w, https:\/\/www.chengjitoy.com\/wp-content\/uploads\/2025\/06\/baby-walker-details5-768x1542.webp 768w, https:\/\/www.chengjitoy.com\/wp-content\/uploads\/2025\/06\/baby-walker-details5-600x1205.webp 600w\" \/><\/figure>\n\n\n\n<figure class=\"wp-block-image size-full\"><img loading=\"lazy\" decoding=\"async\" width=\"770\" height=\"1770\" sizes=\"auto, (max-width: 770px) 100vw, 770px\" src=\"https:\/\/www.chengjitoy.com\/wp-content\/uploads\/2025\/06\/baby-walker-details6.webp\" alt=\"baby walker details(6)\" class=\"wp-image-752\" srcset=\"https:\/\/www.chengjitoy.com\/wp-content\/uploads\/2025\/06\/baby-walker-details6.webp 770w, https:\/\/www.chengjitoy.com\/wp-content\/uploads\/2025\/06\/baby-walker-details6-131x300.webp 131w, https:\/\/www.chengjitoy.com\/wp-content\/uploads\/2025\/06\/baby-walker-details6-768x1765.webp 768w, https:\/\/www.chengjitoy.com\/wp-content\/uploads\/2025\/06\/baby-walker-details6-600x1379.webp 600w\" \/><\/figure>\n\n\n\n<figure class=\"wp-block-image size-full\"><img loading=\"lazy\" decoding=\"async\" width=\"770\" height=\"1126\" sizes=\"auto, (max-width: 770px) 100vw, 770px\" src=\"https:\/\/www.chengjitoy.com\/wp-content\/uploads\/2025\/06\/baby-walker-details7.webp\" alt=\"baby walker details(7)\" class=\"wp-image-753\" srcset=\"https:\/\/www.chengjitoy.com\/wp-content\/uploads\/2025\/06\/baby-walker-details7.webp 770w, https:\/\/www.chengjitoy.com\/wp-content\/uploads\/2025\/06\/baby-walker-details7-205x300.webp 205w, https:\/\/www.chengjitoy.com\/wp-content\/uploads\/2025\/06\/baby-walker-details7-768x1123.webp 768w, https:\/\/www.chengjitoy.com\/wp-content\/uploads\/2025\/06\/baby-walker-details7-600x877.webp 600w\" \/><\/figure>\n\n\n\n<figure class=\"wp-block-image size-full\"><img loading=\"lazy\" decoding=\"async\" width=\"770\" height=\"1220\" sizes=\"auto, (max-width: 770px) 100vw, 770px\" src=\"https:\/\/www.chengjitoy.com\/wp-content\/uploads\/2025\/06\/baby-walker-details8.webp\" alt=\"baby walker details(8)\" class=\"wp-image-754\" srcset=\"https:\/\/www.chengjitoy.com\/wp-content\/uploads\/2025\/06\/baby-walker-details8.webp 770w, https:\/\/www.chengjitoy.com\/wp-content\/uploads\/2025\/06\/baby-walker-details8-189x300.webp 189w, https:\/\/www.chengjitoy.com\/wp-content\/uploads\/2025\/06\/baby-walker-details8-768x1217.webp 768w, https:\/\/www.chengjitoy.com\/wp-content\/uploads\/2025\/06\/baby-walker-details8-600x951.webp 600w\" \/><\/figure>\n<\/div>\n\n\n\n<div class=\"wp-block-column is-layout-flow wp-block-column-is-layout-flow\" style=\"flex-basis:33.33%\"><\/div>\n<\/div>","protected":false},"excerpt":{"rendered":"<p>Descubra nuestro andador de tren de vapor para beb\u00e9s al por mayor, que combina un llamativo estilo ferroviario con pr\u00e1cticas funciones de aprendizaje para mejorar el entretenimiento y ayudar a los beb\u00e9s a desarrollar el equilibrio y la coordinaci\u00f3n. P\u00f3ngase en contacto con nosotros para solicitar un presupuesto.<\/p>\n<h2>Especificaciones del andador CJ-4900002<\/h2>\n<table style=\"border-collapse: collapse; width: 343.52pt;\" border=\"0\" width=\"458\" cellspacing=\"0\" cellpadding=\"0\">\n<tbody>\n<tr style=\"height: 19.50pt;\">\n<td class=\"et2\" style=\"height: 19.50pt; width: 133.75pt;\" width=\"178\" height=\"26\">Art\u00edculo No:<\/td>\n<td class=\"et3\" style=\"width: 210.00pt;\" width=\"280\">CJ-4900002<\/td>\n<\/tr>\n<tr style=\"height: 20.25pt;\">\n<td class=\"et4\" style=\"height: 20.25pt; width: 133.75pt;\" width=\"178\" height=\"27\">Paquete:<\/td>\n<td class=\"et5\" style=\"width: 210.00pt;\" width=\"280\">caja de color<\/td>\n<\/tr>\n<tr style=\"height: 19.50pt;\">\n<td class=\"et4\" style=\"height: 19.50pt; width: 133.75pt;\" width=\"178\" height=\"26\">Tama\u00f1o del paquete:<\/td>\n<td class=\"et5\" style=\"width: 210.00pt;\" width=\"280\">41,5\u00d722\u00d736 cm<\/td>\n<\/tr>\n<tr style=\"height: 20.25pt;\">\n<td class=\"et4\" style=\"height: 20.25pt; width: 133.75pt;\" width=\"178\" height=\"27\">Tama\u00f1o de la caja\uff1a<\/td>\n<td class=\"et5\" style=\"width: 210.00pt;\" width=\"280\">90\u00d743\u00d775 cm<\/td>\n<\/tr>\n<tr style=\"height: 19.50pt;\">\n<td class=\"et4\" style=\"height: 19.50pt; width: 133.75pt;\" width=\"178\" height=\"26\">Cant:<\/td>\n<td class=\"et5\" style=\"width: 210.00pt;\" width=\"280\">8 piezas<\/td>\n<\/tr>\n<tr style=\"height: 20.25pt;\">\n<td class=\"et4\" style=\"height: 20.25pt; width: 133.75pt;\" width=\"178\" height=\"27\">G.W.\/N.W.:<\/td>\n<td class=\"et5\" style=\"width: 210.00pt;\" width=\"280\">16 \/ 14 kg<\/td>\n<\/tr>\n<tr style=\"height: 19.50pt;\">\n<td class=\"et4\" style=\"height: 19.50pt; width: 133.75pt;\" width=\"178\" height=\"26\">Medici\u00f3n:<\/td>\n<td class=\"et5\" style=\"width: 210.00pt;\" width=\"280\">0,29 m\u00b3 \/ 10,24 pies c\u00fabicos<\/td>\n<\/tr>\n<\/tbody>\n<\/table>","protected":false},"featured_media":741,"comment_status":"closed","ping_status":"closed","template":"","meta":{"_acf_changed":false},"product_brand":[],"product_cat":[26,29,25,105],"product_tag":[],"class_list":{"0":"post-740","1":"product","2":"type-product","3":"status-publish","4":"has-post-thumbnail","6":"product_cat-wholesale-toys-for-all-ages","7":"product_cat-wholesale-toys-for-0-24-months","8":"product_cat-wholesale-baby-toys","9":"product_cat-wholesale-baby-walkers","11":"first","12":"instock","13":"shipping-taxable","14":"product-type-simple"},"acf":[],"_links":{"self":[{"href":"https:\/\/www.chengjitoy.com\/es\/wp-json\/wp\/v2\/product\/740","targetHints":{"allow":["GET"]}}],"collection":[{"href":"https:\/\/www.chengjitoy.com\/es\/wp-json\/wp\/v2\/product"}],"about":[{"href":"https:\/\/www.chengjitoy.com\/es\/wp-json\/wp\/v2\/types\/product"}],"replies":[{"embeddable":true,"href":"https:\/\/www.chengjitoy.com\/es\/wp-json\/wp\/v2\/comments?post=740"}],"wp:featuredmedia":[{"embeddable":true,"href":"https:\/\/www.chengjitoy.com\/es\/wp-json\/wp\/v2\/media\/741"}],"wp:attachment":[{"href":"https:\/\/www.chengjitoy.com\/es\/wp-json\/wp\/v2\/media?parent=740"}],"wp:term":[{"taxonomy":"product_brand","embeddable":true,"href":"https:\/\/www.chengjitoy.com\/es\/wp-json\/wp\/v2\/product_brand?post=740"},{"taxonomy":"product_cat","embeddable":true,"href":"https:\/\/www.chengjitoy.com\/es\/wp-json\/wp\/v2\/product_cat?post=740"},{"taxonomy":"product_tag","embeddable":true,"href":"https:\/\/www.chengjitoy.com\/es\/wp-json\/wp\/v2\/product_tag?post=740"}],"curies":[{"name":"wp","href":"https:\/\/api.w.org\/{rel}","templated":true}]}}