{"id":7557,"date":"2025-12-22T09:07:29","date_gmt":"2025-12-22T09:07:29","guid":{"rendered":"https:\/\/www.chengjitoy.com\/?post_type=product&#038;p=7557"},"modified":"2025-12-22T09:07:29","modified_gmt":"2025-12-22T09:07:29","slug":"wholesale-electric-mechanical-cat-toy","status":"publish","type":"product","link":"https:\/\/www.chengjitoy.com\/es\/product\/wholesale-electric-mechanical-cat-toy\/","title":{"rendered":"Juguete el\u00e9ctrico mec\u00e1nico para gatos con inducci\u00f3n por aplauso, venta al por mayor \u2013 Suministro de juguetes rob\u00f3ticos"},"content":{"rendered":"<div class=\"wp-block-columns is-layout-flex wp-container-core-columns-is-layout-9d6595d7 wp-block-columns-is-layout-flex\">\n<div class=\"wp-block-column is-layout-flow wp-block-column-is-layout-flow\" style=\"flex-basis:66.66%\">\n<figure class=\"wp-block-image size-full\"><img loading=\"lazy\" decoding=\"async\" width=\"770\" height=\"1939\" sizes=\"auto, (max-width: 770px) 100vw, 770px\" src=\"https:\/\/www.chengjitoy.com\/wp-content\/uploads\/2025\/12\/details-of-Diy-electric-mechanical-cat-1.webp\" alt=\"\" class=\"wp-image-7563\" srcset=\"https:\/\/www.chengjitoy.com\/wp-content\/uploads\/2025\/12\/details-of-Diy-electric-mechanical-cat-1.webp 770w, https:\/\/www.chengjitoy.com\/wp-content\/uploads\/2025\/12\/details-of-Diy-electric-mechanical-cat-1-119x300.webp 119w, https:\/\/www.chengjitoy.com\/wp-content\/uploads\/2025\/12\/details-of-Diy-electric-mechanical-cat-1-768x1934.webp 768w, https:\/\/www.chengjitoy.com\/wp-content\/uploads\/2025\/12\/details-of-Diy-electric-mechanical-cat-1-5x12.webp 5w, https:\/\/www.chengjitoy.com\/wp-content\/uploads\/2025\/12\/details-of-Diy-electric-mechanical-cat-1-600x1511.webp 600w\" \/><\/figure>\n\n\n\n<figure class=\"wp-block-image size-full\"><img loading=\"lazy\" decoding=\"async\" width=\"770\" height=\"1436\" sizes=\"auto, (max-width: 770px) 100vw, 770px\" src=\"https:\/\/www.chengjitoy.com\/wp-content\/uploads\/2025\/12\/details-of-Diy-electric-mechanical-cat-2.webp\" alt=\"\" class=\"wp-image-7564\" srcset=\"https:\/\/www.chengjitoy.com\/wp-content\/uploads\/2025\/12\/details-of-Diy-electric-mechanical-cat-2.webp 770w, https:\/\/www.chengjitoy.com\/wp-content\/uploads\/2025\/12\/details-of-Diy-electric-mechanical-cat-2-161x300.webp 161w, https:\/\/www.chengjitoy.com\/wp-content\/uploads\/2025\/12\/details-of-Diy-electric-mechanical-cat-2-768x1432.webp 768w, https:\/\/www.chengjitoy.com\/wp-content\/uploads\/2025\/12\/details-of-Diy-electric-mechanical-cat-2-6x12.webp 6w, https:\/\/www.chengjitoy.com\/wp-content\/uploads\/2025\/12\/details-of-Diy-electric-mechanical-cat-2-600x1119.webp 600w\" \/><\/figure>\n\n\n\n<figure class=\"wp-block-image size-full\"><img loading=\"lazy\" decoding=\"async\" width=\"770\" height=\"886\" sizes=\"auto, (max-width: 770px) 100vw, 770px\" src=\"https:\/\/www.chengjitoy.com\/wp-content\/uploads\/2025\/12\/details-of-Diy-electric-mechanical-cat-3.webp\" alt=\"\" class=\"wp-image-7565\" srcset=\"https:\/\/www.chengjitoy.com\/wp-content\/uploads\/2025\/12\/details-of-Diy-electric-mechanical-cat-3.webp 770w, https:\/\/www.chengjitoy.com\/wp-content\/uploads\/2025\/12\/details-of-Diy-electric-mechanical-cat-3-261x300.webp 261w, https:\/\/www.chengjitoy.com\/wp-content\/uploads\/2025\/12\/details-of-Diy-electric-mechanical-cat-3-768x884.webp 768w, https:\/\/www.chengjitoy.com\/wp-content\/uploads\/2025\/12\/details-of-Diy-electric-mechanical-cat-3-10x12.webp 10w, https:\/\/www.chengjitoy.com\/wp-content\/uploads\/2025\/12\/details-of-Diy-electric-mechanical-cat-3-600x690.webp 600w\" \/><\/figure>\n\n\n\n<figure class=\"wp-block-image size-full\"><img loading=\"lazy\" decoding=\"async\" width=\"770\" height=\"926\" sizes=\"auto, (max-width: 770px) 100vw, 770px\" src=\"https:\/\/www.chengjitoy.com\/wp-content\/uploads\/2025\/12\/details-of-Diy-electric-mechanical-cat-5.webp\" alt=\"\" class=\"wp-image-7566\" srcset=\"https:\/\/www.chengjitoy.com\/wp-content\/uploads\/2025\/12\/details-of-Diy-electric-mechanical-cat-5.webp 770w, https:\/\/www.chengjitoy.com\/wp-content\/uploads\/2025\/12\/details-of-Diy-electric-mechanical-cat-5-249x300.webp 249w, https:\/\/www.chengjitoy.com\/wp-content\/uploads\/2025\/12\/details-of-Diy-electric-mechanical-cat-5-768x924.webp 768w, https:\/\/www.chengjitoy.com\/wp-content\/uploads\/2025\/12\/details-of-Diy-electric-mechanical-cat-5-10x12.webp 10w, https:\/\/www.chengjitoy.com\/wp-content\/uploads\/2025\/12\/details-of-Diy-electric-mechanical-cat-5-600x722.webp 600w\" \/><\/figure>\n\n\n\n<figure class=\"wp-block-image size-full\"><img loading=\"lazy\" decoding=\"async\" width=\"770\" height=\"968\" sizes=\"auto, (max-width: 770px) 100vw, 770px\" src=\"https:\/\/www.chengjitoy.com\/wp-content\/uploads\/2025\/12\/details-of-Diy-electric-mechanical-cat-6.webp\" alt=\"\" class=\"wp-image-7567\" srcset=\"https:\/\/www.chengjitoy.com\/wp-content\/uploads\/2025\/12\/details-of-Diy-electric-mechanical-cat-6.webp 770w, https:\/\/www.chengjitoy.com\/wp-content\/uploads\/2025\/12\/details-of-Diy-electric-mechanical-cat-6-239x300.webp 239w, https:\/\/www.chengjitoy.com\/wp-content\/uploads\/2025\/12\/details-of-Diy-electric-mechanical-cat-6-768x965.webp 768w, https:\/\/www.chengjitoy.com\/wp-content\/uploads\/2025\/12\/details-of-Diy-electric-mechanical-cat-6-10x12.webp 10w, https:\/\/www.chengjitoy.com\/wp-content\/uploads\/2025\/12\/details-of-Diy-electric-mechanical-cat-6-600x754.webp 600w\" \/><\/figure>\n<\/div>\n\n\n\n<div class=\"wp-block-column is-layout-flow wp-block-column-is-layout-flow\" style=\"flex-basis:33.33%\"><\/div>\n<\/div>","protected":false},"excerpt":{"rendered":"<p>Mayorista Gato mec\u00e1nico el\u00e9ctrico con inducci\u00f3n de aplausos\/toques, efectos de luz y sonido, material ABS seguro y movimiento a pilas para el juego creativo de mascotas. Este juguete puede ser montado por los propios ni\u00f1os.<\/p>\n<p>Considerado como un <a href=\"https:\/\/www.chengjitoy.com\/es\/categoria-producto\/wholesale-robot-toys\/\"><strong>fabricante de juguetes robot<\/strong><\/a>, Chengji tiene capacidad para atender pedidos de juguetes al por mayor. \u00a1Cont\u00e1ctenos ahora!<\/p>\n<h2>Especificaciones del gato mec\u00e1nico el\u00e9ctrico<\/h2>\n<table style=\"border-collapse: collapse; width: 343.52pt;\" border=\"0\" width=\"458\" cellspacing=\"0\" cellpadding=\"0\">\n<tbody>\n<tr style=\"height: 19.50pt;\">\n<td class=\"et2\" style=\"height: 19.50pt; width: 133.75pt;\" width=\"178\" height=\"26\">Art\u00edculo No:<\/td>\n<td class=\"et3\" style=\"width: 210.00pt;\" width=\"280\">CJ-2015514<\/td>\n<\/tr>\n<tr style=\"height: 20.25pt;\">\n<td class=\"et4\" style=\"height: 20.25pt; width: 133.75pt;\" width=\"178\" height=\"27\">Paquete:<\/td>\n<td class=\"et5\" style=\"width: 210.00pt;\" width=\"280\">CAJA COLOR<\/td>\n<\/tr>\n<tr style=\"height: 19.50pt;\">\n<td class=\"et4\" style=\"height: 19.50pt; width: 133.75pt;\" width=\"178\" height=\"26\">Tama\u00f1o del paquete:<\/td>\n<td class=\"et5\" style=\"width: 210.00pt;\" width=\"280\">30*7*31CM<\/td>\n<\/tr>\n<tr style=\"height: 20.25pt;\">\n<td class=\"et4\" style=\"height: 20.25pt; width: 133.75pt;\" width=\"178\" height=\"27\">Tama\u00f1o de la caja\uff1a<\/td>\n<td class=\"et5\" style=\"width: 210.00pt;\" width=\"280\">62.5*44.5*93.5CM<\/td>\n<\/tr>\n<tr style=\"height: 19.50pt;\">\n<td class=\"et4\" style=\"height: 19.50pt; width: 133.75pt;\" width=\"178\" height=\"26\">Cant:<\/td>\n<td class=\"et5\" style=\"width: 210.00pt;\" width=\"280\">36\/PCS<\/td>\n<\/tr>\n<tr style=\"height: 20.25pt;\">\n<td class=\"et4\" style=\"height: 20.25pt; width: 133.75pt;\" width=\"178\" height=\"27\">G.W.\/N.W.:<\/td>\n<td class=\"et5\" style=\"width: 210.00pt;\" width=\"280\">17,2\/15,2 KG<\/td>\n<\/tr>\n<tr style=\"height: 19.50pt;\">\n<td class=\"et4\" style=\"height: 19.50pt; width: 133.75pt;\" width=\"178\" height=\"26\">Medici\u00f3n:<\/td>\n<td class=\"et5\" style=\"width: 210.00pt;\" width=\"280\">0,26 CBM\u2019\/9,18 CUFT\u2019<\/td>\n<\/tr>\n<\/tbody>\n<\/table>","protected":false},"featured_media":7558,"comment_status":"closed","ping_status":"closed","template":"","meta":{"_acf_changed":true},"product_brand":[],"product_cat":[26,30,102,98],"product_tag":[],"class_list":{"0":"post-7557","1":"product","2":"type-product","3":"status-publish","4":"has-post-thumbnail","6":"product_cat-wholesale-toys-for-all-ages","7":"product_cat-wholesale-toys-for-ages-3-and-up","8":"product_cat-wholesale-ai-robot-toys","9":"product_cat-wholesale-robot-toys","11":"first","12":"instock","13":"shipping-taxable","14":"product-type-simple"},"acf":[],"_links":{"self":[{"href":"https:\/\/www.chengjitoy.com\/es\/wp-json\/wp\/v2\/product\/7557","targetHints":{"allow":["GET"]}}],"collection":[{"href":"https:\/\/www.chengjitoy.com\/es\/wp-json\/wp\/v2\/product"}],"about":[{"href":"https:\/\/www.chengjitoy.com\/es\/wp-json\/wp\/v2\/types\/product"}],"replies":[{"embeddable":true,"href":"https:\/\/www.chengjitoy.com\/es\/wp-json\/wp\/v2\/comments?post=7557"}],"wp:featuredmedia":[{"embeddable":true,"href":"https:\/\/www.chengjitoy.com\/es\/wp-json\/wp\/v2\/media\/7558"}],"wp:attachment":[{"href":"https:\/\/www.chengjitoy.com\/es\/wp-json\/wp\/v2\/media?parent=7557"}],"wp:term":[{"taxonomy":"product_brand","embeddable":true,"href":"https:\/\/www.chengjitoy.com\/es\/wp-json\/wp\/v2\/product_brand?post=7557"},{"taxonomy":"product_cat","embeddable":true,"href":"https:\/\/www.chengjitoy.com\/es\/wp-json\/wp\/v2\/product_cat?post=7557"},{"taxonomy":"product_tag","embeddable":true,"href":"https:\/\/www.chengjitoy.com\/es\/wp-json\/wp\/v2\/product_tag?post=7557"}],"curies":[{"name":"wp","href":"https:\/\/api.w.org\/{rel}","templated":true}]}}