{"id":7686,"date":"2025-12-27T09:32:35","date_gmt":"2025-12-27T09:32:35","guid":{"rendered":"https:\/\/www.chengjitoy.com\/?post_type=product&#038;p=7686"},"modified":"2025-12-27T10:11:35","modified_gmt":"2025-12-27T10:11:35","slug":"wholesale-rc-robot-dog-soldier-toy","status":"publish","type":"product","link":"https:\/\/www.chengjitoy.com\/es\/product\/wholesale-rc-robot-dog-soldier-toy\/","title":{"rendered":"Mayorista Juguetes Robot Dog Soldier, AI Interaction - RC Toy Robot Proveedor"},"content":{"rendered":"<div class=\"wp-block-columns is-layout-flex wp-container-core-columns-is-layout-9d6595d7 wp-block-columns-is-layout-flex\">\n<div class=\"wp-block-column is-layout-flow wp-block-column-is-layout-flow\" style=\"flex-basis:66.66%\">\n<figure class=\"wp-block-image size-full\"><img loading=\"lazy\" decoding=\"async\" width=\"770\" height=\"891\" sizes=\"auto, (max-width: 770px) 100vw, 770px\" src=\"https:\/\/www.chengjitoy.com\/wp-content\/uploads\/2025\/12\/details-of-Remote-controlled-robotic-dog-1-1.webp\" alt=\"\" class=\"wp-image-7695\" srcset=\"https:\/\/www.chengjitoy.com\/wp-content\/uploads\/2025\/12\/details-of-Remote-controlled-robotic-dog-1-1.webp 770w, https:\/\/www.chengjitoy.com\/wp-content\/uploads\/2025\/12\/details-of-Remote-controlled-robotic-dog-1-1-259x300.webp 259w, https:\/\/www.chengjitoy.com\/wp-content\/uploads\/2025\/12\/details-of-Remote-controlled-robotic-dog-1-1-768x889.webp 768w, https:\/\/www.chengjitoy.com\/wp-content\/uploads\/2025\/12\/details-of-Remote-controlled-robotic-dog-1-1-10x12.webp 10w, https:\/\/www.chengjitoy.com\/wp-content\/uploads\/2025\/12\/details-of-Remote-controlled-robotic-dog-1-1-600x694.webp 600w\" \/><\/figure>\n\n\n\n<figure class=\"wp-block-image size-full\"><img loading=\"lazy\" decoding=\"async\" width=\"770\" height=\"1038\" sizes=\"auto, (max-width: 770px) 100vw, 770px\" src=\"https:\/\/www.chengjitoy.com\/wp-content\/uploads\/2025\/12\/details-of-Remote-controlled-robotic-dog-2-1.webp\" alt=\"\" class=\"wp-image-7696\" srcset=\"https:\/\/www.chengjitoy.com\/wp-content\/uploads\/2025\/12\/details-of-Remote-controlled-robotic-dog-2-1.webp 770w, https:\/\/www.chengjitoy.com\/wp-content\/uploads\/2025\/12\/details-of-Remote-controlled-robotic-dog-2-1-223x300.webp 223w, https:\/\/www.chengjitoy.com\/wp-content\/uploads\/2025\/12\/details-of-Remote-controlled-robotic-dog-2-1-768x1035.webp 768w, https:\/\/www.chengjitoy.com\/wp-content\/uploads\/2025\/12\/details-of-Remote-controlled-robotic-dog-2-1-9x12.webp 9w, https:\/\/www.chengjitoy.com\/wp-content\/uploads\/2025\/12\/details-of-Remote-controlled-robotic-dog-2-1-600x809.webp 600w\" \/><\/figure>\n\n\n\n<figure class=\"wp-block-image size-full\"><img loading=\"lazy\" decoding=\"async\" width=\"770\" height=\"1034\" sizes=\"auto, (max-width: 770px) 100vw, 770px\" src=\"https:\/\/www.chengjitoy.com\/wp-content\/uploads\/2025\/12\/details-of-Remote-controlled-robotic-dog-3-1.webp\" alt=\"\" class=\"wp-image-7697\" srcset=\"https:\/\/www.chengjitoy.com\/wp-content\/uploads\/2025\/12\/details-of-Remote-controlled-robotic-dog-3-1.webp 770w, https:\/\/www.chengjitoy.com\/wp-content\/uploads\/2025\/12\/details-of-Remote-controlled-robotic-dog-3-1-223x300.webp 223w, https:\/\/www.chengjitoy.com\/wp-content\/uploads\/2025\/12\/details-of-Remote-controlled-robotic-dog-3-1-768x1031.webp 768w, https:\/\/www.chengjitoy.com\/wp-content\/uploads\/2025\/12\/details-of-Remote-controlled-robotic-dog-3-1-9x12.webp 9w, https:\/\/www.chengjitoy.com\/wp-content\/uploads\/2025\/12\/details-of-Remote-controlled-robotic-dog-3-1-600x806.webp 600w\" \/><\/figure>\n\n\n\n<figure class=\"wp-block-image size-full\"><img loading=\"lazy\" decoding=\"async\" width=\"770\" height=\"770\" sizes=\"auto, (max-width: 770px) 100vw, 770px\" src=\"https:\/\/www.chengjitoy.com\/wp-content\/uploads\/2025\/12\/details-of-Remote-controlled-robotic-dog-4-1.webp\" alt=\"\" class=\"wp-image-7698\" srcset=\"https:\/\/www.chengjitoy.com\/wp-content\/uploads\/2025\/12\/details-of-Remote-controlled-robotic-dog-4-1.webp 770w, https:\/\/www.chengjitoy.com\/wp-content\/uploads\/2025\/12\/details-of-Remote-controlled-robotic-dog-4-1-300x300.webp 300w, https:\/\/www.chengjitoy.com\/wp-content\/uploads\/2025\/12\/details-of-Remote-controlled-robotic-dog-4-1-150x150.webp 150w, https:\/\/www.chengjitoy.com\/wp-content\/uploads\/2025\/12\/details-of-Remote-controlled-robotic-dog-4-1-768x768.webp 768w, https:\/\/www.chengjitoy.com\/wp-content\/uploads\/2025\/12\/details-of-Remote-controlled-robotic-dog-4-1-12x12.webp 12w, https:\/\/www.chengjitoy.com\/wp-content\/uploads\/2025\/12\/details-of-Remote-controlled-robotic-dog-4-1-600x600.webp 600w, https:\/\/www.chengjitoy.com\/wp-content\/uploads\/2025\/12\/details-of-Remote-controlled-robotic-dog-4-1-100x100.webp 100w\" \/><\/figure>\n\n\n\n<figure class=\"wp-block-image size-full\"><img loading=\"lazy\" decoding=\"async\" width=\"770\" height=\"777\" sizes=\"auto, (max-width: 770px) 100vw, 770px\" src=\"https:\/\/www.chengjitoy.com\/wp-content\/uploads\/2025\/12\/details-of-Remote-controlled-robotic-dog-5-1.webp\" alt=\"\" class=\"wp-image-7699\" srcset=\"https:\/\/www.chengjitoy.com\/wp-content\/uploads\/2025\/12\/details-of-Remote-controlled-robotic-dog-5-1.webp 770w, https:\/\/www.chengjitoy.com\/wp-content\/uploads\/2025\/12\/details-of-Remote-controlled-robotic-dog-5-1-297x300.webp 297w, https:\/\/www.chengjitoy.com\/wp-content\/uploads\/2025\/12\/details-of-Remote-controlled-robotic-dog-5-1-150x150.webp 150w, https:\/\/www.chengjitoy.com\/wp-content\/uploads\/2025\/12\/details-of-Remote-controlled-robotic-dog-5-1-768x775.webp 768w, https:\/\/www.chengjitoy.com\/wp-content\/uploads\/2025\/12\/details-of-Remote-controlled-robotic-dog-5-1-12x12.webp 12w, https:\/\/www.chengjitoy.com\/wp-content\/uploads\/2025\/12\/details-of-Remote-controlled-robotic-dog-5-1-600x605.webp 600w, https:\/\/www.chengjitoy.com\/wp-content\/uploads\/2025\/12\/details-of-Remote-controlled-robotic-dog-5-1-100x100.webp 100w\" \/><\/figure>\n\n\n\n<figure class=\"wp-block-image size-full\"><img loading=\"lazy\" decoding=\"async\" width=\"770\" height=\"944\" sizes=\"auto, (max-width: 770px) 100vw, 770px\" src=\"https:\/\/www.chengjitoy.com\/wp-content\/uploads\/2025\/12\/details-of-Remote-controlled-robotic-dog-6-1.webp\" alt=\"\" class=\"wp-image-7700\" srcset=\"https:\/\/www.chengjitoy.com\/wp-content\/uploads\/2025\/12\/details-of-Remote-controlled-robotic-dog-6-1.webp 770w, https:\/\/www.chengjitoy.com\/wp-content\/uploads\/2025\/12\/details-of-Remote-controlled-robotic-dog-6-1-245x300.webp 245w, https:\/\/www.chengjitoy.com\/wp-content\/uploads\/2025\/12\/details-of-Remote-controlled-robotic-dog-6-1-768x942.webp 768w, https:\/\/www.chengjitoy.com\/wp-content\/uploads\/2025\/12\/details-of-Remote-controlled-robotic-dog-6-1-10x12.webp 10w, https:\/\/www.chengjitoy.com\/wp-content\/uploads\/2025\/12\/details-of-Remote-controlled-robotic-dog-6-1-600x736.webp 600w\" \/><\/figure>\n\n\n\n<figure class=\"wp-block-image size-full\"><img loading=\"lazy\" decoding=\"async\" width=\"770\" height=\"727\" sizes=\"auto, (max-width: 770px) 100vw, 770px\" src=\"https:\/\/www.chengjitoy.com\/wp-content\/uploads\/2025\/12\/details-of-Remote-controlled-robotic-dog-7-1.webp\" alt=\"\" class=\"wp-image-7701\" srcset=\"https:\/\/www.chengjitoy.com\/wp-content\/uploads\/2025\/12\/details-of-Remote-controlled-robotic-dog-7-1.webp 770w, https:\/\/www.chengjitoy.com\/wp-content\/uploads\/2025\/12\/details-of-Remote-controlled-robotic-dog-7-1-300x283.webp 300w, https:\/\/www.chengjitoy.com\/wp-content\/uploads\/2025\/12\/details-of-Remote-controlled-robotic-dog-7-1-768x725.webp 768w, https:\/\/www.chengjitoy.com\/wp-content\/uploads\/2025\/12\/details-of-Remote-controlled-robotic-dog-7-1-13x12.webp 13w, https:\/\/www.chengjitoy.com\/wp-content\/uploads\/2025\/12\/details-of-Remote-controlled-robotic-dog-7-1-600x566.webp 600w\" \/><\/figure>\n\n\n\n<figure class=\"wp-block-image size-full\"><img loading=\"lazy\" decoding=\"async\" width=\"770\" height=\"1139\" sizes=\"auto, (max-width: 770px) 100vw, 770px\" src=\"https:\/\/www.chengjitoy.com\/wp-content\/uploads\/2025\/12\/details-of-Remote-controlled-robotic-dog-8-1.webp\" alt=\"\" class=\"wp-image-7702\" srcset=\"https:\/\/www.chengjitoy.com\/wp-content\/uploads\/2025\/12\/details-of-Remote-controlled-robotic-dog-8-1.webp 770w, https:\/\/www.chengjitoy.com\/wp-content\/uploads\/2025\/12\/details-of-Remote-controlled-robotic-dog-8-1-203x300.webp 203w, https:\/\/www.chengjitoy.com\/wp-content\/uploads\/2025\/12\/details-of-Remote-controlled-robotic-dog-8-1-768x1136.webp 768w, https:\/\/www.chengjitoy.com\/wp-content\/uploads\/2025\/12\/details-of-Remote-controlled-robotic-dog-8-1-8x12.webp 8w, https:\/\/www.chengjitoy.com\/wp-content\/uploads\/2025\/12\/details-of-Remote-controlled-robotic-dog-8-1-600x888.webp 600w\" \/><\/figure>\n<\/div>\n\n\n\n<div class=\"wp-block-column is-layout-flow wp-block-column-is-layout-flow\" style=\"flex-basis:33.33%\"><\/div>\n<\/div>","protected":false},"excerpt":{"rendered":"<p>Venta al por mayor de juguetes robot perro soldado. Es un perro robot inteligente AI con mando a distancia inal\u00e1mbrico, dise\u00f1o bi\u00f3nico, programaci\u00f3n libre, iluminaci\u00f3n LED fresco y aprendizaje de acci\u00f3n flexible.<\/p>\n<p>Como <a href=\"https:\/\/www.chengjitoy.com\/es\/categoria-producto\/wholesale-robot-toys\/\"><strong>proveedor de juguetes rob\u00f3ticos<\/strong><\/a>, Chengji tiene la capacidad de apoyar la adquisici\u00f3n a granel. \u00a1Cont\u00e1ctenos ahora!<\/p>\n<h2>Especificaciones del juguete Robot Dog Soldier<\/h2>\n<table style=\"border-collapse: collapse; width: 343.52pt;\" border=\"0\" width=\"458\" cellspacing=\"0\" cellpadding=\"0\">\n<tbody>\n<tr style=\"height: 19.50pt;\">\n<td class=\"et2\" style=\"height: 19.50pt; width: 133.75pt;\" width=\"178\" height=\"26\">Art\u00edculo No:<\/td>\n<td class=\"et3\" style=\"width: 210.00pt;\" width=\"280\">CJ-5080833<\/td>\n<\/tr>\n<tr style=\"height: 20.25pt;\">\n<td class=\"et4\" style=\"height: 20.25pt; width: 133.75pt;\" width=\"178\" height=\"27\">Paquete:<\/td>\n<td class=\"et5\" style=\"width: 210.00pt;\" width=\"280\">CAJA VENTANA<\/td>\n<\/tr>\n<tr style=\"height: 19.50pt;\">\n<td class=\"et4\" style=\"height: 19.50pt; width: 133.75pt;\" width=\"178\" height=\"26\">Tama\u00f1o del paquete:<\/td>\n<td class=\"et5\" style=\"width: 210.00pt;\" width=\"280\">38*20*16.5CM<\/td>\n<\/tr>\n<tr style=\"height: 20.25pt;\">\n<td class=\"et4\" style=\"height: 20.25pt; width: 133.75pt;\" width=\"178\" height=\"27\">Tama\u00f1o de la caja\uff1a<\/td>\n<td class=\"et5\" style=\"width: 210.00pt;\" width=\"280\">80*42*85CM<\/td>\n<\/tr>\n<tr style=\"height: 19.50pt;\">\n<td class=\"et4\" style=\"height: 19.50pt; width: 133.75pt;\" width=\"178\" height=\"26\">Cant:<\/td>\n<td class=\"et5\" style=\"width: 210.00pt;\" width=\"280\">20 UNIDADES<\/td>\n<\/tr>\n<tr style=\"height: 20.25pt;\">\n<td class=\"et4\" style=\"height: 20.25pt; width: 133.75pt;\" width=\"178\" height=\"27\">G.W.\/N.W.:<\/td>\n<td class=\"et5\" style=\"width: 210.00pt;\" width=\"280\">25\/21 KG<\/td>\n<\/tr>\n<tr style=\"height: 19.50pt;\">\n<td class=\"et4\" style=\"height: 19.50pt; width: 133.75pt;\" width=\"178\" height=\"26\">Medici\u00f3n:<\/td>\n<td class=\"et5\" style=\"width: 210.00pt;\" width=\"280\">0,29 CBM\u2019\/10,08 CUFT\u2019<\/td>\n<\/tr>\n<\/tbody>\n<\/table>","protected":false},"featured_media":7687,"comment_status":"closed","ping_status":"closed","template":"","meta":{"_acf_changed":true},"product_brand":[],"product_cat":[26,30,102,18,53,98],"product_tag":[],"class_list":{"0":"post-7686","1":"product","2":"type-product","3":"status-publish","4":"has-post-thumbnail","6":"product_cat-wholesale-toys-for-all-ages","7":"product_cat-wholesale-toys-for-ages-3-and-up","8":"product_cat-wholesale-ai-robot-toys","9":"product_cat-wholesale-rc-toys","10":"product_cat-wholesale-rc-robots-and-animals","11":"product_cat-wholesale-robot-toys","13":"first","14":"instock","15":"shipping-taxable","16":"product-type-simple"},"acf":[],"_links":{"self":[{"href":"https:\/\/www.chengjitoy.com\/es\/wp-json\/wp\/v2\/product\/7686","targetHints":{"allow":["GET"]}}],"collection":[{"href":"https:\/\/www.chengjitoy.com\/es\/wp-json\/wp\/v2\/product"}],"about":[{"href":"https:\/\/www.chengjitoy.com\/es\/wp-json\/wp\/v2\/types\/product"}],"replies":[{"embeddable":true,"href":"https:\/\/www.chengjitoy.com\/es\/wp-json\/wp\/v2\/comments?post=7686"}],"wp:featuredmedia":[{"embeddable":true,"href":"https:\/\/www.chengjitoy.com\/es\/wp-json\/wp\/v2\/media\/7687"}],"wp:attachment":[{"href":"https:\/\/www.chengjitoy.com\/es\/wp-json\/wp\/v2\/media?parent=7686"}],"wp:term":[{"taxonomy":"product_brand","embeddable":true,"href":"https:\/\/www.chengjitoy.com\/es\/wp-json\/wp\/v2\/product_brand?post=7686"},{"taxonomy":"product_cat","embeddable":true,"href":"https:\/\/www.chengjitoy.com\/es\/wp-json\/wp\/v2\/product_cat?post=7686"},{"taxonomy":"product_tag","embeddable":true,"href":"https:\/\/www.chengjitoy.com\/es\/wp-json\/wp\/v2\/product_tag?post=7686"}],"curies":[{"name":"wp","href":"https:\/\/api.w.org\/{rel}","templated":true}]}}