{"id":774,"date":"2025-06-18T02:24:21","date_gmt":"2025-06-18T02:24:21","guid":{"rendered":"https:\/\/www.chengjitoy.com\/?post_type=product&#038;p=774"},"modified":"2025-06-30T00:53:00","modified_gmt":"2025-06-30T00:53:00","slug":"wholesale-remote-control-off-road-vehicle-cj-4003082-84","status":"publish","type":"product","link":"https:\/\/www.chengjitoy.com\/es\/product\/wholesale-remote-control-off-road-vehicle-cj-4003082-84\/","title":{"rendered":"Venta al por mayor de veh\u00edculos todo terreno de control remoto, Coches RC a granel, Juguetes RC para la venta"},"content":{"rendered":"<div class=\"wp-block-columns is-layout-flex wp-container-core-columns-is-layout-9d6595d7 wp-block-columns-is-layout-flex\">\n<div class=\"wp-block-column is-layout-flow wp-block-column-is-layout-flow\" style=\"flex-basis:66.66%\">\n<figure class=\"wp-block-image size-full\"><img loading=\"lazy\" decoding=\"async\" width=\"790\" height=\"1947\" sizes=\"auto, (max-width: 790px) 100vw, 790px\" src=\"https:\/\/www.chengjitoy.com\/wp-content\/uploads\/2025\/06\/details-of-remote-control-off-road-vehicle-CJ-4003082-84-1.webp\" alt=\"detalles del veh\u00edculo todo terreno teledirigido CJ 4003082 84 (1)\" class=\"wp-image-785\" srcset=\"https:\/\/www.chengjitoy.com\/wp-content\/uploads\/2025\/06\/details-of-remote-control-off-road-vehicle-CJ-4003082-84-1.webp 790w, https:\/\/www.chengjitoy.com\/wp-content\/uploads\/2025\/06\/details-of-remote-control-off-road-vehicle-CJ-4003082-84-1-122x300.webp 122w, https:\/\/www.chengjitoy.com\/wp-content\/uploads\/2025\/06\/details-of-remote-control-off-road-vehicle-CJ-4003082-84-1-768x1893.webp 768w, https:\/\/www.chengjitoy.com\/wp-content\/uploads\/2025\/06\/details-of-remote-control-off-road-vehicle-CJ-4003082-84-1-600x1479.webp 600w\" \/><\/figure>\n\n\n\n<figure class=\"wp-block-image size-full\"><img loading=\"lazy\" decoding=\"async\" width=\"790\" height=\"1284\" sizes=\"auto, (max-width: 790px) 100vw, 790px\" src=\"https:\/\/www.chengjitoy.com\/wp-content\/uploads\/2025\/06\/details-of-remote-control-off-road-vehicle-CJ-4003082-84-2.webp\" alt=\"detalles del veh\u00edculo todo terreno teledirigido CJ 4003082 84 (2)\" class=\"wp-image-786\" srcset=\"https:\/\/www.chengjitoy.com\/wp-content\/uploads\/2025\/06\/details-of-remote-control-off-road-vehicle-CJ-4003082-84-2.webp 790w, https:\/\/www.chengjitoy.com\/wp-content\/uploads\/2025\/06\/details-of-remote-control-off-road-vehicle-CJ-4003082-84-2-185x300.webp 185w, https:\/\/www.chengjitoy.com\/wp-content\/uploads\/2025\/06\/details-of-remote-control-off-road-vehicle-CJ-4003082-84-2-768x1248.webp 768w, https:\/\/www.chengjitoy.com\/wp-content\/uploads\/2025\/06\/details-of-remote-control-off-road-vehicle-CJ-4003082-84-2-600x975.webp 600w\" \/><\/figure>\n\n\n\n<figure class=\"wp-block-image size-full\"><img loading=\"lazy\" decoding=\"async\" width=\"790\" height=\"1354\" sizes=\"auto, (max-width: 790px) 100vw, 790px\" src=\"https:\/\/www.chengjitoy.com\/wp-content\/uploads\/2025\/06\/details-of-remote-control-off-road-vehicle-CJ-4003082-84-3.webp\" alt=\"detalles del veh\u00edculo todo terreno teledirigido CJ 4003082 84 (3)\" class=\"wp-image-787\" srcset=\"https:\/\/www.chengjitoy.com\/wp-content\/uploads\/2025\/06\/details-of-remote-control-off-road-vehicle-CJ-4003082-84-3.webp 790w, https:\/\/www.chengjitoy.com\/wp-content\/uploads\/2025\/06\/details-of-remote-control-off-road-vehicle-CJ-4003082-84-3-175x300.webp 175w, https:\/\/www.chengjitoy.com\/wp-content\/uploads\/2025\/06\/details-of-remote-control-off-road-vehicle-CJ-4003082-84-3-768x1316.webp 768w, https:\/\/www.chengjitoy.com\/wp-content\/uploads\/2025\/06\/details-of-remote-control-off-road-vehicle-CJ-4003082-84-3-600x1028.webp 600w\" \/><\/figure>\n\n\n\n<figure class=\"wp-block-image size-full\"><img loading=\"lazy\" decoding=\"async\" width=\"790\" height=\"1316\" sizes=\"auto, (max-width: 790px) 100vw, 790px\" src=\"https:\/\/www.chengjitoy.com\/wp-content\/uploads\/2025\/06\/details-of-remote-control-off-road-vehicle-CJ-4003082-84-4.webp\" alt=\"detalles del veh\u00edculo todo terreno teledirigido CJ 4003082 84 (4)\" class=\"wp-image-788\" srcset=\"https:\/\/www.chengjitoy.com\/wp-content\/uploads\/2025\/06\/details-of-remote-control-off-road-vehicle-CJ-4003082-84-4.webp 790w, https:\/\/www.chengjitoy.com\/wp-content\/uploads\/2025\/06\/details-of-remote-control-off-road-vehicle-CJ-4003082-84-4-180x300.webp 180w, https:\/\/www.chengjitoy.com\/wp-content\/uploads\/2025\/06\/details-of-remote-control-off-road-vehicle-CJ-4003082-84-4-768x1279.webp 768w, https:\/\/www.chengjitoy.com\/wp-content\/uploads\/2025\/06\/details-of-remote-control-off-road-vehicle-CJ-4003082-84-4-600x999.webp 600w\" \/><\/figure>\n\n\n\n<figure class=\"wp-block-image size-full\"><img loading=\"lazy\" decoding=\"async\" width=\"790\" height=\"1567\" sizes=\"auto, (max-width: 790px) 100vw, 790px\" src=\"https:\/\/www.chengjitoy.com\/wp-content\/uploads\/2025\/06\/details-of-remote-control-off-road-vehicle-CJ-4003082-84-5.webp\" alt=\"detalles del veh\u00edculo todo terreno teledirigido CJ 4003082 84 (5)\" class=\"wp-image-789\" srcset=\"https:\/\/www.chengjitoy.com\/wp-content\/uploads\/2025\/06\/details-of-remote-control-off-road-vehicle-CJ-4003082-84-5.webp 790w, https:\/\/www.chengjitoy.com\/wp-content\/uploads\/2025\/06\/details-of-remote-control-off-road-vehicle-CJ-4003082-84-5-151x300.webp 151w, https:\/\/www.chengjitoy.com\/wp-content\/uploads\/2025\/06\/details-of-remote-control-off-road-vehicle-CJ-4003082-84-5-768x1523.webp 768w, https:\/\/www.chengjitoy.com\/wp-content\/uploads\/2025\/06\/details-of-remote-control-off-road-vehicle-CJ-4003082-84-5-600x1190.webp 600w\" \/><\/figure>\n\n\n\n<figure class=\"wp-block-image size-full\"><img loading=\"lazy\" decoding=\"async\" width=\"790\" height=\"1515\" sizes=\"auto, (max-width: 790px) 100vw, 790px\" src=\"https:\/\/www.chengjitoy.com\/wp-content\/uploads\/2025\/06\/details-of-remote-control-off-road-vehicle-CJ-4003082-84-6.webp\" alt=\"detalles del veh\u00edculo todo terreno teledirigido CJ 4003082 84 (6)\" class=\"wp-image-790\" srcset=\"https:\/\/www.chengjitoy.com\/wp-content\/uploads\/2025\/06\/details-of-remote-control-off-road-vehicle-CJ-4003082-84-6.webp 790w, https:\/\/www.chengjitoy.com\/wp-content\/uploads\/2025\/06\/details-of-remote-control-off-road-vehicle-CJ-4003082-84-6-156x300.webp 156w, https:\/\/www.chengjitoy.com\/wp-content\/uploads\/2025\/06\/details-of-remote-control-off-road-vehicle-CJ-4003082-84-6-768x1473.webp 768w, https:\/\/www.chengjitoy.com\/wp-content\/uploads\/2025\/06\/details-of-remote-control-off-road-vehicle-CJ-4003082-84-6-600x1151.webp 600w\" \/><\/figure>\n\n\n\n<figure class=\"wp-block-image size-full\"><img loading=\"lazy\" decoding=\"async\" width=\"790\" height=\"1254\" sizes=\"auto, (max-width: 790px) 100vw, 790px\" src=\"https:\/\/www.chengjitoy.com\/wp-content\/uploads\/2025\/06\/details-of-remote-control-off-road-vehicle-CJ-4003082-84-7.webp\" alt=\"detalles del veh\u00edculo todo terreno teledirigido CJ 4003082 84 (7)\" class=\"wp-image-791\" srcset=\"https:\/\/www.chengjitoy.com\/wp-content\/uploads\/2025\/06\/details-of-remote-control-off-road-vehicle-CJ-4003082-84-7.webp 790w, https:\/\/www.chengjitoy.com\/wp-content\/uploads\/2025\/06\/details-of-remote-control-off-road-vehicle-CJ-4003082-84-7-189x300.webp 189w, https:\/\/www.chengjitoy.com\/wp-content\/uploads\/2025\/06\/details-of-remote-control-off-road-vehicle-CJ-4003082-84-7-768x1219.webp 768w, https:\/\/www.chengjitoy.com\/wp-content\/uploads\/2025\/06\/details-of-remote-control-off-road-vehicle-CJ-4003082-84-7-600x952.webp 600w\" \/><\/figure>\n\n\n\n<figure class=\"wp-block-image size-full\"><img loading=\"lazy\" decoding=\"async\" width=\"790\" height=\"1543\" sizes=\"auto, (max-width: 790px) 100vw, 790px\" src=\"https:\/\/www.chengjitoy.com\/wp-content\/uploads\/2025\/06\/details-of-remote-control-off-road-vehicle-CJ-4003082-84-8.webp\" alt=\"detalles del veh\u00edculo todo terreno teledirigido CJ 4003082 84 (8)\" class=\"wp-image-792\" srcset=\"https:\/\/www.chengjitoy.com\/wp-content\/uploads\/2025\/06\/details-of-remote-control-off-road-vehicle-CJ-4003082-84-8.webp 790w, https:\/\/www.chengjitoy.com\/wp-content\/uploads\/2025\/06\/details-of-remote-control-off-road-vehicle-CJ-4003082-84-8-154x300.webp 154w, https:\/\/www.chengjitoy.com\/wp-content\/uploads\/2025\/06\/details-of-remote-control-off-road-vehicle-CJ-4003082-84-8-768x1500.webp 768w, https:\/\/www.chengjitoy.com\/wp-content\/uploads\/2025\/06\/details-of-remote-control-off-road-vehicle-CJ-4003082-84-8-600x1172.webp 600w\" \/><\/figure>\n\n\n\n<figure class=\"wp-block-image size-full\"><img loading=\"lazy\" decoding=\"async\" width=\"790\" height=\"1169\" sizes=\"auto, (max-width: 790px) 100vw, 790px\" src=\"https:\/\/www.chengjitoy.com\/wp-content\/uploads\/2025\/06\/details-of-remote-control-off-road-vehicle-CJ-4003082-84-9.webp\" alt=\"detalles del veh\u00edculo todo terreno teledirigido CJ 4003082 84 (9)\" class=\"wp-image-793\" srcset=\"https:\/\/www.chengjitoy.com\/wp-content\/uploads\/2025\/06\/details-of-remote-control-off-road-vehicle-CJ-4003082-84-9.webp 790w, https:\/\/www.chengjitoy.com\/wp-content\/uploads\/2025\/06\/details-of-remote-control-off-road-vehicle-CJ-4003082-84-9-203x300.webp 203w, https:\/\/www.chengjitoy.com\/wp-content\/uploads\/2025\/06\/details-of-remote-control-off-road-vehicle-CJ-4003082-84-9-768x1136.webp 768w, https:\/\/www.chengjitoy.com\/wp-content\/uploads\/2025\/06\/details-of-remote-control-off-road-vehicle-CJ-4003082-84-9-600x888.webp 600w\" \/><\/figure>\n\n\n\n<figure class=\"wp-block-image size-full\"><img loading=\"lazy\" decoding=\"async\" width=\"790\" height=\"3421\" sizes=\"auto, (max-width: 790px) 100vw, 790px\" src=\"https:\/\/www.chengjitoy.com\/wp-content\/uploads\/2025\/06\/details-of-remote-control-off-road-vehicle-CJ-4003082-84-10.webp\" alt=\"detalles del veh\u00edculo todo terreno teledirigido CJ 4003082 84 (10)\" class=\"wp-image-794\" srcset=\"https:\/\/www.chengjitoy.com\/wp-content\/uploads\/2025\/06\/details-of-remote-control-off-road-vehicle-CJ-4003082-84-10.webp 790w, https:\/\/www.chengjitoy.com\/wp-content\/uploads\/2025\/06\/details-of-remote-control-off-road-vehicle-CJ-4003082-84-10-69x300.webp 69w, https:\/\/www.chengjitoy.com\/wp-content\/uploads\/2025\/06\/details-of-remote-control-off-road-vehicle-CJ-4003082-84-10-768x3326.webp 768w, https:\/\/www.chengjitoy.com\/wp-content\/uploads\/2025\/06\/details-of-remote-control-off-road-vehicle-CJ-4003082-84-10-600x2598.webp 600w\" \/><\/figure>\n\n\n\n<figure class=\"wp-block-image size-full\"><img loading=\"lazy\" decoding=\"async\" width=\"790\" height=\"679\" sizes=\"auto, (max-width: 790px) 100vw, 790px\" src=\"https:\/\/www.chengjitoy.com\/wp-content\/uploads\/2025\/06\/details-of-remote-control-off-road-vehicle-CJ-4003082-84-11.webp\" alt=\"detalles del veh\u00edculo todo terreno teledirigido CJ 4003082 84 (11)\" class=\"wp-image-795\" srcset=\"https:\/\/www.chengjitoy.com\/wp-content\/uploads\/2025\/06\/details-of-remote-control-off-road-vehicle-CJ-4003082-84-11.webp 790w, https:\/\/www.chengjitoy.com\/wp-content\/uploads\/2025\/06\/details-of-remote-control-off-road-vehicle-CJ-4003082-84-11-300x258.webp 300w, https:\/\/www.chengjitoy.com\/wp-content\/uploads\/2025\/06\/details-of-remote-control-off-road-vehicle-CJ-4003082-84-11-768x660.webp 768w, https:\/\/www.chengjitoy.com\/wp-content\/uploads\/2025\/06\/details-of-remote-control-off-road-vehicle-CJ-4003082-84-11-600x516.webp 600w\" \/><\/figure>\n<\/div>\n\n\n\n<div class=\"wp-block-column is-layout-flow wp-block-column-is-layout-flow\" style=\"flex-basis:33.33%\"><\/div>\n<\/div>\n\n\n\n<p><\/p>","protected":false},"excerpt":{"rendered":"<p>Veh\u00edculo todoterreno de control remoto al por mayor, con aspecto fresco y luces din\u00e1micas LED, control remoto antiinterferencias de 2,4 GHz, bater\u00eda de litio de 7,4 V de gran potencia, adecuado para juguetes infantiles, promociones de regalos, actividades en centros comerciales y otras necesidades al por mayor. Bienvenido a ponerse en contacto con nosotros para una cotizaci\u00f3n.<\/p>\n<h2>Especificaciones del veh\u00edculo todoterreno teledirigido CJ-4003082-84<\/h2>\n<table style=\"border-collapse: collapse; width: 343.52pt;\" border=\"0\" width=\"458\" cellspacing=\"0\" cellpadding=\"0\">\n<tbody>\n<tr style=\"height: 19.50pt;\">\n<td class=\"et3\" style=\"height: 19.50pt; width: 133.75pt;\" width=\"178\" height=\"26\">Art\u00edculo No:<\/td>\n<td class=\"et4\" style=\"width: 210.00pt;\" width=\"280\">CJ-4003082-84<\/td>\n<\/tr>\n<tr style=\"height: 20.25pt;\">\n<td class=\"et5\" style=\"height: 20.25pt; width: 133.75pt;\" width=\"178\" height=\"27\">Paquete:<\/td>\n<td class=\"et6\" style=\"width: 210.00pt;\" width=\"280\">CAJA DE EXPOSICI\u00d3N<\/td>\n<\/tr>\n<tr style=\"height: 19.50pt;\">\n<td class=\"et5\" style=\"height: 19.50pt; width: 133.75pt;\" width=\"178\" height=\"26\">Tama\u00f1o del paquete:<\/td>\n<td class=\"et6\" style=\"width: 210.00pt;\" width=\"280\">32,5\u00d725,5\u00d721,7 cm<\/td>\n<\/tr>\n<tr style=\"height: 20.25pt;\">\n<td class=\"et5\" style=\"height: 20.25pt; width: 133.75pt;\" width=\"178\" height=\"27\">Tama\u00f1o de la caja\uff1a<\/td>\n<td class=\"et6\" style=\"width: 210.00pt;\" width=\"280\">67\u00d752\u00d768 cm<\/td>\n<\/tr>\n<tr style=\"height: 19.50pt;\">\n<td class=\"et5\" style=\"height: 19.50pt; width: 133.75pt;\" width=\"178\" height=\"26\">Cant:<\/td>\n<td class=\"et6\" style=\"width: 210.00pt;\" width=\"280\">12 piezas<\/td>\n<\/tr>\n<tr style=\"height: 19.50pt;\">\n<td class=\"et5\" style=\"height: 19.50pt; width: 133.75pt;\" width=\"178\" height=\"26\">G.W.\/N.W.:<\/td>\n<td class=\"et6\" style=\"width: 210.00pt;\" width=\"280\">17,4 \/ 15,4 kg<\/td>\n<\/tr>\n<tr style=\"height: 20.25pt;\">\n<td class=\"et5\" style=\"height: 20.25pt; width: 133.75pt;\" width=\"178\" height=\"27\">Medici\u00f3n:<\/td>\n<td class=\"et6\" style=\"width: 210.00pt;\" width=\"280\">0,24 m\u00b3 \/ 8,36 pies c\u00fabicos<\/td>\n<\/tr>\n<\/tbody>\n<\/table>","protected":false},"featured_media":775,"comment_status":"closed","ping_status":"closed","template":"","meta":{"_acf_changed":true},"product_brand":[],"product_cat":[26,28,18],"product_tag":[],"class_list":{"0":"post-774","1":"product","2":"type-product","3":"status-publish","4":"has-post-thumbnail","6":"product_cat-wholesale-toys-for-all-ages","7":"product_cat-wholesale-toys-for-ages-8-and-up","8":"product_cat-wholesale-rc-toys","10":"first","11":"instock","12":"shipping-taxable","13":"product-type-simple"},"acf":[],"_links":{"self":[{"href":"https:\/\/www.chengjitoy.com\/es\/wp-json\/wp\/v2\/product\/774","targetHints":{"allow":["GET"]}}],"collection":[{"href":"https:\/\/www.chengjitoy.com\/es\/wp-json\/wp\/v2\/product"}],"about":[{"href":"https:\/\/www.chengjitoy.com\/es\/wp-json\/wp\/v2\/types\/product"}],"replies":[{"embeddable":true,"href":"https:\/\/www.chengjitoy.com\/es\/wp-json\/wp\/v2\/comments?post=774"}],"wp:featuredmedia":[{"embeddable":true,"href":"https:\/\/www.chengjitoy.com\/es\/wp-json\/wp\/v2\/media\/775"}],"wp:attachment":[{"href":"https:\/\/www.chengjitoy.com\/es\/wp-json\/wp\/v2\/media?parent=774"}],"wp:term":[{"taxonomy":"product_brand","embeddable":true,"href":"https:\/\/www.chengjitoy.com\/es\/wp-json\/wp\/v2\/product_brand?post=774"},{"taxonomy":"product_cat","embeddable":true,"href":"https:\/\/www.chengjitoy.com\/es\/wp-json\/wp\/v2\/product_cat?post=774"},{"taxonomy":"product_tag","embeddable":true,"href":"https:\/\/www.chengjitoy.com\/es\/wp-json\/wp\/v2\/product_tag?post=774"}],"curies":[{"name":"wp","href":"https:\/\/api.w.org\/{rel}","templated":true}]}}