{"id":8293,"date":"2026-01-20T10:13:30","date_gmt":"2026-01-20T10:13:30","guid":{"rendered":"https:\/\/www.chengjitoy.com\/?post_type=product&#038;p=8293"},"modified":"2026-01-20T10:13:30","modified_gmt":"2026-01-20T10:13:30","slug":"wholesale-baby-water-play-table","status":"publish","type":"product","link":"https:\/\/www.chengjitoy.com\/es\/product\/wholesale-baby-water-play-table\/","title":{"rendered":"Wholesale Baby Water Play Table &#8211; Toys for Summer Fun"},"content":{"rendered":"<div class=\"wp-block-columns is-layout-flex wp-container-core-columns-is-layout-9d6595d7 wp-block-columns-is-layout-flex\">\n<div class=\"wp-block-column is-layout-flow wp-block-column-is-layout-flow\" style=\"flex-basis:66.66%\">\n<figure class=\"wp-block-image size-full\"><img loading=\"lazy\" decoding=\"async\" width=\"770\" height=\"1046\" src=\"https:\/\/www.chengjitoy.com\/wp-content\/uploads\/2026\/01\/details-of-Chick-splashing-1.webp\" alt=\"\" class=\"wp-image-8301\" srcset=\"https:\/\/www.chengjitoy.com\/wp-content\/uploads\/2026\/01\/details-of-Chick-splashing-1.webp 770w, https:\/\/www.chengjitoy.com\/wp-content\/uploads\/2026\/01\/details-of-Chick-splashing-1-221x300.webp 221w, https:\/\/www.chengjitoy.com\/wp-content\/uploads\/2026\/01\/details-of-Chick-splashing-1-768x1043.webp 768w, https:\/\/www.chengjitoy.com\/wp-content\/uploads\/2026\/01\/details-of-Chick-splashing-1-9x12.webp 9w, https:\/\/www.chengjitoy.com\/wp-content\/uploads\/2026\/01\/details-of-Chick-splashing-1-600x815.webp 600w\" sizes=\"auto, (max-width: 770px) 100vw, 770px\" \/><\/figure>\n\n\n\n<figure class=\"wp-block-image size-full\"><img loading=\"lazy\" decoding=\"async\" width=\"770\" height=\"1019\" src=\"https:\/\/www.chengjitoy.com\/wp-content\/uploads\/2026\/01\/details-of-Chick-splashing-2.webp\" alt=\"\" class=\"wp-image-8302\" srcset=\"https:\/\/www.chengjitoy.com\/wp-content\/uploads\/2026\/01\/details-of-Chick-splashing-2.webp 770w, https:\/\/www.chengjitoy.com\/wp-content\/uploads\/2026\/01\/details-of-Chick-splashing-2-227x300.webp 227w, https:\/\/www.chengjitoy.com\/wp-content\/uploads\/2026\/01\/details-of-Chick-splashing-2-768x1016.webp 768w, https:\/\/www.chengjitoy.com\/wp-content\/uploads\/2026\/01\/details-of-Chick-splashing-2-9x12.webp 9w, https:\/\/www.chengjitoy.com\/wp-content\/uploads\/2026\/01\/details-of-Chick-splashing-2-600x794.webp 600w\" sizes=\"auto, (max-width: 770px) 100vw, 770px\" \/><\/figure>\n\n\n\n<figure class=\"wp-block-image size-full\"><img loading=\"lazy\" decoding=\"async\" width=\"770\" height=\"1646\" src=\"https:\/\/www.chengjitoy.com\/wp-content\/uploads\/2026\/01\/details-of-Chick-splashing-3.webp\" alt=\"\" class=\"wp-image-8303\" srcset=\"https:\/\/www.chengjitoy.com\/wp-content\/uploads\/2026\/01\/details-of-Chick-splashing-3.webp 770w, https:\/\/www.chengjitoy.com\/wp-content\/uploads\/2026\/01\/details-of-Chick-splashing-3-140x300.webp 140w, https:\/\/www.chengjitoy.com\/wp-content\/uploads\/2026\/01\/details-of-Chick-splashing-3-768x1642.webp 768w, https:\/\/www.chengjitoy.com\/wp-content\/uploads\/2026\/01\/details-of-Chick-splashing-3-6x12.webp 6w, https:\/\/www.chengjitoy.com\/wp-content\/uploads\/2026\/01\/details-of-Chick-splashing-3-600x1283.webp 600w\" sizes=\"auto, (max-width: 770px) 100vw, 770px\" \/><\/figure>\n\n\n\n<figure class=\"wp-block-image size-full\"><img loading=\"lazy\" decoding=\"async\" width=\"770\" height=\"854\" src=\"https:\/\/www.chengjitoy.com\/wp-content\/uploads\/2026\/01\/details-of-Chick-splashing-4.webp\" alt=\"\" class=\"wp-image-8304\" srcset=\"https:\/\/www.chengjitoy.com\/wp-content\/uploads\/2026\/01\/details-of-Chick-splashing-4.webp 770w, https:\/\/www.chengjitoy.com\/wp-content\/uploads\/2026\/01\/details-of-Chick-splashing-4-270x300.webp 270w, https:\/\/www.chengjitoy.com\/wp-content\/uploads\/2026\/01\/details-of-Chick-splashing-4-768x852.webp 768w, https:\/\/www.chengjitoy.com\/wp-content\/uploads\/2026\/01\/details-of-Chick-splashing-4-11x12.webp 11w, https:\/\/www.chengjitoy.com\/wp-content\/uploads\/2026\/01\/details-of-Chick-splashing-4-600x665.webp 600w\" sizes=\"auto, (max-width: 770px) 100vw, 770px\" \/><\/figure>\n\n\n\n<figure class=\"wp-block-image size-full\"><img loading=\"lazy\" decoding=\"async\" width=\"770\" height=\"884\" src=\"https:\/\/www.chengjitoy.com\/wp-content\/uploads\/2026\/01\/details-of-Chick-splashing-5.webp\" alt=\"\" class=\"wp-image-8305\" srcset=\"https:\/\/www.chengjitoy.com\/wp-content\/uploads\/2026\/01\/details-of-Chick-splashing-5.webp 770w, https:\/\/www.chengjitoy.com\/wp-content\/uploads\/2026\/01\/details-of-Chick-splashing-5-261x300.webp 261w, https:\/\/www.chengjitoy.com\/wp-content\/uploads\/2026\/01\/details-of-Chick-splashing-5-768x882.webp 768w, https:\/\/www.chengjitoy.com\/wp-content\/uploads\/2026\/01\/details-of-Chick-splashing-5-10x12.webp 10w, https:\/\/www.chengjitoy.com\/wp-content\/uploads\/2026\/01\/details-of-Chick-splashing-5-600x689.webp 600w\" sizes=\"auto, (max-width: 770px) 100vw, 770px\" \/><\/figure>\n\n\n\n<figure class=\"wp-block-image size-full\"><img loading=\"lazy\" decoding=\"async\" width=\"770\" height=\"1481\" src=\"https:\/\/www.chengjitoy.com\/wp-content\/uploads\/2026\/01\/details-of-Chick-splashing-6.webp\" alt=\"\" class=\"wp-image-8306\" srcset=\"https:\/\/www.chengjitoy.com\/wp-content\/uploads\/2026\/01\/details-of-Chick-splashing-6.webp 770w, https:\/\/www.chengjitoy.com\/wp-content\/uploads\/2026\/01\/details-of-Chick-splashing-6-156x300.webp 156w, https:\/\/www.chengjitoy.com\/wp-content\/uploads\/2026\/01\/details-of-Chick-splashing-6-768x1477.webp 768w, https:\/\/www.chengjitoy.com\/wp-content\/uploads\/2026\/01\/details-of-Chick-splashing-6-6x12.webp 6w, https:\/\/www.chengjitoy.com\/wp-content\/uploads\/2026\/01\/details-of-Chick-splashing-6-600x1154.webp 600w\" sizes=\"auto, (max-width: 770px) 100vw, 770px\" \/><\/figure>\n\n\n\n<figure class=\"wp-block-image size-full\"><img loading=\"lazy\" decoding=\"async\" width=\"770\" height=\"716\" src=\"https:\/\/www.chengjitoy.com\/wp-content\/uploads\/2026\/01\/details-of-Chick-splashing-7.webp\" alt=\"\" class=\"wp-image-8307\" srcset=\"https:\/\/www.chengjitoy.com\/wp-content\/uploads\/2026\/01\/details-of-Chick-splashing-7.webp 770w, https:\/\/www.chengjitoy.com\/wp-content\/uploads\/2026\/01\/details-of-Chick-splashing-7-300x279.webp 300w, https:\/\/www.chengjitoy.com\/wp-content\/uploads\/2026\/01\/details-of-Chick-splashing-7-768x714.webp 768w, https:\/\/www.chengjitoy.com\/wp-content\/uploads\/2026\/01\/details-of-Chick-splashing-7-13x12.webp 13w, https:\/\/www.chengjitoy.com\/wp-content\/uploads\/2026\/01\/details-of-Chick-splashing-7-600x558.webp 600w\" sizes=\"auto, (max-width: 770px) 100vw, 770px\" \/><\/figure>\n\n\n\n<figure class=\"wp-block-image size-full\"><img loading=\"lazy\" decoding=\"async\" width=\"770\" height=\"1651\" src=\"https:\/\/www.chengjitoy.com\/wp-content\/uploads\/2026\/01\/details-of-Chick-splashing-8.webp\" alt=\"\" class=\"wp-image-8308\" srcset=\"https:\/\/www.chengjitoy.com\/wp-content\/uploads\/2026\/01\/details-of-Chick-splashing-8.webp 770w, https:\/\/www.chengjitoy.com\/wp-content\/uploads\/2026\/01\/details-of-Chick-splashing-8-140x300.webp 140w, https:\/\/www.chengjitoy.com\/wp-content\/uploads\/2026\/01\/details-of-Chick-splashing-8-768x1647.webp 768w, https:\/\/www.chengjitoy.com\/wp-content\/uploads\/2026\/01\/details-of-Chick-splashing-8-6x12.webp 6w, https:\/\/www.chengjitoy.com\/wp-content\/uploads\/2026\/01\/details-of-Chick-splashing-8-600x1286.webp 600w\" sizes=\"auto, (max-width: 770px) 100vw, 770px\" \/><\/figure>\n<\/div>\n\n\n\n<div class=\"wp-block-column is-layout-flow wp-block-column-is-layout-flow\" style=\"flex-basis:33.33%\"><\/div>\n<\/div>","protected":false},"excerpt":{"rendered":"<p>Mesa de juegos acu\u00e1ticos para beb\u00e9s al por mayor con m\u00e1quina de burbujas manual, fabricante de olas, juguetes flotantes y diversi\u00f3n en la playa al aire libre para juegos acu\u00e1ticos interactivos.<\/p>\n<p>Reconocido como <a href=\"https:\/\/www.chengjitoy.com\/es\/categoria-producto\/wholesale-summer-toys\/\"><strong>proveedor de juguetes de verano<\/strong><\/a>, Chengji puede servir pedidos de juguetes al por mayor para marcas y minoristas. P\u00f3ngase en contacto con nosotros<\/p>\n<h2>Especificaciones de la mesa de juego acu\u00e1tica<\/h2>\n<table style=\"border-collapse: collapse; width: 343.52pt;\" border=\"0\" width=\"458\" cellspacing=\"0\" cellpadding=\"0\">\n<tbody>\n<tr style=\"height: 19.50pt;\">\n<td class=\"et2\" style=\"height: 19.50pt; width: 133.75pt;\" width=\"178\" height=\"26\">Art\u00edculo No:<\/td>\n<td class=\"et3\" style=\"width: 210.00pt;\" width=\"280\">CJ-4143937<\/td>\n<\/tr>\n<tr style=\"height: 20.25pt;\">\n<td class=\"et4\" style=\"height: 20.25pt; width: 133.75pt;\" width=\"178\" height=\"27\">Paquete:<\/td>\n<td class=\"et5\" style=\"width: 210.00pt;\" width=\"280\">caja de color<\/td>\n<\/tr>\n<tr style=\"height: 19.50pt;\">\n<td class=\"et4\" style=\"height: 19.50pt; width: 133.75pt;\" width=\"178\" height=\"26\">Tama\u00f1o del paquete:<\/td>\n<td class=\"et5\" style=\"width: 210.00pt;\" width=\"280\">66*19*66CM<\/td>\n<\/tr>\n<tr style=\"height: 20.25pt;\">\n<td class=\"et4\" style=\"height: 20.25pt; width: 133.75pt;\" width=\"178\" height=\"27\">Tama\u00f1o de la caja\uff1a<\/td>\n<td class=\"et5\" style=\"width: 210.00pt;\" width=\"280\">68*59*68CM<\/td>\n<\/tr>\n<tr style=\"height: 19.50pt;\">\n<td class=\"et4\" style=\"height: 19.50pt; width: 133.75pt;\" width=\"178\" height=\"26\">Cant:<\/td>\n<td class=\"et5\" style=\"width: 210.00pt;\" width=\"280\">3\/PCS<\/td>\n<\/tr>\n<tr style=\"height: 20.25pt;\">\n<td class=\"et4\" style=\"height: 20.25pt; width: 133.75pt;\" width=\"178\" height=\"27\">G.W.\/N.W.:<\/td>\n<td class=\"et5\" style=\"width: 210.00pt;\" width=\"280\">16,9\/14,9 KG<\/td>\n<\/tr>\n<tr style=\"height: 19.50pt;\">\n<td class=\"et4\" style=\"height: 19.50pt; width: 133.75pt;\" width=\"178\" height=\"26\">Medici\u00f3n:<\/td>\n<td class=\"et5\" style=\"width: 210.00pt;\" width=\"280\">0,27 CBM\u2019\/9,63 CUFT\u2019<\/td>\n<\/tr>\n<\/tbody>\n<\/table>","protected":false},"featured_media":8294,"comment_status":"closed","ping_status":"closed","template":"","meta":{"_acf_changed":true},"product_brand":[],"product_cat":[26,30,21,62],"product_tag":[],"class_list":{"0":"post-8293","1":"product","2":"type-product","3":"status-publish","4":"has-post-thumbnail","6":"product_cat-wholesale-toys-for-all-ages","7":"product_cat-wholesale-toys-for-ages-3-and-up","8":"product_cat-wholesale-summer-toys","9":"product_cat-wholesale-water-toys","11":"first","12":"instock","13":"shipping-taxable","14":"product-type-simple"},"acf":[],"_links":{"self":[{"href":"https:\/\/www.chengjitoy.com\/es\/wp-json\/wp\/v2\/product\/8293","targetHints":{"allow":["GET"]}}],"collection":[{"href":"https:\/\/www.chengjitoy.com\/es\/wp-json\/wp\/v2\/product"}],"about":[{"href":"https:\/\/www.chengjitoy.com\/es\/wp-json\/wp\/v2\/types\/product"}],"replies":[{"embeddable":true,"href":"https:\/\/www.chengjitoy.com\/es\/wp-json\/wp\/v2\/comments?post=8293"}],"wp:featuredmedia":[{"embeddable":true,"href":"https:\/\/www.chengjitoy.com\/es\/wp-json\/wp\/v2\/media\/8294"}],"wp:attachment":[{"href":"https:\/\/www.chengjitoy.com\/es\/wp-json\/wp\/v2\/media?parent=8293"}],"wp:term":[{"taxonomy":"product_brand","embeddable":true,"href":"https:\/\/www.chengjitoy.com\/es\/wp-json\/wp\/v2\/product_brand?post=8293"},{"taxonomy":"product_cat","embeddable":true,"href":"https:\/\/www.chengjitoy.com\/es\/wp-json\/wp\/v2\/product_cat?post=8293"},{"taxonomy":"product_tag","embeddable":true,"href":"https:\/\/www.chengjitoy.com\/es\/wp-json\/wp\/v2\/product_tag?post=8293"}],"curies":[{"name":"wp","href":"https:\/\/api.w.org\/{rel}","templated":true}]}}