{"id":8545,"date":"2026-02-28T06:05:01","date_gmt":"2026-02-28T06:05:01","guid":{"rendered":"https:\/\/www.chengjitoy.com\/?post_type=product&#038;p=8545"},"modified":"2026-02-28T06:05:02","modified_gmt":"2026-02-28T06:05:02","slug":"4-in-1-baby-play-mat-wholesale","status":"publish","type":"product","link":"https:\/\/www.chengjitoy.com\/es\/product\/4-in-1-baby-play-mat-wholesale\/","title":{"rendered":"Alfombra de Juego para Beb\u00e9 4 en 1 Suministro al por mayor - Juguetes para Beb\u00e9 al por mayor"},"content":{"rendered":"<div class=\"wp-block-columns is-layout-flex wp-container-core-columns-is-layout-9d6595d7 wp-block-columns-is-layout-flex\">\n<div class=\"wp-block-column is-layout-flow wp-block-column-is-layout-flow\" style=\"flex-basis:66.66%\">\n<figure class=\"wp-block-image size-full\"><img loading=\"lazy\" decoding=\"async\" width=\"770\" height=\"940\" src=\"https:\/\/www.chengjitoy.com\/wp-content\/uploads\/2026\/02\/details-ofplaymat-1.webp\" alt=\"\" class=\"wp-image-9102\" srcset=\"https:\/\/www.chengjitoy.com\/wp-content\/uploads\/2026\/02\/details-ofplaymat-1.webp 770w, https:\/\/www.chengjitoy.com\/wp-content\/uploads\/2026\/02\/details-ofplaymat-1-246x300.webp 246w, https:\/\/www.chengjitoy.com\/wp-content\/uploads\/2026\/02\/details-ofplaymat-1-768x938.webp 768w, https:\/\/www.chengjitoy.com\/wp-content\/uploads\/2026\/02\/details-ofplaymat-1-10x12.webp 10w, https:\/\/www.chengjitoy.com\/wp-content\/uploads\/2026\/02\/details-ofplaymat-1-600x732.webp 600w\" sizes=\"auto, (max-width: 770px) 100vw, 770px\" \/><\/figure>\n\n\n\n<figure class=\"wp-block-image size-full\"><img loading=\"lazy\" decoding=\"async\" width=\"770\" height=\"2346\" src=\"https:\/\/www.chengjitoy.com\/wp-content\/uploads\/2026\/02\/details-ofplaymat-2.webp\" alt=\"\" class=\"wp-image-9103\" srcset=\"https:\/\/www.chengjitoy.com\/wp-content\/uploads\/2026\/02\/details-ofplaymat-2.webp 770w, https:\/\/www.chengjitoy.com\/wp-content\/uploads\/2026\/02\/details-ofplaymat-2-98x300.webp 98w, https:\/\/www.chengjitoy.com\/wp-content\/uploads\/2026\/02\/details-ofplaymat-2-768x2340.webp 768w, https:\/\/www.chengjitoy.com\/wp-content\/uploads\/2026\/02\/details-ofplaymat-2-4x12.webp 4w, https:\/\/www.chengjitoy.com\/wp-content\/uploads\/2026\/02\/details-ofplaymat-2-600x1828.webp 600w\" sizes=\"auto, (max-width: 770px) 100vw, 770px\" \/><\/figure>\n\n\n\n<figure class=\"wp-block-image size-full\"><img loading=\"lazy\" decoding=\"async\" width=\"770\" height=\"1180\" src=\"https:\/\/www.chengjitoy.com\/wp-content\/uploads\/2026\/02\/details-ofplaymat-3.webp\" alt=\"\" class=\"wp-image-9104\" srcset=\"https:\/\/www.chengjitoy.com\/wp-content\/uploads\/2026\/02\/details-ofplaymat-3.webp 770w, https:\/\/www.chengjitoy.com\/wp-content\/uploads\/2026\/02\/details-ofplaymat-3-196x300.webp 196w, https:\/\/www.chengjitoy.com\/wp-content\/uploads\/2026\/02\/details-ofplaymat-3-768x1177.webp 768w, https:\/\/www.chengjitoy.com\/wp-content\/uploads\/2026\/02\/details-ofplaymat-3-8x12.webp 8w, https:\/\/www.chengjitoy.com\/wp-content\/uploads\/2026\/02\/details-ofplaymat-3-600x919.webp 600w\" sizes=\"auto, (max-width: 770px) 100vw, 770px\" \/><\/figure>\n\n\n\n<figure class=\"wp-block-image size-full\"><img loading=\"lazy\" decoding=\"async\" width=\"770\" height=\"1407\" src=\"https:\/\/www.chengjitoy.com\/wp-content\/uploads\/2026\/02\/details-ofplaymat-4.webp\" alt=\"\" class=\"wp-image-9105\" srcset=\"https:\/\/www.chengjitoy.com\/wp-content\/uploads\/2026\/02\/details-ofplaymat-4.webp 770w, https:\/\/www.chengjitoy.com\/wp-content\/uploads\/2026\/02\/details-ofplaymat-4-164x300.webp 164w, https:\/\/www.chengjitoy.com\/wp-content\/uploads\/2026\/02\/details-ofplaymat-4-768x1403.webp 768w, https:\/\/www.chengjitoy.com\/wp-content\/uploads\/2026\/02\/details-ofplaymat-4-7x12.webp 7w, https:\/\/www.chengjitoy.com\/wp-content\/uploads\/2026\/02\/details-ofplaymat-4-600x1096.webp 600w\" sizes=\"auto, (max-width: 770px) 100vw, 770px\" \/><\/figure>\n\n\n\n<figure class=\"wp-block-image size-full\"><img loading=\"lazy\" decoding=\"async\" width=\"770\" height=\"1438\" src=\"https:\/\/www.chengjitoy.com\/wp-content\/uploads\/2026\/02\/details-ofplaymat-5.webp\" alt=\"\" class=\"wp-image-9106\" srcset=\"https:\/\/www.chengjitoy.com\/wp-content\/uploads\/2026\/02\/details-ofplaymat-5.webp 770w, https:\/\/www.chengjitoy.com\/wp-content\/uploads\/2026\/02\/details-ofplaymat-5-161x300.webp 161w, https:\/\/www.chengjitoy.com\/wp-content\/uploads\/2026\/02\/details-ofplaymat-5-768x1434.webp 768w, https:\/\/www.chengjitoy.com\/wp-content\/uploads\/2026\/02\/details-ofplaymat-5-6x12.webp 6w, https:\/\/www.chengjitoy.com\/wp-content\/uploads\/2026\/02\/details-ofplaymat-5-600x1121.webp 600w\" sizes=\"auto, (max-width: 770px) 100vw, 770px\" \/><\/figure>\n\n\n\n<figure class=\"wp-block-image size-full\"><img loading=\"lazy\" decoding=\"async\" width=\"770\" height=\"726\" src=\"https:\/\/www.chengjitoy.com\/wp-content\/uploads\/2026\/02\/details-ofplaymat-6.webp\" alt=\"\" class=\"wp-image-9107\" srcset=\"https:\/\/www.chengjitoy.com\/wp-content\/uploads\/2026\/02\/details-ofplaymat-6.webp 770w, https:\/\/www.chengjitoy.com\/wp-content\/uploads\/2026\/02\/details-ofplaymat-6-300x283.webp 300w, https:\/\/www.chengjitoy.com\/wp-content\/uploads\/2026\/02\/details-ofplaymat-6-768x724.webp 768w, https:\/\/www.chengjitoy.com\/wp-content\/uploads\/2026\/02\/details-ofplaymat-6-13x12.webp 13w, https:\/\/www.chengjitoy.com\/wp-content\/uploads\/2026\/02\/details-ofplaymat-6-600x566.webp 600w\" sizes=\"auto, (max-width: 770px) 100vw, 770px\" \/><\/figure>\n\n\n\n<figure class=\"wp-block-image size-full\"><img loading=\"lazy\" decoding=\"async\" width=\"770\" height=\"1533\" src=\"https:\/\/www.chengjitoy.com\/wp-content\/uploads\/2026\/02\/details-ofplaymat-7.webp\" alt=\"\" class=\"wp-image-9108\" srcset=\"https:\/\/www.chengjitoy.com\/wp-content\/uploads\/2026\/02\/details-ofplaymat-7.webp 770w, https:\/\/www.chengjitoy.com\/wp-content\/uploads\/2026\/02\/details-ofplaymat-7-151x300.webp 151w, https:\/\/www.chengjitoy.com\/wp-content\/uploads\/2026\/02\/details-ofplaymat-7-768x1529.webp 768w, https:\/\/www.chengjitoy.com\/wp-content\/uploads\/2026\/02\/details-ofplaymat-7-6x12.webp 6w, https:\/\/www.chengjitoy.com\/wp-content\/uploads\/2026\/02\/details-ofplaymat-7-600x1195.webp 600w\" sizes=\"auto, (max-width: 770px) 100vw, 770px\" \/><\/figure>\n<\/div>\n\n\n\n<div class=\"wp-block-column is-layout-flow wp-block-column-is-layout-flow\" style=\"flex-basis:33.33%\"><\/div>\n<\/div>","protected":false},"excerpt":{"rendered":"<p>Ofrecemos servicio de venta al por mayor de alfombras de juego para beb\u00e9s. 4 en 1 alfombra de juego multifuncional con el modo de cerca, la interacci\u00f3n padre-hijo, entrenamiento sensorial, dise\u00f1o desmontable, material seguro, accesorios ricos para la educaci\u00f3n temprana y la aptitud.<\/p>\n<p>Como <a href=\"https:\/\/www.chengjitoy.com\/es\/categoria-producto\/wholesale-baby-toys\/\"><strong>proveedor de juguetes para beb\u00e9s<\/strong><\/a>, Chengji ofrece juguetes para beb\u00e9s certificados a granel para clientes de todo el mundo. P\u00f3ngase en contacto con nosotros<\/p>\n<h2>Especificaciones de la alfombra de juego para beb\u00e9s 4 en 1<\/h2>\n<table style=\"border-collapse: collapse; width: 343.52pt;\" border=\"0\" width=\"458\" cellspacing=\"0\" cellpadding=\"0\">\n<tbody>\n<tr style=\"height: 19.50pt;\">\n<td class=\"et2\" style=\"height: 19.50pt; width: 133.75pt;\" width=\"178\" height=\"26\">Art\u00edculo No:<\/td>\n<td class=\"et3\" style=\"width: 210.00pt;\" width=\"280\">CJ-3922821<\/td>\n<\/tr>\n<tr style=\"height: 20.25pt;\">\n<td class=\"et4\" style=\"height: 20.25pt; width: 133.75pt;\" width=\"178\" height=\"27\">Paquete:<\/td>\n<td class=\"et5\" style=\"width: 210.00pt;\" width=\"280\">caja de color<\/td>\n<\/tr>\n<tr style=\"height: 19.50pt;\">\n<td class=\"et4\" style=\"height: 19.50pt; width: 133.75pt;\" width=\"178\" height=\"26\">Tama\u00f1o del paquete:<\/td>\n<td class=\"et5\" style=\"width: 210.00pt;\" width=\"280\">43*18*34CM<\/td>\n<\/tr>\n<tr style=\"height: 20.25pt;\">\n<td class=\"et4\" style=\"height: 20.25pt; width: 133.75pt;\" width=\"178\" height=\"27\">Tama\u00f1o de la caja\uff1a<\/td>\n<td class=\"et5\" style=\"width: 210.00pt;\" width=\"280\">76.5*47*71CM<\/td>\n<\/tr>\n<tr style=\"height: 19.50pt;\">\n<td class=\"et4\" style=\"height: 19.50pt; width: 133.75pt;\" width=\"178\" height=\"26\">Cant:<\/td>\n<td class=\"et5\" style=\"width: 210.00pt;\" width=\"280\">8\/PCS<\/td>\n<\/tr>\n<tr style=\"height: 20.25pt;\">\n<td class=\"et4\" style=\"height: 20.25pt; width: 133.75pt;\" width=\"178\" height=\"27\">G.W.\/N.W.:<\/td>\n<td class=\"et5\" style=\"width: 210.00pt;\" width=\"280\">12,2\/10,2 KG<\/td>\n<\/tr>\n<tr style=\"height: 19.50pt;\">\n<td class=\"et4\" style=\"height: 19.50pt; width: 133.75pt;\" width=\"178\" height=\"26\">Medici\u00f3n:<\/td>\n<td class=\"et5\" style=\"width: 210.00pt;\" width=\"280\">0,26 CBM\u2019\/9,01 CUFT\u2019<\/td>\n<\/tr>\n<\/tbody>\n<\/table>","protected":false},"featured_media":9096,"comment_status":"closed","ping_status":"closed","template":"","meta":{"_acf_changed":true},"product_brand":[],"product_cat":[26,30,25,47],"product_tag":[],"class_list":{"0":"post-8545","1":"product","2":"type-product","3":"status-publish","4":"has-post-thumbnail","6":"product_cat-wholesale-toys-for-all-ages","7":"product_cat-wholesale-toys-for-ages-3-and-up","8":"product_cat-wholesale-baby-toys","9":"product_cat-wholesale-baby-beds-and-playmats","11":"first","12":"instock","13":"shipping-taxable","14":"product-type-simple"},"acf":[],"_links":{"self":[{"href":"https:\/\/www.chengjitoy.com\/es\/wp-json\/wp\/v2\/product\/8545","targetHints":{"allow":["GET"]}}],"collection":[{"href":"https:\/\/www.chengjitoy.com\/es\/wp-json\/wp\/v2\/product"}],"about":[{"href":"https:\/\/www.chengjitoy.com\/es\/wp-json\/wp\/v2\/types\/product"}],"replies":[{"embeddable":true,"href":"https:\/\/www.chengjitoy.com\/es\/wp-json\/wp\/v2\/comments?post=8545"}],"wp:featuredmedia":[{"embeddable":true,"href":"https:\/\/www.chengjitoy.com\/es\/wp-json\/wp\/v2\/media\/9096"}],"wp:attachment":[{"href":"https:\/\/www.chengjitoy.com\/es\/wp-json\/wp\/v2\/media?parent=8545"}],"wp:term":[{"taxonomy":"product_brand","embeddable":true,"href":"https:\/\/www.chengjitoy.com\/es\/wp-json\/wp\/v2\/product_brand?post=8545"},{"taxonomy":"product_cat","embeddable":true,"href":"https:\/\/www.chengjitoy.com\/es\/wp-json\/wp\/v2\/product_cat?post=8545"},{"taxonomy":"product_tag","embeddable":true,"href":"https:\/\/www.chengjitoy.com\/es\/wp-json\/wp\/v2\/product_tag?post=8545"}],"curies":[{"name":"wp","href":"https:\/\/api.w.org\/{rel}","templated":true}]}}