{"id":1303,"date":"2025-06-21T09:46:59","date_gmt":"2025-06-21T09:46:59","guid":{"rendered":"https:\/\/www.chengjitoy.com\/?post_type=product&#038;p=1303"},"modified":"2025-06-30T00:45:48","modified_gmt":"2025-06-30T00:45:48","slug":"wholesale-magnetic-building-blocks-set-cj4481018","status":"publish","type":"product","link":"https:\/\/www.chengjitoy.com\/fr\/product\/wholesale-magnetic-building-blocks-set-cj4481018\/","title":{"rendered":"Vente en gros de blocs de construction magn\u00e9tiques, jouets de construction pour enfants, vente en gros et personnalisable"},"content":{"rendered":"<div class=\"wp-block-columns is-layout-flex wp-container-core-columns-is-layout-9d6595d7 wp-block-columns-is-layout-flex\">\n<div class=\"wp-block-column is-layout-flow wp-block-column-is-layout-flow\" style=\"flex-basis:66.66%\">\n<figure class=\"wp-block-image size-full\"><img loading=\"lazy\" decoding=\"async\" width=\"770\" height=\"1610\" src=\"https:\/\/www.chengjitoy.com\/wp-content\/uploads\/2025\/06\/details-of-magnetic-building-block-set-CJ-4481018-1.webp\" alt=\"details of magnetic building block set CJ 4481018 (1)\" class=\"wp-image-1308\" srcset=\"https:\/\/www.chengjitoy.com\/wp-content\/uploads\/2025\/06\/details-of-magnetic-building-block-set-CJ-4481018-1.webp 770w, https:\/\/www.chengjitoy.com\/wp-content\/uploads\/2025\/06\/details-of-magnetic-building-block-set-CJ-4481018-1-143x300.webp 143w, https:\/\/www.chengjitoy.com\/wp-content\/uploads\/2025\/06\/details-of-magnetic-building-block-set-CJ-4481018-1-768x1606.webp 768w, https:\/\/www.chengjitoy.com\/wp-content\/uploads\/2025\/06\/details-of-magnetic-building-block-set-CJ-4481018-1-600x1255.webp 600w\" sizes=\"auto, (max-width: 770px) 100vw, 770px\" \/><\/figure>\n\n\n\n<figure class=\"wp-block-image size-full\"><img loading=\"lazy\" decoding=\"async\" width=\"770\" height=\"2243\" src=\"https:\/\/www.chengjitoy.com\/wp-content\/uploads\/2025\/06\/details-of-magnetic-building-block-set-CJ-4481018-2.webp\" alt=\"details of magnetic building block set CJ 4481018 (2)\" class=\"wp-image-1309\" srcset=\"https:\/\/www.chengjitoy.com\/wp-content\/uploads\/2025\/06\/details-of-magnetic-building-block-set-CJ-4481018-2.webp 770w, https:\/\/www.chengjitoy.com\/wp-content\/uploads\/2025\/06\/details-of-magnetic-building-block-set-CJ-4481018-2-103x300.webp 103w, https:\/\/www.chengjitoy.com\/wp-content\/uploads\/2025\/06\/details-of-magnetic-building-block-set-CJ-4481018-2-768x2237.webp 768w, https:\/\/www.chengjitoy.com\/wp-content\/uploads\/2025\/06\/details-of-magnetic-building-block-set-CJ-4481018-2-600x1748.webp 600w\" sizes=\"auto, (max-width: 770px) 100vw, 770px\" \/><\/figure>\n\n\n\n<figure class=\"wp-block-image size-full\"><img loading=\"lazy\" decoding=\"async\" width=\"770\" height=\"1700\" src=\"https:\/\/www.chengjitoy.com\/wp-content\/uploads\/2025\/06\/details-of-magnetic-building-block-set-CJ-4481018-3.webp\" alt=\"details of magnetic building block set CJ 4481018 (3)\" class=\"wp-image-1310\" srcset=\"https:\/\/www.chengjitoy.com\/wp-content\/uploads\/2025\/06\/details-of-magnetic-building-block-set-CJ-4481018-3.webp 770w, https:\/\/www.chengjitoy.com\/wp-content\/uploads\/2025\/06\/details-of-magnetic-building-block-set-CJ-4481018-3-136x300.webp 136w, https:\/\/www.chengjitoy.com\/wp-content\/uploads\/2025\/06\/details-of-magnetic-building-block-set-CJ-4481018-3-768x1696.webp 768w, https:\/\/www.chengjitoy.com\/wp-content\/uploads\/2025\/06\/details-of-magnetic-building-block-set-CJ-4481018-3-600x1325.webp 600w\" sizes=\"auto, (max-width: 770px) 100vw, 770px\" \/><\/figure>\n\n\n\n<figure class=\"wp-block-image size-full\"><img loading=\"lazy\" decoding=\"async\" width=\"770\" height=\"1606\" src=\"https:\/\/www.chengjitoy.com\/wp-content\/uploads\/2025\/06\/details-of-magnetic-building-block-set-CJ-4481018-4.webp\" alt=\"details of magnetic building block set CJ 4481018 (4)\" class=\"wp-image-1311\" srcset=\"https:\/\/www.chengjitoy.com\/wp-content\/uploads\/2025\/06\/details-of-magnetic-building-block-set-CJ-4481018-4.webp 770w, https:\/\/www.chengjitoy.com\/wp-content\/uploads\/2025\/06\/details-of-magnetic-building-block-set-CJ-4481018-4-144x300.webp 144w, https:\/\/www.chengjitoy.com\/wp-content\/uploads\/2025\/06\/details-of-magnetic-building-block-set-CJ-4481018-4-768x1602.webp 768w, https:\/\/www.chengjitoy.com\/wp-content\/uploads\/2025\/06\/details-of-magnetic-building-block-set-CJ-4481018-4-600x1251.webp 600w\" sizes=\"auto, (max-width: 770px) 100vw, 770px\" \/><\/figure>\n<\/div>\n\n\n\n<div class=\"wp-block-column is-layout-flow wp-block-column-is-layout-flow\"><\/div>\n\n\n\n<div class=\"wp-block-column is-layout-flow wp-block-column-is-layout-flow\"><\/div>\n\n\n\n<div class=\"wp-block-column is-layout-flow wp-block-column-is-layout-flow\" style=\"flex-basis:33.33%\"><\/div>\n<\/div>","protected":false},"excerpt":{"rendered":"<p>L'ensemble de blocs de construction magn\u00e9tiques magiques est une s\u00e9rie de blocs de construction magn\u00e9tiques \u00e9ducatifs de premi\u00e8re qualit\u00e9 qui inspire la cr\u00e9ativit\u00e9 et l'apprentissage pr\u00e9coce par le biais de jeux sur le th\u00e8me de la fantaisie. Chaque ensemble contient plus de 66 tuiles transparentes et de couleur pastel avec des connexions magn\u00e9tiques fortes, permettant aux enfants de construire des ch\u00e2teaux, des animaux, des arcs-en-ciel et bien plus encore. Id\u00e9al pour les commandes en gros, contactez-nous pour un devis.<\/p>\n<h2>Sp\u00e9cifications de l'ensemble de blocs de construction magn\u00e9tiques<\/h2>\n<table style=\"border-collapse: collapse; width: 343.52pt;\" border=\"0\" width=\"458\" cellspacing=\"0\" cellpadding=\"0\">\n<tbody>\n<tr style=\"height: 20.25pt;\">\n<td class=\"et3\" style=\"height: 20.25pt; width: 133.75pt;\" width=\"178\" height=\"27\">Num\u00e9ro d'article :<\/td>\n<td class=\"et4\" style=\"width: 210.00pt;\" width=\"280\">CJ-4481018<\/td>\n<\/tr>\n<tr style=\"height: 19.50pt;\">\n<td class=\"et5\" style=\"height: 19.50pt; width: 133.75pt;\" width=\"178\" height=\"26\">Paquet :<\/td>\n<td class=\"et6\" style=\"width: 210.00pt;\" width=\"280\">bo\u00eete \u00e0 couleurs<\/td>\n<\/tr>\n<tr style=\"height: 19.50pt;\">\n<td class=\"et5\" style=\"height: 19.50pt; width: 133.75pt;\" width=\"178\" height=\"26\">Taille de l'emballage :<\/td>\n<td class=\"et6\" style=\"width: 210.00pt;\" width=\"280\">37,5\u00d77\u00d728 cm<\/td>\n<\/tr>\n<tr style=\"height: 20.25pt;\">\n<td class=\"et5\" style=\"height: 20.25pt; width: 133.75pt;\" width=\"178\" height=\"27\">Taille du carton\uff1a<\/td>\n<td class=\"et6\" style=\"width: 210.00pt;\" width=\"280\">67,5\u00d739,5\u00d763 cm<\/td>\n<\/tr>\n<tr style=\"height: 19.50pt;\">\n<td class=\"et5\" style=\"height: 19.50pt; width: 133.75pt;\" width=\"178\" height=\"26\">Qt\u00e9\/Ctn :<\/td>\n<td class=\"et6\" style=\"width: 210.00pt;\" width=\"280\">18 pi\u00e8ces<\/td>\n<\/tr>\n<tr style=\"height: 20.25pt;\">\n<td class=\"et5\" style=\"height: 20.25pt; width: 133.75pt;\" width=\"178\" height=\"27\">G.W.\/N.W. :<\/td>\n<td class=\"et6\" style=\"width: 210.00pt;\" width=\"280\">18,8 \/ 16 kg<\/td>\n<\/tr>\n<tr style=\"height: 19.50pt;\">\n<td class=\"et5\" style=\"height: 19.50pt; width: 133.75pt;\" width=\"178\" height=\"26\">Mesure :<\/td>\n<td class=\"et6\" style=\"width: 210.00pt;\" width=\"280\">0,17 cbm \/ 5,93 cuft<\/td>\n<\/tr>\n<\/tbody>\n<\/table>","protected":false},"featured_media":1312,"comment_status":"closed","ping_status":"closed","template":"","meta":{"_acf_changed":true},"product_brand":[],"product_cat":[26,30,41,24],"product_tag":[],"class_list":{"0":"post-1303","1":"product","2":"type-product","3":"status-publish","4":"has-post-thumbnail","6":"product_cat-wholesale-toys-for-all-ages","7":"product_cat-wholesale-toys-for-ages-3-and-up","8":"product_cat-wholesale-blocks-and-puzzles","9":"product_cat-wholesale-educational-toys","11":"first","12":"instock","13":"shipping-taxable","14":"product-type-simple"},"acf":[],"_links":{"self":[{"href":"https:\/\/www.chengjitoy.com\/fr\/wp-json\/wp\/v2\/product\/1303","targetHints":{"allow":["GET"]}}],"collection":[{"href":"https:\/\/www.chengjitoy.com\/fr\/wp-json\/wp\/v2\/product"}],"about":[{"href":"https:\/\/www.chengjitoy.com\/fr\/wp-json\/wp\/v2\/types\/product"}],"replies":[{"embeddable":true,"href":"https:\/\/www.chengjitoy.com\/fr\/wp-json\/wp\/v2\/comments?post=1303"}],"wp:featuredmedia":[{"embeddable":true,"href":"https:\/\/www.chengjitoy.com\/fr\/wp-json\/wp\/v2\/media\/1312"}],"wp:attachment":[{"href":"https:\/\/www.chengjitoy.com\/fr\/wp-json\/wp\/v2\/media?parent=1303"}],"wp:term":[{"taxonomy":"product_brand","embeddable":true,"href":"https:\/\/www.chengjitoy.com\/fr\/wp-json\/wp\/v2\/product_brand?post=1303"},{"taxonomy":"product_cat","embeddable":true,"href":"https:\/\/www.chengjitoy.com\/fr\/wp-json\/wp\/v2\/product_cat?post=1303"},{"taxonomy":"product_tag","embeddable":true,"href":"https:\/\/www.chengjitoy.com\/fr\/wp-json\/wp\/v2\/product_tag?post=1303"}],"curies":[{"name":"wp","href":"https:\/\/api.w.org\/{rel}","templated":true}]}}