{"id":1380,"date":"2025-06-22T13:59:36","date_gmt":"2025-06-22T13:59:36","guid":{"rendered":"https:\/\/www.chengjitoy.com\/?post_type=product&#038;p=1380"},"modified":"2025-06-30T00:44:22","modified_gmt":"2025-06-30T00:44:22","slug":"wholesale-car-wash-toy-set-cj4526045","status":"publish","type":"product","link":"https:\/\/www.chengjitoy.com\/fr\/product\/wholesale-car-wash-toy-set-cj4526045\/","title":{"rendered":"Jeux de lavage de voitures en gros, \u00e9quip\u00e9s d'un syst\u00e8me de pulv\u00e9risation d'eau manuel et d'une voiture jouet en alliage"},"content":{"rendered":"<div class=\"wp-block-columns is-layout-flex wp-container-core-columns-is-layout-9d6595d7 wp-block-columns-is-layout-flex\">\n<div class=\"wp-block-column is-layout-flow wp-block-column-is-layout-flow\" style=\"flex-basis:66.66%\">\n<figure class=\"wp-block-image size-full\"><img loading=\"lazy\" decoding=\"async\" width=\"770\" height=\"1384\" src=\"https:\/\/www.chengjitoy.com\/wp-content\/uploads\/2025\/06\/details-of-car-wash-toy-set-1.webp\" alt=\"details of car wash toy set (1)\" class=\"wp-image-1381\" srcset=\"https:\/\/www.chengjitoy.com\/wp-content\/uploads\/2025\/06\/details-of-car-wash-toy-set-1.webp 770w, https:\/\/www.chengjitoy.com\/wp-content\/uploads\/2025\/06\/details-of-car-wash-toy-set-1-167x300.webp 167w, https:\/\/www.chengjitoy.com\/wp-content\/uploads\/2025\/06\/details-of-car-wash-toy-set-1-768x1380.webp 768w, https:\/\/www.chengjitoy.com\/wp-content\/uploads\/2025\/06\/details-of-car-wash-toy-set-1-600x1078.webp 600w\" sizes=\"auto, (max-width: 770px) 100vw, 770px\" \/><\/figure>\n\n\n\n<figure class=\"wp-block-image size-full\"><img loading=\"lazy\" decoding=\"async\" width=\"770\" height=\"825\" src=\"https:\/\/www.chengjitoy.com\/wp-content\/uploads\/2025\/06\/details-of-car-wash-toy-set-2.webp\" alt=\"details of car wash toy set (2)\" class=\"wp-image-1382\" srcset=\"https:\/\/www.chengjitoy.com\/wp-content\/uploads\/2025\/06\/details-of-car-wash-toy-set-2.webp 770w, https:\/\/www.chengjitoy.com\/wp-content\/uploads\/2025\/06\/details-of-car-wash-toy-set-2-280x300.webp 280w, https:\/\/www.chengjitoy.com\/wp-content\/uploads\/2025\/06\/details-of-car-wash-toy-set-2-768x823.webp 768w, https:\/\/www.chengjitoy.com\/wp-content\/uploads\/2025\/06\/details-of-car-wash-toy-set-2-600x643.webp 600w\" sizes=\"auto, (max-width: 770px) 100vw, 770px\" \/><\/figure>\n\n\n\n<figure class=\"wp-block-image size-full\"><img loading=\"lazy\" decoding=\"async\" width=\"770\" height=\"1487\" src=\"https:\/\/www.chengjitoy.com\/wp-content\/uploads\/2025\/06\/details-of-car-wash-toy-set-3.webp\" alt=\"details of car wash toy set (3)\" class=\"wp-image-1383\" srcset=\"https:\/\/www.chengjitoy.com\/wp-content\/uploads\/2025\/06\/details-of-car-wash-toy-set-3.webp 770w, https:\/\/www.chengjitoy.com\/wp-content\/uploads\/2025\/06\/details-of-car-wash-toy-set-3-155x300.webp 155w, https:\/\/www.chengjitoy.com\/wp-content\/uploads\/2025\/06\/details-of-car-wash-toy-set-3-768x1483.webp 768w, https:\/\/www.chengjitoy.com\/wp-content\/uploads\/2025\/06\/details-of-car-wash-toy-set-3-600x1159.webp 600w\" sizes=\"auto, (max-width: 770px) 100vw, 770px\" \/><\/figure>\n\n\n\n<figure class=\"wp-block-image size-full\"><img loading=\"lazy\" decoding=\"async\" width=\"770\" height=\"1532\" src=\"https:\/\/www.chengjitoy.com\/wp-content\/uploads\/2025\/06\/details-of-car-wash-toy-set-4.webp\" alt=\"details of car wash toy set (4)\" class=\"wp-image-1384\" srcset=\"https:\/\/www.chengjitoy.com\/wp-content\/uploads\/2025\/06\/details-of-car-wash-toy-set-4.webp 770w, https:\/\/www.chengjitoy.com\/wp-content\/uploads\/2025\/06\/details-of-car-wash-toy-set-4-151x300.webp 151w, https:\/\/www.chengjitoy.com\/wp-content\/uploads\/2025\/06\/details-of-car-wash-toy-set-4-768x1528.webp 768w, https:\/\/www.chengjitoy.com\/wp-content\/uploads\/2025\/06\/details-of-car-wash-toy-set-4-600x1194.webp 600w\" sizes=\"auto, (max-width: 770px) 100vw, 770px\" \/><\/figure>\n\n\n\n<figure class=\"wp-block-image size-full\"><img loading=\"lazy\" decoding=\"async\" width=\"770\" height=\"1497\" src=\"https:\/\/www.chengjitoy.com\/wp-content\/uploads\/2025\/06\/details-of-car-wash-toy-set-5.webp\" alt=\"details of car wash toy set (5)\" class=\"wp-image-1385\" srcset=\"https:\/\/www.chengjitoy.com\/wp-content\/uploads\/2025\/06\/details-of-car-wash-toy-set-5.webp 770w, https:\/\/www.chengjitoy.com\/wp-content\/uploads\/2025\/06\/details-of-car-wash-toy-set-5-154x300.webp 154w, https:\/\/www.chengjitoy.com\/wp-content\/uploads\/2025\/06\/details-of-car-wash-toy-set-5-768x1493.webp 768w, https:\/\/www.chengjitoy.com\/wp-content\/uploads\/2025\/06\/details-of-car-wash-toy-set-5-600x1166.webp 600w\" sizes=\"auto, (max-width: 770px) 100vw, 770px\" \/><\/figure>\n\n\n\n<figure class=\"wp-block-image size-full\"><img loading=\"lazy\" decoding=\"async\" width=\"770\" height=\"1221\" src=\"https:\/\/www.chengjitoy.com\/wp-content\/uploads\/2025\/06\/details-of-car-wash-toy-set-6.webp\" alt=\"details of car wash toy set (6)\" class=\"wp-image-1386\" srcset=\"https:\/\/www.chengjitoy.com\/wp-content\/uploads\/2025\/06\/details-of-car-wash-toy-set-6.webp 770w, https:\/\/www.chengjitoy.com\/wp-content\/uploads\/2025\/06\/details-of-car-wash-toy-set-6-189x300.webp 189w, https:\/\/www.chengjitoy.com\/wp-content\/uploads\/2025\/06\/details-of-car-wash-toy-set-6-768x1218.webp 768w, https:\/\/www.chengjitoy.com\/wp-content\/uploads\/2025\/06\/details-of-car-wash-toy-set-6-600x951.webp 600w\" sizes=\"auto, (max-width: 770px) 100vw, 770px\" \/><\/figure>\n\n\n\n<figure class=\"wp-block-image size-full\"><img loading=\"lazy\" decoding=\"async\" width=\"770\" height=\"641\" src=\"https:\/\/www.chengjitoy.com\/wp-content\/uploads\/2025\/06\/details-of-car-wash-toy-set-7.webp\" alt=\"details of car wash toy set (7)\" class=\"wp-image-1387\" srcset=\"https:\/\/www.chengjitoy.com\/wp-content\/uploads\/2025\/06\/details-of-car-wash-toy-set-7.webp 770w, https:\/\/www.chengjitoy.com\/wp-content\/uploads\/2025\/06\/details-of-car-wash-toy-set-7-300x250.webp 300w, https:\/\/www.chengjitoy.com\/wp-content\/uploads\/2025\/06\/details-of-car-wash-toy-set-7-768x639.webp 768w, https:\/\/www.chengjitoy.com\/wp-content\/uploads\/2025\/06\/details-of-car-wash-toy-set-7-600x499.webp 600w\" sizes=\"auto, (max-width: 770px) 100vw, 770px\" \/><\/figure>\n\n\n\n<figure class=\"wp-block-image size-full\"><img loading=\"lazy\" decoding=\"async\" width=\"770\" height=\"1314\" src=\"https:\/\/www.chengjitoy.com\/wp-content\/uploads\/2025\/06\/details-of-car-wash-toy-set-8.webp\" alt=\"details of car wash toy set (8)\" class=\"wp-image-1388\" srcset=\"https:\/\/www.chengjitoy.com\/wp-content\/uploads\/2025\/06\/details-of-car-wash-toy-set-8.webp 770w, https:\/\/www.chengjitoy.com\/wp-content\/uploads\/2025\/06\/details-of-car-wash-toy-set-8-176x300.webp 176w, https:\/\/www.chengjitoy.com\/wp-content\/uploads\/2025\/06\/details-of-car-wash-toy-set-8-768x1311.webp 768w, https:\/\/www.chengjitoy.com\/wp-content\/uploads\/2025\/06\/details-of-car-wash-toy-set-8-600x1024.webp 600w\" sizes=\"auto, (max-width: 770px) 100vw, 770px\" \/><\/figure>\n<\/div>\n\n\n\n<div class=\"wp-block-column is-layout-flow wp-block-column-is-layout-flow\" style=\"flex-basis:33.33%\"><\/div>\n<\/div>","protected":false},"excerpt":{"rendered":"<p>Cet ensemble de jouets de lavage de voitures peut enrichir votre ligne de produits de jouets en gros et au d\u00e9tail. L'ensemble comprend une station de lavage r\u00e9aliste avec une brosse rotative, un syst\u00e8me de pulv\u00e9risation d'eau manuel et des voitures en alliage qui changent de couleur en fonction de la temp\u00e9rature. 28 kits d'extension DIY sont disponibles, tels que des panneaux de signalisation et des \u00e9tiquettes de service suppl\u00e9mentaires pour am\u00e9liorer le r\u00e9alisme du jeu de r\u00f4le et de la narration cr\u00e9ative. Nous prenons en charge la personnalisation OEM et les commandes en gros, contactez-nous pour un devis.<\/p>\n<h2>Sp\u00e9cifications de l'ensemble de jouets de lavage de voitures<\/h2>\n<table style=\"border-collapse: collapse; width: 343.52pt;\" border=\"0\" width=\"458\" cellspacing=\"0\" cellpadding=\"0\">\n<tbody>\n<tr style=\"height: 21.00pt;\">\n<td class=\"et2\" style=\"height: 21.00pt; width: 133.75pt;\" width=\"178\" height=\"28\">Num\u00e9ro d'article :<\/td>\n<td class=\"et3\" style=\"width: 210.00pt;\" width=\"280\">CJ-4526045<\/td>\n<\/tr>\n<tr style=\"height: 21.00pt;\">\n<td class=\"et4\" style=\"height: 21.00pt; width: 133.75pt;\" width=\"178\" height=\"28\">Paquet :<\/td>\n<td class=\"et5\" style=\"width: 210.00pt;\" width=\"280\">BO\u00ceTE DE FEN\u00caTRE<\/td>\n<\/tr>\n<tr style=\"height: 21.00pt;\">\n<td class=\"et4\" style=\"height: 21.00pt; width: 133.75pt;\" width=\"178\" height=\"28\">Taille de l'emballage :<\/td>\n<td class=\"et5\" style=\"width: 210.00pt;\" width=\"280\">29\u00d79\u00d720 cm<\/td>\n<\/tr>\n<tr style=\"height: 21.00pt;\">\n<td class=\"et4\" style=\"height: 21.00pt; width: 133.75pt;\" width=\"178\" height=\"28\">Taille du carton\uff1a<\/td>\n<td class=\"et5\" style=\"width: 210.00pt;\" width=\"280\">90,5\u00d743\u00d778 cm<\/td>\n<\/tr>\n<tr style=\"height: 21.00pt;\">\n<td class=\"et4\" style=\"height: 21.00pt; width: 133.75pt;\" width=\"178\" height=\"28\">Qt\u00e9\/Ctn :<\/td>\n<td class=\"et5\" style=\"width: 210.00pt;\" width=\"280\">48 pi\u00e8ces<\/td>\n<\/tr>\n<tr style=\"height: 21.00pt;\">\n<td class=\"et4\" style=\"height: 21.00pt; width: 133.75pt;\" width=\"178\" height=\"28\">G.W.\/N.W. :<\/td>\n<td class=\"et5\" style=\"width: 210.00pt;\" width=\"280\">28,9 \/ 25,3 kg<\/td>\n<\/tr>\n<tr style=\"height: 21.00pt;\">\n<td class=\"et4\" style=\"height: 21.00pt; width: 133.75pt;\" width=\"178\" height=\"28\">Mesure :<\/td>\n<td class=\"et5\" style=\"width: 210.00pt;\" width=\"280\">0,3 cbm \/ 10,71 cuft<\/td>\n<\/tr>\n<\/tbody>\n<\/table>","protected":false},"featured_media":1389,"comment_status":"closed","ping_status":"closed","template":"","meta":{"_acf_changed":false},"product_brand":[],"product_cat":[26,31,94],"product_tag":[],"class_list":{"0":"post-1380","1":"product","2":"type-product","3":"status-publish","4":"has-post-thumbnail","6":"product_cat-wholesale-toys-for-all-ages","7":"product_cat-wholesale-toys-for-ages-5-and-up","8":"product_cat-wholesale-track-toy-set","10":"first","11":"instock","12":"shipping-taxable","13":"product-type-simple"},"acf":[],"_links":{"self":[{"href":"https:\/\/www.chengjitoy.com\/fr\/wp-json\/wp\/v2\/product\/1380","targetHints":{"allow":["GET"]}}],"collection":[{"href":"https:\/\/www.chengjitoy.com\/fr\/wp-json\/wp\/v2\/product"}],"about":[{"href":"https:\/\/www.chengjitoy.com\/fr\/wp-json\/wp\/v2\/types\/product"}],"replies":[{"embeddable":true,"href":"https:\/\/www.chengjitoy.com\/fr\/wp-json\/wp\/v2\/comments?post=1380"}],"wp:featuredmedia":[{"embeddable":true,"href":"https:\/\/www.chengjitoy.com\/fr\/wp-json\/wp\/v2\/media\/1389"}],"wp:attachment":[{"href":"https:\/\/www.chengjitoy.com\/fr\/wp-json\/wp\/v2\/media?parent=1380"}],"wp:term":[{"taxonomy":"product_brand","embeddable":true,"href":"https:\/\/www.chengjitoy.com\/fr\/wp-json\/wp\/v2\/product_brand?post=1380"},{"taxonomy":"product_cat","embeddable":true,"href":"https:\/\/www.chengjitoy.com\/fr\/wp-json\/wp\/v2\/product_cat?post=1380"},{"taxonomy":"product_tag","embeddable":true,"href":"https:\/\/www.chengjitoy.com\/fr\/wp-json\/wp\/v2\/product_tag?post=1380"}],"curies":[{"name":"wp","href":"https:\/\/api.w.org\/{rel}","templated":true}]}}