{"id":1489,"date":"2025-06-24T01:27:32","date_gmt":"2025-06-24T01:27:32","guid":{"rendered":"https:\/\/www.chengjitoy.com\/?post_type=product&#038;p=1489"},"modified":"2025-06-30T10:24:17","modified_gmt":"2025-06-30T10:24:17","slug":"wholesale-smart-card-reading-robot-toy-cj4540801","status":"publish","type":"product","link":"https:\/\/www.chengjitoy.com\/fr\/product\/wholesale-smart-card-reading-robot-toy-cj4540801\/","title":{"rendered":"Wholesale Smart Card-Reading Robot Toys - Combine les fonctions de lecture de cartes, de t\u00e9l\u00e9commande et d'enregistrement de la voix"},"content":{"rendered":"<div class=\"wp-block-columns is-layout-flex wp-container-core-columns-is-layout-9d6595d7 wp-block-columns-is-layout-flex\">\n<div class=\"wp-block-column is-layout-flow wp-block-column-is-layout-flow\" style=\"flex-basis:66.66%\">\n<figure class=\"wp-block-image size-full\"><img loading=\"lazy\" decoding=\"async\" width=\"770\" height=\"1143\" src=\"https:\/\/www.chengjitoy.com\/wp-content\/uploads\/2025\/06\/details-of-smart-card-reading-robot-toy-1.webp\" alt=\"d\u00e9tails du jouet robot lecteur de cartes \u00e0 puce (1)\" class=\"wp-image-1504\" srcset=\"https:\/\/www.chengjitoy.com\/wp-content\/uploads\/2025\/06\/details-of-smart-card-reading-robot-toy-1.webp 770w, https:\/\/www.chengjitoy.com\/wp-content\/uploads\/2025\/06\/details-of-smart-card-reading-robot-toy-1-202x300.webp 202w, https:\/\/www.chengjitoy.com\/wp-content\/uploads\/2025\/06\/details-of-smart-card-reading-robot-toy-1-768x1140.webp 768w, https:\/\/www.chengjitoy.com\/wp-content\/uploads\/2025\/06\/details-of-smart-card-reading-robot-toy-1-600x891.webp 600w\" sizes=\"auto, (max-width: 770px) 100vw, 770px\" \/><\/figure>\n\n\n\n<figure class=\"wp-block-image size-full\"><img loading=\"lazy\" decoding=\"async\" width=\"770\" height=\"513\" src=\"https:\/\/www.chengjitoy.com\/wp-content\/uploads\/2025\/06\/details-of-smart-card-reading-robot-toy-2.webp\" alt=\"d\u00e9tails du jouet robot lecteur de cartes \u00e0 puce (2)\" class=\"wp-image-1505\" srcset=\"https:\/\/www.chengjitoy.com\/wp-content\/uploads\/2025\/06\/details-of-smart-card-reading-robot-toy-2.webp 770w, https:\/\/www.chengjitoy.com\/wp-content\/uploads\/2025\/06\/details-of-smart-card-reading-robot-toy-2-300x200.webp 300w, https:\/\/www.chengjitoy.com\/wp-content\/uploads\/2025\/06\/details-of-smart-card-reading-robot-toy-2-768x512.webp 768w, https:\/\/www.chengjitoy.com\/wp-content\/uploads\/2025\/06\/details-of-smart-card-reading-robot-toy-2-600x400.webp 600w\" sizes=\"auto, (max-width: 770px) 100vw, 770px\" \/><\/figure>\n\n\n\n<figure class=\"wp-block-image size-full\"><img loading=\"lazy\" decoding=\"async\" width=\"770\" height=\"1176\" src=\"https:\/\/www.chengjitoy.com\/wp-content\/uploads\/2025\/06\/details-of-smart-card-reading-robot-toy-3.webp\" alt=\"d\u00e9tails du jouet robot lecteur de cartes \u00e0 puce (3)\" class=\"wp-image-1506\" srcset=\"https:\/\/www.chengjitoy.com\/wp-content\/uploads\/2025\/06\/details-of-smart-card-reading-robot-toy-3.webp 770w, https:\/\/www.chengjitoy.com\/wp-content\/uploads\/2025\/06\/details-of-smart-card-reading-robot-toy-3-196x300.webp 196w, https:\/\/www.chengjitoy.com\/wp-content\/uploads\/2025\/06\/details-of-smart-card-reading-robot-toy-3-768x1173.webp 768w, https:\/\/www.chengjitoy.com\/wp-content\/uploads\/2025\/06\/details-of-smart-card-reading-robot-toy-3-600x916.webp 600w\" sizes=\"auto, (max-width: 770px) 100vw, 770px\" \/><\/figure>\n\n\n\n<figure class=\"wp-block-image size-full\"><img loading=\"lazy\" decoding=\"async\" width=\"770\" height=\"1325\" src=\"https:\/\/www.chengjitoy.com\/wp-content\/uploads\/2025\/06\/details-of-smart-card-reading-robot-toy-4.webp\" alt=\"d\u00e9tails du jouet robot lecteur de cartes \u00e0 puce (4)\" class=\"wp-image-1507\" srcset=\"https:\/\/www.chengjitoy.com\/wp-content\/uploads\/2025\/06\/details-of-smart-card-reading-robot-toy-4.webp 770w, https:\/\/www.chengjitoy.com\/wp-content\/uploads\/2025\/06\/details-of-smart-card-reading-robot-toy-4-174x300.webp 174w, https:\/\/www.chengjitoy.com\/wp-content\/uploads\/2025\/06\/details-of-smart-card-reading-robot-toy-4-768x1322.webp 768w, https:\/\/www.chengjitoy.com\/wp-content\/uploads\/2025\/06\/details-of-smart-card-reading-robot-toy-4-600x1032.webp 600w\" sizes=\"auto, (max-width: 770px) 100vw, 770px\" \/><\/figure>\n\n\n\n<figure class=\"wp-block-image size-full\"><img loading=\"lazy\" decoding=\"async\" width=\"770\" height=\"1242\" src=\"https:\/\/www.chengjitoy.com\/wp-content\/uploads\/2025\/06\/details-of-smart-card-reading-robot-toy-5.webp\" alt=\"d\u00e9tails du jouet robot lecteur de cartes \u00e0 puce (5)\" class=\"wp-image-1508\" srcset=\"https:\/\/www.chengjitoy.com\/wp-content\/uploads\/2025\/06\/details-of-smart-card-reading-robot-toy-5.webp 770w, https:\/\/www.chengjitoy.com\/wp-content\/uploads\/2025\/06\/details-of-smart-card-reading-robot-toy-5-186x300.webp 186w, https:\/\/www.chengjitoy.com\/wp-content\/uploads\/2025\/06\/details-of-smart-card-reading-robot-toy-5-768x1239.webp 768w, https:\/\/www.chengjitoy.com\/wp-content\/uploads\/2025\/06\/details-of-smart-card-reading-robot-toy-5-600x968.webp 600w\" sizes=\"auto, (max-width: 770px) 100vw, 770px\" \/><\/figure>\n\n\n\n<figure class=\"wp-block-image size-full\"><img loading=\"lazy\" decoding=\"async\" width=\"770\" height=\"1451\" src=\"https:\/\/www.chengjitoy.com\/wp-content\/uploads\/2025\/06\/details-of-smart-card-reading-robot-toy-6.webp\" alt=\"d\u00e9tails du jouet robot lecteur de cartes \u00e0 puce (6)\" class=\"wp-image-1509\" srcset=\"https:\/\/www.chengjitoy.com\/wp-content\/uploads\/2025\/06\/details-of-smart-card-reading-robot-toy-6.webp 770w, https:\/\/www.chengjitoy.com\/wp-content\/uploads\/2025\/06\/details-of-smart-card-reading-robot-toy-6-159x300.webp 159w, https:\/\/www.chengjitoy.com\/wp-content\/uploads\/2025\/06\/details-of-smart-card-reading-robot-toy-6-768x1447.webp 768w, https:\/\/www.chengjitoy.com\/wp-content\/uploads\/2025\/06\/details-of-smart-card-reading-robot-toy-6-600x1131.webp 600w\" sizes=\"auto, (max-width: 770px) 100vw, 770px\" \/><\/figure>\n\n\n\n<figure class=\"wp-block-image size-full\"><img loading=\"lazy\" decoding=\"async\" width=\"770\" height=\"1239\" src=\"https:\/\/www.chengjitoy.com\/wp-content\/uploads\/2025\/06\/details-of-smart-card-reading-robot-toy-7.webp\" alt=\"d\u00e9tails du jouet robot lecteur de cartes \u00e0 puce (7)\" class=\"wp-image-1510\" srcset=\"https:\/\/www.chengjitoy.com\/wp-content\/uploads\/2025\/06\/details-of-smart-card-reading-robot-toy-7.webp 770w, https:\/\/www.chengjitoy.com\/wp-content\/uploads\/2025\/06\/details-of-smart-card-reading-robot-toy-7-186x300.webp 186w, https:\/\/www.chengjitoy.com\/wp-content\/uploads\/2025\/06\/details-of-smart-card-reading-robot-toy-7-768x1236.webp 768w, https:\/\/www.chengjitoy.com\/wp-content\/uploads\/2025\/06\/details-of-smart-card-reading-robot-toy-7-600x965.webp 600w\" sizes=\"auto, (max-width: 770px) 100vw, 770px\" \/><\/figure>\n\n\n\n<figure class=\"wp-block-image size-full\"><img loading=\"lazy\" decoding=\"async\" width=\"770\" height=\"775\" src=\"https:\/\/www.chengjitoy.com\/wp-content\/uploads\/2025\/06\/details-of-smart-card-reading-robot-toy-8.webp\" alt=\"d\u00e9tails du jouet robot lecteur de cartes \u00e0 puce (8)\" class=\"wp-image-1511\" srcset=\"https:\/\/www.chengjitoy.com\/wp-content\/uploads\/2025\/06\/details-of-smart-card-reading-robot-toy-8.webp 770w, https:\/\/www.chengjitoy.com\/wp-content\/uploads\/2025\/06\/details-of-smart-card-reading-robot-toy-8-298x300.webp 298w, https:\/\/www.chengjitoy.com\/wp-content\/uploads\/2025\/06\/details-of-smart-card-reading-robot-toy-8-150x150.webp 150w, https:\/\/www.chengjitoy.com\/wp-content\/uploads\/2025\/06\/details-of-smart-card-reading-robot-toy-8-768x773.webp 768w, https:\/\/www.chengjitoy.com\/wp-content\/uploads\/2025\/06\/details-of-smart-card-reading-robot-toy-8-600x604.webp 600w, https:\/\/www.chengjitoy.com\/wp-content\/uploads\/2025\/06\/details-of-smart-card-reading-robot-toy-8-100x100.webp 100w\" sizes=\"auto, (max-width: 770px) 100vw, 770px\" \/><\/figure>\n\n\n\n<figure class=\"wp-block-image size-full\"><img loading=\"lazy\" decoding=\"async\" width=\"770\" height=\"1421\" src=\"https:\/\/www.chengjitoy.com\/wp-content\/uploads\/2025\/06\/details-of-smart-card-reading-robot-toy-9.webp\" alt=\"d\u00e9tails du jouet robot lecteur de cartes \u00e0 puce (9)\" class=\"wp-image-1512\" srcset=\"https:\/\/www.chengjitoy.com\/wp-content\/uploads\/2025\/06\/details-of-smart-card-reading-robot-toy-9.webp 770w, https:\/\/www.chengjitoy.com\/wp-content\/uploads\/2025\/06\/details-of-smart-card-reading-robot-toy-9-163x300.webp 163w, https:\/\/www.chengjitoy.com\/wp-content\/uploads\/2025\/06\/details-of-smart-card-reading-robot-toy-9-768x1417.webp 768w, https:\/\/www.chengjitoy.com\/wp-content\/uploads\/2025\/06\/details-of-smart-card-reading-robot-toy-9-600x1107.webp 600w\" sizes=\"auto, (max-width: 770px) 100vw, 770px\" \/><\/figure>\n<\/div>\n\n\n\n<div class=\"wp-block-column is-layout-flow wp-block-column-is-layout-flow\" style=\"flex-basis:33.33%\"><\/div>\n<\/div>","protected":false},"excerpt":{"rendered":"<p>Wholesale Robot Toys, \u00e9largissez votre gamme de jouets \u00e9ducatifs avec le Smart Card-Reading Robot Toy. Ce robot-jouet combine la reconnaissance de cartes, la t\u00e9l\u00e9commande et les fonctions d'enregistrement de la voix pour offrir une excellente valeur \u00e9ducative et divertissante. Fourni dans un emballage de qualit\u00e9 sup\u00e9rieure et fiable, il convient comme cadeau d'anniversaire ou de vacances. Contactez-nous pour des achats en gros et b\u00e9n\u00e9ficiez de prix directs d'usine tr\u00e8s comp\u00e9titifs.<\/p>\n<h2>Sp\u00e9cifications du jouet robot lisant les cartes intelligentes<\/h2>\n<table style=\"border-collapse: collapse; width: 343.52pt;\" border=\"0\" width=\"458\" cellspacing=\"0\" cellpadding=\"0\">\n<tbody>\n<tr style=\"height: 20.25pt;\">\n<td class=\"et3\" style=\"height: 20.25pt; width: 133.75pt;\" width=\"178\" height=\"27\">Num\u00e9ro d'article :<\/td>\n<td class=\"et4\" style=\"width: 210.00pt;\" width=\"280\">CJ-4540801<\/td>\n<\/tr>\n<tr style=\"height: 19.50pt;\">\n<td class=\"et5\" style=\"height: 19.50pt; width: 133.75pt;\" width=\"178\" height=\"26\">Paquet :<\/td>\n<td class=\"et6\" style=\"width: 210.00pt;\" width=\"280\">bo\u00eete \u00e0 couleurs<\/td>\n<\/tr>\n<tr style=\"height: 20.25pt;\">\n<td class=\"et5\" style=\"height: 20.25pt; width: 133.75pt;\" width=\"178\" height=\"27\">Taille de l'emballage :<\/td>\n<td class=\"et6\" style=\"width: 210.00pt;\" width=\"280\">30,6\u00d713,2\u00d724,5 cm<\/td>\n<\/tr>\n<tr style=\"height: 19.50pt;\">\n<td class=\"et5\" style=\"height: 19.50pt; width: 133.75pt;\" width=\"178\" height=\"26\">Taille du carton\uff1a<\/td>\n<td class=\"et6\" style=\"width: 210.00pt;\" width=\"280\">55\u00d732\u00d751,5 cm<\/td>\n<\/tr>\n<tr style=\"height: 20.25pt;\">\n<td class=\"et5\" style=\"height: 20.25pt; width: 133.75pt;\" width=\"178\" height=\"27\">Qt\u00e9\/Ctn :<\/td>\n<td class=\"et6\" style=\"width: 210.00pt;\" width=\"280\">8 pi\u00e8ces<\/td>\n<\/tr>\n<tr style=\"height: 19.50pt;\">\n<td class=\"et5\" style=\"height: 19.50pt; width: 133.75pt;\" width=\"178\" height=\"26\">G.W.\/N.W. :<\/td>\n<td class=\"et6\" style=\"width: 210.00pt;\" width=\"280\">10,7 \/ 8,696 kg<\/td>\n<\/tr>\n<tr style=\"height: 20.25pt;\">\n<td class=\"et5\" style=\"height: 20.25pt; width: 133.75pt;\" width=\"178\" height=\"27\">Mesure :<\/td>\n<td class=\"et6\" style=\"width: 210.00pt;\" width=\"280\">0,09 cbm \/ 3,2 cuft<\/td>\n<\/tr>\n<\/tbody>\n<\/table>","protected":false},"featured_media":1490,"comment_status":"closed","ping_status":"closed","template":"","meta":{"_acf_changed":false},"product_brand":[],"product_cat":[26,31,102,98],"product_tag":[],"class_list":{"0":"post-1489","1":"product","2":"type-product","3":"status-publish","4":"has-post-thumbnail","6":"product_cat-wholesale-toys-for-all-ages","7":"product_cat-wholesale-toys-for-ages-5-and-up","8":"product_cat-wholesale-ai-robot-toys","9":"product_cat-wholesale-robot-toys","11":"first","12":"instock","13":"shipping-taxable","14":"product-type-simple"},"acf":[],"_links":{"self":[{"href":"https:\/\/www.chengjitoy.com\/fr\/wp-json\/wp\/v2\/product\/1489","targetHints":{"allow":["GET"]}}],"collection":[{"href":"https:\/\/www.chengjitoy.com\/fr\/wp-json\/wp\/v2\/product"}],"about":[{"href":"https:\/\/www.chengjitoy.com\/fr\/wp-json\/wp\/v2\/types\/product"}],"replies":[{"embeddable":true,"href":"https:\/\/www.chengjitoy.com\/fr\/wp-json\/wp\/v2\/comments?post=1489"}],"wp:featuredmedia":[{"embeddable":true,"href":"https:\/\/www.chengjitoy.com\/fr\/wp-json\/wp\/v2\/media\/1490"}],"wp:attachment":[{"href":"https:\/\/www.chengjitoy.com\/fr\/wp-json\/wp\/v2\/media?parent=1489"}],"wp:term":[{"taxonomy":"product_brand","embeddable":true,"href":"https:\/\/www.chengjitoy.com\/fr\/wp-json\/wp\/v2\/product_brand?post=1489"},{"taxonomy":"product_cat","embeddable":true,"href":"https:\/\/www.chengjitoy.com\/fr\/wp-json\/wp\/v2\/product_cat?post=1489"},{"taxonomy":"product_tag","embeddable":true,"href":"https:\/\/www.chengjitoy.com\/fr\/wp-json\/wp\/v2\/product_tag?post=1489"}],"curies":[{"name":"wp","href":"https:\/\/api.w.org\/{rel}","templated":true}]}}