{"id":1550,"date":"2025-06-24T03:57:56","date_gmt":"2025-06-24T03:57:56","guid":{"rendered":"https:\/\/www.chengjitoy.com\/?post_type=product&#038;p=1550"},"modified":"2025-06-30T00:40:19","modified_gmt":"2025-06-30T00:40:19","slug":"wholesale-multifunctional-baby-soothing-doll-cj4855584","status":"publish","type":"product","link":"https:\/\/www.chengjitoy.com\/fr\/product\/wholesale-multifunctional-baby-soothing-doll-cj4855584\/","title":{"rendered":"Poup\u00e9es apaisantes multifonctionnelles pour b\u00e9b\u00e9s - avec capteur de pleurs intelligent, musique apaisante pour r\u00e9conforter votre b\u00e9b\u00e9"},"content":{"rendered":"<div class=\"wp-block-columns is-layout-flex wp-container-core-columns-is-layout-9d6595d7 wp-block-columns-is-layout-flex\">\n<div class=\"wp-block-column is-layout-flow wp-block-column-is-layout-flow\" style=\"flex-basis:66.66%\">\n<figure class=\"wp-block-image size-full\"><img loading=\"lazy\" decoding=\"async\" width=\"770\" height=\"1158\" src=\"https:\/\/www.chengjitoy.com\/wp-content\/uploads\/2025\/06\/details-of-multifunctional-baby-soothing-doll-1.webp\" alt=\"d\u00e9tails de la poup\u00e9e apaisante multifonctionnelle (1)\" class=\"wp-image-1551\" srcset=\"https:\/\/www.chengjitoy.com\/wp-content\/uploads\/2025\/06\/details-of-multifunctional-baby-soothing-doll-1.webp 770w, https:\/\/www.chengjitoy.com\/wp-content\/uploads\/2025\/06\/details-of-multifunctional-baby-soothing-doll-1-199x300.webp 199w, https:\/\/www.chengjitoy.com\/wp-content\/uploads\/2025\/06\/details-of-multifunctional-baby-soothing-doll-1-768x1155.webp 768w, https:\/\/www.chengjitoy.com\/wp-content\/uploads\/2025\/06\/details-of-multifunctional-baby-soothing-doll-1-600x902.webp 600w\" sizes=\"auto, (max-width: 770px) 100vw, 770px\" \/><\/figure>\n\n\n\n<figure class=\"wp-block-image size-full\"><img loading=\"lazy\" decoding=\"async\" width=\"770\" height=\"2369\" src=\"https:\/\/www.chengjitoy.com\/wp-content\/uploads\/2025\/06\/details-of-multifunctional-baby-soothing-doll-2.webp\" alt=\"d\u00e9tails de la poup\u00e9e apaisante multifonctionnelle (2)\" class=\"wp-image-1552\" srcset=\"https:\/\/www.chengjitoy.com\/wp-content\/uploads\/2025\/06\/details-of-multifunctional-baby-soothing-doll-2.webp 770w, https:\/\/www.chengjitoy.com\/wp-content\/uploads\/2025\/06\/details-of-multifunctional-baby-soothing-doll-2-768x2363.webp 768w, https:\/\/www.chengjitoy.com\/wp-content\/uploads\/2025\/06\/details-of-multifunctional-baby-soothing-doll-2-600x1846.webp 600w\" sizes=\"auto, (max-width: 770px) 100vw, 770px\" \/><\/figure>\n\n\n\n<figure class=\"wp-block-image size-full\"><img loading=\"lazy\" decoding=\"async\" width=\"770\" height=\"1195\" src=\"https:\/\/www.chengjitoy.com\/wp-content\/uploads\/2025\/06\/details-of-multifunctional-baby-soothing-doll-4.webp\" alt=\"d\u00e9tails de la poup\u00e9e apaisante multifonctionnelle (4)\" class=\"wp-image-1554\" srcset=\"https:\/\/www.chengjitoy.com\/wp-content\/uploads\/2025\/06\/details-of-multifunctional-baby-soothing-doll-4.webp 770w, https:\/\/www.chengjitoy.com\/wp-content\/uploads\/2025\/06\/details-of-multifunctional-baby-soothing-doll-4-193x300.webp 193w, https:\/\/www.chengjitoy.com\/wp-content\/uploads\/2025\/06\/details-of-multifunctional-baby-soothing-doll-4-768x1192.webp 768w, https:\/\/www.chengjitoy.com\/wp-content\/uploads\/2025\/06\/details-of-multifunctional-baby-soothing-doll-4-600x931.webp 600w\" sizes=\"auto, (max-width: 770px) 100vw, 770px\" \/><\/figure>\n\n\n\n<figure class=\"wp-block-image size-full\"><img loading=\"lazy\" decoding=\"async\" width=\"770\" height=\"1187\" src=\"https:\/\/www.chengjitoy.com\/wp-content\/uploads\/2025\/06\/details-of-multifunctional-baby-soothing-doll-5.webp\" alt=\"d\u00e9tails de la poup\u00e9e apaisante multifonctionnelle (5)\" class=\"wp-image-1555\" srcset=\"https:\/\/www.chengjitoy.com\/wp-content\/uploads\/2025\/06\/details-of-multifunctional-baby-soothing-doll-5.webp 770w, https:\/\/www.chengjitoy.com\/wp-content\/uploads\/2025\/06\/details-of-multifunctional-baby-soothing-doll-5-195x300.webp 195w, https:\/\/www.chengjitoy.com\/wp-content\/uploads\/2025\/06\/details-of-multifunctional-baby-soothing-doll-5-768x1184.webp 768w, https:\/\/www.chengjitoy.com\/wp-content\/uploads\/2025\/06\/details-of-multifunctional-baby-soothing-doll-5-600x925.webp 600w\" sizes=\"auto, (max-width: 770px) 100vw, 770px\" \/><\/figure>\n\n\n\n<figure class=\"wp-block-image size-full\"><img loading=\"lazy\" decoding=\"async\" width=\"770\" height=\"1147\" src=\"https:\/\/www.chengjitoy.com\/wp-content\/uploads\/2025\/06\/details-of-multifunctional-baby-soothing-doll-6.webp\" alt=\"d\u00e9tails de la poup\u00e9e apaisante multifonctionnelle (6)\" class=\"wp-image-1556\" srcset=\"https:\/\/www.chengjitoy.com\/wp-content\/uploads\/2025\/06\/details-of-multifunctional-baby-soothing-doll-6.webp 770w, https:\/\/www.chengjitoy.com\/wp-content\/uploads\/2025\/06\/details-of-multifunctional-baby-soothing-doll-6-201x300.webp 201w, https:\/\/www.chengjitoy.com\/wp-content\/uploads\/2025\/06\/details-of-multifunctional-baby-soothing-doll-6-768x1144.webp 768w, https:\/\/www.chengjitoy.com\/wp-content\/uploads\/2025\/06\/details-of-multifunctional-baby-soothing-doll-6-600x894.webp 600w\" sizes=\"auto, (max-width: 770px) 100vw, 770px\" \/><\/figure>\n\n\n\n<figure class=\"wp-block-image size-full\"><img loading=\"lazy\" decoding=\"async\" width=\"770\" height=\"1069\" src=\"https:\/\/www.chengjitoy.com\/wp-content\/uploads\/2025\/06\/details-of-multifunctional-baby-soothing-doll-7.webp\" alt=\"d\u00e9tails de la poup\u00e9e apaisante multifonctionnelle (7)\" class=\"wp-image-1557\" srcset=\"https:\/\/www.chengjitoy.com\/wp-content\/uploads\/2025\/06\/details-of-multifunctional-baby-soothing-doll-7.webp 770w, https:\/\/www.chengjitoy.com\/wp-content\/uploads\/2025\/06\/details-of-multifunctional-baby-soothing-doll-7-216x300.webp 216w, https:\/\/www.chengjitoy.com\/wp-content\/uploads\/2025\/06\/details-of-multifunctional-baby-soothing-doll-7-768x1066.webp 768w, https:\/\/www.chengjitoy.com\/wp-content\/uploads\/2025\/06\/details-of-multifunctional-baby-soothing-doll-7-600x833.webp 600w\" sizes=\"auto, (max-width: 770px) 100vw, 770px\" \/><\/figure>\n\n\n\n<figure class=\"wp-block-image size-full\"><img loading=\"lazy\" decoding=\"async\" width=\"770\" height=\"751\" src=\"https:\/\/www.chengjitoy.com\/wp-content\/uploads\/2025\/06\/details-of-multifunctional-baby-soothing-doll-8.webp\" alt=\"d\u00e9tails de la poup\u00e9e apaisante multifonctionnelle (8)\" class=\"wp-image-1558\" srcset=\"https:\/\/www.chengjitoy.com\/wp-content\/uploads\/2025\/06\/details-of-multifunctional-baby-soothing-doll-8.webp 770w, https:\/\/www.chengjitoy.com\/wp-content\/uploads\/2025\/06\/details-of-multifunctional-baby-soothing-doll-8-300x293.webp 300w, https:\/\/www.chengjitoy.com\/wp-content\/uploads\/2025\/06\/details-of-multifunctional-baby-soothing-doll-8-768x749.webp 768w, https:\/\/www.chengjitoy.com\/wp-content\/uploads\/2025\/06\/details-of-multifunctional-baby-soothing-doll-8-600x585.webp 600w\" sizes=\"auto, (max-width: 770px) 100vw, 770px\" \/><\/figure>\n\n\n\n<figure class=\"wp-block-image size-full\"><img loading=\"lazy\" decoding=\"async\" width=\"770\" height=\"1245\" src=\"https:\/\/www.chengjitoy.com\/wp-content\/uploads\/2025\/06\/details-of-multifunctional-baby-soothing-doll-9.webp\" alt=\"d\u00e9tails de la poup\u00e9e apaisante multifonctionnelle (9)\" class=\"wp-image-1559\" srcset=\"https:\/\/www.chengjitoy.com\/wp-content\/uploads\/2025\/06\/details-of-multifunctional-baby-soothing-doll-9.webp 770w, https:\/\/www.chengjitoy.com\/wp-content\/uploads\/2025\/06\/details-of-multifunctional-baby-soothing-doll-9-186x300.webp 186w, https:\/\/www.chengjitoy.com\/wp-content\/uploads\/2025\/06\/details-of-multifunctional-baby-soothing-doll-9-768x1242.webp 768w, https:\/\/www.chengjitoy.com\/wp-content\/uploads\/2025\/06\/details-of-multifunctional-baby-soothing-doll-9-600x970.webp 600w\" sizes=\"auto, (max-width: 770px) 100vw, 770px\" \/><\/figure>\n<\/div>\n\n\n\n<div class=\"wp-block-column is-layout-flow wp-block-column-is-layout-flow\" style=\"flex-basis:33.33%\"><\/div>\n<\/div>","protected":false},"excerpt":{"rendered":"<p>La poup\u00e9e apaisante pour b\u00e9b\u00e9 est une solution innovante et polyvalente qui offre un sommeil confortable et un confort \u00e9motionnel aux b\u00e9b\u00e9s, de la naissance \u00e0 la petite enfance. Ce jouet en peluche est \u00e9quip\u00e9 d'un syst\u00e8me intelligent de d\u00e9tection des pleurs, d'un syst\u00e8me de musique apaisante et d'un projecteur d'\u00e9toiles, offrant ainsi une gamme compl\u00e8te d'exp\u00e9riences sensorielles apaisantes. Ce produit a un fort attrait dans le domaine de la pu\u00e9riculture et est le premier choix des fournisseurs en gros de jouets pour b\u00e9b\u00e9s. N'h\u00e9sitez pas \u00e0 nous contacter.<\/p>\n<h2>Sp\u00e9cifications de la poup\u00e9e apaisante multifonctionnelle pour b\u00e9b\u00e9<\/h2>\n<table style=\"border-collapse: collapse; width: 343.52pt;\" border=\"0\" width=\"458\" cellspacing=\"0\" cellpadding=\"0\">\n<tbody>\n<tr style=\"height: 25.50pt;\">\n<td class=\"et2\" style=\"height: 25.50pt; width: 133.75pt;\" width=\"178\" height=\"34\">Num\u00e9ro d'article :<\/td>\n<td class=\"et3\" style=\"width: 210.00pt;\" width=\"280\">CJ-4855584<\/td>\n<\/tr>\n<tr style=\"height: 25.50pt;\">\n<td class=\"et4\" style=\"height: 25.50pt; width: 133.75pt;\" width=\"178\" height=\"34\">Paquet :<\/td>\n<td class=\"et5\" style=\"width: 210.00pt;\" width=\"280\">BO\u00ceTE DE PR\u00c9SENTATION<\/td>\n<\/tr>\n<tr style=\"height: 25.50pt;\">\n<td class=\"et4\" style=\"height: 25.50pt; width: 133.75pt;\" width=\"178\" height=\"34\">Taille de l'emballage :<\/td>\n<td class=\"et5\" style=\"width: 210.00pt;\" width=\"280\">31\u00d715\u00d720 cm<\/td>\n<\/tr>\n<tr style=\"height: 25.50pt;\">\n<td class=\"et4\" style=\"height: 25.50pt; width: 133.75pt;\" width=\"178\" height=\"34\">Taille du carton\uff1a<\/td>\n<td class=\"et5\" style=\"width: 210.00pt;\" width=\"280\">94\u00d727\u00d781 cm<\/td>\n<\/tr>\n<tr style=\"height: 25.50pt;\">\n<td class=\"et4\" style=\"height: 25.50pt; width: 133.75pt;\" width=\"178\" height=\"34\">Qt\u00e9\/Ctn :<\/td>\n<td class=\"et5\" style=\"width: 210.00pt;\" width=\"280\">24 pi\u00e8ces<\/td>\n<\/tr>\n<tr style=\"height: 25.50pt;\">\n<td class=\"et4\" style=\"height: 25.50pt; width: 133.75pt;\" width=\"178\" height=\"34\">G.W.\/N.W. :<\/td>\n<td class=\"et5\" style=\"width: 210.00pt;\" width=\"280\">11,5 \/ 9,5 kg<\/td>\n<\/tr>\n<tr style=\"height: 25.50pt;\">\n<td class=\"et4\" style=\"height: 25.50pt; width: 133.75pt;\" width=\"178\" height=\"34\">Mesure :<\/td>\n<td class=\"et5\" style=\"width: 210.00pt;\" width=\"280\">0,21 cbm \/ 7,25 cuft<\/td>\n<\/tr>\n<\/tbody>\n<\/table>","protected":false},"featured_media":1560,"comment_status":"closed","ping_status":"closed","template":"","meta":{"_acf_changed":false},"product_brand":[],"product_cat":[26,29,22,60],"product_tag":[],"class_list":{"0":"post-1550","1":"product","2":"type-product","3":"status-publish","4":"has-post-thumbnail","6":"product_cat-wholesale-toys-for-all-ages","7":"product_cat-wholesale-toys-for-0-24-months","8":"product_cat-wholesale-dolls-and-plush-toys","9":"product_cat-wholesale-plush-and-stuffed-dolls","11":"first","12":"instock","13":"shipping-taxable","14":"product-type-simple"},"acf":[],"_links":{"self":[{"href":"https:\/\/www.chengjitoy.com\/fr\/wp-json\/wp\/v2\/product\/1550","targetHints":{"allow":["GET"]}}],"collection":[{"href":"https:\/\/www.chengjitoy.com\/fr\/wp-json\/wp\/v2\/product"}],"about":[{"href":"https:\/\/www.chengjitoy.com\/fr\/wp-json\/wp\/v2\/types\/product"}],"replies":[{"embeddable":true,"href":"https:\/\/www.chengjitoy.com\/fr\/wp-json\/wp\/v2\/comments?post=1550"}],"wp:featuredmedia":[{"embeddable":true,"href":"https:\/\/www.chengjitoy.com\/fr\/wp-json\/wp\/v2\/media\/1560"}],"wp:attachment":[{"href":"https:\/\/www.chengjitoy.com\/fr\/wp-json\/wp\/v2\/media?parent=1550"}],"wp:term":[{"taxonomy":"product_brand","embeddable":true,"href":"https:\/\/www.chengjitoy.com\/fr\/wp-json\/wp\/v2\/product_brand?post=1550"},{"taxonomy":"product_cat","embeddable":true,"href":"https:\/\/www.chengjitoy.com\/fr\/wp-json\/wp\/v2\/product_cat?post=1550"},{"taxonomy":"product_tag","embeddable":true,"href":"https:\/\/www.chengjitoy.com\/fr\/wp-json\/wp\/v2\/product_tag?post=1550"}],"curies":[{"name":"wp","href":"https:\/\/api.w.org\/{rel}","templated":true}]}}