{"id":1568,"date":"2025-06-24T06:46:27","date_gmt":"2025-06-24T06:46:27","guid":{"rendered":"https:\/\/www.chengjitoy.com\/?post_type=product&#038;p=1568"},"modified":"2025-06-30T00:40:12","modified_gmt":"2025-06-30T00:40:12","slug":"wholesale-light-up-american-football-toy-cj4859496","status":"publish","type":"product","link":"https:\/\/www.chengjitoy.com\/fr\/product\/wholesale-light-up-american-football-toy-cj4859496\/","title":{"rendered":"Jouets de football am\u00e9ricain lumineux en gros, avec tra\u00een\u00e9es lumineuses arc-en-ciel, parfaits pour les jeux nocturnes"},"content":{"rendered":"<div class=\"wp-block-columns is-layout-flex wp-container-core-columns-is-layout-9d6595d7 wp-block-columns-is-layout-flex\">\n<div class=\"wp-block-column is-layout-flow wp-block-column-is-layout-flow\" style=\"flex-basis:66.66%\">\n<figure class=\"wp-block-image size-full\"><img loading=\"lazy\" decoding=\"async\" width=\"770\" height=\"1316\" sizes=\"auto, (max-width: 770px) 100vw, 770px\" src=\"https:\/\/www.chengjitoy.com\/wp-content\/uploads\/2025\/06\/details-of-light-up-American-football-toy-CJ-4859496-1.webp\" alt=\"d\u00e9tails du jouet lumineux de football am\u00e9ricain CJ 4859496 (1)\" class=\"wp-image-1569\" srcset=\"https:\/\/www.chengjitoy.com\/wp-content\/uploads\/2025\/06\/details-of-light-up-American-football-toy-CJ-4859496-1.webp 770w, https:\/\/www.chengjitoy.com\/wp-content\/uploads\/2025\/06\/details-of-light-up-American-football-toy-CJ-4859496-1-176x300.webp 176w, https:\/\/www.chengjitoy.com\/wp-content\/uploads\/2025\/06\/details-of-light-up-American-football-toy-CJ-4859496-1-768x1313.webp 768w, https:\/\/www.chengjitoy.com\/wp-content\/uploads\/2025\/06\/details-of-light-up-American-football-toy-CJ-4859496-1-600x1025.webp 600w\" \/><\/figure>\n\n\n\n<figure class=\"wp-block-image size-full\"><img loading=\"lazy\" decoding=\"async\" width=\"770\" height=\"1358\" sizes=\"auto, (max-width: 770px) 100vw, 770px\" src=\"https:\/\/www.chengjitoy.com\/wp-content\/uploads\/2025\/06\/details-of-light-up-American-football-toy-CJ-4859496-2.webp\" alt=\"d\u00e9tails du jouet lumineux de football am\u00e9ricain CJ 4859496 (2)\" class=\"wp-image-1574\" srcset=\"https:\/\/www.chengjitoy.com\/wp-content\/uploads\/2025\/06\/details-of-light-up-American-football-toy-CJ-4859496-2.webp 770w, https:\/\/www.chengjitoy.com\/wp-content\/uploads\/2025\/06\/details-of-light-up-American-football-toy-CJ-4859496-2-170x300.webp 170w, https:\/\/www.chengjitoy.com\/wp-content\/uploads\/2025\/06\/details-of-light-up-American-football-toy-CJ-4859496-2-768x1354.webp 768w, https:\/\/www.chengjitoy.com\/wp-content\/uploads\/2025\/06\/details-of-light-up-American-football-toy-CJ-4859496-2-600x1058.webp 600w\" \/><\/figure>\n\n\n\n<figure class=\"wp-block-image size-full\"><img loading=\"lazy\" decoding=\"async\" width=\"770\" height=\"998\" sizes=\"auto, (max-width: 770px) 100vw, 770px\" src=\"https:\/\/www.chengjitoy.com\/wp-content\/uploads\/2025\/06\/details-of-light-up-American-football-toy-CJ-4859496-3.webp\" alt=\"d\u00e9tails du jouet lumineux de football am\u00e9ricain CJ 4859496 (3)\" class=\"wp-image-1575\" srcset=\"https:\/\/www.chengjitoy.com\/wp-content\/uploads\/2025\/06\/details-of-light-up-American-football-toy-CJ-4859496-3.webp 770w, https:\/\/www.chengjitoy.com\/wp-content\/uploads\/2025\/06\/details-of-light-up-American-football-toy-CJ-4859496-3-231x300.webp 231w, https:\/\/www.chengjitoy.com\/wp-content\/uploads\/2025\/06\/details-of-light-up-American-football-toy-CJ-4859496-3-768x995.webp 768w, https:\/\/www.chengjitoy.com\/wp-content\/uploads\/2025\/06\/details-of-light-up-American-football-toy-CJ-4859496-3-600x778.webp 600w\" \/><\/figure>\n\n\n\n<figure class=\"wp-block-image size-full\"><img loading=\"lazy\" decoding=\"async\" width=\"770\" height=\"707\" sizes=\"auto, (max-width: 770px) 100vw, 770px\" src=\"https:\/\/www.chengjitoy.com\/wp-content\/uploads\/2025\/06\/details-of-light-up-American-football-toy-CJ-4859496-4.webp\" alt=\"d\u00e9tails du jouet lumineux de football am\u00e9ricain CJ 4859496 (4)\" class=\"wp-image-1576\" srcset=\"https:\/\/www.chengjitoy.com\/wp-content\/uploads\/2025\/06\/details-of-light-up-American-football-toy-CJ-4859496-4.webp 770w, https:\/\/www.chengjitoy.com\/wp-content\/uploads\/2025\/06\/details-of-light-up-American-football-toy-CJ-4859496-4-300x275.webp 300w, https:\/\/www.chengjitoy.com\/wp-content\/uploads\/2025\/06\/details-of-light-up-American-football-toy-CJ-4859496-4-768x705.webp 768w, https:\/\/www.chengjitoy.com\/wp-content\/uploads\/2025\/06\/details-of-light-up-American-football-toy-CJ-4859496-4-600x551.webp 600w\" \/><\/figure>\n\n\n\n<figure class=\"wp-block-image size-full\"><img loading=\"lazy\" decoding=\"async\" width=\"770\" height=\"887\" sizes=\"auto, (max-width: 770px) 100vw, 770px\" src=\"https:\/\/www.chengjitoy.com\/wp-content\/uploads\/2025\/06\/details-of-light-up-American-football-toy-CJ-4859496-5.webp\" alt=\"d\u00e9tails du jouet lumineux de football am\u00e9ricain CJ 4859496 (5)\" class=\"wp-image-1577\" srcset=\"https:\/\/www.chengjitoy.com\/wp-content\/uploads\/2025\/06\/details-of-light-up-American-football-toy-CJ-4859496-5.webp 770w, https:\/\/www.chengjitoy.com\/wp-content\/uploads\/2025\/06\/details-of-light-up-American-football-toy-CJ-4859496-5-260x300.webp 260w, https:\/\/www.chengjitoy.com\/wp-content\/uploads\/2025\/06\/details-of-light-up-American-football-toy-CJ-4859496-5-768x885.webp 768w, https:\/\/www.chengjitoy.com\/wp-content\/uploads\/2025\/06\/details-of-light-up-American-football-toy-CJ-4859496-5-600x691.webp 600w\" \/><\/figure>\n<\/div>\n\n\n\n<div class=\"wp-block-column is-layout-flow wp-block-column-is-layout-flow\" style=\"flex-basis:33.33%\"><\/div>\n<\/div>","protected":false},"excerpt":{"rendered":"<p>Jouets de sport en gros, ce ballon de football am\u00e9ricain lumineux est l'ultime produit de sport phosphorescent, avec 7 lumi\u00e8res LED int\u00e9gr\u00e9es, 12 modes de lumi\u00e8re color\u00e9e et des tra\u00een\u00e9es de lumi\u00e8re arc-en-ciel, parfait pour les jeux nocturnes. Disponible dans une vari\u00e9t\u00e9 de couleurs et d'emballages cadeaux, supportant OEM et ODM, contactez-nous pour un devis.<\/p>\n<h2>Sp\u00e9cifications du jouet Football am\u00e9ricain lumineux<\/h2>\n<table style=\"border-collapse: collapse; width: 343.52pt;\" border=\"0\" width=\"458\" cellspacing=\"0\" cellpadding=\"0\">\n<tbody>\n<tr style=\"height: 21.00pt;\">\n<td class=\"et2\" style=\"height: 21.00pt; width: 133.75pt;\" width=\"178\" height=\"28\">Num\u00e9ro d'article :<\/td>\n<td class=\"et3\" style=\"width: 210.00pt;\" width=\"280\">CJ-4859496<\/td>\n<\/tr>\n<tr style=\"height: 21.00pt;\">\n<td class=\"et4\" style=\"height: 21.00pt; width: 133.75pt;\" width=\"178\" height=\"28\">Paquet :<\/td>\n<td class=\"et5\" style=\"width: 210.00pt;\" width=\"280\">bo\u00eete \u00e0 couleurs<\/td>\n<\/tr>\n<tr style=\"height: 21.00pt;\">\n<td class=\"et4\" style=\"height: 21.00pt; width: 133.75pt;\" width=\"178\" height=\"28\">Taille de l'emballage :<\/td>\n<td class=\"et5\" style=\"width: 210.00pt;\" width=\"280\">37,5\u00d711,3\u00d79 cm<\/td>\n<\/tr>\n<tr style=\"height: 21.00pt;\">\n<td class=\"et4\" style=\"height: 21.00pt; width: 133.75pt;\" width=\"178\" height=\"28\">Taille du carton\uff1a<\/td>\n<td class=\"et5\" style=\"width: 210.00pt;\" width=\"280\">77,5\u00d735,5\u00d777 cm<\/td>\n<\/tr>\n<tr style=\"height: 21.00pt;\">\n<td class=\"et4\" style=\"height: 21.00pt; width: 133.75pt;\" width=\"178\" height=\"28\">Qt\u00e9\/Ctn :<\/td>\n<td class=\"et5\" style=\"width: 210.00pt;\" width=\"280\">48 pi\u00e8ces<\/td>\n<\/tr>\n<tr style=\"height: 21.00pt;\">\n<td class=\"et4\" style=\"height: 21.00pt; width: 133.75pt;\" width=\"178\" height=\"28\">G.W.\/N.W. :<\/td>\n<td class=\"et5\" style=\"width: 210.00pt;\" width=\"280\">19 \/ 17 kg<\/td>\n<\/tr>\n<tr style=\"height: 21.00pt;\">\n<td class=\"et4\" style=\"height: 21.00pt; width: 133.75pt;\" width=\"178\" height=\"28\">Mesure :<\/td>\n<td class=\"et5\" style=\"width: 210.00pt;\" width=\"280\">0,21 cbm \/ 7,48 cuft<\/td>\n<\/tr>\n<\/tbody>\n<\/table>","protected":false},"featured_media":1578,"comment_status":"closed","ping_status":"closed","template":"","meta":{"_acf_changed":false},"product_brand":[],"product_cat":[26,28,101,20],"product_tag":[],"class_list":{"0":"post-1568","1":"product","2":"type-product","3":"status-publish","4":"has-post-thumbnail","6":"product_cat-wholesale-toys-for-all-ages","7":"product_cat-wholesale-toys-for-ages-8-and-up","8":"product_cat-wholesale-other-sport-toys","9":"product_cat-wholesale-sports-toys","11":"first","12":"instock","13":"shipping-taxable","14":"product-type-simple"},"acf":[],"_links":{"self":[{"href":"https:\/\/www.chengjitoy.com\/fr\/wp-json\/wp\/v2\/product\/1568","targetHints":{"allow":["GET"]}}],"collection":[{"href":"https:\/\/www.chengjitoy.com\/fr\/wp-json\/wp\/v2\/product"}],"about":[{"href":"https:\/\/www.chengjitoy.com\/fr\/wp-json\/wp\/v2\/types\/product"}],"replies":[{"embeddable":true,"href":"https:\/\/www.chengjitoy.com\/fr\/wp-json\/wp\/v2\/comments?post=1568"}],"wp:featuredmedia":[{"embeddable":true,"href":"https:\/\/www.chengjitoy.com\/fr\/wp-json\/wp\/v2\/media\/1578"}],"wp:attachment":[{"href":"https:\/\/www.chengjitoy.com\/fr\/wp-json\/wp\/v2\/media?parent=1568"}],"wp:term":[{"taxonomy":"product_brand","embeddable":true,"href":"https:\/\/www.chengjitoy.com\/fr\/wp-json\/wp\/v2\/product_brand?post=1568"},{"taxonomy":"product_cat","embeddable":true,"href":"https:\/\/www.chengjitoy.com\/fr\/wp-json\/wp\/v2\/product_cat?post=1568"},{"taxonomy":"product_tag","embeddable":true,"href":"https:\/\/www.chengjitoy.com\/fr\/wp-json\/wp\/v2\/product_tag?post=1568"}],"curies":[{"name":"wp","href":"https:\/\/api.w.org\/{rel}","templated":true}]}}