{"id":1603,"date":"2025-06-24T08:35:29","date_gmt":"2025-06-24T08:35:29","guid":{"rendered":"https:\/\/www.chengjitoy.com\/?post_type=product&#038;p=1603"},"modified":"2025-06-30T00:39:37","modified_gmt":"2025-06-30T00:39:37","slug":"wholesale-electronic-boxing-board-toy-cj4862798","status":"publish","type":"product","link":"https:\/\/www.chengjitoy.com\/fr\/product\/wholesale-electronic-boxing-board-toy-cj4862798\/","title":{"rendered":"Jouets de boxe \u00e9lectroniques en gros, jouets de boxe pour les enfants de 8 ans et plus"},"content":{"rendered":"<div class=\"wp-block-columns is-layout-flex wp-container-core-columns-is-layout-9d6595d7 wp-block-columns-is-layout-flex\">\n<div class=\"wp-block-column is-layout-flow wp-block-column-is-layout-flow\" style=\"flex-basis:66.66%\">\n<figure class=\"wp-block-image size-full\"><img loading=\"lazy\" decoding=\"async\" width=\"770\" height=\"1271\" sizes=\"auto, (max-width: 770px) 100vw, 770px\" src=\"https:\/\/www.chengjitoy.com\/wp-content\/uploads\/2025\/06\/details-of-electronic-boxing-board\u200b-toy-CJ-4862798-1.webp\" alt=\"d\u00e9tails de la planche de boxe \u00e9lectronique jouet CJ 4862798 (1)\" class=\"wp-image-1604\" srcset=\"https:\/\/www.chengjitoy.com\/wp-content\/uploads\/2025\/06\/details-of-electronic-boxing-board\u200b-toy-CJ-4862798-1.webp 770w, https:\/\/www.chengjitoy.com\/wp-content\/uploads\/2025\/06\/details-of-electronic-boxing-board\u200b-toy-CJ-4862798-1-182x300.webp 182w, https:\/\/www.chengjitoy.com\/wp-content\/uploads\/2025\/06\/details-of-electronic-boxing-board\u200b-toy-CJ-4862798-1-768x1268.webp 768w, https:\/\/www.chengjitoy.com\/wp-content\/uploads\/2025\/06\/details-of-electronic-boxing-board\u200b-toy-CJ-4862798-1-600x990.webp 600w\" \/><\/figure>\n\n\n\n<figure class=\"wp-block-image size-full\"><img loading=\"lazy\" decoding=\"async\" width=\"770\" height=\"1108\" sizes=\"auto, (max-width: 770px) 100vw, 770px\" src=\"https:\/\/www.chengjitoy.com\/wp-content\/uploads\/2025\/06\/details-of-electronic-boxing-board\u200b-toy-CJ-4862798-2.webp\" alt=\"d\u00e9tails de la planche de boxe \u00e9lectronique jouet CJ 4862798 (2)\" class=\"wp-image-1605\" srcset=\"https:\/\/www.chengjitoy.com\/wp-content\/uploads\/2025\/06\/details-of-electronic-boxing-board\u200b-toy-CJ-4862798-2.webp 770w, https:\/\/www.chengjitoy.com\/wp-content\/uploads\/2025\/06\/details-of-electronic-boxing-board\u200b-toy-CJ-4862798-2-208x300.webp 208w, https:\/\/www.chengjitoy.com\/wp-content\/uploads\/2025\/06\/details-of-electronic-boxing-board\u200b-toy-CJ-4862798-2-768x1105.webp 768w, https:\/\/www.chengjitoy.com\/wp-content\/uploads\/2025\/06\/details-of-electronic-boxing-board\u200b-toy-CJ-4862798-2-600x863.webp 600w\" \/><\/figure>\n\n\n\n<figure class=\"wp-block-image size-full\"><img loading=\"lazy\" decoding=\"async\" width=\"770\" height=\"1709\" sizes=\"auto, (max-width: 770px) 100vw, 770px\" src=\"https:\/\/www.chengjitoy.com\/wp-content\/uploads\/2025\/06\/details-of-electronic-boxing-board\u200b-toy-CJ-4862798-3.webp\" alt=\"d\u00e9tails de la planche de boxe \u00e9lectronique jouet CJ 4862798 (3)\" class=\"wp-image-1606\" srcset=\"https:\/\/www.chengjitoy.com\/wp-content\/uploads\/2025\/06\/details-of-electronic-boxing-board\u200b-toy-CJ-4862798-3.webp 770w, https:\/\/www.chengjitoy.com\/wp-content\/uploads\/2025\/06\/details-of-electronic-boxing-board\u200b-toy-CJ-4862798-3-135x300.webp 135w, https:\/\/www.chengjitoy.com\/wp-content\/uploads\/2025\/06\/details-of-electronic-boxing-board\u200b-toy-CJ-4862798-3-768x1705.webp 768w, https:\/\/www.chengjitoy.com\/wp-content\/uploads\/2025\/06\/details-of-electronic-boxing-board\u200b-toy-CJ-4862798-3-600x1332.webp 600w\" \/><\/figure>\n\n\n\n<figure class=\"wp-block-image size-full\"><img loading=\"lazy\" decoding=\"async\" width=\"770\" height=\"1225\" sizes=\"auto, (max-width: 770px) 100vw, 770px\" src=\"https:\/\/www.chengjitoy.com\/wp-content\/uploads\/2025\/06\/details-of-electronic-boxing-board\u200b-toy-CJ-4862798-4.webp\" alt=\"d\u00e9tails de la planche de boxe \u00e9lectronique jouet CJ 4862798 (4)\" class=\"wp-image-1607\" srcset=\"https:\/\/www.chengjitoy.com\/wp-content\/uploads\/2025\/06\/details-of-electronic-boxing-board\u200b-toy-CJ-4862798-4.webp 770w, https:\/\/www.chengjitoy.com\/wp-content\/uploads\/2025\/06\/details-of-electronic-boxing-board\u200b-toy-CJ-4862798-4-189x300.webp 189w, https:\/\/www.chengjitoy.com\/wp-content\/uploads\/2025\/06\/details-of-electronic-boxing-board\u200b-toy-CJ-4862798-4-768x1222.webp 768w, https:\/\/www.chengjitoy.com\/wp-content\/uploads\/2025\/06\/details-of-electronic-boxing-board\u200b-toy-CJ-4862798-4-600x955.webp 600w\" \/><\/figure>\n\n\n\n<figure class=\"wp-block-image size-full\"><img loading=\"lazy\" decoding=\"async\" width=\"770\" height=\"1401\" sizes=\"auto, (max-width: 770px) 100vw, 770px\" src=\"https:\/\/www.chengjitoy.com\/wp-content\/uploads\/2025\/06\/details-of-electronic-boxing-board\u200b-toy-CJ-4862798-5.webp\" alt=\"d\u00e9tails de la planche de boxe \u00e9lectronique jouet CJ 4862798 (5)\" class=\"wp-image-1608\" srcset=\"https:\/\/www.chengjitoy.com\/wp-content\/uploads\/2025\/06\/details-of-electronic-boxing-board\u200b-toy-CJ-4862798-5.webp 770w, https:\/\/www.chengjitoy.com\/wp-content\/uploads\/2025\/06\/details-of-electronic-boxing-board\u200b-toy-CJ-4862798-5-165x300.webp 165w, https:\/\/www.chengjitoy.com\/wp-content\/uploads\/2025\/06\/details-of-electronic-boxing-board\u200b-toy-CJ-4862798-5-768x1397.webp 768w, https:\/\/www.chengjitoy.com\/wp-content\/uploads\/2025\/06\/details-of-electronic-boxing-board\u200b-toy-CJ-4862798-5-600x1092.webp 600w\" \/><\/figure>\n\n\n\n<figure class=\"wp-block-image size-full\"><img loading=\"lazy\" decoding=\"async\" width=\"770\" height=\"1231\" sizes=\"auto, (max-width: 770px) 100vw, 770px\" src=\"https:\/\/www.chengjitoy.com\/wp-content\/uploads\/2025\/06\/details-of-electronic-boxing-board\u200b-toy-CJ-4862798-6.webp\" alt=\"d\u00e9tails de la planche de boxe \u00e9lectronique jouet CJ 4862798 (6)\" class=\"wp-image-1609\" srcset=\"https:\/\/www.chengjitoy.com\/wp-content\/uploads\/2025\/06\/details-of-electronic-boxing-board\u200b-toy-CJ-4862798-6.webp 770w, https:\/\/www.chengjitoy.com\/wp-content\/uploads\/2025\/06\/details-of-electronic-boxing-board\u200b-toy-CJ-4862798-6-188x300.webp 188w, https:\/\/www.chengjitoy.com\/wp-content\/uploads\/2025\/06\/details-of-electronic-boxing-board\u200b-toy-CJ-4862798-6-768x1228.webp 768w, https:\/\/www.chengjitoy.com\/wp-content\/uploads\/2025\/06\/details-of-electronic-boxing-board\u200b-toy-CJ-4862798-6-600x959.webp 600w\" \/><\/figure>\n\n\n\n<figure class=\"wp-block-image size-full\"><img loading=\"lazy\" decoding=\"async\" width=\"770\" height=\"1140\" sizes=\"auto, (max-width: 770px) 100vw, 770px\" src=\"https:\/\/www.chengjitoy.com\/wp-content\/uploads\/2025\/06\/details-of-electronic-boxing-board\u200b-toy-CJ-4862798-7.webp\" alt=\"d\u00e9tails de la planche de boxe \u00e9lectronique jouet CJ 4862798 (7)\" class=\"wp-image-1610\" srcset=\"https:\/\/www.chengjitoy.com\/wp-content\/uploads\/2025\/06\/details-of-electronic-boxing-board\u200b-toy-CJ-4862798-7.webp 770w, https:\/\/www.chengjitoy.com\/wp-content\/uploads\/2025\/06\/details-of-electronic-boxing-board\u200b-toy-CJ-4862798-7-203x300.webp 203w, https:\/\/www.chengjitoy.com\/wp-content\/uploads\/2025\/06\/details-of-electronic-boxing-board\u200b-toy-CJ-4862798-7-768x1137.webp 768w, https:\/\/www.chengjitoy.com\/wp-content\/uploads\/2025\/06\/details-of-electronic-boxing-board\u200b-toy-CJ-4862798-7-600x888.webp 600w\" \/><\/figure>\n\n\n\n<figure class=\"wp-block-image size-full\"><img loading=\"lazy\" decoding=\"async\" width=\"770\" height=\"1685\" sizes=\"auto, (max-width: 770px) 100vw, 770px\" src=\"https:\/\/www.chengjitoy.com\/wp-content\/uploads\/2025\/06\/details-of-electronic-boxing-board\u200b-toy-CJ-4862798-8.webp\" alt=\"d\u00e9tails de la planche de boxe \u00e9lectronique jouet CJ 4862798 (8)\" class=\"wp-image-1611\" srcset=\"https:\/\/www.chengjitoy.com\/wp-content\/uploads\/2025\/06\/details-of-electronic-boxing-board\u200b-toy-CJ-4862798-8.webp 770w, https:\/\/www.chengjitoy.com\/wp-content\/uploads\/2025\/06\/details-of-electronic-boxing-board\u200b-toy-CJ-4862798-8-137x300.webp 137w, https:\/\/www.chengjitoy.com\/wp-content\/uploads\/2025\/06\/details-of-electronic-boxing-board\u200b-toy-CJ-4862798-8-768x1681.webp 768w, https:\/\/www.chengjitoy.com\/wp-content\/uploads\/2025\/06\/details-of-electronic-boxing-board\u200b-toy-CJ-4862798-8-600x1313.webp 600w\" \/><\/figure>\n\n\n\n<figure class=\"wp-block-image size-full\"><img loading=\"lazy\" decoding=\"async\" width=\"770\" height=\"798\" sizes=\"auto, (max-width: 770px) 100vw, 770px\" src=\"https:\/\/www.chengjitoy.com\/wp-content\/uploads\/2025\/06\/details-of-electronic-boxing-board\u200b-toy-CJ-4862798-9.webp\" alt=\"d\u00e9tails de la planche de boxe \u00e9lectronique jouet CJ 4862798 (9)\" class=\"wp-image-1612\" srcset=\"https:\/\/www.chengjitoy.com\/wp-content\/uploads\/2025\/06\/details-of-electronic-boxing-board\u200b-toy-CJ-4862798-9.webp 770w, https:\/\/www.chengjitoy.com\/wp-content\/uploads\/2025\/06\/details-of-electronic-boxing-board\u200b-toy-CJ-4862798-9-289x300.webp 289w, https:\/\/www.chengjitoy.com\/wp-content\/uploads\/2025\/06\/details-of-electronic-boxing-board\u200b-toy-CJ-4862798-9-768x796.webp 768w, https:\/\/www.chengjitoy.com\/wp-content\/uploads\/2025\/06\/details-of-electronic-boxing-board\u200b-toy-CJ-4862798-9-600x622.webp 600w\" \/><\/figure>\n\n\n\n<figure class=\"wp-block-image size-full\"><img loading=\"lazy\" decoding=\"async\" width=\"770\" height=\"1568\" sizes=\"auto, (max-width: 770px) 100vw, 770px\" src=\"https:\/\/www.chengjitoy.com\/wp-content\/uploads\/2025\/06\/details-of-electronic-boxing-board\u200b-toy-CJ-4862798-10.webp\" alt=\"d\u00e9tails de la planche de boxe \u00e9lectronique jouet CJ 4862798 (10)\" class=\"wp-image-1613\" srcset=\"https:\/\/www.chengjitoy.com\/wp-content\/uploads\/2025\/06\/details-of-electronic-boxing-board\u200b-toy-CJ-4862798-10.webp 770w, https:\/\/www.chengjitoy.com\/wp-content\/uploads\/2025\/06\/details-of-electronic-boxing-board\u200b-toy-CJ-4862798-10-147x300.webp 147w, https:\/\/www.chengjitoy.com\/wp-content\/uploads\/2025\/06\/details-of-electronic-boxing-board\u200b-toy-CJ-4862798-10-768x1564.webp 768w, https:\/\/www.chengjitoy.com\/wp-content\/uploads\/2025\/06\/details-of-electronic-boxing-board\u200b-toy-CJ-4862798-10-600x1222.webp 600w\" \/><\/figure>\n<\/div>\n\n\n\n<div class=\"wp-block-column is-layout-flow wp-block-column-is-layout-flow\" style=\"flex-basis:33.33%\"><\/div>\n<\/div>","protected":false},"excerpt":{"rendered":"<p>Ce jeu de boxe \u00e9lectronique est dot\u00e9 d'une cible lumineuse LED sensible, d'effets sonores attrayants et de scores en temps r\u00e9el, encourageant le jeu actif et la coordination main-\u0153il pour les enfants de plus de 8 ans et les adultes. La s\u00e9rie pr\u00e9sente une grande vari\u00e9t\u00e9 de mod\u00e8les, notamment des th\u00e8mes li\u00e9s \u00e0 la technologie et aux personnages de dessins anim\u00e9s. Les d\u00e9taillants de jouets et les fournisseurs de cadeaux sont les bienvenus. Contactez-nous pour un devis.<\/p>\n<h2>Sp\u00e9cifications du jouet de boxe \u00e9lectronique<\/h2>\n<table style=\"border-collapse: collapse; width: 343.52pt;\" border=\"0\" width=\"458\" cellspacing=\"0\" cellpadding=\"0\">\n<tbody>\n<tr style=\"height: 19.50pt;\">\n<td class=\"et3\" style=\"height: 19.50pt; width: 133.75pt;\" width=\"178\" height=\"26\">Num\u00e9ro d'article :<\/td>\n<td class=\"et4\" style=\"width: 210.00pt;\" width=\"280\">CJ-4862798<\/td>\n<\/tr>\n<tr style=\"height: 20.25pt;\">\n<td class=\"et5\" style=\"height: 20.25pt; width: 133.75pt;\" width=\"178\" height=\"27\">Paquet :<\/td>\n<td class=\"et6\" style=\"width: 210.00pt;\" width=\"280\">bo\u00eete \u00e0 couleurs<\/td>\n<\/tr>\n<tr style=\"height: 19.50pt;\">\n<td class=\"et5\" style=\"height: 19.50pt; width: 133.75pt;\" width=\"178\" height=\"26\">Taille de l'emballage :<\/td>\n<td class=\"et6\" style=\"width: 210.00pt;\" width=\"280\">42,5\u00d75\u00d730,6 cm<\/td>\n<\/tr>\n<tr style=\"height: 20.25pt;\">\n<td class=\"et5\" style=\"height: 20.25pt; width: 133.75pt;\" width=\"178\" height=\"27\">Taille du carton\uff1a<\/td>\n<td class=\"et6\" style=\"width: 210.00pt;\" width=\"280\">62,8\u00d743,5\u00d764 cm<\/td>\n<\/tr>\n<tr style=\"height: 19.50pt;\">\n<td class=\"et5\" style=\"height: 19.50pt; width: 133.75pt;\" width=\"178\" height=\"26\">Qt\u00e9\/Ctn :<\/td>\n<td class=\"et6\" style=\"width: 210.00pt;\" width=\"280\">24 pi\u00e8ces<\/td>\n<\/tr>\n<tr style=\"height: 20.25pt;\">\n<td class=\"et5\" style=\"height: 20.25pt; width: 133.75pt;\" width=\"178\" height=\"27\">G.W.\/N.W. :<\/td>\n<td class=\"et6\" style=\"width: 210.00pt;\" width=\"280\">23 \/ 20,5 kg<\/td>\n<\/tr>\n<tr style=\"height: 19.50pt;\">\n<td class=\"et5\" style=\"height: 19.50pt; width: 133.75pt;\" width=\"178\" height=\"26\">Mesure :<\/td>\n<td class=\"et6\" style=\"width: 210.00pt;\" width=\"280\">0,17 cbm \/ 6,17 cuft<\/td>\n<\/tr>\n<\/tbody>\n<\/table>","protected":false},"featured_media":1614,"comment_status":"closed","ping_status":"closed","template":"","meta":{"_acf_changed":false},"product_brand":[],"product_cat":[26,28,69,20],"product_tag":[],"class_list":{"0":"post-1603","1":"product","2":"type-product","3":"status-publish","4":"has-post-thumbnail","6":"product_cat-wholesale-toys-for-all-ages","7":"product_cat-wholesale-toys-for-ages-8-and-up","8":"product_cat-wholesale-boxing-toys","9":"product_cat-wholesale-sports-toys","11":"first","12":"instock","13":"shipping-taxable","14":"product-type-simple"},"acf":[],"_links":{"self":[{"href":"https:\/\/www.chengjitoy.com\/fr\/wp-json\/wp\/v2\/product\/1603","targetHints":{"allow":["GET"]}}],"collection":[{"href":"https:\/\/www.chengjitoy.com\/fr\/wp-json\/wp\/v2\/product"}],"about":[{"href":"https:\/\/www.chengjitoy.com\/fr\/wp-json\/wp\/v2\/types\/product"}],"replies":[{"embeddable":true,"href":"https:\/\/www.chengjitoy.com\/fr\/wp-json\/wp\/v2\/comments?post=1603"}],"wp:featuredmedia":[{"embeddable":true,"href":"https:\/\/www.chengjitoy.com\/fr\/wp-json\/wp\/v2\/media\/1614"}],"wp:attachment":[{"href":"https:\/\/www.chengjitoy.com\/fr\/wp-json\/wp\/v2\/media?parent=1603"}],"wp:term":[{"taxonomy":"product_brand","embeddable":true,"href":"https:\/\/www.chengjitoy.com\/fr\/wp-json\/wp\/v2\/product_brand?post=1603"},{"taxonomy":"product_cat","embeddable":true,"href":"https:\/\/www.chengjitoy.com\/fr\/wp-json\/wp\/v2\/product_cat?post=1603"},{"taxonomy":"product_tag","embeddable":true,"href":"https:\/\/www.chengjitoy.com\/fr\/wp-json\/wp\/v2\/product_tag?post=1603"}],"curies":[{"name":"wp","href":"https:\/\/api.w.org\/{rel}","templated":true}]}}