{"id":2040,"date":"2025-07-18T09:19:59","date_gmt":"2025-07-18T09:19:59","guid":{"rendered":"https:\/\/www.chengjitoy.com\/?post_type=product&#038;p=2040"},"modified":"2025-07-23T01:21:24","modified_gmt":"2025-07-23T01:21:24","slug":"wholesale-lcd-drawing-tablets-cj4877383","status":"publish","type":"product","link":"https:\/\/www.chengjitoy.com\/fr\/product\/wholesale-lcd-drawing-tablets-cj4877383\/","title":{"rendered":"Tablettes de dessin LCD pour enfants - sensibles \u00e0 la pression, s\u00fbres et intelligentes"},"content":{"rendered":"<div class=\"wp-block-columns is-layout-flex wp-container-core-columns-is-layout-9d6595d7 wp-block-columns-is-layout-flex\">\n<div class=\"wp-block-column is-layout-flow wp-block-column-is-layout-flow\" style=\"flex-basis:66.66%\">\n<figure class=\"wp-block-image size-full\"><img loading=\"lazy\" decoding=\"async\" width=\"770\" height=\"1562\" sizes=\"auto, (max-width: 770px) 100vw, 770px\" src=\"https:\/\/www.chengjitoy.com\/wp-content\/uploads\/2025\/07\/Details-of-Lcd-Drawing-Tablet.webp\" alt=\"\" class=\"wp-image-2066\" srcset=\"https:\/\/www.chengjitoy.com\/wp-content\/uploads\/2025\/07\/Details-of-Lcd-Drawing-Tablet.webp 770w, https:\/\/www.chengjitoy.com\/wp-content\/uploads\/2025\/07\/Details-of-Lcd-Drawing-Tablet-148x300.webp 148w, https:\/\/www.chengjitoy.com\/wp-content\/uploads\/2025\/07\/Details-of-Lcd-Drawing-Tablet-768x1558.webp 768w, https:\/\/www.chengjitoy.com\/wp-content\/uploads\/2025\/07\/Details-of-Lcd-Drawing-Tablet-6x12.webp 6w, https:\/\/www.chengjitoy.com\/wp-content\/uploads\/2025\/07\/Details-of-Lcd-Drawing-Tablet-600x1217.webp 600w\" \/><\/figure>\n<\/div>\n\n\n\n<div class=\"wp-block-column is-layout-flow wp-block-column-is-layout-flow\" style=\"flex-basis:33.33%\"><\/div>\n<\/div>\n\n\n\n<div class=\"wp-block-columns is-layout-flex wp-container-core-columns-is-layout-9d6595d7 wp-block-columns-is-layout-flex\">\n<div class=\"wp-block-column is-layout-flow wp-block-column-is-layout-flow\" style=\"flex-basis:66.66%\">\n<figure class=\"wp-block-image size-full\"><img loading=\"lazy\" decoding=\"async\" width=\"770\" height=\"1158\" sizes=\"auto, (max-width: 770px) 100vw, 770px\" src=\"https:\/\/www.chengjitoy.com\/wp-content\/uploads\/2025\/07\/Details-of-Lcd-Drawing-Tablet-2.webp\" alt=\"\" class=\"wp-image-2067\" srcset=\"https:\/\/www.chengjitoy.com\/wp-content\/uploads\/2025\/07\/Details-of-Lcd-Drawing-Tablet-2.webp 770w, https:\/\/www.chengjitoy.com\/wp-content\/uploads\/2025\/07\/Details-of-Lcd-Drawing-Tablet-2-199x300.webp 199w, https:\/\/www.chengjitoy.com\/wp-content\/uploads\/2025\/07\/Details-of-Lcd-Drawing-Tablet-2-768x1155.webp 768w, https:\/\/www.chengjitoy.com\/wp-content\/uploads\/2025\/07\/Details-of-Lcd-Drawing-Tablet-2-8x12.webp 8w, https:\/\/www.chengjitoy.com\/wp-content\/uploads\/2025\/07\/Details-of-Lcd-Drawing-Tablet-2-600x902.webp 600w\" \/><\/figure>\n<\/div>\n\n\n\n<div class=\"wp-block-column is-layout-flow wp-block-column-is-layout-flow\" style=\"flex-basis:33.33%\"><\/div>\n<\/div>\n\n\n\n<div class=\"wp-block-columns is-layout-flex wp-container-core-columns-is-layout-9d6595d7 wp-block-columns-is-layout-flex\">\n<div class=\"wp-block-column is-layout-flow wp-block-column-is-layout-flow\" style=\"flex-basis:66.66%\">\n<figure class=\"wp-block-image size-full\"><img loading=\"lazy\" decoding=\"async\" width=\"770\" height=\"1642\" sizes=\"auto, (max-width: 770px) 100vw, 770px\" src=\"https:\/\/www.chengjitoy.com\/wp-content\/uploads\/2025\/07\/Details-of-Lcd-Drawing-Tablet-3-1.webp\" alt=\"\" class=\"wp-image-2069\" srcset=\"https:\/\/www.chengjitoy.com\/wp-content\/uploads\/2025\/07\/Details-of-Lcd-Drawing-Tablet-3-1.webp 770w, https:\/\/www.chengjitoy.com\/wp-content\/uploads\/2025\/07\/Details-of-Lcd-Drawing-Tablet-3-1-141x300.webp 141w, https:\/\/www.chengjitoy.com\/wp-content\/uploads\/2025\/07\/Details-of-Lcd-Drawing-Tablet-3-1-768x1638.webp 768w, https:\/\/www.chengjitoy.com\/wp-content\/uploads\/2025\/07\/Details-of-Lcd-Drawing-Tablet-3-1-6x12.webp 6w, https:\/\/www.chengjitoy.com\/wp-content\/uploads\/2025\/07\/Details-of-Lcd-Drawing-Tablet-3-1-600x1279.webp 600w\" \/><\/figure>\n<\/div>\n\n\n\n<div class=\"wp-block-column is-layout-flow wp-block-column-is-layout-flow\" style=\"flex-basis:33.33%\"><\/div>\n<\/div>\n\n\n\n<div class=\"wp-block-columns is-layout-flex wp-container-core-columns-is-layout-9d6595d7 wp-block-columns-is-layout-flex\">\n<div class=\"wp-block-column is-layout-flow wp-block-column-is-layout-flow\" style=\"flex-basis:66.66%\">\n<figure class=\"wp-block-image size-full\"><img loading=\"lazy\" decoding=\"async\" width=\"770\" height=\"1904\" sizes=\"auto, (max-width: 770px) 100vw, 770px\" src=\"https:\/\/www.chengjitoy.com\/wp-content\/uploads\/2025\/07\/Details-of-Lcd-Drawing-Tablet-4.webp\" alt=\"\" class=\"wp-image-2070\" srcset=\"https:\/\/www.chengjitoy.com\/wp-content\/uploads\/2025\/07\/Details-of-Lcd-Drawing-Tablet-4.webp 770w, https:\/\/www.chengjitoy.com\/wp-content\/uploads\/2025\/07\/Details-of-Lcd-Drawing-Tablet-4-121x300.webp 121w, https:\/\/www.chengjitoy.com\/wp-content\/uploads\/2025\/07\/Details-of-Lcd-Drawing-Tablet-4-768x1899.webp 768w, https:\/\/www.chengjitoy.com\/wp-content\/uploads\/2025\/07\/Details-of-Lcd-Drawing-Tablet-4-5x12.webp 5w, https:\/\/www.chengjitoy.com\/wp-content\/uploads\/2025\/07\/Details-of-Lcd-Drawing-Tablet-4-600x1484.webp 600w\" \/><\/figure>\n<\/div>\n\n\n\n<div class=\"wp-block-column is-layout-flow wp-block-column-is-layout-flow\" style=\"flex-basis:33.33%\"><\/div>\n<\/div>\n\n\n\n<div class=\"wp-block-columns is-layout-flex wp-container-core-columns-is-layout-9d6595d7 wp-block-columns-is-layout-flex\">\n<div class=\"wp-block-column is-layout-flow wp-block-column-is-layout-flow\" style=\"flex-basis:66.66%\">\n<figure class=\"wp-block-image size-full\"><img loading=\"lazy\" decoding=\"async\" width=\"770\" height=\"1398\" sizes=\"auto, (max-width: 770px) 100vw, 770px\" src=\"https:\/\/www.chengjitoy.com\/wp-content\/uploads\/2025\/07\/Details-of-Lcd-Drawing-Tablet-5.webp\" alt=\"\" class=\"wp-image-2071\" srcset=\"https:\/\/www.chengjitoy.com\/wp-content\/uploads\/2025\/07\/Details-of-Lcd-Drawing-Tablet-5.webp 770w, https:\/\/www.chengjitoy.com\/wp-content\/uploads\/2025\/07\/Details-of-Lcd-Drawing-Tablet-5-165x300.webp 165w, https:\/\/www.chengjitoy.com\/wp-content\/uploads\/2025\/07\/Details-of-Lcd-Drawing-Tablet-5-768x1394.webp 768w, https:\/\/www.chengjitoy.com\/wp-content\/uploads\/2025\/07\/Details-of-Lcd-Drawing-Tablet-5-7x12.webp 7w, https:\/\/www.chengjitoy.com\/wp-content\/uploads\/2025\/07\/Details-of-Lcd-Drawing-Tablet-5-600x1089.webp 600w\" \/><\/figure>\n<\/div>\n\n\n\n<div class=\"wp-block-column is-layout-flow wp-block-column-is-layout-flow\" style=\"flex-basis:33.33%\"><\/div>\n<\/div>\n\n\n\n<div class=\"wp-block-columns is-layout-flex wp-container-core-columns-is-layout-9d6595d7 wp-block-columns-is-layout-flex\">\n<div class=\"wp-block-column is-layout-flow wp-block-column-is-layout-flow\" style=\"flex-basis:66.66%\">\n<figure class=\"wp-block-image size-full\"><img loading=\"lazy\" decoding=\"async\" width=\"770\" height=\"1340\" sizes=\"auto, (max-width: 770px) 100vw, 770px\" src=\"https:\/\/www.chengjitoy.com\/wp-content\/uploads\/2025\/07\/Details-of-Lcd-Drawing-Tablet-6.webp\" alt=\"\" class=\"wp-image-2072\" srcset=\"https:\/\/www.chengjitoy.com\/wp-content\/uploads\/2025\/07\/Details-of-Lcd-Drawing-Tablet-6.webp 770w, https:\/\/www.chengjitoy.com\/wp-content\/uploads\/2025\/07\/Details-of-Lcd-Drawing-Tablet-6-172x300.webp 172w, https:\/\/www.chengjitoy.com\/wp-content\/uploads\/2025\/07\/Details-of-Lcd-Drawing-Tablet-6-768x1337.webp 768w, https:\/\/www.chengjitoy.com\/wp-content\/uploads\/2025\/07\/Details-of-Lcd-Drawing-Tablet-6-7x12.webp 7w, https:\/\/www.chengjitoy.com\/wp-content\/uploads\/2025\/07\/Details-of-Lcd-Drawing-Tablet-6-600x1044.webp 600w\" \/><\/figure>\n<\/div>\n\n\n\n<div class=\"wp-block-column is-layout-flow wp-block-column-is-layout-flow\" style=\"flex-basis:33.33%\"><\/div>\n<\/div>\n\n\n\n<div class=\"wp-block-columns is-layout-flex wp-container-core-columns-is-layout-9d6595d7 wp-block-columns-is-layout-flex\">\n<div class=\"wp-block-column is-layout-flow wp-block-column-is-layout-flow\" style=\"flex-basis:66.66%\">\n<figure class=\"wp-block-image size-full\"><img loading=\"lazy\" decoding=\"async\" width=\"770\" height=\"1468\" sizes=\"auto, (max-width: 770px) 100vw, 770px\" src=\"https:\/\/www.chengjitoy.com\/wp-content\/uploads\/2025\/07\/Details-of-Lcd-Drawing-Tablet-7.webp\" alt=\"\" class=\"wp-image-2073\" srcset=\"https:\/\/www.chengjitoy.com\/wp-content\/uploads\/2025\/07\/Details-of-Lcd-Drawing-Tablet-7.webp 770w, https:\/\/www.chengjitoy.com\/wp-content\/uploads\/2025\/07\/Details-of-Lcd-Drawing-Tablet-7-157x300.webp 157w, https:\/\/www.chengjitoy.com\/wp-content\/uploads\/2025\/07\/Details-of-Lcd-Drawing-Tablet-7-768x1464.webp 768w, https:\/\/www.chengjitoy.com\/wp-content\/uploads\/2025\/07\/Details-of-Lcd-Drawing-Tablet-7-6x12.webp 6w, https:\/\/www.chengjitoy.com\/wp-content\/uploads\/2025\/07\/Details-of-Lcd-Drawing-Tablet-7-600x1144.webp 600w\" \/><\/figure>\n<\/div>\n\n\n\n<div class=\"wp-block-column is-layout-flow wp-block-column-is-layout-flow\" style=\"flex-basis:33.33%\"><\/div>\n<\/div>\n\n\n\n<div class=\"wp-block-columns is-layout-flex wp-container-core-columns-is-layout-9d6595d7 wp-block-columns-is-layout-flex\">\n<div class=\"wp-block-column is-layout-flow wp-block-column-is-layout-flow\" style=\"flex-basis:66.66%\">\n<figure class=\"wp-block-image size-full\"><img loading=\"lazy\" decoding=\"async\" width=\"770\" height=\"840\" sizes=\"auto, (max-width: 770px) 100vw, 770px\" src=\"https:\/\/www.chengjitoy.com\/wp-content\/uploads\/2025\/07\/Details-of-Lcd-Drawing-Tablet-8.webp\" alt=\"\" class=\"wp-image-2074\" srcset=\"https:\/\/www.chengjitoy.com\/wp-content\/uploads\/2025\/07\/Details-of-Lcd-Drawing-Tablet-8.webp 770w, https:\/\/www.chengjitoy.com\/wp-content\/uploads\/2025\/07\/Details-of-Lcd-Drawing-Tablet-8-275x300.webp 275w, https:\/\/www.chengjitoy.com\/wp-content\/uploads\/2025\/07\/Details-of-Lcd-Drawing-Tablet-8-768x838.webp 768w, https:\/\/www.chengjitoy.com\/wp-content\/uploads\/2025\/07\/Details-of-Lcd-Drawing-Tablet-8-11x12.webp 11w, https:\/\/www.chengjitoy.com\/wp-content\/uploads\/2025\/07\/Details-of-Lcd-Drawing-Tablet-8-600x655.webp 600w\" \/><\/figure>\n<\/div>\n\n\n\n<div class=\"wp-block-column is-layout-flow wp-block-column-is-layout-flow\" style=\"flex-basis:33.33%\"><\/div>\n<\/div>\n\n\n\n<div class=\"wp-block-columns is-layout-flex wp-container-core-columns-is-layout-9d6595d7 wp-block-columns-is-layout-flex\">\n<div class=\"wp-block-column is-layout-flow wp-block-column-is-layout-flow\" style=\"flex-basis:66.66%\">\n<figure class=\"wp-block-image size-full\"><img loading=\"lazy\" decoding=\"async\" width=\"770\" height=\"1450\" sizes=\"auto, (max-width: 770px) 100vw, 770px\" src=\"https:\/\/www.chengjitoy.com\/wp-content\/uploads\/2025\/07\/Details-of-Lcd-Drawing-Tablet-9.webp\" alt=\"\" class=\"wp-image-2075\" srcset=\"https:\/\/www.chengjitoy.com\/wp-content\/uploads\/2025\/07\/Details-of-Lcd-Drawing-Tablet-9.webp 770w, https:\/\/www.chengjitoy.com\/wp-content\/uploads\/2025\/07\/Details-of-Lcd-Drawing-Tablet-9-159x300.webp 159w, https:\/\/www.chengjitoy.com\/wp-content\/uploads\/2025\/07\/Details-of-Lcd-Drawing-Tablet-9-768x1446.webp 768w, https:\/\/www.chengjitoy.com\/wp-content\/uploads\/2025\/07\/Details-of-Lcd-Drawing-Tablet-9-6x12.webp 6w, https:\/\/www.chengjitoy.com\/wp-content\/uploads\/2025\/07\/Details-of-Lcd-Drawing-Tablet-9-600x1130.webp 600w\" \/><\/figure>\n<\/div>\n\n\n\n<div class=\"wp-block-column is-layout-flow wp-block-column-is-layout-flow\" style=\"flex-basis:33.33%\"><\/div>\n<\/div>","protected":false},"excerpt":{"rendered":"<p>Tablettes de dessin lcd en gros. Une tablette de dessin intelligente et sans danger pour les yeux, con\u00e7ue pour les enfants. Dot\u00e9e d'une sensibilit\u00e9 \u00e0 la pression avanc\u00e9e et d'un \u00e9cran LCD flexible \u00e0 double couche, elle permet des heures de plaisir cr\u00e9atif sans fatigue oculaire.<\/p>\n<h2>Sp\u00e9cifications des tablettes de dessin \u00e0 \u00e9cran LCD<\/h2>\n<table>\n<tbody>\n<tr>\n<td>Objet<\/td>\n<td>Sp\u00e9cifications<\/td>\n<\/tr>\n<tr>\n<td>Num\u00e9ro d'article :<\/td>\n<td>CJ-4877383<\/td>\n<\/tr>\n<tr>\n<td>Paquet :<\/td>\n<td>bo\u00eete \u00e0 couleurs<\/td>\n<\/tr>\n<tr>\n<td>Taille de l'emballage :<\/td>\n<td>29,2\u00d71,6\u00d722,4 cm<\/td>\n<\/tr>\n<tr>\n<td>Taille du carton\uff1a<\/td>\n<td>63,5\u00d730,5\u00d769,5 cm<\/td>\n<\/tr>\n<tr>\n<td>Q'ty\/Ctn :<\/td>\n<td>108 pi\u00e8ces<\/td>\n<\/tr>\n<tr>\n<td>G.W.\/N.W. :<\/td>\n<td>28 \/ 25 kg<\/td>\n<\/tr>\n<tr>\n<td>Mesure :<\/td>\n<td>0,13 cbm \/ 4,75 cuft<\/td>\n<\/tr>\n<\/tbody>\n<\/table>\n<p>&nbsp;<\/p>","protected":false},"featured_media":2153,"comment_status":"closed","ping_status":"closed","template":"","meta":{"_acf_changed":false},"product_brand":[],"product_cat":[26,30,95,24],"product_tag":[],"class_list":{"0":"post-2040","1":"product","2":"type-product","3":"status-publish","4":"has-post-thumbnail","6":"product_cat-wholesale-toys-for-all-ages","7":"product_cat-wholesale-toys-for-ages-3-and-up","8":"product_cat-wholesale-drawing-and-writing-toys","9":"product_cat-wholesale-educational-toys","11":"first","12":"instock","13":"shipping-taxable","14":"product-type-simple"},"acf":[],"_links":{"self":[{"href":"https:\/\/www.chengjitoy.com\/fr\/wp-json\/wp\/v2\/product\/2040","targetHints":{"allow":["GET"]}}],"collection":[{"href":"https:\/\/www.chengjitoy.com\/fr\/wp-json\/wp\/v2\/product"}],"about":[{"href":"https:\/\/www.chengjitoy.com\/fr\/wp-json\/wp\/v2\/types\/product"}],"replies":[{"embeddable":true,"href":"https:\/\/www.chengjitoy.com\/fr\/wp-json\/wp\/v2\/comments?post=2040"}],"wp:featuredmedia":[{"embeddable":true,"href":"https:\/\/www.chengjitoy.com\/fr\/wp-json\/wp\/v2\/media\/2153"}],"wp:attachment":[{"href":"https:\/\/www.chengjitoy.com\/fr\/wp-json\/wp\/v2\/media?parent=2040"}],"wp:term":[{"taxonomy":"product_brand","embeddable":true,"href":"https:\/\/www.chengjitoy.com\/fr\/wp-json\/wp\/v2\/product_brand?post=2040"},{"taxonomy":"product_cat","embeddable":true,"href":"https:\/\/www.chengjitoy.com\/fr\/wp-json\/wp\/v2\/product_cat?post=2040"},{"taxonomy":"product_tag","embeddable":true,"href":"https:\/\/www.chengjitoy.com\/fr\/wp-json\/wp\/v2\/product_tag?post=2040"}],"curies":[{"name":"wp","href":"https:\/\/api.w.org\/{rel}","templated":true}]}}