{"id":2076,"date":"2025-07-18T09:19:48","date_gmt":"2025-07-18T09:19:48","guid":{"rendered":"https:\/\/www.chengjitoy.com\/?post_type=product&#038;p=2076"},"modified":"2025-07-23T01:47:57","modified_gmt":"2025-07-23T01:47:57","slug":"wholesale-smart-toy-robot-dog-cj4892098","status":"publish","type":"product","link":"https:\/\/www.chengjitoy.com\/fr\/product\/wholesale-smart-toy-robot-dog-cj4892098\/","title":{"rendered":"Wholesale Smart Toy Robot Dogs with Remote Control, Dance &amp; Light Show"},"content":{"rendered":"<div class=\"wp-block-columns is-layout-flex wp-container-core-columns-is-layout-9d6595d7 wp-block-columns-is-layout-flex\">\n<div class=\"wp-block-column is-layout-flow wp-block-column-is-layout-flow\" style=\"flex-basis:66.66%\">\n<figure class=\"wp-block-image size-full\"><img loading=\"lazy\" decoding=\"async\" width=\"770\" height=\"1212\" sizes=\"auto, (max-width: 770px) 100vw, 770px\" src=\"https:\/\/www.chengjitoy.com\/wp-content\/uploads\/2025\/07\/Details-of-Smart-Interactive-Cyberpunk-Dog01.webp\" alt=\"\" class=\"wp-image-2087\" srcset=\"https:\/\/www.chengjitoy.com\/wp-content\/uploads\/2025\/07\/Details-of-Smart-Interactive-Cyberpunk-Dog01.webp 770w, https:\/\/www.chengjitoy.com\/wp-content\/uploads\/2025\/07\/Details-of-Smart-Interactive-Cyberpunk-Dog01-191x300.webp 191w, https:\/\/www.chengjitoy.com\/wp-content\/uploads\/2025\/07\/Details-of-Smart-Interactive-Cyberpunk-Dog01-768x1209.webp 768w, https:\/\/www.chengjitoy.com\/wp-content\/uploads\/2025\/07\/Details-of-Smart-Interactive-Cyberpunk-Dog01-8x12.webp 8w, https:\/\/www.chengjitoy.com\/wp-content\/uploads\/2025\/07\/Details-of-Smart-Interactive-Cyberpunk-Dog01-600x944.webp 600w\" \/><\/figure>\n<\/div>\n\n\n\n<div class=\"wp-block-column is-layout-flow wp-block-column-is-layout-flow\" style=\"flex-basis:33.33%\"><\/div>\n<\/div>\n\n\n\n<div class=\"wp-block-columns is-layout-flex wp-container-core-columns-is-layout-9d6595d7 wp-block-columns-is-layout-flex\">\n<div class=\"wp-block-column is-layout-flow wp-block-column-is-layout-flow\" style=\"flex-basis:66.66%\">\n<figure class=\"wp-block-image size-full\"><img loading=\"lazy\" decoding=\"async\" width=\"770\" height=\"790\" sizes=\"auto, (max-width: 770px) 100vw, 770px\" src=\"https:\/\/www.chengjitoy.com\/wp-content\/uploads\/2025\/07\/Details-of-Smart-Interactive-Cyberpunk-Dog02.webp\" alt=\"\" class=\"wp-image-2088\" srcset=\"https:\/\/www.chengjitoy.com\/wp-content\/uploads\/2025\/07\/Details-of-Smart-Interactive-Cyberpunk-Dog02.webp 770w, https:\/\/www.chengjitoy.com\/wp-content\/uploads\/2025\/07\/Details-of-Smart-Interactive-Cyberpunk-Dog02-292x300.webp 292w, https:\/\/www.chengjitoy.com\/wp-content\/uploads\/2025\/07\/Details-of-Smart-Interactive-Cyberpunk-Dog02-768x788.webp 768w, https:\/\/www.chengjitoy.com\/wp-content\/uploads\/2025\/07\/Details-of-Smart-Interactive-Cyberpunk-Dog02-12x12.webp 12w, https:\/\/www.chengjitoy.com\/wp-content\/uploads\/2025\/07\/Details-of-Smart-Interactive-Cyberpunk-Dog02-600x616.webp 600w\" \/><\/figure>\n<\/div>\n\n\n\n<div class=\"wp-block-column is-layout-flow wp-block-column-is-layout-flow\" style=\"flex-basis:33.33%\"><\/div>\n<\/div>\n\n\n\n<div class=\"wp-block-columns is-layout-flex wp-container-core-columns-is-layout-9d6595d7 wp-block-columns-is-layout-flex\">\n<div class=\"wp-block-column is-layout-flow wp-block-column-is-layout-flow\" style=\"flex-basis:66.66%\">\n<figure class=\"wp-block-image size-full\"><img loading=\"lazy\" decoding=\"async\" width=\"770\" height=\"1677\" sizes=\"auto, (max-width: 770px) 100vw, 770px\" src=\"https:\/\/www.chengjitoy.com\/wp-content\/uploads\/2025\/07\/Details-of-Smart-Interactive-Cyberpunk-Dog03.webp\" alt=\"\" class=\"wp-image-2089\" srcset=\"https:\/\/www.chengjitoy.com\/wp-content\/uploads\/2025\/07\/Details-of-Smart-Interactive-Cyberpunk-Dog03.webp 770w, https:\/\/www.chengjitoy.com\/wp-content\/uploads\/2025\/07\/Details-of-Smart-Interactive-Cyberpunk-Dog03-138x300.webp 138w, https:\/\/www.chengjitoy.com\/wp-content\/uploads\/2025\/07\/Details-of-Smart-Interactive-Cyberpunk-Dog03-768x1673.webp 768w, https:\/\/www.chengjitoy.com\/wp-content\/uploads\/2025\/07\/Details-of-Smart-Interactive-Cyberpunk-Dog03-6x12.webp 6w, https:\/\/www.chengjitoy.com\/wp-content\/uploads\/2025\/07\/Details-of-Smart-Interactive-Cyberpunk-Dog03-600x1307.webp 600w\" \/><\/figure>\n<\/div>\n\n\n\n<div class=\"wp-block-column is-layout-flow wp-block-column-is-layout-flow\" style=\"flex-basis:33.33%\"><\/div>\n<\/div>\n\n\n\n<div class=\"wp-block-columns is-layout-flex wp-container-core-columns-is-layout-9d6595d7 wp-block-columns-is-layout-flex\">\n<div class=\"wp-block-column is-layout-flow wp-block-column-is-layout-flow\" style=\"flex-basis:66.66%\">\n<figure class=\"wp-block-image size-full\"><img loading=\"lazy\" decoding=\"async\" width=\"770\" height=\"1792\" sizes=\"auto, (max-width: 770px) 100vw, 770px\" src=\"https:\/\/www.chengjitoy.com\/wp-content\/uploads\/2025\/07\/Details-of-Smart-Interactive-Cyberpunk-Dog04.webp\" alt=\"\" class=\"wp-image-2090\" srcset=\"https:\/\/www.chengjitoy.com\/wp-content\/uploads\/2025\/07\/Details-of-Smart-Interactive-Cyberpunk-Dog04.webp 770w, https:\/\/www.chengjitoy.com\/wp-content\/uploads\/2025\/07\/Details-of-Smart-Interactive-Cyberpunk-Dog04-129x300.webp 129w, https:\/\/www.chengjitoy.com\/wp-content\/uploads\/2025\/07\/Details-of-Smart-Interactive-Cyberpunk-Dog04-768x1787.webp 768w, https:\/\/www.chengjitoy.com\/wp-content\/uploads\/2025\/07\/Details-of-Smart-Interactive-Cyberpunk-Dog04-5x12.webp 5w, https:\/\/www.chengjitoy.com\/wp-content\/uploads\/2025\/07\/Details-of-Smart-Interactive-Cyberpunk-Dog04-600x1396.webp 600w\" \/><\/figure>\n<\/div>\n\n\n\n<div class=\"wp-block-column is-layout-flow wp-block-column-is-layout-flow\" style=\"flex-basis:33.33%\"><\/div>\n<\/div>\n\n\n\n<div class=\"wp-block-columns is-layout-flex wp-container-core-columns-is-layout-9d6595d7 wp-block-columns-is-layout-flex\">\n<div class=\"wp-block-column is-layout-flow wp-block-column-is-layout-flow\" style=\"flex-basis:66.66%\">\n<figure class=\"wp-block-image size-full\"><img loading=\"lazy\" decoding=\"async\" width=\"770\" height=\"1447\" sizes=\"auto, (max-width: 770px) 100vw, 770px\" src=\"https:\/\/www.chengjitoy.com\/wp-content\/uploads\/2025\/07\/Details-of-Smart-Interactive-Cyberpunk-Dog05.webp\" alt=\"\" class=\"wp-image-2091\" srcset=\"https:\/\/www.chengjitoy.com\/wp-content\/uploads\/2025\/07\/Details-of-Smart-Interactive-Cyberpunk-Dog05.webp 770w, https:\/\/www.chengjitoy.com\/wp-content\/uploads\/2025\/07\/Details-of-Smart-Interactive-Cyberpunk-Dog05-160x300.webp 160w, https:\/\/www.chengjitoy.com\/wp-content\/uploads\/2025\/07\/Details-of-Smart-Interactive-Cyberpunk-Dog05-768x1443.webp 768w, https:\/\/www.chengjitoy.com\/wp-content\/uploads\/2025\/07\/Details-of-Smart-Interactive-Cyberpunk-Dog05-6x12.webp 6w, https:\/\/www.chengjitoy.com\/wp-content\/uploads\/2025\/07\/Details-of-Smart-Interactive-Cyberpunk-Dog05-600x1128.webp 600w\" \/><\/figure>\n<\/div>\n\n\n\n<div class=\"wp-block-column is-layout-flow wp-block-column-is-layout-flow\" style=\"flex-basis:33.33%\"><\/div>\n<\/div>\n\n\n\n<div class=\"wp-block-columns is-layout-flex wp-container-core-columns-is-layout-9d6595d7 wp-block-columns-is-layout-flex\">\n<div class=\"wp-block-column is-layout-flow wp-block-column-is-layout-flow\" style=\"flex-basis:66.66%\">\n<figure class=\"wp-block-image size-full\"><img loading=\"lazy\" decoding=\"async\" width=\"770\" height=\"1644\" sizes=\"auto, (max-width: 770px) 100vw, 770px\" src=\"https:\/\/www.chengjitoy.com\/wp-content\/uploads\/2025\/07\/Details-of-Smart-Interactive-Cyberpunk-Dog06.webp\" alt=\"\" class=\"wp-image-2092\" srcset=\"https:\/\/www.chengjitoy.com\/wp-content\/uploads\/2025\/07\/Details-of-Smart-Interactive-Cyberpunk-Dog06.webp 770w, https:\/\/www.chengjitoy.com\/wp-content\/uploads\/2025\/07\/Details-of-Smart-Interactive-Cyberpunk-Dog06-141x300.webp 141w, https:\/\/www.chengjitoy.com\/wp-content\/uploads\/2025\/07\/Details-of-Smart-Interactive-Cyberpunk-Dog06-768x1640.webp 768w, https:\/\/www.chengjitoy.com\/wp-content\/uploads\/2025\/07\/Details-of-Smart-Interactive-Cyberpunk-Dog06-6x12.webp 6w, https:\/\/www.chengjitoy.com\/wp-content\/uploads\/2025\/07\/Details-of-Smart-Interactive-Cyberpunk-Dog06-600x1281.webp 600w\" \/><\/figure>\n<\/div>\n\n\n\n<div class=\"wp-block-column is-layout-flow wp-block-column-is-layout-flow\" style=\"flex-basis:33.33%\"><\/div>\n<\/div>\n\n\n\n<div class=\"wp-block-columns is-layout-flex wp-container-core-columns-is-layout-9d6595d7 wp-block-columns-is-layout-flex\">\n<div class=\"wp-block-column is-layout-flow wp-block-column-is-layout-flow\" style=\"flex-basis:66.66%\">\n<figure class=\"wp-block-image size-full\"><img loading=\"lazy\" decoding=\"async\" width=\"770\" height=\"1365\" sizes=\"auto, (max-width: 770px) 100vw, 770px\" src=\"https:\/\/www.chengjitoy.com\/wp-content\/uploads\/2025\/07\/Details-of-Smart-Interactive-Cyberpunk-Dog07.webp\" alt=\"\" class=\"wp-image-2093\" srcset=\"https:\/\/www.chengjitoy.com\/wp-content\/uploads\/2025\/07\/Details-of-Smart-Interactive-Cyberpunk-Dog07.webp 770w, https:\/\/www.chengjitoy.com\/wp-content\/uploads\/2025\/07\/Details-of-Smart-Interactive-Cyberpunk-Dog07-169x300.webp 169w, https:\/\/www.chengjitoy.com\/wp-content\/uploads\/2025\/07\/Details-of-Smart-Interactive-Cyberpunk-Dog07-768x1361.webp 768w, https:\/\/www.chengjitoy.com\/wp-content\/uploads\/2025\/07\/Details-of-Smart-Interactive-Cyberpunk-Dog07-7x12.webp 7w, https:\/\/www.chengjitoy.com\/wp-content\/uploads\/2025\/07\/Details-of-Smart-Interactive-Cyberpunk-Dog07-600x1064.webp 600w\" \/><\/figure>\n<\/div>\n\n\n\n<div class=\"wp-block-column is-layout-flow wp-block-column-is-layout-flow\" style=\"flex-basis:33.33%\"><\/div>\n<\/div>\n\n\n\n<div class=\"wp-block-columns is-layout-flex wp-container-core-columns-is-layout-9d6595d7 wp-block-columns-is-layout-flex\">\n<div class=\"wp-block-column is-layout-flow wp-block-column-is-layout-flow\" style=\"flex-basis:66.66%\">\n<figure class=\"wp-block-image size-full\"><img loading=\"lazy\" decoding=\"async\" width=\"770\" height=\"1612\" sizes=\"auto, (max-width: 770px) 100vw, 770px\" src=\"https:\/\/www.chengjitoy.com\/wp-content\/uploads\/2025\/07\/Details-of-Smart-Interactive-Cyberpunk-Dog08.webp\" alt=\"\" class=\"wp-image-2094\" srcset=\"https:\/\/www.chengjitoy.com\/wp-content\/uploads\/2025\/07\/Details-of-Smart-Interactive-Cyberpunk-Dog08.webp 770w, https:\/\/www.chengjitoy.com\/wp-content\/uploads\/2025\/07\/Details-of-Smart-Interactive-Cyberpunk-Dog08-143x300.webp 143w, https:\/\/www.chengjitoy.com\/wp-content\/uploads\/2025\/07\/Details-of-Smart-Interactive-Cyberpunk-Dog08-768x1608.webp 768w, https:\/\/www.chengjitoy.com\/wp-content\/uploads\/2025\/07\/Details-of-Smart-Interactive-Cyberpunk-Dog08-6x12.webp 6w, https:\/\/www.chengjitoy.com\/wp-content\/uploads\/2025\/07\/Details-of-Smart-Interactive-Cyberpunk-Dog08-600x1256.webp 600w\" \/><\/figure>\n<\/div>\n\n\n\n<div class=\"wp-block-column is-layout-flow wp-block-column-is-layout-flow\" style=\"flex-basis:33.33%\"><\/div>\n<\/div>\n\n\n\n<div class=\"wp-block-columns is-layout-flex wp-container-core-columns-is-layout-9d6595d7 wp-block-columns-is-layout-flex\">\n<div class=\"wp-block-column is-layout-flow wp-block-column-is-layout-flow\" style=\"flex-basis:66.66%\">\n<figure class=\"wp-block-image size-full\"><img loading=\"lazy\" decoding=\"async\" width=\"770\" height=\"1595\" sizes=\"auto, (max-width: 770px) 100vw, 770px\" src=\"https:\/\/www.chengjitoy.com\/wp-content\/uploads\/2025\/07\/Details-of-Smart-Interactive-Cyberpunk-Dog09.webp\" alt=\"\" class=\"wp-image-2095\" srcset=\"https:\/\/www.chengjitoy.com\/wp-content\/uploads\/2025\/07\/Details-of-Smart-Interactive-Cyberpunk-Dog09.webp 770w, https:\/\/www.chengjitoy.com\/wp-content\/uploads\/2025\/07\/Details-of-Smart-Interactive-Cyberpunk-Dog09-145x300.webp 145w, https:\/\/www.chengjitoy.com\/wp-content\/uploads\/2025\/07\/Details-of-Smart-Interactive-Cyberpunk-Dog09-768x1591.webp 768w, https:\/\/www.chengjitoy.com\/wp-content\/uploads\/2025\/07\/Details-of-Smart-Interactive-Cyberpunk-Dog09-6x12.webp 6w, https:\/\/www.chengjitoy.com\/wp-content\/uploads\/2025\/07\/Details-of-Smart-Interactive-Cyberpunk-Dog09-600x1243.webp 600w\" \/><\/figure>\n<\/div>\n\n\n\n<div class=\"wp-block-column is-layout-flow wp-block-column-is-layout-flow\" style=\"flex-basis:33.33%\"><\/div>\n<\/div>\n\n\n\n<div class=\"wp-block-columns is-layout-flex wp-container-core-columns-is-layout-9d6595d7 wp-block-columns-is-layout-flex\">\n<div class=\"wp-block-column is-layout-flow wp-block-column-is-layout-flow\" style=\"flex-basis:66.66%\">\n<figure class=\"wp-block-image size-full\"><img loading=\"lazy\" decoding=\"async\" width=\"770\" height=\"1677\" sizes=\"auto, (max-width: 770px) 100vw, 770px\" src=\"https:\/\/www.chengjitoy.com\/wp-content\/uploads\/2025\/07\/Details-of-Smart-Interactive-Cyberpunk-Dog10.webp\" alt=\"\" class=\"wp-image-2096\" srcset=\"https:\/\/www.chengjitoy.com\/wp-content\/uploads\/2025\/07\/Details-of-Smart-Interactive-Cyberpunk-Dog10.webp 770w, https:\/\/www.chengjitoy.com\/wp-content\/uploads\/2025\/07\/Details-of-Smart-Interactive-Cyberpunk-Dog10-138x300.webp 138w, https:\/\/www.chengjitoy.com\/wp-content\/uploads\/2025\/07\/Details-of-Smart-Interactive-Cyberpunk-Dog10-768x1673.webp 768w, https:\/\/www.chengjitoy.com\/wp-content\/uploads\/2025\/07\/Details-of-Smart-Interactive-Cyberpunk-Dog10-6x12.webp 6w, https:\/\/www.chengjitoy.com\/wp-content\/uploads\/2025\/07\/Details-of-Smart-Interactive-Cyberpunk-Dog10-600x1307.webp 600w\" \/><\/figure>\n<\/div>\n\n\n\n<div class=\"wp-block-column is-layout-flow wp-block-column-is-layout-flow\" style=\"flex-basis:33.33%\"><\/div>\n<\/div>\n\n\n\n<div class=\"wp-block-columns is-layout-flex wp-container-core-columns-is-layout-9d6595d7 wp-block-columns-is-layout-flex\">\n<div class=\"wp-block-column is-layout-flow wp-block-column-is-layout-flow\" style=\"flex-basis:66.66%\">\n<figure class=\"wp-block-image size-full\"><img loading=\"lazy\" decoding=\"async\" width=\"770\" height=\"1710\" sizes=\"auto, (max-width: 770px) 100vw, 770px\" src=\"https:\/\/www.chengjitoy.com\/wp-content\/uploads\/2025\/07\/Details-of-Smart-Interactive-Cyberpunk-Dog11.webp\" alt=\"\" class=\"wp-image-2097\" srcset=\"https:\/\/www.chengjitoy.com\/wp-content\/uploads\/2025\/07\/Details-of-Smart-Interactive-Cyberpunk-Dog11.webp 770w, https:\/\/www.chengjitoy.com\/wp-content\/uploads\/2025\/07\/Details-of-Smart-Interactive-Cyberpunk-Dog11-135x300.webp 135w, https:\/\/www.chengjitoy.com\/wp-content\/uploads\/2025\/07\/Details-of-Smart-Interactive-Cyberpunk-Dog11-768x1706.webp 768w, https:\/\/www.chengjitoy.com\/wp-content\/uploads\/2025\/07\/Details-of-Smart-Interactive-Cyberpunk-Dog11-5x12.webp 5w, https:\/\/www.chengjitoy.com\/wp-content\/uploads\/2025\/07\/Details-of-Smart-Interactive-Cyberpunk-Dog11-600x1332.webp 600w\" \/><\/figure>\n<\/div>\n\n\n\n<div class=\"wp-block-column is-layout-flow wp-block-column-is-layout-flow\" style=\"flex-basis:33.33%\"><\/div>\n<\/div>\n\n\n\n<div class=\"wp-block-columns is-layout-flex wp-container-core-columns-is-layout-9d6595d7 wp-block-columns-is-layout-flex\">\n<div class=\"wp-block-column is-layout-flow wp-block-column-is-layout-flow\" style=\"flex-basis:66.66%\">\n<figure class=\"wp-block-image size-full\"><img loading=\"lazy\" decoding=\"async\" width=\"770\" height=\"1611\" sizes=\"auto, (max-width: 770px) 100vw, 770px\" src=\"https:\/\/www.chengjitoy.com\/wp-content\/uploads\/2025\/07\/Details-of-Smart-Interactive-Cyberpunk-Dog12.webp\" alt=\"\" class=\"wp-image-2098\" srcset=\"https:\/\/www.chengjitoy.com\/wp-content\/uploads\/2025\/07\/Details-of-Smart-Interactive-Cyberpunk-Dog12.webp 770w, https:\/\/www.chengjitoy.com\/wp-content\/uploads\/2025\/07\/Details-of-Smart-Interactive-Cyberpunk-Dog12-143x300.webp 143w, https:\/\/www.chengjitoy.com\/wp-content\/uploads\/2025\/07\/Details-of-Smart-Interactive-Cyberpunk-Dog12-768x1607.webp 768w, https:\/\/www.chengjitoy.com\/wp-content\/uploads\/2025\/07\/Details-of-Smart-Interactive-Cyberpunk-Dog12-6x12.webp 6w, https:\/\/www.chengjitoy.com\/wp-content\/uploads\/2025\/07\/Details-of-Smart-Interactive-Cyberpunk-Dog12-600x1255.webp 600w\" \/><\/figure>\n<\/div>\n\n\n\n<div class=\"wp-block-column is-layout-flow wp-block-column-is-layout-flow\" style=\"flex-basis:33.33%\"><\/div>\n<\/div>\n\n\n\n<div class=\"wp-block-columns is-layout-flex wp-container-core-columns-is-layout-9d6595d7 wp-block-columns-is-layout-flex\">\n<div class=\"wp-block-column is-layout-flow wp-block-column-is-layout-flow\" style=\"flex-basis:66.66%\">\n<figure class=\"wp-block-image size-full\"><img loading=\"lazy\" decoding=\"async\" width=\"770\" height=\"1447\" sizes=\"auto, (max-width: 770px) 100vw, 770px\" src=\"https:\/\/www.chengjitoy.com\/wp-content\/uploads\/2025\/07\/Details-of-Smart-Interactive-Cyberpunk-Dog13.webp\" alt=\"\" class=\"wp-image-2099\" srcset=\"https:\/\/www.chengjitoy.com\/wp-content\/uploads\/2025\/07\/Details-of-Smart-Interactive-Cyberpunk-Dog13.webp 770w, https:\/\/www.chengjitoy.com\/wp-content\/uploads\/2025\/07\/Details-of-Smart-Interactive-Cyberpunk-Dog13-160x300.webp 160w, https:\/\/www.chengjitoy.com\/wp-content\/uploads\/2025\/07\/Details-of-Smart-Interactive-Cyberpunk-Dog13-768x1443.webp 768w, https:\/\/www.chengjitoy.com\/wp-content\/uploads\/2025\/07\/Details-of-Smart-Interactive-Cyberpunk-Dog13-6x12.webp 6w, https:\/\/www.chengjitoy.com\/wp-content\/uploads\/2025\/07\/Details-of-Smart-Interactive-Cyberpunk-Dog13-600x1128.webp 600w\" \/><\/figure>\n<\/div>\n\n\n\n<div class=\"wp-block-column is-layout-flow wp-block-column-is-layout-flow\" style=\"flex-basis:33.33%\"><\/div>\n<\/div>\n\n\n\n<div class=\"wp-block-columns is-layout-flex wp-container-core-columns-is-layout-9d6595d7 wp-block-columns-is-layout-flex\">\n<div class=\"wp-block-column is-layout-flow wp-block-column-is-layout-flow\" style=\"flex-basis:66.66%\">\n<figure class=\"wp-block-image size-full\"><img loading=\"lazy\" decoding=\"async\" width=\"770\" height=\"757\" sizes=\"auto, (max-width: 770px) 100vw, 770px\" src=\"https:\/\/www.chengjitoy.com\/wp-content\/uploads\/2025\/07\/Details-of-Smart-Interactive-Cyberpunk-Dog14.webp\" alt=\"\" class=\"wp-image-2100\" srcset=\"https:\/\/www.chengjitoy.com\/wp-content\/uploads\/2025\/07\/Details-of-Smart-Interactive-Cyberpunk-Dog14.webp 770w, https:\/\/www.chengjitoy.com\/wp-content\/uploads\/2025\/07\/Details-of-Smart-Interactive-Cyberpunk-Dog14-300x295.webp 300w, https:\/\/www.chengjitoy.com\/wp-content\/uploads\/2025\/07\/Details-of-Smart-Interactive-Cyberpunk-Dog14-768x755.webp 768w, https:\/\/www.chengjitoy.com\/wp-content\/uploads\/2025\/07\/Details-of-Smart-Interactive-Cyberpunk-Dog14-12x12.webp 12w, https:\/\/www.chengjitoy.com\/wp-content\/uploads\/2025\/07\/Details-of-Smart-Interactive-Cyberpunk-Dog14-600x590.webp 600w\" \/><\/figure>\n<\/div>\n\n\n\n<div class=\"wp-block-column is-layout-flow wp-block-column-is-layout-flow\" style=\"flex-basis:33.33%\"><\/div>\n<\/div>\n\n\n\n<div class=\"wp-block-columns is-layout-flex wp-container-core-columns-is-layout-9d6595d7 wp-block-columns-is-layout-flex\">\n<div class=\"wp-block-column is-layout-flow wp-block-column-is-layout-flow\" style=\"flex-basis:66.66%\">\n<figure class=\"wp-block-image size-full\"><img loading=\"lazy\" decoding=\"async\" width=\"770\" height=\"1155\" sizes=\"auto, (max-width: 770px) 100vw, 770px\" src=\"https:\/\/www.chengjitoy.com\/wp-content\/uploads\/2025\/07\/Details-of-Smart-Interactive-Cyberpunk-Dog15.webp\" alt=\"\" class=\"wp-image-2101\" srcset=\"https:\/\/www.chengjitoy.com\/wp-content\/uploads\/2025\/07\/Details-of-Smart-Interactive-Cyberpunk-Dog15.webp 770w, https:\/\/www.chengjitoy.com\/wp-content\/uploads\/2025\/07\/Details-of-Smart-Interactive-Cyberpunk-Dog15-200x300.webp 200w, https:\/\/www.chengjitoy.com\/wp-content\/uploads\/2025\/07\/Details-of-Smart-Interactive-Cyberpunk-Dog15-768x1152.webp 768w, https:\/\/www.chengjitoy.com\/wp-content\/uploads\/2025\/07\/Details-of-Smart-Interactive-Cyberpunk-Dog15-8x12.webp 8w, https:\/\/www.chengjitoy.com\/wp-content\/uploads\/2025\/07\/Details-of-Smart-Interactive-Cyberpunk-Dog15-600x900.webp 600w\" \/><\/figure>\n<\/div>\n\n\n\n<div class=\"wp-block-column is-layout-flow wp-block-column-is-layout-flow\" style=\"flex-basis:33.33%\"><\/div>\n<\/div>\n\n\n\n<p><\/p>","protected":false},"excerpt":{"rendered":"<p>Vente en gros de chiens robots. Ces chiens robots combinent des mouvements bioniques, des lumi\u00e8res LED vibrantes et des commandes vocales r\u00e9actives, offrant une exp\u00e9rience de jeu tr\u00e8s engageante et personnalisable pour les enfants.<\/p>\n<h2>Sp\u00e9cifications du Smart Interactive Cyberpunk Dog CJ-4892098<\/h2>\n<table style=\"border-collapse: collapse; width: 309.02pt;\" border=\"0\" width=\"515\" cellspacing=\"0\" cellpadding=\"0\">\n<tbody>\n<tr style=\"height: 14.40pt;\">\n<td class=\"et2\" style=\"height: 14.40pt; width: 120.35pt;\" width=\"200\" height=\"24\">Num\u00e9ro d'article :<\/td>\n<td class=\"et3\" style=\"width: 189.00pt;\" width=\"315\">CJ-4892098<\/td>\n<\/tr>\n<tr style=\"height: 25.80pt;\">\n<td class=\"et4\" style=\"height: 25.80pt; width: 120.35pt;\" width=\"200\" height=\"43\">Paquet :<\/td>\n<td class=\"et5\" style=\"width: 189.00pt;\" width=\"315\">bo\u00eete \u00e0 couleurs<\/td>\n<\/tr>\n<tr style=\"height: 25.80pt;\">\n<td class=\"et4\" style=\"height: 25.80pt; width: 120.35pt;\" width=\"200\" height=\"43\">Taille de l'emballage :<\/td>\n<td class=\"et5\" style=\"width: 189.00pt;\" width=\"315\">27,5\u00d716\u00d726 cm<\/td>\n<\/tr>\n<tr style=\"height: 25.80pt;\">\n<td class=\"et4\" style=\"height: 25.80pt; width: 120.35pt;\" width=\"200\" height=\"43\">Taille du carton\uff1a<\/td>\n<td class=\"et5\" style=\"width: 189.00pt;\" width=\"315\">56\u00d749\u00d753,5 cm<\/td>\n<\/tr>\n<tr style=\"height: 25.80pt;\">\n<td class=\"et4\" style=\"height: 25.80pt; width: 120.35pt;\" width=\"200\" height=\"43\">Qt\u00e9\/Ctn :<\/td>\n<td class=\"et5\" style=\"width: 189.00pt;\" width=\"315\">12 pi\u00e8ces<\/td>\n<\/tr>\n<tr style=\"height: 25.80pt;\">\n<td class=\"et4\" style=\"height: 25.80pt; width: 120.35pt;\" width=\"200\" height=\"43\">G.W.\/N.W. :<\/td>\n<td class=\"et5\" style=\"width: 189.00pt;\" width=\"315\">14,4 \/ 13,2 kg<\/td>\n<\/tr>\n<tr style=\"height: 25.80pt;\">\n<td class=\"et4\" style=\"height: 25.80pt; width: 120.35pt;\" width=\"200\" height=\"43\">Mesure :<\/td>\n<td class=\"et5\" style=\"width: 189.00pt;\" width=\"315\">0,15 cbm \/ 5,18 cuft<\/td>\n<\/tr>\n<\/tbody>\n<\/table>\n<p>&nbsp;<\/p>","protected":false},"featured_media":2160,"comment_status":"closed","ping_status":"closed","template":"","meta":{"_acf_changed":false},"product_brand":[],"product_cat":[26,31,102,98],"product_tag":[],"class_list":{"0":"post-2076","1":"product","2":"type-product","3":"status-publish","4":"has-post-thumbnail","6":"product_cat-wholesale-toys-for-all-ages","7":"product_cat-wholesale-toys-for-ages-5-and-up","8":"product_cat-wholesale-ai-robot-toys","9":"product_cat-wholesale-robot-toys","11":"first","12":"instock","13":"shipping-taxable","14":"product-type-simple"},"acf":[],"_links":{"self":[{"href":"https:\/\/www.chengjitoy.com\/fr\/wp-json\/wp\/v2\/product\/2076","targetHints":{"allow":["GET"]}}],"collection":[{"href":"https:\/\/www.chengjitoy.com\/fr\/wp-json\/wp\/v2\/product"}],"about":[{"href":"https:\/\/www.chengjitoy.com\/fr\/wp-json\/wp\/v2\/types\/product"}],"replies":[{"embeddable":true,"href":"https:\/\/www.chengjitoy.com\/fr\/wp-json\/wp\/v2\/comments?post=2076"}],"wp:featuredmedia":[{"embeddable":true,"href":"https:\/\/www.chengjitoy.com\/fr\/wp-json\/wp\/v2\/media\/2160"}],"wp:attachment":[{"href":"https:\/\/www.chengjitoy.com\/fr\/wp-json\/wp\/v2\/media?parent=2076"}],"wp:term":[{"taxonomy":"product_brand","embeddable":true,"href":"https:\/\/www.chengjitoy.com\/fr\/wp-json\/wp\/v2\/product_brand?post=2076"},{"taxonomy":"product_cat","embeddable":true,"href":"https:\/\/www.chengjitoy.com\/fr\/wp-json\/wp\/v2\/product_cat?post=2076"},{"taxonomy":"product_tag","embeddable":true,"href":"https:\/\/www.chengjitoy.com\/fr\/wp-json\/wp\/v2\/product_tag?post=2076"}],"curies":[{"name":"wp","href":"https:\/\/api.w.org\/{rel}","templated":true}]}}