{"id":3209,"date":"2025-11-19T03:19:10","date_gmt":"2025-11-19T03:19:10","guid":{"rendered":"https:\/\/www.chengjitoy.com\/?post_type=product&#038;p=3209"},"modified":"2026-02-05T03:36:36","modified_gmt":"2026-02-05T03:36:36","slug":"wholesale-inflatable-water-guns","status":"publish","type":"product","link":"https:\/\/www.chengjitoy.com\/fr\/product\/wholesale-inflatable-water-guns\/","title":{"rendered":"Wholesale Inflatable Water Guns &#8211; Range up to 6 Meters"},"content":{"rendered":"<div class=\"wp-block-columns is-layout-flex wp-container-core-columns-is-layout-9d6595d7 wp-block-columns-is-layout-flex\">\n<div class=\"wp-block-column is-layout-flow wp-block-column-is-layout-flow\" style=\"flex-basis:66.66%\">\n<figure class=\"wp-block-image size-full\"><img loading=\"lazy\" decoding=\"async\" width=\"770\" height=\"1510\" sizes=\"auto, (max-width: 770px) 100vw, 770px\" src=\"https:\/\/www.chengjitoy.com\/wp-content\/uploads\/2025\/09\/details-of-Inflatable-WATER-GUN-1.jpg\" alt=\"\" class=\"wp-image-3222\" srcset=\"https:\/\/www.chengjitoy.com\/wp-content\/uploads\/2025\/09\/details-of-Inflatable-WATER-GUN-1.jpg 770w, https:\/\/www.chengjitoy.com\/wp-content\/uploads\/2025\/09\/details-of-Inflatable-WATER-GUN-1-153x300.jpg 153w, https:\/\/www.chengjitoy.com\/wp-content\/uploads\/2025\/09\/details-of-Inflatable-WATER-GUN-1-768x1506.jpg 768w, https:\/\/www.chengjitoy.com\/wp-content\/uploads\/2025\/09\/details-of-Inflatable-WATER-GUN-1-6x12.jpg 6w, https:\/\/www.chengjitoy.com\/wp-content\/uploads\/2025\/09\/details-of-Inflatable-WATER-GUN-1-600x1177.jpg 600w\" \/><\/figure>\n\n\n\n<figure class=\"wp-block-image size-full\"><img loading=\"lazy\" decoding=\"async\" width=\"770\" height=\"572\" sizes=\"auto, (max-width: 770px) 100vw, 770px\" src=\"https:\/\/www.chengjitoy.com\/wp-content\/uploads\/2025\/09\/details-of-Inflatable-WATER-GUN-8.jpg\" alt=\"\" class=\"wp-image-3226\" srcset=\"https:\/\/www.chengjitoy.com\/wp-content\/uploads\/2025\/09\/details-of-Inflatable-WATER-GUN-8.jpg 770w, https:\/\/www.chengjitoy.com\/wp-content\/uploads\/2025\/09\/details-of-Inflatable-WATER-GUN-8-300x223.jpg 300w, https:\/\/www.chengjitoy.com\/wp-content\/uploads\/2025\/09\/details-of-Inflatable-WATER-GUN-8-768x571.jpg 768w, https:\/\/www.chengjitoy.com\/wp-content\/uploads\/2025\/09\/details-of-Inflatable-WATER-GUN-8-16x12.jpg 16w, https:\/\/www.chengjitoy.com\/wp-content\/uploads\/2025\/09\/details-of-Inflatable-WATER-GUN-8-600x446.jpg 600w\" \/><\/figure>\n<\/div>\n\n\n\n<div class=\"wp-block-column is-layout-flow wp-block-column-is-layout-flow\" style=\"flex-basis:33.33%\"><\/div>\n<\/div>\n\n\n\n<p><\/p>","protected":false},"excerpt":{"rendered":"<p>Ce pistolet \u00e0 eau gonflable offre des moments de plaisir aquatique estivaux gr\u00e2ce \u00e0 sa buse en forme de dinosaure et son syst\u00e8me de gonflage par traction permettant des tirs \u00e0 longue port\u00e9e de 6 m\u00e8tres.<\/p>\n<h2>Sp\u00e9cifications du PISTOLET \u00c0 EAU gonflable\u00a0<\/h2>\n<table style=\"border-collapse: collapse;width: 343.52pt\" border=\"0\" width=\"458\" cellspacing=\"0\" cellpadding=\"0\">\n<tbody>\n<tr style=\"height: 19.50pt\">\n<td class=\"et2\" style=\"height: 19.50pt;width: 133.75pt\" width=\"178\" height=\"26\">Num\u00e9ro d'article :<\/td>\n<td class=\"et3\" style=\"width: 210.00pt\" width=\"280\">CJ-4000623<\/td>\n<\/tr>\n<tr style=\"height: 20.25pt\">\n<td class=\"et4\" style=\"height: 20.25pt;width: 133.75pt\" width=\"178\" height=\"27\">Paquet :<\/td>\n<td class=\"et5\" style=\"width: 210.00pt\" width=\"280\">AVEC CARTE<\/td>\n<\/tr>\n<tr style=\"height: 19.50pt\">\n<td class=\"et4\" style=\"height: 19.50pt;width: 133.75pt\" width=\"178\" height=\"26\">Taille de l'emballage :<\/td>\n<td class=\"et5\" style=\"width: 210.00pt\" width=\"280\">0*0*0CM<\/td>\n<\/tr>\n<tr style=\"height: 20.25pt\">\n<td class=\"et4\" style=\"height: 20.25pt;width: 133.75pt\" width=\"178\" height=\"27\">Taille du carton\uff1a<\/td>\n<td class=\"et5\" style=\"width: 210.00pt\" width=\"280\">73,5 x 41,5 x 65 cm<\/td>\n<\/tr>\n<tr style=\"height: 19.50pt\">\n<td class=\"et4\" style=\"height: 19.50pt;width: 133.75pt\" width=\"178\" height=\"26\">Q'ty\/Ctn :<\/td>\n<td class=\"et5\" style=\"width: 210.00pt\" width=\"280\">48\/PCS<\/td>\n<\/tr>\n<tr style=\"height: 20.25pt\">\n<td class=\"et4\" style=\"height: 20.25pt;width: 133.75pt\" width=\"178\" height=\"27\">G.W.\/N.W. :<\/td>\n<td class=\"et5\" style=\"width: 210.00pt\" width=\"280\">15,5\/12 kg<\/td>\n<\/tr>\n<tr style=\"height: 19.50pt\">\n<td class=\"et4\" style=\"height: 19.50pt;width: 133.75pt\" width=\"178\" height=\"26\">Mesure :<\/td>\n<td class=\"et5\" style=\"width: 210.00pt\" width=\"280\">0,2 m\u00b3 \/ 6,993 pieds cubes\u2019<\/td>\n<\/tr>\n<\/tbody>\n<\/table>","protected":false},"featured_media":3216,"comment_status":"closed","ping_status":"closed","template":"","meta":{"_acf_changed":true},"product_brand":[],"product_cat":[30,21,19,82,62],"product_tag":[],"class_list":{"0":"post-3209","1":"product","2":"type-product","3":"status-publish","4":"has-post-thumbnail","6":"product_cat-wholesale-toys-for-ages-3-and-up","7":"product_cat-wholesale-summer-toys","8":"product_cat-wholesale-toy-guns","9":"product_cat-wholesale-water-guns","10":"product_cat-wholesale-water-toys","12":"first","13":"instock","14":"shipping-taxable","15":"product-type-simple"},"acf":[],"_links":{"self":[{"href":"https:\/\/www.chengjitoy.com\/fr\/wp-json\/wp\/v2\/product\/3209","targetHints":{"allow":["GET"]}}],"collection":[{"href":"https:\/\/www.chengjitoy.com\/fr\/wp-json\/wp\/v2\/product"}],"about":[{"href":"https:\/\/www.chengjitoy.com\/fr\/wp-json\/wp\/v2\/types\/product"}],"replies":[{"embeddable":true,"href":"https:\/\/www.chengjitoy.com\/fr\/wp-json\/wp\/v2\/comments?post=3209"}],"wp:featuredmedia":[{"embeddable":true,"href":"https:\/\/www.chengjitoy.com\/fr\/wp-json\/wp\/v2\/media\/3216"}],"wp:attachment":[{"href":"https:\/\/www.chengjitoy.com\/fr\/wp-json\/wp\/v2\/media?parent=3209"}],"wp:term":[{"taxonomy":"product_brand","embeddable":true,"href":"https:\/\/www.chengjitoy.com\/fr\/wp-json\/wp\/v2\/product_brand?post=3209"},{"taxonomy":"product_cat","embeddable":true,"href":"https:\/\/www.chengjitoy.com\/fr\/wp-json\/wp\/v2\/product_cat?post=3209"},{"taxonomy":"product_tag","embeddable":true,"href":"https:\/\/www.chengjitoy.com\/fr\/wp-json\/wp\/v2\/product_tag?post=3209"}],"curies":[{"name":"wp","href":"https:\/\/api.w.org\/{rel}","templated":true}]}}