{"id":3316,"date":"2025-09-20T09:39:48","date_gmt":"2025-09-20T09:39:48","guid":{"rendered":"https:\/\/www.chengjitoy.com\/?post_type=product&#038;p=3316"},"modified":"2026-02-05T03:50:28","modified_gmt":"2026-02-05T03:50:28","slug":"wholesale-water-gun-toys-electrical-large-battery-fit-kids-over-five","status":"publish","type":"product","link":"https:\/\/www.chengjitoy.com\/fr\/product\/wholesale-water-gun-toys-electrical-large-battery-fit-kids-over-five\/","title":{"rendered":"Jouets en gros pour pistolets \u00e0 eau, \u00e9lectriques - grande batterie, pour les enfants de plus de cinq ans"},"content":{"rendered":"<div class=\"wp-block-columns is-layout-flex wp-container-core-columns-is-layout-9d6595d7 wp-block-columns-is-layout-flex\">\n<div class=\"wp-block-column is-layout-flow wp-block-column-is-layout-flow\" style=\"flex-basis:66.66%\">\n<figure class=\"wp-block-image size-full\"><img loading=\"lazy\" decoding=\"async\" width=\"770\" height=\"2572\" sizes=\"auto, (max-width: 770px) 100vw, 770px\" src=\"https:\/\/www.chengjitoy.com\/wp-content\/uploads\/2025\/09\/details-of-Free-disassembly-WATER-GUN-1.jpg\" alt=\"\" class=\"wp-image-3324\" srcset=\"https:\/\/www.chengjitoy.com\/wp-content\/uploads\/2025\/09\/details-of-Free-disassembly-WATER-GUN-1.jpg 770w, https:\/\/www.chengjitoy.com\/wp-content\/uploads\/2025\/09\/details-of-Free-disassembly-WATER-GUN-1-90x300.jpg 90w, https:\/\/www.chengjitoy.com\/wp-content\/uploads\/2025\/09\/details-of-Free-disassembly-WATER-GUN-1-768x2565.jpg 768w, https:\/\/www.chengjitoy.com\/wp-content\/uploads\/2025\/09\/details-of-Free-disassembly-WATER-GUN-1-4x12.jpg 4w, https:\/\/www.chengjitoy.com\/wp-content\/uploads\/2025\/09\/details-of-Free-disassembly-WATER-GUN-1-600x2004.jpg 600w\" \/><\/figure>\n\n\n\n<figure class=\"wp-block-image size-full\"><img loading=\"lazy\" decoding=\"async\" width=\"770\" height=\"1405\" sizes=\"auto, (max-width: 770px) 100vw, 770px\" src=\"https:\/\/www.chengjitoy.com\/wp-content\/uploads\/2025\/09\/details-of-Free-disassembly-WATER-GUN-2.jpg\" alt=\"\" class=\"wp-image-3325\" srcset=\"https:\/\/www.chengjitoy.com\/wp-content\/uploads\/2025\/09\/details-of-Free-disassembly-WATER-GUN-2.jpg 770w, https:\/\/www.chengjitoy.com\/wp-content\/uploads\/2025\/09\/details-of-Free-disassembly-WATER-GUN-2-164x300.jpg 164w, https:\/\/www.chengjitoy.com\/wp-content\/uploads\/2025\/09\/details-of-Free-disassembly-WATER-GUN-2-768x1401.jpg 768w, https:\/\/www.chengjitoy.com\/wp-content\/uploads\/2025\/09\/details-of-Free-disassembly-WATER-GUN-2-7x12.jpg 7w, https:\/\/www.chengjitoy.com\/wp-content\/uploads\/2025\/09\/details-of-Free-disassembly-WATER-GUN-2-600x1095.jpg 600w\" \/><\/figure>\n\n\n\n<figure class=\"wp-block-image size-full\"><img loading=\"lazy\" decoding=\"async\" width=\"770\" height=\"2274\" sizes=\"auto, (max-width: 770px) 100vw, 770px\" src=\"https:\/\/www.chengjitoy.com\/wp-content\/uploads\/2025\/09\/details-of-Free-disassembly-WATER-GUN-3.jpg\" alt=\"\" class=\"wp-image-3326\" srcset=\"https:\/\/www.chengjitoy.com\/wp-content\/uploads\/2025\/09\/details-of-Free-disassembly-WATER-GUN-3.jpg 770w, https:\/\/www.chengjitoy.com\/wp-content\/uploads\/2025\/09\/details-of-Free-disassembly-WATER-GUN-3-102x300.jpg 102w, https:\/\/www.chengjitoy.com\/wp-content\/uploads\/2025\/09\/details-of-Free-disassembly-WATER-GUN-3-768x2268.jpg 768w, https:\/\/www.chengjitoy.com\/wp-content\/uploads\/2025\/09\/details-of-Free-disassembly-WATER-GUN-3-4x12.jpg 4w, https:\/\/www.chengjitoy.com\/wp-content\/uploads\/2025\/09\/details-of-Free-disassembly-WATER-GUN-3-600x1772.jpg 600w\" \/><\/figure>\n\n\n\n<figure class=\"wp-block-image size-full\"><img loading=\"lazy\" decoding=\"async\" width=\"770\" height=\"2518\" sizes=\"auto, (max-width: 770px) 100vw, 770px\" src=\"https:\/\/www.chengjitoy.com\/wp-content\/uploads\/2025\/09\/details-of-Free-disassembly-WATER-GUN-4.jpg\" alt=\"\" class=\"wp-image-3327\" srcset=\"https:\/\/www.chengjitoy.com\/wp-content\/uploads\/2025\/09\/details-of-Free-disassembly-WATER-GUN-4.jpg 770w, https:\/\/www.chengjitoy.com\/wp-content\/uploads\/2025\/09\/details-of-Free-disassembly-WATER-GUN-4-92x300.jpg 92w, https:\/\/www.chengjitoy.com\/wp-content\/uploads\/2025\/09\/details-of-Free-disassembly-WATER-GUN-4-768x2511.jpg 768w, https:\/\/www.chengjitoy.com\/wp-content\/uploads\/2025\/09\/details-of-Free-disassembly-WATER-GUN-4-4x12.jpg 4w, https:\/\/www.chengjitoy.com\/wp-content\/uploads\/2025\/09\/details-of-Free-disassembly-WATER-GUN-4-600x1962.jpg 600w\" \/><\/figure>\n\n\n\n<figure class=\"wp-block-image size-full\"><img loading=\"lazy\" decoding=\"async\" width=\"770\" height=\"2150\" sizes=\"auto, (max-width: 770px) 100vw, 770px\" src=\"https:\/\/www.chengjitoy.com\/wp-content\/uploads\/2025\/09\/details-of-Free-disassembly-WATER-GUN-5.jpg\" alt=\"\" class=\"wp-image-3328\" srcset=\"https:\/\/www.chengjitoy.com\/wp-content\/uploads\/2025\/09\/details-of-Free-disassembly-WATER-GUN-5.jpg 770w, https:\/\/www.chengjitoy.com\/wp-content\/uploads\/2025\/09\/details-of-Free-disassembly-WATER-GUN-5-107x300.jpg 107w, https:\/\/www.chengjitoy.com\/wp-content\/uploads\/2025\/09\/details-of-Free-disassembly-WATER-GUN-5-768x2144.jpg 768w, https:\/\/www.chengjitoy.com\/wp-content\/uploads\/2025\/09\/details-of-Free-disassembly-WATER-GUN-5-4x12.jpg 4w, https:\/\/www.chengjitoy.com\/wp-content\/uploads\/2025\/09\/details-of-Free-disassembly-WATER-GUN-5-600x1675.jpg 600w\" \/><\/figure>\n\n\n\n<figure class=\"wp-block-image size-full\"><img loading=\"lazy\" decoding=\"async\" width=\"770\" height=\"1177\" sizes=\"auto, (max-width: 770px) 100vw, 770px\" src=\"https:\/\/www.chengjitoy.com\/wp-content\/uploads\/2025\/09\/details-of-Free-disassembly-WATER-GUN-6.jpg\" alt=\"\" class=\"wp-image-3329\" srcset=\"https:\/\/www.chengjitoy.com\/wp-content\/uploads\/2025\/09\/details-of-Free-disassembly-WATER-GUN-6.jpg 770w, https:\/\/www.chengjitoy.com\/wp-content\/uploads\/2025\/09\/details-of-Free-disassembly-WATER-GUN-6-196x300.jpg 196w, https:\/\/www.chengjitoy.com\/wp-content\/uploads\/2025\/09\/details-of-Free-disassembly-WATER-GUN-6-768x1174.jpg 768w, https:\/\/www.chengjitoy.com\/wp-content\/uploads\/2025\/09\/details-of-Free-disassembly-WATER-GUN-6-8x12.jpg 8w, https:\/\/www.chengjitoy.com\/wp-content\/uploads\/2025\/09\/details-of-Free-disassembly-WATER-GUN-6-600x917.jpg 600w\" \/><\/figure>\n\n\n\n<figure class=\"wp-block-image size-full\"><img loading=\"lazy\" decoding=\"async\" width=\"770\" height=\"2032\" sizes=\"auto, (max-width: 770px) 100vw, 770px\" src=\"https:\/\/www.chengjitoy.com\/wp-content\/uploads\/2025\/09\/details-of-Free-disassembly-WATER-GUN-7.jpg\" alt=\"\" class=\"wp-image-3330\" srcset=\"https:\/\/www.chengjitoy.com\/wp-content\/uploads\/2025\/09\/details-of-Free-disassembly-WATER-GUN-7.jpg 770w, https:\/\/www.chengjitoy.com\/wp-content\/uploads\/2025\/09\/details-of-Free-disassembly-WATER-GUN-7-114x300.jpg 114w, https:\/\/www.chengjitoy.com\/wp-content\/uploads\/2025\/09\/details-of-Free-disassembly-WATER-GUN-7-768x2027.jpg 768w, https:\/\/www.chengjitoy.com\/wp-content\/uploads\/2025\/09\/details-of-Free-disassembly-WATER-GUN-7-5x12.jpg 5w, https:\/\/www.chengjitoy.com\/wp-content\/uploads\/2025\/09\/details-of-Free-disassembly-WATER-GUN-7-600x1583.jpg 600w\" \/><\/figure>\n\n\n\n<figure class=\"wp-block-image size-full\"><img loading=\"lazy\" decoding=\"async\" width=\"770\" height=\"1325\" sizes=\"auto, (max-width: 770px) 100vw, 770px\" src=\"https:\/\/www.chengjitoy.com\/wp-content\/uploads\/2025\/09\/details-of-Free-disassembly-WATER-GUN-8.jpg\" alt=\"\" class=\"wp-image-3332\" srcset=\"https:\/\/www.chengjitoy.com\/wp-content\/uploads\/2025\/09\/details-of-Free-disassembly-WATER-GUN-8.jpg 770w, https:\/\/www.chengjitoy.com\/wp-content\/uploads\/2025\/09\/details-of-Free-disassembly-WATER-GUN-8-174x300.jpg 174w, https:\/\/www.chengjitoy.com\/wp-content\/uploads\/2025\/09\/details-of-Free-disassembly-WATER-GUN-8-768x1322.jpg 768w, https:\/\/www.chengjitoy.com\/wp-content\/uploads\/2025\/09\/details-of-Free-disassembly-WATER-GUN-8-7x12.jpg 7w, https:\/\/www.chengjitoy.com\/wp-content\/uploads\/2025\/09\/details-of-Free-disassembly-WATER-GUN-8-600x1032.jpg 600w\" \/><\/figure>\n\n\n\n<figure class=\"wp-block-image size-full\"><img loading=\"lazy\" decoding=\"async\" width=\"770\" height=\"712\" sizes=\"auto, (max-width: 770px) 100vw, 770px\" src=\"https:\/\/www.chengjitoy.com\/wp-content\/uploads\/2025\/09\/details-of-Free-disassembly-WATER-GUN-9.jpg\" alt=\"\" class=\"wp-image-3333\" srcset=\"https:\/\/www.chengjitoy.com\/wp-content\/uploads\/2025\/09\/details-of-Free-disassembly-WATER-GUN-9.jpg 770w, https:\/\/www.chengjitoy.com\/wp-content\/uploads\/2025\/09\/details-of-Free-disassembly-WATER-GUN-9-300x277.jpg 300w, https:\/\/www.chengjitoy.com\/wp-content\/uploads\/2025\/09\/details-of-Free-disassembly-WATER-GUN-9-768x710.jpg 768w, https:\/\/www.chengjitoy.com\/wp-content\/uploads\/2025\/09\/details-of-Free-disassembly-WATER-GUN-9-13x12.jpg 13w, https:\/\/www.chengjitoy.com\/wp-content\/uploads\/2025\/09\/details-of-Free-disassembly-WATER-GUN-9-600x555.jpg 600w\" \/><\/figure>\n\n\n\n<figure class=\"wp-block-image size-full\"><img loading=\"lazy\" decoding=\"async\" width=\"770\" height=\"940\" sizes=\"auto, (max-width: 770px) 100vw, 770px\" src=\"https:\/\/www.chengjitoy.com\/wp-content\/uploads\/2025\/09\/details-of-Free-disassembly-WATER-GUN-10.jpg\" alt=\"\" class=\"wp-image-3334\" srcset=\"https:\/\/www.chengjitoy.com\/wp-content\/uploads\/2025\/09\/details-of-Free-disassembly-WATER-GUN-10.jpg 770w, https:\/\/www.chengjitoy.com\/wp-content\/uploads\/2025\/09\/details-of-Free-disassembly-WATER-GUN-10-246x300.jpg 246w, https:\/\/www.chengjitoy.com\/wp-content\/uploads\/2025\/09\/details-of-Free-disassembly-WATER-GUN-10-768x938.jpg 768w, https:\/\/www.chengjitoy.com\/wp-content\/uploads\/2025\/09\/details-of-Free-disassembly-WATER-GUN-10-10x12.jpg 10w, https:\/\/www.chengjitoy.com\/wp-content\/uploads\/2025\/09\/details-of-Free-disassembly-WATER-GUN-10-600x732.jpg 600w\" \/><\/figure>\n<\/div>\n\n\n\n<div class=\"wp-block-column is-layout-flow wp-block-column-is-layout-flow\" style=\"flex-basis:33.33%\"><\/div>\n<\/div>","protected":false},"excerpt":{"rendered":"<div class=\"dad65929\">\n<div class=\"_4f9bf79 d7dc56a8 _43c05b5\">\n<div class=\"ds-message _656c965\">\n<div class=\"ds-markdown\">\n<p class=\"ds-markdown-paragraph\">Vente en gros de jouets \u00e0 eau \u00e0 d\u00e9montage gratuit. Ce pistolet \u00e0 eau \u00e9lectrique offre une exp\u00e9rience de tir de niveau professionnel avec des pi\u00e8ces d\u00e9tachables et une port\u00e9e de 10 m\u00e8tres pour les batailles d'eau en plein air. L'achat en gros est possible. Demandez un devis maintenant !<\/p>\n<\/div>\n<\/div>\n<\/div>\n<\/div>\n<h2>Sp\u00e9cifications du jouet pistolet \u00e0 eau \u00e0 d\u00e9montage libre<\/h2>\n<table style=\"border-collapse: collapse;width: 343.52pt\" border=\"0\" width=\"458\" cellspacing=\"0\" cellpadding=\"0\">\n<tbody>\n<tr style=\"height: 19.50pt\">\n<td class=\"et2\" style=\"height: 19.50pt;width: 133.75pt\" width=\"178\" height=\"26\">Num\u00e9ro d'article :<\/td>\n<td class=\"et3\" style=\"width: 210.00pt\" width=\"280\">CJ-3989068<\/td>\n<\/tr>\n<tr style=\"height: 20.25pt\">\n<td class=\"et4\" style=\"height: 20.25pt;width: 133.75pt\" width=\"178\" height=\"27\">Paquet :<\/td>\n<td class=\"et5\" style=\"width: 210.00pt\" width=\"280\">bo\u00eete \u00e0 couleurs<\/td>\n<\/tr>\n<tr style=\"height: 19.50pt\">\n<td class=\"et4\" style=\"height: 19.50pt;width: 133.75pt\" width=\"178\" height=\"26\">Taille de l'emballage :<\/td>\n<td class=\"et5\" style=\"width: 210.00pt\" width=\"280\">36*6*20CM<\/td>\n<\/tr>\n<tr style=\"height: 20.25pt\">\n<td class=\"et4\" style=\"height: 20.25pt;width: 133.75pt\" width=\"178\" height=\"27\">Taille du carton\uff1a<\/td>\n<td class=\"et5\" style=\"width: 210.00pt\" width=\"280\">55.5*41*38CM<\/td>\n<\/tr>\n<tr style=\"height: 19.50pt\">\n<td class=\"et4\" style=\"height: 19.50pt;width: 133.75pt\" width=\"178\" height=\"26\">Q'ty\/Ctn :<\/td>\n<td class=\"et5\" style=\"width: 210.00pt\" width=\"280\">18\/PCS<\/td>\n<\/tr>\n<tr style=\"height: 20.25pt\">\n<td class=\"et4\" style=\"height: 20.25pt;width: 133.75pt\" width=\"178\" height=\"27\">G.W.\/N.W. :<\/td>\n<td class=\"et5\" style=\"width: 210.00pt\" width=\"280\">11\/9 KG<\/td>\n<\/tr>\n<tr style=\"height: 19.50pt\">\n<td class=\"et4\" style=\"height: 19.50pt;width: 133.75pt\" width=\"178\" height=\"26\">Mesure :<\/td>\n<td class=\"et5\" style=\"width: 210.00pt\" width=\"280\">0,09 CBM'\/3,05 CUFT'<\/td>\n<\/tr>\n<\/tbody>\n<\/table>","protected":false},"featured_media":3317,"comment_status":"closed","ping_status":"closed","template":"","meta":{"_acf_changed":true},"product_brand":[],"product_cat":[31,28,21,19,82,62,26],"product_tag":[],"class_list":{"0":"post-3316","1":"product","2":"type-product","3":"status-publish","4":"has-post-thumbnail","6":"product_cat-wholesale-toys-for-ages-5-and-up","7":"product_cat-wholesale-toys-for-ages-8-and-up","8":"product_cat-wholesale-summer-toys","9":"product_cat-wholesale-toy-guns","10":"product_cat-wholesale-water-guns","11":"product_cat-wholesale-water-toys","12":"product_cat-wholesale-toys-for-all-ages","14":"first","15":"instock","16":"shipping-taxable","17":"product-type-simple"},"acf":[],"_links":{"self":[{"href":"https:\/\/www.chengjitoy.com\/fr\/wp-json\/wp\/v2\/product\/3316","targetHints":{"allow":["GET"]}}],"collection":[{"href":"https:\/\/www.chengjitoy.com\/fr\/wp-json\/wp\/v2\/product"}],"about":[{"href":"https:\/\/www.chengjitoy.com\/fr\/wp-json\/wp\/v2\/types\/product"}],"replies":[{"embeddable":true,"href":"https:\/\/www.chengjitoy.com\/fr\/wp-json\/wp\/v2\/comments?post=3316"}],"wp:featuredmedia":[{"embeddable":true,"href":"https:\/\/www.chengjitoy.com\/fr\/wp-json\/wp\/v2\/media\/3317"}],"wp:attachment":[{"href":"https:\/\/www.chengjitoy.com\/fr\/wp-json\/wp\/v2\/media?parent=3316"}],"wp:term":[{"taxonomy":"product_brand","embeddable":true,"href":"https:\/\/www.chengjitoy.com\/fr\/wp-json\/wp\/v2\/product_brand?post=3316"},{"taxonomy":"product_cat","embeddable":true,"href":"https:\/\/www.chengjitoy.com\/fr\/wp-json\/wp\/v2\/product_cat?post=3316"},{"taxonomy":"product_tag","embeddable":true,"href":"https:\/\/www.chengjitoy.com\/fr\/wp-json\/wp\/v2\/product_tag?post=3316"}],"curies":[{"name":"wp","href":"https:\/\/api.w.org\/{rel}","templated":true}]}}