{"id":3723,"date":"2025-10-08T07:13:15","date_gmt":"2025-10-08T07:13:15","guid":{"rendered":"https:\/\/www.chengjitoy.com\/?post_type=product&#038;p=3723"},"modified":"2025-10-08T07:13:19","modified_gmt":"2025-10-08T07:13:19","slug":"bulk-rattle-teether-2-in-1-rich-texture","status":"publish","type":"product","link":"https:\/\/www.chengjitoy.com\/fr\/product\/bulk-rattle-teether-2-in-1-rich-texture\/","title":{"rendered":"Hochet-anneau de dentition 2 en 1 en vrac \u2013 Entra\u00eenement \u00e0 la pr\u00e9hension et morsure s\u00e9curis\u00e9e \u2013 Anneau de connexion et s\u00e9curit\u00e9 ABS"},"content":{"rendered":"<div class=\"wp-block-columns is-layout-flex wp-container-core-columns-is-layout-9d6595d7 wp-block-columns-is-layout-flex\">\n<div class=\"wp-block-column is-layout-flow wp-block-column-is-layout-flow\" style=\"flex-basis:66.66%\">\n<figure class=\"wp-block-image size-full\"><img loading=\"lazy\" decoding=\"async\" width=\"770\" height=\"1165\" sizes=\"auto, (max-width: 770px) 100vw, 770px\" src=\"https:\/\/www.chengjitoy.com\/wp-content\/uploads\/2025\/09\/details-of-rattle-teether-silicon-1.webp\" alt=\"\" class=\"wp-image-4097\" srcset=\"https:\/\/www.chengjitoy.com\/wp-content\/uploads\/2025\/09\/details-of-rattle-teether-silicon-1.webp 770w, https:\/\/www.chengjitoy.com\/wp-content\/uploads\/2025\/09\/details-of-rattle-teether-silicon-1-198x300.webp 198w, https:\/\/www.chengjitoy.com\/wp-content\/uploads\/2025\/09\/details-of-rattle-teether-silicon-1-768x1162.webp 768w, https:\/\/www.chengjitoy.com\/wp-content\/uploads\/2025\/09\/details-of-rattle-teether-silicon-1-8x12.webp 8w, https:\/\/www.chengjitoy.com\/wp-content\/uploads\/2025\/09\/details-of-rattle-teether-silicon-1-600x908.webp 600w\" \/><\/figure>\n\n\n\n<figure class=\"wp-block-image size-full\"><img loading=\"lazy\" decoding=\"async\" width=\"770\" height=\"226\" sizes=\"auto, (max-width: 770px) 100vw, 770px\" src=\"https:\/\/www.chengjitoy.com\/wp-content\/uploads\/2025\/09\/details-of-rattle-teether-silicon-2.webp\" alt=\"\" class=\"wp-image-4098\" srcset=\"https:\/\/www.chengjitoy.com\/wp-content\/uploads\/2025\/09\/details-of-rattle-teether-silicon-2.webp 770w, https:\/\/www.chengjitoy.com\/wp-content\/uploads\/2025\/09\/details-of-rattle-teether-silicon-2-300x88.webp 300w, https:\/\/www.chengjitoy.com\/wp-content\/uploads\/2025\/09\/details-of-rattle-teether-silicon-2-768x225.webp 768w, https:\/\/www.chengjitoy.com\/wp-content\/uploads\/2025\/09\/details-of-rattle-teether-silicon-2-18x5.webp 18w, https:\/\/www.chengjitoy.com\/wp-content\/uploads\/2025\/09\/details-of-rattle-teether-silicon-2-600x176.webp 600w\" \/><\/figure>\n\n\n\n<figure class=\"wp-block-image size-full\"><img loading=\"lazy\" decoding=\"async\" width=\"770\" height=\"1183\" sizes=\"auto, (max-width: 770px) 100vw, 770px\" src=\"https:\/\/www.chengjitoy.com\/wp-content\/uploads\/2025\/09\/details-of-rattle-teether-silicon-3.webp\" alt=\"\" class=\"wp-image-4099\" srcset=\"https:\/\/www.chengjitoy.com\/wp-content\/uploads\/2025\/09\/details-of-rattle-teether-silicon-3.webp 770w, https:\/\/www.chengjitoy.com\/wp-content\/uploads\/2025\/09\/details-of-rattle-teether-silicon-3-195x300.webp 195w, https:\/\/www.chengjitoy.com\/wp-content\/uploads\/2025\/09\/details-of-rattle-teether-silicon-3-768x1180.webp 768w, https:\/\/www.chengjitoy.com\/wp-content\/uploads\/2025\/09\/details-of-rattle-teether-silicon-3-8x12.webp 8w, https:\/\/www.chengjitoy.com\/wp-content\/uploads\/2025\/09\/details-of-rattle-teether-silicon-3-600x922.webp 600w\" \/><\/figure>\n\n\n\n<figure class=\"wp-block-image size-full\"><img loading=\"lazy\" decoding=\"async\" width=\"770\" height=\"1276\" sizes=\"auto, (max-width: 770px) 100vw, 770px\" src=\"https:\/\/www.chengjitoy.com\/wp-content\/uploads\/2025\/09\/details-of-rattle-teether-silicon-4.webp\" alt=\"\" class=\"wp-image-4100\" srcset=\"https:\/\/www.chengjitoy.com\/wp-content\/uploads\/2025\/09\/details-of-rattle-teether-silicon-4.webp 770w, https:\/\/www.chengjitoy.com\/wp-content\/uploads\/2025\/09\/details-of-rattle-teether-silicon-4-181x300.webp 181w, https:\/\/www.chengjitoy.com\/wp-content\/uploads\/2025\/09\/details-of-rattle-teether-silicon-4-768x1273.webp 768w, https:\/\/www.chengjitoy.com\/wp-content\/uploads\/2025\/09\/details-of-rattle-teether-silicon-4-7x12.webp 7w, https:\/\/www.chengjitoy.com\/wp-content\/uploads\/2025\/09\/details-of-rattle-teether-silicon-4-600x994.webp 600w\" \/><\/figure>\n\n\n\n<figure class=\"wp-block-image size-full\"><img loading=\"lazy\" decoding=\"async\" width=\"770\" height=\"1279\" sizes=\"auto, (max-width: 770px) 100vw, 770px\" src=\"https:\/\/www.chengjitoy.com\/wp-content\/uploads\/2025\/09\/details-of-rattle-teether-silicon-5.webp\" alt=\"\" class=\"wp-image-4101\" srcset=\"https:\/\/www.chengjitoy.com\/wp-content\/uploads\/2025\/09\/details-of-rattle-teether-silicon-5.webp 770w, https:\/\/www.chengjitoy.com\/wp-content\/uploads\/2025\/09\/details-of-rattle-teether-silicon-5-181x300.webp 181w, https:\/\/www.chengjitoy.com\/wp-content\/uploads\/2025\/09\/details-of-rattle-teether-silicon-5-768x1276.webp 768w, https:\/\/www.chengjitoy.com\/wp-content\/uploads\/2025\/09\/details-of-rattle-teether-silicon-5-7x12.webp 7w, https:\/\/www.chengjitoy.com\/wp-content\/uploads\/2025\/09\/details-of-rattle-teether-silicon-5-600x997.webp 600w\" \/><\/figure>\n\n\n\n<figure class=\"wp-block-image size-full\"><img loading=\"lazy\" decoding=\"async\" width=\"770\" height=\"1049\" sizes=\"auto, (max-width: 770px) 100vw, 770px\" src=\"https:\/\/www.chengjitoy.com\/wp-content\/uploads\/2025\/09\/details-of-rattle-teether-silicon-6.webp\" alt=\"\" class=\"wp-image-4102\" srcset=\"https:\/\/www.chengjitoy.com\/wp-content\/uploads\/2025\/09\/details-of-rattle-teether-silicon-6.webp 770w, https:\/\/www.chengjitoy.com\/wp-content\/uploads\/2025\/09\/details-of-rattle-teether-silicon-6-220x300.webp 220w, https:\/\/www.chengjitoy.com\/wp-content\/uploads\/2025\/09\/details-of-rattle-teether-silicon-6-768x1046.webp 768w, https:\/\/www.chengjitoy.com\/wp-content\/uploads\/2025\/09\/details-of-rattle-teether-silicon-6-9x12.webp 9w, https:\/\/www.chengjitoy.com\/wp-content\/uploads\/2025\/09\/details-of-rattle-teether-silicon-6-600x817.webp 600w\" \/><\/figure>\n\n\n\n<figure class=\"wp-block-image size-full\"><img loading=\"lazy\" decoding=\"async\" width=\"770\" height=\"1677\" sizes=\"auto, (max-width: 770px) 100vw, 770px\" src=\"https:\/\/www.chengjitoy.com\/wp-content\/uploads\/2025\/09\/details-of-rattle-teether-silicon-7.webp\" alt=\"\" class=\"wp-image-4103\" srcset=\"https:\/\/www.chengjitoy.com\/wp-content\/uploads\/2025\/09\/details-of-rattle-teether-silicon-7.webp 770w, https:\/\/www.chengjitoy.com\/wp-content\/uploads\/2025\/09\/details-of-rattle-teether-silicon-7-138x300.webp 138w, https:\/\/www.chengjitoy.com\/wp-content\/uploads\/2025\/09\/details-of-rattle-teether-silicon-7-768x1673.webp 768w, https:\/\/www.chengjitoy.com\/wp-content\/uploads\/2025\/09\/details-of-rattle-teether-silicon-7-6x12.webp 6w, https:\/\/www.chengjitoy.com\/wp-content\/uploads\/2025\/09\/details-of-rattle-teether-silicon-7-600x1307.webp 600w\" \/><\/figure>\n\n\n\n<figure class=\"wp-block-image size-full\"><img loading=\"lazy\" decoding=\"async\" width=\"770\" height=\"985\" sizes=\"auto, (max-width: 770px) 100vw, 770px\" src=\"https:\/\/www.chengjitoy.com\/wp-content\/uploads\/2025\/09\/details-of-rattle-teether-silicon-8.webp\" alt=\"\" class=\"wp-image-4104\" srcset=\"https:\/\/www.chengjitoy.com\/wp-content\/uploads\/2025\/09\/details-of-rattle-teether-silicon-8.webp 770w, https:\/\/www.chengjitoy.com\/wp-content\/uploads\/2025\/09\/details-of-rattle-teether-silicon-8-235x300.webp 235w, https:\/\/www.chengjitoy.com\/wp-content\/uploads\/2025\/09\/details-of-rattle-teether-silicon-8-768x982.webp 768w, https:\/\/www.chengjitoy.com\/wp-content\/uploads\/2025\/09\/details-of-rattle-teether-silicon-8-9x12.webp 9w, https:\/\/www.chengjitoy.com\/wp-content\/uploads\/2025\/09\/details-of-rattle-teether-silicon-8-600x768.webp 600w\" \/><\/figure>\n\n\n\n<figure class=\"wp-block-image size-full\"><img loading=\"lazy\" decoding=\"async\" width=\"770\" height=\"1664\" sizes=\"auto, (max-width: 770px) 100vw, 770px\" src=\"https:\/\/www.chengjitoy.com\/wp-content\/uploads\/2025\/09\/details-of-rattle-teether-silicon-9.webp\" alt=\"\" class=\"wp-image-4105\" srcset=\"https:\/\/www.chengjitoy.com\/wp-content\/uploads\/2025\/09\/details-of-rattle-teether-silicon-9.webp 770w, https:\/\/www.chengjitoy.com\/wp-content\/uploads\/2025\/09\/details-of-rattle-teether-silicon-9-139x300.webp 139w, https:\/\/www.chengjitoy.com\/wp-content\/uploads\/2025\/09\/details-of-rattle-teether-silicon-9-768x1660.webp 768w, https:\/\/www.chengjitoy.com\/wp-content\/uploads\/2025\/09\/details-of-rattle-teether-silicon-9-6x12.webp 6w, https:\/\/www.chengjitoy.com\/wp-content\/uploads\/2025\/09\/details-of-rattle-teether-silicon-9-600x1297.webp 600w\" \/><\/figure>\n\n\n\n<figure class=\"wp-block-image size-full\"><img loading=\"lazy\" decoding=\"async\" width=\"770\" height=\"638\" sizes=\"auto, (max-width: 770px) 100vw, 770px\" src=\"https:\/\/www.chengjitoy.com\/wp-content\/uploads\/2025\/09\/details-of-rattle-teether-silicon-10.webp\" alt=\"\" class=\"wp-image-4106\" srcset=\"https:\/\/www.chengjitoy.com\/wp-content\/uploads\/2025\/09\/details-of-rattle-teether-silicon-10.webp 770w, https:\/\/www.chengjitoy.com\/wp-content\/uploads\/2025\/09\/details-of-rattle-teether-silicon-10-300x249.webp 300w, https:\/\/www.chengjitoy.com\/wp-content\/uploads\/2025\/09\/details-of-rattle-teether-silicon-10-768x636.webp 768w, https:\/\/www.chengjitoy.com\/wp-content\/uploads\/2025\/09\/details-of-rattle-teether-silicon-10-14x12.webp 14w, https:\/\/www.chengjitoy.com\/wp-content\/uploads\/2025\/09\/details-of-rattle-teether-silicon-10-600x497.webp 600w\" \/><\/figure>\n<\/div>\n\n\n\n<div class=\"wp-block-column is-layout-flow wp-block-column-is-layout-flow\" style=\"flex-basis:33.33%\"><\/div>\n<\/div>","protected":false},"excerpt":{"rendered":"<div class=\"dad65929\">\n<div class=\"_4f9bf79 d7dc56a8 _43c05b5\">\n<div class=\"ds-message _63c77b1\">\n<div class=\"ds-markdown\">\n<p class=\"ds-markdown-paragraph\">Hochet en vrac pour b\u00e9b\u00e9. Ce hochet offre une exp\u00e9rience multifonctionnelle gr\u00e2ce \u00e0 un design 2 en 1 et des mat\u00e9riaux s\u00fbrs pour l'apprentissage de la pr\u00e9hension et le soulagement des pouss\u00e9es dentaires. Nous soutenons l'approvisionnement en vrac. N'h\u00e9sitez pas \u00e0 nous contacter !<\/p>\n<\/div>\n<\/div>\n<\/div>\n<\/div>\n<h2>Sp\u00e9cifications du hochet en silicone\u00a0<\/h2>\n<table style=\"border-collapse: collapse; width: 343.52pt;\" border=\"0\" width=\"458\" cellspacing=\"0\" cellpadding=\"0\">\n<tbody>\n<tr style=\"height: 19.50pt;\">\n<td class=\"et2\" style=\"height: 19.50pt; width: 133.75pt;\" width=\"178\" height=\"26\">Num\u00e9ro d'article :<\/td>\n<td class=\"et3\" style=\"width: 210.00pt;\" width=\"280\">CJ-3982995<\/td>\n<\/tr>\n<tr style=\"height: 20.25pt;\">\n<td class=\"et4\" style=\"height: 20.25pt; width: 133.75pt;\" width=\"178\" height=\"27\">Paquet :<\/td>\n<td class=\"et5\" style=\"width: 210.00pt;\" width=\"280\">Sac de t\u00eate pour cartes en PVC<\/td>\n<\/tr>\n<tr style=\"height: 19.50pt;\">\n<td class=\"et4\" style=\"height: 19.50pt; width: 133.75pt;\" width=\"178\" height=\"26\">Taille de l'emballage :<\/td>\n<td class=\"et5\" style=\"width: 210.00pt;\" width=\"280\">26*0*20.5CM<\/td>\n<\/tr>\n<tr style=\"height: 20.25pt;\">\n<td class=\"et4\" style=\"height: 20.25pt; width: 133.75pt;\" width=\"178\" height=\"27\">Taille du carton\uff1a<\/td>\n<td class=\"et5\" style=\"width: 210.00pt;\" width=\"280\">70*40*75CM<\/td>\n<\/tr>\n<tr style=\"height: 19.50pt;\">\n<td class=\"et4\" style=\"height: 19.50pt; width: 133.75pt;\" width=\"178\" height=\"26\">Q'ty\/Ctn :<\/td>\n<td class=\"et5\" style=\"width: 210.00pt;\" width=\"280\">120\/PCS<\/td>\n<\/tr>\n<tr style=\"height: 20.25pt;\">\n<td class=\"et4\" style=\"height: 20.25pt; width: 133.75pt;\" width=\"178\" height=\"27\">G.W.\/N.W. :<\/td>\n<td class=\"et5\" style=\"width: 210.00pt;\" width=\"280\">24,5\/22,5 KG<\/td>\n<\/tr>\n<tr style=\"height: 19.50pt;\">\n<td class=\"et4\" style=\"height: 19.50pt; width: 133.75pt;\" width=\"178\" height=\"26\">Mesure :<\/td>\n<td class=\"et5\" style=\"width: 210.00pt;\" width=\"280\">0.21 CBM'\/7.417 CUFT'<\/td>\n<\/tr>\n<\/tbody>\n<\/table>\n<p>\n<script src=\"chrome-extension:\/\/fpelahbljekknahkcaegamhcndkfpfnc\/iFrame.js\" type=\"text\/javascript\"><\/script><\/p>","protected":false},"featured_media":4091,"comment_status":"closed","ping_status":"closed","template":"","meta":{"_acf_changed":false},"product_brand":[],"product_cat":[25,29,36,26],"product_tag":[],"class_list":{"0":"post-3723","1":"product","2":"type-product","3":"status-publish","4":"has-post-thumbnail","6":"product_cat-wholesale-baby-toys","7":"product_cat-wholesale-toys-for-0-24-months","8":"product_cat-wholesale-baby-rattle-sets","9":"product_cat-wholesale-toys-for-all-ages","11":"first","12":"instock","13":"shipping-taxable","14":"product-type-simple"},"acf":[],"_links":{"self":[{"href":"https:\/\/www.chengjitoy.com\/fr\/wp-json\/wp\/v2\/product\/3723","targetHints":{"allow":["GET"]}}],"collection":[{"href":"https:\/\/www.chengjitoy.com\/fr\/wp-json\/wp\/v2\/product"}],"about":[{"href":"https:\/\/www.chengjitoy.com\/fr\/wp-json\/wp\/v2\/types\/product"}],"replies":[{"embeddable":true,"href":"https:\/\/www.chengjitoy.com\/fr\/wp-json\/wp\/v2\/comments?post=3723"}],"wp:featuredmedia":[{"embeddable":true,"href":"https:\/\/www.chengjitoy.com\/fr\/wp-json\/wp\/v2\/media\/4091"}],"wp:attachment":[{"href":"https:\/\/www.chengjitoy.com\/fr\/wp-json\/wp\/v2\/media?parent=3723"}],"wp:term":[{"taxonomy":"product_brand","embeddable":true,"href":"https:\/\/www.chengjitoy.com\/fr\/wp-json\/wp\/v2\/product_brand?post=3723"},{"taxonomy":"product_cat","embeddable":true,"href":"https:\/\/www.chengjitoy.com\/fr\/wp-json\/wp\/v2\/product_cat?post=3723"},{"taxonomy":"product_tag","embeddable":true,"href":"https:\/\/www.chengjitoy.com\/fr\/wp-json\/wp\/v2\/product_tag?post=3723"}],"curies":[{"name":"wp","href":"https:\/\/api.w.org\/{rel}","templated":true}]}}