{"id":3744,"date":"2025-10-08T07:18:00","date_gmt":"2025-10-08T07:18:00","guid":{"rendered":"https:\/\/www.chengjitoy.com\/?post_type=product&#038;p=3744"},"modified":"2025-10-08T07:18:24","modified_gmt":"2025-10-08T07:18:24","slug":"wisdom-tree-toy-wholesale-educational","status":"publish","type":"product","link":"https:\/\/www.chengjitoy.com\/fr\/product\/wisdom-tree-toy-wholesale-educational\/","title":{"rendered":"Wholesale Wisdom Tree Toy With Multi-functions &#8211; Rhythm &amp; Light"},"content":{"rendered":"<div class=\"wp-block-columns is-layout-flex wp-container-core-columns-is-layout-9d6595d7 wp-block-columns-is-layout-flex\">\n<div class=\"wp-block-column is-layout-flow wp-block-column-is-layout-flow\" style=\"flex-basis:66.66%\">\n<figure class=\"wp-block-image size-full\"><img loading=\"lazy\" decoding=\"async\" width=\"770\" height=\"1202\" sizes=\"auto, (max-width: 770px) 100vw, 770px\" src=\"https:\/\/www.chengjitoy.com\/wp-content\/uploads\/2025\/09\/details-of-Wisdom-Tree-Paradise-Light-Music-1.webp\" alt=\"\" class=\"wp-image-3751\" srcset=\"https:\/\/www.chengjitoy.com\/wp-content\/uploads\/2025\/09\/details-of-Wisdom-Tree-Paradise-Light-Music-1.webp 770w, https:\/\/www.chengjitoy.com\/wp-content\/uploads\/2025\/09\/details-of-Wisdom-Tree-Paradise-Light-Music-1-192x300.webp 192w, https:\/\/www.chengjitoy.com\/wp-content\/uploads\/2025\/09\/details-of-Wisdom-Tree-Paradise-Light-Music-1-768x1199.webp 768w, https:\/\/www.chengjitoy.com\/wp-content\/uploads\/2025\/09\/details-of-Wisdom-Tree-Paradise-Light-Music-1-8x12.webp 8w, https:\/\/www.chengjitoy.com\/wp-content\/uploads\/2025\/09\/details-of-Wisdom-Tree-Paradise-Light-Music-1-600x937.webp 600w\" \/><\/figure>\n\n\n\n<figure class=\"wp-block-image size-full\"><img loading=\"lazy\" decoding=\"async\" width=\"770\" height=\"1069\" sizes=\"auto, (max-width: 770px) 100vw, 770px\" src=\"https:\/\/www.chengjitoy.com\/wp-content\/uploads\/2025\/09\/details-of-Wisdom-Tree-Paradise-Light-Music-2.webp\" alt=\"\" class=\"wp-image-3752\" srcset=\"https:\/\/www.chengjitoy.com\/wp-content\/uploads\/2025\/09\/details-of-Wisdom-Tree-Paradise-Light-Music-2.webp 770w, https:\/\/www.chengjitoy.com\/wp-content\/uploads\/2025\/09\/details-of-Wisdom-Tree-Paradise-Light-Music-2-216x300.webp 216w, https:\/\/www.chengjitoy.com\/wp-content\/uploads\/2025\/09\/details-of-Wisdom-Tree-Paradise-Light-Music-2-768x1066.webp 768w, https:\/\/www.chengjitoy.com\/wp-content\/uploads\/2025\/09\/details-of-Wisdom-Tree-Paradise-Light-Music-2-9x12.webp 9w, https:\/\/www.chengjitoy.com\/wp-content\/uploads\/2025\/09\/details-of-Wisdom-Tree-Paradise-Light-Music-2-600x833.webp 600w\" \/><\/figure>\n\n\n\n<figure class=\"wp-block-image size-full\"><img loading=\"lazy\" decoding=\"async\" width=\"770\" height=\"1441\" sizes=\"auto, (max-width: 770px) 100vw, 770px\" src=\"https:\/\/www.chengjitoy.com\/wp-content\/uploads\/2025\/09\/details-of-Wisdom-Tree-Paradise-Light-Music-3.webp\" alt=\"\" class=\"wp-image-3753\" srcset=\"https:\/\/www.chengjitoy.com\/wp-content\/uploads\/2025\/09\/details-of-Wisdom-Tree-Paradise-Light-Music-3.webp 770w, https:\/\/www.chengjitoy.com\/wp-content\/uploads\/2025\/09\/details-of-Wisdom-Tree-Paradise-Light-Music-3-160x300.webp 160w, https:\/\/www.chengjitoy.com\/wp-content\/uploads\/2025\/09\/details-of-Wisdom-Tree-Paradise-Light-Music-3-768x1437.webp 768w, https:\/\/www.chengjitoy.com\/wp-content\/uploads\/2025\/09\/details-of-Wisdom-Tree-Paradise-Light-Music-3-6x12.webp 6w, https:\/\/www.chengjitoy.com\/wp-content\/uploads\/2025\/09\/details-of-Wisdom-Tree-Paradise-Light-Music-3-600x1123.webp 600w\" \/><\/figure>\n\n\n\n<figure class=\"wp-block-image size-full\"><img loading=\"lazy\" decoding=\"async\" width=\"770\" height=\"1386\" sizes=\"auto, (max-width: 770px) 100vw, 770px\" src=\"https:\/\/www.chengjitoy.com\/wp-content\/uploads\/2025\/09\/details-of-Wisdom-Tree-Paradise-Light-Music-4.webp\" alt=\"\" class=\"wp-image-3754\" srcset=\"https:\/\/www.chengjitoy.com\/wp-content\/uploads\/2025\/09\/details-of-Wisdom-Tree-Paradise-Light-Music-4.webp 770w, https:\/\/www.chengjitoy.com\/wp-content\/uploads\/2025\/09\/details-of-Wisdom-Tree-Paradise-Light-Music-4-167x300.webp 167w, https:\/\/www.chengjitoy.com\/wp-content\/uploads\/2025\/09\/details-of-Wisdom-Tree-Paradise-Light-Music-4-768x1382.webp 768w, https:\/\/www.chengjitoy.com\/wp-content\/uploads\/2025\/09\/details-of-Wisdom-Tree-Paradise-Light-Music-4-7x12.webp 7w, https:\/\/www.chengjitoy.com\/wp-content\/uploads\/2025\/09\/details-of-Wisdom-Tree-Paradise-Light-Music-4-600x1080.webp 600w\" \/><\/figure>\n\n\n\n<figure class=\"wp-block-image size-full\"><img loading=\"lazy\" decoding=\"async\" width=\"770\" height=\"1327\" sizes=\"auto, (max-width: 770px) 100vw, 770px\" src=\"https:\/\/www.chengjitoy.com\/wp-content\/uploads\/2025\/09\/details-of-Wisdom-Tree-Paradise-Light-Music-5.webp\" alt=\"\" class=\"wp-image-3755\" srcset=\"https:\/\/www.chengjitoy.com\/wp-content\/uploads\/2025\/09\/details-of-Wisdom-Tree-Paradise-Light-Music-5.webp 770w, https:\/\/www.chengjitoy.com\/wp-content\/uploads\/2025\/09\/details-of-Wisdom-Tree-Paradise-Light-Music-5-174x300.webp 174w, https:\/\/www.chengjitoy.com\/wp-content\/uploads\/2025\/09\/details-of-Wisdom-Tree-Paradise-Light-Music-5-768x1324.webp 768w, https:\/\/www.chengjitoy.com\/wp-content\/uploads\/2025\/09\/details-of-Wisdom-Tree-Paradise-Light-Music-5-7x12.webp 7w, https:\/\/www.chengjitoy.com\/wp-content\/uploads\/2025\/09\/details-of-Wisdom-Tree-Paradise-Light-Music-5-600x1034.webp 600w\" \/><\/figure>\n\n\n\n<figure class=\"wp-block-image size-full\"><img loading=\"lazy\" decoding=\"async\" width=\"770\" height=\"1521\" sizes=\"auto, (max-width: 770px) 100vw, 770px\" src=\"https:\/\/www.chengjitoy.com\/wp-content\/uploads\/2025\/09\/details-of-Wisdom-Tree-Paradise-Light-Music-6.webp\" alt=\"\" class=\"wp-image-3756\" srcset=\"https:\/\/www.chengjitoy.com\/wp-content\/uploads\/2025\/09\/details-of-Wisdom-Tree-Paradise-Light-Music-6.webp 770w, https:\/\/www.chengjitoy.com\/wp-content\/uploads\/2025\/09\/details-of-Wisdom-Tree-Paradise-Light-Music-6-152x300.webp 152w, https:\/\/www.chengjitoy.com\/wp-content\/uploads\/2025\/09\/details-of-Wisdom-Tree-Paradise-Light-Music-6-768x1517.webp 768w, https:\/\/www.chengjitoy.com\/wp-content\/uploads\/2025\/09\/details-of-Wisdom-Tree-Paradise-Light-Music-6-6x12.webp 6w, https:\/\/www.chengjitoy.com\/wp-content\/uploads\/2025\/09\/details-of-Wisdom-Tree-Paradise-Light-Music-6-600x1185.webp 600w\" \/><\/figure>\n\n\n\n<figure class=\"wp-block-image size-full\"><img loading=\"lazy\" decoding=\"async\" width=\"770\" height=\"1588\" sizes=\"auto, (max-width: 770px) 100vw, 770px\" src=\"https:\/\/www.chengjitoy.com\/wp-content\/uploads\/2025\/09\/details-of-Wisdom-Tree-Paradise-Light-Music-7.webp\" alt=\"\" class=\"wp-image-3757\" srcset=\"https:\/\/www.chengjitoy.com\/wp-content\/uploads\/2025\/09\/details-of-Wisdom-Tree-Paradise-Light-Music-7.webp 770w, https:\/\/www.chengjitoy.com\/wp-content\/uploads\/2025\/09\/details-of-Wisdom-Tree-Paradise-Light-Music-7-145x300.webp 145w, https:\/\/www.chengjitoy.com\/wp-content\/uploads\/2025\/09\/details-of-Wisdom-Tree-Paradise-Light-Music-7-768x1584.webp 768w, https:\/\/www.chengjitoy.com\/wp-content\/uploads\/2025\/09\/details-of-Wisdom-Tree-Paradise-Light-Music-7-6x12.webp 6w, https:\/\/www.chengjitoy.com\/wp-content\/uploads\/2025\/09\/details-of-Wisdom-Tree-Paradise-Light-Music-7-600x1237.webp 600w\" \/><\/figure>\n\n\n\n<figure class=\"wp-block-image size-full\"><img loading=\"lazy\" decoding=\"async\" width=\"770\" height=\"1130\" sizes=\"auto, (max-width: 770px) 100vw, 770px\" src=\"https:\/\/www.chengjitoy.com\/wp-content\/uploads\/2025\/09\/details-of-Wisdom-Tree-Paradise-Light-Music-8.webp\" alt=\"\" class=\"wp-image-3758\" srcset=\"https:\/\/www.chengjitoy.com\/wp-content\/uploads\/2025\/09\/details-of-Wisdom-Tree-Paradise-Light-Music-8.webp 770w, https:\/\/www.chengjitoy.com\/wp-content\/uploads\/2025\/09\/details-of-Wisdom-Tree-Paradise-Light-Music-8-204x300.webp 204w, https:\/\/www.chengjitoy.com\/wp-content\/uploads\/2025\/09\/details-of-Wisdom-Tree-Paradise-Light-Music-8-768x1127.webp 768w, https:\/\/www.chengjitoy.com\/wp-content\/uploads\/2025\/09\/details-of-Wisdom-Tree-Paradise-Light-Music-8-8x12.webp 8w, https:\/\/www.chengjitoy.com\/wp-content\/uploads\/2025\/09\/details-of-Wisdom-Tree-Paradise-Light-Music-8-600x881.webp 600w\" \/><\/figure>\n\n\n\n<figure class=\"wp-block-image size-full\"><img loading=\"lazy\" decoding=\"async\" width=\"770\" height=\"1479\" sizes=\"auto, (max-width: 770px) 100vw, 770px\" src=\"https:\/\/www.chengjitoy.com\/wp-content\/uploads\/2025\/09\/details-of-Wisdom-Tree-Paradise-Light-Music-9.webp\" alt=\"\" class=\"wp-image-3759\" srcset=\"https:\/\/www.chengjitoy.com\/wp-content\/uploads\/2025\/09\/details-of-Wisdom-Tree-Paradise-Light-Music-9.webp 770w, https:\/\/www.chengjitoy.com\/wp-content\/uploads\/2025\/09\/details-of-Wisdom-Tree-Paradise-Light-Music-9-156x300.webp 156w, https:\/\/www.chengjitoy.com\/wp-content\/uploads\/2025\/09\/details-of-Wisdom-Tree-Paradise-Light-Music-9-768x1475.webp 768w, https:\/\/www.chengjitoy.com\/wp-content\/uploads\/2025\/09\/details-of-Wisdom-Tree-Paradise-Light-Music-9-6x12.webp 6w, https:\/\/www.chengjitoy.com\/wp-content\/uploads\/2025\/09\/details-of-Wisdom-Tree-Paradise-Light-Music-9-600x1152.webp 600w\" \/><\/figure>\n\n\n\n<figure class=\"wp-block-image size-full\"><img loading=\"lazy\" decoding=\"async\" width=\"770\" height=\"1227\" sizes=\"auto, (max-width: 770px) 100vw, 770px\" src=\"https:\/\/www.chengjitoy.com\/wp-content\/uploads\/2025\/09\/details-of-Wisdom-Tree-Paradise-Light-Music-10.webp\" alt=\"\" class=\"wp-image-3760\" srcset=\"https:\/\/www.chengjitoy.com\/wp-content\/uploads\/2025\/09\/details-of-Wisdom-Tree-Paradise-Light-Music-10.webp 770w, https:\/\/www.chengjitoy.com\/wp-content\/uploads\/2025\/09\/details-of-Wisdom-Tree-Paradise-Light-Music-10-188x300.webp 188w, https:\/\/www.chengjitoy.com\/wp-content\/uploads\/2025\/09\/details-of-Wisdom-Tree-Paradise-Light-Music-10-768x1224.webp 768w, https:\/\/www.chengjitoy.com\/wp-content\/uploads\/2025\/09\/details-of-Wisdom-Tree-Paradise-Light-Music-10-8x12.webp 8w, https:\/\/www.chengjitoy.com\/wp-content\/uploads\/2025\/09\/details-of-Wisdom-Tree-Paradise-Light-Music-10-600x956.webp 600w\" \/><\/figure>\n\n\n\n<figure class=\"wp-block-image size-full\"><img loading=\"lazy\" decoding=\"async\" width=\"770\" height=\"1760\" sizes=\"auto, (max-width: 770px) 100vw, 770px\" src=\"https:\/\/www.chengjitoy.com\/wp-content\/uploads\/2025\/09\/details-of-Wisdom-Tree-Paradise-Light-Music-11.webp\" alt=\"\" class=\"wp-image-3761\" srcset=\"https:\/\/www.chengjitoy.com\/wp-content\/uploads\/2025\/09\/details-of-Wisdom-Tree-Paradise-Light-Music-11.webp 770w, https:\/\/www.chengjitoy.com\/wp-content\/uploads\/2025\/09\/details-of-Wisdom-Tree-Paradise-Light-Music-11-131x300.webp 131w, https:\/\/www.chengjitoy.com\/wp-content\/uploads\/2025\/09\/details-of-Wisdom-Tree-Paradise-Light-Music-11-768x1755.webp 768w, https:\/\/www.chengjitoy.com\/wp-content\/uploads\/2025\/09\/details-of-Wisdom-Tree-Paradise-Light-Music-11-5x12.webp 5w, https:\/\/www.chengjitoy.com\/wp-content\/uploads\/2025\/09\/details-of-Wisdom-Tree-Paradise-Light-Music-11-600x1371.webp 600w\" \/><\/figure>\n\n\n\n<figure class=\"wp-block-image size-full\"><img loading=\"lazy\" decoding=\"async\" width=\"770\" height=\"706\" sizes=\"auto, (max-width: 770px) 100vw, 770px\" src=\"https:\/\/www.chengjitoy.com\/wp-content\/uploads\/2025\/09\/details-of-Wisdom-Tree-Paradise-Light-Music-12.webp\" alt=\"\" class=\"wp-image-3762\" srcset=\"https:\/\/www.chengjitoy.com\/wp-content\/uploads\/2025\/09\/details-of-Wisdom-Tree-Paradise-Light-Music-12.webp 770w, https:\/\/www.chengjitoy.com\/wp-content\/uploads\/2025\/09\/details-of-Wisdom-Tree-Paradise-Light-Music-12-300x275.webp 300w, https:\/\/www.chengjitoy.com\/wp-content\/uploads\/2025\/09\/details-of-Wisdom-Tree-Paradise-Light-Music-12-768x704.webp 768w, https:\/\/www.chengjitoy.com\/wp-content\/uploads\/2025\/09\/details-of-Wisdom-Tree-Paradise-Light-Music-12-13x12.webp 13w, https:\/\/www.chengjitoy.com\/wp-content\/uploads\/2025\/09\/details-of-Wisdom-Tree-Paradise-Light-Music-12-600x550.webp 600w\" \/><\/figure>\n\n\n\n<figure class=\"wp-block-image size-full\"><img loading=\"lazy\" decoding=\"async\" width=\"770\" height=\"1576\" sizes=\"auto, (max-width: 770px) 100vw, 770px\" src=\"https:\/\/www.chengjitoy.com\/wp-content\/uploads\/2025\/09\/details-of-Wisdom-Tree-Paradise-Light-Music-13.webp\" alt=\"\" class=\"wp-image-3763\" srcset=\"https:\/\/www.chengjitoy.com\/wp-content\/uploads\/2025\/09\/details-of-Wisdom-Tree-Paradise-Light-Music-13.webp 770w, https:\/\/www.chengjitoy.com\/wp-content\/uploads\/2025\/09\/details-of-Wisdom-Tree-Paradise-Light-Music-13-147x300.webp 147w, https:\/\/www.chengjitoy.com\/wp-content\/uploads\/2025\/09\/details-of-Wisdom-Tree-Paradise-Light-Music-13-768x1572.webp 768w, https:\/\/www.chengjitoy.com\/wp-content\/uploads\/2025\/09\/details-of-Wisdom-Tree-Paradise-Light-Music-13-6x12.webp 6w, https:\/\/www.chengjitoy.com\/wp-content\/uploads\/2025\/09\/details-of-Wisdom-Tree-Paradise-Light-Music-13-600x1228.webp 600w\" \/><\/figure>\n<\/div>\n\n\n\n<div class=\"wp-block-column is-layout-flow wp-block-column-is-layout-flow\" style=\"flex-basis:33.33%\"><\/div>\n<\/div>","protected":false},"excerpt":{"rendered":"<p>Jouet en gros en forme d'arbre de sagesse avec musique et lumi\u00e8re. Cet arbre de sagesse paradisiaque permet un d\u00e9veloppement intellectuel complet et une stimulation sensorielle gr\u00e2ce \u00e0 l'\u00e9ducation pr\u00e9coce multifonctionnelle et \u00e0 la conception d'un lien entre la main et le cerveau. L'achat en gros est possible. Contactez nous d\u00e8s maintenant !<\/p>\n<h2>Sp\u00e9cifications du jouet Wisdom Tree\u00a0<\/h2>\n<table style=\"border-collapse: collapse; width: 343.52pt;\" border=\"0\" width=\"458\" cellspacing=\"0\" cellpadding=\"0\">\n<tbody>\n<tr style=\"height: 19.50pt;\">\n<td class=\"et2\" style=\"height: 19.50pt; width: 133.75pt;\" width=\"178\" height=\"26\">Num\u00e9ro d'article :<\/td>\n<td class=\"et3\" style=\"width: 210.00pt;\" width=\"280\">CJ-2118090<\/td>\n<\/tr>\n<tr style=\"height: 20.25pt;\">\n<td class=\"et4\" style=\"height: 20.25pt; width: 133.75pt;\" width=\"178\" height=\"27\">Paquet :<\/td>\n<td class=\"et5\" style=\"width: 210.00pt;\" width=\"280\">Bo\u00eete d'ouverture de fen\u00eatre<\/td>\n<\/tr>\n<tr style=\"height: 19.50pt;\">\n<td class=\"et4\" style=\"height: 19.50pt; width: 133.75pt;\" width=\"178\" height=\"26\">Taille de l'emballage :<\/td>\n<td class=\"et6\" style=\"width: 210.00pt;\" width=\"280\">0*0*0CM<\/td>\n<\/tr>\n<tr style=\"height: 20.25pt;\">\n<td class=\"et4\" style=\"height: 20.25pt; width: 133.75pt;\" width=\"178\" height=\"27\">Taille du carton\uff1a<\/td>\n<td class=\"et6\" style=\"width: 210.00pt;\" width=\"280\">56*52.5*67.5CM<\/td>\n<\/tr>\n<tr style=\"height: 19.50pt;\">\n<td class=\"et4\" style=\"height: 19.50pt; width: 133.75pt;\" width=\"178\" height=\"26\">Q'ty\/Ctn :<\/td>\n<td class=\"et6\" style=\"width: 210.00pt;\" width=\"280\">8\/PCS<\/td>\n<\/tr>\n<tr style=\"height: 20.25pt;\">\n<td class=\"et4\" style=\"height: 20.25pt; width: 133.75pt;\" width=\"178\" height=\"27\">G.W.\/N.W. :<\/td>\n<td class=\"et6\" style=\"width: 210.00pt;\" width=\"280\">11\/0 KG<\/td>\n<\/tr>\n<tr style=\"height: 19.50pt;\">\n<td class=\"et4\" style=\"height: 19.50pt; width: 133.75pt;\" width=\"178\" height=\"26\">Mesure :<\/td>\n<td class=\"et6\" style=\"width: 210.00pt;\" width=\"280\">0,2 CBM'\/7 CUFT'<\/td>\n<\/tr>\n<\/tbody>\n<\/table>\n<p>\n<script src=\"chrome-extension:\/\/fpelahbljekknahkcaegamhcndkfpfnc\/iFrame.js\" type=\"text\/javascript\"><\/script><\/p>","protected":false},"featured_media":3745,"comment_status":"closed","ping_status":"closed","template":"","meta":{"_acf_changed":true},"product_brand":[],"product_cat":[24,29,25,34,46,26],"product_tag":[],"class_list":{"0":"post-3744","1":"product","2":"type-product","3":"status-publish","4":"has-post-thumbnail","6":"product_cat-wholesale-educational-toys","7":"product_cat-wholesale-toys-for-0-24-months","8":"product_cat-wholesale-baby-toys","9":"product_cat-wholesale-other-baby-toys","10":"product_cat-wholesale-other-educational-toys","11":"product_cat-wholesale-toys-for-all-ages","13":"first","14":"instock","15":"shipping-taxable","16":"product-type-simple"},"acf":[],"_links":{"self":[{"href":"https:\/\/www.chengjitoy.com\/fr\/wp-json\/wp\/v2\/product\/3744","targetHints":{"allow":["GET"]}}],"collection":[{"href":"https:\/\/www.chengjitoy.com\/fr\/wp-json\/wp\/v2\/product"}],"about":[{"href":"https:\/\/www.chengjitoy.com\/fr\/wp-json\/wp\/v2\/types\/product"}],"replies":[{"embeddable":true,"href":"https:\/\/www.chengjitoy.com\/fr\/wp-json\/wp\/v2\/comments?post=3744"}],"wp:featuredmedia":[{"embeddable":true,"href":"https:\/\/www.chengjitoy.com\/fr\/wp-json\/wp\/v2\/media\/3745"}],"wp:attachment":[{"href":"https:\/\/www.chengjitoy.com\/fr\/wp-json\/wp\/v2\/media?parent=3744"}],"wp:term":[{"taxonomy":"product_brand","embeddable":true,"href":"https:\/\/www.chengjitoy.com\/fr\/wp-json\/wp\/v2\/product_brand?post=3744"},{"taxonomy":"product_cat","embeddable":true,"href":"https:\/\/www.chengjitoy.com\/fr\/wp-json\/wp\/v2\/product_cat?post=3744"},{"taxonomy":"product_tag","embeddable":true,"href":"https:\/\/www.chengjitoy.com\/fr\/wp-json\/wp\/v2\/product_tag?post=3744"}],"curies":[{"name":"wp","href":"https:\/\/api.w.org\/{rel}","templated":true}]}}