{"id":3990,"date":"2025-10-08T06:07:26","date_gmt":"2025-10-08T06:07:26","guid":{"rendered":"https:\/\/www.chengjitoy.com\/?post_type=product&#038;p=3990"},"modified":"2025-10-08T06:07:30","modified_gmt":"2025-10-08T06:07:30","slug":"wholesale-movable-astronaut-model-toy","status":"publish","type":"product","link":"https:\/\/www.chengjitoy.com\/fr\/product\/wholesale-movable-astronaut-model-toy\/","title":{"rendered":"Mod\u00e8le r\u00e9duit d'astronaute avec articulations mobiles et casque \u00e9lectroplaqu\u00e9 \u2013 Haut de gamme et haute pr\u00e9cision"},"content":{"rendered":"<div class=\"wp-block-columns is-layout-flex wp-container-core-columns-is-layout-9d6595d7 wp-block-columns-is-layout-flex\">\n<div class=\"wp-block-column is-layout-flow wp-block-column-is-layout-flow\" style=\"flex-basis:66.66%\">\n<figure class=\"wp-block-image size-full\"><img loading=\"lazy\" decoding=\"async\" width=\"770\" height=\"1931\" sizes=\"auto, (max-width: 770px) 100vw, 770px\" src=\"https:\/\/www.chengjitoy.com\/wp-content\/uploads\/2025\/09\/details-of-Dawn-Project-Astronauts-CJ-4303956-1.webp\" alt=\"\" class=\"wp-image-3997\" srcset=\"https:\/\/www.chengjitoy.com\/wp-content\/uploads\/2025\/09\/details-of-Dawn-Project-Astronauts-CJ-4303956-1.webp 770w, https:\/\/www.chengjitoy.com\/wp-content\/uploads\/2025\/09\/details-of-Dawn-Project-Astronauts-CJ-4303956-1-120x300.webp 120w, https:\/\/www.chengjitoy.com\/wp-content\/uploads\/2025\/09\/details-of-Dawn-Project-Astronauts-CJ-4303956-1-768x1926.webp 768w, https:\/\/www.chengjitoy.com\/wp-content\/uploads\/2025\/09\/details-of-Dawn-Project-Astronauts-CJ-4303956-1-5x12.webp 5w, https:\/\/www.chengjitoy.com\/wp-content\/uploads\/2025\/09\/details-of-Dawn-Project-Astronauts-CJ-4303956-1-600x1505.webp 600w\" \/><\/figure>\n\n\n\n<figure class=\"wp-block-image size-full\"><img loading=\"lazy\" decoding=\"async\" width=\"770\" height=\"1508\" sizes=\"auto, (max-width: 770px) 100vw, 770px\" src=\"https:\/\/www.chengjitoy.com\/wp-content\/uploads\/2025\/09\/details-of-Dawn-Project-Astronauts-CJ-4303956-2.webp\" alt=\"\" class=\"wp-image-3998\" srcset=\"https:\/\/www.chengjitoy.com\/wp-content\/uploads\/2025\/09\/details-of-Dawn-Project-Astronauts-CJ-4303956-2.webp 770w, https:\/\/www.chengjitoy.com\/wp-content\/uploads\/2025\/09\/details-of-Dawn-Project-Astronauts-CJ-4303956-2-153x300.webp 153w, https:\/\/www.chengjitoy.com\/wp-content\/uploads\/2025\/09\/details-of-Dawn-Project-Astronauts-CJ-4303956-2-768x1504.webp 768w, https:\/\/www.chengjitoy.com\/wp-content\/uploads\/2025\/09\/details-of-Dawn-Project-Astronauts-CJ-4303956-2-6x12.webp 6w, https:\/\/www.chengjitoy.com\/wp-content\/uploads\/2025\/09\/details-of-Dawn-Project-Astronauts-CJ-4303956-2-600x1175.webp 600w\" \/><\/figure>\n\n\n\n<figure class=\"wp-block-image size-full\"><img loading=\"lazy\" decoding=\"async\" width=\"770\" height=\"1323\" sizes=\"auto, (max-width: 770px) 100vw, 770px\" src=\"https:\/\/www.chengjitoy.com\/wp-content\/uploads\/2025\/09\/details-of-Dawn-Project-Astronauts-CJ-4303956-3.webp\" alt=\"\" class=\"wp-image-3999\" srcset=\"https:\/\/www.chengjitoy.com\/wp-content\/uploads\/2025\/09\/details-of-Dawn-Project-Astronauts-CJ-4303956-3.webp 770w, https:\/\/www.chengjitoy.com\/wp-content\/uploads\/2025\/09\/details-of-Dawn-Project-Astronauts-CJ-4303956-3-175x300.webp 175w, https:\/\/www.chengjitoy.com\/wp-content\/uploads\/2025\/09\/details-of-Dawn-Project-Astronauts-CJ-4303956-3-768x1320.webp 768w, https:\/\/www.chengjitoy.com\/wp-content\/uploads\/2025\/09\/details-of-Dawn-Project-Astronauts-CJ-4303956-3-7x12.webp 7w, https:\/\/www.chengjitoy.com\/wp-content\/uploads\/2025\/09\/details-of-Dawn-Project-Astronauts-CJ-4303956-3-600x1031.webp 600w\" \/><\/figure>\n\n\n\n<figure class=\"wp-block-image size-full\"><img loading=\"lazy\" decoding=\"async\" width=\"770\" height=\"1484\" sizes=\"auto, (max-width: 770px) 100vw, 770px\" src=\"https:\/\/www.chengjitoy.com\/wp-content\/uploads\/2025\/09\/details-of-Dawn-Project-Astronauts-CJ-4303956-4.webp\" alt=\"\" class=\"wp-image-4000\" srcset=\"https:\/\/www.chengjitoy.com\/wp-content\/uploads\/2025\/09\/details-of-Dawn-Project-Astronauts-CJ-4303956-4.webp 770w, https:\/\/www.chengjitoy.com\/wp-content\/uploads\/2025\/09\/details-of-Dawn-Project-Astronauts-CJ-4303956-4-156x300.webp 156w, https:\/\/www.chengjitoy.com\/wp-content\/uploads\/2025\/09\/details-of-Dawn-Project-Astronauts-CJ-4303956-4-768x1480.webp 768w, https:\/\/www.chengjitoy.com\/wp-content\/uploads\/2025\/09\/details-of-Dawn-Project-Astronauts-CJ-4303956-4-6x12.webp 6w, https:\/\/www.chengjitoy.com\/wp-content\/uploads\/2025\/09\/details-of-Dawn-Project-Astronauts-CJ-4303956-4-600x1156.webp 600w\" \/><\/figure>\n\n\n\n<figure class=\"wp-block-image size-full\"><img loading=\"lazy\" decoding=\"async\" width=\"770\" height=\"1648\" sizes=\"auto, (max-width: 770px) 100vw, 770px\" src=\"https:\/\/www.chengjitoy.com\/wp-content\/uploads\/2025\/09\/details-of-Dawn-Project-Astronauts-CJ-4303956-5.webp\" alt=\"\" class=\"wp-image-4001\" srcset=\"https:\/\/www.chengjitoy.com\/wp-content\/uploads\/2025\/09\/details-of-Dawn-Project-Astronauts-CJ-4303956-5.webp 770w, https:\/\/www.chengjitoy.com\/wp-content\/uploads\/2025\/09\/details-of-Dawn-Project-Astronauts-CJ-4303956-5-140x300.webp 140w, https:\/\/www.chengjitoy.com\/wp-content\/uploads\/2025\/09\/details-of-Dawn-Project-Astronauts-CJ-4303956-5-768x1644.webp 768w, https:\/\/www.chengjitoy.com\/wp-content\/uploads\/2025\/09\/details-of-Dawn-Project-Astronauts-CJ-4303956-5-6x12.webp 6w, https:\/\/www.chengjitoy.com\/wp-content\/uploads\/2025\/09\/details-of-Dawn-Project-Astronauts-CJ-4303956-5-600x1284.webp 600w\" \/><\/figure>\n\n\n\n<figure class=\"wp-block-image size-full\"><img loading=\"lazy\" decoding=\"async\" width=\"770\" height=\"1644\" sizes=\"auto, (max-width: 770px) 100vw, 770px\" src=\"https:\/\/www.chengjitoy.com\/wp-content\/uploads\/2025\/09\/details-of-Dawn-Project-Astronauts-CJ-4303956-6.webp\" alt=\"\" class=\"wp-image-4002\" srcset=\"https:\/\/www.chengjitoy.com\/wp-content\/uploads\/2025\/09\/details-of-Dawn-Project-Astronauts-CJ-4303956-6.webp 770w, https:\/\/www.chengjitoy.com\/wp-content\/uploads\/2025\/09\/details-of-Dawn-Project-Astronauts-CJ-4303956-6-141x300.webp 141w, https:\/\/www.chengjitoy.com\/wp-content\/uploads\/2025\/09\/details-of-Dawn-Project-Astronauts-CJ-4303956-6-768x1640.webp 768w, https:\/\/www.chengjitoy.com\/wp-content\/uploads\/2025\/09\/details-of-Dawn-Project-Astronauts-CJ-4303956-6-6x12.webp 6w, https:\/\/www.chengjitoy.com\/wp-content\/uploads\/2025\/09\/details-of-Dawn-Project-Astronauts-CJ-4303956-6-600x1281.webp 600w\" \/><\/figure>\n\n\n\n<figure class=\"wp-block-image size-full\"><img loading=\"lazy\" decoding=\"async\" width=\"770\" height=\"1230\" sizes=\"auto, (max-width: 770px) 100vw, 770px\" src=\"https:\/\/www.chengjitoy.com\/wp-content\/uploads\/2025\/09\/details-of-Dawn-Project-Astronauts-CJ-4303956-7.webp\" alt=\"\" class=\"wp-image-4003\" srcset=\"https:\/\/www.chengjitoy.com\/wp-content\/uploads\/2025\/09\/details-of-Dawn-Project-Astronauts-CJ-4303956-7.webp 770w, https:\/\/www.chengjitoy.com\/wp-content\/uploads\/2025\/09\/details-of-Dawn-Project-Astronauts-CJ-4303956-7-188x300.webp 188w, https:\/\/www.chengjitoy.com\/wp-content\/uploads\/2025\/09\/details-of-Dawn-Project-Astronauts-CJ-4303956-7-768x1227.webp 768w, https:\/\/www.chengjitoy.com\/wp-content\/uploads\/2025\/09\/details-of-Dawn-Project-Astronauts-CJ-4303956-7-8x12.webp 8w, https:\/\/www.chengjitoy.com\/wp-content\/uploads\/2025\/09\/details-of-Dawn-Project-Astronauts-CJ-4303956-7-600x958.webp 600w\" \/><\/figure>\n\n\n\n<figure class=\"wp-block-image size-full\"><img loading=\"lazy\" decoding=\"async\" width=\"770\" height=\"850\" sizes=\"auto, (max-width: 770px) 100vw, 770px\" src=\"https:\/\/www.chengjitoy.com\/wp-content\/uploads\/2025\/09\/details-of-Dawn-Project-Astronauts-CJ-4303956-8.webp\" alt=\"\" class=\"wp-image-4004\" srcset=\"https:\/\/www.chengjitoy.com\/wp-content\/uploads\/2025\/09\/details-of-Dawn-Project-Astronauts-CJ-4303956-8.webp 770w, https:\/\/www.chengjitoy.com\/wp-content\/uploads\/2025\/09\/details-of-Dawn-Project-Astronauts-CJ-4303956-8-272x300.webp 272w, https:\/\/www.chengjitoy.com\/wp-content\/uploads\/2025\/09\/details-of-Dawn-Project-Astronauts-CJ-4303956-8-768x848.webp 768w, https:\/\/www.chengjitoy.com\/wp-content\/uploads\/2025\/09\/details-of-Dawn-Project-Astronauts-CJ-4303956-8-11x12.webp 11w, https:\/\/www.chengjitoy.com\/wp-content\/uploads\/2025\/09\/details-of-Dawn-Project-Astronauts-CJ-4303956-8-600x662.webp 600w\" \/><\/figure>\n\n\n\n<figure class=\"wp-block-image size-full\"><img loading=\"lazy\" decoding=\"async\" width=\"770\" height=\"1877\" sizes=\"auto, (max-width: 770px) 100vw, 770px\" src=\"https:\/\/www.chengjitoy.com\/wp-content\/uploads\/2025\/09\/details-of-Dawn-Project-Astronauts-CJ-4303956-9.webp\" alt=\"\" class=\"wp-image-4005\" srcset=\"https:\/\/www.chengjitoy.com\/wp-content\/uploads\/2025\/09\/details-of-Dawn-Project-Astronauts-CJ-4303956-9.webp 770w, https:\/\/www.chengjitoy.com\/wp-content\/uploads\/2025\/09\/details-of-Dawn-Project-Astronauts-CJ-4303956-9-123x300.webp 123w, https:\/\/www.chengjitoy.com\/wp-content\/uploads\/2025\/09\/details-of-Dawn-Project-Astronauts-CJ-4303956-9-768x1872.webp 768w, https:\/\/www.chengjitoy.com\/wp-content\/uploads\/2025\/09\/details-of-Dawn-Project-Astronauts-CJ-4303956-9-5x12.webp 5w, https:\/\/www.chengjitoy.com\/wp-content\/uploads\/2025\/09\/details-of-Dawn-Project-Astronauts-CJ-4303956-9-600x1463.webp 600w\" \/><\/figure>\n<\/div>\n\n\n\n<div class=\"wp-block-column is-layout-flow wp-block-column-is-layout-flow\" style=\"flex-basis:33.33%\"><\/div>\n<\/div>","protected":false},"excerpt":{"rendered":"<p>Mod\u00e8le r\u00e9duit d'astronaute vendu en gros. Ce mod\u00e8le r\u00e9duit d'astronaute tr\u00e8s d\u00e9taill\u00e9 est \u00e9quip\u00e9 de plus de 20 articulations mobiles et d'un casque \u00e9lectroplaqu\u00e9 ! Id\u00e9al pour \u00eatre expos\u00e9 et pour des jeux imaginatifs sur le th\u00e8me de l'espace. Achat en gros possible. Demandez votre devis d\u00e8s maintenant !<\/p>\n<h2>Sp\u00e9cifications du projet Dawn Astronautes<\/h2>\n<table style=\"border-collapse: collapse; width: 343.52pt;\" border=\"0\" width=\"458\" cellspacing=\"0\" cellpadding=\"0\">\n<tbody>\n<tr style=\"height: 19.50pt;\">\n<td class=\"et2\" style=\"height: 19.50pt; width: 133.75pt;\" width=\"178\" height=\"26\">Num\u00e9ro d'article :<\/td>\n<td class=\"et3\" style=\"width: 210.00pt;\" width=\"280\">CJ-4303956<\/td>\n<\/tr>\n<tr style=\"height: 20.25pt;\">\n<td class=\"et4\" style=\"height: 20.25pt; width: 133.75pt;\" width=\"178\" height=\"27\">Paquet :<\/td>\n<td class=\"et5\" style=\"width: 210.00pt;\" width=\"280\">COLOR BOX<\/td>\n<\/tr>\n<tr style=\"height: 19.50pt;\">\n<td class=\"et4\" style=\"height: 19.50pt; width: 133.75pt;\" width=\"178\" height=\"26\">Taille de l'emballage :<\/td>\n<td class=\"et5\" style=\"width: 210.00pt;\" width=\"280\">29 x 11 x 36 cm<\/td>\n<\/tr>\n<tr style=\"height: 20.25pt;\">\n<td class=\"et4\" style=\"height: 20.25pt; width: 133.75pt;\" width=\"178\" height=\"27\">Taille du carton\uff1a<\/td>\n<td class=\"et5\" style=\"width: 210.00pt;\" width=\"280\">70 x 38 x 62 cm<\/td>\n<\/tr>\n<tr style=\"height: 19.50pt;\">\n<td class=\"et4\" style=\"height: 19.50pt; width: 133.75pt;\" width=\"178\" height=\"26\">Q'ty\/Ctn :<\/td>\n<td class=\"et5\" style=\"width: 210.00pt;\" width=\"280\">12\/PCS<\/td>\n<\/tr>\n<tr style=\"height: 20.25pt;\">\n<td class=\"et4\" style=\"height: 20.25pt; width: 133.75pt;\" width=\"178\" height=\"27\">G.W.\/N.W. :<\/td>\n<td class=\"et5\" style=\"width: 210.00pt;\" width=\"280\">15,74\/14,21 kg<\/td>\n<\/tr>\n<tr style=\"height: 19.50pt;\">\n<td class=\"et4\" style=\"height: 19.50pt; width: 133.75pt;\" width=\"178\" height=\"26\">Mesure :<\/td>\n<td class=\"et5\" style=\"width: 210.00pt;\" width=\"280\">0,165 m\u00b3 \/ 5,82 pieds cubes\u2019<\/td>\n<\/tr>\n<\/tbody>\n<\/table>\n<p>\n<script src=\"chrome-extension:\/\/fpelahbljekknahkcaegamhcndkfpfnc\/iFrame.js\" type=\"text\/javascript\"><\/script><\/p>","protected":false},"featured_media":3991,"comment_status":"closed","ping_status":"closed","template":"","meta":{"_acf_changed":false},"product_brand":[],"product_cat":[24,28,46,26],"product_tag":[],"class_list":{"0":"post-3990","1":"product","2":"type-product","3":"status-publish","4":"has-post-thumbnail","6":"product_cat-wholesale-educational-toys","7":"product_cat-wholesale-toys-for-ages-8-and-up","8":"product_cat-wholesale-other-educational-toys","9":"product_cat-wholesale-toys-for-all-ages","11":"first","12":"instock","13":"shipping-taxable","14":"product-type-simple"},"acf":[],"_links":{"self":[{"href":"https:\/\/www.chengjitoy.com\/fr\/wp-json\/wp\/v2\/product\/3990","targetHints":{"allow":["GET"]}}],"collection":[{"href":"https:\/\/www.chengjitoy.com\/fr\/wp-json\/wp\/v2\/product"}],"about":[{"href":"https:\/\/www.chengjitoy.com\/fr\/wp-json\/wp\/v2\/types\/product"}],"replies":[{"embeddable":true,"href":"https:\/\/www.chengjitoy.com\/fr\/wp-json\/wp\/v2\/comments?post=3990"}],"wp:featuredmedia":[{"embeddable":true,"href":"https:\/\/www.chengjitoy.com\/fr\/wp-json\/wp\/v2\/media\/3991"}],"wp:attachment":[{"href":"https:\/\/www.chengjitoy.com\/fr\/wp-json\/wp\/v2\/media?parent=3990"}],"wp:term":[{"taxonomy":"product_brand","embeddable":true,"href":"https:\/\/www.chengjitoy.com\/fr\/wp-json\/wp\/v2\/product_brand?post=3990"},{"taxonomy":"product_cat","embeddable":true,"href":"https:\/\/www.chengjitoy.com\/fr\/wp-json\/wp\/v2\/product_cat?post=3990"},{"taxonomy":"product_tag","embeddable":true,"href":"https:\/\/www.chengjitoy.com\/fr\/wp-json\/wp\/v2\/product_tag?post=3990"}],"curies":[{"name":"wp","href":"https:\/\/api.w.org\/{rel}","templated":true}]}}