{"id":4135,"date":"2025-10-08T06:18:35","date_gmt":"2025-10-08T06:18:35","guid":{"rendered":"https:\/\/www.chengjitoy.com\/?post_type=product&#038;p=4135"},"modified":"2025-10-08T06:20:01","modified_gmt":"2025-10-08T06:20:01","slug":"wholesale-double-sided-drawing-board","status":"publish","type":"product","link":"https:\/\/www.chengjitoy.com\/fr\/product\/wholesale-double-sided-drawing-board\/","title":{"rendered":"Tableau \u00e0 dessin double face pour enfants avec chevalet r\u00e9glable et plateau de rangement"},"content":{"rendered":"<div class=\"wp-block-columns is-layout-flex wp-container-core-columns-is-layout-9d6595d7 wp-block-columns-is-layout-flex\">\n<div class=\"wp-block-column is-layout-flow wp-block-column-is-layout-flow\" style=\"flex-basis:66.66%\">\n<figure class=\"wp-block-image size-full\"><img loading=\"lazy\" decoding=\"async\" width=\"770\" height=\"1144\" sizes=\"auto, (max-width: 770px) 100vw, 770px\" src=\"https:\/\/www.chengjitoy.com\/wp-content\/uploads\/2025\/09\/details-of-Bear-Stand-LEARNING-BOARD-CJ-2335589-1.webp\" alt=\"\" class=\"wp-image-4140\" srcset=\"https:\/\/www.chengjitoy.com\/wp-content\/uploads\/2025\/09\/details-of-Bear-Stand-LEARNING-BOARD-CJ-2335589-1.webp 770w, https:\/\/www.chengjitoy.com\/wp-content\/uploads\/2025\/09\/details-of-Bear-Stand-LEARNING-BOARD-CJ-2335589-1-202x300.webp 202w, https:\/\/www.chengjitoy.com\/wp-content\/uploads\/2025\/09\/details-of-Bear-Stand-LEARNING-BOARD-CJ-2335589-1-768x1141.webp 768w, https:\/\/www.chengjitoy.com\/wp-content\/uploads\/2025\/09\/details-of-Bear-Stand-LEARNING-BOARD-CJ-2335589-1-8x12.webp 8w, https:\/\/www.chengjitoy.com\/wp-content\/uploads\/2025\/09\/details-of-Bear-Stand-LEARNING-BOARD-CJ-2335589-1-600x891.webp 600w\" \/><\/figure>\n\n\n\n<figure class=\"wp-block-image size-full\"><img loading=\"lazy\" decoding=\"async\" width=\"770\" height=\"904\" sizes=\"auto, (max-width: 770px) 100vw, 770px\" src=\"https:\/\/www.chengjitoy.com\/wp-content\/uploads\/2025\/09\/details-of-Bear-Stand-LEARNING-BOARD-CJ-2335589-2.webp\" alt=\"\" class=\"wp-image-4141\" srcset=\"https:\/\/www.chengjitoy.com\/wp-content\/uploads\/2025\/09\/details-of-Bear-Stand-LEARNING-BOARD-CJ-2335589-2.webp 770w, https:\/\/www.chengjitoy.com\/wp-content\/uploads\/2025\/09\/details-of-Bear-Stand-LEARNING-BOARD-CJ-2335589-2-256x300.webp 256w, https:\/\/www.chengjitoy.com\/wp-content\/uploads\/2025\/09\/details-of-Bear-Stand-LEARNING-BOARD-CJ-2335589-2-768x902.webp 768w, https:\/\/www.chengjitoy.com\/wp-content\/uploads\/2025\/09\/details-of-Bear-Stand-LEARNING-BOARD-CJ-2335589-2-10x12.webp 10w, https:\/\/www.chengjitoy.com\/wp-content\/uploads\/2025\/09\/details-of-Bear-Stand-LEARNING-BOARD-CJ-2335589-2-600x704.webp 600w\" \/><\/figure>\n\n\n\n<figure class=\"wp-block-image size-full\"><img loading=\"lazy\" decoding=\"async\" width=\"770\" height=\"1101\" sizes=\"auto, (max-width: 770px) 100vw, 770px\" src=\"https:\/\/www.chengjitoy.com\/wp-content\/uploads\/2025\/09\/details-of-Bear-Stand-LEARNING-BOARD-CJ-2335589-3.webp\" alt=\"\" class=\"wp-image-4142\" srcset=\"https:\/\/www.chengjitoy.com\/wp-content\/uploads\/2025\/09\/details-of-Bear-Stand-LEARNING-BOARD-CJ-2335589-3.webp 770w, https:\/\/www.chengjitoy.com\/wp-content\/uploads\/2025\/09\/details-of-Bear-Stand-LEARNING-BOARD-CJ-2335589-3-210x300.webp 210w, https:\/\/www.chengjitoy.com\/wp-content\/uploads\/2025\/09\/details-of-Bear-Stand-LEARNING-BOARD-CJ-2335589-3-768x1098.webp 768w, https:\/\/www.chengjitoy.com\/wp-content\/uploads\/2025\/09\/details-of-Bear-Stand-LEARNING-BOARD-CJ-2335589-3-8x12.webp 8w, https:\/\/www.chengjitoy.com\/wp-content\/uploads\/2025\/09\/details-of-Bear-Stand-LEARNING-BOARD-CJ-2335589-3-600x858.webp 600w\" \/><\/figure>\n\n\n\n<figure class=\"wp-block-image size-full\"><img loading=\"lazy\" decoding=\"async\" width=\"770\" height=\"1140\" sizes=\"auto, (max-width: 770px) 100vw, 770px\" src=\"https:\/\/www.chengjitoy.com\/wp-content\/uploads\/2025\/09\/details-of-Bear-Stand-LEARNING-BOARD-CJ-2335589-4.webp\" alt=\"\" class=\"wp-image-4143\" srcset=\"https:\/\/www.chengjitoy.com\/wp-content\/uploads\/2025\/09\/details-of-Bear-Stand-LEARNING-BOARD-CJ-2335589-4.webp 770w, https:\/\/www.chengjitoy.com\/wp-content\/uploads\/2025\/09\/details-of-Bear-Stand-LEARNING-BOARD-CJ-2335589-4-203x300.webp 203w, https:\/\/www.chengjitoy.com\/wp-content\/uploads\/2025\/09\/details-of-Bear-Stand-LEARNING-BOARD-CJ-2335589-4-768x1137.webp 768w, https:\/\/www.chengjitoy.com\/wp-content\/uploads\/2025\/09\/details-of-Bear-Stand-LEARNING-BOARD-CJ-2335589-4-8x12.webp 8w, https:\/\/www.chengjitoy.com\/wp-content\/uploads\/2025\/09\/details-of-Bear-Stand-LEARNING-BOARD-CJ-2335589-4-600x888.webp 600w\" \/><\/figure>\n\n\n\n<figure class=\"wp-block-image size-full\"><img loading=\"lazy\" decoding=\"async\" width=\"770\" height=\"1752\" sizes=\"auto, (max-width: 770px) 100vw, 770px\" src=\"https:\/\/www.chengjitoy.com\/wp-content\/uploads\/2025\/09\/details-of-Bear-Stand-LEARNING-BOARD-CJ-2335589-5.webp\" alt=\"\" class=\"wp-image-4144\" srcset=\"https:\/\/www.chengjitoy.com\/wp-content\/uploads\/2025\/09\/details-of-Bear-Stand-LEARNING-BOARD-CJ-2335589-5.webp 770w, https:\/\/www.chengjitoy.com\/wp-content\/uploads\/2025\/09\/details-of-Bear-Stand-LEARNING-BOARD-CJ-2335589-5-132x300.webp 132w, https:\/\/www.chengjitoy.com\/wp-content\/uploads\/2025\/09\/details-of-Bear-Stand-LEARNING-BOARD-CJ-2335589-5-768x1747.webp 768w, https:\/\/www.chengjitoy.com\/wp-content\/uploads\/2025\/09\/details-of-Bear-Stand-LEARNING-BOARD-CJ-2335589-5-5x12.webp 5w, https:\/\/www.chengjitoy.com\/wp-content\/uploads\/2025\/09\/details-of-Bear-Stand-LEARNING-BOARD-CJ-2335589-5-600x1365.webp 600w\" \/><\/figure>\n\n\n\n<figure class=\"wp-block-image size-full\"><img loading=\"lazy\" decoding=\"async\" width=\"770\" height=\"1371\" sizes=\"auto, (max-width: 770px) 100vw, 770px\" src=\"https:\/\/www.chengjitoy.com\/wp-content\/uploads\/2025\/09\/details-of-Bear-Stand-LEARNING-BOARD-CJ-2335589-6.webp\" alt=\"\" class=\"wp-image-4145\" srcset=\"https:\/\/www.chengjitoy.com\/wp-content\/uploads\/2025\/09\/details-of-Bear-Stand-LEARNING-BOARD-CJ-2335589-6.webp 770w, https:\/\/www.chengjitoy.com\/wp-content\/uploads\/2025\/09\/details-of-Bear-Stand-LEARNING-BOARD-CJ-2335589-6-168x300.webp 168w, https:\/\/www.chengjitoy.com\/wp-content\/uploads\/2025\/09\/details-of-Bear-Stand-LEARNING-BOARD-CJ-2335589-6-768x1367.webp 768w, https:\/\/www.chengjitoy.com\/wp-content\/uploads\/2025\/09\/details-of-Bear-Stand-LEARNING-BOARD-CJ-2335589-6-7x12.webp 7w, https:\/\/www.chengjitoy.com\/wp-content\/uploads\/2025\/09\/details-of-Bear-Stand-LEARNING-BOARD-CJ-2335589-6-600x1068.webp 600w\" \/><\/figure>\n\n\n\n<figure class=\"wp-block-image size-full\"><img loading=\"lazy\" decoding=\"async\" width=\"770\" height=\"1219\" sizes=\"auto, (max-width: 770px) 100vw, 770px\" src=\"https:\/\/www.chengjitoy.com\/wp-content\/uploads\/2025\/09\/details-of-Bear-Stand-LEARNING-BOARD-CJ-2335589-7.webp\" alt=\"\" class=\"wp-image-4146\" srcset=\"https:\/\/www.chengjitoy.com\/wp-content\/uploads\/2025\/09\/details-of-Bear-Stand-LEARNING-BOARD-CJ-2335589-7.webp 770w, https:\/\/www.chengjitoy.com\/wp-content\/uploads\/2025\/09\/details-of-Bear-Stand-LEARNING-BOARD-CJ-2335589-7-189x300.webp 189w, https:\/\/www.chengjitoy.com\/wp-content\/uploads\/2025\/09\/details-of-Bear-Stand-LEARNING-BOARD-CJ-2335589-7-768x1216.webp 768w, https:\/\/www.chengjitoy.com\/wp-content\/uploads\/2025\/09\/details-of-Bear-Stand-LEARNING-BOARD-CJ-2335589-7-8x12.webp 8w, https:\/\/www.chengjitoy.com\/wp-content\/uploads\/2025\/09\/details-of-Bear-Stand-LEARNING-BOARD-CJ-2335589-7-600x950.webp 600w\" \/><\/figure>\n\n\n\n<figure class=\"wp-block-image size-full\"><img loading=\"lazy\" decoding=\"async\" width=\"770\" height=\"1671\" sizes=\"auto, (max-width: 770px) 100vw, 770px\" src=\"https:\/\/www.chengjitoy.com\/wp-content\/uploads\/2025\/09\/details-of-Bear-Stand-LEARNING-BOARD-CJ-2335589-8.webp\" alt=\"\" class=\"wp-image-4147\" srcset=\"https:\/\/www.chengjitoy.com\/wp-content\/uploads\/2025\/09\/details-of-Bear-Stand-LEARNING-BOARD-CJ-2335589-8.webp 770w, https:\/\/www.chengjitoy.com\/wp-content\/uploads\/2025\/09\/details-of-Bear-Stand-LEARNING-BOARD-CJ-2335589-8-138x300.webp 138w, https:\/\/www.chengjitoy.com\/wp-content\/uploads\/2025\/09\/details-of-Bear-Stand-LEARNING-BOARD-CJ-2335589-8-768x1667.webp 768w, https:\/\/www.chengjitoy.com\/wp-content\/uploads\/2025\/09\/details-of-Bear-Stand-LEARNING-BOARD-CJ-2335589-8-6x12.webp 6w, https:\/\/www.chengjitoy.com\/wp-content\/uploads\/2025\/09\/details-of-Bear-Stand-LEARNING-BOARD-CJ-2335589-8-600x1302.webp 600w\" \/><\/figure>\n\n\n\n<figure class=\"wp-block-image size-full\"><img loading=\"lazy\" decoding=\"async\" width=\"770\" height=\"1889\" sizes=\"auto, (max-width: 770px) 100vw, 770px\" src=\"https:\/\/www.chengjitoy.com\/wp-content\/uploads\/2025\/09\/details-of-Bear-Stand-LEARNING-BOARD-CJ-2335589-9.webp\" alt=\"\" class=\"wp-image-4148\" srcset=\"https:\/\/www.chengjitoy.com\/wp-content\/uploads\/2025\/09\/details-of-Bear-Stand-LEARNING-BOARD-CJ-2335589-9.webp 770w, https:\/\/www.chengjitoy.com\/wp-content\/uploads\/2025\/09\/details-of-Bear-Stand-LEARNING-BOARD-CJ-2335589-9-122x300.webp 122w, https:\/\/www.chengjitoy.com\/wp-content\/uploads\/2025\/09\/details-of-Bear-Stand-LEARNING-BOARD-CJ-2335589-9-768x1884.webp 768w, https:\/\/www.chengjitoy.com\/wp-content\/uploads\/2025\/09\/details-of-Bear-Stand-LEARNING-BOARD-CJ-2335589-9-5x12.webp 5w, https:\/\/www.chengjitoy.com\/wp-content\/uploads\/2025\/09\/details-of-Bear-Stand-LEARNING-BOARD-CJ-2335589-9-600x1472.webp 600w\" \/><\/figure>\n\n\n\n<figure class=\"wp-block-image size-full\"><img loading=\"lazy\" decoding=\"async\" width=\"770\" height=\"758\" sizes=\"auto, (max-width: 770px) 100vw, 770px\" src=\"https:\/\/www.chengjitoy.com\/wp-content\/uploads\/2025\/09\/details-of-Bear-Stand-LEARNING-BOARD-CJ-2335589-10.webp\" alt=\"\" class=\"wp-image-4149\" srcset=\"https:\/\/www.chengjitoy.com\/wp-content\/uploads\/2025\/09\/details-of-Bear-Stand-LEARNING-BOARD-CJ-2335589-10.webp 770w, https:\/\/www.chengjitoy.com\/wp-content\/uploads\/2025\/09\/details-of-Bear-Stand-LEARNING-BOARD-CJ-2335589-10-300x295.webp 300w, https:\/\/www.chengjitoy.com\/wp-content\/uploads\/2025\/09\/details-of-Bear-Stand-LEARNING-BOARD-CJ-2335589-10-768x756.webp 768w, https:\/\/www.chengjitoy.com\/wp-content\/uploads\/2025\/09\/details-of-Bear-Stand-LEARNING-BOARD-CJ-2335589-10-12x12.webp 12w, https:\/\/www.chengjitoy.com\/wp-content\/uploads\/2025\/09\/details-of-Bear-Stand-LEARNING-BOARD-CJ-2335589-10-600x591.webp 600w\" \/><\/figure>\n\n\n\n<figure class=\"wp-block-image size-full\"><img loading=\"lazy\" decoding=\"async\" width=\"770\" height=\"1294\" sizes=\"auto, (max-width: 770px) 100vw, 770px\" src=\"https:\/\/www.chengjitoy.com\/wp-content\/uploads\/2025\/09\/details-of-Bear-Stand-LEARNING-BOARD-CJ-2335589-11.webp\" alt=\"\" class=\"wp-image-4150\" srcset=\"https:\/\/www.chengjitoy.com\/wp-content\/uploads\/2025\/09\/details-of-Bear-Stand-LEARNING-BOARD-CJ-2335589-11.webp 770w, https:\/\/www.chengjitoy.com\/wp-content\/uploads\/2025\/09\/details-of-Bear-Stand-LEARNING-BOARD-CJ-2335589-11-179x300.webp 179w, https:\/\/www.chengjitoy.com\/wp-content\/uploads\/2025\/09\/details-of-Bear-Stand-LEARNING-BOARD-CJ-2335589-11-768x1291.webp 768w, https:\/\/www.chengjitoy.com\/wp-content\/uploads\/2025\/09\/details-of-Bear-Stand-LEARNING-BOARD-CJ-2335589-11-7x12.webp 7w, https:\/\/www.chengjitoy.com\/wp-content\/uploads\/2025\/09\/details-of-Bear-Stand-LEARNING-BOARD-CJ-2335589-11-600x1008.webp 600w\" \/><\/figure>\n<\/div>\n\n\n\n<div class=\"wp-block-column is-layout-flow wp-block-column-is-layout-flow\" style=\"flex-basis:33.33%\"><\/div>\n<\/div>","protected":false},"excerpt":{"rendered":"<p>Grossiste Chevalet double face ajustable avec support stable planche \u00e0 dessin ! Le tableau noir et le tableau blanc de cette planche \u00e0 dessin sont faciles \u00e0 nettoyer, avec un plateau de rangement, parfait pour les jeunes artistes. Les achats en gros sont les bienvenus. Contactez nous maintenant\uff01<\/p>\n<h2>Sp\u00e9cifications de la planche \u00e0 dessin Bear Stand\u00a0<\/h2>\n<table style=\"border-collapse: collapse; width: 343.52pt;\" border=\"0\" width=\"458\" cellspacing=\"0\" cellpadding=\"0\">\n<tbody>\n<tr style=\"height: 19.50pt;\">\n<td class=\"et2\" style=\"height: 19.50pt; width: 133.75pt;\" width=\"178\" height=\"26\">Num\u00e9ro d'article :<\/td>\n<td class=\"et3\" style=\"width: 210.00pt;\" width=\"280\">CJ-2335589<\/td>\n<\/tr>\n<tr style=\"height: 20.25pt;\">\n<td class=\"et4\" style=\"height: 20.25pt; width: 133.75pt;\" width=\"178\" height=\"27\">Paquet :<\/td>\n<td class=\"et5\" style=\"width: 210.00pt;\" width=\"280\">bo\u00eete \u00e0 couleurs<\/td>\n<\/tr>\n<tr style=\"height: 19.50pt;\">\n<td class=\"et4\" style=\"height: 19.50pt; width: 133.75pt;\" width=\"178\" height=\"26\">Taille de l'emballage :<\/td>\n<td class=\"et5\" style=\"width: 210.00pt;\" width=\"280\">34*7*45CM<\/td>\n<\/tr>\n<tr style=\"height: 20.25pt;\">\n<td class=\"et4\" style=\"height: 20.25pt; width: 133.75pt;\" width=\"178\" height=\"27\">Taille du carton\uff1a<\/td>\n<td class=\"et5\" style=\"width: 210.00pt;\" width=\"280\">68,5*47,5*75CM<\/td>\n<\/tr>\n<tr style=\"height: 19.50pt;\">\n<td class=\"et4\" style=\"height: 19.50pt; width: 133.75pt;\" width=\"178\" height=\"26\">Q'ty\/Ctn :<\/td>\n<td class=\"et5\" style=\"width: 210.00pt;\" width=\"280\">18\/PCS<\/td>\n<\/tr>\n<tr style=\"height: 20.25pt;\">\n<td class=\"et4\" style=\"height: 20.25pt; width: 133.75pt;\" width=\"178\" height=\"27\">G.W.\/N.W. :<\/td>\n<td class=\"et5\" style=\"width: 210.00pt;\" width=\"280\">24,5\/21,5 KG<\/td>\n<\/tr>\n<tr style=\"height: 19.50pt;\">\n<td class=\"et4\" style=\"height: 19.50pt; width: 133.75pt;\" width=\"178\" height=\"26\">Mesure :<\/td>\n<td class=\"et5\" style=\"width: 210.00pt;\" width=\"280\">0.24 CBM'\/8.61 CUFT'<\/td>\n<\/tr>\n<\/tbody>\n<\/table>\n<p>\n<script src=\"chrome-extension:\/\/fpelahbljekknahkcaegamhcndkfpfnc\/iFrame.js\" type=\"text\/javascript\"><\/script><\/p>","protected":false},"featured_media":4137,"comment_status":"closed","ping_status":"closed","template":"","meta":{"_acf_changed":false},"product_brand":[],"product_cat":[30,95,24,26],"product_tag":[],"class_list":{"0":"post-4135","1":"product","2":"type-product","3":"status-publish","4":"has-post-thumbnail","6":"product_cat-wholesale-toys-for-ages-3-and-up","7":"product_cat-wholesale-drawing-and-writing-toys","8":"product_cat-wholesale-educational-toys","9":"product_cat-wholesale-toys-for-all-ages","11":"first","12":"instock","13":"shipping-taxable","14":"product-type-simple"},"acf":[],"_links":{"self":[{"href":"https:\/\/www.chengjitoy.com\/fr\/wp-json\/wp\/v2\/product\/4135","targetHints":{"allow":["GET"]}}],"collection":[{"href":"https:\/\/www.chengjitoy.com\/fr\/wp-json\/wp\/v2\/product"}],"about":[{"href":"https:\/\/www.chengjitoy.com\/fr\/wp-json\/wp\/v2\/types\/product"}],"replies":[{"embeddable":true,"href":"https:\/\/www.chengjitoy.com\/fr\/wp-json\/wp\/v2\/comments?post=4135"}],"wp:featuredmedia":[{"embeddable":true,"href":"https:\/\/www.chengjitoy.com\/fr\/wp-json\/wp\/v2\/media\/4137"}],"wp:attachment":[{"href":"https:\/\/www.chengjitoy.com\/fr\/wp-json\/wp\/v2\/media?parent=4135"}],"wp:term":[{"taxonomy":"product_brand","embeddable":true,"href":"https:\/\/www.chengjitoy.com\/fr\/wp-json\/wp\/v2\/product_brand?post=4135"},{"taxonomy":"product_cat","embeddable":true,"href":"https:\/\/www.chengjitoy.com\/fr\/wp-json\/wp\/v2\/product_cat?post=4135"},{"taxonomy":"product_tag","embeddable":true,"href":"https:\/\/www.chengjitoy.com\/fr\/wp-json\/wp\/v2\/product_tag?post=4135"}],"curies":[{"name":"wp","href":"https:\/\/api.w.org\/{rel}","templated":true}]}}