{"id":4441,"date":"2025-10-21T23:27:06","date_gmt":"2025-10-21T23:27:06","guid":{"rendered":"https:\/\/www.chengjitoy.com\/?post_type=product&#038;p=4441"},"modified":"2025-10-21T23:27:11","modified_gmt":"2025-10-21T23:27:11","slug":"wholesale-music-soothes-plush-toys","status":"publish","type":"product","link":"https:\/\/www.chengjitoy.com\/fr\/product\/wholesale-music-soothes-plush-toys\/","title":{"rendered":"Jouet en peluche \u00e0 projection \u00e9toil\u00e9e, bruit blanc, musique en boucle, voix IC d\u00e9tachable pour le nettoyage - Jouets pour b\u00e9b\u00e9s"},"content":{"rendered":"<div class=\"wp-block-columns is-layout-flex wp-container-core-columns-is-layout-9d6595d7 wp-block-columns-is-layout-flex\">\n<div class=\"wp-block-column is-layout-flow wp-block-column-is-layout-flow\" style=\"flex-basis:66.66%\">\n<figure class=\"wp-block-image size-full\"><img loading=\"lazy\" decoding=\"async\" width=\"770\" height=\"1251\" sizes=\"auto, (max-width: 770px) 100vw, 770px\" src=\"https:\/\/www.chengjitoy.com\/wp-content\/uploads\/2025\/10\/details-of-Intelligent-lighting-music-soothes-plush-toy-fox-1.webp\" alt=\"\" class=\"wp-image-4448\" srcset=\"https:\/\/www.chengjitoy.com\/wp-content\/uploads\/2025\/10\/details-of-Intelligent-lighting-music-soothes-plush-toy-fox-1.webp 770w, https:\/\/www.chengjitoy.com\/wp-content\/uploads\/2025\/10\/details-of-Intelligent-lighting-music-soothes-plush-toy-fox-1-185x300.webp 185w, https:\/\/www.chengjitoy.com\/wp-content\/uploads\/2025\/10\/details-of-Intelligent-lighting-music-soothes-plush-toy-fox-1-768x1248.webp 768w, https:\/\/www.chengjitoy.com\/wp-content\/uploads\/2025\/10\/details-of-Intelligent-lighting-music-soothes-plush-toy-fox-1-7x12.webp 7w, https:\/\/www.chengjitoy.com\/wp-content\/uploads\/2025\/10\/details-of-Intelligent-lighting-music-soothes-plush-toy-fox-1-600x975.webp 600w\" \/><\/figure>\n\n\n\n<figure class=\"wp-block-image size-full\"><img loading=\"lazy\" decoding=\"async\" width=\"770\" height=\"1470\" sizes=\"auto, (max-width: 770px) 100vw, 770px\" src=\"https:\/\/www.chengjitoy.com\/wp-content\/uploads\/2025\/10\/details-of-Intelligent-lighting-music-soothes-plush-toy-fox-2.webp\" alt=\"\" class=\"wp-image-4449\" srcset=\"https:\/\/www.chengjitoy.com\/wp-content\/uploads\/2025\/10\/details-of-Intelligent-lighting-music-soothes-plush-toy-fox-2.webp 770w, https:\/\/www.chengjitoy.com\/wp-content\/uploads\/2025\/10\/details-of-Intelligent-lighting-music-soothes-plush-toy-fox-2-157x300.webp 157w, https:\/\/www.chengjitoy.com\/wp-content\/uploads\/2025\/10\/details-of-Intelligent-lighting-music-soothes-plush-toy-fox-2-768x1466.webp 768w, https:\/\/www.chengjitoy.com\/wp-content\/uploads\/2025\/10\/details-of-Intelligent-lighting-music-soothes-plush-toy-fox-2-6x12.webp 6w, https:\/\/www.chengjitoy.com\/wp-content\/uploads\/2025\/10\/details-of-Intelligent-lighting-music-soothes-plush-toy-fox-2-600x1145.webp 600w\" \/><\/figure>\n\n\n\n<figure class=\"wp-block-image size-full\"><img loading=\"lazy\" decoding=\"async\" width=\"770\" height=\"1547\" sizes=\"auto, (max-width: 770px) 100vw, 770px\" src=\"https:\/\/www.chengjitoy.com\/wp-content\/uploads\/2025\/10\/details-of-Intelligent-lighting-music-soothes-plush-toy-fox-3.webp\" alt=\"\" class=\"wp-image-4450\" srcset=\"https:\/\/www.chengjitoy.com\/wp-content\/uploads\/2025\/10\/details-of-Intelligent-lighting-music-soothes-plush-toy-fox-3.webp 770w, https:\/\/www.chengjitoy.com\/wp-content\/uploads\/2025\/10\/details-of-Intelligent-lighting-music-soothes-plush-toy-fox-3-149x300.webp 149w, https:\/\/www.chengjitoy.com\/wp-content\/uploads\/2025\/10\/details-of-Intelligent-lighting-music-soothes-plush-toy-fox-3-768x1543.webp 768w, https:\/\/www.chengjitoy.com\/wp-content\/uploads\/2025\/10\/details-of-Intelligent-lighting-music-soothes-plush-toy-fox-3-6x12.webp 6w, https:\/\/www.chengjitoy.com\/wp-content\/uploads\/2025\/10\/details-of-Intelligent-lighting-music-soothes-plush-toy-fox-3-600x1205.webp 600w\" \/><\/figure>\n\n\n\n<figure class=\"wp-block-image size-full\"><img loading=\"lazy\" decoding=\"async\" width=\"770\" height=\"1309\" sizes=\"auto, (max-width: 770px) 100vw, 770px\" src=\"https:\/\/www.chengjitoy.com\/wp-content\/uploads\/2025\/10\/details-of-Intelligent-lighting-music-soothes-plush-toy-fox-4.webp\" alt=\"\" class=\"wp-image-4451\" srcset=\"https:\/\/www.chengjitoy.com\/wp-content\/uploads\/2025\/10\/details-of-Intelligent-lighting-music-soothes-plush-toy-fox-4.webp 770w, https:\/\/www.chengjitoy.com\/wp-content\/uploads\/2025\/10\/details-of-Intelligent-lighting-music-soothes-plush-toy-fox-4-176x300.webp 176w, https:\/\/www.chengjitoy.com\/wp-content\/uploads\/2025\/10\/details-of-Intelligent-lighting-music-soothes-plush-toy-fox-4-768x1306.webp 768w, https:\/\/www.chengjitoy.com\/wp-content\/uploads\/2025\/10\/details-of-Intelligent-lighting-music-soothes-plush-toy-fox-4-7x12.webp 7w, https:\/\/www.chengjitoy.com\/wp-content\/uploads\/2025\/10\/details-of-Intelligent-lighting-music-soothes-plush-toy-fox-4-600x1020.webp 600w\" \/><\/figure>\n\n\n\n<figure class=\"wp-block-image size-full\"><img loading=\"lazy\" decoding=\"async\" width=\"770\" height=\"1257\" sizes=\"auto, (max-width: 770px) 100vw, 770px\" src=\"https:\/\/www.chengjitoy.com\/wp-content\/uploads\/2025\/10\/details-of-Intelligent-lighting-music-soothes-plush-toy-fox-5.webp\" alt=\"\" class=\"wp-image-4452\" srcset=\"https:\/\/www.chengjitoy.com\/wp-content\/uploads\/2025\/10\/details-of-Intelligent-lighting-music-soothes-plush-toy-fox-5.webp 770w, https:\/\/www.chengjitoy.com\/wp-content\/uploads\/2025\/10\/details-of-Intelligent-lighting-music-soothes-plush-toy-fox-5-184x300.webp 184w, https:\/\/www.chengjitoy.com\/wp-content\/uploads\/2025\/10\/details-of-Intelligent-lighting-music-soothes-plush-toy-fox-5-768x1254.webp 768w, https:\/\/www.chengjitoy.com\/wp-content\/uploads\/2025\/10\/details-of-Intelligent-lighting-music-soothes-plush-toy-fox-5-7x12.webp 7w, https:\/\/www.chengjitoy.com\/wp-content\/uploads\/2025\/10\/details-of-Intelligent-lighting-music-soothes-plush-toy-fox-5-600x979.webp 600w\" \/><\/figure>\n\n\n\n<figure class=\"wp-block-image size-full\"><img loading=\"lazy\" decoding=\"async\" width=\"770\" height=\"1420\" sizes=\"auto, (max-width: 770px) 100vw, 770px\" src=\"https:\/\/www.chengjitoy.com\/wp-content\/uploads\/2025\/10\/details-of-Intelligent-lighting-music-soothes-plush-toy-fox-6.webp\" alt=\"\" class=\"wp-image-4453\" srcset=\"https:\/\/www.chengjitoy.com\/wp-content\/uploads\/2025\/10\/details-of-Intelligent-lighting-music-soothes-plush-toy-fox-6.webp 770w, https:\/\/www.chengjitoy.com\/wp-content\/uploads\/2025\/10\/details-of-Intelligent-lighting-music-soothes-plush-toy-fox-6-163x300.webp 163w, https:\/\/www.chengjitoy.com\/wp-content\/uploads\/2025\/10\/details-of-Intelligent-lighting-music-soothes-plush-toy-fox-6-768x1416.webp 768w, https:\/\/www.chengjitoy.com\/wp-content\/uploads\/2025\/10\/details-of-Intelligent-lighting-music-soothes-plush-toy-fox-6-7x12.webp 7w, https:\/\/www.chengjitoy.com\/wp-content\/uploads\/2025\/10\/details-of-Intelligent-lighting-music-soothes-plush-toy-fox-6-600x1106.webp 600w\" \/><\/figure>\n\n\n\n<figure class=\"wp-block-image size-full\"><img loading=\"lazy\" decoding=\"async\" width=\"770\" height=\"819\" sizes=\"auto, (max-width: 770px) 100vw, 770px\" src=\"https:\/\/www.chengjitoy.com\/wp-content\/uploads\/2025\/10\/details-of-Intelligent-lighting-music-soothes-plush-toy-fox-7.webp\" alt=\"\" class=\"wp-image-4454\" srcset=\"https:\/\/www.chengjitoy.com\/wp-content\/uploads\/2025\/10\/details-of-Intelligent-lighting-music-soothes-plush-toy-fox-7.webp 770w, https:\/\/www.chengjitoy.com\/wp-content\/uploads\/2025\/10\/details-of-Intelligent-lighting-music-soothes-plush-toy-fox-7-282x300.webp 282w, https:\/\/www.chengjitoy.com\/wp-content\/uploads\/2025\/10\/details-of-Intelligent-lighting-music-soothes-plush-toy-fox-7-768x817.webp 768w, https:\/\/www.chengjitoy.com\/wp-content\/uploads\/2025\/10\/details-of-Intelligent-lighting-music-soothes-plush-toy-fox-7-11x12.webp 11w, https:\/\/www.chengjitoy.com\/wp-content\/uploads\/2025\/10\/details-of-Intelligent-lighting-music-soothes-plush-toy-fox-7-600x638.webp 600w\" \/><\/figure>\n\n\n\n<figure class=\"wp-block-image size-full\"><img loading=\"lazy\" decoding=\"async\" width=\"770\" height=\"1921\" sizes=\"auto, (max-width: 770px) 100vw, 770px\" src=\"https:\/\/www.chengjitoy.com\/wp-content\/uploads\/2025\/10\/details-of-Intelligent-lighting-music-soothes-plush-toy-fox-8.webp\" alt=\"\" class=\"wp-image-4455\" srcset=\"https:\/\/www.chengjitoy.com\/wp-content\/uploads\/2025\/10\/details-of-Intelligent-lighting-music-soothes-plush-toy-fox-8.webp 770w, https:\/\/www.chengjitoy.com\/wp-content\/uploads\/2025\/10\/details-of-Intelligent-lighting-music-soothes-plush-toy-fox-8-120x300.webp 120w, https:\/\/www.chengjitoy.com\/wp-content\/uploads\/2025\/10\/details-of-Intelligent-lighting-music-soothes-plush-toy-fox-8-768x1916.webp 768w, https:\/\/www.chengjitoy.com\/wp-content\/uploads\/2025\/10\/details-of-Intelligent-lighting-music-soothes-plush-toy-fox-8-5x12.webp 5w, https:\/\/www.chengjitoy.com\/wp-content\/uploads\/2025\/10\/details-of-Intelligent-lighting-music-soothes-plush-toy-fox-8-600x1497.webp 600w\" \/><\/figure>\n<\/div>\n\n\n\n<div class=\"wp-block-column is-layout-flow wp-block-column-is-layout-flow\" style=\"flex-basis:33.33%\"><\/div>\n<\/div>","protected":false},"excerpt":{"rendered":"<p>Vente en gros de jouets en peluche dont la musique apaise. Notre renard en peluche intelligent contient une projection \u00e9toil\u00e9e. Il peut \u00e9galement jouer de la musique apaisante ! 4 sons, bruit blanc, mat\u00e9riau lavable, ces caract\u00e9ristiques en font un parfait compagnon de sommeil pour les b\u00e9b\u00e9s. Possibilit\u00e9 d'achat en gros. Contactez-nous d\u00e8s maintenant !<\/p>\n<h2>Sp\u00e9cifications du jouet en peluche Music Soothes<\/h2>\n<table style=\"border-collapse: collapse; width: 343.52pt;\" border=\"0\" width=\"458\" cellspacing=\"0\" cellpadding=\"0\">\n<tbody>\n<tr style=\"height: 19.50pt;\">\n<td class=\"et2\" style=\"height: 19.50pt; width: 133.75pt;\" width=\"178\" height=\"26\">Num\u00e9ro d'article :<\/td>\n<td class=\"et3\" style=\"width: 210.00pt;\" width=\"280\">CJ-4866236<\/td>\n<\/tr>\n<tr style=\"height: 20.25pt;\">\n<td class=\"et4\" style=\"height: 20.25pt; width: 133.75pt;\" width=\"178\" height=\"27\">Paquet :<\/td>\n<td class=\"et5\" style=\"width: 210.00pt;\" width=\"280\">BO\u00ceTE DE PR\u00c9SENTATION<\/td>\n<\/tr>\n<tr style=\"height: 19.50pt;\">\n<td class=\"et4\" style=\"height: 19.50pt; width: 133.75pt;\" width=\"178\" height=\"26\">Taille de l'emballage :<\/td>\n<td class=\"et5\" style=\"width: 210.00pt;\" width=\"280\">20*16*26CM<\/td>\n<\/tr>\n<tr style=\"height: 20.25pt;\">\n<td class=\"et4\" style=\"height: 20.25pt; width: 133.75pt;\" width=\"178\" height=\"27\">Taille du carton\uff1a<\/td>\n<td class=\"et5\" style=\"width: 210.00pt;\" width=\"280\">105*43*81CM<\/td>\n<\/tr>\n<tr style=\"height: 19.50pt;\">\n<td class=\"et4\" style=\"height: 19.50pt; width: 133.75pt;\" width=\"178\" height=\"26\">Q'ty\/Ctn :<\/td>\n<td class=\"et5\" style=\"width: 210.00pt;\" width=\"280\">48\/PCS<\/td>\n<\/tr>\n<tr style=\"height: 20.25pt;\">\n<td class=\"et4\" style=\"height: 20.25pt; width: 133.75pt;\" width=\"178\" height=\"27\">G.W.\/N.W. :<\/td>\n<td class=\"et5\" style=\"width: 210.00pt;\" width=\"280\">28\/26 KG<\/td>\n<\/tr>\n<tr style=\"height: 19.50pt;\">\n<td class=\"et4\" style=\"height: 19.50pt; width: 133.75pt;\" width=\"178\" height=\"26\">Mesure :<\/td>\n<td class=\"et5\" style=\"width: 210.00pt;\" width=\"280\">0.37 CBM'\/12.9 CUFT'<\/td>\n<\/tr>\n<\/tbody>\n<\/table>\n<p>\n<script src=\"chrome-extension:\/\/fpelahbljekknahkcaegamhcndkfpfnc\/iFrame.js\" type=\"text\/javascript\"><\/script><\/p>","protected":false},"featured_media":4442,"comment_status":"closed","ping_status":"closed","template":"","meta":{"_acf_changed":false},"product_brand":[],"product_cat":[30,59,22,60,26],"product_tag":[],"class_list":{"0":"post-4441","1":"product","2":"type-product","3":"status-publish","4":"has-post-thumbnail","6":"product_cat-wholesale-toys-for-ages-3-and-up","7":"product_cat-wholesale-baby-dolls","8":"product_cat-wholesale-dolls-and-plush-toys","9":"product_cat-wholesale-plush-and-stuffed-dolls","10":"product_cat-wholesale-toys-for-all-ages","12":"first","13":"instock","14":"shipping-taxable","15":"product-type-simple"},"acf":[],"_links":{"self":[{"href":"https:\/\/www.chengjitoy.com\/fr\/wp-json\/wp\/v2\/product\/4441","targetHints":{"allow":["GET"]}}],"collection":[{"href":"https:\/\/www.chengjitoy.com\/fr\/wp-json\/wp\/v2\/product"}],"about":[{"href":"https:\/\/www.chengjitoy.com\/fr\/wp-json\/wp\/v2\/types\/product"}],"replies":[{"embeddable":true,"href":"https:\/\/www.chengjitoy.com\/fr\/wp-json\/wp\/v2\/comments?post=4441"}],"wp:featuredmedia":[{"embeddable":true,"href":"https:\/\/www.chengjitoy.com\/fr\/wp-json\/wp\/v2\/media\/4442"}],"wp:attachment":[{"href":"https:\/\/www.chengjitoy.com\/fr\/wp-json\/wp\/v2\/media?parent=4441"}],"wp:term":[{"taxonomy":"product_brand","embeddable":true,"href":"https:\/\/www.chengjitoy.com\/fr\/wp-json\/wp\/v2\/product_brand?post=4441"},{"taxonomy":"product_cat","embeddable":true,"href":"https:\/\/www.chengjitoy.com\/fr\/wp-json\/wp\/v2\/product_cat?post=4441"},{"taxonomy":"product_tag","embeddable":true,"href":"https:\/\/www.chengjitoy.com\/fr\/wp-json\/wp\/v2\/product_tag?post=4441"}],"curies":[{"name":"wp","href":"https:\/\/api.w.org\/{rel}","templated":true}]}}