{"id":4536,"date":"2025-10-21T23:40:25","date_gmt":"2025-10-21T23:40:25","guid":{"rendered":"https:\/\/www.chengjitoy.com\/?post_type=product&#038;p=4536"},"modified":"2025-10-21T23:40:29","modified_gmt":"2025-10-21T23:40:29","slug":"wholesale-track-building-block-table","status":"publish","type":"product","link":"https:\/\/www.chengjitoy.com\/fr\/product\/wholesale-track-building-block-table\/","title":{"rendered":"Jouet de table \u00e0 blocs de construction en gros pour le jeu cr\u00e9atif des b\u00e9b\u00e9s - Bain, Piscine, Plage Fonctionnel"},"content":{"rendered":"<div class=\"wp-block-columns is-layout-flex wp-container-core-columns-is-layout-9d6595d7 wp-block-columns-is-layout-flex\">\n<div class=\"wp-block-column is-layout-flow wp-block-column-is-layout-flow\" style=\"flex-basis:66.66%\">\n<figure class=\"wp-block-image size-full\"><img loading=\"lazy\" decoding=\"async\" width=\"770\" height=\"1335\" sizes=\"auto, (max-width: 770px) 100vw, 770px\" src=\"https:\/\/www.chengjitoy.com\/wp-content\/uploads\/2025\/10\/details-of-Assembled-track-building-block-table-with-enamel-1.webp\" alt=\"\" class=\"wp-image-4545\" srcset=\"https:\/\/www.chengjitoy.com\/wp-content\/uploads\/2025\/10\/details-of-Assembled-track-building-block-table-with-enamel-1.webp 770w, https:\/\/www.chengjitoy.com\/wp-content\/uploads\/2025\/10\/details-of-Assembled-track-building-block-table-with-enamel-1-173x300.webp 173w, https:\/\/www.chengjitoy.com\/wp-content\/uploads\/2025\/10\/details-of-Assembled-track-building-block-table-with-enamel-1-768x1332.webp 768w, https:\/\/www.chengjitoy.com\/wp-content\/uploads\/2025\/10\/details-of-Assembled-track-building-block-table-with-enamel-1-7x12.webp 7w, https:\/\/www.chengjitoy.com\/wp-content\/uploads\/2025\/10\/details-of-Assembled-track-building-block-table-with-enamel-1-600x1040.webp 600w\" \/><\/figure>\n\n\n\n<figure class=\"wp-block-image size-full\"><img loading=\"lazy\" decoding=\"async\" width=\"770\" height=\"895\" sizes=\"auto, (max-width: 770px) 100vw, 770px\" src=\"https:\/\/www.chengjitoy.com\/wp-content\/uploads\/2025\/10\/details-of-Assembled-track-building-block-table-with-enamel-2.webp\" alt=\"\" class=\"wp-image-4546\" srcset=\"https:\/\/www.chengjitoy.com\/wp-content\/uploads\/2025\/10\/details-of-Assembled-track-building-block-table-with-enamel-2.webp 770w, https:\/\/www.chengjitoy.com\/wp-content\/uploads\/2025\/10\/details-of-Assembled-track-building-block-table-with-enamel-2-258x300.webp 258w, https:\/\/www.chengjitoy.com\/wp-content\/uploads\/2025\/10\/details-of-Assembled-track-building-block-table-with-enamel-2-768x893.webp 768w, https:\/\/www.chengjitoy.com\/wp-content\/uploads\/2025\/10\/details-of-Assembled-track-building-block-table-with-enamel-2-10x12.webp 10w, https:\/\/www.chengjitoy.com\/wp-content\/uploads\/2025\/10\/details-of-Assembled-track-building-block-table-with-enamel-2-600x697.webp 600w\" \/><\/figure>\n\n\n\n<figure class=\"wp-block-image size-full\"><img loading=\"lazy\" decoding=\"async\" width=\"770\" height=\"972\" sizes=\"auto, (max-width: 770px) 100vw, 770px\" src=\"https:\/\/www.chengjitoy.com\/wp-content\/uploads\/2025\/10\/details-of-Assembled-track-building-block-table-with-enamel-3.webp\" alt=\"\" class=\"wp-image-4547\" srcset=\"https:\/\/www.chengjitoy.com\/wp-content\/uploads\/2025\/10\/details-of-Assembled-track-building-block-table-with-enamel-3.webp 770w, https:\/\/www.chengjitoy.com\/wp-content\/uploads\/2025\/10\/details-of-Assembled-track-building-block-table-with-enamel-3-238x300.webp 238w, https:\/\/www.chengjitoy.com\/wp-content\/uploads\/2025\/10\/details-of-Assembled-track-building-block-table-with-enamel-3-768x969.webp 768w, https:\/\/www.chengjitoy.com\/wp-content\/uploads\/2025\/10\/details-of-Assembled-track-building-block-table-with-enamel-3-10x12.webp 10w, https:\/\/www.chengjitoy.com\/wp-content\/uploads\/2025\/10\/details-of-Assembled-track-building-block-table-with-enamel-3-600x757.webp 600w\" \/><\/figure>\n\n\n\n<figure class=\"wp-block-image size-full\"><img loading=\"lazy\" decoding=\"async\" width=\"770\" height=\"1088\" sizes=\"auto, (max-width: 770px) 100vw, 770px\" src=\"https:\/\/www.chengjitoy.com\/wp-content\/uploads\/2025\/10\/details-of-Assembled-track-building-block-table-with-enamel-4.webp\" alt=\"\" class=\"wp-image-4548\" srcset=\"https:\/\/www.chengjitoy.com\/wp-content\/uploads\/2025\/10\/details-of-Assembled-track-building-block-table-with-enamel-4.webp 770w, https:\/\/www.chengjitoy.com\/wp-content\/uploads\/2025\/10\/details-of-Assembled-track-building-block-table-with-enamel-4-212x300.webp 212w, https:\/\/www.chengjitoy.com\/wp-content\/uploads\/2025\/10\/details-of-Assembled-track-building-block-table-with-enamel-4-768x1085.webp 768w, https:\/\/www.chengjitoy.com\/wp-content\/uploads\/2025\/10\/details-of-Assembled-track-building-block-table-with-enamel-4-8x12.webp 8w, https:\/\/www.chengjitoy.com\/wp-content\/uploads\/2025\/10\/details-of-Assembled-track-building-block-table-with-enamel-4-600x848.webp 600w\" \/><\/figure>\n\n\n\n<figure class=\"wp-block-image size-full\"><img loading=\"lazy\" decoding=\"async\" width=\"770\" height=\"1037\" sizes=\"auto, (max-width: 770px) 100vw, 770px\" src=\"https:\/\/www.chengjitoy.com\/wp-content\/uploads\/2025\/10\/details-of-Assembled-track-building-block-table-with-enamel-5.webp\" alt=\"\" class=\"wp-image-4549\" srcset=\"https:\/\/www.chengjitoy.com\/wp-content\/uploads\/2025\/10\/details-of-Assembled-track-building-block-table-with-enamel-5.webp 770w, https:\/\/www.chengjitoy.com\/wp-content\/uploads\/2025\/10\/details-of-Assembled-track-building-block-table-with-enamel-5-223x300.webp 223w, https:\/\/www.chengjitoy.com\/wp-content\/uploads\/2025\/10\/details-of-Assembled-track-building-block-table-with-enamel-5-768x1034.webp 768w, https:\/\/www.chengjitoy.com\/wp-content\/uploads\/2025\/10\/details-of-Assembled-track-building-block-table-with-enamel-5-9x12.webp 9w, https:\/\/www.chengjitoy.com\/wp-content\/uploads\/2025\/10\/details-of-Assembled-track-building-block-table-with-enamel-5-600x808.webp 600w\" \/><\/figure>\n\n\n\n<figure class=\"wp-block-image size-full\"><img loading=\"lazy\" decoding=\"async\" width=\"770\" height=\"1044\" sizes=\"auto, (max-width: 770px) 100vw, 770px\" src=\"https:\/\/www.chengjitoy.com\/wp-content\/uploads\/2025\/10\/details-of-Assembled-track-building-block-table-with-enamel-6.webp\" alt=\"\" class=\"wp-image-4550\" srcset=\"https:\/\/www.chengjitoy.com\/wp-content\/uploads\/2025\/10\/details-of-Assembled-track-building-block-table-with-enamel-6.webp 770w, https:\/\/www.chengjitoy.com\/wp-content\/uploads\/2025\/10\/details-of-Assembled-track-building-block-table-with-enamel-6-221x300.webp 221w, https:\/\/www.chengjitoy.com\/wp-content\/uploads\/2025\/10\/details-of-Assembled-track-building-block-table-with-enamel-6-768x1041.webp 768w, https:\/\/www.chengjitoy.com\/wp-content\/uploads\/2025\/10\/details-of-Assembled-track-building-block-table-with-enamel-6-9x12.webp 9w, https:\/\/www.chengjitoy.com\/wp-content\/uploads\/2025\/10\/details-of-Assembled-track-building-block-table-with-enamel-6-600x814.webp 600w\" \/><\/figure>\n\n\n\n<figure class=\"wp-block-image size-full\"><img loading=\"lazy\" decoding=\"async\" width=\"770\" height=\"982\" sizes=\"auto, (max-width: 770px) 100vw, 770px\" src=\"https:\/\/www.chengjitoy.com\/wp-content\/uploads\/2025\/10\/details-of-Assembled-track-building-block-table-with-enamel-7.webp\" alt=\"\" class=\"wp-image-4551\" srcset=\"https:\/\/www.chengjitoy.com\/wp-content\/uploads\/2025\/10\/details-of-Assembled-track-building-block-table-with-enamel-7.webp 770w, https:\/\/www.chengjitoy.com\/wp-content\/uploads\/2025\/10\/details-of-Assembled-track-building-block-table-with-enamel-7-235x300.webp 235w, https:\/\/www.chengjitoy.com\/wp-content\/uploads\/2025\/10\/details-of-Assembled-track-building-block-table-with-enamel-7-768x979.webp 768w, https:\/\/www.chengjitoy.com\/wp-content\/uploads\/2025\/10\/details-of-Assembled-track-building-block-table-with-enamel-7-9x12.webp 9w, https:\/\/www.chengjitoy.com\/wp-content\/uploads\/2025\/10\/details-of-Assembled-track-building-block-table-with-enamel-7-600x765.webp 600w\" \/><\/figure>\n\n\n\n<figure class=\"wp-block-image size-full\"><img loading=\"lazy\" decoding=\"async\" width=\"770\" height=\"987\" sizes=\"auto, (max-width: 770px) 100vw, 770px\" src=\"https:\/\/www.chengjitoy.com\/wp-content\/uploads\/2025\/10\/details-of-Assembled-track-building-block-table-with-enamel-8.webp\" alt=\"\" class=\"wp-image-4552\" srcset=\"https:\/\/www.chengjitoy.com\/wp-content\/uploads\/2025\/10\/details-of-Assembled-track-building-block-table-with-enamel-8.webp 770w, https:\/\/www.chengjitoy.com\/wp-content\/uploads\/2025\/10\/details-of-Assembled-track-building-block-table-with-enamel-8-234x300.webp 234w, https:\/\/www.chengjitoy.com\/wp-content\/uploads\/2025\/10\/details-of-Assembled-track-building-block-table-with-enamel-8-768x984.webp 768w, https:\/\/www.chengjitoy.com\/wp-content\/uploads\/2025\/10\/details-of-Assembled-track-building-block-table-with-enamel-8-9x12.webp 9w, https:\/\/www.chengjitoy.com\/wp-content\/uploads\/2025\/10\/details-of-Assembled-track-building-block-table-with-enamel-8-600x769.webp 600w\" \/><\/figure>\n\n\n\n<figure class=\"wp-block-image size-full\"><img loading=\"lazy\" decoding=\"async\" width=\"770\" height=\"1084\" sizes=\"auto, (max-width: 770px) 100vw, 770px\" src=\"https:\/\/www.chengjitoy.com\/wp-content\/uploads\/2025\/10\/details-of-Assembled-track-building-block-table-with-enamel-9.webp\" alt=\"\" class=\"wp-image-4553\" srcset=\"https:\/\/www.chengjitoy.com\/wp-content\/uploads\/2025\/10\/details-of-Assembled-track-building-block-table-with-enamel-9.webp 770w, https:\/\/www.chengjitoy.com\/wp-content\/uploads\/2025\/10\/details-of-Assembled-track-building-block-table-with-enamel-9-213x300.webp 213w, https:\/\/www.chengjitoy.com\/wp-content\/uploads\/2025\/10\/details-of-Assembled-track-building-block-table-with-enamel-9-768x1081.webp 768w, https:\/\/www.chengjitoy.com\/wp-content\/uploads\/2025\/10\/details-of-Assembled-track-building-block-table-with-enamel-9-9x12.webp 9w, https:\/\/www.chengjitoy.com\/wp-content\/uploads\/2025\/10\/details-of-Assembled-track-building-block-table-with-enamel-9-600x845.webp 600w\" \/><\/figure>\n\n\n\n<figure class=\"wp-block-image size-full\"><img loading=\"lazy\" decoding=\"async\" width=\"770\" height=\"1496\" sizes=\"auto, (max-width: 770px) 100vw, 770px\" src=\"https:\/\/www.chengjitoy.com\/wp-content\/uploads\/2025\/10\/details-of-Assembled-track-building-block-table-with-enamel-10.webp\" alt=\"\" class=\"wp-image-4554\" srcset=\"https:\/\/www.chengjitoy.com\/wp-content\/uploads\/2025\/10\/details-of-Assembled-track-building-block-table-with-enamel-10.webp 770w, https:\/\/www.chengjitoy.com\/wp-content\/uploads\/2025\/10\/details-of-Assembled-track-building-block-table-with-enamel-10-154x300.webp 154w, https:\/\/www.chengjitoy.com\/wp-content\/uploads\/2025\/10\/details-of-Assembled-track-building-block-table-with-enamel-10-768x1492.webp 768w, https:\/\/www.chengjitoy.com\/wp-content\/uploads\/2025\/10\/details-of-Assembled-track-building-block-table-with-enamel-10-6x12.webp 6w, https:\/\/www.chengjitoy.com\/wp-content\/uploads\/2025\/10\/details-of-Assembled-track-building-block-table-with-enamel-10-600x1166.webp 600w\" \/><\/figure>\n\n\n\n<figure class=\"wp-block-image size-full\"><img loading=\"lazy\" decoding=\"async\" width=\"770\" height=\"683\" sizes=\"auto, (max-width: 770px) 100vw, 770px\" src=\"https:\/\/www.chengjitoy.com\/wp-content\/uploads\/2025\/10\/details-of-Assembled-track-building-block-table-with-enamel-11.webp\" alt=\"\" class=\"wp-image-4555\" srcset=\"https:\/\/www.chengjitoy.com\/wp-content\/uploads\/2025\/10\/details-of-Assembled-track-building-block-table-with-enamel-11.webp 770w, https:\/\/www.chengjitoy.com\/wp-content\/uploads\/2025\/10\/details-of-Assembled-track-building-block-table-with-enamel-11-300x266.webp 300w, https:\/\/www.chengjitoy.com\/wp-content\/uploads\/2025\/10\/details-of-Assembled-track-building-block-table-with-enamel-11-768x681.webp 768w, https:\/\/www.chengjitoy.com\/wp-content\/uploads\/2025\/10\/details-of-Assembled-track-building-block-table-with-enamel-11-14x12.webp 14w, https:\/\/www.chengjitoy.com\/wp-content\/uploads\/2025\/10\/details-of-Assembled-track-building-block-table-with-enamel-11-600x532.webp 600w\" \/><\/figure>\n\n\n\n<figure class=\"wp-block-image size-full\"><img loading=\"lazy\" decoding=\"async\" width=\"770\" height=\"1613\" sizes=\"auto, (max-width: 770px) 100vw, 770px\" src=\"https:\/\/www.chengjitoy.com\/wp-content\/uploads\/2025\/10\/details-of-Assembled-track-building-block-table-with-enamel-12.webp\" alt=\"\" class=\"wp-image-4556\" srcset=\"https:\/\/www.chengjitoy.com\/wp-content\/uploads\/2025\/10\/details-of-Assembled-track-building-block-table-with-enamel-12.webp 770w, https:\/\/www.chengjitoy.com\/wp-content\/uploads\/2025\/10\/details-of-Assembled-track-building-block-table-with-enamel-12-143x300.webp 143w, https:\/\/www.chengjitoy.com\/wp-content\/uploads\/2025\/10\/details-of-Assembled-track-building-block-table-with-enamel-12-768x1609.webp 768w, https:\/\/www.chengjitoy.com\/wp-content\/uploads\/2025\/10\/details-of-Assembled-track-building-block-table-with-enamel-12-6x12.webp 6w, https:\/\/www.chengjitoy.com\/wp-content\/uploads\/2025\/10\/details-of-Assembled-track-building-block-table-with-enamel-12-600x1257.webp 600w\" \/><\/figure>\n<\/div>\n\n\n\n<div class=\"wp-block-column is-layout-flow wp-block-column-is-layout-flow\" style=\"flex-basis:33.33%\"><\/div>\n<\/div>\n\n\n\n<p><\/p>","protected":false},"excerpt":{"rendered":"<p>Wholesale assembled track building block table toy! This toy has great multi-functionality, no matter during bath, in the swimming pool, or at the beach, it can bring joy to children. It helps develop your child&#8217;s coordination and concentration, making it perfect for playtime in the bathroom and at the beach. Bulk purchases are available. Contact us for a quote today!<\/p>\n<h2>Sp\u00e9cifications de la table de construction de voies assembl\u00e9es<\/h2>\n<table style=\"border-collapse: collapse; width: 343.52pt;\" border=\"0\" width=\"458\" cellspacing=\"0\" cellpadding=\"0\">\n<tbody>\n<tr style=\"height: 19.50pt;\">\n<td class=\"et2\" style=\"height: 19.50pt; width: 133.75pt;\" width=\"178\" height=\"26\">Num\u00e9ro d'article :<\/td>\n<td class=\"et3\" style=\"width: 210.00pt;\" width=\"280\">CJ-2259528<\/td>\n<\/tr>\n<tr style=\"height: 20.25pt;\">\n<td class=\"et4\" style=\"height: 20.25pt; width: 133.75pt;\" width=\"178\" height=\"27\">Paquet :<\/td>\n<td class=\"et5\" style=\"width: 210.00pt;\" width=\"280\">COLOR BOX<\/td>\n<\/tr>\n<tr style=\"height: 19.50pt;\">\n<td class=\"et4\" style=\"height: 19.50pt; width: 133.75pt;\" width=\"178\" height=\"26\">Taille de l'emballage :<\/td>\n<td class=\"et5\" style=\"width: 210.00pt;\" width=\"280\">37*28,5*7,5CM<\/td>\n<\/tr>\n<tr style=\"height: 20.25pt;\">\n<td class=\"et4\" style=\"height: 20.25pt; width: 133.75pt;\" width=\"178\" height=\"27\">Taille du carton\uff1a<\/td>\n<td class=\"et5\" style=\"width: 210.00pt;\" width=\"280\">92*38*88CM<\/td>\n<\/tr>\n<tr style=\"height: 19.50pt;\">\n<td class=\"et4\" style=\"height: 19.50pt; width: 133.75pt;\" width=\"178\" height=\"26\">Q'ty\/Ctn :<\/td>\n<td class=\"et5\" style=\"width: 210.00pt;\" width=\"280\">36\/PCS<\/td>\n<\/tr>\n<tr style=\"height: 20.25pt;\">\n<td class=\"et4\" style=\"height: 20.25pt; width: 133.75pt;\" width=\"178\" height=\"27\">G.W.\/N.W. :<\/td>\n<td class=\"et5\" style=\"width: 210.00pt;\" width=\"280\">23\/20 KG<\/td>\n<\/tr>\n<tr style=\"height: 19.50pt;\">\n<td class=\"et4\" style=\"height: 19.50pt; width: 133.75pt;\" width=\"178\" height=\"26\">Mesure :<\/td>\n<td class=\"et5\" style=\"width: 210.00pt;\" width=\"280\">0.308 CBM'\/10.86 CUFT'<\/td>\n<\/tr>\n<\/tbody>\n<\/table>\n<p><script src=\"chrome-extension:\/\/fpelahbljekknahkcaegamhcndkfpfnc\/iFrame.js\" type=\"text\/javascript\"><\/script><\/p>","protected":false},"featured_media":4539,"comment_status":"closed","ping_status":"closed","template":"","meta":{"_acf_changed":true},"product_brand":[],"product_cat":[30,41,104,24,46],"product_tag":[],"class_list":{"0":"post-4536","1":"product","2":"type-product","3":"status-publish","4":"has-post-thumbnail","6":"product_cat-wholesale-toys-for-ages-3-and-up","7":"product_cat-wholesale-blocks-and-puzzles","8":"product_cat-wholesale-diy-educational-toys","9":"product_cat-wholesale-educational-toys","10":"product_cat-wholesale-other-educational-toys","12":"first","13":"instock","14":"shipping-taxable","15":"product-type-simple"},"acf":[],"_links":{"self":[{"href":"https:\/\/www.chengjitoy.com\/fr\/wp-json\/wp\/v2\/product\/4536","targetHints":{"allow":["GET"]}}],"collection":[{"href":"https:\/\/www.chengjitoy.com\/fr\/wp-json\/wp\/v2\/product"}],"about":[{"href":"https:\/\/www.chengjitoy.com\/fr\/wp-json\/wp\/v2\/types\/product"}],"replies":[{"embeddable":true,"href":"https:\/\/www.chengjitoy.com\/fr\/wp-json\/wp\/v2\/comments?post=4536"}],"wp:featuredmedia":[{"embeddable":true,"href":"https:\/\/www.chengjitoy.com\/fr\/wp-json\/wp\/v2\/media\/4539"}],"wp:attachment":[{"href":"https:\/\/www.chengjitoy.com\/fr\/wp-json\/wp\/v2\/media?parent=4536"}],"wp:term":[{"taxonomy":"product_brand","embeddable":true,"href":"https:\/\/www.chengjitoy.com\/fr\/wp-json\/wp\/v2\/product_brand?post=4536"},{"taxonomy":"product_cat","embeddable":true,"href":"https:\/\/www.chengjitoy.com\/fr\/wp-json\/wp\/v2\/product_cat?post=4536"},{"taxonomy":"product_tag","embeddable":true,"href":"https:\/\/www.chengjitoy.com\/fr\/wp-json\/wp\/v2\/product_tag?post=4536"}],"curies":[{"name":"wp","href":"https:\/\/api.w.org\/{rel}","templated":true}]}}