{"id":4937,"date":"2025-11-05T13:41:33","date_gmt":"2025-11-05T13:41:33","guid":{"rendered":"https:\/\/www.chengjitoy.com\/?post_type=product&#038;p=4937"},"modified":"2025-11-08T02:19:58","modified_gmt":"2025-11-08T02:19:58","slug":"wholesale-interactive-rc-robot-dog-toy","status":"publish","type":"product","link":"https:\/\/www.chengjitoy.com\/fr\/product\/wholesale-interactive-rc-robot-dog-toy\/","title":{"rendered":"Wholesale Interactive RC Robot Dog Toy &#8211; RC Toy, Educational Toy"},"content":{"rendered":"<div class=\"wp-block-columns is-layout-flex wp-container-core-columns-is-layout-9d6595d7 wp-block-columns-is-layout-flex\">\n<div class=\"wp-block-column is-layout-flow wp-block-column-is-layout-flow\" style=\"flex-basis:66.66%\">\n<figure class=\"wp-block-image size-full\"><img loading=\"lazy\" decoding=\"async\" width=\"770\" height=\"1917\" src=\"https:\/\/www.chengjitoy.com\/wp-content\/uploads\/2025\/11\/detail-of-interactive-RC-robot-dog-1.webp\" alt=\"\" class=\"wp-image-5608\" srcset=\"https:\/\/www.chengjitoy.com\/wp-content\/uploads\/2025\/11\/detail-of-interactive-RC-robot-dog-1.webp 770w, https:\/\/www.chengjitoy.com\/wp-content\/uploads\/2025\/11\/detail-of-interactive-RC-robot-dog-1-121x300.webp 121w, https:\/\/www.chengjitoy.com\/wp-content\/uploads\/2025\/11\/detail-of-interactive-RC-robot-dog-1-768x1912.webp 768w, https:\/\/www.chengjitoy.com\/wp-content\/uploads\/2025\/11\/detail-of-interactive-RC-robot-dog-1-5x12.webp 5w, https:\/\/www.chengjitoy.com\/wp-content\/uploads\/2025\/11\/detail-of-interactive-RC-robot-dog-1-600x1494.webp 600w\" sizes=\"auto, (max-width: 770px) 100vw, 770px\" \/><\/figure>\n\n\n\n<figure class=\"wp-block-image size-full\"><img loading=\"lazy\" decoding=\"async\" width=\"770\" height=\"1281\" src=\"https:\/\/www.chengjitoy.com\/wp-content\/uploads\/2025\/11\/detail-of-interactive-RC-robot-dog-2.webp\" alt=\"\" class=\"wp-image-5609\" srcset=\"https:\/\/www.chengjitoy.com\/wp-content\/uploads\/2025\/11\/detail-of-interactive-RC-robot-dog-2.webp 770w, https:\/\/www.chengjitoy.com\/wp-content\/uploads\/2025\/11\/detail-of-interactive-RC-robot-dog-2-180x300.webp 180w, https:\/\/www.chengjitoy.com\/wp-content\/uploads\/2025\/11\/detail-of-interactive-RC-robot-dog-2-768x1278.webp 768w, https:\/\/www.chengjitoy.com\/wp-content\/uploads\/2025\/11\/detail-of-interactive-RC-robot-dog-2-7x12.webp 7w, https:\/\/www.chengjitoy.com\/wp-content\/uploads\/2025\/11\/detail-of-interactive-RC-robot-dog-2-600x998.webp 600w\" sizes=\"auto, (max-width: 770px) 100vw, 770px\" \/><\/figure>\n\n\n\n<figure class=\"wp-block-image size-full\"><img loading=\"lazy\" decoding=\"async\" width=\"770\" height=\"1309\" src=\"https:\/\/www.chengjitoy.com\/wp-content\/uploads\/2025\/11\/detail-of-interactive-RC-robot-dog-3.webp\" alt=\"\" class=\"wp-image-5610\" srcset=\"https:\/\/www.chengjitoy.com\/wp-content\/uploads\/2025\/11\/detail-of-interactive-RC-robot-dog-3.webp 770w, https:\/\/www.chengjitoy.com\/wp-content\/uploads\/2025\/11\/detail-of-interactive-RC-robot-dog-3-176x300.webp 176w, https:\/\/www.chengjitoy.com\/wp-content\/uploads\/2025\/11\/detail-of-interactive-RC-robot-dog-3-768x1306.webp 768w, https:\/\/www.chengjitoy.com\/wp-content\/uploads\/2025\/11\/detail-of-interactive-RC-robot-dog-3-7x12.webp 7w, https:\/\/www.chengjitoy.com\/wp-content\/uploads\/2025\/11\/detail-of-interactive-RC-robot-dog-3-600x1020.webp 600w\" sizes=\"auto, (max-width: 770px) 100vw, 770px\" \/><\/figure>\n\n\n\n<figure class=\"wp-block-image size-full\"><img loading=\"lazy\" decoding=\"async\" width=\"770\" height=\"1287\" src=\"https:\/\/www.chengjitoy.com\/wp-content\/uploads\/2025\/11\/detail-of-interactive-RC-robot-dog-4.webp\" alt=\"\" class=\"wp-image-5611\" srcset=\"https:\/\/www.chengjitoy.com\/wp-content\/uploads\/2025\/11\/detail-of-interactive-RC-robot-dog-4.webp 770w, https:\/\/www.chengjitoy.com\/wp-content\/uploads\/2025\/11\/detail-of-interactive-RC-robot-dog-4-179x300.webp 179w, https:\/\/www.chengjitoy.com\/wp-content\/uploads\/2025\/11\/detail-of-interactive-RC-robot-dog-4-768x1284.webp 768w, https:\/\/www.chengjitoy.com\/wp-content\/uploads\/2025\/11\/detail-of-interactive-RC-robot-dog-4-7x12.webp 7w, https:\/\/www.chengjitoy.com\/wp-content\/uploads\/2025\/11\/detail-of-interactive-RC-robot-dog-4-600x1003.webp 600w\" sizes=\"auto, (max-width: 770px) 100vw, 770px\" \/><\/figure>\n\n\n\n<figure class=\"wp-block-image size-full\"><img loading=\"lazy\" decoding=\"async\" width=\"770\" height=\"1292\" src=\"https:\/\/www.chengjitoy.com\/wp-content\/uploads\/2025\/11\/detail-of-interactive-RC-robot-dog-5.webp\" alt=\"\" class=\"wp-image-5612\" srcset=\"https:\/\/www.chengjitoy.com\/wp-content\/uploads\/2025\/11\/detail-of-interactive-RC-robot-dog-5.webp 770w, https:\/\/www.chengjitoy.com\/wp-content\/uploads\/2025\/11\/detail-of-interactive-RC-robot-dog-5-179x300.webp 179w, https:\/\/www.chengjitoy.com\/wp-content\/uploads\/2025\/11\/detail-of-interactive-RC-robot-dog-5-768x1289.webp 768w, https:\/\/www.chengjitoy.com\/wp-content\/uploads\/2025\/11\/detail-of-interactive-RC-robot-dog-5-7x12.webp 7w, https:\/\/www.chengjitoy.com\/wp-content\/uploads\/2025\/11\/detail-of-interactive-RC-robot-dog-5-600x1007.webp 600w\" sizes=\"auto, (max-width: 770px) 100vw, 770px\" \/><\/figure>\n\n\n\n<figure class=\"wp-block-image size-full\"><img loading=\"lazy\" decoding=\"async\" width=\"770\" height=\"1289\" src=\"https:\/\/www.chengjitoy.com\/wp-content\/uploads\/2025\/11\/detail-of-interactive-RC-robot-dog-6.webp\" alt=\"\" class=\"wp-image-5613\" srcset=\"https:\/\/www.chengjitoy.com\/wp-content\/uploads\/2025\/11\/detail-of-interactive-RC-robot-dog-6.webp 770w, https:\/\/www.chengjitoy.com\/wp-content\/uploads\/2025\/11\/detail-of-interactive-RC-robot-dog-6-179x300.webp 179w, https:\/\/www.chengjitoy.com\/wp-content\/uploads\/2025\/11\/detail-of-interactive-RC-robot-dog-6-768x1286.webp 768w, https:\/\/www.chengjitoy.com\/wp-content\/uploads\/2025\/11\/detail-of-interactive-RC-robot-dog-6-7x12.webp 7w, https:\/\/www.chengjitoy.com\/wp-content\/uploads\/2025\/11\/detail-of-interactive-RC-robot-dog-6-600x1004.webp 600w\" sizes=\"auto, (max-width: 770px) 100vw, 770px\" \/><\/figure>\n\n\n\n<figure class=\"wp-block-image size-full\"><img loading=\"lazy\" decoding=\"async\" width=\"770\" height=\"1295\" src=\"https:\/\/www.chengjitoy.com\/wp-content\/uploads\/2025\/11\/detail-of-interactive-RC-robot-dog-7.webp\" alt=\"\" class=\"wp-image-5614\" srcset=\"https:\/\/www.chengjitoy.com\/wp-content\/uploads\/2025\/11\/detail-of-interactive-RC-robot-dog-7.webp 770w, https:\/\/www.chengjitoy.com\/wp-content\/uploads\/2025\/11\/detail-of-interactive-RC-robot-dog-7-178x300.webp 178w, https:\/\/www.chengjitoy.com\/wp-content\/uploads\/2025\/11\/detail-of-interactive-RC-robot-dog-7-768x1292.webp 768w, https:\/\/www.chengjitoy.com\/wp-content\/uploads\/2025\/11\/detail-of-interactive-RC-robot-dog-7-7x12.webp 7w, https:\/\/www.chengjitoy.com\/wp-content\/uploads\/2025\/11\/detail-of-interactive-RC-robot-dog-7-600x1009.webp 600w\" sizes=\"auto, (max-width: 770px) 100vw, 770px\" \/><\/figure>\n\n\n\n<figure class=\"wp-block-image size-full\"><img loading=\"lazy\" decoding=\"async\" width=\"770\" height=\"1301\" src=\"https:\/\/www.chengjitoy.com\/wp-content\/uploads\/2025\/11\/detail-of-interactive-RC-robot-dog-8.webp\" alt=\"\" class=\"wp-image-5615\" srcset=\"https:\/\/www.chengjitoy.com\/wp-content\/uploads\/2025\/11\/detail-of-interactive-RC-robot-dog-8.webp 770w, https:\/\/www.chengjitoy.com\/wp-content\/uploads\/2025\/11\/detail-of-interactive-RC-robot-dog-8-178x300.webp 178w, https:\/\/www.chengjitoy.com\/wp-content\/uploads\/2025\/11\/detail-of-interactive-RC-robot-dog-8-768x1298.webp 768w, https:\/\/www.chengjitoy.com\/wp-content\/uploads\/2025\/11\/detail-of-interactive-RC-robot-dog-8-7x12.webp 7w, https:\/\/www.chengjitoy.com\/wp-content\/uploads\/2025\/11\/detail-of-interactive-RC-robot-dog-8-600x1014.webp 600w\" sizes=\"auto, (max-width: 770px) 100vw, 770px\" \/><\/figure>\n\n\n\n<figure class=\"wp-block-image size-full\"><img loading=\"lazy\" decoding=\"async\" width=\"770\" height=\"1076\" src=\"https:\/\/www.chengjitoy.com\/wp-content\/uploads\/2025\/11\/detail-of-interactive-RC-robot-dog-9.webp\" alt=\"\" class=\"wp-image-5616\" srcset=\"https:\/\/www.chengjitoy.com\/wp-content\/uploads\/2025\/11\/detail-of-interactive-RC-robot-dog-9.webp 770w, https:\/\/www.chengjitoy.com\/wp-content\/uploads\/2025\/11\/detail-of-interactive-RC-robot-dog-9-215x300.webp 215w, https:\/\/www.chengjitoy.com\/wp-content\/uploads\/2025\/11\/detail-of-interactive-RC-robot-dog-9-768x1073.webp 768w, https:\/\/www.chengjitoy.com\/wp-content\/uploads\/2025\/11\/detail-of-interactive-RC-robot-dog-9-9x12.webp 9w, https:\/\/www.chengjitoy.com\/wp-content\/uploads\/2025\/11\/detail-of-interactive-RC-robot-dog-9-600x838.webp 600w\" sizes=\"auto, (max-width: 770px) 100vw, 770px\" \/><\/figure>\n\n\n\n<figure class=\"wp-block-image size-full\"><img loading=\"lazy\" decoding=\"async\" width=\"770\" height=\"1353\" src=\"https:\/\/www.chengjitoy.com\/wp-content\/uploads\/2025\/11\/detail-of-interactive-RC-robot-dog-10.webp\" alt=\"\" class=\"wp-image-5617\" srcset=\"https:\/\/www.chengjitoy.com\/wp-content\/uploads\/2025\/11\/detail-of-interactive-RC-robot-dog-10.webp 770w, https:\/\/www.chengjitoy.com\/wp-content\/uploads\/2025\/11\/detail-of-interactive-RC-robot-dog-10-171x300.webp 171w, https:\/\/www.chengjitoy.com\/wp-content\/uploads\/2025\/11\/detail-of-interactive-RC-robot-dog-10-768x1349.webp 768w, https:\/\/www.chengjitoy.com\/wp-content\/uploads\/2025\/11\/detail-of-interactive-RC-robot-dog-10-7x12.webp 7w, https:\/\/www.chengjitoy.com\/wp-content\/uploads\/2025\/11\/detail-of-interactive-RC-robot-dog-10-600x1054.webp 600w\" sizes=\"auto, (max-width: 770px) 100vw, 770px\" \/><\/figure>\n\n\n\n<figure class=\"wp-block-image size-full\"><img loading=\"lazy\" decoding=\"async\" width=\"770\" height=\"1687\" src=\"https:\/\/www.chengjitoy.com\/wp-content\/uploads\/2025\/11\/detail-of-interactive-RC-robot-dog-11.webp\" alt=\"\" class=\"wp-image-5618\" srcset=\"https:\/\/www.chengjitoy.com\/wp-content\/uploads\/2025\/11\/detail-of-interactive-RC-robot-dog-11.webp 770w, https:\/\/www.chengjitoy.com\/wp-content\/uploads\/2025\/11\/detail-of-interactive-RC-robot-dog-11-137x300.webp 137w, https:\/\/www.chengjitoy.com\/wp-content\/uploads\/2025\/11\/detail-of-interactive-RC-robot-dog-11-768x1683.webp 768w, https:\/\/www.chengjitoy.com\/wp-content\/uploads\/2025\/11\/detail-of-interactive-RC-robot-dog-11-5x12.webp 5w, https:\/\/www.chengjitoy.com\/wp-content\/uploads\/2025\/11\/detail-of-interactive-RC-robot-dog-11-600x1315.webp 600w\" sizes=\"auto, (max-width: 770px) 100vw, 770px\" \/><\/figure>\n<\/div>\n\n\n\n<div class=\"wp-block-column is-layout-flow wp-block-column-is-layout-flow\" style=\"flex-basis:33.33%\"><\/div>\n<\/div>","protected":false},"excerpt":{"rendered":"<p>We are wholesaling smart interactive RC robot dog toys! It includes functions like records, mimics, encourages crawling &amp; grows with your baby through interactive play &amp; learning. Supporting bulk purchase. Get your quote now!<\/p>\n<h2>Sp\u00e9cifications du chien robot interactif t\u00e9l\u00e9command\u00e9<\/h2>\n<table style=\"border-collapse: collapse; width: 343.52pt;\" border=\"0\" width=\"458\" cellspacing=\"0\" cellpadding=\"0\">\n<tbody>\n<tr style=\"height: 19.50pt;\">\n<td class=\"et2\" style=\"height: 19.50pt; width: 133.75pt;\" width=\"178\" height=\"26\">Num\u00e9ro d'article :<\/td>\n<td class=\"et3\" style=\"width: 210.00pt;\" width=\"280\">CJ-4213489<\/td>\n<\/tr>\n<tr style=\"height: 20.25pt;\">\n<td class=\"et4\" style=\"height: 20.25pt; width: 133.75pt;\" width=\"178\" height=\"27\">Paquet :<\/td>\n<td class=\"et5\" style=\"width: 210.00pt;\" width=\"280\">COLOR BOX<\/td>\n<\/tr>\n<tr style=\"height: 19.50pt;\">\n<td class=\"et4\" style=\"height: 19.50pt; width: 133.75pt;\" width=\"178\" height=\"26\">Taille de l'emballage :<\/td>\n<td class=\"et5\" style=\"width: 210.00pt;\" width=\"280\">19 x 12 x 21 cm<\/td>\n<\/tr>\n<tr style=\"height: 20.25pt;\">\n<td class=\"et4\" style=\"height: 20.25pt; width: 133.75pt;\" width=\"178\" height=\"27\">Taille du carton\uff1a<\/td>\n<td class=\"et5\" style=\"width: 210.00pt;\" width=\"280\">59 x 43,5 x 53 cm<\/td>\n<\/tr>\n<tr style=\"height: 19.50pt;\">\n<td class=\"et4\" style=\"height: 19.50pt; width: 133.75pt;\" width=\"178\" height=\"26\">Q'ty\/Ctn :<\/td>\n<td class=\"et5\" style=\"width: 210.00pt;\" width=\"280\">24\/PCS<\/td>\n<\/tr>\n<tr style=\"height: 20.25pt;\">\n<td class=\"et4\" style=\"height: 20.25pt; width: 133.75pt;\" width=\"178\" height=\"27\">G.W.\/N.W. :<\/td>\n<td class=\"et5\" style=\"width: 210.00pt;\" width=\"280\">16,1\/14,7 kg<\/td>\n<\/tr>\n<tr style=\"height: 19.50pt;\">\n<td class=\"et4\" style=\"height: 19.50pt; width: 133.75pt;\" width=\"178\" height=\"26\">Mesure :<\/td>\n<td class=\"et5\" style=\"width: 210.00pt;\" width=\"280\">0,14 m\u00b3\/4,804 pieds cubes\u2019<\/td>\n<\/tr>\n<\/tbody>\n<\/table>","protected":false},"featured_media":5599,"comment_status":"closed","ping_status":"closed","template":"","meta":{"_acf_changed":true},"product_brand":[],"product_cat":[30,108,18,26],"product_tag":[],"class_list":{"0":"post-4937","1":"product","2":"type-product","3":"status-publish","4":"has-post-thumbnail","6":"product_cat-wholesale-toys-for-ages-3-and-up","7":"product_cat-wholesale-more-rc-toys","8":"product_cat-wholesale-rc-toys","9":"product_cat-wholesale-toys-for-all-ages","11":"first","12":"instock","13":"shipping-taxable","14":"product-type-simple"},"acf":[],"_links":{"self":[{"href":"https:\/\/www.chengjitoy.com\/fr\/wp-json\/wp\/v2\/product\/4937","targetHints":{"allow":["GET"]}}],"collection":[{"href":"https:\/\/www.chengjitoy.com\/fr\/wp-json\/wp\/v2\/product"}],"about":[{"href":"https:\/\/www.chengjitoy.com\/fr\/wp-json\/wp\/v2\/types\/product"}],"replies":[{"embeddable":true,"href":"https:\/\/www.chengjitoy.com\/fr\/wp-json\/wp\/v2\/comments?post=4937"}],"wp:featuredmedia":[{"embeddable":true,"href":"https:\/\/www.chengjitoy.com\/fr\/wp-json\/wp\/v2\/media\/5599"}],"wp:attachment":[{"href":"https:\/\/www.chengjitoy.com\/fr\/wp-json\/wp\/v2\/media?parent=4937"}],"wp:term":[{"taxonomy":"product_brand","embeddable":true,"href":"https:\/\/www.chengjitoy.com\/fr\/wp-json\/wp\/v2\/product_brand?post=4937"},{"taxonomy":"product_cat","embeddable":true,"href":"https:\/\/www.chengjitoy.com\/fr\/wp-json\/wp\/v2\/product_cat?post=4937"},{"taxonomy":"product_tag","embeddable":true,"href":"https:\/\/www.chengjitoy.com\/fr\/wp-json\/wp\/v2\/product_tag?post=4937"}],"curies":[{"name":"wp","href":"https:\/\/api.w.org\/{rel}","templated":true}]}}