{"id":533,"date":"2025-06-16T02:45:53","date_gmt":"2025-06-16T02:45:53","guid":{"rendered":"https:\/\/www.chengjitoy.com\/?post_type=product&#038;p=533"},"modified":"2026-04-06T12:42:35","modified_gmt":"2026-04-06T12:42:35","slug":"wholesale-astronomical-telescope-toy-cj4241903","status":"publish","type":"product","link":"https:\/\/www.chengjitoy.com\/fr\/product\/wholesale-astronomical-telescope-toy-cj4241903\/","title":{"rendered":"Wholesale Astronomical Telescope Toys, Cultivate Children's Interests and Hobbies (jouets pour t\u00e9lescopes astronomiques en gros)"},"content":{"rendered":"<figure class=\"wp-block-image size-full\"><img loading=\"lazy\" decoding=\"async\" width=\"770\" height=\"1400\" sizes=\"auto, (max-width: 770px) 100vw, 770px\" src=\"https:\/\/www.chengjitoy.com\/wp-content\/uploads\/2025\/06\/Astronomical-telescope-toys-details-1.webp\" alt=\"T\u00e9lescope astronomique jouets d\u00e9tails (1)\" class=\"wp-image-536\" srcset=\"https:\/\/www.chengjitoy.com\/wp-content\/uploads\/2025\/06\/Astronomical-telescope-toys-details-1.webp 770w, https:\/\/www.chengjitoy.com\/wp-content\/uploads\/2025\/06\/Astronomical-telescope-toys-details-1-165x300.webp 165w, https:\/\/www.chengjitoy.com\/wp-content\/uploads\/2025\/06\/Astronomical-telescope-toys-details-1-768x1396.webp 768w, https:\/\/www.chengjitoy.com\/wp-content\/uploads\/2025\/06\/Astronomical-telescope-toys-details-1-600x1091.webp 600w\" \/><\/figure>\n\n\n\n<figure class=\"wp-block-image size-full\"><img loading=\"lazy\" decoding=\"async\" width=\"770\" height=\"1072\" sizes=\"auto, (max-width: 770px) 100vw, 770px\" src=\"https:\/\/www.chengjitoy.com\/wp-content\/uploads\/2025\/06\/Astronomical-telescope-toys-details-2.webp\" alt=\"T\u00e9lescope astronomique jouets d\u00e9tails (2)\" class=\"wp-image-537\" srcset=\"https:\/\/www.chengjitoy.com\/wp-content\/uploads\/2025\/06\/Astronomical-telescope-toys-details-2.webp 770w, https:\/\/www.chengjitoy.com\/wp-content\/uploads\/2025\/06\/Astronomical-telescope-toys-details-2-215x300.webp 215w, https:\/\/www.chengjitoy.com\/wp-content\/uploads\/2025\/06\/Astronomical-telescope-toys-details-2-768x1069.webp 768w, https:\/\/www.chengjitoy.com\/wp-content\/uploads\/2025\/06\/Astronomical-telescope-toys-details-2-600x835.webp 600w\" \/><\/figure>\n\n\n\n<figure class=\"wp-block-image size-full\"><img loading=\"lazy\" decoding=\"async\" width=\"770\" height=\"1836\" sizes=\"auto, (max-width: 770px) 100vw, 770px\" src=\"https:\/\/www.chengjitoy.com\/wp-content\/uploads\/2025\/06\/Astronomical-telescope-toys-details-3.webp\" alt=\"T\u00e9lescope astronomique jouets d\u00e9tails (3)\" class=\"wp-image-538\" srcset=\"https:\/\/www.chengjitoy.com\/wp-content\/uploads\/2025\/06\/Astronomical-telescope-toys-details-3.webp 770w, https:\/\/www.chengjitoy.com\/wp-content\/uploads\/2025\/06\/Astronomical-telescope-toys-details-3-126x300.webp 126w, https:\/\/www.chengjitoy.com\/wp-content\/uploads\/2025\/06\/Astronomical-telescope-toys-details-3-768x1831.webp 768w, https:\/\/www.chengjitoy.com\/wp-content\/uploads\/2025\/06\/Astronomical-telescope-toys-details-3-600x1431.webp 600w\" \/><\/figure>\n\n\n\n<figure class=\"wp-block-image size-full\"><img loading=\"lazy\" decoding=\"async\" width=\"770\" height=\"1723\" sizes=\"auto, (max-width: 770px) 100vw, 770px\" src=\"https:\/\/www.chengjitoy.com\/wp-content\/uploads\/2025\/06\/Astronomical-telescope-toys-details-4.webp\" alt=\"AstronomieT\u00e9lescope astronomique d\u00e9tails des jouets (4)T\u00e9lescope astronomique d\u00e9tails des jouets (4)\" class=\"wp-image-539\" srcset=\"https:\/\/www.chengjitoy.com\/wp-content\/uploads\/2025\/06\/Astronomical-telescope-toys-details-4.webp 770w, https:\/\/www.chengjitoy.com\/wp-content\/uploads\/2025\/06\/Astronomical-telescope-toys-details-4-134x300.webp 134w, https:\/\/www.chengjitoy.com\/wp-content\/uploads\/2025\/06\/Astronomical-telescope-toys-details-4-768x1719.webp 768w, https:\/\/www.chengjitoy.com\/wp-content\/uploads\/2025\/06\/Astronomical-telescope-toys-details-4-600x1343.webp 600w\" \/><\/figure>\n\n\n\n<figure class=\"wp-block-image size-full\"><img loading=\"lazy\" decoding=\"async\" width=\"770\" height=\"1066\" sizes=\"auto, (max-width: 770px) 100vw, 770px\" src=\"https:\/\/www.chengjitoy.com\/wp-content\/uploads\/2025\/06\/Astronomical-telescope-toys-details-5.webp\" alt=\"T\u00e9lescope astronomique jouets d\u00e9tails (5)\" class=\"wp-image-540\" srcset=\"https:\/\/www.chengjitoy.com\/wp-content\/uploads\/2025\/06\/Astronomical-telescope-toys-details-5.webp 770w, https:\/\/www.chengjitoy.com\/wp-content\/uploads\/2025\/06\/Astronomical-telescope-toys-details-5-217x300.webp 217w, https:\/\/www.chengjitoy.com\/wp-content\/uploads\/2025\/06\/Astronomical-telescope-toys-details-5-768x1063.webp 768w, https:\/\/www.chengjitoy.com\/wp-content\/uploads\/2025\/06\/Astronomical-telescope-toys-details-5-600x831.webp 600w\" \/><\/figure>\n\n\n\n<figure class=\"wp-block-image size-full\"><img loading=\"lazy\" decoding=\"async\" width=\"770\" height=\"1989\" sizes=\"auto, (max-width: 770px) 100vw, 770px\" src=\"https:\/\/www.chengjitoy.com\/wp-content\/uploads\/2025\/06\/Astronomical-telescope-toys-details-6.webp\" alt=\"T\u00e9lescope astronomique jouets d\u00e9tails (6)\" class=\"wp-image-541\" srcset=\"https:\/\/www.chengjitoy.com\/wp-content\/uploads\/2025\/06\/Astronomical-telescope-toys-details-6.webp 770w, https:\/\/www.chengjitoy.com\/wp-content\/uploads\/2025\/06\/Astronomical-telescope-toys-details-6-116x300.webp 116w, https:\/\/www.chengjitoy.com\/wp-content\/uploads\/2025\/06\/Astronomical-telescope-toys-details-6-768x1984.webp 768w, https:\/\/www.chengjitoy.com\/wp-content\/uploads\/2025\/06\/Astronomical-telescope-toys-details-6-600x1550.webp 600w\" \/><\/figure>","protected":false},"excerpt":{"rendered":"<p>Ce t\u00e9lescope l\u00e9ger et portable convient aux enfants pour explorer le ciel \u00e9toil\u00e9 et la nature. Il dispose d'oculaires 30x et 60x de grande puissance pour r\u00e9pondre \u00e0 diff\u00e9rents besoins d'observation. C'est un outil d'entr\u00e9e id\u00e9al pour cultiver la curiosit\u00e9 et l'int\u00e9r\u00eat scientifique.<\/p>\n<h2>Sp\u00e9cifications du jouet t\u00e9lescope astronomique<\/h2>\n<table>\n<tbody>\n<tr>\n<td>Objet<\/td>\n<td>Sp\u00e9cifications<\/td>\n<\/tr>\n<tr>\n<td>Num\u00e9ro d'article :<\/td>\n<td>CJ-4241903<\/td>\n<\/tr>\n<tr>\n<td>Paquet :<\/td>\n<td>bo\u00eete \u00e0 couleurs<\/td>\n<\/tr>\n<tr>\n<td>Taille de l'emballage :<\/td>\n<td>0*0*0CM<\/td>\n<\/tr>\n<tr>\n<td>Taille du carton\uff1a<\/td>\n<td>75*62*48CM<\/td>\n<\/tr>\n<tr>\n<td>Q'ty\/Ctn :<\/td>\n<td>12\/PCS<\/td>\n<\/tr>\n<tr>\n<td>G.W.\/N.W. :<\/td>\n<td>15\/0 KG<\/td>\n<\/tr>\n<tr>\n<td>Mesure :<\/td>\n<td>0,22 CBM'\/7,88 CUFT'<\/td>\n<\/tr>\n<\/tbody>\n<\/table>","protected":false},"featured_media":542,"comment_status":"closed","ping_status":"closed","template":"","meta":{"_acf_changed":true},"product_brand":[],"product_cat":[26,28,24,44],"product_tag":[],"class_list":{"0":"post-533","1":"product","2":"type-product","3":"status-publish","4":"has-post-thumbnail","6":"product_cat-wholesale-toys-for-all-ages","7":"product_cat-wholesale-toys-for-ages-8-and-up","8":"product_cat-wholesale-educational-toys","9":"product_cat-wholesale-science-and-engineering-toys","11":"first","12":"instock","13":"shipping-taxable","14":"product-type-simple"},"acf":[],"_links":{"self":[{"href":"https:\/\/www.chengjitoy.com\/fr\/wp-json\/wp\/v2\/product\/533","targetHints":{"allow":["GET"]}}],"collection":[{"href":"https:\/\/www.chengjitoy.com\/fr\/wp-json\/wp\/v2\/product"}],"about":[{"href":"https:\/\/www.chengjitoy.com\/fr\/wp-json\/wp\/v2\/types\/product"}],"replies":[{"embeddable":true,"href":"https:\/\/www.chengjitoy.com\/fr\/wp-json\/wp\/v2\/comments?post=533"}],"wp:featuredmedia":[{"embeddable":true,"href":"https:\/\/www.chengjitoy.com\/fr\/wp-json\/wp\/v2\/media\/542"}],"wp:attachment":[{"href":"https:\/\/www.chengjitoy.com\/fr\/wp-json\/wp\/v2\/media?parent=533"}],"wp:term":[{"taxonomy":"product_brand","embeddable":true,"href":"https:\/\/www.chengjitoy.com\/fr\/wp-json\/wp\/v2\/product_brand?post=533"},{"taxonomy":"product_cat","embeddable":true,"href":"https:\/\/www.chengjitoy.com\/fr\/wp-json\/wp\/v2\/product_cat?post=533"},{"taxonomy":"product_tag","embeddable":true,"href":"https:\/\/www.chengjitoy.com\/fr\/wp-json\/wp\/v2\/product_tag?post=533"}],"curies":[{"name":"wp","href":"https:\/\/api.w.org\/{rel}","templated":true}]}}