{"id":5478,"date":"2025-11-13T10:43:02","date_gmt":"2025-11-13T10:43:02","guid":{"rendered":"https:\/\/www.chengjitoy.com\/?post_type=product&#038;p=5478"},"modified":"2026-02-05T03:40:16","modified_gmt":"2026-02-05T03:40:16","slug":"wholesale-magnetic-rod-vehicle-toy","status":"publish","type":"product","link":"https:\/\/www.chengjitoy.com\/fr\/product\/wholesale-magnetic-rod-vehicle-toy\/","title":{"rendered":"Wholesale Magnetic Rod Vehicle Toy - Educational, STEM Toy"},"content":{"rendered":"<div class=\"wp-block-columns is-layout-flex wp-container-core-columns-is-layout-9d6595d7 wp-block-columns-is-layout-flex\">\n<div class=\"wp-block-column is-layout-flow wp-block-column-is-layout-flow\" style=\"flex-basis:66.66%\">\n<figure class=\"wp-block-image size-full\"><img loading=\"lazy\" decoding=\"async\" width=\"770\" height=\"1274\" sizes=\"auto, (max-width: 770px) 100vw, 770px\" src=\"https:\/\/www.chengjitoy.com\/wp-content\/uploads\/2025\/11\/details-of-magnetic-rod-vehicle-toy-1.webp\" alt=\"\" class=\"wp-image-5908\" srcset=\"https:\/\/www.chengjitoy.com\/wp-content\/uploads\/2025\/11\/details-of-magnetic-rod-vehicle-toy-1.webp 770w, https:\/\/www.chengjitoy.com\/wp-content\/uploads\/2025\/11\/details-of-magnetic-rod-vehicle-toy-1-181x300.webp 181w, https:\/\/www.chengjitoy.com\/wp-content\/uploads\/2025\/11\/details-of-magnetic-rod-vehicle-toy-1-768x1271.webp 768w, https:\/\/www.chengjitoy.com\/wp-content\/uploads\/2025\/11\/details-of-magnetic-rod-vehicle-toy-1-7x12.webp 7w, https:\/\/www.chengjitoy.com\/wp-content\/uploads\/2025\/11\/details-of-magnetic-rod-vehicle-toy-1-600x993.webp 600w\" \/><\/figure>\n\n\n\n<figure class=\"wp-block-image size-full\"><img loading=\"lazy\" decoding=\"async\" width=\"770\" height=\"1338\" sizes=\"auto, (max-width: 770px) 100vw, 770px\" src=\"https:\/\/www.chengjitoy.com\/wp-content\/uploads\/2025\/11\/details-of-magnetic-rod-vehicle-toy-2.webp\" alt=\"\" class=\"wp-image-5909\" srcset=\"https:\/\/www.chengjitoy.com\/wp-content\/uploads\/2025\/11\/details-of-magnetic-rod-vehicle-toy-2.webp 770w, https:\/\/www.chengjitoy.com\/wp-content\/uploads\/2025\/11\/details-of-magnetic-rod-vehicle-toy-2-173x300.webp 173w, https:\/\/www.chengjitoy.com\/wp-content\/uploads\/2025\/11\/details-of-magnetic-rod-vehicle-toy-2-768x1335.webp 768w, https:\/\/www.chengjitoy.com\/wp-content\/uploads\/2025\/11\/details-of-magnetic-rod-vehicle-toy-2-7x12.webp 7w, https:\/\/www.chengjitoy.com\/wp-content\/uploads\/2025\/11\/details-of-magnetic-rod-vehicle-toy-2-600x1043.webp 600w\" \/><\/figure>\n\n\n\n<figure class=\"wp-block-image size-full\"><img loading=\"lazy\" decoding=\"async\" width=\"770\" height=\"1066\" sizes=\"auto, (max-width: 770px) 100vw, 770px\" src=\"https:\/\/www.chengjitoy.com\/wp-content\/uploads\/2025\/11\/details-of-magnetic-rod-vehicle-toy-3.webp\" alt=\"\" class=\"wp-image-5910\" srcset=\"https:\/\/www.chengjitoy.com\/wp-content\/uploads\/2025\/11\/details-of-magnetic-rod-vehicle-toy-3.webp 770w, https:\/\/www.chengjitoy.com\/wp-content\/uploads\/2025\/11\/details-of-magnetic-rod-vehicle-toy-3-217x300.webp 217w, https:\/\/www.chengjitoy.com\/wp-content\/uploads\/2025\/11\/details-of-magnetic-rod-vehicle-toy-3-768x1063.webp 768w, https:\/\/www.chengjitoy.com\/wp-content\/uploads\/2025\/11\/details-of-magnetic-rod-vehicle-toy-3-9x12.webp 9w, https:\/\/www.chengjitoy.com\/wp-content\/uploads\/2025\/11\/details-of-magnetic-rod-vehicle-toy-3-600x831.webp 600w\" \/><\/figure>\n\n\n\n<figure class=\"wp-block-image size-full\"><img loading=\"lazy\" decoding=\"async\" width=\"770\" height=\"615\" sizes=\"auto, (max-width: 770px) 100vw, 770px\" src=\"https:\/\/www.chengjitoy.com\/wp-content\/uploads\/2025\/11\/details-of-magnetic-rod-vehicle-toy-4.webp\" alt=\"\" class=\"wp-image-5911\" srcset=\"https:\/\/www.chengjitoy.com\/wp-content\/uploads\/2025\/11\/details-of-magnetic-rod-vehicle-toy-4.webp 770w, https:\/\/www.chengjitoy.com\/wp-content\/uploads\/2025\/11\/details-of-magnetic-rod-vehicle-toy-4-300x240.webp 300w, https:\/\/www.chengjitoy.com\/wp-content\/uploads\/2025\/11\/details-of-magnetic-rod-vehicle-toy-4-768x613.webp 768w, https:\/\/www.chengjitoy.com\/wp-content\/uploads\/2025\/11\/details-of-magnetic-rod-vehicle-toy-4-15x12.webp 15w, https:\/\/www.chengjitoy.com\/wp-content\/uploads\/2025\/11\/details-of-magnetic-rod-vehicle-toy-4-600x479.webp 600w\" \/><\/figure>\n\n\n\n<figure class=\"wp-block-image size-full\"><img loading=\"lazy\" decoding=\"async\" width=\"770\" height=\"735\" sizes=\"auto, (max-width: 770px) 100vw, 770px\" src=\"https:\/\/www.chengjitoy.com\/wp-content\/uploads\/2025\/11\/details-of-magnetic-rod-vehicle-toy-5.webp\" alt=\"\" class=\"wp-image-5912\" srcset=\"https:\/\/www.chengjitoy.com\/wp-content\/uploads\/2025\/11\/details-of-magnetic-rod-vehicle-toy-5.webp 770w, https:\/\/www.chengjitoy.com\/wp-content\/uploads\/2025\/11\/details-of-magnetic-rod-vehicle-toy-5-300x286.webp 300w, https:\/\/www.chengjitoy.com\/wp-content\/uploads\/2025\/11\/details-of-magnetic-rod-vehicle-toy-5-768x733.webp 768w, https:\/\/www.chengjitoy.com\/wp-content\/uploads\/2025\/11\/details-of-magnetic-rod-vehicle-toy-5-13x12.webp 13w, https:\/\/www.chengjitoy.com\/wp-content\/uploads\/2025\/11\/details-of-magnetic-rod-vehicle-toy-5-600x573.webp 600w\" \/><\/figure>\n\n\n\n<figure class=\"wp-block-image size-full\"><img loading=\"lazy\" decoding=\"async\" width=\"770\" height=\"779\" sizes=\"auto, (max-width: 770px) 100vw, 770px\" src=\"https:\/\/www.chengjitoy.com\/wp-content\/uploads\/2025\/11\/details-of-magnetic-rod-vehicle-toy-6.webp\" alt=\"\" class=\"wp-image-5913\" srcset=\"https:\/\/www.chengjitoy.com\/wp-content\/uploads\/2025\/11\/details-of-magnetic-rod-vehicle-toy-6.webp 770w, https:\/\/www.chengjitoy.com\/wp-content\/uploads\/2025\/11\/details-of-magnetic-rod-vehicle-toy-6-297x300.webp 297w, https:\/\/www.chengjitoy.com\/wp-content\/uploads\/2025\/11\/details-of-magnetic-rod-vehicle-toy-6-768x777.webp 768w, https:\/\/www.chengjitoy.com\/wp-content\/uploads\/2025\/11\/details-of-magnetic-rod-vehicle-toy-6-12x12.webp 12w, https:\/\/www.chengjitoy.com\/wp-content\/uploads\/2025\/11\/details-of-magnetic-rod-vehicle-toy-6-600x607.webp 600w, https:\/\/www.chengjitoy.com\/wp-content\/uploads\/2025\/11\/details-of-magnetic-rod-vehicle-toy-6-100x100.webp 100w\" \/><\/figure>\n\n\n\n<figure class=\"wp-block-image size-full\"><img loading=\"lazy\" decoding=\"async\" width=\"770\" height=\"736\" sizes=\"auto, (max-width: 770px) 100vw, 770px\" src=\"https:\/\/www.chengjitoy.com\/wp-content\/uploads\/2025\/11\/details-of-magnetic-rod-vehicle-toy-7.webp\" alt=\"\" class=\"wp-image-5914\" srcset=\"https:\/\/www.chengjitoy.com\/wp-content\/uploads\/2025\/11\/details-of-magnetic-rod-vehicle-toy-7.webp 770w, https:\/\/www.chengjitoy.com\/wp-content\/uploads\/2025\/11\/details-of-magnetic-rod-vehicle-toy-7-300x287.webp 300w, https:\/\/www.chengjitoy.com\/wp-content\/uploads\/2025\/11\/details-of-magnetic-rod-vehicle-toy-7-768x734.webp 768w, https:\/\/www.chengjitoy.com\/wp-content\/uploads\/2025\/11\/details-of-magnetic-rod-vehicle-toy-7-13x12.webp 13w, https:\/\/www.chengjitoy.com\/wp-content\/uploads\/2025\/11\/details-of-magnetic-rod-vehicle-toy-7-600x574.webp 600w\" \/><\/figure>\n<\/div>\n\n\n\n<div class=\"wp-block-column is-layout-flow wp-block-column-is-layout-flow\" style=\"flex-basis:33.33%\"><\/div>\n<\/div>\n\n\n\n<p><\/p>","protected":false},"excerpt":{"rendered":"<p>Vente en gros d'un ensemble de v\u00e9hicules \u00e0 barreaux magn\u00e9tiques ! Notre v\u00e9hicule \u00e0 tige magn\u00e9tique permet un assemblage cr\u00e9atif libre, du plus simple au plus complexe. L'ABS import\u00e9 et les aimants plaqu\u00e9s nickel aident \u00e0 stimuler une cr\u00e9ativit\u00e9 sans limite. Approvisionnement en vrac. Obtenez un prix d'usine d\u00e8s maintenant !<\/p>\n<h2>Sp\u00e9cifications du jouet v\u00e9hicule \u00e0 barreau magn\u00e9tique<\/h2>\n<table style=\"border-collapse: collapse;width: 343.52pt\" border=\"0\" width=\"458\" cellspacing=\"0\" cellpadding=\"0\">\n<tbody>\n<tr style=\"height: 19.50pt\">\n<td class=\"et2\" style=\"height: 19.50pt;width: 133.75pt\" width=\"178\" height=\"26\">Num\u00e9ro d'article :<\/td>\n<td class=\"et3\" style=\"width: 210.00pt\" width=\"280\">CJ-4007321<\/td>\n<\/tr>\n<tr style=\"height: 20.25pt\">\n<td class=\"et4\" style=\"height: 20.25pt;width: 133.75pt\" width=\"178\" height=\"27\">Paquet :<\/td>\n<td class=\"et5\" style=\"width: 210.00pt\" width=\"280\">COLOR BOX<\/td>\n<\/tr>\n<tr style=\"height: 19.50pt\">\n<td class=\"et4\" style=\"height: 19.50pt;width: 133.75pt\" width=\"178\" height=\"26\">Taille de l'emballage :<\/td>\n<td class=\"et5\" style=\"width: 210.00pt\" width=\"280\">45*33*6CM<\/td>\n<\/tr>\n<tr style=\"height: 20.25pt\">\n<td class=\"et4\" style=\"height: 20.25pt;width: 133.75pt\" width=\"178\" height=\"27\">Taille du carton\uff1a<\/td>\n<td class=\"et5\" style=\"width: 210.00pt\" width=\"280\">51*34.5*47CM<\/td>\n<\/tr>\n<tr style=\"height: 19.50pt\">\n<td class=\"et4\" style=\"height: 19.50pt;width: 133.75pt\" width=\"178\" height=\"26\">Q'ty\/Ctn :<\/td>\n<td class=\"et5\" style=\"width: 210.00pt\" width=\"280\">8\/PCS<\/td>\n<\/tr>\n<tr style=\"height: 20.25pt\">\n<td class=\"et4\" style=\"height: 20.25pt;width: 133.75pt\" width=\"178\" height=\"27\">G.W.\/N.W. :<\/td>\n<td class=\"et5\" style=\"width: 210.00pt\" width=\"280\">0\/0 KG<\/td>\n<\/tr>\n<tr style=\"height: 19.50pt\">\n<td class=\"et4\" style=\"height: 19.50pt;width: 133.75pt\" width=\"178\" height=\"26\">Mesure :<\/td>\n<td class=\"et5\" style=\"width: 210.00pt\" width=\"280\">0,08 CBM\u2019\/2,932 CUFT\u2019.\u2019<\/td>\n<\/tr>\n<\/tbody>\n<\/table>","protected":false},"featured_media":5902,"comment_status":"closed","ping_status":"closed","template":"","meta":{"_acf_changed":true},"product_brand":[],"product_cat":[30,41,104,24],"product_tag":[],"class_list":{"0":"post-5478","1":"product","2":"type-product","3":"status-publish","4":"has-post-thumbnail","6":"product_cat-wholesale-toys-for-ages-3-and-up","7":"product_cat-wholesale-blocks-and-puzzles","8":"product_cat-wholesale-diy-educational-toys","9":"product_cat-wholesale-educational-toys","11":"first","12":"instock","13":"shipping-taxable","14":"product-type-simple"},"acf":[],"_links":{"self":[{"href":"https:\/\/www.chengjitoy.com\/fr\/wp-json\/wp\/v2\/product\/5478","targetHints":{"allow":["GET"]}}],"collection":[{"href":"https:\/\/www.chengjitoy.com\/fr\/wp-json\/wp\/v2\/product"}],"about":[{"href":"https:\/\/www.chengjitoy.com\/fr\/wp-json\/wp\/v2\/types\/product"}],"replies":[{"embeddable":true,"href":"https:\/\/www.chengjitoy.com\/fr\/wp-json\/wp\/v2\/comments?post=5478"}],"wp:featuredmedia":[{"embeddable":true,"href":"https:\/\/www.chengjitoy.com\/fr\/wp-json\/wp\/v2\/media\/5902"}],"wp:attachment":[{"href":"https:\/\/www.chengjitoy.com\/fr\/wp-json\/wp\/v2\/media?parent=5478"}],"wp:term":[{"taxonomy":"product_brand","embeddable":true,"href":"https:\/\/www.chengjitoy.com\/fr\/wp-json\/wp\/v2\/product_brand?post=5478"},{"taxonomy":"product_cat","embeddable":true,"href":"https:\/\/www.chengjitoy.com\/fr\/wp-json\/wp\/v2\/product_cat?post=5478"},{"taxonomy":"product_tag","embeddable":true,"href":"https:\/\/www.chengjitoy.com\/fr\/wp-json\/wp\/v2\/product_tag?post=5478"}],"curies":[{"name":"wp","href":"https:\/\/api.w.org\/{rel}","templated":true}]}}