{"id":5741,"date":"2025-11-14T10:10:18","date_gmt":"2025-11-14T10:10:18","guid":{"rendered":"https:\/\/www.chengjitoy.com\/?post_type=product&#038;p=5741"},"modified":"2025-11-14T10:10:19","modified_gmt":"2025-11-14T10:10:19","slug":"wholesale-remote-control-dinosaur-car","status":"publish","type":"product","link":"https:\/\/www.chengjitoy.com\/fr\/product\/wholesale-remote-control-dinosaur-car\/","title":{"rendered":"Jouet de voiture dinosaure t\u00e9l\u00e9command\u00e9e \u00e0 2 voies - RC Toy"},"content":{"rendered":"<div class=\"wp-block-columns is-layout-flex wp-container-core-columns-is-layout-9d6595d7 wp-block-columns-is-layout-flex\">\n<div class=\"wp-block-column is-layout-flow wp-block-column-is-layout-flow\" style=\"flex-basis:66.66%\">\n<figure class=\"wp-block-image size-full\"><img loading=\"lazy\" decoding=\"async\" width=\"770\" height=\"1279\" sizes=\"auto, (max-width: 770px) 100vw, 770px\" src=\"https:\/\/www.chengjitoy.com\/wp-content\/uploads\/2025\/11\/details-of-Rc-two-way-dinosaur-car-1.webp\" alt=\"\" class=\"wp-image-5753\" srcset=\"https:\/\/www.chengjitoy.com\/wp-content\/uploads\/2025\/11\/details-of-Rc-two-way-dinosaur-car-1.webp 770w, https:\/\/www.chengjitoy.com\/wp-content\/uploads\/2025\/11\/details-of-Rc-two-way-dinosaur-car-1-181x300.webp 181w, https:\/\/www.chengjitoy.com\/wp-content\/uploads\/2025\/11\/details-of-Rc-two-way-dinosaur-car-1-768x1276.webp 768w, https:\/\/www.chengjitoy.com\/wp-content\/uploads\/2025\/11\/details-of-Rc-two-way-dinosaur-car-1-7x12.webp 7w, https:\/\/www.chengjitoy.com\/wp-content\/uploads\/2025\/11\/details-of-Rc-two-way-dinosaur-car-1-600x997.webp 600w\" \/><\/figure>\n\n\n\n<figure class=\"wp-block-image size-full\"><img loading=\"lazy\" decoding=\"async\" width=\"770\" height=\"1149\" sizes=\"auto, (max-width: 770px) 100vw, 770px\" src=\"https:\/\/www.chengjitoy.com\/wp-content\/uploads\/2025\/11\/details-of-Rc-two-way-dinosaur-car-2.webp\" alt=\"\" class=\"wp-image-5754\" srcset=\"https:\/\/www.chengjitoy.com\/wp-content\/uploads\/2025\/11\/details-of-Rc-two-way-dinosaur-car-2.webp 770w, https:\/\/www.chengjitoy.com\/wp-content\/uploads\/2025\/11\/details-of-Rc-two-way-dinosaur-car-2-201x300.webp 201w, https:\/\/www.chengjitoy.com\/wp-content\/uploads\/2025\/11\/details-of-Rc-two-way-dinosaur-car-2-768x1146.webp 768w, https:\/\/www.chengjitoy.com\/wp-content\/uploads\/2025\/11\/details-of-Rc-two-way-dinosaur-car-2-8x12.webp 8w, https:\/\/www.chengjitoy.com\/wp-content\/uploads\/2025\/11\/details-of-Rc-two-way-dinosaur-car-2-600x895.webp 600w\" \/><\/figure>\n\n\n\n<figure class=\"wp-block-image size-full\"><img loading=\"lazy\" decoding=\"async\" width=\"770\" height=\"1462\" sizes=\"auto, (max-width: 770px) 100vw, 770px\" src=\"https:\/\/www.chengjitoy.com\/wp-content\/uploads\/2025\/11\/details-of-Rc-two-way-dinosaur-car-3.webp\" alt=\"\" class=\"wp-image-5755\" srcset=\"https:\/\/www.chengjitoy.com\/wp-content\/uploads\/2025\/11\/details-of-Rc-two-way-dinosaur-car-3.webp 770w, https:\/\/www.chengjitoy.com\/wp-content\/uploads\/2025\/11\/details-of-Rc-two-way-dinosaur-car-3-158x300.webp 158w, https:\/\/www.chengjitoy.com\/wp-content\/uploads\/2025\/11\/details-of-Rc-two-way-dinosaur-car-3-768x1458.webp 768w, https:\/\/www.chengjitoy.com\/wp-content\/uploads\/2025\/11\/details-of-Rc-two-way-dinosaur-car-3-6x12.webp 6w, https:\/\/www.chengjitoy.com\/wp-content\/uploads\/2025\/11\/details-of-Rc-two-way-dinosaur-car-3-600x1139.webp 600w\" \/><\/figure>\n\n\n\n<figure class=\"wp-block-image size-full\"><img loading=\"lazy\" decoding=\"async\" width=\"770\" height=\"1310\" sizes=\"auto, (max-width: 770px) 100vw, 770px\" src=\"https:\/\/www.chengjitoy.com\/wp-content\/uploads\/2025\/11\/details-of-Rc-two-way-dinosaur-car-4.webp\" alt=\"\" class=\"wp-image-5756\" srcset=\"https:\/\/www.chengjitoy.com\/wp-content\/uploads\/2025\/11\/details-of-Rc-two-way-dinosaur-car-4.webp 770w, https:\/\/www.chengjitoy.com\/wp-content\/uploads\/2025\/11\/details-of-Rc-two-way-dinosaur-car-4-176x300.webp 176w, https:\/\/www.chengjitoy.com\/wp-content\/uploads\/2025\/11\/details-of-Rc-two-way-dinosaur-car-4-768x1307.webp 768w, https:\/\/www.chengjitoy.com\/wp-content\/uploads\/2025\/11\/details-of-Rc-two-way-dinosaur-car-4-7x12.webp 7w, https:\/\/www.chengjitoy.com\/wp-content\/uploads\/2025\/11\/details-of-Rc-two-way-dinosaur-car-4-600x1021.webp 600w\" \/><\/figure>\n\n\n\n<figure class=\"wp-block-image size-full\"><img loading=\"lazy\" decoding=\"async\" width=\"770\" height=\"1321\" sizes=\"auto, (max-width: 770px) 100vw, 770px\" src=\"https:\/\/www.chengjitoy.com\/wp-content\/uploads\/2025\/11\/details-of-Rc-two-way-dinosaur-car-5.webp\" alt=\"\" class=\"wp-image-5757\" srcset=\"https:\/\/www.chengjitoy.com\/wp-content\/uploads\/2025\/11\/details-of-Rc-two-way-dinosaur-car-5.webp 770w, https:\/\/www.chengjitoy.com\/wp-content\/uploads\/2025\/11\/details-of-Rc-two-way-dinosaur-car-5-175x300.webp 175w, https:\/\/www.chengjitoy.com\/wp-content\/uploads\/2025\/11\/details-of-Rc-two-way-dinosaur-car-5-768x1318.webp 768w, https:\/\/www.chengjitoy.com\/wp-content\/uploads\/2025\/11\/details-of-Rc-two-way-dinosaur-car-5-7x12.webp 7w, https:\/\/www.chengjitoy.com\/wp-content\/uploads\/2025\/11\/details-of-Rc-two-way-dinosaur-car-5-600x1029.webp 600w\" \/><\/figure>\n\n\n\n<figure class=\"wp-block-image size-full\"><img loading=\"lazy\" decoding=\"async\" width=\"770\" height=\"1446\" sizes=\"auto, (max-width: 770px) 100vw, 770px\" src=\"https:\/\/www.chengjitoy.com\/wp-content\/uploads\/2025\/11\/details-of-Rc-two-way-dinosaur-car-6.webp\" alt=\"\" class=\"wp-image-5758\" srcset=\"https:\/\/www.chengjitoy.com\/wp-content\/uploads\/2025\/11\/details-of-Rc-two-way-dinosaur-car-6.webp 770w, https:\/\/www.chengjitoy.com\/wp-content\/uploads\/2025\/11\/details-of-Rc-two-way-dinosaur-car-6-160x300.webp 160w, https:\/\/www.chengjitoy.com\/wp-content\/uploads\/2025\/11\/details-of-Rc-two-way-dinosaur-car-6-768x1442.webp 768w, https:\/\/www.chengjitoy.com\/wp-content\/uploads\/2025\/11\/details-of-Rc-two-way-dinosaur-car-6-6x12.webp 6w, https:\/\/www.chengjitoy.com\/wp-content\/uploads\/2025\/11\/details-of-Rc-two-way-dinosaur-car-6-600x1127.webp 600w\" \/><\/figure>\n\n\n\n<figure class=\"wp-block-image size-full\"><img loading=\"lazy\" decoding=\"async\" width=\"770\" height=\"934\" sizes=\"auto, (max-width: 770px) 100vw, 770px\" src=\"https:\/\/www.chengjitoy.com\/wp-content\/uploads\/2025\/11\/details-of-Rc-two-way-dinosaur-car-7.webp\" alt=\"\" class=\"wp-image-5759\" srcset=\"https:\/\/www.chengjitoy.com\/wp-content\/uploads\/2025\/11\/details-of-Rc-two-way-dinosaur-car-7.webp 770w, https:\/\/www.chengjitoy.com\/wp-content\/uploads\/2025\/11\/details-of-Rc-two-way-dinosaur-car-7-247x300.webp 247w, https:\/\/www.chengjitoy.com\/wp-content\/uploads\/2025\/11\/details-of-Rc-two-way-dinosaur-car-7-768x932.webp 768w, https:\/\/www.chengjitoy.com\/wp-content\/uploads\/2025\/11\/details-of-Rc-two-way-dinosaur-car-7-10x12.webp 10w, https:\/\/www.chengjitoy.com\/wp-content\/uploads\/2025\/11\/details-of-Rc-two-way-dinosaur-car-7-600x728.webp 600w\" \/><\/figure>\n\n\n\n<figure class=\"wp-block-image size-full\"><img loading=\"lazy\" decoding=\"async\" width=\"770\" height=\"905\" sizes=\"auto, (max-width: 770px) 100vw, 770px\" src=\"https:\/\/www.chengjitoy.com\/wp-content\/uploads\/2025\/11\/details-of-Rc-two-way-dinosaur-car-8.webp\" alt=\"\" class=\"wp-image-5760\" srcset=\"https:\/\/www.chengjitoy.com\/wp-content\/uploads\/2025\/11\/details-of-Rc-two-way-dinosaur-car-8.webp 770w, https:\/\/www.chengjitoy.com\/wp-content\/uploads\/2025\/11\/details-of-Rc-two-way-dinosaur-car-8-255x300.webp 255w, https:\/\/www.chengjitoy.com\/wp-content\/uploads\/2025\/11\/details-of-Rc-two-way-dinosaur-car-8-768x903.webp 768w, https:\/\/www.chengjitoy.com\/wp-content\/uploads\/2025\/11\/details-of-Rc-two-way-dinosaur-car-8-10x12.webp 10w, https:\/\/www.chengjitoy.com\/wp-content\/uploads\/2025\/11\/details-of-Rc-two-way-dinosaur-car-8-600x705.webp 600w\" \/><\/figure>\n\n\n\n<figure class=\"wp-block-image size-full\"><img loading=\"lazy\" decoding=\"async\" width=\"770\" height=\"1323\" sizes=\"auto, (max-width: 770px) 100vw, 770px\" src=\"https:\/\/www.chengjitoy.com\/wp-content\/uploads\/2025\/11\/details-of-Rc-two-way-dinosaur-car-9.webp\" alt=\"\" class=\"wp-image-5761\" srcset=\"https:\/\/www.chengjitoy.com\/wp-content\/uploads\/2025\/11\/details-of-Rc-two-way-dinosaur-car-9.webp 770w, https:\/\/www.chengjitoy.com\/wp-content\/uploads\/2025\/11\/details-of-Rc-two-way-dinosaur-car-9-175x300.webp 175w, https:\/\/www.chengjitoy.com\/wp-content\/uploads\/2025\/11\/details-of-Rc-two-way-dinosaur-car-9-768x1320.webp 768w, https:\/\/www.chengjitoy.com\/wp-content\/uploads\/2025\/11\/details-of-Rc-two-way-dinosaur-car-9-7x12.webp 7w, https:\/\/www.chengjitoy.com\/wp-content\/uploads\/2025\/11\/details-of-Rc-two-way-dinosaur-car-9-600x1031.webp 600w\" \/><\/figure>\n<\/div>\n\n\n\n<div class=\"wp-block-column is-layout-flow wp-block-column-is-layout-flow\" style=\"flex-basis:33.33%\"><\/div>\n<\/div>","protected":false},"excerpt":{"rendered":"<p>Voiture dinosaure RC \u00e0 2 voies en gros ! Cette voiture de dinosaure avance et tourne avec des lumi\u00e8res et des sons. Appuyez sur l'arri\u00e8re pour entendre des aboiements. Elle dispose d'un mode t\u00e9l\u00e9commande pour doubler le plaisir du jeu de r\u00f4le. Disponible en gros. Contactez nous d\u00e8s maintenant !<\/p>\n<h2>Sp\u00e9cifications de la voiture dinosaure t\u00e9l\u00e9command\u00e9e<\/h2>\n<table style=\"border-collapse: collapse; width: 343.52pt;\" border=\"0\" width=\"458\" cellspacing=\"0\" cellpadding=\"0\">\n<tbody>\n<tr style=\"height: 19.50pt;\">\n<td class=\"et2\" style=\"height: 19.50pt; width: 133.75pt;\" width=\"178\" height=\"26\">Num\u00e9ro d'article :<\/td>\n<td class=\"et3\" style=\"width: 210.00pt;\" width=\"280\">CJ-4415373<\/td>\n<\/tr>\n<tr style=\"height: 20.25pt;\">\n<td class=\"et4\" style=\"height: 20.25pt; width: 133.75pt;\" width=\"178\" height=\"27\">Paquet :<\/td>\n<td class=\"et5\" style=\"width: 210.00pt;\" width=\"280\">COLOR BOX<\/td>\n<\/tr>\n<tr style=\"height: 19.50pt;\">\n<td class=\"et4\" style=\"height: 19.50pt; width: 133.75pt;\" width=\"178\" height=\"26\">Taille de l'emballage :<\/td>\n<td class=\"et5\" style=\"width: 210.00pt;\" width=\"280\">17*12.5*11CM<\/td>\n<\/tr>\n<tr style=\"height: 20.25pt;\">\n<td class=\"et4\" style=\"height: 20.25pt; width: 133.75pt;\" width=\"178\" height=\"27\">Taille du carton\uff1a<\/td>\n<td class=\"et5\" style=\"width: 210.00pt;\" width=\"280\">53*39*46CM<\/td>\n<\/tr>\n<tr style=\"height: 19.50pt;\">\n<td class=\"et4\" style=\"height: 19.50pt; width: 133.75pt;\" width=\"178\" height=\"26\">Q'ty\/Ctn :<\/td>\n<td class=\"et5\" style=\"width: 210.00pt;\" width=\"280\">36\/PCS<\/td>\n<\/tr>\n<tr style=\"height: 20.25pt;\">\n<td class=\"et4\" style=\"height: 20.25pt; width: 133.75pt;\" width=\"178\" height=\"27\">G.W.\/N.W. :<\/td>\n<td class=\"et5\" style=\"width: 210.00pt;\" width=\"280\">15\/13.8 KG<\/td>\n<\/tr>\n<tr style=\"height: 19.50pt;\">\n<td class=\"et4\" style=\"height: 19.50pt; width: 133.75pt;\" width=\"178\" height=\"26\">Mesure :<\/td>\n<td class=\"et5\" style=\"width: 210.00pt;\" width=\"280\">0,1 CBM\u2019\/3,36 CUFT\u2019<\/td>\n<\/tr>\n<\/tbody>\n<\/table>","protected":false},"featured_media":5742,"comment_status":"closed","ping_status":"closed","template":"","meta":{"_acf_changed":true},"product_brand":[],"product_cat":[30,106,18,50,107,26],"product_tag":[],"class_list":{"0":"post-5741","1":"product","2":"type-product","3":"status-publish","4":"has-post-thumbnail","6":"product_cat-wholesale-toys-for-ages-3-and-up","7":"product_cat-wholesale-battery-operated-toys","8":"product_cat-wholesale-rc-toys","9":"product_cat-wholesale-rc-cars","10":"product_cat-wholesale-battery-operated-toy-vehicles","11":"product_cat-wholesale-toys-for-all-ages","13":"first","14":"instock","15":"shipping-taxable","16":"product-type-simple"},"acf":[],"_links":{"self":[{"href":"https:\/\/www.chengjitoy.com\/fr\/wp-json\/wp\/v2\/product\/5741","targetHints":{"allow":["GET"]}}],"collection":[{"href":"https:\/\/www.chengjitoy.com\/fr\/wp-json\/wp\/v2\/product"}],"about":[{"href":"https:\/\/www.chengjitoy.com\/fr\/wp-json\/wp\/v2\/types\/product"}],"replies":[{"embeddable":true,"href":"https:\/\/www.chengjitoy.com\/fr\/wp-json\/wp\/v2\/comments?post=5741"}],"wp:featuredmedia":[{"embeddable":true,"href":"https:\/\/www.chengjitoy.com\/fr\/wp-json\/wp\/v2\/media\/5742"}],"wp:attachment":[{"href":"https:\/\/www.chengjitoy.com\/fr\/wp-json\/wp\/v2\/media?parent=5741"}],"wp:term":[{"taxonomy":"product_brand","embeddable":true,"href":"https:\/\/www.chengjitoy.com\/fr\/wp-json\/wp\/v2\/product_brand?post=5741"},{"taxonomy":"product_cat","embeddable":true,"href":"https:\/\/www.chengjitoy.com\/fr\/wp-json\/wp\/v2\/product_cat?post=5741"},{"taxonomy":"product_tag","embeddable":true,"href":"https:\/\/www.chengjitoy.com\/fr\/wp-json\/wp\/v2\/product_tag?post=5741"}],"curies":[{"name":"wp","href":"https:\/\/api.w.org\/{rel}","templated":true}]}}