{"id":6014,"date":"2025-11-19T01:31:36","date_gmt":"2025-11-19T01:31:36","guid":{"rendered":"https:\/\/www.chengjitoy.com\/?post_type=product&#038;p=6014"},"modified":"2025-11-19T01:31:38","modified_gmt":"2025-11-19T01:31:38","slug":"wholesale-intelligent-led-microscope-toys","status":"publish","type":"product","link":"https:\/\/www.chengjitoy.com\/fr\/product\/wholesale-intelligent-led-microscope-toys\/","title":{"rendered":"Jouets Microscope en gros - Affichage HD 1000x, capable de capturer des photos\/vid\u00e9os"},"content":{"rendered":"<div class=\"wp-block-columns is-layout-flex wp-container-core-columns-is-layout-9d6595d7 wp-block-columns-is-layout-flex\">\n<div class=\"wp-block-column is-layout-flow wp-block-column-is-layout-flow\" style=\"flex-basis:66.66%\">\n<figure class=\"wp-block-image size-full\"><img loading=\"lazy\" decoding=\"async\" width=\"770\" height=\"1587\" sizes=\"auto, (max-width: 770px) 100vw, 770px\" src=\"https:\/\/www.chengjitoy.com\/wp-content\/uploads\/2025\/11\/details-of-Intelligent-LED-microscope-1.webp\" alt=\"\" class=\"wp-image-6351\" srcset=\"https:\/\/www.chengjitoy.com\/wp-content\/uploads\/2025\/11\/details-of-Intelligent-LED-microscope-1.webp 770w, https:\/\/www.chengjitoy.com\/wp-content\/uploads\/2025\/11\/details-of-Intelligent-LED-microscope-1-146x300.webp 146w, https:\/\/www.chengjitoy.com\/wp-content\/uploads\/2025\/11\/details-of-Intelligent-LED-microscope-1-768x1583.webp 768w, https:\/\/www.chengjitoy.com\/wp-content\/uploads\/2025\/11\/details-of-Intelligent-LED-microscope-1-6x12.webp 6w, https:\/\/www.chengjitoy.com\/wp-content\/uploads\/2025\/11\/details-of-Intelligent-LED-microscope-1-600x1237.webp 600w\" \/><\/figure>\n\n\n\n<figure class=\"wp-block-image size-full\"><img loading=\"lazy\" decoding=\"async\" width=\"770\" height=\"1343\" sizes=\"auto, (max-width: 770px) 100vw, 770px\" src=\"https:\/\/www.chengjitoy.com\/wp-content\/uploads\/2025\/11\/details-of-Intelligent-LED-microscope-2.webp\" alt=\"\" class=\"wp-image-6352\" srcset=\"https:\/\/www.chengjitoy.com\/wp-content\/uploads\/2025\/11\/details-of-Intelligent-LED-microscope-2.webp 770w, https:\/\/www.chengjitoy.com\/wp-content\/uploads\/2025\/11\/details-of-Intelligent-LED-microscope-2-172x300.webp 172w, https:\/\/www.chengjitoy.com\/wp-content\/uploads\/2025\/11\/details-of-Intelligent-LED-microscope-2-768x1340.webp 768w, https:\/\/www.chengjitoy.com\/wp-content\/uploads\/2025\/11\/details-of-Intelligent-LED-microscope-2-7x12.webp 7w, https:\/\/www.chengjitoy.com\/wp-content\/uploads\/2025\/11\/details-of-Intelligent-LED-microscope-2-600x1046.webp 600w\" \/><\/figure>\n\n\n\n<figure class=\"wp-block-image size-full\"><img loading=\"lazy\" decoding=\"async\" width=\"770\" height=\"1459\" sizes=\"auto, (max-width: 770px) 100vw, 770px\" src=\"https:\/\/www.chengjitoy.com\/wp-content\/uploads\/2025\/11\/details-of-Intelligent-LED-microscope-3.webp\" alt=\"\" class=\"wp-image-6353\" srcset=\"https:\/\/www.chengjitoy.com\/wp-content\/uploads\/2025\/11\/details-of-Intelligent-LED-microscope-3.webp 770w, https:\/\/www.chengjitoy.com\/wp-content\/uploads\/2025\/11\/details-of-Intelligent-LED-microscope-3-158x300.webp 158w, https:\/\/www.chengjitoy.com\/wp-content\/uploads\/2025\/11\/details-of-Intelligent-LED-microscope-3-768x1455.webp 768w, https:\/\/www.chengjitoy.com\/wp-content\/uploads\/2025\/11\/details-of-Intelligent-LED-microscope-3-6x12.webp 6w, https:\/\/www.chengjitoy.com\/wp-content\/uploads\/2025\/11\/details-of-Intelligent-LED-microscope-3-600x1137.webp 600w\" \/><\/figure>\n\n\n\n<figure class=\"wp-block-image size-full\"><img loading=\"lazy\" decoding=\"async\" width=\"770\" height=\"1090\" sizes=\"auto, (max-width: 770px) 100vw, 770px\" src=\"https:\/\/www.chengjitoy.com\/wp-content\/uploads\/2025\/11\/details-of-Intelligent-LED-microscope-4.webp\" alt=\"\" class=\"wp-image-6354\" srcset=\"https:\/\/www.chengjitoy.com\/wp-content\/uploads\/2025\/11\/details-of-Intelligent-LED-microscope-4.webp 770w, https:\/\/www.chengjitoy.com\/wp-content\/uploads\/2025\/11\/details-of-Intelligent-LED-microscope-4-212x300.webp 212w, https:\/\/www.chengjitoy.com\/wp-content\/uploads\/2025\/11\/details-of-Intelligent-LED-microscope-4-768x1087.webp 768w, https:\/\/www.chengjitoy.com\/wp-content\/uploads\/2025\/11\/details-of-Intelligent-LED-microscope-4-8x12.webp 8w, https:\/\/www.chengjitoy.com\/wp-content\/uploads\/2025\/11\/details-of-Intelligent-LED-microscope-4-600x849.webp 600w\" \/><\/figure>\n\n\n\n<figure class=\"wp-block-image size-full\"><img loading=\"lazy\" decoding=\"async\" width=\"770\" height=\"1248\" sizes=\"auto, (max-width: 770px) 100vw, 770px\" src=\"https:\/\/www.chengjitoy.com\/wp-content\/uploads\/2025\/11\/details-of-Intelligent-LED-microscope-5.webp\" alt=\"\" class=\"wp-image-6355\" srcset=\"https:\/\/www.chengjitoy.com\/wp-content\/uploads\/2025\/11\/details-of-Intelligent-LED-microscope-5.webp 770w, https:\/\/www.chengjitoy.com\/wp-content\/uploads\/2025\/11\/details-of-Intelligent-LED-microscope-5-185x300.webp 185w, https:\/\/www.chengjitoy.com\/wp-content\/uploads\/2025\/11\/details-of-Intelligent-LED-microscope-5-768x1245.webp 768w, https:\/\/www.chengjitoy.com\/wp-content\/uploads\/2025\/11\/details-of-Intelligent-LED-microscope-5-7x12.webp 7w, https:\/\/www.chengjitoy.com\/wp-content\/uploads\/2025\/11\/details-of-Intelligent-LED-microscope-5-600x972.webp 600w\" \/><\/figure>\n\n\n\n<figure class=\"wp-block-image size-full\"><img loading=\"lazy\" decoding=\"async\" width=\"770\" height=\"1567\" sizes=\"auto, (max-width: 770px) 100vw, 770px\" src=\"https:\/\/www.chengjitoy.com\/wp-content\/uploads\/2025\/11\/details-of-Intelligent-LED-microscope-6.webp\" alt=\"\" class=\"wp-image-6356\" srcset=\"https:\/\/www.chengjitoy.com\/wp-content\/uploads\/2025\/11\/details-of-Intelligent-LED-microscope-6.webp 770w, https:\/\/www.chengjitoy.com\/wp-content\/uploads\/2025\/11\/details-of-Intelligent-LED-microscope-6-147x300.webp 147w, https:\/\/www.chengjitoy.com\/wp-content\/uploads\/2025\/11\/details-of-Intelligent-LED-microscope-6-768x1563.webp 768w, https:\/\/www.chengjitoy.com\/wp-content\/uploads\/2025\/11\/details-of-Intelligent-LED-microscope-6-6x12.webp 6w, https:\/\/www.chengjitoy.com\/wp-content\/uploads\/2025\/11\/details-of-Intelligent-LED-microscope-6-600x1221.webp 600w\" \/><\/figure>\n\n\n\n<figure class=\"wp-block-image size-full\"><img loading=\"lazy\" decoding=\"async\" width=\"770\" height=\"1613\" sizes=\"auto, (max-width: 770px) 100vw, 770px\" src=\"https:\/\/www.chengjitoy.com\/wp-content\/uploads\/2025\/11\/details-of-Intelligent-LED-microscope-7.webp\" alt=\"\" class=\"wp-image-6357\" srcset=\"https:\/\/www.chengjitoy.com\/wp-content\/uploads\/2025\/11\/details-of-Intelligent-LED-microscope-7.webp 770w, https:\/\/www.chengjitoy.com\/wp-content\/uploads\/2025\/11\/details-of-Intelligent-LED-microscope-7-143x300.webp 143w, https:\/\/www.chengjitoy.com\/wp-content\/uploads\/2025\/11\/details-of-Intelligent-LED-microscope-7-768x1609.webp 768w, https:\/\/www.chengjitoy.com\/wp-content\/uploads\/2025\/11\/details-of-Intelligent-LED-microscope-7-6x12.webp 6w, https:\/\/www.chengjitoy.com\/wp-content\/uploads\/2025\/11\/details-of-Intelligent-LED-microscope-7-600x1257.webp 600w\" \/><\/figure>\n\n\n\n<figure class=\"wp-block-image size-full\"><img loading=\"lazy\" decoding=\"async\" width=\"770\" height=\"1445\" sizes=\"auto, (max-width: 770px) 100vw, 770px\" src=\"https:\/\/www.chengjitoy.com\/wp-content\/uploads\/2025\/11\/details-of-Intelligent-LED-microscope-8.webp\" alt=\"\" class=\"wp-image-6358\" srcset=\"https:\/\/www.chengjitoy.com\/wp-content\/uploads\/2025\/11\/details-of-Intelligent-LED-microscope-8.webp 770w, https:\/\/www.chengjitoy.com\/wp-content\/uploads\/2025\/11\/details-of-Intelligent-LED-microscope-8-160x300.webp 160w, https:\/\/www.chengjitoy.com\/wp-content\/uploads\/2025\/11\/details-of-Intelligent-LED-microscope-8-768x1441.webp 768w, https:\/\/www.chengjitoy.com\/wp-content\/uploads\/2025\/11\/details-of-Intelligent-LED-microscope-8-6x12.webp 6w, https:\/\/www.chengjitoy.com\/wp-content\/uploads\/2025\/11\/details-of-Intelligent-LED-microscope-8-600x1126.webp 600w\" \/><\/figure>\n\n\n\n<figure class=\"wp-block-image size-full\"><img loading=\"lazy\" decoding=\"async\" width=\"770\" height=\"1686\" sizes=\"auto, (max-width: 770px) 100vw, 770px\" src=\"https:\/\/www.chengjitoy.com\/wp-content\/uploads\/2025\/11\/details-of-Intelligent-LED-microscope-9.webp\" alt=\"\" class=\"wp-image-6359\" srcset=\"https:\/\/www.chengjitoy.com\/wp-content\/uploads\/2025\/11\/details-of-Intelligent-LED-microscope-9.webp 770w, https:\/\/www.chengjitoy.com\/wp-content\/uploads\/2025\/11\/details-of-Intelligent-LED-microscope-9-137x300.webp 137w, https:\/\/www.chengjitoy.com\/wp-content\/uploads\/2025\/11\/details-of-Intelligent-LED-microscope-9-768x1682.webp 768w, https:\/\/www.chengjitoy.com\/wp-content\/uploads\/2025\/11\/details-of-Intelligent-LED-microscope-9-5x12.webp 5w, https:\/\/www.chengjitoy.com\/wp-content\/uploads\/2025\/11\/details-of-Intelligent-LED-microscope-9-600x1314.webp 600w\" \/><\/figure>\n\n\n\n<figure class=\"wp-block-image size-full\"><img loading=\"lazy\" decoding=\"async\" width=\"770\" height=\"1082\" sizes=\"auto, (max-width: 770px) 100vw, 770px\" src=\"https:\/\/www.chengjitoy.com\/wp-content\/uploads\/2025\/11\/details-of-Intelligent-LED-microscope-10.webp\" alt=\"\" class=\"wp-image-6360\" srcset=\"https:\/\/www.chengjitoy.com\/wp-content\/uploads\/2025\/11\/details-of-Intelligent-LED-microscope-10.webp 770w, https:\/\/www.chengjitoy.com\/wp-content\/uploads\/2025\/11\/details-of-Intelligent-LED-microscope-10-213x300.webp 213w, https:\/\/www.chengjitoy.com\/wp-content\/uploads\/2025\/11\/details-of-Intelligent-LED-microscope-10-768x1079.webp 768w, https:\/\/www.chengjitoy.com\/wp-content\/uploads\/2025\/11\/details-of-Intelligent-LED-microscope-10-9x12.webp 9w, https:\/\/www.chengjitoy.com\/wp-content\/uploads\/2025\/11\/details-of-Intelligent-LED-microscope-10-600x843.webp 600w\" \/><\/figure>\n\n\n\n<figure class=\"wp-block-image size-full\"><img loading=\"lazy\" decoding=\"async\" width=\"770\" height=\"834\" sizes=\"auto, (max-width: 770px) 100vw, 770px\" src=\"https:\/\/www.chengjitoy.com\/wp-content\/uploads\/2025\/11\/details-of-Intelligent-LED-microscope-11.webp\" alt=\"\" class=\"wp-image-6361\" srcset=\"https:\/\/www.chengjitoy.com\/wp-content\/uploads\/2025\/11\/details-of-Intelligent-LED-microscope-11.webp 770w, https:\/\/www.chengjitoy.com\/wp-content\/uploads\/2025\/11\/details-of-Intelligent-LED-microscope-11-277x300.webp 277w, https:\/\/www.chengjitoy.com\/wp-content\/uploads\/2025\/11\/details-of-Intelligent-LED-microscope-11-768x832.webp 768w, https:\/\/www.chengjitoy.com\/wp-content\/uploads\/2025\/11\/details-of-Intelligent-LED-microscope-11-11x12.webp 11w, https:\/\/www.chengjitoy.com\/wp-content\/uploads\/2025\/11\/details-of-Intelligent-LED-microscope-11-600x650.webp 600w\" \/><\/figure>\n\n\n\n<figure class=\"wp-block-image size-full\"><img loading=\"lazy\" decoding=\"async\" width=\"770\" height=\"863\" sizes=\"auto, (max-width: 770px) 100vw, 770px\" src=\"https:\/\/www.chengjitoy.com\/wp-content\/uploads\/2025\/11\/details-of-Intelligent-LED-microscope-12.webp\" alt=\"\" class=\"wp-image-6362\" srcset=\"https:\/\/www.chengjitoy.com\/wp-content\/uploads\/2025\/11\/details-of-Intelligent-LED-microscope-12.webp 770w, https:\/\/www.chengjitoy.com\/wp-content\/uploads\/2025\/11\/details-of-Intelligent-LED-microscope-12-268x300.webp 268w, https:\/\/www.chengjitoy.com\/wp-content\/uploads\/2025\/11\/details-of-Intelligent-LED-microscope-12-768x861.webp 768w, https:\/\/www.chengjitoy.com\/wp-content\/uploads\/2025\/11\/details-of-Intelligent-LED-microscope-12-11x12.webp 11w, https:\/\/www.chengjitoy.com\/wp-content\/uploads\/2025\/11\/details-of-Intelligent-LED-microscope-12-600x672.webp 600w\" \/><\/figure>\n<\/div>\n\n\n\n<div class=\"wp-block-column is-layout-flow wp-block-column-is-layout-flow\" style=\"flex-basis:33.33%\"><\/div>\n<\/div>","protected":false},"excerpt":{"rendered":"<p>Vente en gros de jouets microscopiques. Microscope LED 1000x intelligent dot\u00e9 d'un \u00e9cran HD 2\u2033 lumineux pour une visualisation facile et une exploration mains libres. Avec un contr\u00f4le int\u00e9gr\u00e9 de la mise au point et un design sans glissement, les enfants peuvent observer les objets de tous les jours instantan\u00e9ment sans configuration compliqu\u00e9e. Il prend en charge 12 langues, ce qui le rend accessible aux apprenants du monde entier, et comprend la capture de photos et de vid\u00e9os pour documenter les d\u00e9couvertes et susciter une curiosit\u00e9 scientifique plus profonde.<\/p>\n<h2>Sp\u00e9cifications du microscope LED intelligent<\/h2>\n<table style=\"border-collapse: collapse; width: 343.52pt;\" border=\"0\" width=\"458\" cellspacing=\"0\" cellpadding=\"0\">\n<tbody>\n<tr style=\"height: 19.50pt;\">\n<td class=\"et2\" style=\"height: 19.50pt; width: 133.75pt;\" width=\"178\" height=\"26\">Num\u00e9ro d'article :<\/td>\n<td class=\"et3\" style=\"width: 210.00pt;\" width=\"280\">CJ-4358602<\/td>\n<\/tr>\n<tr style=\"height: 20.25pt;\">\n<td class=\"et4\" style=\"height: 20.25pt; width: 133.75pt;\" width=\"178\" height=\"27\">Paquet :<\/td>\n<td class=\"et5\" style=\"width: 210.00pt;\" width=\"280\">bo\u00eete \u00e0 couleurs<\/td>\n<\/tr>\n<tr style=\"height: 19.50pt;\">\n<td class=\"et4\" style=\"height: 19.50pt; width: 133.75pt;\" width=\"178\" height=\"26\">Taille de l'emballage :<\/td>\n<td class=\"et5\" style=\"width: 210.00pt;\" width=\"280\">16*15*6.5CM<\/td>\n<\/tr>\n<tr style=\"height: 20.25pt;\">\n<td class=\"et4\" style=\"height: 20.25pt; width: 133.75pt;\" width=\"178\" height=\"27\">Taille du carton\uff1a<\/td>\n<td class=\"et5\" style=\"width: 210.00pt;\" width=\"280\">80*34*32CM<\/td>\n<\/tr>\n<tr style=\"height: 19.50pt;\">\n<td class=\"et4\" style=\"height: 19.50pt; width: 133.75pt;\" width=\"178\" height=\"26\">Q'ty\/Ctn :<\/td>\n<td class=\"et5\" style=\"width: 210.00pt;\" width=\"280\">48\/PCS<\/td>\n<\/tr>\n<tr style=\"height: 20.25pt;\">\n<td class=\"et4\" style=\"height: 20.25pt; width: 133.75pt;\" width=\"178\" height=\"27\">G.W.\/N.W. :<\/td>\n<td class=\"et5\" style=\"width: 210.00pt;\" width=\"280\">14\/12 KG<\/td>\n<\/tr>\n<tr style=\"height: 19.50pt;\">\n<td class=\"et4\" style=\"height: 19.50pt; width: 133.75pt;\" width=\"178\" height=\"26\">Mesure :<\/td>\n<td class=\"et5\" style=\"width: 210.00pt;\" width=\"280\">0,09 CBM\u2019\/3,07 CUFT\u2019<\/td>\n<\/tr>\n<\/tbody>\n<\/table>\n<p><script src=\"chrome-extension:\/\/fpelahbljekknahkcaegamhcndkfpfnc\/iFrame.js\" type=\"text\/javascript\"><\/script><\/p>","protected":false},"featured_media":6345,"comment_status":"closed","ping_status":"closed","template":"","meta":{"_acf_changed":false},"product_brand":[],"product_cat":[30,24,44,26],"product_tag":[],"class_list":{"0":"post-6014","1":"product","2":"type-product","3":"status-publish","4":"has-post-thumbnail","6":"product_cat-wholesale-toys-for-ages-3-and-up","7":"product_cat-wholesale-educational-toys","8":"product_cat-wholesale-science-and-engineering-toys","9":"product_cat-wholesale-toys-for-all-ages","11":"first","12":"instock","13":"shipping-taxable","14":"product-type-simple"},"acf":[],"_links":{"self":[{"href":"https:\/\/www.chengjitoy.com\/fr\/wp-json\/wp\/v2\/product\/6014","targetHints":{"allow":["GET"]}}],"collection":[{"href":"https:\/\/www.chengjitoy.com\/fr\/wp-json\/wp\/v2\/product"}],"about":[{"href":"https:\/\/www.chengjitoy.com\/fr\/wp-json\/wp\/v2\/types\/product"}],"replies":[{"embeddable":true,"href":"https:\/\/www.chengjitoy.com\/fr\/wp-json\/wp\/v2\/comments?post=6014"}],"wp:featuredmedia":[{"embeddable":true,"href":"https:\/\/www.chengjitoy.com\/fr\/wp-json\/wp\/v2\/media\/6345"}],"wp:attachment":[{"href":"https:\/\/www.chengjitoy.com\/fr\/wp-json\/wp\/v2\/media?parent=6014"}],"wp:term":[{"taxonomy":"product_brand","embeddable":true,"href":"https:\/\/www.chengjitoy.com\/fr\/wp-json\/wp\/v2\/product_brand?post=6014"},{"taxonomy":"product_cat","embeddable":true,"href":"https:\/\/www.chengjitoy.com\/fr\/wp-json\/wp\/v2\/product_cat?post=6014"},{"taxonomy":"product_tag","embeddable":true,"href":"https:\/\/www.chengjitoy.com\/fr\/wp-json\/wp\/v2\/product_tag?post=6014"}],"curies":[{"name":"wp","href":"https:\/\/api.w.org\/{rel}","templated":true}]}}