{"id":6743,"date":"2025-11-27T06:57:50","date_gmt":"2025-11-27T06:57:50","guid":{"rendered":"https:\/\/www.chengjitoy.com\/?post_type=product&#038;p=6743"},"modified":"2026-02-05T03:35:35","modified_gmt":"2026-02-05T03:35:35","slug":"wholesale-nature-critter-catching-toy","status":"publish","type":"product","link":"https:\/\/www.chengjitoy.com\/fr\/product\/wholesale-nature-critter-catching-toy\/","title":{"rendered":"Jouet pour attraper les animaux sauvages \u2013 Outil d'exploration en plein air pour les enfants"},"content":{"rendered":"<div class=\"wp-block-columns is-layout-flex wp-container-core-columns-is-layout-9d6595d7 wp-block-columns-is-layout-flex\">\n<div class=\"wp-block-column is-layout-flow wp-block-column-is-layout-flow\" style=\"flex-basis:66.66%\">\n<figure class=\"wp-block-image size-full\"><img loading=\"lazy\" decoding=\"async\" width=\"770\" height=\"1633\" sizes=\"auto, (max-width: 770px) 100vw, 770px\" src=\"https:\/\/www.chengjitoy.com\/wp-content\/uploads\/2025\/11\/details-of-Straw-camping-toys-1.webp\" alt=\"\" class=\"wp-image-6749\" srcset=\"https:\/\/www.chengjitoy.com\/wp-content\/uploads\/2025\/11\/details-of-Straw-camping-toys-1.webp 770w, https:\/\/www.chengjitoy.com\/wp-content\/uploads\/2025\/11\/details-of-Straw-camping-toys-1-141x300.webp 141w, https:\/\/www.chengjitoy.com\/wp-content\/uploads\/2025\/11\/details-of-Straw-camping-toys-1-768x1629.webp 768w, https:\/\/www.chengjitoy.com\/wp-content\/uploads\/2025\/11\/details-of-Straw-camping-toys-1-6x12.webp 6w, https:\/\/www.chengjitoy.com\/wp-content\/uploads\/2025\/11\/details-of-Straw-camping-toys-1-600x1272.webp 600w\" \/><\/figure>\n\n\n\n<figure class=\"wp-block-image size-full\"><img loading=\"lazy\" decoding=\"async\" width=\"770\" height=\"1489\" sizes=\"auto, (max-width: 770px) 100vw, 770px\" src=\"https:\/\/www.chengjitoy.com\/wp-content\/uploads\/2025\/11\/details-of-Straw-camping-toys-2.webp\" alt=\"\" class=\"wp-image-6750\" srcset=\"https:\/\/www.chengjitoy.com\/wp-content\/uploads\/2025\/11\/details-of-Straw-camping-toys-2.webp 770w, https:\/\/www.chengjitoy.com\/wp-content\/uploads\/2025\/11\/details-of-Straw-camping-toys-2-155x300.webp 155w, https:\/\/www.chengjitoy.com\/wp-content\/uploads\/2025\/11\/details-of-Straw-camping-toys-2-768x1485.webp 768w, https:\/\/www.chengjitoy.com\/wp-content\/uploads\/2025\/11\/details-of-Straw-camping-toys-2-6x12.webp 6w, https:\/\/www.chengjitoy.com\/wp-content\/uploads\/2025\/11\/details-of-Straw-camping-toys-2-600x1160.webp 600w\" \/><\/figure>\n\n\n\n<figure class=\"wp-block-image size-full\"><img loading=\"lazy\" decoding=\"async\" width=\"770\" height=\"2367\" sizes=\"auto, (max-width: 770px) 100vw, 770px\" src=\"https:\/\/www.chengjitoy.com\/wp-content\/uploads\/2025\/11\/details-of-Straw-camping-toys-3.webp\" alt=\"\" class=\"wp-image-6751\" srcset=\"https:\/\/www.chengjitoy.com\/wp-content\/uploads\/2025\/11\/details-of-Straw-camping-toys-3.webp 770w, https:\/\/www.chengjitoy.com\/wp-content\/uploads\/2025\/11\/details-of-Straw-camping-toys-3-98x300.webp 98w, https:\/\/www.chengjitoy.com\/wp-content\/uploads\/2025\/11\/details-of-Straw-camping-toys-3-768x2361.webp 768w, https:\/\/www.chengjitoy.com\/wp-content\/uploads\/2025\/11\/details-of-Straw-camping-toys-3-4x12.webp 4w, https:\/\/www.chengjitoy.com\/wp-content\/uploads\/2025\/11\/details-of-Straw-camping-toys-3-600x1844.webp 600w\" \/><\/figure>\n\n\n\n<figure class=\"wp-block-image size-full\"><img loading=\"lazy\" decoding=\"async\" width=\"770\" height=\"3071\" sizes=\"auto, (max-width: 770px) 100vw, 770px\" src=\"https:\/\/www.chengjitoy.com\/wp-content\/uploads\/2025\/11\/details-of-Straw-camping-toys-4.webp\" alt=\"\" class=\"wp-image-6752\" srcset=\"https:\/\/www.chengjitoy.com\/wp-content\/uploads\/2025\/11\/details-of-Straw-camping-toys-4.webp 770w, https:\/\/www.chengjitoy.com\/wp-content\/uploads\/2025\/11\/details-of-Straw-camping-toys-4-75x300.webp 75w, https:\/\/www.chengjitoy.com\/wp-content\/uploads\/2025\/11\/details-of-Straw-camping-toys-4-768x3063.webp 768w, https:\/\/www.chengjitoy.com\/wp-content\/uploads\/2025\/11\/details-of-Straw-camping-toys-4-3x12.webp 3w, https:\/\/www.chengjitoy.com\/wp-content\/uploads\/2025\/11\/details-of-Straw-camping-toys-4-600x2393.webp 600w\" \/><\/figure>\n\n\n\n<figure class=\"wp-block-image size-full\"><img loading=\"lazy\" decoding=\"async\" width=\"770\" height=\"1963\" sizes=\"auto, (max-width: 770px) 100vw, 770px\" src=\"https:\/\/www.chengjitoy.com\/wp-content\/uploads\/2025\/11\/details-of-Straw-camping-toys-5.webp\" alt=\"\" class=\"wp-image-6753\" srcset=\"https:\/\/www.chengjitoy.com\/wp-content\/uploads\/2025\/11\/details-of-Straw-camping-toys-5.webp 770w, https:\/\/www.chengjitoy.com\/wp-content\/uploads\/2025\/11\/details-of-Straw-camping-toys-5-118x300.webp 118w, https:\/\/www.chengjitoy.com\/wp-content\/uploads\/2025\/11\/details-of-Straw-camping-toys-5-768x1958.webp 768w, https:\/\/www.chengjitoy.com\/wp-content\/uploads\/2025\/11\/details-of-Straw-camping-toys-5-5x12.webp 5w, https:\/\/www.chengjitoy.com\/wp-content\/uploads\/2025\/11\/details-of-Straw-camping-toys-5-600x1530.webp 600w\" \/><\/figure>\n\n\n\n<figure class=\"wp-block-image size-full\"><img loading=\"lazy\" decoding=\"async\" width=\"770\" height=\"3099\" sizes=\"auto, (max-width: 770px) 100vw, 770px\" src=\"https:\/\/www.chengjitoy.com\/wp-content\/uploads\/2025\/11\/details-of-Straw-camping-toys-6.webp\" alt=\"\" class=\"wp-image-6754\" srcset=\"https:\/\/www.chengjitoy.com\/wp-content\/uploads\/2025\/11\/details-of-Straw-camping-toys-6.webp 770w, https:\/\/www.chengjitoy.com\/wp-content\/uploads\/2025\/11\/details-of-Straw-camping-toys-6-768x3091.webp 768w, https:\/\/www.chengjitoy.com\/wp-content\/uploads\/2025\/11\/details-of-Straw-camping-toys-6-3x12.webp 3w, https:\/\/www.chengjitoy.com\/wp-content\/uploads\/2025\/11\/details-of-Straw-camping-toys-6-600x2415.webp 600w\" \/><\/figure>\n\n\n\n<figure class=\"wp-block-image size-full\"><img loading=\"lazy\" decoding=\"async\" width=\"770\" height=\"1397\" sizes=\"auto, (max-width: 770px) 100vw, 770px\" src=\"https:\/\/www.chengjitoy.com\/wp-content\/uploads\/2025\/11\/details-of-Straw-camping-toys-7.webp\" alt=\"\" class=\"wp-image-6755\" srcset=\"https:\/\/www.chengjitoy.com\/wp-content\/uploads\/2025\/11\/details-of-Straw-camping-toys-7.webp 770w, https:\/\/www.chengjitoy.com\/wp-content\/uploads\/2025\/11\/details-of-Straw-camping-toys-7-165x300.webp 165w, https:\/\/www.chengjitoy.com\/wp-content\/uploads\/2025\/11\/details-of-Straw-camping-toys-7-768x1393.webp 768w, https:\/\/www.chengjitoy.com\/wp-content\/uploads\/2025\/11\/details-of-Straw-camping-toys-7-7x12.webp 7w, https:\/\/www.chengjitoy.com\/wp-content\/uploads\/2025\/11\/details-of-Straw-camping-toys-7-600x1089.webp 600w\" \/><\/figure>\n\n\n\n<figure class=\"wp-block-image size-full\"><img loading=\"lazy\" decoding=\"async\" width=\"770\" height=\"737\" sizes=\"auto, (max-width: 770px) 100vw, 770px\" src=\"https:\/\/www.chengjitoy.com\/wp-content\/uploads\/2025\/11\/details-of-Straw-camping-toys-8.webp\" alt=\"\" class=\"wp-image-6756\" srcset=\"https:\/\/www.chengjitoy.com\/wp-content\/uploads\/2025\/11\/details-of-Straw-camping-toys-8.webp 770w, https:\/\/www.chengjitoy.com\/wp-content\/uploads\/2025\/11\/details-of-Straw-camping-toys-8-300x287.webp 300w, https:\/\/www.chengjitoy.com\/wp-content\/uploads\/2025\/11\/details-of-Straw-camping-toys-8-768x735.webp 768w, https:\/\/www.chengjitoy.com\/wp-content\/uploads\/2025\/11\/details-of-Straw-camping-toys-8-13x12.webp 13w, https:\/\/www.chengjitoy.com\/wp-content\/uploads\/2025\/11\/details-of-Straw-camping-toys-8-600x574.webp 600w\" \/><\/figure>\n\n\n\n<figure class=\"wp-block-image size-full\"><img loading=\"lazy\" decoding=\"async\" width=\"770\" height=\"608\" sizes=\"auto, (max-width: 770px) 100vw, 770px\" src=\"https:\/\/www.chengjitoy.com\/wp-content\/uploads\/2025\/11\/details-of-Straw-camping-toys-9.webp\" alt=\"\" class=\"wp-image-6757\" srcset=\"https:\/\/www.chengjitoy.com\/wp-content\/uploads\/2025\/11\/details-of-Straw-camping-toys-9.webp 770w, https:\/\/www.chengjitoy.com\/wp-content\/uploads\/2025\/11\/details-of-Straw-camping-toys-9-300x237.webp 300w, https:\/\/www.chengjitoy.com\/wp-content\/uploads\/2025\/11\/details-of-Straw-camping-toys-9-768x606.webp 768w, https:\/\/www.chengjitoy.com\/wp-content\/uploads\/2025\/11\/details-of-Straw-camping-toys-9-15x12.webp 15w, https:\/\/www.chengjitoy.com\/wp-content\/uploads\/2025\/11\/details-of-Straw-camping-toys-9-600x474.webp 600w\" \/><\/figure>\n<\/div>\n\n\n\n<div class=\"wp-block-column is-layout-flow wp-block-column-is-layout-flow\" style=\"flex-basis:33.33%\"><\/div>\n<\/div>","protected":false},"excerpt":{"rendered":"<p>Jouet pour attraper les animaux sauvages vendu en gros. Il est fabriqu\u00e9 \u00e0 partir de bioplastique \u00e0 base de paille de bl\u00e9, non toxique et respectueux de l'environnement, permettant aux enfants de jouer en toute s\u00e9curit\u00e9 dans la nature.<\/p>\n<p>En tant que\u00a0<strong><a href=\"https:\/\/www.chengjitoy.com\/fr\/categorie-produit\/wholesale-educational-toys\/\">fabricant de jouets \u00e9ducatifs<\/a>,<\/strong>\u00a0Chengji est disponible pour traiter les commandes en gros. Contactez-nous d\u00e8s maintenant !<\/p>\n<h2>Caract\u00e9ristiques techniques du jouet pour attraper les animaux sauvages<\/h2>\n<table style=\"border-collapse: collapse;width: 343.52pt\" border=\"0\" width=\"458\" cellspacing=\"0\" cellpadding=\"0\">\n<tbody>\n<tr style=\"height: 19.50pt\">\n<td class=\"et2\" style=\"height: 19.50pt;width: 133.75pt\" width=\"178\" height=\"26\">Num\u00e9ro d'article :<\/td>\n<td class=\"et3\" style=\"width: 210.00pt\" width=\"280\">CJ-4279398<\/td>\n<\/tr>\n<tr style=\"height: 20.25pt\">\n<td class=\"et4\" style=\"height: 20.25pt;width: 133.75pt\" width=\"178\" height=\"27\">Paquet :<\/td>\n<td class=\"et5\" style=\"width: 210.00pt\" width=\"280\">BO\u00ceTE DE FEN\u00caTRE<\/td>\n<\/tr>\n<tr style=\"height: 19.50pt\">\n<td class=\"et4\" style=\"height: 19.50pt;width: 133.75pt\" width=\"178\" height=\"26\">Taille de l'emballage :<\/td>\n<td class=\"et5\" style=\"width: 210.00pt\" width=\"280\">48,8 x 11,8 x 35,5 cm<\/td>\n<\/tr>\n<tr style=\"height: 20.25pt\">\n<td class=\"et4\" style=\"height: 20.25pt;width: 133.75pt\" width=\"178\" height=\"27\">Taille du carton\uff1a<\/td>\n<td class=\"et5\" style=\"width: 210.00pt\" width=\"280\">72 x 51 x 73 cm<\/td>\n<\/tr>\n<tr style=\"height: 19.50pt\">\n<td class=\"et4\" style=\"height: 19.50pt;width: 133.75pt\" width=\"178\" height=\"26\">Q'ty\/Ctn :<\/td>\n<td class=\"et5\" style=\"width: 210.00pt\" width=\"280\">16\/PCS<\/td>\n<\/tr>\n<tr style=\"height: 20.25pt\">\n<td class=\"et4\" style=\"height: 20.25pt;width: 133.75pt\" width=\"178\" height=\"27\">G.W.\/N.W. :<\/td>\n<td class=\"et5\" style=\"width: 210.00pt\" width=\"280\">25\/23 kg<\/td>\n<\/tr>\n<tr style=\"height: 19.50pt\">\n<td class=\"et4\" style=\"height: 19.50pt;width: 133.75pt\" width=\"178\" height=\"26\">Mesure :<\/td>\n<td class=\"et5\" style=\"width: 210.00pt\" width=\"280\">0,27 m\u00b3\/9,46 pieds cubes\u2019<\/td>\n<\/tr>\n<\/tbody>\n<\/table>","protected":false},"featured_media":6744,"comment_status":"closed","ping_status":"closed","template":"","meta":{"_acf_changed":true},"product_brand":[],"product_cat":[26,30,24,44],"product_tag":[],"class_list":{"0":"post-6743","1":"product","2":"type-product","3":"status-publish","4":"has-post-thumbnail","6":"product_cat-wholesale-toys-for-all-ages","7":"product_cat-wholesale-toys-for-ages-3-and-up","8":"product_cat-wholesale-educational-toys","9":"product_cat-wholesale-science-and-engineering-toys","11":"first","12":"instock","13":"shipping-taxable","14":"product-type-simple"},"acf":[],"_links":{"self":[{"href":"https:\/\/www.chengjitoy.com\/fr\/wp-json\/wp\/v2\/product\/6743","targetHints":{"allow":["GET"]}}],"collection":[{"href":"https:\/\/www.chengjitoy.com\/fr\/wp-json\/wp\/v2\/product"}],"about":[{"href":"https:\/\/www.chengjitoy.com\/fr\/wp-json\/wp\/v2\/types\/product"}],"replies":[{"embeddable":true,"href":"https:\/\/www.chengjitoy.com\/fr\/wp-json\/wp\/v2\/comments?post=6743"}],"wp:featuredmedia":[{"embeddable":true,"href":"https:\/\/www.chengjitoy.com\/fr\/wp-json\/wp\/v2\/media\/6744"}],"wp:attachment":[{"href":"https:\/\/www.chengjitoy.com\/fr\/wp-json\/wp\/v2\/media?parent=6743"}],"wp:term":[{"taxonomy":"product_brand","embeddable":true,"href":"https:\/\/www.chengjitoy.com\/fr\/wp-json\/wp\/v2\/product_brand?post=6743"},{"taxonomy":"product_cat","embeddable":true,"href":"https:\/\/www.chengjitoy.com\/fr\/wp-json\/wp\/v2\/product_cat?post=6743"},{"taxonomy":"product_tag","embeddable":true,"href":"https:\/\/www.chengjitoy.com\/fr\/wp-json\/wp\/v2\/product_tag?post=6743"}],"curies":[{"name":"wp","href":"https:\/\/api.w.org\/{rel}","templated":true}]}}