{"id":6851,"date":"2025-12-04T06:54:42","date_gmt":"2025-12-04T06:54:42","guid":{"rendered":"https:\/\/www.chengjitoy.com\/?post_type=product&#038;p=6851"},"modified":"2025-12-04T06:54:42","modified_gmt":"2025-12-04T06:54:42","slug":"bulk-mechanical-gear-building-block-toy","status":"publish","type":"product","link":"https:\/\/www.chengjitoy.com\/fr\/product\/bulk-mechanical-gear-building-block-toy\/","title":{"rendered":"Bulk Mechanical Gear Building Block Toy Supply &#8211; Educational Toy, Battery-Powered Toy"},"content":{"rendered":"<div class=\"wp-block-columns is-layout-flex wp-container-core-columns-is-layout-9d6595d7 wp-block-columns-is-layout-flex\">\n<div class=\"wp-block-column is-layout-flow wp-block-column-is-layout-flow\" style=\"flex-basis:66.66%\">\n<figure class=\"wp-block-image size-full\"><img loading=\"lazy\" decoding=\"async\" width=\"770\" height=\"1387\" sizes=\"auto, (max-width: 770px) 100vw, 770px\" src=\"https:\/\/www.chengjitoy.com\/wp-content\/uploads\/2025\/11\/details-of-mechanical-gear-building-blcok-toy-1.webp\" alt=\"\" class=\"wp-image-6920\" srcset=\"https:\/\/www.chengjitoy.com\/wp-content\/uploads\/2025\/11\/details-of-mechanical-gear-building-blcok-toy-1.webp 770w, https:\/\/www.chengjitoy.com\/wp-content\/uploads\/2025\/11\/details-of-mechanical-gear-building-blcok-toy-1-167x300.webp 167w, https:\/\/www.chengjitoy.com\/wp-content\/uploads\/2025\/11\/details-of-mechanical-gear-building-blcok-toy-1-768x1383.webp 768w, https:\/\/www.chengjitoy.com\/wp-content\/uploads\/2025\/11\/details-of-mechanical-gear-building-blcok-toy-1-7x12.webp 7w, https:\/\/www.chengjitoy.com\/wp-content\/uploads\/2025\/11\/details-of-mechanical-gear-building-blcok-toy-1-600x1081.webp 600w\" \/><\/figure>\n\n\n\n<figure class=\"wp-block-image size-full\"><img loading=\"lazy\" decoding=\"async\" width=\"770\" height=\"911\" sizes=\"auto, (max-width: 770px) 100vw, 770px\" src=\"https:\/\/www.chengjitoy.com\/wp-content\/uploads\/2025\/11\/details-of-mechanical-gear-building-blcok-toy-2.webp\" alt=\"\" class=\"wp-image-6921\" srcset=\"https:\/\/www.chengjitoy.com\/wp-content\/uploads\/2025\/11\/details-of-mechanical-gear-building-blcok-toy-2.webp 770w, https:\/\/www.chengjitoy.com\/wp-content\/uploads\/2025\/11\/details-of-mechanical-gear-building-blcok-toy-2-254x300.webp 254w, https:\/\/www.chengjitoy.com\/wp-content\/uploads\/2025\/11\/details-of-mechanical-gear-building-blcok-toy-2-768x909.webp 768w, https:\/\/www.chengjitoy.com\/wp-content\/uploads\/2025\/11\/details-of-mechanical-gear-building-blcok-toy-2-10x12.webp 10w, https:\/\/www.chengjitoy.com\/wp-content\/uploads\/2025\/11\/details-of-mechanical-gear-building-blcok-toy-2-600x710.webp 600w\" \/><\/figure>\n\n\n\n<figure class=\"wp-block-image size-full\"><img loading=\"lazy\" decoding=\"async\" width=\"770\" height=\"1479\" sizes=\"auto, (max-width: 770px) 100vw, 770px\" src=\"https:\/\/www.chengjitoy.com\/wp-content\/uploads\/2025\/11\/details-of-mechanical-gear-building-blcok-toy-3.webp\" alt=\"\" class=\"wp-image-6922\" srcset=\"https:\/\/www.chengjitoy.com\/wp-content\/uploads\/2025\/11\/details-of-mechanical-gear-building-blcok-toy-3.webp 770w, https:\/\/www.chengjitoy.com\/wp-content\/uploads\/2025\/11\/details-of-mechanical-gear-building-blcok-toy-3-156x300.webp 156w, https:\/\/www.chengjitoy.com\/wp-content\/uploads\/2025\/11\/details-of-mechanical-gear-building-blcok-toy-3-768x1475.webp 768w, https:\/\/www.chengjitoy.com\/wp-content\/uploads\/2025\/11\/details-of-mechanical-gear-building-blcok-toy-3-6x12.webp 6w, https:\/\/www.chengjitoy.com\/wp-content\/uploads\/2025\/11\/details-of-mechanical-gear-building-blcok-toy-3-600x1152.webp 600w\" \/><\/figure>\n\n\n\n<figure class=\"wp-block-image size-full\"><img loading=\"lazy\" decoding=\"async\" width=\"770\" height=\"1345\" sizes=\"auto, (max-width: 770px) 100vw, 770px\" src=\"https:\/\/www.chengjitoy.com\/wp-content\/uploads\/2025\/11\/details-of-mechanical-gear-building-blcok-toy-4.webp\" alt=\"\" class=\"wp-image-6923\" srcset=\"https:\/\/www.chengjitoy.com\/wp-content\/uploads\/2025\/11\/details-of-mechanical-gear-building-blcok-toy-4.webp 770w, https:\/\/www.chengjitoy.com\/wp-content\/uploads\/2025\/11\/details-of-mechanical-gear-building-blcok-toy-4-172x300.webp 172w, https:\/\/www.chengjitoy.com\/wp-content\/uploads\/2025\/11\/details-of-mechanical-gear-building-blcok-toy-4-768x1342.webp 768w, https:\/\/www.chengjitoy.com\/wp-content\/uploads\/2025\/11\/details-of-mechanical-gear-building-blcok-toy-4-7x12.webp 7w, https:\/\/www.chengjitoy.com\/wp-content\/uploads\/2025\/11\/details-of-mechanical-gear-building-blcok-toy-4-600x1048.webp 600w\" \/><\/figure>\n\n\n\n<figure class=\"wp-block-image size-full\"><img loading=\"lazy\" decoding=\"async\" width=\"770\" height=\"1747\" sizes=\"auto, (max-width: 770px) 100vw, 770px\" src=\"https:\/\/www.chengjitoy.com\/wp-content\/uploads\/2025\/11\/details-of-mechanical-gear-building-blcok-toy-5.webp\" alt=\"\" class=\"wp-image-6924\" srcset=\"https:\/\/www.chengjitoy.com\/wp-content\/uploads\/2025\/11\/details-of-mechanical-gear-building-blcok-toy-5.webp 770w, https:\/\/www.chengjitoy.com\/wp-content\/uploads\/2025\/11\/details-of-mechanical-gear-building-blcok-toy-5-132x300.webp 132w, https:\/\/www.chengjitoy.com\/wp-content\/uploads\/2025\/11\/details-of-mechanical-gear-building-blcok-toy-5-768x1742.webp 768w, https:\/\/www.chengjitoy.com\/wp-content\/uploads\/2025\/11\/details-of-mechanical-gear-building-blcok-toy-5-5x12.webp 5w, https:\/\/www.chengjitoy.com\/wp-content\/uploads\/2025\/11\/details-of-mechanical-gear-building-blcok-toy-5-600x1361.webp 600w\" \/><\/figure>\n\n\n\n<figure class=\"wp-block-image size-full\"><img loading=\"lazy\" decoding=\"async\" width=\"770\" height=\"1748\" sizes=\"auto, (max-width: 770px) 100vw, 770px\" src=\"https:\/\/www.chengjitoy.com\/wp-content\/uploads\/2025\/11\/details-of-mechanical-gear-building-blcok-toy-6.webp\" alt=\"\" class=\"wp-image-6925\" srcset=\"https:\/\/www.chengjitoy.com\/wp-content\/uploads\/2025\/11\/details-of-mechanical-gear-building-blcok-toy-6.webp 770w, https:\/\/www.chengjitoy.com\/wp-content\/uploads\/2025\/11\/details-of-mechanical-gear-building-blcok-toy-6-132x300.webp 132w, https:\/\/www.chengjitoy.com\/wp-content\/uploads\/2025\/11\/details-of-mechanical-gear-building-blcok-toy-6-768x1743.webp 768w, https:\/\/www.chengjitoy.com\/wp-content\/uploads\/2025\/11\/details-of-mechanical-gear-building-blcok-toy-6-5x12.webp 5w, https:\/\/www.chengjitoy.com\/wp-content\/uploads\/2025\/11\/details-of-mechanical-gear-building-blcok-toy-6-600x1362.webp 600w\" \/><\/figure>\n\n\n\n<figure class=\"wp-block-image size-full\"><img loading=\"lazy\" decoding=\"async\" width=\"770\" height=\"1400\" sizes=\"auto, (max-width: 770px) 100vw, 770px\" src=\"https:\/\/www.chengjitoy.com\/wp-content\/uploads\/2025\/11\/details-of-mechanical-gear-building-blcok-toy-7.webp\" alt=\"\" class=\"wp-image-6926\" srcset=\"https:\/\/www.chengjitoy.com\/wp-content\/uploads\/2025\/11\/details-of-mechanical-gear-building-blcok-toy-7.webp 770w, https:\/\/www.chengjitoy.com\/wp-content\/uploads\/2025\/11\/details-of-mechanical-gear-building-blcok-toy-7-165x300.webp 165w, https:\/\/www.chengjitoy.com\/wp-content\/uploads\/2025\/11\/details-of-mechanical-gear-building-blcok-toy-7-768x1396.webp 768w, https:\/\/www.chengjitoy.com\/wp-content\/uploads\/2025\/11\/details-of-mechanical-gear-building-blcok-toy-7-7x12.webp 7w, https:\/\/www.chengjitoy.com\/wp-content\/uploads\/2025\/11\/details-of-mechanical-gear-building-blcok-toy-7-600x1091.webp 600w\" \/><\/figure>\n\n\n\n<figure class=\"wp-block-image size-full\"><img loading=\"lazy\" decoding=\"async\" width=\"770\" height=\"2360\" sizes=\"auto, (max-width: 770px) 100vw, 770px\" src=\"https:\/\/www.chengjitoy.com\/wp-content\/uploads\/2025\/11\/details-of-mechanical-gear-building-blcok-toy-8.webp\" alt=\"\" class=\"wp-image-6927\" srcset=\"https:\/\/www.chengjitoy.com\/wp-content\/uploads\/2025\/11\/details-of-mechanical-gear-building-blcok-toy-8.webp 770w, https:\/\/www.chengjitoy.com\/wp-content\/uploads\/2025\/11\/details-of-mechanical-gear-building-blcok-toy-8-98x300.webp 98w, https:\/\/www.chengjitoy.com\/wp-content\/uploads\/2025\/11\/details-of-mechanical-gear-building-blcok-toy-8-768x2354.webp 768w, https:\/\/www.chengjitoy.com\/wp-content\/uploads\/2025\/11\/details-of-mechanical-gear-building-blcok-toy-8-4x12.webp 4w, https:\/\/www.chengjitoy.com\/wp-content\/uploads\/2025\/11\/details-of-mechanical-gear-building-blcok-toy-8-600x1839.webp 600w\" \/><\/figure>\n\n\n\n<figure class=\"wp-block-image size-full\"><img loading=\"lazy\" decoding=\"async\" width=\"770\" height=\"1523\" sizes=\"auto, (max-width: 770px) 100vw, 770px\" src=\"https:\/\/www.chengjitoy.com\/wp-content\/uploads\/2025\/11\/details-of-mechanical-gear-building-blcok-toy-9.webp\" alt=\"\" class=\"wp-image-6928\" srcset=\"https:\/\/www.chengjitoy.com\/wp-content\/uploads\/2025\/11\/details-of-mechanical-gear-building-blcok-toy-9.webp 770w, https:\/\/www.chengjitoy.com\/wp-content\/uploads\/2025\/11\/details-of-mechanical-gear-building-blcok-toy-9-152x300.webp 152w, https:\/\/www.chengjitoy.com\/wp-content\/uploads\/2025\/11\/details-of-mechanical-gear-building-blcok-toy-9-768x1519.webp 768w, https:\/\/www.chengjitoy.com\/wp-content\/uploads\/2025\/11\/details-of-mechanical-gear-building-blcok-toy-9-6x12.webp 6w, https:\/\/www.chengjitoy.com\/wp-content\/uploads\/2025\/11\/details-of-mechanical-gear-building-blcok-toy-9-600x1187.webp 600w\" \/><\/figure>\n\n\n\n<figure class=\"wp-block-image size-full\"><img loading=\"lazy\" decoding=\"async\" width=\"770\" height=\"1608\" sizes=\"auto, (max-width: 770px) 100vw, 770px\" src=\"https:\/\/www.chengjitoy.com\/wp-content\/uploads\/2025\/11\/details-of-mechanical-gear-building-blcok-toy-10.webp\" alt=\"\" class=\"wp-image-6929\" srcset=\"https:\/\/www.chengjitoy.com\/wp-content\/uploads\/2025\/11\/details-of-mechanical-gear-building-blcok-toy-10.webp 770w, https:\/\/www.chengjitoy.com\/wp-content\/uploads\/2025\/11\/details-of-mechanical-gear-building-blcok-toy-10-144x300.webp 144w, https:\/\/www.chengjitoy.com\/wp-content\/uploads\/2025\/11\/details-of-mechanical-gear-building-blcok-toy-10-768x1604.webp 768w, https:\/\/www.chengjitoy.com\/wp-content\/uploads\/2025\/11\/details-of-mechanical-gear-building-blcok-toy-10-6x12.webp 6w, https:\/\/www.chengjitoy.com\/wp-content\/uploads\/2025\/11\/details-of-mechanical-gear-building-blcok-toy-10-600x1253.webp 600w\" \/><\/figure>\n\n\n\n<figure class=\"wp-block-image size-full\"><img loading=\"lazy\" decoding=\"async\" width=\"770\" height=\"855\" sizes=\"auto, (max-width: 770px) 100vw, 770px\" src=\"https:\/\/www.chengjitoy.com\/wp-content\/uploads\/2025\/11\/details-of-mechanical-gear-building-blcok-toy-11.webp\" alt=\"\" class=\"wp-image-6930\" srcset=\"https:\/\/www.chengjitoy.com\/wp-content\/uploads\/2025\/11\/details-of-mechanical-gear-building-blcok-toy-11.webp 770w, https:\/\/www.chengjitoy.com\/wp-content\/uploads\/2025\/11\/details-of-mechanical-gear-building-blcok-toy-11-270x300.webp 270w, https:\/\/www.chengjitoy.com\/wp-content\/uploads\/2025\/11\/details-of-mechanical-gear-building-blcok-toy-11-768x853.webp 768w, https:\/\/www.chengjitoy.com\/wp-content\/uploads\/2025\/11\/details-of-mechanical-gear-building-blcok-toy-11-11x12.webp 11w, https:\/\/www.chengjitoy.com\/wp-content\/uploads\/2025\/11\/details-of-mechanical-gear-building-blcok-toy-11-600x666.webp 600w\" \/><\/figure>\n<\/div>\n\n\n\n<div class=\"wp-block-column is-layout-flow wp-block-column-is-layout-flow\" style=\"flex-basis:33.33%\"><\/div>\n<\/div>","protected":false},"excerpt":{"rendered":"<p>Jouet de construction \u00e0 engrenage m\u00e9canique en gros. Ce jouet \u00e0 piles est un jeu de construction r\u00e9volutionnaire et cr\u00e9atif avec des outils tournevis, qui d\u00e9veloppe la capacit\u00e9 de r\u00e9flexion, la dext\u00e9rit\u00e9 et la cr\u00e9ativit\u00e9 des enfants.<\/p>\n<p>\u00catre un <a href=\"https:\/\/www.chengjitoy.com\/fr\/categorie-produit\/wholesale-educational-toys\/\"><strong>fournisseur de jouets \u00e9ducatifs<\/strong><\/a>, Chengji peut prendre en charge les achats de jouets en gros. Contactez nous d\u00e8s maintenant !<\/p>\n<h2>Sp\u00e9cifications du jouet de construction en forme d'engrenage m\u00e9canique<\/h2>\n<table style=\"border-collapse: collapse; width: 343.52pt;\" border=\"0\" width=\"458\" cellspacing=\"0\" cellpadding=\"0\">\n<tbody>\n<tr style=\"height: 19.50pt;\">\n<td class=\"et2\" style=\"height: 19.50pt; width: 133.75pt;\" width=\"178\" height=\"26\">Num\u00e9ro d'article :<\/td>\n<td class=\"et3\" style=\"width: 210.00pt;\" width=\"280\">CJ-4318586<\/td>\n<\/tr>\n<tr style=\"height: 20.25pt;\">\n<td class=\"et4\" style=\"height: 20.25pt; width: 133.75pt;\" width=\"178\" height=\"27\">Paquet :<\/td>\n<td class=\"et5\" style=\"width: 210.00pt;\" width=\"280\">COLOR BOX<\/td>\n<\/tr>\n<tr style=\"height: 19.50pt;\">\n<td class=\"et4\" style=\"height: 19.50pt; width: 133.75pt;\" width=\"178\" height=\"26\">Taille de l'emballage :<\/td>\n<td class=\"et5\" style=\"width: 210.00pt;\" width=\"280\">22*12*16CM<\/td>\n<\/tr>\n<tr style=\"height: 20.25pt;\">\n<td class=\"et4\" style=\"height: 20.25pt; width: 133.75pt;\" width=\"178\" height=\"27\">Taille du carton\uff1a<\/td>\n<td class=\"et5\" style=\"width: 210.00pt;\" width=\"280\">51*46*48CM<\/td>\n<\/tr>\n<tr style=\"height: 19.50pt;\">\n<td class=\"et4\" style=\"height: 19.50pt; width: 133.75pt;\" width=\"178\" height=\"26\">Q'ty\/Ctn :<\/td>\n<td class=\"et5\" style=\"width: 210.00pt;\" width=\"280\">24\/PCS<\/td>\n<\/tr>\n<tr style=\"height: 20.25pt;\">\n<td class=\"et4\" style=\"height: 20.25pt; width: 133.75pt;\" width=\"178\" height=\"27\">G.W.\/N.W. :<\/td>\n<td class=\"et5\" style=\"width: 210.00pt;\" width=\"280\">21\/19,5 KG<\/td>\n<\/tr>\n<tr style=\"height: 19.50pt;\">\n<td class=\"et4\" style=\"height: 19.50pt; width: 133.75pt;\" width=\"178\" height=\"26\">Mesure :<\/td>\n<td class=\"et5\" style=\"width: 210.00pt;\" width=\"280\">0.113 CBM\u2019\/3.974 CUFT\u2019<\/td>\n<\/tr>\n<\/tbody>\n<\/table>","protected":false},"featured_media":6909,"comment_status":"closed","ping_status":"closed","template":"","meta":{"_acf_changed":true},"product_brand":[],"product_cat":[26,30,106,41,24,107],"product_tag":[],"class_list":{"0":"post-6851","1":"product","2":"type-product","3":"status-publish","4":"has-post-thumbnail","6":"product_cat-wholesale-toys-for-all-ages","7":"product_cat-wholesale-toys-for-ages-3-and-up","8":"product_cat-wholesale-battery-operated-toys","9":"product_cat-wholesale-blocks-and-puzzles","10":"product_cat-wholesale-educational-toys","11":"product_cat-wholesale-battery-operated-toy-vehicles","13":"first","14":"instock","15":"shipping-taxable","16":"product-type-simple"},"acf":[],"_links":{"self":[{"href":"https:\/\/www.chengjitoy.com\/fr\/wp-json\/wp\/v2\/product\/6851","targetHints":{"allow":["GET"]}}],"collection":[{"href":"https:\/\/www.chengjitoy.com\/fr\/wp-json\/wp\/v2\/product"}],"about":[{"href":"https:\/\/www.chengjitoy.com\/fr\/wp-json\/wp\/v2\/types\/product"}],"replies":[{"embeddable":true,"href":"https:\/\/www.chengjitoy.com\/fr\/wp-json\/wp\/v2\/comments?post=6851"}],"wp:featuredmedia":[{"embeddable":true,"href":"https:\/\/www.chengjitoy.com\/fr\/wp-json\/wp\/v2\/media\/6909"}],"wp:attachment":[{"href":"https:\/\/www.chengjitoy.com\/fr\/wp-json\/wp\/v2\/media?parent=6851"}],"wp:term":[{"taxonomy":"product_brand","embeddable":true,"href":"https:\/\/www.chengjitoy.com\/fr\/wp-json\/wp\/v2\/product_brand?post=6851"},{"taxonomy":"product_cat","embeddable":true,"href":"https:\/\/www.chengjitoy.com\/fr\/wp-json\/wp\/v2\/product_cat?post=6851"},{"taxonomy":"product_tag","embeddable":true,"href":"https:\/\/www.chengjitoy.com\/fr\/wp-json\/wp\/v2\/product_tag?post=6851"}],"curies":[{"name":"wp","href":"https:\/\/api.w.org\/{rel}","templated":true}]}}